{"id":101,"date":"2021-03-02T19:58:38","date_gmt":"2021-03-02T17:58:38","guid":{"rendered":"https:\/\/satchel-eu-new.devlab69.com\/?page_id=101"},"modified":"2025-12-08T14:18:56","modified_gmt":"2025-12-08T12:18:56","slug":"general-information","status":"publish","type":"page","link":"https:\/\/satchel.eu\/de\/faq\/general-information\/","title":{"rendered":"Allgemeine Fragen"},"content":{"rendered":"<section class=\"section pt-45 pt-md-70\">\n<div class=\"container\">\n<div class=\"row\">\n<div class=\"col-lg-7 offset-lg-2 mb-lg-0 mb-40\">&lt;a class=&quot;btn btn-primary d-inline-flex align-items-center mb-25&quot; href=&quot;faq\/&#8220;&gt;               Zur\u00fcck<\/a><\/p>\n<h1 class=\"mb-25\">Allgemeine Fragen<\/h1>\n<div class=\"faq-item\">\n<div class=\"faq-item__title h4 mb-10\">In welchen L\u00e4ndern ist Satchel verf\u00fcgbar?<\/div>\n<div class=\"faq-item__text\">\n<div>\n<p>Satchel bietet Kunden auf der ganzen Welt digitale Geld-Management-L\u00f6sungen, die sie mit modernster Technologie f\u00fcr effiziente Finanzoperationen bef\u00e4higen. Sie k\u00f6nnen ein Konto bei uns er\u00f6ffnen, unabh\u00e4ngig von Ihrer Staatsb\u00fcrgerschaft oder Finanzgeschichte; es gibt jedoch eine Liste von L\u00e4ndern, aus denen wir keine Kunden an Bord haben. Die vollst\u00e4ndige Liste der Rechtssysteme auf der Schwarzen Liste finden Sie auf der entsprechenden Webseite: &lt;a href=&quot;prohibited-countries-and-activities\/&#8220;&gt;&#8220;Rechtssysteme auf der Schwarzen Liste&#8220;<\/a>.<\/p>\n<\/p><\/div>\n<\/p><\/div>\n<p>            <a class=\"btn btn-link faq-item__link faq-item__link--expand\" href=\"#\">Erweitern Sie            <\/a><br \/>\n            <a class=\"btn btn-link faq-item__link faq-item__link--close\" href=\"#\">Schlie\u00dfen Sie            <\/a>\n          <\/div>\n<div class=\"faq-item\">\n<div class=\"faq-item__title h4 mb-10\">Wie kann ich mich anmelden?<\/div>\n<div class=\"faq-item__text\">\n<div>\n<p>Die Beantragung eines Satchel-Kontos ist einfach und kann aus der Ferne erfolgen. Um den Bewerbungsprozess zu starten, klicken Sie f\u00fcr Privatpersonen auf &lt;a href=&quot;personal\/&#8220;&gt;&#8220;Pers\u00f6nliches Konto er\u00f6ffnen&#8220;<\/a> oder f\u00fcr Unternehmen auf &lt;a href=&quot;business\/&#8220;&gt;&#8220;Firmenkonto er\u00f6ffnen&#8220;<\/a>. Nach der Einreichung eines Antragsformulars wird es von unserer Compliance-Abteilung \u00fcberpr\u00fcft. Dieser Schritt kann bis zu 7-10 Werktage dauern. In einigen F\u00e4llen bitten wir Sie m\u00f6glicherweise um zus\u00e4tzliche Informationen, um das Verfahren gem\u00e4\u00df den regulatorischen Anforderungen abzuschlie\u00dfen.<\/p>\n<p>Nach der Einreichung Ihres Antrags m\u00fcssen Sie ein Passwort einrichten, mit dem Sie sich bei Ihrem Konto anmelden k\u00f6nnen. Zu diesem Zweck erhalten Sie von Satchel eine E-Mail mit einem Link zur Einrichtung des Passworts.<\/p>\n<p>Der Link ist 24 Stunden lang g\u00fcltig. Falls der Link abl\u00e4uft, fordern Sie bitte einen neuen an, indem Sie sich an unser Kundendienstteam wenden: support@satchel.eu. Nachdem Sie das Passwort festgelegt haben, laden Sie bitte die Satchel-App herunter, um Ihre Identit\u00e4t zu \u00fcberpr\u00fcfen. Sie ben\u00f6tigen die Frontkamera Ihres Smartphones sowie Ihren Reisepass oder einen Personalausweis, um die Identit\u00e4tspr\u00fcfung abzuschlie\u00dfen.<\/p>\n<\/p><\/div>\n<\/p><\/div>\n<p>            <a class=\"btn btn-link faq-item__link faq-item__link--expand\" href=\"#\">Erweitern Sie            <\/a><a class=\"btn btn-link faq-item__link faq-item__link--close\" href=\"#\">Schlie\u00dfen Sie            <\/a>\n          <\/div>\n<div class=\"faq-item\">\n<div class=\"faq-item__title h4 mb-10\">Was ist die ID-Verifizierung?<\/div>\n<div class=\"faq-item__text\">\n<div>\n<p>Es handelt sich um eine Identit\u00e4ts\u00fcberpr\u00fcfung durch unseren Partner Ondato, die durch einen einmaligen Videoanruf durchgef\u00fchrt wird.<\/p>\n<\/p><\/div>\n<\/p><\/div>\n<p>            <a class=\"btn btn-link faq-item__link faq-item__link--expand\" href=\"#\">Erweitern Sie            <\/a><a class=\"btn btn-link faq-item__link faq-item__link--close\" href=\"#\">Schlie\u00dfen Sie            <\/a>\n          <\/div>\n<div class=\"faq-item\">\n<div class=\"faq-item__title h4 mb-10\">Wie f\u00fchre ich den Videoanruf zur Identit\u00e4ts\u00fcberpr\u00fcfung durch?<\/div>\n<div class=\"faq-item__text\">\n<div>\n<p>Unser Partner Ondato hat eine sichere und bequeme Methode zur digitalen Identit\u00e4ts\u00fcberpr\u00fcfung in Echtzeit von jedem Ort der Welt aus entwickelt. Um Ihren einmaligen ID-Verifizierungsprozess einzuleiten, klicken Sie entweder direkt nach der Registrierung oder nach dem Einrichten Ihres Passworts auf die Schaltfl\u00e4che \u201eIdentit\u00e4t \u00fcberpr\u00fcfen\u201c. W\u00e4hrend des Videoanrufs machen Sie Fotos von Ihrem Reisepass oder Ihrer nationalen ID und ein Selfie. Dies wird nicht mehr als eine Minute Ihrer Zeit in Anspruch nehmen.<\/p>\n<p class=\"mb-20\">Hier ein paar Tipps, wie Sie sich auf den Videoanruf vorbereiten k\u00f6nnen:<\/p>\n<ul class=\"list list--md\">\n<li>Vergewissern Sie sich, dass Sie sich an einem ruhigen Ort mit einer starken Internetverbindung und gutem nat\u00fcrlichem Licht befinden.<\/li>\n<li>W\u00e4hlen Sie Ihre Staatsangeh\u00f6rigkeit, pr\u00fcfen Sie, welche Art von Dokument Sie f\u00fcr die Identit\u00e4tspr\u00fcfung verwenden k\u00f6nnen und halten Sie es bereit.<\/li>\n<li>Wichtig: Sie k\u00f6nnen die \u00dcberpr\u00fcfung mit einem Personalausweis oder Reisepass bestehen, wenn Sie in der EU ans\u00e4ssig sind, und NUR mit einem Reisepass, wenn Sie nicht in der EU ans\u00e4ssig sind. Der Personalausweis oder Reisepass muss den MRZ-Code (Machine Readable Zonecode) enthalten.<\/li>\n<\/ul><\/div>\n<\/p><\/div>\n<p>            <a class=\"btn btn-link faq-item__link faq-item__link--expand\" href=\"#\">Erweitern Sie            <\/a><a class=\"btn btn-link faq-item__link faq-item__link--close\" href=\"#\">Schlie\u00dfen Sie            <\/a>\n          <\/div>\n<div class=\"faq-item\">\n<div class=\"faq-item__title h4 mb-10\">Warum ist der Anruf zur \u00dcberpr\u00fcfung der Video-ID notwendig?<\/div>\n<div class=\"faq-item__text\">\n<div>\n<p>Satchel verf\u00fcgt \u00fcber eine Lizenz, die von der Abteilung f\u00fcr Aufsichtsdienste der litauischen Nationalbank ausgestellt wurde, und hat die Lizenz f\u00fcr E-Geld-Institute Nr. 28 mit einem Teilnehmercode f\u00fcr Zahlungssysteme Nr. 30600 erhalten. Satchel f\u00fchrt seine Gesch\u00e4fte gem\u00e4\u00df den Gesetzen der Republik Litauen und in \u00dcbereinstimmung mit der EU-Richtlinie (2009\/110\/EG) und der EU-Richtlinie (2015\/2366) \u00fcber EU-weite Zahlungsdienste. Wir sind gesetzlich verpflichtet, Ihre Identit\u00e4t zu verifizieren, bevor wir ein Satchel-Konto f\u00fcr Sie er\u00f6ffnen k\u00f6nnen. Die Identit\u00e4ts\u00fcberpr\u00fcfung per Videoanruf ist ein rechtskonformer Fernidentifizierungsprozess, der den neuesten Bankvorschriften und Gesetzen sowie dem Gesetz zur Bek\u00e4mpfung der Geldw\u00e4sche (AML) entspricht.<\/p>\n<\/p><\/div>\n<\/p><\/div>\n<p>            <a class=\"btn btn-link faq-item__link faq-item__link--expand\" href=\"#\">Erweitern Sie            <\/a><a class=\"btn btn-link faq-item__link faq-item__link--close\" href=\"#\">Schlie\u00dfen Sie            <\/a>\n          <\/div>\n<div class=\"faq-item\">\n<div class=\"faq-item__title h4 mb-10\">Wie alt muss ich sein, um die Satchel-Dienste zu nutzen?<\/div>\n<div class=\"faq-item__text\">\n<div>\n<p>Im Moment liegt das Mindestalter f\u00fcr einen Satchel-Kunden bei 18 Jahren. Wir arbeiten daran, es in Zukunft herabzusetzen und Produkte f\u00fcr j\u00fcngere Generationen zu entwickeln.<\/p>\n<\/p><\/div>\n<\/p><\/div>\n<p>            <a class=\"btn btn-link faq-item__link faq-item__link--expand\" href=\"#\">Erweitern Sie            <\/a><a class=\"btn btn-link faq-item__link faq-item__link--close\" href=\"#\">Schlie\u00dfen Sie            <\/a>\n          <\/div>\n<\/p><\/div>\n<div class=\"col-lg-4 offset-lg-1\">\n<div class=\"other-topics\">\n<div class=\"other-topics__title h4 mb-15\">Andere Themen<\/div>\n<ul>\n<li>&lt;a class=&quot;btn btn-link&quot; href=&quot;faq\/satchel-current-account\/&#8220;&gt;Satchel Girokonto            <\/a><\/li>\n<li>&lt;a class=&quot;btn btn-link&quot; href=&quot;faq\/login-and-password\/&#8220;&gt;Anmeldung und Passwort            <\/a><\/li>\n<li>&lt;a class=&quot;btn btn-link&quot; href=&quot;faq\/sepa-the-ultimate-guide\/&#8220;&gt;SEPA: Der ultimative Leitfaden            <\/a><\/li>\n<li>&lt;a class=&quot;btn btn-link&quot; href=&quot;faq\/payments-and-transactions\/&#8220;&gt;Zahlungen &amp; Transaktionen            <\/a><\/li>\n<li>&lt;a class=&quot;btn btn-link&quot; href=&quot;faq\/satchel-cards\/&#8220;&gt;Satchel Karten            <\/a><\/li>\n<\/ul><\/div>\n<\/p><\/div>\n<\/p><\/div>\n<div class=\"row mt-95\">\n<div class=\"col-lg-12 mx-auto\">\n<div class=\"question-box\">\n<div class=\"mb-md-0 mb-20\">\n<div class=\"question-box__title h4 mb-10\">Haben Sie Ihre Frage nicht gefunden?<\/div>\n<div class=\"question-box__text h6 mb-0\">Kontaktieren Sie unser Support-Team per E-Mail oder telefonisch<\/div>\n<\/p><\/div>\n<div class=\"d-flex flex-sm-row flex-column align-items-start\">\n              <a class=\"btn btn-primary mr-sm-15 mb-sm-0 mb-20 js-customer-support-phone-faq\" href=\"tel:+37052141818\">+370 5214 1818<\/a><br \/>\n              <a class=\"btn btn-primary js-customer-support-email-faq\" href=\"mailto:support@satchel.eu\">support@satchel.eu<\/a>\n            <\/div>\n<\/p><\/div>\n<\/p><\/div>\n<\/p><\/div>\n<\/p><\/div>\n<\/section>\n","protected":false},"excerpt":{"rendered":"<p>&lt;a class=&quot;btn btn-primary d-inline-flex align-items-center mb-25&quot; href=&quot;faq\/&#8220;&gt; Zur\u00fcck Allgemeine Fragen In welchen L\u00e4ndern ist Satchel verf\u00fcgbar? Satchel bietet Kunden auf der ganzen Welt digitale Geld-Management-L\u00f6sungen, die sie mit modernster Technologie f\u00fcr effiziente Finanzoperationen bef\u00e4higen. Sie k\u00f6nnen ein Konto bei uns er\u00f6ffnen, unabh\u00e4ngig von Ihrer Staatsb\u00fcrgerschaft oder Finanzgeschichte; es gibt jedoch eine Liste von L\u00e4ndern, aus&#8230;<\/p>\n","protected":false},"author":5,"featured_media":0,"parent":99,"menu_order":0,"comment_status":"closed","ping_status":"closed","template":"faq-templates\/faq-general-information.php","meta":{"_acf_changed":false,"footnotes":""},"class_list":["post-101","page","type-page","status-publish","hentry"],"acf":[],"yoast_head":"<!-- This site is optimized with the Yoast SEO plugin v22.0 - https:\/\/yoast.com\/wordpress\/plugins\/seo\/ -->\n<title>FAQ | Allgemeine Informationen \u2013 Satchel<\/title>\n<meta name=\"description\" content=\"Entdecken Sie h\u00e4ufig gestellte Fragen zu Satchel, um Ihr digitales Geldmanagement-Erlebnis zu verbessern.\" \/>\n<meta name=\"robots\" content=\"index, follow, max-snippet:-1, max-image-preview:large, max-video-preview:-1\" \/>\n<link rel=\"canonical\" href=\"https:\/\/satchel.eu\/de\/faq\/general-information\/\" \/>\n<meta property=\"og:locale\" content=\"de_DE\" \/>\n<meta property=\"og:type\" content=\"article\" \/>\n<meta property=\"og:title\" content=\"FAQ | Allgemeine Informationen \u2013 Satchel\" \/>\n<meta property=\"og:description\" content=\"Entdecken Sie h\u00e4ufig gestellte Fragen zu Satchel, um Ihr digitales Geldmanagement-Erlebnis zu verbessern.\" \/>\n<meta property=\"og:url\" content=\"https:\/\/satchel.eu\/de\/faq\/general-information\/\" \/>\n<meta property=\"og:site_name\" content=\"Satchel\" \/>\n<meta property=\"article:modified_time\" content=\"2025-12-08T12:18:56+00:00\" \/>\n<meta name=\"twitter:card\" content=\"summary_large_image\" \/>\n<meta name=\"twitter:label1\" content=\"Gesch\u00e4tzte Lesezeit\" \/>\n\t<meta name=\"twitter:data1\" content=\"3\u00a0Minuten\" \/>\n<script type=\"application\/ld+json\" class=\"yoast-schema-graph\">{\"@context\":\"https:\/\/schema.org\",\"@graph\":[{\"@type\":\"WebPage\",\"@id\":\"https:\/\/satchel.eu\/de\/faq\/general-information\/\",\"url\":\"https:\/\/satchel.eu\/de\/faq\/general-information\/\",\"name\":\"FAQ | Allgemeine Informationen \u2013 Satchel\",\"isPartOf\":{\"@id\":\"https:\/\/satchel.eu\/de\/#website\"},\"datePublished\":\"2021-03-02T17:58:38+00:00\",\"dateModified\":\"2025-12-08T12:18:56+00:00\",\"description\":\"Entdecken Sie h\u00e4ufig gestellte Fragen zu Satchel, um Ihr digitales Geldmanagement-Erlebnis zu verbessern.\",\"breadcrumb\":{\"@id\":\"https:\/\/satchel.eu\/de\/faq\/general-information\/#breadcrumb\"},\"inLanguage\":\"de\",\"potentialAction\":[{\"@type\":\"ReadAction\",\"target\":[\"https:\/\/satchel.eu\/de\/faq\/general-information\/\"]}]},{\"@type\":\"BreadcrumbList\",\"@id\":\"https:\/\/satchel.eu\/de\/faq\/general-information\/#breadcrumb\",\"itemListElement\":[{\"@type\":\"ListItem\",\"position\":1,\"name\":\"Satchel\",\"item\":\"https:\/\/satchel.eu\/de\/\"},{\"@type\":\"ListItem\",\"position\":2,\"name\":\"FAQ\",\"item\":\"https:\/\/satchel.eu\/de\/faq\/\"},{\"@type\":\"ListItem\",\"position\":3,\"name\":\"Allgemeine Fragen\"}]},{\"@type\":\"WebSite\",\"@id\":\"https:\/\/satchel.eu\/de\/#website\",\"url\":\"https:\/\/satchel.eu\/de\/\",\"name\":\"Satchel\",\"description\":\"Ihre L\u00f6sung f\u00fcr das Geldmanagement\",\"publisher\":{\"@id\":\"https:\/\/satchel.eu\/de\/#organization\"},\"potentialAction\":[{\"@type\":\"SearchAction\",\"target\":{\"@type\":\"EntryPoint\",\"urlTemplate\":\"https:\/\/satchel.eu\/de\/?s={search_term_string}\"},\"query-input\":\"required name=search_term_string\"}],\"inLanguage\":\"de\"},{\"@type\":\"Organization\",\"@id\":\"https:\/\/satchel.eu\/de\/#organization\",\"name\":\"Satchel\",\"url\":\"https:\/\/satchel.eu\/de\/\",\"logo\":{\"@type\":\"ImageObject\",\"inLanguage\":\"de\",\"@id\":\"https:\/\/satchel.eu\/de\/#\/schema\/logo\/image\/\",\"url\":\"https:\/\/satchel.eu\/de\/wp-content\/uploads\/sites\/5\/2021\/05\/logo-black.jpg\",\"contentUrl\":\"https:\/\/satchel.eu\/de\/wp-content\/uploads\/sites\/5\/2021\/05\/logo-black.jpg\",\"width\":135,\"height\":32,\"caption\":\"Satchel\"},\"image\":{\"@id\":\"https:\/\/satchel.eu\/de\/#\/schema\/logo\/image\/\"}}]}<\/script>\n<!-- \/ Yoast SEO plugin. -->","yoast_head_json":{"title":"FAQ | Allgemeine Informationen \u2013 Satchel","description":"Entdecken Sie h\u00e4ufig gestellte Fragen zu Satchel, um Ihr digitales Geldmanagement-Erlebnis zu verbessern.","robots":{"index":"index","follow":"follow","max-snippet":"max-snippet:-1","max-image-preview":"max-image-preview:large","max-video-preview":"max-video-preview:-1"},"canonical":"https:\/\/satchel.eu\/de\/faq\/general-information\/","og_locale":"de_DE","og_type":"article","og_title":"FAQ | Allgemeine Informationen \u2013 Satchel","og_description":"Entdecken Sie h\u00e4ufig gestellte Fragen zu Satchel, um Ihr digitales Geldmanagement-Erlebnis zu verbessern.","og_url":"https:\/\/satchel.eu\/de\/faq\/general-information\/","og_site_name":"Satchel","article_modified_time":"2025-12-08T12:18:56+00:00","twitter_card":"summary_large_image","twitter_misc":{"Gesch\u00e4tzte Lesezeit":"3\u00a0Minuten"},"schema":{"@context":"https:\/\/schema.org","@graph":[{"@type":"WebPage","@id":"https:\/\/satchel.eu\/de\/faq\/general-information\/","url":"https:\/\/satchel.eu\/de\/faq\/general-information\/","name":"FAQ | Allgemeine Informationen \u2013 Satchel","isPartOf":{"@id":"https:\/\/satchel.eu\/de\/#website"},"datePublished":"2021-03-02T17:58:38+00:00","dateModified":"2025-12-08T12:18:56+00:00","description":"Entdecken Sie h\u00e4ufig gestellte Fragen zu Satchel, um Ihr digitales Geldmanagement-Erlebnis zu verbessern.","breadcrumb":{"@id":"https:\/\/satchel.eu\/de\/faq\/general-information\/#breadcrumb"},"inLanguage":"de","potentialAction":[{"@type":"ReadAction","target":["https:\/\/satchel.eu\/de\/faq\/general-information\/"]}]},{"@type":"BreadcrumbList","@id":"https:\/\/satchel.eu\/de\/faq\/general-information\/#breadcrumb","itemListElement":[{"@type":"ListItem","position":1,"name":"Satchel","item":"https:\/\/satchel.eu\/de\/"},{"@type":"ListItem","position":2,"name":"FAQ","item":"https:\/\/satchel.eu\/de\/faq\/"},{"@type":"ListItem","position":3,"name":"Allgemeine Fragen"}]},{"@type":"WebSite","@id":"https:\/\/satchel.eu\/de\/#website","url":"https:\/\/satchel.eu\/de\/","name":"Satchel","description":"Ihre L\u00f6sung f\u00fcr das Geldmanagement","publisher":{"@id":"https:\/\/satchel.eu\/de\/#organization"},"potentialAction":[{"@type":"SearchAction","target":{"@type":"EntryPoint","urlTemplate":"https:\/\/satchel.eu\/de\/?s={search_term_string}"},"query-input":"required name=search_term_string"}],"inLanguage":"de"},{"@type":"Organization","@id":"https:\/\/satchel.eu\/de\/#organization","name":"Satchel","url":"https:\/\/satchel.eu\/de\/","logo":{"@type":"ImageObject","inLanguage":"de","@id":"https:\/\/satchel.eu\/de\/#\/schema\/logo\/image\/","url":"https:\/\/satchel.eu\/de\/wp-content\/uploads\/sites\/5\/2021\/05\/logo-black.jpg","contentUrl":"https:\/\/satchel.eu\/de\/wp-content\/uploads\/sites\/5\/2021\/05\/logo-black.jpg","width":135,"height":32,"caption":"Satchel"},"image":{"@id":"https:\/\/satchel.eu\/de\/#\/schema\/logo\/image\/"}}]}},"_links":{"self":[{"href":"https:\/\/satchel.eu\/de\/wp-json\/wp\/v2\/pages\/101","targetHints":{"allow":["GET"]}}],"collection":[{"href":"https:\/\/satchel.eu\/de\/wp-json\/wp\/v2\/pages"}],"about":[{"href":"https:\/\/satchel.eu\/de\/wp-json\/wp\/v2\/types\/page"}],"author":[{"embeddable":true,"href":"https:\/\/satchel.eu\/de\/wp-json\/wp\/v2\/users\/5"}],"replies":[{"embeddable":true,"href":"https:\/\/satchel.eu\/de\/wp-json\/wp\/v2\/comments?post=101"}],"version-history":[{"count":1,"href":"https:\/\/satchel.eu\/de\/wp-json\/wp\/v2\/pages\/101\/revisions"}],"predecessor-version":[{"id":5671,"href":"https:\/\/satchel.eu\/de\/wp-json\/wp\/v2\/pages\/101\/revisions\/5671"}],"up":[{"embeddable":true,"href":"https:\/\/satchel.eu\/de\/wp-json\/wp\/v2\/pages\/99"}],"wp:attachment":[{"href":"https:\/\/satchel.eu\/de\/wp-json\/wp\/v2\/media?parent=101"}],"curies":[{"name":"wp","href":"https:\/\/api.w.org\/{rel}","templated":true}]}}