{"id":112,"date":"2021-03-02T20:07:55","date_gmt":"2021-03-02T18:07:55","guid":{"rendered":"https:\/\/satchel-eu-new.devlab69.com\/?page_id=112"},"modified":"2026-02-19T12:48:24","modified_gmt":"2026-02-19T10:48:24","slug":"documents-set-for-business","status":"publish","type":"page","link":"https:\/\/satchel.eu\/de\/documents-set-for-business\/","title":{"rendered":"Dokumentensatz f\u00fcr Unternehmen"},"content":{"rendered":"<section class=\"section mh-lg-460px d-lg-flex align-items-lg-center\">\r\n  <div class=\"container\">\r\n    <div class=\"row\">\r\n      <div class=\"col-lg-12 mx-auto\">\r\n        <h1 class=\"mb-0 text-center\">Liste der f\u00fcr die Er\u00f6ffnung eines Gesch\u00e4ftskontos ben\u00f6tigten Dokumente<\/h1>\r\n      <\/div>\r\n    <\/div>\r\n    <div class=\"d-flex align-items-center justify-content-center mt-30\">\r\n      <a href=\"#section2\" class=\"js-scroll-to\"><img decoding=\"async\" class=\"lazyload\" data-src=\"https:\/\/satchel.eu\/de\/wp-content\/themes\/satchel\/public\/img\/hero-scroll-down-icon.svg?v=2.5\" src=\"data:image\/gif;base64,R0lGODlhAQABAAAAACH5BAEKAAEALAAAAAABAAEAAAICTAEAOw==\" alt><\/a>\r\n    <\/div>\r\n  <\/div>\r\n<\/section>\r\n\r\n<section class=\"section\" id=\"section2\">\r\n  <div class=\"container no-grayscale\">\r\n    <div class=\"row\">\r\n      <div class=\"col-md-8 col-lg-6 offset-lg-1\">\r\n        <h2 class=\"col-lg-15 px-0 mb-15\">Ben\u00f6tigte Dokumente:<\/h2>\r\n      <\/div>\r\n    <\/div>\r\n    <div class=\"row\">\r\n      <div class=\"col-md-8 col-lg-6 offset-lg-1 mb-md-0 mb-30\">\r\n        <p>1. Antragsformular (muss online ausgef\u00fcllt werden).<\/p>\r\n        <p>2. Hochwertige farbige Scan-Kopie des Reisepasses des Gesch\u00e4ftsinhabers. Der Scan des Personalausweises (Vorder- und R\u00fcckseite) wird nur f\u00fcr B\u00fcrger oder Einwohner der EU oder des EWR akzeptiert.<\/p>\r\n        <p>3. Nachweis der Adresse (eine  Versorgungsrechnung, die nicht fr\u00fcher als 90 Tage vor der Einreichung des Antragsformulars ausgestellt wurde)\/ Bankreferenzschreiben\/ Kontoauszug in Englisch oder Litauisch \u00fcbersetzt.<\/p>\r\n        <p class=\"mb-10\">4. Detaillierte Unternehmensbeschreibung:<\/p>\r\n        <ul class=\"list mb-30\">\r\n          <li>Herkunft von Kapital;<\/li>\r\n          <li>Website;<\/li>\r\n          <li>Die Art der eingehenden und ausgehenden \u00dcberweisungen;<\/li>\r\n          <li>Mit welchen L\u00e4ndern werden Sie zusammenarbeiten?<\/li>\r\n          <li>Marketingmaterial (Visitenkarten, Brosch\u00fcren, Pr\u00e4sentationen usw.).<\/li>\r\n        <\/ul>\r\n        <p class=\"mb-10\">5. Gesellschaftsrechtliche Dokumente:<br><\/p>\r\n        <ul class=\"list mb-30\">\r\n          <li>Gr\u00fcndungsurkunde; <\/li>\r\n          <li>Gesellschaftsvertrag und Satzung; <\/li>\r\n          <li>Ernennung von Direktoren und Aktion\u00e4ren; <\/li>\r\n          <li>Bescheinigung \u00fcber den guten Ruf\/Funktion (f\u00fcr Unternehmen, die \u00e4lter als 1 Jahr sind); <\/li>\r\n          <li>Alle anderen relevanten Unternehmensdokumente je nach Land der Registrierung.<\/li>\r\n        <\/ul>\r\n        <p>6. Belege \u00fcber Kunden\/Lieferanten (Rechnungen, Vertr\u00e4ge, Vertragsentw\u00fcrfe).<\/p>\r\n        <p>7. Dokumente mit Informationen \u00fcber die Erstfinanzierung (wenn die erste \u00dcberweisung von einer Bank get\u00e4tigt wurde, wird eine Kontoauszug ben\u00f6tigt; wenn die erste \u00dcberweisung von einem Partner get\u00e4tigt wurde, wird eine Rechnung oder einen Vertrag ben\u00f6tigt).<\/p>\r\n        <p>8. Verifizierung durch die Onfido-L\u00f6sung.<\/p>\r\n      <\/div>\r\n      <div class=\"col-md-8 col-lg-6 offset-lg-1\">\r\n        <p class=\"h4 mb-30\">Reisepassanforderungen<\/p>\r\n        <div class=\"d-flex flex-row flex-wrap\">\r\n          <div class=\"d-flex align-items-center w-100 w-md-50 pr-md-20 mb-25\"><img decoding=\"async\" class=\"lazyload mr-15 mw-48px mh-48px w-48px h-48px\" data-src=\"https:\/\/satchel.eu\/de\/wp-content\/themes\/satchel\/public\/img\/sleu-kit-icons-y-high-resolution.svg?v=2.5\" src=\"data:image\/gif;base64,R0lGODlhAQABAAAAACH5BAEKAAEALAAAAAABAAEAAAICTAEAOw==\" alt>\r\n            <p class=\"p-md mb-0\">Hochaufl\u00f6sende farbige Scan-Kopie<\/p>\r\n          <\/div>\r\n          <div class=\"d-flex align-items-center w-100 w-md-50 pl-md-20 mb-25\"><img decoding=\"async\" class=\"lazyload mr-15 mw-48px mh-48px w-48px h-48px\" data-src=\"https:\/\/satchel.eu\/de\/wp-content\/themes\/satchel\/public\/img\/sleu-kit-icons-y-white-background.svg?v=2.5\" src=\"data:image\/gif;base64,R0lGODlhAQABAAAAACH5BAEKAAEALAAAAAABAAEAAAICTAEAOw==\" alt>\r\n            <p class=\"p-md mb-0\">Wei\u00dfer Hintergrund<\/p>\r\n          <\/div>\r\n          <div class=\"d-flex align-items-center w-100 w-md-50 pr-md-20 mb-25 mb-md-0\"><img decoding=\"async\" class=\"lazyload mr-15 mw-48px mh-48px w-48px h-48px\" data-src=\"https:\/\/satchel.eu\/de\/wp-content\/themes\/satchel\/public\/img\/sleu-kit-icons-y-document.svg?v=2.5\" src=\"data:image\/gif;base64,R0lGODlhAQABAAAAACH5BAEKAAEALAAAAAABAAEAAAICTAEAOw==\" alt>\r\n            <p class=\"p-md mb-0\">Format: PDF oder PNG<\/p>\r\n          <\/div>\r\n          <div class=\"d-flex align-items-center w-100 w-md-50 pl-md-20\"><img decoding=\"async\" class=\"lazyload mr-15 mw-48px mh-48px w-48px h-48px\" data-src=\"https:\/\/satchel.eu\/de\/wp-content\/themes\/satchel\/public\/img\/sleu-kit-icons-y-do-not-cut-2.svg?v=2.5\" src=\"data:image\/gif;base64,R0lGODlhAQABAAAAACH5BAEKAAEALAAAAAABAAEAAAICTAEAOw==\" alt>\r\n            <p class=\"p-md mb-0\">Kein Zuschneiden (alle Zonen und Ecken m\u00fcssen gut sichtbar sein)<\/p>\r\n          <\/div>\r\n        <\/div>\r\n      <\/div>\r\n    <\/div>\r\n  <\/div>\r\n  <div class=\"container mt-md-90 mt-45\">\r\n    <h2 class=\"text-center mb-15\">Sind Sie bereit, ein Gesch\u00e4ftskonto zu er\u00f6ffnen?<\/h2>\r\n    <div class=\"row\">\r\n      <div class=\"col-lg-14 mx-auto\">\r\n        <p class=\"text-center\">Klicken Sie auf die Schaltfl\u00e4che unten, um den Antragsprozess zu starten.<\/p>\r\n        <div class=\"text-center\"><a class=\"btn btn-primary js-business-acc-opening-link\" href=\"https:\/\/my.satchel.eu\/#\/registration\/business\/\">Gesch\u00e4ftskonto er\u00f6ffnen<\/a><\/div>\r\n      <\/div>\r\n    <\/div>\r\n  <\/div>\r\n<\/section>","protected":false},"excerpt":{"rendered":"Liste der f\u00fcr die Er\u00f6ffnung eines Gesch\u00e4ftskontos ben\u00f6tigten Dokumente Ben\u00f6tigte Dokumente: 1. Antragsformular (muss online ausgef\u00fcllt werden). 2. Hochwertige farbige Scan-Kopie des Reisepasses des Gesch\u00e4ftsinhabers. Der Scan des Personalausweises (Vorder- und R\u00fcckseite) wird nur f\u00fcr B\u00fcrger oder Einwohner der EU oder des EWR akzeptiert. 3. Nachweis der Adresse (eine Versorgungsrechnung, die nicht fr\u00fcher als 90&#8230;","protected":false},"author":5,"featured_media":0,"parent":0,"menu_order":0,"comment_status":"closed","ping_status":"closed","template":"templates\/documents-set-for-business.php","meta":{"_acf_changed":false,"footnotes":""},"class_list":["post-112","page","type-page","status-publish","hentry"],"acf":[],"yoast_head":"<!-- This site is optimized with the Yoast SEO plugin v22.0 - https:\/\/yoast.com\/wordpress\/plugins\/seo\/ -->\n<title>Dokumente zur Gesch\u00e4ftskontoer\u00f6ffnung | Satchel.eu<\/title>\n<meta name=\"description\" content=\"Erfahren Sie, welche Dokumente f\u00fcr die Er\u00f6ffnung eines Remote-Gesch\u00e4ftskontos mit Satchel f\u00fcr Unternehmen au\u00dferhalb der EU ben\u00f6tigt werden.\" \/>\n<meta name=\"robots\" content=\"index, follow, max-snippet:-1, max-image-preview:large, max-video-preview:-1\" \/>\n<link rel=\"canonical\" href=\"https:\/\/satchel.eu\/de\/documents-set-for-business\/\" \/>\n<meta property=\"og:locale\" content=\"de_DE\" \/>\n<meta property=\"og:type\" content=\"article\" \/>\n<meta property=\"og:title\" content=\"Dokumente zur Gesch\u00e4ftskontoer\u00f6ffnung | Satchel.eu\" \/>\n<meta property=\"og:description\" content=\"Erfahren Sie, welche Dokumente f\u00fcr die Er\u00f6ffnung eines Remote-Gesch\u00e4ftskontos mit Satchel f\u00fcr Unternehmen au\u00dferhalb der EU ben\u00f6tigt werden.\" \/>\n<meta property=\"og:url\" content=\"https:\/\/satchel.eu\/de\/documents-set-for-business\/\" \/>\n<meta property=\"og:site_name\" content=\"Satchel\" \/>\n<meta property=\"article:modified_time\" content=\"2026-02-19T10:48:24+00:00\" \/>\n<meta name=\"twitter:card\" content=\"summary_large_image\" \/>\n<meta name=\"twitter:label1\" content=\"Gesch\u00e4tzte Lesezeit\" \/>\n\t<meta name=\"twitter:data1\" content=\"3\u00a0Minuten\" \/>\n<script type=\"application\/ld+json\" class=\"yoast-schema-graph\">{\"@context\":\"https:\/\/schema.org\",\"@graph\":[{\"@type\":\"WebPage\",\"@id\":\"https:\/\/satchel.eu\/de\/documents-set-for-business\/\",\"url\":\"https:\/\/satchel.eu\/de\/documents-set-for-business\/\",\"name\":\"Dokumente zur Gesch\u00e4ftskontoer\u00f6ffnung | Satchel.eu\",\"isPartOf\":{\"@id\":\"https:\/\/satchel.eu\/de\/#website\"},\"datePublished\":\"2021-03-02T18:07:55+00:00\",\"dateModified\":\"2026-02-19T10:48:24+00:00\",\"description\":\"Erfahren Sie, welche Dokumente f\u00fcr die Er\u00f6ffnung eines Remote-Gesch\u00e4ftskontos mit Satchel f\u00fcr Unternehmen au\u00dferhalb der EU ben\u00f6tigt werden.\",\"breadcrumb\":{\"@id\":\"https:\/\/satchel.eu\/de\/documents-set-for-business\/#breadcrumb\"},\"inLanguage\":\"de\",\"potentialAction\":[{\"@type\":\"ReadAction\",\"target\":[\"https:\/\/satchel.eu\/de\/documents-set-for-business\/\"]}]},{\"@type\":\"BreadcrumbList\",\"@id\":\"https:\/\/satchel.eu\/de\/documents-set-for-business\/#breadcrumb\",\"itemListElement\":[{\"@type\":\"ListItem\",\"position\":1,\"name\":\"Satchel\",\"item\":\"https:\/\/satchel.eu\/de\/\"},{\"@type\":\"ListItem\",\"position\":2,\"name\":\"Dokumentensatz f\u00fcr Unternehmen\"}]},{\"@type\":\"WebSite\",\"@id\":\"https:\/\/satchel.eu\/de\/#website\",\"url\":\"https:\/\/satchel.eu\/de\/\",\"name\":\"Satchel\",\"description\":\"Ihre L\u00f6sung f\u00fcr das Geldmanagement\",\"publisher\":{\"@id\":\"https:\/\/satchel.eu\/de\/#organization\"},\"potentialAction\":[{\"@type\":\"SearchAction\",\"target\":{\"@type\":\"EntryPoint\",\"urlTemplate\":\"https:\/\/satchel.eu\/de\/?s={search_term_string}\"},\"query-input\":\"required name=search_term_string\"}],\"inLanguage\":\"de\"},{\"@type\":\"Organization\",\"@id\":\"https:\/\/satchel.eu\/de\/#organization\",\"name\":\"Satchel\",\"url\":\"https:\/\/satchel.eu\/de\/\",\"logo\":{\"@type\":\"ImageObject\",\"inLanguage\":\"de\",\"@id\":\"https:\/\/satchel.eu\/de\/#\/schema\/logo\/image\/\",\"url\":\"https:\/\/satchel.eu\/de\/wp-content\/uploads\/sites\/5\/2021\/05\/logo-black.jpg\",\"contentUrl\":\"https:\/\/satchel.eu\/de\/wp-content\/uploads\/sites\/5\/2021\/05\/logo-black.jpg\",\"width\":135,\"height\":32,\"caption\":\"Satchel\"},\"image\":{\"@id\":\"https:\/\/satchel.eu\/de\/#\/schema\/logo\/image\/\"}}]}<\/script>\n<!-- \/ Yoast SEO plugin. -->","yoast_head_json":{"title":"Dokumente zur Gesch\u00e4ftskontoer\u00f6ffnung | Satchel.eu","description":"Erfahren Sie, welche Dokumente f\u00fcr die Er\u00f6ffnung eines Remote-Gesch\u00e4ftskontos mit Satchel f\u00fcr Unternehmen au\u00dferhalb der EU ben\u00f6tigt werden.","robots":{"index":"index","follow":"follow","max-snippet":"max-snippet:-1","max-image-preview":"max-image-preview:large","max-video-preview":"max-video-preview:-1"},"canonical":"https:\/\/satchel.eu\/de\/documents-set-for-business\/","og_locale":"de_DE","og_type":"article","og_title":"Dokumente zur Gesch\u00e4ftskontoer\u00f6ffnung | Satchel.eu","og_description":"Erfahren Sie, welche Dokumente f\u00fcr die Er\u00f6ffnung eines Remote-Gesch\u00e4ftskontos mit Satchel f\u00fcr Unternehmen au\u00dferhalb der EU ben\u00f6tigt werden.","og_url":"https:\/\/satchel.eu\/de\/documents-set-for-business\/","og_site_name":"Satchel","article_modified_time":"2026-02-19T10:48:24+00:00","twitter_card":"summary_large_image","twitter_misc":{"Gesch\u00e4tzte Lesezeit":"3\u00a0Minuten"},"schema":{"@context":"https:\/\/schema.org","@graph":[{"@type":"WebPage","@id":"https:\/\/satchel.eu\/de\/documents-set-for-business\/","url":"https:\/\/satchel.eu\/de\/documents-set-for-business\/","name":"Dokumente zur Gesch\u00e4ftskontoer\u00f6ffnung | Satchel.eu","isPartOf":{"@id":"https:\/\/satchel.eu\/de\/#website"},"datePublished":"2021-03-02T18:07:55+00:00","dateModified":"2026-02-19T10:48:24+00:00","description":"Erfahren Sie, welche Dokumente f\u00fcr die Er\u00f6ffnung eines Remote-Gesch\u00e4ftskontos mit Satchel f\u00fcr Unternehmen au\u00dferhalb der EU ben\u00f6tigt werden.","breadcrumb":{"@id":"https:\/\/satchel.eu\/de\/documents-set-for-business\/#breadcrumb"},"inLanguage":"de","potentialAction":[{"@type":"ReadAction","target":["https:\/\/satchel.eu\/de\/documents-set-for-business\/"]}]},{"@type":"BreadcrumbList","@id":"https:\/\/satchel.eu\/de\/documents-set-for-business\/#breadcrumb","itemListElement":[{"@type":"ListItem","position":1,"name":"Satchel","item":"https:\/\/satchel.eu\/de\/"},{"@type":"ListItem","position":2,"name":"Dokumentensatz f\u00fcr Unternehmen"}]},{"@type":"WebSite","@id":"https:\/\/satchel.eu\/de\/#website","url":"https:\/\/satchel.eu\/de\/","name":"Satchel","description":"Ihre L\u00f6sung f\u00fcr das Geldmanagement","publisher":{"@id":"https:\/\/satchel.eu\/de\/#organization"},"potentialAction":[{"@type":"SearchAction","target":{"@type":"EntryPoint","urlTemplate":"https:\/\/satchel.eu\/de\/?s={search_term_string}"},"query-input":"required name=search_term_string"}],"inLanguage":"de"},{"@type":"Organization","@id":"https:\/\/satchel.eu\/de\/#organization","name":"Satchel","url":"https:\/\/satchel.eu\/de\/","logo":{"@type":"ImageObject","inLanguage":"de","@id":"https:\/\/satchel.eu\/de\/#\/schema\/logo\/image\/","url":"https:\/\/satchel.eu\/de\/wp-content\/uploads\/sites\/5\/2021\/05\/logo-black.jpg","contentUrl":"https:\/\/satchel.eu\/de\/wp-content\/uploads\/sites\/5\/2021\/05\/logo-black.jpg","width":135,"height":32,"caption":"Satchel"},"image":{"@id":"https:\/\/satchel.eu\/de\/#\/schema\/logo\/image\/"}}]}},"_links":{"self":[{"href":"https:\/\/satchel.eu\/de\/wp-json\/wp\/v2\/pages\/112","targetHints":{"allow":["GET"]}}],"collection":[{"href":"https:\/\/satchel.eu\/de\/wp-json\/wp\/v2\/pages"}],"about":[{"href":"https:\/\/satchel.eu\/de\/wp-json\/wp\/v2\/types\/page"}],"author":[{"embeddable":true,"href":"https:\/\/satchel.eu\/de\/wp-json\/wp\/v2\/users\/5"}],"replies":[{"embeddable":true,"href":"https:\/\/satchel.eu\/de\/wp-json\/wp\/v2\/comments?post=112"}],"version-history":[{"count":4,"href":"https:\/\/satchel.eu\/de\/wp-json\/wp\/v2\/pages\/112\/revisions"}],"predecessor-version":[{"id":5768,"href":"https:\/\/satchel.eu\/de\/wp-json\/wp\/v2\/pages\/112\/revisions\/5768"}],"wp:attachment":[{"href":"https:\/\/satchel.eu\/de\/wp-json\/wp\/v2\/media?parent=112"}],"curies":[{"name":"wp","href":"https:\/\/api.w.org\/{rel}","templated":true}]}}