{"id":114,"date":"2021-03-02T20:08:43","date_gmt":"2021-03-02T18:08:43","guid":{"rendered":"https:\/\/satchel-eu-new.devlab69.com\/?page_id=114"},"modified":"2026-02-19T12:48:08","modified_gmt":"2026-02-19T10:48:08","slug":"documents-set-for-personal","status":"publish","type":"page","link":"https:\/\/satchel.eu\/de\/documents-set-for-personal\/","title":{"rendered":"Dokumentensatz f\u00fcr Privatpersonen"},"content":{"rendered":"<section class=\"section mh-lg-460px d-lg-flex align-items-lg-center\">\r\n  <div class=\"container\">\r\n    <div class=\"row\">\r\n      <div class=\"col-lg-12 mx-auto\">\r\n        <h1 class=\"mb-0 text-center\">Liste der f\u00fcr die Er\u00f6ffnung eines Privatkontos ben\u00f6tigten Dokumente<\/h1>\r\n      <\/div>\r\n    <\/div>\r\n    <div class=\"d-flex align-items-center justify-content-center mt-30\">\r\n      <a href=\"#section2\" class=\"js-scroll-to\"><img decoding=\"async\" class=\"lazyload\" data-src=\"https:\/\/satchel.eu\/de\/wp-content\/themes\/satchel\/public\/img\/hero-scroll-down-icon.svg?v=2.5\" src=\"data:image\/gif;base64,R0lGODlhAQABAAAAACH5BAEKAAEALAAAAAABAAEAAAICTAEAOw==\" alt><\/a>\r\n    <\/div>\r\n  <\/div>\r\n<\/section>\r\n\r\n<section class=\"section\" id=\"section2\">\r\n  <div class=\"container no-grayscale\">\r\n    <div class=\"row\">\r\n      <div class=\"col-md-8 col-lg-6 offset-lg-1\">\r\n        <h2 class=\"mb-15\">Ben\u00f6tigten Dokumente:<\/h2>\r\n      <\/div>\r\n    <\/div>\r\n    <div class=\"row\">\r\n      <div class=\"col-md-8 col-lg-6 offset-lg-1 mb-md-0 mb-30\">\r\n        <p class=\"mb-0\">\r\n          1. <b>Reisepass<\/b> oder <b>nationale ID<\/b>:<br><br>\r\n           EU\/EWR-B\u00fcrger k\u00f6nnen w\u00e4hlen, ob sie ihren Personalausweis oder ihren internationalen Reisepass scannen wollen. Nicht-EU-B\u00fcrger m\u00fcssen die Option &#8222;Internationaler Reisepass&#8220; verwenden. Die Verifizierung erfolgt \u00fcber die Ondato-L\u00f6sung.<br><br>\r\n          2. <b>Nachweis der Adresse<\/b>:<br><br>\r\n          Sie k\u00f6nnen eine Rechnung eines Versorgungsunternehmens oder einen in die englische oder litauische Sprache \u00fcbersetzten Kontoauszug vorlegen, der innerhalb der letzten drei Monate ausgestellt wurde.<br><br>\r\n          Das <a href=\"https:\/\/my.satchel.eu\/#\/registration\/personal\">Bewerbungsformular<\/a> muss online ausgef\u00fcllt werden. Bevor Sie mit der Antragstellung beginnen, sollten Sie unbedingt \u00fcberpr\u00fcfen, ob Ihr Land nicht auf der Liste der <a href=\"https:\/\/satchel.eu\/de\/prohibited-countries-and-activities\/\">auf der schwarzen Liste stehenden L\u00e4nder steht<\/a>.\r\n        <\/p>\r\n      <\/div>\r\n      <div class=\"col-md-8 col-lg-6 offset-lg-1\">\r\n        <!-- <p class=\"h4 mb-30\">Passport requirements<\/p> -->\r\n        <div class=\"d-flex flex-row flex-wrap\">\r\n          <div class=\"d-flex align-items-center w-100 w-md-50 pr-md-20 mb-25\"><img decoding=\"async\" class=\"lazyload mr-15 mw-48px mh-48px w-48px h-48px\" data-src=\"https:\/\/satchel.eu\/de\/wp-content\/themes\/satchel\/public\/img\/documents-set-for-personal\/icon-1.svg?v=2.5\" src=\"data:image\/gif;base64,R0lGODlhAQABAAAAACH5BAEKAAEALAAAAAABAAEAAAICTAEAOw==\" alt>\r\n            <p class=\"p-md mb-0\"> Ein Wohnsitz in der EU\/EEA ist nicht erforderlich.<\/p>\r\n          <\/div>\r\n          <div class=\"d-flex align-items-center w-100 w-md-50 pl-md-20 mb-25\"><img decoding=\"async\" class=\"lazyload mr-15 mw-48px mh-48px w-48px h-48px\" data-src=\"https:\/\/satchel.eu\/de\/wp-content\/themes\/satchel\/public\/img\/documents-set-for-personal\/icon-2.svg?v=2.5\" src=\"data:image\/gif;base64,R0lGODlhAQABAAAAACH5BAEKAAEALAAAAAABAAEAAAICTAEAOw==\" alt>\r\n            <p class=\"p-md mb-0\">Ein Besch\u00e4ftigungsnachweis ist nicht erforderlich<\/p>\r\n          <\/div>\r\n          <div class=\"d-flex align-items-center w-100 w-md-50 pr-md-20 mb-25 mb-md-0\"><img decoding=\"async\" class=\"lazyload mr-15 mw-48px mh-48px w-48px h-48px\" data-src=\"https:\/\/satchel.eu\/de\/wp-content\/themes\/satchel\/public\/img\/documents-set-for-personal\/icon-3.svg?v=2.5\" src=\"data:image\/gif;base64,R0lGODlhAQABAAAAACH5BAEKAAEALAAAAAABAAEAAAICTAEAOw==\" alt>\r\n            <p class=\"p-md mb-0\">Eine Rechnung eines Versorgungsunternehmens aus Ihrem Land ist als Adressnachweis g\u00fcltig.<\/p>\r\n          <\/div>\r\n          <div class=\"d-flex align-items-center w-100 w-md-50 pl-md-20\"><img decoding=\"async\" class=\"lazyload mr-15 mw-48px mh-48px w-48px h-48px\" data-src=\"https:\/\/satchel.eu\/de\/wp-content\/themes\/satchel\/public\/img\/documents-set-for-personal\/icon-4.svg?v=2.5\" src=\"data:image\/gif;base64,R0lGODlhAQABAAAAACH5BAEKAAEALAAAAAABAAEAAAICTAEAOw==\" alt>\r\n            <p class=\"p-md mb-0\">Der Dienst ist f\u00fcr Erwachsene ab 18 Jahren verf\u00fcgbar.<\/p>\r\n          <\/div>\r\n        <\/div>\r\n      <\/div>\r\n    <\/div>\r\n    <div class=\"container mt-md-90 mt-45\">\r\n      <h2 class=\"text-center mb-15\">Sind Sie bereit, ein pers\u00f6nliches Konto zu er\u00f6ffnen?<\/h2>\r\n      <div class=\"row\">\r\n        <div class=\"col-lg-14 mx-auto\">\r\n          <p class=\"text-center\">Klicken Sie auf die Schaltfl\u00e4che unten, um den Antragsprozess zu starten.<\/p>\r\n\r\n          <div class=\"text-center\"><a class=\"btn btn-primary js-personal-acc-opening-link\" href=\"https:\/\/my.satchel.eu\/#\/registration\/personal\">Pers\u00f6nliches Konto er\u00f6ffnen<\/a><\/div>\r\n        <\/div>\r\n      <\/div>\r\n    <\/div>\r\n  <\/div>\r\n  <!--<div class=\"container mt-md-90 mt-45\">\r\n    <h2 class=\"text-center mb-30\">Passport requirements:<\/h2>\r\n    <div class=\"row\">\r\n      <div class=\"col-lg-14 mx-auto\">\r\n        <div class=\"solutions\">\r\n          <div class=\"row\">\r\n            <div class=\"solutions__item col-sm-8 col-md-4\">\r\n              <div class=\"solution\">\r\n                <div class=\"solution__img mb-40\"><img decoding=\"async\" class=\"lazyload\" data-src=\"\/wp-content\/themes\/satchel\/public\/img\/solution-placeholder-img.jpg\" src=\"data:image\/gif;base64,R0lGODlhAQABAAAAACH5BAEKAAEALAAAAAABAAEAAAICTAEAOw==\" alt><\/div>\r\n                <p class=\"p-md text-gray font-weight-bold text-center solution__title mb-10\">High-resolution colored scan copy<\/p>\r\n              <\/div>\r\n            <\/div>\r\n            <div class=\"solutions__item col-sm-8 col-md-4\">\r\n              <div class=\"solution\">\r\n                <div class=\"solution__img mb-40\"><img decoding=\"async\" class=\"lazyload\" data-src=\"\/wp-content\/themes\/satchel\/public\/img\/solution-placeholder-img.jpg\" src=\"data:image\/gif;base64,R0lGODlhAQABAAAAACH5BAEKAAEALAAAAAABAAEAAAICTAEAOw==\" alt><\/div>\r\n                <p class=\"p-md text-gray font-weight-bold text-center solution__title mb-10\">Format: PDF or PNG<\/p>\r\n              <\/div>\r\n            <\/div>\r\n            <div class=\"solutions__item col-sm-8 col-md-4\">\r\n              <div class=\"solution\">\r\n                <div class=\"solution__img mb-40\"><img decoding=\"async\" class=\"lazyload\" data-src=\"\/wp-content\/themes\/satchel\/public\/img\/solution-placeholder-img.jpg\" src=\"data:image\/gif;base64,R0lGODlhAQABAAAAACH5BAEKAAEALAAAAAABAAEAAAICTAEAOw==\" alt><\/div>\r\n                <p class=\"p-md text-gray font-weight-bold text-center solution__title mb-10\">White background<\/p>\r\n              <\/div>\r\n            <\/div>\r\n            <div class=\"solutions__item col-sm-8 col-md-4\">\r\n              <div class=\"solution\">\r\n                <div class=\"solution__img mb-40\"><img decoding=\"async\" class=\"lazyload\" data-src=\"\/wp-content\/themes\/satchel\/public\/img\/solution-placeholder-img.jpg\" src=\"data:image\/gif;base64,R0lGODlhAQABAAAAACH5BAEKAAEALAAAAAABAAEAAAICTAEAOw==\" alt><\/div>\r\n                <p class=\"p-md text-gray font-weight-bold text-center solution__title mb-10\">No cropping (all zones and corners must be clearly visible). <\/p>\r\n              <\/div>\r\n            <\/div>\r\n          <\/div>\r\n        <\/div>\r\n      <\/div>\r\n    <\/div>\r\n  <\/div>-->\r\n<\/section>","protected":false},"excerpt":{"rendered":"Liste der f\u00fcr die Er\u00f6ffnung eines Privatkontos ben\u00f6tigten Dokumente Ben\u00f6tigten Dokumente: 1. Reisepass oder nationale ID: EU\/EWR-B\u00fcrger k\u00f6nnen w\u00e4hlen, ob sie ihren Personalausweis oder ihren internationalen Reisepass scannen wollen. Nicht-EU-B\u00fcrger m\u00fcssen die Option &#8222;Internationaler Reisepass&#8220; verwenden. Die Verifizierung erfolgt \u00fcber die Ondato-L\u00f6sung. 2. Nachweis der Adresse: Sie k\u00f6nnen eine Rechnung eines Versorgungsunternehmens oder einen in&#8230;","protected":false},"author":5,"featured_media":0,"parent":0,"menu_order":0,"comment_status":"closed","ping_status":"closed","template":"templates\/documents-set-for-personal.php","meta":{"_acf_changed":false,"footnotes":""},"class_list":["post-114","page","type-page","status-publish","hentry"],"acf":[],"yoast_head":"<!-- This site is optimized with the Yoast SEO plugin v22.0 - https:\/\/yoast.com\/wordpress\/plugins\/seo\/ -->\n<title>Dokumente zur Privatkontoer\u00f6ffnung | Schulranzen<\/title>\n<meta name=\"description\" content=\"Entdecken Sie die ben\u00f6tigten Dokumente f\u00fcr die Online-Er\u00f6ffnung eines Privatkontos bei Satchel, egal ob Sie in der EU sind oder nicht.\" \/>\n<meta name=\"robots\" content=\"index, follow, max-snippet:-1, max-image-preview:large, max-video-preview:-1\" \/>\n<link rel=\"canonical\" href=\"https:\/\/satchel.eu\/de\/documents-set-for-personal\/\" \/>\n<meta property=\"og:locale\" content=\"de_DE\" \/>\n<meta property=\"og:type\" content=\"article\" \/>\n<meta property=\"og:title\" content=\"Dokumente zur Privatkontoer\u00f6ffnung | Schulranzen\" \/>\n<meta property=\"og:description\" content=\"Entdecken Sie die ben\u00f6tigten Dokumente f\u00fcr die Online-Er\u00f6ffnung eines Privatkontos bei Satchel, egal ob Sie in der EU sind oder nicht.\" \/>\n<meta property=\"og:url\" content=\"https:\/\/satchel.eu\/de\/documents-set-for-personal\/\" \/>\n<meta property=\"og:site_name\" content=\"Satchel\" \/>\n<meta property=\"article:modified_time\" content=\"2026-02-19T10:48:08+00:00\" \/>\n<meta name=\"twitter:card\" content=\"summary_large_image\" \/>\n<meta name=\"twitter:label1\" content=\"Gesch\u00e4tzte Lesezeit\" \/>\n\t<meta name=\"twitter:data1\" content=\"2\u00a0Minuten\" \/>\n<script type=\"application\/ld+json\" class=\"yoast-schema-graph\">{\"@context\":\"https:\/\/schema.org\",\"@graph\":[{\"@type\":\"WebPage\",\"@id\":\"https:\/\/satchel.eu\/de\/documents-set-for-personal\/\",\"url\":\"https:\/\/satchel.eu\/de\/documents-set-for-personal\/\",\"name\":\"Dokumente zur Privatkontoer\u00f6ffnung | Schulranzen\",\"isPartOf\":{\"@id\":\"https:\/\/satchel.eu\/de\/#website\"},\"datePublished\":\"2021-03-02T18:08:43+00:00\",\"dateModified\":\"2026-02-19T10:48:08+00:00\",\"description\":\"Entdecken Sie die ben\u00f6tigten Dokumente f\u00fcr die Online-Er\u00f6ffnung eines Privatkontos bei Satchel, egal ob Sie in der EU sind oder nicht.\",\"breadcrumb\":{\"@id\":\"https:\/\/satchel.eu\/de\/documents-set-for-personal\/#breadcrumb\"},\"inLanguage\":\"de\",\"potentialAction\":[{\"@type\":\"ReadAction\",\"target\":[\"https:\/\/satchel.eu\/de\/documents-set-for-personal\/\"]}]},{\"@type\":\"BreadcrumbList\",\"@id\":\"https:\/\/satchel.eu\/de\/documents-set-for-personal\/#breadcrumb\",\"itemListElement\":[{\"@type\":\"ListItem\",\"position\":1,\"name\":\"Satchel\",\"item\":\"https:\/\/satchel.eu\/de\/\"},{\"@type\":\"ListItem\",\"position\":2,\"name\":\"Dokumentensatz f\u00fcr Privatpersonen\"}]},{\"@type\":\"WebSite\",\"@id\":\"https:\/\/satchel.eu\/de\/#website\",\"url\":\"https:\/\/satchel.eu\/de\/\",\"name\":\"Satchel\",\"description\":\"Ihre L\u00f6sung f\u00fcr das Geldmanagement\",\"publisher\":{\"@id\":\"https:\/\/satchel.eu\/de\/#organization\"},\"potentialAction\":[{\"@type\":\"SearchAction\",\"target\":{\"@type\":\"EntryPoint\",\"urlTemplate\":\"https:\/\/satchel.eu\/de\/?s={search_term_string}\"},\"query-input\":\"required name=search_term_string\"}],\"inLanguage\":\"de\"},{\"@type\":\"Organization\",\"@id\":\"https:\/\/satchel.eu\/de\/#organization\",\"name\":\"Satchel\",\"url\":\"https:\/\/satchel.eu\/de\/\",\"logo\":{\"@type\":\"ImageObject\",\"inLanguage\":\"de\",\"@id\":\"https:\/\/satchel.eu\/de\/#\/schema\/logo\/image\/\",\"url\":\"https:\/\/satchel.eu\/de\/wp-content\/uploads\/sites\/5\/2021\/05\/logo-black.jpg\",\"contentUrl\":\"https:\/\/satchel.eu\/de\/wp-content\/uploads\/sites\/5\/2021\/05\/logo-black.jpg\",\"width\":135,\"height\":32,\"caption\":\"Satchel\"},\"image\":{\"@id\":\"https:\/\/satchel.eu\/de\/#\/schema\/logo\/image\/\"}}]}<\/script>\n<!-- \/ Yoast SEO plugin. -->","yoast_head_json":{"title":"Dokumente zur Privatkontoer\u00f6ffnung | Schulranzen","description":"Entdecken Sie die ben\u00f6tigten Dokumente f\u00fcr die Online-Er\u00f6ffnung eines Privatkontos bei Satchel, egal ob Sie in der EU sind oder nicht.","robots":{"index":"index","follow":"follow","max-snippet":"max-snippet:-1","max-image-preview":"max-image-preview:large","max-video-preview":"max-video-preview:-1"},"canonical":"https:\/\/satchel.eu\/de\/documents-set-for-personal\/","og_locale":"de_DE","og_type":"article","og_title":"Dokumente zur Privatkontoer\u00f6ffnung | Schulranzen","og_description":"Entdecken Sie die ben\u00f6tigten Dokumente f\u00fcr die Online-Er\u00f6ffnung eines Privatkontos bei Satchel, egal ob Sie in der EU sind oder nicht.","og_url":"https:\/\/satchel.eu\/de\/documents-set-for-personal\/","og_site_name":"Satchel","article_modified_time":"2026-02-19T10:48:08+00:00","twitter_card":"summary_large_image","twitter_misc":{"Gesch\u00e4tzte Lesezeit":"2\u00a0Minuten"},"schema":{"@context":"https:\/\/schema.org","@graph":[{"@type":"WebPage","@id":"https:\/\/satchel.eu\/de\/documents-set-for-personal\/","url":"https:\/\/satchel.eu\/de\/documents-set-for-personal\/","name":"Dokumente zur Privatkontoer\u00f6ffnung | Schulranzen","isPartOf":{"@id":"https:\/\/satchel.eu\/de\/#website"},"datePublished":"2021-03-02T18:08:43+00:00","dateModified":"2026-02-19T10:48:08+00:00","description":"Entdecken Sie die ben\u00f6tigten Dokumente f\u00fcr die Online-Er\u00f6ffnung eines Privatkontos bei Satchel, egal ob Sie in der EU sind oder nicht.","breadcrumb":{"@id":"https:\/\/satchel.eu\/de\/documents-set-for-personal\/#breadcrumb"},"inLanguage":"de","potentialAction":[{"@type":"ReadAction","target":["https:\/\/satchel.eu\/de\/documents-set-for-personal\/"]}]},{"@type":"BreadcrumbList","@id":"https:\/\/satchel.eu\/de\/documents-set-for-personal\/#breadcrumb","itemListElement":[{"@type":"ListItem","position":1,"name":"Satchel","item":"https:\/\/satchel.eu\/de\/"},{"@type":"ListItem","position":2,"name":"Dokumentensatz f\u00fcr Privatpersonen"}]},{"@type":"WebSite","@id":"https:\/\/satchel.eu\/de\/#website","url":"https:\/\/satchel.eu\/de\/","name":"Satchel","description":"Ihre L\u00f6sung f\u00fcr das Geldmanagement","publisher":{"@id":"https:\/\/satchel.eu\/de\/#organization"},"potentialAction":[{"@type":"SearchAction","target":{"@type":"EntryPoint","urlTemplate":"https:\/\/satchel.eu\/de\/?s={search_term_string}"},"query-input":"required name=search_term_string"}],"inLanguage":"de"},{"@type":"Organization","@id":"https:\/\/satchel.eu\/de\/#organization","name":"Satchel","url":"https:\/\/satchel.eu\/de\/","logo":{"@type":"ImageObject","inLanguage":"de","@id":"https:\/\/satchel.eu\/de\/#\/schema\/logo\/image\/","url":"https:\/\/satchel.eu\/de\/wp-content\/uploads\/sites\/5\/2021\/05\/logo-black.jpg","contentUrl":"https:\/\/satchel.eu\/de\/wp-content\/uploads\/sites\/5\/2021\/05\/logo-black.jpg","width":135,"height":32,"caption":"Satchel"},"image":{"@id":"https:\/\/satchel.eu\/de\/#\/schema\/logo\/image\/"}}]}},"_links":{"self":[{"href":"https:\/\/satchel.eu\/de\/wp-json\/wp\/v2\/pages\/114","targetHints":{"allow":["GET"]}}],"collection":[{"href":"https:\/\/satchel.eu\/de\/wp-json\/wp\/v2\/pages"}],"about":[{"href":"https:\/\/satchel.eu\/de\/wp-json\/wp\/v2\/types\/page"}],"author":[{"embeddable":true,"href":"https:\/\/satchel.eu\/de\/wp-json\/wp\/v2\/users\/5"}],"replies":[{"embeddable":true,"href":"https:\/\/satchel.eu\/de\/wp-json\/wp\/v2\/comments?post=114"}],"version-history":[{"count":4,"href":"https:\/\/satchel.eu\/de\/wp-json\/wp\/v2\/pages\/114\/revisions"}],"predecessor-version":[{"id":5767,"href":"https:\/\/satchel.eu\/de\/wp-json\/wp\/v2\/pages\/114\/revisions\/5767"}],"wp:attachment":[{"href":"https:\/\/satchel.eu\/de\/wp-json\/wp\/v2\/media?parent=114"}],"curies":[{"name":"wp","href":"https:\/\/api.w.org\/{rel}","templated":true}]}}