{"id":137,"date":"2021-03-02T20:34:58","date_gmt":"2021-03-02T18:34:58","guid":{"rendered":"https:\/\/satchel-eu-new.devlab69.com\/?page_id=137"},"modified":"2025-12-29T15:36:26","modified_gmt":"2025-12-29T13:36:26","slug":"prohibited-countries-and-activities","status":"publish","type":"page","link":"https:\/\/satchel.eu\/de\/prohibited-countries-and-activities\/","title":{"rendered":"Verbotene L\u00e4nder und Aktivit\u00e4ten"},"content":{"rendered":"<section class=\"section\">\r\n  <div class=\"container\">\r\n    <div class=\"row\">\r\n      <div class=\"col-lg-14 mx-auto\">\r\n        <h1 class=\"mb-15 text-center\">Verbotene L\u00e4nder und Aktivit\u00e4ten<\/h1>\r\n      <\/div>\r\n    <\/div>\r\n    <div class=\"row mb-40\">\r\n      <div class=\"col-lg-7 mx-auto\">\r\n        <div class=\"text-center\"><img decoding=\"async\" class=\"lazyload\" data-src=\"https:\/\/satchel.eu\/de\/wp-content\/themes\/satchel\/public\/img\/blacklisted-countries-map3.png\" src=\"data:image\/gif;base64,R0lGODlhAQABAAAAACH5BAEKAAEALAAAAAABAAEAAAICTAEAOw==\" alt><\/div>\r\n      <\/div>\r\n    <\/div>\r\n    <h2 class=\"mb-50\">Auf der schwarzen Liste stehende L\u00e4nder:<\/h2>\r\n    <div class=\"columns-sm-2 columns-lg-4 columns-gap-sm-32\">\r\n<p>Afghanistan <\/p>\r\n<p>Amerikanisch-Samoa <\/p>\r\n<p>Amerikanische Jungferninseln <\/p>\r\n<p>Angola <\/p>\r\n<p>Bangladesch <\/p>\r\n<p>Barbados <\/p>\r\n<p>Benin <\/p>\r\n<p>Bolivien <\/p>\r\n<p>Botswana <\/p>\r\n<p>Brunei <\/p>\r\n<p>Burkina Faso <\/p>\r\n<p>Burundi <\/p>\r\n<p>Cayman Inseln <\/p>\r\n<p>Dominica <\/p>\r\n<p>Dschibuti <\/p>\r\n<p>Elfenbeink\u00fcste <\/p>\r\n<p>Eritrea <\/p>\r\n<p>Fidschi <\/p>\r\n<p>Franz\u00f6sische S\u00fcdterritorien <\/p>\r\n<p>Gabun <\/p>\r\n<p>Gambia <\/p>\r\n<p>Ghana <\/p>\r\n<p>Guam <\/p>\r\n<p>Guinea <\/p>\r\n<p>Guinea-Bissau <\/p>\r\n<p>Guyana <\/p>\r\n<p>Haiti <\/p>\r\n<p>Honduras <\/p>\r\n<p>Insel Tokelau <\/p>\r\n<p>Irak <\/p>\r\n<p>Iran <\/p>\r\n<p>Jamaika <\/p>\r\n<p>Jemen <\/p>\r\n<p>Kambodscha <\/p>\r\n<p>Kamerun <\/p>\r\n<p>Kirgisistan <\/p>\r\n<p>Kiribati <\/p>\r\n<p>Kongo (Demokratische Republik) <\/p>\r\n<p>Kongo <\/p>\r\n<p>Kosovo <\/p>\r\n<p>Krim <\/p>\r\n<p>Kuba <\/p>\r\n<p>Laos <\/p>\r\n<p>Lesotho <\/p>\r\n<p>Libanon <\/p>\r\n<p>Liberia <\/p>\r\n<p>Libyen <\/p>\r\n<p>Madagaskar <\/p>\r\n<p>Malawi <\/p>\r\n<p>Malediven <\/p>\r\n<p>Mali <\/p>\r\n<p>Mauretanien <\/p>\r\n<p>Mauritius <\/p>\r\n<p>Mikronesien <\/p>\r\n<p>Mongolei <\/p>\r\n<p>Mosambik <\/p>\r\n<p>Myanmar <\/p>\r\n<p>Namibia <\/p>\r\n<p>Nauru <\/p>\r\n<p>Nicaragua <\/p>\r\n<p>Niger <\/p>\r\n<p>Nigeria <\/p>\r\n<p>Niue <\/p>\r\n<p>Nordkorea (Republik) <\/p>\r\n<p>Pakistan <\/p>\r\n<p>Palau <\/p>\r\n<p>Pal\u00e4stinensisches Gebiet <\/p>\r\n<p>Panama <\/p>\r\n<p>Papua-Neuguinea <\/p>\r\n<p>Pitcairn <\/p>\r\n<p>Ruanda <\/p>\r\n<p>Russland <\/p>\r\n<p>Sambia <\/p>\r\n<p>Samoa <\/p>\r\n<p>Senegal <\/p>\r\n<p>Sierra Leone <\/p>\r\n<p>Simbabwe <\/p>\r\n<p>Somalia <\/p>\r\n<p>Sri Lanka <\/p>\r\n<p>Staat Vatikanstadt <\/p>\r\n<p>Sudan <\/p>\r\n<p>Swasiland <\/p>\r\n<p>Syrien <\/p>\r\n<p>S\u00e3o Tom\u00e9 und Pr\u00edncipe <\/p>\r\n<p>S\u00fcdsudan <\/p>\r\n<p>Tadschikistan <\/p>\r\n<p>Tansania <\/p>\r\n<p>Timor-Leste <\/p>\r\n<p>Togo <\/p>\r\n<p>Tonga <\/p>\r\n<p>Trinidad und Tobago <\/p>\r\n<p>Tschad <\/p>\r\n<p>Turkmenistan <\/p>\r\n<p>Turks- und Caicosinseln <\/p>\r\n<p>Tuvalu <\/p>\r\n<p>Uganda <\/p>\r\n<p>Us Minor Outlying Islands <\/p>\r\n<p>Vanuatu <\/p>\r\n<p>Venezuela <\/p>\r\n<p>Weihnachtsinsel <\/p>\r\n<p>Westsahara <\/p>\r\n<p>Zentralafrikanische Republik<\/p>\r\n<p>\u00c4quatorialguinea <\/p>\r\n<p>\u00c4thiopien <\/p>\r\n    <\/div>\r\n    <h2 class=\"mb-50 mt-40\">Verbotene Aktivit\u00e4ten<\/h2>\r\n    <div class=\"mb-30\">\r\n      <p class=\"columns-sm-2 columns-gap-sm-32\">\r\n        1. Produktion oder Handel mit Produkten oder Aktivit\u00e4ten, die nach den Gesetzen oder Vorschriften des Gastlandes oder internationalen Konventionen und Abkommen als illegal gelten, einschlie\u00dflich und ohne Einschr\u00e4nkung der Anforderungen des Gastlandes in Bezug auf Umwelt-, Gesundheits- und Sicherheits- sowie Arbeitsaspekte;<br>\r\n        2. Herstellung von oder Handel mit Waffen und Munition;<br>\r\n        3. Produktion, Handel, Lagerung oder Transport erheblicher Mengen gef\u00e4hrlicher Chemikalien oder die kommerzielle Verwendung gef\u00e4hrlicher Chemikalien;<br>\r\n        4. Handel mit Wildtieren oder Wildtierprodukten, die unter CITES fallen;<br>\r\n        5. Herstellung von oder Handel mit radioaktivem Material;<br>\r\n        6. Kommerzieller Holzeinschlag oder Kauf von Holzf\u00e4llerausr\u00fcstung f\u00fcr den Einsatz in prim\u00e4ren tropischen Feuchtw\u00e4ldern;<br>\r\n        7. Herstellung von oder Handel mit Pharmazeutika, die einem internationalen Ausstiegsverbot unterliegen;<br>\r\n        8. Herstellung von oder Handel mit Pestiziden\/Herbiziden, die einem internationalen Ausstiegsverbot oder Verbot unterliegen;<br>\r\n        9. Treibnetzfischerei in der Meeresumwelt unter Verwendung von Netzen mit einer L\u00e4nge von mehr als 2,5 km;<br>\r\n        10. Produktion oder Aktivit\u00e4ten, die sch\u00e4dliche oder ausbeuterische Formen von Zwangsarbeit\/sch\u00e4dlicher Kinderarbeit beinhalten;<br>\r\n        11. Herstellung von oder Handel mit ozonabbauenden Stoffen, die einem internationalen Ausstiegsprogramm unterliegen;<br>\r\n        12. Herstellung von oder Handel mit Holz oder anderen forstwirtschaftlichen Produkten aus unbewirtschafteten W\u00e4ldern;<br>\r\n        13. Geldwechsel-H\u00e4ndler;<br>\r\n        14. Beteiligung an Gesch\u00e4ften im Zusammenhang mit Prostitution;<br>\r\n        15. Steinbr\u00fcche, Bergbau oder Verarbeitung von Metallerzen oder Kohle;<br>\r\n        16. Gew\u00e4hrung oder Entgegennahme von Geschenken, die als Beeinflussung von Gesch\u00e4ftsentscheidungen interpretiert werden k\u00f6nnten;<br>\r\n        17. Missbrauch von vertraulichen oder wesentlichen, nicht-\u00f6ffentlichen Informationen;<br>\r\n        18. Handel mit Tierfellen, Knochen und Elfenbein;<br>\r\n        19. Handel mit Diamanten ohne Kimberley-Zertifizierung;<br>\r\n        20. Unanst\u00e4ndiges und obsz\u00f6nes Material, einschlie\u00dflich Kinderpornographie;<br>\r\n        21. Kulturg\u00fcter wie Skulpturen, Statuen, Antiquit\u00e4ten, Sammlerst\u00fccke, arch\u00e4ologische St\u00fccke, insbesondere aus der Republik Irak;<br>\r\n        22. Handel mit Feuerwerksk\u00f6rpern, Sprengstoffen und Nuklearwaffen;<br>\r\n        23. Drogenhandel, einschlie\u00dflich Chemikalien zur Herstellung von synthetischen Drogen oder Drogen;<br>\r\n        24. Handel mit Derivaten\/Optionen\/Hedging;<br>\r\n        25. Nicht lizenzierte Offline-Gl\u00fccksspiele\/Wetten\/Casino\/Pferderennen\/Bingo\/Sportwetten;<br>\r\n        26. Nicht lizenzierte Online-Casinos\/Online-Poker\/Online-Gl\u00fccksspiele\/Online-Wetten\/Verlosungen\/Geschenkkarten\/jede Form von Lotterie\/Sammelkarten;<br>\r\n        27. Inhaberaktien und -anleihen;<br>\r\n        28. Juwelen-, Edelstein- und Edelmetallh\u00e4ndler;<br>\r\n        29. Nicht lizenzierte Forex\/Bin\u00e4re Optionen.\r\n      <\/p>\r\n    <\/div>\r\n    <p class=\"text-center text-gray mb-0\">\r\n      Diese verbotenen L\u00e4nder und Aktivit\u00e4ten sind ein wesentlicher Bestandteil der Satchel-Politik zur Verhinderung von Geldw\u00e4sche und Terrorismusfinanzierung.\r\n    <\/p>\r\n    <div class=\"text-center mt-50\"><a class=\"btn btn-primary\" href=\"https:\/\/satchel.eu\/de\/\">Zur\u00fcck zur Startseite<\/a><\/div>\r\n  <\/div>\r\n<\/section>","protected":false},"excerpt":{"rendered":"Verbotene L\u00e4nder und Aktivit\u00e4ten Auf der schwarzen Liste stehende L\u00e4nder: Afghanistan Amerikanisch-Samoa Amerikanische Jungferninseln Angola Bangladesch Barbados Benin Bolivien Botswana Brunei Burkina Faso Burundi Cayman Inseln Dominica Dschibuti Elfenbeink\u00fcste Eritrea Fidschi Franz\u00f6sische S\u00fcdterritorien Gabun Gambia Ghana Guam Guinea Guinea-Bissau Guyana Haiti Honduras Insel Tokelau Irak Iran Jamaika Jemen Kambodscha Kamerun Kirgisistan Kiribati Kongo (Demokratische Republik)&#8230;","protected":false},"author":5,"featured_media":0,"parent":0,"menu_order":0,"comment_status":"closed","ping_status":"closed","template":"","meta":{"_acf_changed":false,"footnotes":""},"class_list":["post-137","page","type-page","status-publish","hentry"],"acf":[],"yoast_head":"<!-- This site is optimized with the Yoast SEO plugin v22.0 - https:\/\/yoast.com\/wordpress\/plugins\/seo\/ -->\n<title>Schwarze Liste &amp; verbotene Aktivit\u00e4ten \u2013 Satchel.eu<\/title>\n<meta name=\"description\" content=\"Satchel folgt internationalen Qualit\u00e4tsstandards und unterst\u00fctzt keine Operationen mit sanktionierten Gerichtsbarkeiten oder risikoreichen Aktivit\u00e4ten.\" \/>\n<meta name=\"robots\" content=\"index, follow, max-snippet:-1, max-image-preview:large, max-video-preview:-1\" \/>\n<link rel=\"canonical\" href=\"https:\/\/satchel.eu\/de\/prohibited-countries-and-activities\/\" \/>\n<meta property=\"og:locale\" content=\"de_DE\" \/>\n<meta property=\"og:type\" content=\"article\" \/>\n<meta property=\"og:title\" content=\"Schwarze Liste &amp; verbotene Aktivit\u00e4ten \u2013 Satchel.eu\" \/>\n<meta property=\"og:description\" content=\"Satchel folgt internationalen Qualit\u00e4tsstandards und unterst\u00fctzt keine Operationen mit sanktionierten Gerichtsbarkeiten oder risikoreichen Aktivit\u00e4ten.\" \/>\n<meta property=\"og:url\" content=\"https:\/\/satchel.eu\/de\/prohibited-countries-and-activities\/\" \/>\n<meta property=\"og:site_name\" content=\"Satchel\" \/>\n<meta property=\"article:modified_time\" content=\"2025-12-29T13:36:26+00:00\" \/>\n<meta name=\"twitter:card\" content=\"summary_large_image\" \/>\n<meta name=\"twitter:label1\" content=\"Gesch\u00e4tzte Lesezeit\" \/>\n\t<meta name=\"twitter:data1\" content=\"3\u00a0Minuten\" \/>\n<script type=\"application\/ld+json\" class=\"yoast-schema-graph\">{\"@context\":\"https:\/\/schema.org\",\"@graph\":[{\"@type\":\"WebPage\",\"@id\":\"https:\/\/satchel.eu\/de\/prohibited-countries-and-activities\/\",\"url\":\"https:\/\/satchel.eu\/de\/prohibited-countries-and-activities\/\",\"name\":\"Schwarze Liste & verbotene Aktivit\u00e4ten \u2013 Satchel.eu\",\"isPartOf\":{\"@id\":\"https:\/\/satchel.eu\/de\/#website\"},\"datePublished\":\"2021-03-02T18:34:58+00:00\",\"dateModified\":\"2025-12-29T13:36:26+00:00\",\"description\":\"Satchel folgt internationalen Qualit\u00e4tsstandards und unterst\u00fctzt keine Operationen mit sanktionierten Gerichtsbarkeiten oder risikoreichen Aktivit\u00e4ten.\",\"breadcrumb\":{\"@id\":\"https:\/\/satchel.eu\/de\/prohibited-countries-and-activities\/#breadcrumb\"},\"inLanguage\":\"de\",\"potentialAction\":[{\"@type\":\"ReadAction\",\"target\":[\"https:\/\/satchel.eu\/de\/prohibited-countries-and-activities\/\"]}]},{\"@type\":\"BreadcrumbList\",\"@id\":\"https:\/\/satchel.eu\/de\/prohibited-countries-and-activities\/#breadcrumb\",\"itemListElement\":[{\"@type\":\"ListItem\",\"position\":1,\"name\":\"Satchel\",\"item\":\"https:\/\/satchel.eu\/de\/\"},{\"@type\":\"ListItem\",\"position\":2,\"name\":\"Verbotene L\u00e4nder und Aktivit\u00e4ten\"}]},{\"@type\":\"WebSite\",\"@id\":\"https:\/\/satchel.eu\/de\/#website\",\"url\":\"https:\/\/satchel.eu\/de\/\",\"name\":\"Satchel\",\"description\":\"Ihre L\u00f6sung f\u00fcr das Geldmanagement\",\"publisher\":{\"@id\":\"https:\/\/satchel.eu\/de\/#organization\"},\"potentialAction\":[{\"@type\":\"SearchAction\",\"target\":{\"@type\":\"EntryPoint\",\"urlTemplate\":\"https:\/\/satchel.eu\/de\/?s={search_term_string}\"},\"query-input\":\"required name=search_term_string\"}],\"inLanguage\":\"de\"},{\"@type\":\"Organization\",\"@id\":\"https:\/\/satchel.eu\/de\/#organization\",\"name\":\"Satchel\",\"url\":\"https:\/\/satchel.eu\/de\/\",\"logo\":{\"@type\":\"ImageObject\",\"inLanguage\":\"de\",\"@id\":\"https:\/\/satchel.eu\/de\/#\/schema\/logo\/image\/\",\"url\":\"https:\/\/satchel.eu\/de\/wp-content\/uploads\/sites\/5\/2021\/05\/logo-black.jpg\",\"contentUrl\":\"https:\/\/satchel.eu\/de\/wp-content\/uploads\/sites\/5\/2021\/05\/logo-black.jpg\",\"width\":135,\"height\":32,\"caption\":\"Satchel\"},\"image\":{\"@id\":\"https:\/\/satchel.eu\/de\/#\/schema\/logo\/image\/\"}}]}<\/script>\n<!-- \/ Yoast SEO plugin. -->","yoast_head_json":{"title":"Schwarze Liste & verbotene Aktivit\u00e4ten \u2013 Satchel.eu","description":"Satchel folgt internationalen Qualit\u00e4tsstandards und unterst\u00fctzt keine Operationen mit sanktionierten Gerichtsbarkeiten oder risikoreichen Aktivit\u00e4ten.","robots":{"index":"index","follow":"follow","max-snippet":"max-snippet:-1","max-image-preview":"max-image-preview:large","max-video-preview":"max-video-preview:-1"},"canonical":"https:\/\/satchel.eu\/de\/prohibited-countries-and-activities\/","og_locale":"de_DE","og_type":"article","og_title":"Schwarze Liste & verbotene Aktivit\u00e4ten \u2013 Satchel.eu","og_description":"Satchel folgt internationalen Qualit\u00e4tsstandards und unterst\u00fctzt keine Operationen mit sanktionierten Gerichtsbarkeiten oder risikoreichen Aktivit\u00e4ten.","og_url":"https:\/\/satchel.eu\/de\/prohibited-countries-and-activities\/","og_site_name":"Satchel","article_modified_time":"2025-12-29T13:36:26+00:00","twitter_card":"summary_large_image","twitter_misc":{"Gesch\u00e4tzte Lesezeit":"3\u00a0Minuten"},"schema":{"@context":"https:\/\/schema.org","@graph":[{"@type":"WebPage","@id":"https:\/\/satchel.eu\/de\/prohibited-countries-and-activities\/","url":"https:\/\/satchel.eu\/de\/prohibited-countries-and-activities\/","name":"Schwarze Liste & verbotene Aktivit\u00e4ten \u2013 Satchel.eu","isPartOf":{"@id":"https:\/\/satchel.eu\/de\/#website"},"datePublished":"2021-03-02T18:34:58+00:00","dateModified":"2025-12-29T13:36:26+00:00","description":"Satchel folgt internationalen Qualit\u00e4tsstandards und unterst\u00fctzt keine Operationen mit sanktionierten Gerichtsbarkeiten oder risikoreichen Aktivit\u00e4ten.","breadcrumb":{"@id":"https:\/\/satchel.eu\/de\/prohibited-countries-and-activities\/#breadcrumb"},"inLanguage":"de","potentialAction":[{"@type":"ReadAction","target":["https:\/\/satchel.eu\/de\/prohibited-countries-and-activities\/"]}]},{"@type":"BreadcrumbList","@id":"https:\/\/satchel.eu\/de\/prohibited-countries-and-activities\/#breadcrumb","itemListElement":[{"@type":"ListItem","position":1,"name":"Satchel","item":"https:\/\/satchel.eu\/de\/"},{"@type":"ListItem","position":2,"name":"Verbotene L\u00e4nder und Aktivit\u00e4ten"}]},{"@type":"WebSite","@id":"https:\/\/satchel.eu\/de\/#website","url":"https:\/\/satchel.eu\/de\/","name":"Satchel","description":"Ihre L\u00f6sung f\u00fcr das Geldmanagement","publisher":{"@id":"https:\/\/satchel.eu\/de\/#organization"},"potentialAction":[{"@type":"SearchAction","target":{"@type":"EntryPoint","urlTemplate":"https:\/\/satchel.eu\/de\/?s={search_term_string}"},"query-input":"required name=search_term_string"}],"inLanguage":"de"},{"@type":"Organization","@id":"https:\/\/satchel.eu\/de\/#organization","name":"Satchel","url":"https:\/\/satchel.eu\/de\/","logo":{"@type":"ImageObject","inLanguage":"de","@id":"https:\/\/satchel.eu\/de\/#\/schema\/logo\/image\/","url":"https:\/\/satchel.eu\/de\/wp-content\/uploads\/sites\/5\/2021\/05\/logo-black.jpg","contentUrl":"https:\/\/satchel.eu\/de\/wp-content\/uploads\/sites\/5\/2021\/05\/logo-black.jpg","width":135,"height":32,"caption":"Satchel"},"image":{"@id":"https:\/\/satchel.eu\/de\/#\/schema\/logo\/image\/"}}]}},"_links":{"self":[{"href":"https:\/\/satchel.eu\/de\/wp-json\/wp\/v2\/pages\/137","targetHints":{"allow":["GET"]}}],"collection":[{"href":"https:\/\/satchel.eu\/de\/wp-json\/wp\/v2\/pages"}],"about":[{"href":"https:\/\/satchel.eu\/de\/wp-json\/wp\/v2\/types\/page"}],"author":[{"embeddable":true,"href":"https:\/\/satchel.eu\/de\/wp-json\/wp\/v2\/users\/5"}],"replies":[{"embeddable":true,"href":"https:\/\/satchel.eu\/de\/wp-json\/wp\/v2\/comments?post=137"}],"version-history":[{"count":4,"href":"https:\/\/satchel.eu\/de\/wp-json\/wp\/v2\/pages\/137\/revisions"}],"predecessor-version":[{"id":5703,"href":"https:\/\/satchel.eu\/de\/wp-json\/wp\/v2\/pages\/137\/revisions\/5703"}],"wp:attachment":[{"href":"https:\/\/satchel.eu\/de\/wp-json\/wp\/v2\/media?parent=137"}],"curies":[{"name":"wp","href":"https:\/\/api.w.org\/{rel}","templated":true}]}}