{"id":141,"date":"2021-03-02T20:37:01","date_gmt":"2021-03-02T18:37:01","guid":{"rendered":"https:\/\/satchel-eu-new.devlab69.com\/?page_id=141"},"modified":"2025-12-08T14:39:05","modified_gmt":"2025-12-08T12:39:05","slug":"security","status":"publish","type":"page","link":"https:\/\/satchel.eu\/de\/security\/","title":{"rendered":"Sicherheit"},"content":{"rendered":"<section class=\"section mh-lg-460px d-lg-flex align-items-lg-center\">\r\n  <div class=\"container\">\r\n    <div class=\"row\">\r\n      <div class=\"col-lg-12 mx-auto\">\r\n        <h1 class=\"mb-15 text-center\">Intelligente Sicherheitsfunktionen, um Ihr Geld sicher zu halten<\/h1>\r\n        <p class=\"mb-0 text-center\">Satchel arbeitet mit einer europ\u00e4ischen EWI-Lizenz, die von der litauischen Nationalbank ausgestellt wurde. Damit ist sichergestellt, dass Ihre Gelder jederzeit gesch\u00fctzt sind.<\/p>\r\n      <\/div>\r\n    <\/div>\r\n    <div class=\"d-flex align-items-center justify-content-center mt-30\">\r\n      <a href=\"#section2\" class=\"js-scroll-to\"><img decoding=\"async\" class=\"lazyload\" data-src=\"https:\/\/satchel.eu\/de\/wp-content\/themes\/satchel\/public\/img\/hero-scroll-down-icon.svg?v=2.5\" src=\"data:image\/gif;base64,R0lGODlhAQABAAAAACH5BAEKAAEALAAAAAABAAEAAAICTAEAOw==\" alt><\/a> \r\n    <\/div>\r\n  <\/div>\r\n<\/section>\r\n\r\n<section class=\"section\" id=\"section2\">\r\n  <div class=\"container\">\r\n    <div class=\"row align-items-center\">\r\n      <div class=\"col-md-9 col-lg-6 offset-lg-2 mb-md-0 mb-30\">\r\n        <h2 class=\"mb-15\">Cloud-L\u00f6sung<\/h2>\r\n        <p class=\"mb-0\">Wir haben Richtlinien und Kontrollen eingef\u00fchrt, die den vollst\u00e4ndigen Schutz der Benutzerdaten vor potenziellen Bedrohungen durch Dezentralisierung gew\u00e4hrleisten. Jedes Mal, wenn Sie mit uns \u00fcber digitale Kan\u00e4le interagieren oder irgendeine Art von Transaktion durchf\u00fchren, k\u00f6nnen Sie sicher sein, dass die Cloud \u00fcber die Sicherheit wacht.<\/p>\r\n      <\/div>\r\n      <div class=\"col-md-7 col-lg-6 offset-lg-1 text-md-right\"><img decoding=\"async\" class=\"lazyload\" data-src=\"https:\/\/satchel.eu\/de\/wp-content\/themes\/satchel\/public\/img\/cloud-solution@2x.png\" width=\"352\" src=\"data:image\/gif;base64,R0lGODlhAQABAAAAACH5BAEKAAEALAAAAAABAAEAAAICTAEAOw==\" alt><\/div>\r\n    <\/div>\r\n  <\/div>\r\n<\/section>\r\n<section class=\"section\">\r\n  <div class=\"container\">\r\n    <div class=\"row align-items-center\">\r\n      <div class=\"col-md-7 col-lg-6 offset-lg-2 order-2 order-md-1\"><img decoding=\"async\" class=\"lazyload\" data-src=\"https:\/\/satchel.eu\/de\/wp-content\/themes\/satchel\/public\/img\/2fa@2x.png\" width=\"332\" src=\"data:image\/gif;base64,R0lGODlhAQABAAAAACH5BAEKAAEALAAAAAABAAEAAAICTAEAOw==\" alt><\/div>\r\n      <div class=\"col-md-9 col-lg-6 offset-lg-1 mb-md-0 mb-30 order-1 order-md-2\">\r\n        <h2 class=\"mb-15\">2FA<\/h2>\r\n        <p class=\"mb-0\">Durch die Aktivierung der Zwei-Faktor-Authentifizierung haben wir Ihren Authentifizierungsprozess um eine zus\u00e4tzliche Sicherheitsebene erweitert, die es Cyberkriminellen erschwert, an Ihre pers\u00f6nlichen Daten zu gelangen. Selbst wenn Ihr Passwort kompromittiert wird, reicht das nicht aus, um in Ihr Satchel-Konto einzubrechen.<\/p>\r\n      <\/div>\r\n    <\/div>\r\n  <\/div>\r\n<\/section>\r\n<section class=\"section\">\r\n  <div class=\"container\">\r\n    <div class=\"row align-items-center\">\r\n      <div class=\"col-md-9 col-lg-6 offset-lg-2 mb-md-0 mb-30\">\r\n        <h2 class=\"mb-15\">3D-Sicherheit<\/h2>\r\n        <p class=\"mb-0\">Dieses fortschrittliche Sicherheitstool wird jedes Mal aktiviert, wenn Sie einen Online-Einkauf oder eine Online-Zahlung t\u00e4tigen, um zu \u00fcberpr\u00fcfen, ob Sie tats\u00e4chlich auf der anderen Seite des Bildschirms sitzen. Es handelt sich um einen weiteren Authentifizierungsschritt, der es uns erm\u00f6glicht, Ihre Online-Transaktion sicher zu best\u00e4tigen.<\/p>\r\n      <\/div>\r\n      <div class=\"col-md-7 col-lg-6 offset-lg-1 text-md-right\"><img decoding=\"async\" class=\"lazyload\" data-src=\"https:\/\/satchel.eu\/de\/wp-content\/themes\/satchel\/public\/img\/3d-secure@2x.png\" width=\"264\" src=\"data:image\/gif;base64,R0lGODlhAQABAAAAACH5BAEKAAEALAAAAAABAAEAAAICTAEAOw==\" alt><\/div>\r\n    <\/div>\r\n  <\/div>\r\n<\/section>\r\n<section class=\"section\">\r\n  <div class=\"container\">\r\n    <div class=\"row align-items-center\">\r\n      <div class=\"col-md-7 col-lg-6 offset-lg-2 order-2 order-md-1\"><img decoding=\"async\" class=\"lazyload\" data-src=\"https:\/\/satchel.eu\/de\/wp-content\/themes\/satchel\/public\/img\/segregated-accounts@2x.png\" width=\"256\" src=\"data:image\/gif;base64,R0lGODlhAQABAAAAACH5BAEKAAEALAAAAAABAAEAAAICTAEAOw==\" alt><\/div>\r\n      <div class=\"col-md-9 col-lg-6 offset-lg-1 mb-md-0 mb-30 order-1 order-md-2\">\r\n        <h2 class=\"mb-15\">Getrennte Konten<\/h2>\r\n        <p class=\"mb-0\">Gem\u00e4\u00df unserer Lizenz sind wir verpflichtet, das Geld unserer Kunden auf einem separaten Konto bei der litauischen Nationalbank zu f\u00fchren. Auf diese Weise beseitigen wir jegliche Bedenken Ihrerseits hinsichtlich der Sicherheit des Geldortes.<\/p>\r\n      <\/div>\r\n    <\/div>\r\n  <\/div>\r\n<\/section>\r\n<section class=\"section\">\r\n  <div class=\"container\">\r\n    <div class=\"row align-items-center\">\r\n      <div class=\"col-md-9 col-lg-6 offset-lg-2 mb-md-0 mb-30\">\r\n        <h2 class=\"mb-15\">Software und Systemverfahren zur Betrugsbek\u00e4mpfung<\/h2>\r\n        <p class=\"mb-0\">Diese geh\u00f6ren zu den wichtigsten Sicherheitsfunktionen, die wir haben. Die Software hilft uns zusammen mit einer Reihe von speziellen Verfahren, gef\u00e4hrliche Aktivit\u00e4ten zu erkennen und zu verhindern, die m\u00f6glicherweise Ihr Geld sch\u00e4digen k\u00f6nnen.<\/p>\r\n      <\/div>\r\n      <div class=\"col-md-7 col-lg-6 offset-lg-1 text-md-right\"><img decoding=\"async\" class=\"lazyload\" data-src=\"https:\/\/satchel.eu\/de\/wp-content\/themes\/satchel\/public\/img\/anti-fraud@2x.png\" width=\"306\" src=\"data:image\/gif;base64,R0lGODlhAQABAAAAACH5BAEKAAEALAAAAAABAAEAAAICTAEAOw==\" alt><\/div>\r\n    <\/div>\r\n  <\/div>\r\n<\/section>\r\n<section class=\"section\">\r\n  <div class=\"container\">\r\n    <div class=\"row align-items-center\">\r\n      <div class=\"col-md-7 col-lg-6 offset-lg-2 order-2 order-md-1 d-md-block d-none\"><img decoding=\"async\" class=\"lazyload\" data-src=\"https:\/\/satchel.eu\/de\/wp-content\/themes\/satchel\/public\/img\/support.jpg\" width=\"360\" height=\"282\" src=\"data:image\/gif;base64,R0lGODlhAQABAAAAACH5BAEKAAEALAAAAAABAAEAAAICTAEAOw==\" alt><\/div>\r\n      <div class=\"col-md-9 col-lg-6 offset-lg-1 mb-md-0 mb-30 order-1 order-md-2\">\r\n        <h2 class=\"mb-15\">Ein Kundenservice, der immer f\u00fcr Sie da ist<\/h2>\r\n        <p class=\"mb-25\">Wenn Sie sich immer noch Sorgen um die Sicherheit Ihres Geldes oder Ihrer sensiblen Daten machen, z\u00f6gern Sie nicht, unseren Kundenservice zu kontaktieren.<\/p>\r\n        <div class=\"d-flex justify-content-center justify-content-md-start flex-column flex-sm-row\">\r\n          <a class=\"btn btn-primary mr-sm-20 mb-10 mb-sm-0\" href=\"https:\/\/satchel.eu\/de\/contact-us\/\">Kontakte<\/a>\r\n          <a class=\"btn btn-primary mr-sm-20 mb-10 mb-sm-0\" href=\"https:\/\/satchel.eu\/de\/faq\/\">FAQ<\/a>\r\n          <a class=\"btn btn-outline-primary btn-outline-primary--contact\" href=\"tel:+37052141818\">+370 5214 1818<\/a>\r\n        <\/div>\r\n      <\/div>\r\n    <\/div>\r\n  <\/div>\r\n<\/section>","protected":false},"excerpt":{"rendered":"Intelligente Sicherheitsfunktionen, um Ihr Geld sicher zu halten Satchel arbeitet mit einer europ\u00e4ischen EWI-Lizenz, die von der litauischen Nationalbank ausgestellt wurde. Damit ist sichergestellt, dass Ihre Gelder jederzeit gesch\u00fctzt sind. Cloud-L\u00f6sung Wir haben Richtlinien und Kontrollen eingef\u00fchrt, die den vollst\u00e4ndigen Schutz der Benutzerdaten vor potenziellen Bedrohungen durch Dezentralisierung gew\u00e4hrleisten. Jedes Mal, wenn Sie mit uns&#8230;","protected":false},"author":5,"featured_media":0,"parent":0,"menu_order":0,"comment_status":"closed","ping_status":"closed","template":"templates\/security.php","meta":{"_acf_changed":false,"footnotes":""},"class_list":["post-141","page","type-page","status-publish","hentry"],"acf":[],"yoast_head":"<!-- This site is optimized with the Yoast SEO plugin v22.0 - https:\/\/yoast.com\/wordpress\/plugins\/seo\/ -->\n<title>Robuste Smart Security \u2013 Satchel<\/title>\n<meta name=\"description\" content=\"Erfahren Sie mehr \u00fcber die robusten Sicherheitsfunktionen bei Satchel, wie 3D-Secure, 2FA und Cloud-L\u00f6sungen, die Ihr Geld sch\u00fctzen.\" \/>\n<meta name=\"robots\" content=\"index, follow, max-snippet:-1, max-image-preview:large, max-video-preview:-1\" \/>\n<link rel=\"canonical\" href=\"https:\/\/satchel.eu\/de\/security\/\" \/>\n<meta property=\"og:locale\" content=\"de_DE\" \/>\n<meta property=\"og:type\" content=\"article\" \/>\n<meta property=\"og:title\" content=\"Robuste Smart Security \u2013 Satchel\" \/>\n<meta property=\"og:description\" content=\"Erfahren Sie mehr \u00fcber die robusten Sicherheitsfunktionen bei Satchel, wie 3D-Secure, 2FA und Cloud-L\u00f6sungen, die Ihr Geld sch\u00fctzen.\" \/>\n<meta property=\"og:url\" content=\"https:\/\/satchel.eu\/de\/security\/\" \/>\n<meta property=\"og:site_name\" content=\"Satchel\" \/>\n<meta property=\"article:modified_time\" content=\"2025-12-08T12:39:05+00:00\" \/>\n<meta name=\"twitter:card\" content=\"summary_large_image\" \/>\n<meta name=\"twitter:label1\" content=\"Gesch\u00e4tzte Lesezeit\" \/>\n\t<meta name=\"twitter:data1\" content=\"4\u00a0Minuten\" \/>\n<script type=\"application\/ld+json\" class=\"yoast-schema-graph\">{\"@context\":\"https:\/\/schema.org\",\"@graph\":[{\"@type\":\"WebPage\",\"@id\":\"https:\/\/satchel.eu\/de\/security\/\",\"url\":\"https:\/\/satchel.eu\/de\/security\/\",\"name\":\"Robuste Smart Security \u2013 Satchel\",\"isPartOf\":{\"@id\":\"https:\/\/satchel.eu\/de\/#website\"},\"datePublished\":\"2021-03-02T18:37:01+00:00\",\"dateModified\":\"2025-12-08T12:39:05+00:00\",\"description\":\"Erfahren Sie mehr \u00fcber die robusten Sicherheitsfunktionen bei Satchel, wie 3D-Secure, 2FA und Cloud-L\u00f6sungen, die Ihr Geld sch\u00fctzen.\",\"breadcrumb\":{\"@id\":\"https:\/\/satchel.eu\/de\/security\/#breadcrumb\"},\"inLanguage\":\"de\",\"potentialAction\":[{\"@type\":\"ReadAction\",\"target\":[\"https:\/\/satchel.eu\/de\/security\/\"]}]},{\"@type\":\"BreadcrumbList\",\"@id\":\"https:\/\/satchel.eu\/de\/security\/#breadcrumb\",\"itemListElement\":[{\"@type\":\"ListItem\",\"position\":1,\"name\":\"Satchel\",\"item\":\"https:\/\/satchel.eu\/de\/\"},{\"@type\":\"ListItem\",\"position\":2,\"name\":\"Sicherheit\"}]},{\"@type\":\"WebSite\",\"@id\":\"https:\/\/satchel.eu\/de\/#website\",\"url\":\"https:\/\/satchel.eu\/de\/\",\"name\":\"Satchel\",\"description\":\"Ihre L\u00f6sung f\u00fcr das Geldmanagement\",\"publisher\":{\"@id\":\"https:\/\/satchel.eu\/de\/#organization\"},\"potentialAction\":[{\"@type\":\"SearchAction\",\"target\":{\"@type\":\"EntryPoint\",\"urlTemplate\":\"https:\/\/satchel.eu\/de\/?s={search_term_string}\"},\"query-input\":\"required name=search_term_string\"}],\"inLanguage\":\"de\"},{\"@type\":\"Organization\",\"@id\":\"https:\/\/satchel.eu\/de\/#organization\",\"name\":\"Satchel\",\"url\":\"https:\/\/satchel.eu\/de\/\",\"logo\":{\"@type\":\"ImageObject\",\"inLanguage\":\"de\",\"@id\":\"https:\/\/satchel.eu\/de\/#\/schema\/logo\/image\/\",\"url\":\"https:\/\/satchel.eu\/de\/wp-content\/uploads\/sites\/5\/2021\/05\/logo-black.jpg\",\"contentUrl\":\"https:\/\/satchel.eu\/de\/wp-content\/uploads\/sites\/5\/2021\/05\/logo-black.jpg\",\"width\":135,\"height\":32,\"caption\":\"Satchel\"},\"image\":{\"@id\":\"https:\/\/satchel.eu\/de\/#\/schema\/logo\/image\/\"}}]}<\/script>\n<!-- \/ Yoast SEO plugin. -->","yoast_head_json":{"title":"Robuste Smart Security \u2013 Satchel","description":"Erfahren Sie mehr \u00fcber die robusten Sicherheitsfunktionen bei Satchel, wie 3D-Secure, 2FA und Cloud-L\u00f6sungen, die Ihr Geld sch\u00fctzen.","robots":{"index":"index","follow":"follow","max-snippet":"max-snippet:-1","max-image-preview":"max-image-preview:large","max-video-preview":"max-video-preview:-1"},"canonical":"https:\/\/satchel.eu\/de\/security\/","og_locale":"de_DE","og_type":"article","og_title":"Robuste Smart Security \u2013 Satchel","og_description":"Erfahren Sie mehr \u00fcber die robusten Sicherheitsfunktionen bei Satchel, wie 3D-Secure, 2FA und Cloud-L\u00f6sungen, die Ihr Geld sch\u00fctzen.","og_url":"https:\/\/satchel.eu\/de\/security\/","og_site_name":"Satchel","article_modified_time":"2025-12-08T12:39:05+00:00","twitter_card":"summary_large_image","twitter_misc":{"Gesch\u00e4tzte Lesezeit":"4\u00a0Minuten"},"schema":{"@context":"https:\/\/schema.org","@graph":[{"@type":"WebPage","@id":"https:\/\/satchel.eu\/de\/security\/","url":"https:\/\/satchel.eu\/de\/security\/","name":"Robuste Smart Security \u2013 Satchel","isPartOf":{"@id":"https:\/\/satchel.eu\/de\/#website"},"datePublished":"2021-03-02T18:37:01+00:00","dateModified":"2025-12-08T12:39:05+00:00","description":"Erfahren Sie mehr \u00fcber die robusten Sicherheitsfunktionen bei Satchel, wie 3D-Secure, 2FA und Cloud-L\u00f6sungen, die Ihr Geld sch\u00fctzen.","breadcrumb":{"@id":"https:\/\/satchel.eu\/de\/security\/#breadcrumb"},"inLanguage":"de","potentialAction":[{"@type":"ReadAction","target":["https:\/\/satchel.eu\/de\/security\/"]}]},{"@type":"BreadcrumbList","@id":"https:\/\/satchel.eu\/de\/security\/#breadcrumb","itemListElement":[{"@type":"ListItem","position":1,"name":"Satchel","item":"https:\/\/satchel.eu\/de\/"},{"@type":"ListItem","position":2,"name":"Sicherheit"}]},{"@type":"WebSite","@id":"https:\/\/satchel.eu\/de\/#website","url":"https:\/\/satchel.eu\/de\/","name":"Satchel","description":"Ihre L\u00f6sung f\u00fcr das Geldmanagement","publisher":{"@id":"https:\/\/satchel.eu\/de\/#organization"},"potentialAction":[{"@type":"SearchAction","target":{"@type":"EntryPoint","urlTemplate":"https:\/\/satchel.eu\/de\/?s={search_term_string}"},"query-input":"required name=search_term_string"}],"inLanguage":"de"},{"@type":"Organization","@id":"https:\/\/satchel.eu\/de\/#organization","name":"Satchel","url":"https:\/\/satchel.eu\/de\/","logo":{"@type":"ImageObject","inLanguage":"de","@id":"https:\/\/satchel.eu\/de\/#\/schema\/logo\/image\/","url":"https:\/\/satchel.eu\/de\/wp-content\/uploads\/sites\/5\/2021\/05\/logo-black.jpg","contentUrl":"https:\/\/satchel.eu\/de\/wp-content\/uploads\/sites\/5\/2021\/05\/logo-black.jpg","width":135,"height":32,"caption":"Satchel"},"image":{"@id":"https:\/\/satchel.eu\/de\/#\/schema\/logo\/image\/"}}]}},"_links":{"self":[{"href":"https:\/\/satchel.eu\/de\/wp-json\/wp\/v2\/pages\/141","targetHints":{"allow":["GET"]}}],"collection":[{"href":"https:\/\/satchel.eu\/de\/wp-json\/wp\/v2\/pages"}],"about":[{"href":"https:\/\/satchel.eu\/de\/wp-json\/wp\/v2\/types\/page"}],"author":[{"embeddable":true,"href":"https:\/\/satchel.eu\/de\/wp-json\/wp\/v2\/users\/5"}],"replies":[{"embeddable":true,"href":"https:\/\/satchel.eu\/de\/wp-json\/wp\/v2\/comments?post=141"}],"version-history":[{"count":2,"href":"https:\/\/satchel.eu\/de\/wp-json\/wp\/v2\/pages\/141\/revisions"}],"predecessor-version":[{"id":5745,"href":"https:\/\/satchel.eu\/de\/wp-json\/wp\/v2\/pages\/141\/revisions\/5745"}],"wp:attachment":[{"href":"https:\/\/satchel.eu\/de\/wp-json\/wp\/v2\/media?parent=141"}],"curies":[{"name":"wp","href":"https:\/\/api.w.org\/{rel}","templated":true}]}}