{"id":1652,"date":"2021-04-12T12:28:51","date_gmt":"2021-04-12T09:28:51","guid":{"rendered":"https:\/\/satchel-eu-new.devlab69.com\/?page_id=1652"},"modified":"2025-12-08T14:38:33","modified_gmt":"2025-12-08T12:38:33","slug":"satchel-atm-pos-foreign-exchange-rates","status":"publish","type":"page","link":"https:\/\/satchel.eu\/de\/satchel-atm-pos-foreign-exchange-rates\/","title":{"rendered":"Satchel ATM\/POS Wechselkurse"},"content":{"rendered":"<section class=\"section pt-45 pt-md-70\">\r\n  <div class=\"container\">\r\n    <div class=\"row\">\r\n      <div class=\"col-lg-12 mx-auto\">\r\n        <h1 class=\"text-center mb-50\">Satchel ATM\/POS Wechselkurse<\/h1>\r\n      <\/div>\r\n    <\/div>\r\n    <div class=\"row\">\r\n      <div class=\"col-lg-12 mx-auto\">\r\n        <p>Die Verordnung 518\/2019 der Europ\u00e4ischen Union (EU) zielt darauf ab, die Transparenz der W\u00e4hrungsumrechnungskosten f\u00fcr Kartenzahlungen in den EWR-L\u00e4ndern zu erh\u00f6hen.<\/p>\r\n        <p>Emittenten aus EWR-L\u00e4ndern m\u00fcssen auf ihrer Website die prozentuale Differenz zwischen den folgenden S\u00e4tzen ver\u00f6ffentlichen:<\/p>\r\n        \r\n        <div class=\"fees-table fees-table--card mb-30\">\r\n          <div class=\"fees-table__overflow\">\r\n            <table>\r\n              <tr>\r\n                <th class=\"text-left\" align=\"left\" valign=\"middle\">Tarifplan<\/th>\r\n                <th class=\"text-right\" align=\"right\" valign=\"middle\">Aufschlagssatz<\/th>\r\n              <\/tr>\r\n              <tr>\r\n                <td align=\"left\" valign=\"middle\">Proud to be Lithuanian<\/td>\r\n                <td align=\"right\" valign=\"middle\">1%<\/td>\r\n              <\/tr>\r\n              <tr>\r\n                <td align=\"left\" valign=\"middle\">Regular Spender<\/td>\r\n                <td align=\"right\" valign=\"middle\">1%<\/td>\r\n              <\/tr>\r\n              <tr>\r\n                <td align=\"left\" valign=\"middle\">Active Spender \/ Traveler<\/td>\r\n                <td align=\"right\" valign=\"middle\">1%<\/td>\r\n              <\/tr>\r\n              <tr>\r\n                <td align=\"left\" valign=\"middle\">Small \/ Medium Business<\/td>\r\n                <td align=\"right\" valign=\"middle\">1%<\/td>\r\n              <\/tr>\r\n              <tr>\r\n                <td align=\"left\" valign=\"middle\">Jeder Zolltarif (WL)<\/td>\r\n                <td align=\"right\" valign=\"middle\">1%<\/td>\r\n              <\/tr>\r\n            <\/table>\r\n          <\/div>\r\n        <\/div>\r\n        \r\n        <p>Die jeweils zuletzt ver\u00f6ffentlichten Euro-Wechselkurse (von der Europ\u00e4ischen Zentralbank). Die Euro-Referenzkurse f\u00fcr Devisen werden von der EZB auf ihrer Website und bei ausgew\u00e4hlten Bankdienstleistungen um 16:00 Uhr MEZ. ver\u00f6ffentlicht. <\/p>\r\n        <p>Euro-Devisenreferenz der EZB:<\/p>\r\n        \r\n        <div class=\"fees-table fees-table--card mb-30\">\r\n          <div class=\"fees-table__overflow\">\r\n            <table>\r\n              <tr>\r\n                <th class=\"text-left\" align=\"left\" valign=\"middle\">W\u00e4hrung<\/th>\r\n                <th class=\"text-right\" align=\"right\" valign=\"middle\">Spot<\/th>\r\n              <\/tr>\r\n              <tr>\r\n                <td align=\"left\" valign=\"middle\">US Dollar<\/td>\r\n                <td align=\"right\" valign=\"middle\">1.2136<\/td>\r\n              <\/tr>\r\n              <tr>\r\n                <td align=\"left\" valign=\"middle\">Japanischer Yen <\/td>\r\n                <td align=\"right\" valign=\"middle\">127.05<\/td>\r\n              <\/tr>\r\n              <tr>\r\n                <td align=\"left\" valign=\"middle\">Bulgarischer Lew <\/td>\r\n                <td align=\"right\" valign=\"middle\">1.9558<\/td>\r\n              <\/tr>\r\n              <tr>\r\n                <td align=\"left\" valign=\"middle\">Tschechische Krone <\/td>\r\n                <td align=\"right\" valign=\"middle\">26.020<\/td>\r\n              <\/tr>\r\n              <tr>\r\n                <td align=\"left\" valign=\"middle\">D\u00e4nische Krone<\/td>\r\n                <td align=\"right\" valign=\"middle\">7.4370<\/td>\r\n              <\/tr>\r\n              <tr>\r\n                <td align=\"left\" valign=\"middle\">Pfund Sterling<\/td>\r\n                <td align=\"right\" valign=\"middle\">0.88383<\/td>\r\n              <\/tr>\r\n              <tr>\r\n                <td align=\"left\" valign=\"middle\">Ungarischer Forint <\/td>\r\n                <td align=\"right\" valign=\"middle\">358.39<\/td>\r\n              <\/tr>\r\n              <tr>\r\n                <td align=\"left\" valign=\"middle\">Polnischer Zloty <\/td>\r\n                <td align=\"right\" valign=\"middle\">4.5304<\/td>\r\n              <\/tr>\r\n              <tr>\r\n                <td align=\"left\" valign=\"middle\">Rum\u00e4nischer Leu <\/td>\r\n                <td align=\"right\" valign=\"middle\">4.8750<\/td>\r\n              <\/tr>\r\n              <tr>\r\n                <td align=\"left\" valign=\"middle\">Schwedische Kronen <\/td>\r\n                <td align=\"right\" valign=\"middle\">10.1110<\/td>\r\n              <\/tr>\r\n              <tr>\r\n                <td align=\"left\" valign=\"middle\">Schweizer Franken<\/td>\r\n                <td align=\"right\" valign=\"middle\">1.0798<\/td>\r\n              <\/tr>\r\n              <tr>\r\n                <td align=\"left\" valign=\"middle\">Isl\u00e4ndische Krone<\/td>\r\n                <td align=\"right\" valign=\"middle\">156.10<\/td>\r\n              <\/tr>\r\n              <tr>\r\n                <td align=\"left\" valign=\"middle\">Norwegische Krone<\/td>\r\n                <td align=\"right\" valign=\"middle\">10.3430<\/td>\r\n              <\/tr>\r\n              <!-- <tr>\r\n                <td align=\"left\" valign=\"middle\">Kroatische Kuna<\/td>\r\n                <td align=\"right\" valign=\"middle\">7.5658<\/td>\r\n              <\/tr> -->\r\n              <!--<tr>\r\n                <td align=\"left\" valign=\"middle\">Russischer Rubel <\/td>\r\n                <td align=\"right\" valign=\"middle\">91.8979<\/td>\r\n              <\/tr>-->\r\n              <tr>\r\n                <td align=\"left\" valign=\"middle\">T\u00fcrkische Lira <\/td>\r\n                <td align=\"right\" valign=\"middle\">8.8772<\/td>\r\n              <\/tr>\r\n              <tr>\r\n                <td align=\"left\" valign=\"middle\">Australischer Dollar<\/td>\r\n                <td align=\"right\" valign=\"middle\">1.5819<\/td>\r\n              <\/tr>\r\n              <tr>\r\n                <td align=\"left\" valign=\"middle\">Brasilianischer Real<\/td>\r\n                <td align=\"right\" valign=\"middle\">6.6568<\/td>\r\n              <\/tr>\r\n              <tr>\r\n                <td align=\"left\" valign=\"middle\">Kanadischer Dollar<\/td>\r\n                <td align=\"right\" valign=\"middle\">1.5520<\/td>\r\n              <\/tr>\r\n              <tr>\r\n                <td align=\"left\" valign=\"middle\">Chinesischer Yuan Renminbi<\/td>\r\n                <td align=\"right\" valign=\"middle\">7.8047<\/td>\r\n              <\/tr>\r\n              <tr>\r\n                <td align=\"left\" valign=\"middle\">Hongkong-Dollar<\/td>\r\n                <td align=\"right\" valign=\"middle\">9.4093<\/td>\r\n              <\/tr>\r\n              <tr>\r\n                <td align=\"left\" valign=\"middle\">Indonesische Rupiah<\/td>\r\n                <td align=\"right\" valign=\"middle\">16994.16<\/td>\r\n              <\/tr>\r\n              <tr>\r\n                <td align=\"left\" valign=\"middle\">Israelischer Schekel<\/td>\r\n                <td align=\"right\" valign=\"middle\">3.9814<\/td>\r\n              <\/tr>\r\n              <tr>\r\n                <td align=\"left\" valign=\"middle\">Indische Rupie<\/td>\r\n                <td align=\"right\" valign=\"middle\">88.4320<\/td>\r\n              <\/tr>\r\n              <tr>\r\n                <td align=\"left\" valign=\"middle\">S\u00fcdkoreanischer Won<\/td>\r\n                <td align=\"right\" valign=\"middle\">1354.98<\/td>\r\n              <\/tr>\r\n              <tr>\r\n                <td align=\"left\" valign=\"middle\">Mexikanischer Peso<\/td>\r\n                <td align=\"right\" valign=\"middle\">24.5417<\/td>\r\n              <\/tr>\r\n              <tr>\r\n                <td align=\"left\" valign=\"middle\">Malaysischer Ringgit<\/td>\r\n                <td align=\"right\" valign=\"middle\">4.9060<\/td>\r\n              <\/tr>\r\n              <tr>\r\n                <td align=\"left\" valign=\"middle\">Neuseel\u00e4ndischer Dollar<\/td>\r\n                <td align=\"right\" valign=\"middle\">1.6863<\/td>\r\n              <\/tr>\r\n              <tr>\r\n                <td align=\"left\" valign=\"middle\">Philippinischer Peso<\/td>\r\n                <td align=\"right\" valign=\"middle\">58.333<\/td>\r\n              <\/tr>\r\n              <tr>\r\n                <td align=\"left\" valign=\"middle\">Singapur-Dollar<\/td>\r\n                <td align=\"right\" valign=\"middle\">1.6121<\/td>\r\n              <\/tr>\r\n              <tr>\r\n                <td align=\"left\" valign=\"middle\">Thail\u00e4ndischer Baht<\/td>\r\n                <td align=\"right\" valign=\"middle\">36.287<\/td>\r\n              <\/tr>\r\n              <tr>\r\n                <td align=\"left\" valign=\"middle\">S\u00fcdafrikanischer Rand<\/td>\r\n                <td align=\"right\" valign=\"middle\">18.3058<\/td>\r\n              <\/tr>\r\n            <\/table>\r\n          <\/div>\r\n        <\/div>\r\n\r\n        <div class=\"fees-notes mt-30 text-center\">\r\n          <a href=\"https:\/\/www.ecb.europa.eu\/stats\/pdf\/exchange\/Frameworkfortheeuroforeignexchangereferencerates.en.pdf?c883afa875c74877fdf4634dcb85688c\" target=\"_blank\" rel=\"noopener noreferrer\" class=\"p-sm2 mb-0\">N\u00fctzliche Informationen: Rahmen f\u00fcr die Euro-Referenzkurse<\/a>\r\n        <\/div>\r\n        \r\n      <\/div>\r\n    <\/div>\r\n  <\/div>\r\n<\/section>","protected":false},"excerpt":{"rendered":"Satchel ATM\/POS Wechselkurse Die Verordnung 518\/2019 der Europ\u00e4ischen Union (EU) zielt darauf ab, die Transparenz der W\u00e4hrungsumrechnungskosten f\u00fcr Kartenzahlungen in den EWR-L\u00e4ndern zu erh\u00f6hen. Emittenten aus EWR-L\u00e4ndern m\u00fcssen auf ihrer Website die prozentuale Differenz zwischen den folgenden S\u00e4tzen ver\u00f6ffentlichen: Tarifplan Aufschlagssatz Proud to be Lithuanian 1% Regular Spender 1% Active Spender \/ Traveler 1% Small&#8230;","protected":false},"author":5,"featured_media":0,"parent":0,"menu_order":0,"comment_status":"closed","ping_status":"closed","template":"","meta":{"_acf_changed":false,"footnotes":""},"class_list":["post-1652","page","type-page","status-publish","hentry"],"acf":[],"yoast_head":"<!-- This site is optimized with the Yoast SEO plugin v22.0 - https:\/\/yoast.com\/wordpress\/plugins\/seo\/ -->\n<title>Satchel ATM\/POS Devisenkurse | Satchel.eu<\/title>\n<meta name=\"description\" content=\"Informieren Sie sich \u00fcber die Wechselkurse Ihrer Geldautomaten- und POS-Transaktionen.\" \/>\n<meta name=\"robots\" content=\"index, follow, max-snippet:-1, max-image-preview:large, max-video-preview:-1\" \/>\n<link rel=\"canonical\" href=\"https:\/\/satchel.eu\/de\/satchel-atm-pos-foreign-exchange-rates\/\" \/>\n<meta property=\"og:locale\" content=\"de_DE\" \/>\n<meta property=\"og:type\" content=\"article\" \/>\n<meta property=\"og:title\" content=\"Satchel ATM\/POS Devisenkurse | Satchel.eu\" \/>\n<meta property=\"og:description\" content=\"Informieren Sie sich \u00fcber die Wechselkurse Ihrer Geldautomaten- und POS-Transaktionen.\" \/>\n<meta property=\"og:url\" content=\"https:\/\/satchel.eu\/de\/satchel-atm-pos-foreign-exchange-rates\/\" \/>\n<meta property=\"og:site_name\" content=\"Satchel\" \/>\n<meta property=\"article:modified_time\" content=\"2025-12-08T12:38:33+00:00\" \/>\n<meta name=\"twitter:card\" content=\"summary_large_image\" \/>\n<meta name=\"twitter:label1\" content=\"Gesch\u00e4tzte Lesezeit\" \/>\n\t<meta name=\"twitter:data1\" content=\"1\u00a0Minute\" \/>\n<script type=\"application\/ld+json\" class=\"yoast-schema-graph\">{\"@context\":\"https:\/\/schema.org\",\"@graph\":[{\"@type\":\"WebPage\",\"@id\":\"https:\/\/satchel.eu\/de\/satchel-atm-pos-foreign-exchange-rates\/\",\"url\":\"https:\/\/satchel.eu\/de\/satchel-atm-pos-foreign-exchange-rates\/\",\"name\":\"Satchel ATM\/POS Devisenkurse | Satchel.eu\",\"isPartOf\":{\"@id\":\"https:\/\/satchel.eu\/de\/#website\"},\"datePublished\":\"2021-04-12T09:28:51+00:00\",\"dateModified\":\"2025-12-08T12:38:33+00:00\",\"description\":\"Informieren Sie sich \u00fcber die Wechselkurse Ihrer Geldautomaten- und POS-Transaktionen.\",\"breadcrumb\":{\"@id\":\"https:\/\/satchel.eu\/de\/satchel-atm-pos-foreign-exchange-rates\/#breadcrumb\"},\"inLanguage\":\"de\",\"potentialAction\":[{\"@type\":\"ReadAction\",\"target\":[\"https:\/\/satchel.eu\/de\/satchel-atm-pos-foreign-exchange-rates\/\"]}]},{\"@type\":\"BreadcrumbList\",\"@id\":\"https:\/\/satchel.eu\/de\/satchel-atm-pos-foreign-exchange-rates\/#breadcrumb\",\"itemListElement\":[{\"@type\":\"ListItem\",\"position\":1,\"name\":\"Satchel\",\"item\":\"https:\/\/satchel.eu\/de\/\"},{\"@type\":\"ListItem\",\"position\":2,\"name\":\"Satchel ATM\/POS Wechselkurse\"}]},{\"@type\":\"WebSite\",\"@id\":\"https:\/\/satchel.eu\/de\/#website\",\"url\":\"https:\/\/satchel.eu\/de\/\",\"name\":\"Satchel\",\"description\":\"Ihre L\u00f6sung f\u00fcr das Geldmanagement\",\"publisher\":{\"@id\":\"https:\/\/satchel.eu\/de\/#organization\"},\"potentialAction\":[{\"@type\":\"SearchAction\",\"target\":{\"@type\":\"EntryPoint\",\"urlTemplate\":\"https:\/\/satchel.eu\/de\/?s={search_term_string}\"},\"query-input\":\"required name=search_term_string\"}],\"inLanguage\":\"de\"},{\"@type\":\"Organization\",\"@id\":\"https:\/\/satchel.eu\/de\/#organization\",\"name\":\"Satchel\",\"url\":\"https:\/\/satchel.eu\/de\/\",\"logo\":{\"@type\":\"ImageObject\",\"inLanguage\":\"de\",\"@id\":\"https:\/\/satchel.eu\/de\/#\/schema\/logo\/image\/\",\"url\":\"https:\/\/satchel.eu\/de\/wp-content\/uploads\/sites\/5\/2021\/05\/logo-black.jpg\",\"contentUrl\":\"https:\/\/satchel.eu\/de\/wp-content\/uploads\/sites\/5\/2021\/05\/logo-black.jpg\",\"width\":135,\"height\":32,\"caption\":\"Satchel\"},\"image\":{\"@id\":\"https:\/\/satchel.eu\/de\/#\/schema\/logo\/image\/\"}}]}<\/script>\n<!-- \/ Yoast SEO plugin. -->","yoast_head_json":{"title":"Satchel ATM\/POS Devisenkurse | Satchel.eu","description":"Informieren Sie sich \u00fcber die Wechselkurse Ihrer Geldautomaten- und POS-Transaktionen.","robots":{"index":"index","follow":"follow","max-snippet":"max-snippet:-1","max-image-preview":"max-image-preview:large","max-video-preview":"max-video-preview:-1"},"canonical":"https:\/\/satchel.eu\/de\/satchel-atm-pos-foreign-exchange-rates\/","og_locale":"de_DE","og_type":"article","og_title":"Satchel ATM\/POS Devisenkurse | Satchel.eu","og_description":"Informieren Sie sich \u00fcber die Wechselkurse Ihrer Geldautomaten- und POS-Transaktionen.","og_url":"https:\/\/satchel.eu\/de\/satchel-atm-pos-foreign-exchange-rates\/","og_site_name":"Satchel","article_modified_time":"2025-12-08T12:38:33+00:00","twitter_card":"summary_large_image","twitter_misc":{"Gesch\u00e4tzte Lesezeit":"1\u00a0Minute"},"schema":{"@context":"https:\/\/schema.org","@graph":[{"@type":"WebPage","@id":"https:\/\/satchel.eu\/de\/satchel-atm-pos-foreign-exchange-rates\/","url":"https:\/\/satchel.eu\/de\/satchel-atm-pos-foreign-exchange-rates\/","name":"Satchel ATM\/POS Devisenkurse | Satchel.eu","isPartOf":{"@id":"https:\/\/satchel.eu\/de\/#website"},"datePublished":"2021-04-12T09:28:51+00:00","dateModified":"2025-12-08T12:38:33+00:00","description":"Informieren Sie sich \u00fcber die Wechselkurse Ihrer Geldautomaten- und POS-Transaktionen.","breadcrumb":{"@id":"https:\/\/satchel.eu\/de\/satchel-atm-pos-foreign-exchange-rates\/#breadcrumb"},"inLanguage":"de","potentialAction":[{"@type":"ReadAction","target":["https:\/\/satchel.eu\/de\/satchel-atm-pos-foreign-exchange-rates\/"]}]},{"@type":"BreadcrumbList","@id":"https:\/\/satchel.eu\/de\/satchel-atm-pos-foreign-exchange-rates\/#breadcrumb","itemListElement":[{"@type":"ListItem","position":1,"name":"Satchel","item":"https:\/\/satchel.eu\/de\/"},{"@type":"ListItem","position":2,"name":"Satchel ATM\/POS Wechselkurse"}]},{"@type":"WebSite","@id":"https:\/\/satchel.eu\/de\/#website","url":"https:\/\/satchel.eu\/de\/","name":"Satchel","description":"Ihre L\u00f6sung f\u00fcr das Geldmanagement","publisher":{"@id":"https:\/\/satchel.eu\/de\/#organization"},"potentialAction":[{"@type":"SearchAction","target":{"@type":"EntryPoint","urlTemplate":"https:\/\/satchel.eu\/de\/?s={search_term_string}"},"query-input":"required name=search_term_string"}],"inLanguage":"de"},{"@type":"Organization","@id":"https:\/\/satchel.eu\/de\/#organization","name":"Satchel","url":"https:\/\/satchel.eu\/de\/","logo":{"@type":"ImageObject","inLanguage":"de","@id":"https:\/\/satchel.eu\/de\/#\/schema\/logo\/image\/","url":"https:\/\/satchel.eu\/de\/wp-content\/uploads\/sites\/5\/2021\/05\/logo-black.jpg","contentUrl":"https:\/\/satchel.eu\/de\/wp-content\/uploads\/sites\/5\/2021\/05\/logo-black.jpg","width":135,"height":32,"caption":"Satchel"},"image":{"@id":"https:\/\/satchel.eu\/de\/#\/schema\/logo\/image\/"}}]}},"_links":{"self":[{"href":"https:\/\/satchel.eu\/de\/wp-json\/wp\/v2\/pages\/1652","targetHints":{"allow":["GET"]}}],"collection":[{"href":"https:\/\/satchel.eu\/de\/wp-json\/wp\/v2\/pages"}],"about":[{"href":"https:\/\/satchel.eu\/de\/wp-json\/wp\/v2\/types\/page"}],"author":[{"embeddable":true,"href":"https:\/\/satchel.eu\/de\/wp-json\/wp\/v2\/users\/5"}],"replies":[{"embeddable":true,"href":"https:\/\/satchel.eu\/de\/wp-json\/wp\/v2\/comments?post=1652"}],"version-history":[{"count":2,"href":"https:\/\/satchel.eu\/de\/wp-json\/wp\/v2\/pages\/1652\/revisions"}],"predecessor-version":[{"id":5664,"href":"https:\/\/satchel.eu\/de\/wp-json\/wp\/v2\/pages\/1652\/revisions\/5664"}],"wp:attachment":[{"href":"https:\/\/satchel.eu\/de\/wp-json\/wp\/v2\/media?parent=1652"}],"curies":[{"name":"wp","href":"https:\/\/api.w.org\/{rel}","templated":true}]}}