{"id":553,"date":"2021-03-15T23:22:23","date_gmt":"2021-03-15T21:22:23","guid":{"rendered":"https:\/\/satchel-eu-new.devlab69.com\/?page_id=553"},"modified":"2025-12-08T14:19:33","modified_gmt":"2025-12-08T12:19:33","slug":"login-and-password","status":"publish","type":"page","link":"https:\/\/satchel.eu\/de\/faq\/login-and-password\/","title":{"rendered":"Anmeldung und Passwort"},"content":{"rendered":"<section class=\"section pt-45 pt-md-70\">\n<div class=\"container\">\n<div class=\"row\">\n<div class=\"col-lg-7 offset-lg-2 mb-lg-0 mb-40\">&lt;a class=&quot;btn btn-primary d-inline-flex align-items-center mb-25&quot; href=&quot;faq\/&#8220;&gt;               Zur\u00fcck<\/a><\/p>\n<h1 class=\"mb-25\">Anmeldung und Passwort<\/h1>\n<p>          &lt;!&#8211; <\/p>\n<div class=\"faq-item\">\n<div class=\"faq-item__title h4 mb-10\">How do I log in to my digital bank?<\/div>\n<div class=\"faq-item__text\">\n<p>You can easily access your digital bank account by clicking on the Login button located on the navigation bar on the Home page or by using the direct link: <a href=\"https:\/\/my.satchel.eu\">https:\/\/my.satchel.eu<\/a><\/p>\n<p>In order to log in, please use your authorized e-mail address and the password you have set up for your account.<\/p>\n<\/p><\/div>\n<p>            <a class=\"btn btn-link faq-item__link faq-item__link--expand\" href=\"#\">Erweitern Sie            <\/a><br \/>\n            <a class=\"btn btn-link faq-item__link faq-item__link--close\" href=\"#\">Schlie\u00dfen Sie            <\/a>\n          <\/div>\n<p> &#8211;&gt;<\/p>\n<div class=\"faq-item\">\n<div class=\"faq-item__title h4 mb-10\">Wie kann ich mein Passwort \u00e4ndern?<\/div>\n<div class=\"faq-item__text\">\n<div>\n<p>Um Ihr Passwort zur\u00fcckzusetzen, wenden Sie sich bitte an unser Kundendienstteam unter support@satchel.eu.<\/p>\n<\/p><\/div>\n<\/p><\/div>\n<p>            <a class=\"btn btn-link faq-item__link faq-item__link--expand\" href=\"#\">Erweitern Sie            <\/a><a class=\"btn btn-link faq-item__link faq-item__link--close\" href=\"#\">Schlie\u00dfen Sie            <\/a>\n          <\/div>\n<div class=\"faq-item\">\n<div class=\"faq-item__title h4 mb-10\">Wie kann ich meine Login-E-Mail \u00e4ndern?<\/div>\n<div class=\"faq-item__text\">\n<div>\n<p>Um Ihre Kontaktdaten zu \u00e4ndern, wenden Sie sich bitte an unser Kundendienstteam unter support@satchel.eu.<\/p>\n<\/p><\/div>\n<\/p><\/div>\n<p>            <a class=\"btn btn-link faq-item__link faq-item__link--expand\" href=\"#\">Erweitern Sie            <\/a><a class=\"btn btn-link faq-item__link faq-item__link--close\" href=\"#\">Schlie\u00dfen Sie            <\/a>\n          <\/div>\n<div class=\"faq-item\">\n<div class=\"faq-item__title h4 mb-10\">Kann ich mehrere Benutzer f\u00fcr mein Gesch\u00e4ftskonto haben?<\/div>\n<div class=\"faq-item__text\">\n<div>\n<p>Ja, es besteht die M\u00f6glichkeit, einen zus\u00e4tzlichen Benutzer zu Ihrem Gesch\u00e4ftskonto hinzuzuf\u00fcgen. Wenden Sie sich dazu bitte an unseren Kundendienst unter support@satchel.eu.<\/p>\n<\/p><\/div>\n<\/p><\/div>\n<p>            <a class=\"btn btn-link faq-item__link faq-item__link--expand\" href=\"#\">Erweitern Sie            <\/a><a class=\"btn btn-link faq-item__link faq-item__link--close\" href=\"#\">Schlie\u00dfen Sie            <\/a>\n          <\/div>\n<div class=\"faq-item\">\n<div class=\"faq-item__title h4 mb-10\">Was ist 2FA (Zwei-Faktoren-Authentifizierung)?<\/div>\n<div class=\"faq-item__text\">\n<div>\n<p>Bei Satchel streben wir nach einer verbesserten Benutzerfreundlichkeit, w\u00e4hrend wir gleichzeitig hohe Sicherheitsstandards beibehalten. Zu diesem Zweck haben wir f\u00fcr Ihr Satchel-Konto eine Zwei-Faktor-Authentifizierung (2FA) eingerichtet, die eine zus\u00e4tzliche Sicherheitsebene darstellt, die Ihr Konto vor unbefugtem Zugriff sch\u00fctzt und Ihr Geld jederzeit sicher verwahrt. Bei der 2FA m\u00fcssen Sie sowohl Ihr Passwort als auch ein Einmal-Passwort (OTP) eingeben, das Ihnen jedes Mal zugesandt wird, wenn Sie sich bei Ihrem Satchel-Konto anmelden und wenn Sie eine ausgehende \u00dcberweisung t\u00e4tigen.<\/p>\n<p>&lt;a href=&quot;blog\/satchel-two-factor-authentication-2fa-user-guide\/&#8220;&gt;Zwei-Faktor-Authentifizierung (2FA) Benutzerhandbuch<\/a><\/p>\n<\/p><\/div>\n<\/p><\/div>\n<p>            <a class=\"btn btn-link faq-item__link faq-item__link--expand\" href=\"#\">Erweitern Sie            <\/a><a class=\"btn btn-link faq-item__link faq-item__link--close\" href=\"#\">Schlie\u00dfen Sie            <\/a>\n          <\/div>\n<\/p><\/div>\n<div class=\"col-lg-4 offset-lg-1\">\n<div class=\"other-topics\">\n<div class=\"other-topics__title h4 mb-15\">Andere Themen<\/div>\n<ul>\n<li>&lt;a class=&quot;btn btn-link&quot; href=&quot;faq\/general-information\/&#8220;&gt;Allgemeine Informationen            <\/a><\/li>\n<li>&lt;a class=&quot;btn btn-link&quot; href=&quot;faq\/satchel-current-account\/&#8220;&gt;Satchel Girokonto            <\/a><\/li>\n<li>&lt;a class=&quot;btn btn-link&quot; href=&quot;faq\/sepa-the-ultimate-guide\/&#8220;&gt;SEPA: Der ultimative Leitfaden            <\/a><\/li>\n<li>&lt;a class=&quot;btn btn-link&quot; href=&quot;faq\/payments-and-transactions\/&#8220;&gt;Zahlungen &amp; Transaktionen            <\/a><\/li>\n<li>&lt;a class=&quot;btn btn-link&quot; href=&quot;faq\/satchel-cards\/&#8220;&gt;Satchel Karten            <\/a><\/li>\n<\/ul><\/div>\n<\/p><\/div>\n<\/p><\/div>\n<div class=\"row mt-95\">\n<div class=\"col-lg-12 mx-auto\">\n<div class=\"question-box\">\n<div class=\"mb-md-0 mb-20\">\n<div class=\"question-box__title h4 mb-10\">Haben Sie Ihre Frage nicht gefunden?<\/div>\n<div class=\"question-box__text h6 mb-0\">Kontaktieren Sie unser Support-Team per Telefon oder E-Mail.<\/div>\n<\/p><\/div>\n<div class=\"d-flex flex-sm-row flex-column align-items-start\">\n              <a class=\"btn btn-primary mr-sm-15 mb-sm-0 mb-20 js-customer-support-phone-faq\" href=\"tel:+37052141818\">+370 5214 1818<\/a><br \/>\n              <a class=\"btn btn-primary js-customer-support-email-faq\" href=\"mailto:support@satchel.eu\">support@satchel.eu<\/a>\n            <\/div>\n<\/p><\/div>\n<\/p><\/div>\n<\/p><\/div>\n<\/p><\/div>\n<\/section>\n","protected":false},"excerpt":{"rendered":"<p>&lt;a class=&quot;btn btn-primary d-inline-flex align-items-center mb-25&quot; href=&quot;faq\/&#8220;&gt; Zur\u00fcck Anmeldung und Passwort &lt;!&#8211; How do I log in to my digital bank? You can easily access your digital bank account by clicking on the Login button located on the navigation bar on the Home page or by using the direct link: https:\/\/my.satchel.eu In order to log&#8230;<\/p>\n","protected":false},"author":5,"featured_media":0,"parent":99,"menu_order":0,"comment_status":"closed","ping_status":"closed","template":"faq-templates\/faq-login-and-password.php","meta":{"_acf_changed":false,"footnotes":""},"class_list":["post-553","page","type-page","status-publish","hentry"],"acf":[],"yoast_head":"<!-- This site is optimized with the Yoast SEO plugin v22.0 - https:\/\/yoast.com\/wordpress\/plugins\/seo\/ -->\n<title>FAQ | Login und Passwort \u2013 Satchel<\/title>\n<meta name=\"description\" content=\"Entdecken Sie Antworten um Ihre Login- und Passwort-bezogenen Fragen bei Satchel f\u00fcr das beste digitale Geldmanagement-Erlebnis.\" \/>\n<meta name=\"robots\" content=\"index, follow, max-snippet:-1, max-image-preview:large, max-video-preview:-1\" \/>\n<link rel=\"canonical\" href=\"https:\/\/satchel.eu\/de\/faq\/login-and-password\/\" \/>\n<meta property=\"og:locale\" content=\"de_DE\" \/>\n<meta property=\"og:type\" content=\"article\" \/>\n<meta property=\"og:title\" content=\"FAQ | Login und Passwort \u2013 Satchel\" \/>\n<meta property=\"og:description\" content=\"Entdecken Sie Antworten um Ihre Login- und Passwort-bezogenen Fragen bei Satchel f\u00fcr das beste digitale Geldmanagement-Erlebnis.\" \/>\n<meta property=\"og:url\" content=\"https:\/\/satchel.eu\/de\/faq\/login-and-password\/\" \/>\n<meta property=\"og:site_name\" content=\"Satchel\" \/>\n<meta property=\"article:modified_time\" content=\"2025-12-08T12:19:33+00:00\" \/>\n<meta name=\"twitter:card\" content=\"summary_large_image\" \/>\n<meta name=\"twitter:label1\" content=\"Gesch\u00e4tzte Lesezeit\" \/>\n\t<meta name=\"twitter:data1\" content=\"2\u00a0Minuten\" \/>\n<script type=\"application\/ld+json\" class=\"yoast-schema-graph\">{\"@context\":\"https:\/\/schema.org\",\"@graph\":[{\"@type\":\"WebPage\",\"@id\":\"https:\/\/satchel.eu\/de\/faq\/login-and-password\/\",\"url\":\"https:\/\/satchel.eu\/de\/faq\/login-and-password\/\",\"name\":\"FAQ | Login und Passwort \u2013 Satchel\",\"isPartOf\":{\"@id\":\"https:\/\/satchel.eu\/de\/#website\"},\"datePublished\":\"2021-03-15T21:22:23+00:00\",\"dateModified\":\"2025-12-08T12:19:33+00:00\",\"description\":\"Entdecken Sie Antworten um Ihre Login- und Passwort-bezogenen Fragen bei Satchel f\u00fcr das beste digitale Geldmanagement-Erlebnis.\",\"breadcrumb\":{\"@id\":\"https:\/\/satchel.eu\/de\/faq\/login-and-password\/#breadcrumb\"},\"inLanguage\":\"de\",\"potentialAction\":[{\"@type\":\"ReadAction\",\"target\":[\"https:\/\/satchel.eu\/de\/faq\/login-and-password\/\"]}]},{\"@type\":\"BreadcrumbList\",\"@id\":\"https:\/\/satchel.eu\/de\/faq\/login-and-password\/#breadcrumb\",\"itemListElement\":[{\"@type\":\"ListItem\",\"position\":1,\"name\":\"Satchel\",\"item\":\"https:\/\/satchel.eu\/de\/\"},{\"@type\":\"ListItem\",\"position\":2,\"name\":\"FAQ\",\"item\":\"https:\/\/satchel.eu\/de\/faq\/\"},{\"@type\":\"ListItem\",\"position\":3,\"name\":\"Anmeldung und Passwort\"}]},{\"@type\":\"WebSite\",\"@id\":\"https:\/\/satchel.eu\/de\/#website\",\"url\":\"https:\/\/satchel.eu\/de\/\",\"name\":\"Satchel\",\"description\":\"Ihre L\u00f6sung f\u00fcr das Geldmanagement\",\"publisher\":{\"@id\":\"https:\/\/satchel.eu\/de\/#organization\"},\"potentialAction\":[{\"@type\":\"SearchAction\",\"target\":{\"@type\":\"EntryPoint\",\"urlTemplate\":\"https:\/\/satchel.eu\/de\/?s={search_term_string}\"},\"query-input\":\"required name=search_term_string\"}],\"inLanguage\":\"de\"},{\"@type\":\"Organization\",\"@id\":\"https:\/\/satchel.eu\/de\/#organization\",\"name\":\"Satchel\",\"url\":\"https:\/\/satchel.eu\/de\/\",\"logo\":{\"@type\":\"ImageObject\",\"inLanguage\":\"de\",\"@id\":\"https:\/\/satchel.eu\/de\/#\/schema\/logo\/image\/\",\"url\":\"https:\/\/satchel.eu\/de\/wp-content\/uploads\/sites\/5\/2021\/05\/logo-black.jpg\",\"contentUrl\":\"https:\/\/satchel.eu\/de\/wp-content\/uploads\/sites\/5\/2021\/05\/logo-black.jpg\",\"width\":135,\"height\":32,\"caption\":\"Satchel\"},\"image\":{\"@id\":\"https:\/\/satchel.eu\/de\/#\/schema\/logo\/image\/\"}}]}<\/script>\n<!-- \/ Yoast SEO plugin. -->","yoast_head_json":{"title":"FAQ | Login und Passwort \u2013 Satchel","description":"Entdecken Sie Antworten um Ihre Login- und Passwort-bezogenen Fragen bei Satchel f\u00fcr das beste digitale Geldmanagement-Erlebnis.","robots":{"index":"index","follow":"follow","max-snippet":"max-snippet:-1","max-image-preview":"max-image-preview:large","max-video-preview":"max-video-preview:-1"},"canonical":"https:\/\/satchel.eu\/de\/faq\/login-and-password\/","og_locale":"de_DE","og_type":"article","og_title":"FAQ | Login und Passwort \u2013 Satchel","og_description":"Entdecken Sie Antworten um Ihre Login- und Passwort-bezogenen Fragen bei Satchel f\u00fcr das beste digitale Geldmanagement-Erlebnis.","og_url":"https:\/\/satchel.eu\/de\/faq\/login-and-password\/","og_site_name":"Satchel","article_modified_time":"2025-12-08T12:19:33+00:00","twitter_card":"summary_large_image","twitter_misc":{"Gesch\u00e4tzte Lesezeit":"2\u00a0Minuten"},"schema":{"@context":"https:\/\/schema.org","@graph":[{"@type":"WebPage","@id":"https:\/\/satchel.eu\/de\/faq\/login-and-password\/","url":"https:\/\/satchel.eu\/de\/faq\/login-and-password\/","name":"FAQ | Login und Passwort \u2013 Satchel","isPartOf":{"@id":"https:\/\/satchel.eu\/de\/#website"},"datePublished":"2021-03-15T21:22:23+00:00","dateModified":"2025-12-08T12:19:33+00:00","description":"Entdecken Sie Antworten um Ihre Login- und Passwort-bezogenen Fragen bei Satchel f\u00fcr das beste digitale Geldmanagement-Erlebnis.","breadcrumb":{"@id":"https:\/\/satchel.eu\/de\/faq\/login-and-password\/#breadcrumb"},"inLanguage":"de","potentialAction":[{"@type":"ReadAction","target":["https:\/\/satchel.eu\/de\/faq\/login-and-password\/"]}]},{"@type":"BreadcrumbList","@id":"https:\/\/satchel.eu\/de\/faq\/login-and-password\/#breadcrumb","itemListElement":[{"@type":"ListItem","position":1,"name":"Satchel","item":"https:\/\/satchel.eu\/de\/"},{"@type":"ListItem","position":2,"name":"FAQ","item":"https:\/\/satchel.eu\/de\/faq\/"},{"@type":"ListItem","position":3,"name":"Anmeldung und Passwort"}]},{"@type":"WebSite","@id":"https:\/\/satchel.eu\/de\/#website","url":"https:\/\/satchel.eu\/de\/","name":"Satchel","description":"Ihre L\u00f6sung f\u00fcr das Geldmanagement","publisher":{"@id":"https:\/\/satchel.eu\/de\/#organization"},"potentialAction":[{"@type":"SearchAction","target":{"@type":"EntryPoint","urlTemplate":"https:\/\/satchel.eu\/de\/?s={search_term_string}"},"query-input":"required name=search_term_string"}],"inLanguage":"de"},{"@type":"Organization","@id":"https:\/\/satchel.eu\/de\/#organization","name":"Satchel","url":"https:\/\/satchel.eu\/de\/","logo":{"@type":"ImageObject","inLanguage":"de","@id":"https:\/\/satchel.eu\/de\/#\/schema\/logo\/image\/","url":"https:\/\/satchel.eu\/de\/wp-content\/uploads\/sites\/5\/2021\/05\/logo-black.jpg","contentUrl":"https:\/\/satchel.eu\/de\/wp-content\/uploads\/sites\/5\/2021\/05\/logo-black.jpg","width":135,"height":32,"caption":"Satchel"},"image":{"@id":"https:\/\/satchel.eu\/de\/#\/schema\/logo\/image\/"}}]}},"_links":{"self":[{"href":"https:\/\/satchel.eu\/de\/wp-json\/wp\/v2\/pages\/553","targetHints":{"allow":["GET"]}}],"collection":[{"href":"https:\/\/satchel.eu\/de\/wp-json\/wp\/v2\/pages"}],"about":[{"href":"https:\/\/satchel.eu\/de\/wp-json\/wp\/v2\/types\/page"}],"author":[{"embeddable":true,"href":"https:\/\/satchel.eu\/de\/wp-json\/wp\/v2\/users\/5"}],"replies":[{"embeddable":true,"href":"https:\/\/satchel.eu\/de\/wp-json\/wp\/v2\/comments?post=553"}],"version-history":[{"count":1,"href":"https:\/\/satchel.eu\/de\/wp-json\/wp\/v2\/pages\/553\/revisions"}],"predecessor-version":[{"id":5672,"href":"https:\/\/satchel.eu\/de\/wp-json\/wp\/v2\/pages\/553\/revisions\/5672"}],"up":[{"embeddable":true,"href":"https:\/\/satchel.eu\/de\/wp-json\/wp\/v2\/pages\/99"}],"wp:attachment":[{"href":"https:\/\/satchel.eu\/de\/wp-json\/wp\/v2\/media?parent=553"}],"curies":[{"name":"wp","href":"https:\/\/api.w.org\/{rel}","templated":true}]}}