{"id":557,"date":"2021-03-15T23:39:22","date_gmt":"2021-03-15T21:39:22","guid":{"rendered":"https:\/\/satchel-eu-new.devlab69.com\/?page_id=557"},"modified":"2025-12-08T14:20:08","modified_gmt":"2025-12-08T12:20:08","slug":"payments-and-transactions","status":"publish","type":"page","link":"https:\/\/satchel.eu\/de\/faq\/payments-and-transactions\/","title":{"rendered":"Zahlungen &#038; Transaktionen"},"content":{"rendered":"<section class=\"section pt-45 pt-md-70\"> \r\n  <div class=\"container\">\r\n    <div class=\"row\">\r\n      <div class=\"col-lg-7 offset-lg-2 mb-lg-0 mb-40\">&lt;a class=&quot;btn btn-primary d-inline-flex align-items-center mb-25&quot; href=&quot;faq\/&#8220;&gt;               Zur\u00fcck<\/a>\r\n        <h1 class=\"mb-25\">Zahlungen &amp; Transaktionen<\/h1>\r\n          <div class=\"faq-item\">\r\n            <div class=\"faq-item__title h4 mb-10\">Wo kann ich meine IBAN finden?<\/div>\r\n            <div class=\"faq-item__text\">\r\n              <div>\r\n                <p>Sie k\u00f6nnen Ihre Kontodaten finden, indem Sie die folgenden Schritte ausf\u00fchren:<\/p>\r\n                <p>Satchel Web Client B\u00fcro \u2192 Melden Sie sich mit einem Einmal-Passwort bei Ihrem Satchel-Konto an \u2192 Gehen Sie auf die Registerkarte Konten auf der linken Seite Ihres Bildschirms \u2192 Klicken Sie auf das Konto, f\u00fcr das Sie die Informationen ben\u00f6tigen \u2192 Klicken Sie auf die Registerkarte Finanzierungsanweisungen und erweitern Sie die Details.<\/p>\r\n                <p>Satchel Mobile App \u2192 Melden Sie sich bei Ihrem Satchel-Konto an \u2192 Gehen Sie zur Registerkarte Konten \u2192 Klicken Sie auf das Konto, f\u00fcr das Sie die Informationen ben\u00f6tigen \u2192 Klicken Sie auf die Registerkarte Finanzierungsanweisungen.<\/p>\r\n              <\/div>\r\n            <\/div>\r\n            <a class=\"btn btn-link faq-item__link faq-item__link--expand\" href=\"#\">Erweitern Sie            <\/a><a class=\"btn btn-link faq-item__link faq-item__link--close\" href=\"#\">Schlie\u00dfen Sie            <\/a>\r\n          <\/div>\r\n          <div class=\"faq-item\">\r\n            <div class=\"faq-item__title h4 mb-10\">Wie lange dauert es, Geld von meinem Satchel-Konto zu \u00fcberweisen?<\/div>\r\n            <div class=\"faq-item__text\">\r\n              <div>\r\n                <p>Die Bearbeitungszeit f\u00fcr ausgehende \u00dcberweisungen h\u00e4ngt von der Art der \u00dcberweisung ab. Interne System\u00fcberweisungen werden sofort ausgef\u00fchrt. SEPA-\u00dcberweisungen dauern zwischen 1-2 Werktagen. SWIFT-\u00dcberweisungen dauern zwischen 3-5 Werktagen.<\/p>\r\n              <\/div>\r\n            <\/div>\r\n            <a class=\"btn btn-link faq-item__link faq-item__link--expand\" href=\"#\">Erweitern Sie            <\/a>\r\n            <a class=\"btn btn-link faq-item__link faq-item__link--close\" href=\"#\">Schlie\u00dfen Sie            <\/a>\r\n          <\/div>\r\n          <div class=\"faq-item\">\r\n            <div class=\"faq-item__title h4 mb-10\">Ich m\u00f6chte eine \u00dcberweisung in einer anderen W\u00e4hrung als EUR senden\/empfangen, was muss ich tun?<\/div>\r\n            <div class=\"faq-item__text\">\r\n              <div>\r\n                <p>Internationale ausgehende\/eingehende \u00dcberweisungen in anderen W\u00e4hrungen als EUR sind nur \u00fcber unseren Shared IBAN-Service verf\u00fcgbar. Um Konten in anderen W\u00e4hrungen zu bestellen, reichen Sie bitte ein SWIFT-Bestellformular ein. Wir werden Ihnen dann die f\u00fcr Ihre Transaktionsanforderungen am besten geeignete L\u00f6sung vorschlagen.<\/p>\r\n                <p><a href=\"https:\/\/docs.google.com\/forms\/d\/1DDVL4H5GWCareSrfELatbRzdjImeKzLIPl9iTTRRUgo\/viewform?edit_requested=true\">SWIFT-Bestellformular<\/a><\/p>\r\n              <\/div>\r\n            <\/div>\r\n            <a class=\"btn btn-link faq-item__link faq-item__link--expand\" href=\"#\">Erweitern Sie            <\/a><a class=\"btn btn-link faq-item__link faq-item__link--close\" href=\"#\">Schlie\u00dfen Sie            <\/a>\r\n          <\/div>\r\n          <div class=\"faq-item\">\r\n            <div class=\"faq-item__title h4 mb-10\">Ich habe keine volle \u00dcberweisung. Wurden zus\u00e4tzliche Geb\u00fchren erhoben?<\/div>\r\n            <div class=\"faq-item__text\">\r\n              <div>\r\n                <p>Wir erheben keine Geb\u00fchren, wenn Sie Geld per Bank\u00fcberweisung auf Ihr Satchel-Konto einzahlen. Bei internationalen \u00dcberweisungen kann der Absender jedoch Sie als denjenigen ausw\u00e4hlen, der die Geb\u00fchren f\u00fcr ausgehende \u00dcberweisungen \u00fcbernimmt. Au\u00dferdem kann die Korrespondenzbank (Vermittler) bei SWIFT-\u00dcberweisungen Bearbeitungsgeb\u00fchren abziehen, so dass Ihrem Konto ein geringerer Betrag gutgeschrieben werden kann.<\/p>\r\n              <\/div>\r\n            <\/div>\r\n            <a class=\"btn btn-link faq-item__link faq-item__link--expand\" href=\"#\">Erweitern Sie            <\/a><a class=\"btn btn-link faq-item__link faq-item__link--close\" href=\"#\">Schlie\u00dfen Sie            <\/a>\r\n          <\/div>\r\n          <div class=\"faq-item\">\r\n            <div class=\"faq-item__title h4 mb-10\">Ich habe keine eingehende \u00dcberweisung erhalten. Was muss ich tun?<\/div>\r\n            <div class=\"faq-item__text\">\r\n              <div>\r\n                <p>Falls eine an Sie gesendete \u00dcberweisung Ihrem Konto nicht gutgeschrieben wurde, sollten Sie sich eine Zahlungsbest\u00e4tigung vom Absender besorgen und diese an unseren Kundendienst unter support@satchel.eu oder per Chat senden.<\/p>\r\n              <\/div>\r\n            <\/div>\r\n            <a class=\"btn btn-link faq-item__link faq-item__link--expand\" href=\"#\">Erweitern Sie            <\/a><a class=\"btn btn-link faq-item__link faq-item__link--close\" href=\"#\">Schlie\u00dfen Sie            <\/a>\r\n          <\/div>\r\n          <div class=\"faq-item\">\r\n            <div class=\"faq-item__title h4 mb-10\">Ich habe eine \u00dcberweisung auf eine falsche IBAN get\u00e4tigt. Was muss ich tun?<\/div>\r\n            <div class=\"faq-item__text\">\r\n              <div>\r\n                <p>Wenn Sie eine \u00dcberweisung an eine falsche IBAN get\u00e4tigt haben, benachrichtigen Sie bitte sofort unser Support-Team unter support@satchel.eu oder per Chat und bitten Sie es, einen Zahlungsr\u00fcckruf zu veranlassen.<\/p>\r\n                <p>Bitte beachten Sie, dass wir die Transaktion nicht mehr r\u00fcckg\u00e4ngig machen k\u00f6nnen, wenn die \u00dcberweisung bereits auf dem Konto des Empf\u00e4ngers gutgeschrieben wurde. In diesem Fall raten wir Ihnen, den Empf\u00e4nger direkt zu kontaktieren und um eine R\u00fcckbuchung zu bitten.<\/p>\r\n              <\/div>\r\n            <\/div>\r\n            <a class=\"btn btn-link faq-item__link faq-item__link--expand\" href=\"#\">Erweitern Sie            <\/a><a class=\"btn btn-link faq-item__link faq-item__link--close\" href=\"#\">Schlie\u00dfen Sie            <\/a>\r\n          <\/div>\r\n          <div class=\"faq-item\">\r\n            <div class=\"faq-item__title h4 mb-10\">Wie kann ich eine \u00dcberweisung auf ein anderes Satchel-Konto vornehmen?<\/div>\r\n            <div class=\"faq-item__text\">\r\n              <div>\r\n                <p>F\u00fcr eine interne \u00dcberweisung ben\u00f6tigen Sie nur die kurze Kontonummer des Empf\u00e4ngers.<\/p>\r\n                <p>W\u00e4hlen Sie in Ihrem Kundenb\u00fcro die Zahlungsart \u201eInterne \u00dcberweisung\u201c, geben Sie die Kontonummer ein, und das System durchsucht automatisch die Datenbank. Nach Auswahl des Empf\u00e4ngers werden Sie aufgefordert, den Betrag der Transaktion einzugeben und die Zahlung zu best\u00e4tigen. Die \u00dcberweisung wird sofort ausgef\u00fchrt.<\/p>\r\n              <\/div>\r\n            <\/div>\r\n            <a class=\"btn btn-link faq-item__link faq-item__link--expand\" href=\"#\">Erweitern Sie            <\/a><a class=\"btn btn-link faq-item__link faq-item__link--close\" href=\"#\">Schlie\u00dfen Sie            <\/a>\r\n          <\/div>\r\n      <\/div>\r\n      <div class=\"col-lg-4 offset-lg-1\">\r\n          <div class=\"other-topics\">\r\n            <div class=\"other-topics__title h4 mb-15\">Andere Themen<\/div>\r\n            <ul> \r\n              <li>&lt;a class=&quot;btn btn-link&quot; href=&quot;faq\/general-information\/&#8220;&gt;Allgemeine Informationen            <\/a><\/li>\r\n\r\n              <li>&lt;a class=&quot;btn btn-link&quot; href=&quot;faq\/satchel-current-account\/&#8220;&gt;Satchel Girokonto            <\/a><\/li>\r\n\r\n              <li>&lt;a class=&quot;btn btn-link&quot; href=&quot;faq\/login-and-password\/&#8220;&gt;Anmeldung und Passwort            <\/a><\/li>\r\n\r\n              <li>&lt;a class=&quot;btn btn-link&quot; href=&quot;faq\/sepa-the-ultimate-guide\/&#8220;&gt;SEPA: Der ultimative Leitfaden            <\/a><\/li>\r\n\r\n              <li>&lt;a class=&quot;btn btn-link&quot; href=&quot;faq\/satchel-cards\/&#8220;&gt;Satchel Karten            <\/a><\/li>\r\n            <\/ul>\r\n          <\/div>\r\n      <\/div>\r\n    <\/div>\r\n    <div class=\"row mt-95\">\r\n      <div class=\"col-lg-12 mx-auto\">\r\n          <div class=\"question-box\">\r\n            <div class=\"mb-md-0 mb-20\">\r\n              <div class=\"question-box__title h4 mb-10\">Haben Sie Ihre Frage nicht gefunden?<\/div>\r\n              <div class=\"question-box__text h6 mb-0\">Kontaktieren Sie unser Support-Team per Telefon oder E-Mail.<\/div>\r\n            <\/div>\r\n            <div class=\"d-flex flex-sm-row flex-column align-items-start\">\r\n              <a class=\"btn btn-primary mr-sm-15 mb-sm-0 mb-20 js-customer-support-phone-faq\" href=\"tel:+37052141818\">+370 5214 1818<\/a>\r\n              <a class=\"btn btn-primary js-customer-support-email-faq\" href=\"mailto:support@satchel.eu\">support@satchel.eu<\/a>\r\n            <\/div>\r\n          <\/div>\r\n      <\/div>\r\n    <\/div>\r\n  <\/div>\r\n<\/section>","protected":false},"excerpt":{"rendered":"&lt;a class=&quot;btn btn-primary d-inline-flex align-items-center mb-25&quot; href=&quot;faq\/&#8220;&gt; Zur\u00fcck Zahlungen &amp; Transaktionen Wo kann ich meine IBAN finden? Sie k\u00f6nnen Ihre Kontodaten finden, indem Sie die folgenden Schritte ausf\u00fchren: Satchel Web Client B\u00fcro \u2192 Melden Sie sich mit einem Einmal-Passwort bei Ihrem Satchel-Konto an \u2192 Gehen Sie auf die Registerkarte Konten auf der linken Seite Ihres&#8230;","protected":false},"author":5,"featured_media":0,"parent":99,"menu_order":0,"comment_status":"closed","ping_status":"closed","template":"faq-templates\/faq-payments-and-transactions.php","meta":{"_acf_changed":false,"footnotes":""},"class_list":["post-557","page","type-page","status-publish","hentry"],"acf":[],"yoast_head":"<!-- This site is optimized with the Yoast SEO plugin v22.0 - https:\/\/yoast.com\/wordpress\/plugins\/seo\/ -->\n<title>FAQ | Zahlungen und Transaktionen \u2013 Satchel<\/title>\n<meta name=\"description\" content=\"Entdecken Sie die FAQs zu Zahlungen und Transaktionen in Ihrem Satchel-Kundenb\u00fcro oder in Ihrer App.\" \/>\n<meta name=\"robots\" content=\"index, follow, max-snippet:-1, max-image-preview:large, max-video-preview:-1\" \/>\n<link rel=\"canonical\" href=\"https:\/\/satchel.eu\/de\/faq\/payments-and-transactions\/\" \/>\n<meta property=\"og:locale\" content=\"de_DE\" \/>\n<meta property=\"og:type\" content=\"article\" \/>\n<meta property=\"og:title\" content=\"FAQ | Zahlungen und Transaktionen \u2013 Satchel\" \/>\n<meta property=\"og:description\" content=\"Entdecken Sie die FAQs zu Zahlungen und Transaktionen in Ihrem Satchel-Kundenb\u00fcro oder in Ihrer App.\" \/>\n<meta property=\"og:url\" content=\"https:\/\/satchel.eu\/de\/faq\/payments-and-transactions\/\" \/>\n<meta property=\"og:site_name\" content=\"Satchel\" \/>\n<meta property=\"article:modified_time\" content=\"2025-12-08T12:20:08+00:00\" \/>\n<meta name=\"twitter:card\" content=\"summary_large_image\" \/>\n<meta name=\"twitter:label1\" content=\"Gesch\u00e4tzte Lesezeit\" \/>\n\t<meta name=\"twitter:data1\" content=\"3\u00a0Minuten\" \/>\n<script type=\"application\/ld+json\" class=\"yoast-schema-graph\">{\"@context\":\"https:\/\/schema.org\",\"@graph\":[{\"@type\":\"WebPage\",\"@id\":\"https:\/\/satchel.eu\/de\/faq\/payments-and-transactions\/\",\"url\":\"https:\/\/satchel.eu\/de\/faq\/payments-and-transactions\/\",\"name\":\"FAQ | Zahlungen und Transaktionen \u2013 Satchel\",\"isPartOf\":{\"@id\":\"https:\/\/satchel.eu\/de\/#website\"},\"datePublished\":\"2021-03-15T21:39:22+00:00\",\"dateModified\":\"2025-12-08T12:20:08+00:00\",\"description\":\"Entdecken Sie die FAQs zu Zahlungen und Transaktionen in Ihrem Satchel-Kundenb\u00fcro oder in Ihrer App.\",\"breadcrumb\":{\"@id\":\"https:\/\/satchel.eu\/de\/faq\/payments-and-transactions\/#breadcrumb\"},\"inLanguage\":\"de\",\"potentialAction\":[{\"@type\":\"ReadAction\",\"target\":[\"https:\/\/satchel.eu\/de\/faq\/payments-and-transactions\/\"]}]},{\"@type\":\"BreadcrumbList\",\"@id\":\"https:\/\/satchel.eu\/de\/faq\/payments-and-transactions\/#breadcrumb\",\"itemListElement\":[{\"@type\":\"ListItem\",\"position\":1,\"name\":\"Satchel\",\"item\":\"https:\/\/satchel.eu\/de\/\"},{\"@type\":\"ListItem\",\"position\":2,\"name\":\"FAQ\",\"item\":\"https:\/\/satchel.eu\/de\/faq\/\"},{\"@type\":\"ListItem\",\"position\":3,\"name\":\"Zahlungen &amp; Transaktionen\"}]},{\"@type\":\"WebSite\",\"@id\":\"https:\/\/satchel.eu\/de\/#website\",\"url\":\"https:\/\/satchel.eu\/de\/\",\"name\":\"Satchel\",\"description\":\"Ihre L\u00f6sung f\u00fcr das Geldmanagement\",\"publisher\":{\"@id\":\"https:\/\/satchel.eu\/de\/#organization\"},\"potentialAction\":[{\"@type\":\"SearchAction\",\"target\":{\"@type\":\"EntryPoint\",\"urlTemplate\":\"https:\/\/satchel.eu\/de\/?s={search_term_string}\"},\"query-input\":\"required name=search_term_string\"}],\"inLanguage\":\"de\"},{\"@type\":\"Organization\",\"@id\":\"https:\/\/satchel.eu\/de\/#organization\",\"name\":\"Satchel\",\"url\":\"https:\/\/satchel.eu\/de\/\",\"logo\":{\"@type\":\"ImageObject\",\"inLanguage\":\"de\",\"@id\":\"https:\/\/satchel.eu\/de\/#\/schema\/logo\/image\/\",\"url\":\"https:\/\/satchel.eu\/de\/wp-content\/uploads\/sites\/5\/2021\/05\/logo-black.jpg\",\"contentUrl\":\"https:\/\/satchel.eu\/de\/wp-content\/uploads\/sites\/5\/2021\/05\/logo-black.jpg\",\"width\":135,\"height\":32,\"caption\":\"Satchel\"},\"image\":{\"@id\":\"https:\/\/satchel.eu\/de\/#\/schema\/logo\/image\/\"}}]}<\/script>\n<!-- \/ Yoast SEO plugin. -->","yoast_head_json":{"title":"FAQ | Zahlungen und Transaktionen \u2013 Satchel","description":"Entdecken Sie die FAQs zu Zahlungen und Transaktionen in Ihrem Satchel-Kundenb\u00fcro oder in Ihrer App.","robots":{"index":"index","follow":"follow","max-snippet":"max-snippet:-1","max-image-preview":"max-image-preview:large","max-video-preview":"max-video-preview:-1"},"canonical":"https:\/\/satchel.eu\/de\/faq\/payments-and-transactions\/","og_locale":"de_DE","og_type":"article","og_title":"FAQ | Zahlungen und Transaktionen \u2013 Satchel","og_description":"Entdecken Sie die FAQs zu Zahlungen und Transaktionen in Ihrem Satchel-Kundenb\u00fcro oder in Ihrer App.","og_url":"https:\/\/satchel.eu\/de\/faq\/payments-and-transactions\/","og_site_name":"Satchel","article_modified_time":"2025-12-08T12:20:08+00:00","twitter_card":"summary_large_image","twitter_misc":{"Gesch\u00e4tzte Lesezeit":"3\u00a0Minuten"},"schema":{"@context":"https:\/\/schema.org","@graph":[{"@type":"WebPage","@id":"https:\/\/satchel.eu\/de\/faq\/payments-and-transactions\/","url":"https:\/\/satchel.eu\/de\/faq\/payments-and-transactions\/","name":"FAQ | Zahlungen und Transaktionen \u2013 Satchel","isPartOf":{"@id":"https:\/\/satchel.eu\/de\/#website"},"datePublished":"2021-03-15T21:39:22+00:00","dateModified":"2025-12-08T12:20:08+00:00","description":"Entdecken Sie die FAQs zu Zahlungen und Transaktionen in Ihrem Satchel-Kundenb\u00fcro oder in Ihrer App.","breadcrumb":{"@id":"https:\/\/satchel.eu\/de\/faq\/payments-and-transactions\/#breadcrumb"},"inLanguage":"de","potentialAction":[{"@type":"ReadAction","target":["https:\/\/satchel.eu\/de\/faq\/payments-and-transactions\/"]}]},{"@type":"BreadcrumbList","@id":"https:\/\/satchel.eu\/de\/faq\/payments-and-transactions\/#breadcrumb","itemListElement":[{"@type":"ListItem","position":1,"name":"Satchel","item":"https:\/\/satchel.eu\/de\/"},{"@type":"ListItem","position":2,"name":"FAQ","item":"https:\/\/satchel.eu\/de\/faq\/"},{"@type":"ListItem","position":3,"name":"Zahlungen &amp; Transaktionen"}]},{"@type":"WebSite","@id":"https:\/\/satchel.eu\/de\/#website","url":"https:\/\/satchel.eu\/de\/","name":"Satchel","description":"Ihre L\u00f6sung f\u00fcr das Geldmanagement","publisher":{"@id":"https:\/\/satchel.eu\/de\/#organization"},"potentialAction":[{"@type":"SearchAction","target":{"@type":"EntryPoint","urlTemplate":"https:\/\/satchel.eu\/de\/?s={search_term_string}"},"query-input":"required name=search_term_string"}],"inLanguage":"de"},{"@type":"Organization","@id":"https:\/\/satchel.eu\/de\/#organization","name":"Satchel","url":"https:\/\/satchel.eu\/de\/","logo":{"@type":"ImageObject","inLanguage":"de","@id":"https:\/\/satchel.eu\/de\/#\/schema\/logo\/image\/","url":"https:\/\/satchel.eu\/de\/wp-content\/uploads\/sites\/5\/2021\/05\/logo-black.jpg","contentUrl":"https:\/\/satchel.eu\/de\/wp-content\/uploads\/sites\/5\/2021\/05\/logo-black.jpg","width":135,"height":32,"caption":"Satchel"},"image":{"@id":"https:\/\/satchel.eu\/de\/#\/schema\/logo\/image\/"}}]}},"_links":{"self":[{"href":"https:\/\/satchel.eu\/de\/wp-json\/wp\/v2\/pages\/557","targetHints":{"allow":["GET"]}}],"collection":[{"href":"https:\/\/satchel.eu\/de\/wp-json\/wp\/v2\/pages"}],"about":[{"href":"https:\/\/satchel.eu\/de\/wp-json\/wp\/v2\/types\/page"}],"author":[{"embeddable":true,"href":"https:\/\/satchel.eu\/de\/wp-json\/wp\/v2\/users\/5"}],"replies":[{"embeddable":true,"href":"https:\/\/satchel.eu\/de\/wp-json\/wp\/v2\/comments?post=557"}],"version-history":[{"count":1,"href":"https:\/\/satchel.eu\/de\/wp-json\/wp\/v2\/pages\/557\/revisions"}],"predecessor-version":[{"id":5673,"href":"https:\/\/satchel.eu\/de\/wp-json\/wp\/v2\/pages\/557\/revisions\/5673"}],"up":[{"embeddable":true,"href":"https:\/\/satchel.eu\/de\/wp-json\/wp\/v2\/pages\/99"}],"wp:attachment":[{"href":"https:\/\/satchel.eu\/de\/wp-json\/wp\/v2\/media?parent=557"}],"curies":[{"name":"wp","href":"https:\/\/api.w.org\/{rel}","templated":true}]}}