{"id":560,"date":"2021-03-15T23:44:58","date_gmt":"2021-03-15T21:44:58","guid":{"rendered":"https:\/\/satchel-eu-new.devlab69.com\/?page_id=560"},"modified":"2026-04-20T15:38:15","modified_gmt":"2026-04-20T12:38:15","slug":"satchel-karten","status":"publish","type":"page","link":"https:\/\/satchel.eu\/de\/faq\/satchel-karten\/","title":{"rendered":"Satchel Karten"},"content":{"rendered":"<section class=\"section pt-45 pt-md-70\">\n<div class=\"container\">\n<div class=\"row\">\n<div class=\"col-lg-7 offset-lg-2 mb-lg-0 mb-40\">&lt;a class=&quot;btn btn-primary d-inline-flex align-items-center mb-25&quot; href=&quot;faq\/&#8220;&gt;               Zur\u00fcck<\/a><\/p>\n<h1 class=\"mb-25\">Satchel Karten<\/h1>\n<div class=\"faq-item\">\n<div class=\"faq-item__title h4 mb-10\">Wie kann ich eine Prepaid-Karte bestellen?<\/div>\n<div class=\"faq-item__text\">\n<div>\n<p>Sie k\u00f6nnen diesem Link folgen, um eine Prepaid-Karte zu bestellen, die mit Ihrem Satchel-Konto verkn\u00fcpft wird. Hinweis: Sie k\u00f6nnen nur eine Prepaid Mastercard bestellen, wenn Sie ein Girokonto bei Satchel haben.<\/p>\n<\/p><\/div>\n<\/p><\/div>\n<p>            <a class=\"btn btn-link faq-item__link faq-item__link--expand\" href=\"#\">Erweitern Sie            <\/a><br \/>\n            <a class=\"btn btn-link faq-item__link faq-item__link--close\" href=\"#\">Schlie\u00dfen Sie            <\/a>\n          <\/div>\n<div class=\"faq-item\">\n<div class=\"faq-item__title h4 mb-10\">Kann ich eine Karte erhalten, ohne ein Girokonto bei Satchel zu er\u00f6ffnen?<\/div>\n<div class=\"faq-item__text\">\n<div>\n<p>Leider ist diese Option nicht verf\u00fcgbar. Um eine Karte zu erhalten, m\u00fcssen Sie ein Girokonto bei Satchel er\u00f6ffnen.<\/p>\n<\/p><\/div>\n<\/p><\/div>\n<p>            <a class=\"btn btn-link faq-item__link faq-item__link--expand\" href=\"#\">Erweitern Sie            <\/a><a class=\"btn btn-link faq-item__link faq-item__link--close\" href=\"#\">Schlie\u00dfen Sie            <\/a>\n          <\/div>\n<div class=\"faq-item\">\n<div class=\"faq-item__title h4 mb-10\">Was ist der Unterschied zwischen den Tarifen Regular Spender und Active Spender?<\/div>\n<div class=\"faq-item__text\">\n<div>\n<p>Der Unterschied liegt in den Kartenlimits und den Geb\u00fchren. Der Active Spender-Tarif erm\u00f6glicht h\u00f6here Limits bei niedrigeren Geb\u00fchren.<\/p>\n<\/p><\/div>\n<\/p><\/div>\n<p>            <a class=\"btn btn-link faq-item__link faq-item__link--expand\" href=\"#\">Erweitern Sie            <\/a><a class=\"btn btn-link faq-item__link faq-item__link--close\" href=\"#\">Schlie\u00dfen Sie            <\/a>\n          <\/div>\n<div class=\"faq-item\">\n<div class=\"faq-item__title h4 mb-10\">Kann ich meinen Tarif von Regular Spender auf Active Spender umstellen?<\/div>\n<div class=\"faq-item__text\">\n<div>\n<p>Ja, um ein Upgrade zu beantragen, wenden Sie sich bitte an unseren Kundenservice unter support@satchel.eu oder per Chat.<\/p>\n<\/p><\/div>\n<\/p><\/div>\n<p>            <a class=\"btn btn-link faq-item__link faq-item__link--expand\" href=\"#\">Erweitern Sie            <\/a><a class=\"btn btn-link faq-item__link faq-item__link--close\" href=\"#\">Schlie\u00dfen Sie            <\/a>\n          <\/div>\n<div class=\"faq-item\">\n<div class=\"faq-item__title h4 mb-10\">Wann wird meine Karte geliefert?<\/div>\n<div class=\"faq-item__text\">\n<div>\n<p>Nachdem Ihre Bestellung aufgegeben wurde und Sie \u00fcber gen\u00fcgend Geldmittel verf\u00fcgen, um die Ausgabe- und Versandgeb\u00fchren zu decken, wird die Karte in der Regel innerhalb der n\u00e4chsten 1-2 Arbeitstage versandt.<\/p>\n<p>Die Standardlieferzeit betr\u00e4gt aufgrund des Covid-19-Notfalls derzeit bis zu 1-2 Monate. Die Expresslieferung in die EU-L\u00e4nder und das Vereinigte K\u00f6nigreich sollte nicht l\u00e4nger als 3 Werktage dauern. Der Expressversand in andere L\u00e4nder sollte bis zu 5 Werktage dauern.<\/p>\n<\/p><\/div>\n<\/p><\/div>\n<p>            <a class=\"btn btn-link faq-item__link faq-item__link--expand\" href=\"#\">Erweitern Sie            <\/a><a class=\"btn btn-link faq-item__link faq-item__link--close\" href=\"#\">Schlie\u00dfen Sie            <\/a>\n          <\/div>\n<div class=\"faq-item\">\n<div class=\"faq-item__title h4 mb-10\">Wie viele Karten kann ich mit meinem Satchel-Konto erhalten?<\/div>\n<div class=\"faq-item__text\">\n<div>\n<p>Pers\u00f6nliches Konto: 2 physische Karten und 2 virtuelle Karten pro Kontoinhaber.<\/p>\n<p>Gesch\u00e4ftskonto: maximal 5 Karten (virtuell oder physisch) f\u00fcr bis zu 5 Karteninhaber pro Gesch\u00e4ftskonto.<\/p>\n<\/p><\/div>\n<\/p><\/div>\n<p>            <a class=\"btn btn-link faq-item__link faq-item__link--expand\" href=\"#\">Erweitern Sie            <\/a><a class=\"btn btn-link faq-item__link faq-item__link--close\" href=\"#\">Schlie\u00dfen Sie            <\/a>\n          <\/div>\n<div class=\"faq-item\">\n<div class=\"faq-item__title h4 mb-10\">In welcher W\u00e4hrung kann meine Satchel-Karte ausgestellt werden?<\/div>\n<div class=\"faq-item__text\">\n<div>\n<p>Derzeit werden alle Karten in EUR ausgegeben.<\/p>\n<\/p><\/div>\n<\/p><\/div>\n<p>            <a class=\"btn btn-link faq-item__link faq-item__link--expand\" href=\"#\">Erweitern Sie            <\/a><a class=\"btn btn-link faq-item__link faq-item__link--close\" href=\"#\">Schlie\u00dfen Sie            <\/a>\n          <\/div>\n<div class=\"faq-item\">\n<div class=\"faq-item__title h4 mb-10\">Wie kann ich meine Karte aktivieren?<\/div>\n<div class=\"faq-item__text\">\n<div>\n<p>Sie k\u00f6nnen dies direkt \u00fcber die Karteneinstellungen in Ihrem Client B\u00fcro tun. Fahren Sie dann mit dem Aufladen Ihres Kartenguthabens fort.<\/p>\n<p>Alle Funktionen der Karte werden aktiviert, sobald Sie Ihre erste Transaktion an einem Geldautomaten oder einem POS durchf\u00fchren. Bitte verwenden Sie f\u00fcr Ihre erste Transaktion nicht die kontaktlose Funktion, da dies f\u00fcr die Aktivierung des Kartenchips erforderlich ist.<\/p>\n<\/p><\/div>\n<\/p><\/div>\n<p>            <a class=\"btn btn-link faq-item__link faq-item__link--expand\" href=\"#\">Erweitern Sie            <\/a><a class=\"btn btn-link faq-item__link faq-item__link--close\" href=\"#\">Schlie\u00dfen Sie            <\/a>\n          <\/div>\n<div class=\"faq-item\">\n<div class=\"faq-item__title h4 mb-10\">Wie kann ich meine Satchel-Karte aufladen?<\/div>\n<div class=\"faq-item__text\">\n<div>\n<p>W\u00e4hlen Sie den Bereich Karten in Ihrem Kundenbereich, w\u00e4hlen Sie die Karte aus, die Sie zum Aufladen ben\u00f6tigen, geben Sie den Betrag und die Erz\u00e4hlung ein und genehmigen Sie die Transaktion. <\/p>\n<p>Die Transaktion wird sofort auf dem Guthaben Ihrer Karte angezeigt.<\/p>\n<\/p><\/div>\n<\/p><\/div>\n<p>            <a class=\"btn btn-link faq-item__link faq-item__link--expand\" href=\"#\">Erweitern Sie            <\/a><a class=\"btn btn-link faq-item__link faq-item__link--close\" href=\"#\">Schlie\u00dfen Sie            <\/a>\n          <\/div>\n<div class=\"faq-item\">\n<div class=\"faq-item__title h4 mb-10\">Wo kann ich die PIN meiner Karte finden?<\/div>\n<div class=\"faq-item__text\">\n<div>\n<p>Sie finden ihn immer in den Karteneinstellungen. Wenn Sie sie \u00e4ndern m\u00f6chten, wenden Sie sich bitte an unseren Kundendienst unter support@satchel.eu oder per Chat.<\/p>\n<\/p><\/div>\n<\/p><\/div>\n<p>            <a class=\"btn btn-link faq-item__link faq-item__link--expand\" href=\"#\">Erweitern Sie            <\/a><a class=\"btn btn-link faq-item__link faq-item__link--close\" href=\"#\">Schlie\u00dfen Sie            <\/a>\n          <\/div>\n<div class=\"faq-item\">\n<div class=\"faq-item__title h4 mb-10\">Verf\u00fcgt meine Satchel-Karte \u00fcber die Funktion f\u00fcr kontaktloses Bezahlen?<\/div>\n<div class=\"faq-item__text\">\n<div>\n<p>Ja, alle Satchel-Karten unterst\u00fctzen kontaktlose Zahlungen.<\/p>\n<\/p><\/div>\n<\/p><\/div>\n<p>            <a class=\"btn btn-link faq-item__link faq-item__link--expand\" href=\"#\">Erweitern Sie            <\/a><a class=\"btn btn-link faq-item__link faq-item__link--close\" href=\"#\">Schlie\u00dfen Sie            <\/a>\n          <\/div>\n<div class=\"faq-item\">\n<div class=\"faq-item__title h4 mb-10\">Wie hoch ist das aktuelle Limit f\u00fcr eine kontaktlose Zahlung ohne Autorisierung (Eingabe der PIN)?<\/div>\n<div class=\"faq-item__text\">\n<div>\n<p>Das Limit wird von der Bank des H\u00e4ndlers unter Anleitung von World Payment Systems festgelegt. Normalerweise liegt das Limit zwischen 25-50 EUR. Dennoch bleiben alle Limits f\u00fcr Transaktionen, die auf der Karte gem\u00e4\u00df dem zugewiesenen Tarifplan eingerichtet werden, gleich.<\/p>\n<\/p><\/div>\n<\/p><\/div>\n<p>            <a class=\"btn btn-link faq-item__link faq-item__link--expand\" href=\"#\">Erweitern Sie            <\/a><a class=\"btn btn-link faq-item__link faq-item__link--close\" href=\"#\">Schlie\u00dfen Sie            <\/a>\n          <\/div>\n<div class=\"faq-item\">\n<div class=\"faq-item__title h4 mb-10\">Was ist 3D Secure? Ist es auf meiner Karte aktiviert?<\/div>\n<div class=\"faq-item__text\">\n<div>\n<p>3D Secure ist eine Funktion, die eine zus\u00e4tzliche Sicherheitsebene f\u00fcr E-Commerce-Kartentransaktionen schafft.<\/p>\n<p>Alle Satchel-Karten sind mit 3D Secure ausgestattet.<\/p>\n<\/p><\/div>\n<\/p><\/div>\n<p>            <a class=\"btn btn-link faq-item__link faq-item__link--expand\" href=\"#\">Erweitern Sie            <\/a><a class=\"btn btn-link faq-item__link faq-item__link--close\" href=\"#\">Schlie\u00dfen Sie            <\/a>\n          <\/div>\n<div class=\"faq-item\">\n<div class=\"faq-item__title h4 mb-10\">Gibt es Kartenlimits?<\/div>\n<div class=\"faq-item__text\">\n<div>\n<p>Die Limits f\u00fcr Satchel-Karten k\u00f6nnen Sie hier \u00fcberpr\u00fcfen: &lt;a href=&quot;fees\/?feesType=card-fees&#8220;&gt;Kartenseite<\/a>. Um Ihr Kartenlimit zu erh\u00f6hen, kontaktieren Sie bitte unser Kartenteam per Chat oder unter cards@satchel.eu.<\/p>\n<\/p><\/div>\n<\/p><\/div>\n<p>            <a class=\"btn btn-link faq-item__link faq-item__link--expand\" href=\"#\">Erweitern Sie            <\/a><a class=\"btn btn-link faq-item__link faq-item__link--close\" href=\"#\">Schlie\u00dfen Sie            <\/a>\n          <\/div>\n<div class=\"faq-item\">\n<div class=\"faq-item__title h4 mb-10\">Kann ich mit meiner Satchel-Karte Geld an einem Geldautomaten abheben?<\/div>\n<div class=\"faq-item__text\">\n<div>\n<p>Sie k\u00f6nnen mit Ihrer Satchel-Karte an jedem Geldautomaten, der Mastercard unterst\u00fctzt, Geld abheben. Bitte beachten Sie, dass es &lt;a href=&quot;fees\/?feesType=card-fees&#8220;&gt;Beschr\u00e4nkungen f\u00fcr Abhebungen<\/a> gibt.<\/p>\n<\/p><\/div>\n<\/p><\/div>\n<p>            <a class=\"btn btn-link faq-item__link faq-item__link--expand\" href=\"#\">Erweitern Sie            <\/a><a class=\"btn btn-link faq-item__link faq-item__link--close\" href=\"#\">Schlie\u00dfen Sie            <\/a>\n          <\/div>\n<div class=\"faq-item\">\n<div class=\"faq-item__title h4 mb-10\">Kann ich online mit meiner Satchel-Karte bezahlen?<\/div>\n<div class=\"faq-item__text\">\n<div>\n<p>Ja, Sie k\u00f6nnen online mit Ihrer Satchel-Karte bezahlen. Bitte vergewissern Sie sich, dass das Guthaben auf der Karte h\u00f6her ist als der Betrag der Transaktion, die Sie durchf\u00fchren m\u00f6chten.<\/p>\n<\/p><\/div>\n<\/p><\/div>\n<p>            <a class=\"btn btn-link faq-item__link faq-item__link--expand\" href=\"#\">Erweitern Sie            <\/a><a class=\"btn btn-link faq-item__link faq-item__link--close\" href=\"#\">Schlie\u00dfen Sie            <\/a>\n          <\/div>\n<div class=\"faq-item\">\n<div class=\"faq-item__title h4 mb-10\">Ich habe meine Satchel-Karte verloren. Was muss ich tun?<\/div>\n<div class=\"faq-item__text\">\n<div>\n<p>Wenn Sie Ihre Karte verloren haben, sollten Sie sofort unser Cards-Team per Chat oder unter cards@satchel.eu informieren und es bitten, Ihre Karte zu sperren. Das Team wird Sie dann durch die folgenden Schritte leiten.<\/p>\n<\/p><\/div>\n<\/p><\/div>\n<p>            <a class=\"btn btn-link faq-item__link faq-item__link--expand\" href=\"#\">Erweitern Sie            <\/a><a class=\"btn btn-link faq-item__link faq-item__link--close\" href=\"#\">Schlie\u00dfen Sie            <\/a>\n          <\/div>\n<div class=\"faq-item\">\n<div class=\"faq-item__title h4 mb-10\">Meine Karte l\u00e4uft bald ab. Was soll ich tun?<\/div>\n<div class=\"faq-item__text\">\n<div>\n<p>Einen Monat bevor Ihre Karte abl\u00e4uft, erhalten Sie eine Benachrichtigung \u00fcber den Ersatz Ihrer Karte. In dieser Benachrichtigung werden Sie auch aufgefordert, Ihre Adresse f\u00fcr die Lieferung der Karte anzugeben. Hinweis: Bitte beachten Sie, dass Sie Ihre neue Karte, sobald Sie sie erhalten haben, \u00fcber das Satchel Web Client B\u00fcro oder \u00fcber die mobile App aktivieren m\u00fcssen.<\/p>\n<\/p><\/div>\n<\/p><\/div>\n<p>            <a class=\"btn btn-link faq-item__link faq-item__link--expand\" href=\"#\">Erweitern Sie            <\/a><a class=\"btn btn-link faq-item__link faq-item__link--close\" href=\"#\">Schlie\u00dfen Sie            <\/a>\n          <\/div>\n<div class=\"faq-item\">\n<div class=\"faq-item__title h4 mb-10\">Kann ich die Satchel-Karten, die mit einem W\u00e4hrungskonto verbunden sind, sperren?<\/div>\n<div class=\"faq-item__text\">\n<div>\n<p>Ja. Senden Sie dazu bitte eine Anfrage an unser Kartenteam per Chat oder unter cards@satchel.eu.<\/p>\n<\/p><\/div>\n<\/p><\/div>\n<p>            <a class=\"btn btn-link faq-item__link faq-item__link--expand\" href=\"#\">Erweitern Sie            <\/a><a class=\"btn btn-link faq-item__link faq-item__link--close\" href=\"#\">Schlie\u00dfen Sie            <\/a>\n          <\/div>\n<div class=\"faq-item\">\n<div class=\"faq-item__title h4 mb-10\">Kann ein Unternehmen im Rahmen eines Gesch\u00e4ftskontos Karten f\u00fcr seine Mitarbeiter ausgeben?<\/div>\n<div class=\"faq-item__text\">\n<div>\n<p>Ja. F\u00fcr weitere Informationen wenden Sie sich bitte per Chat oder unter support@satchel.eu an unseren Kundendienst.<\/p>\n<\/p><\/div>\n<\/p><\/div>\n<p>            <a class=\"btn btn-link faq-item__link faq-item__link--expand\" href=\"#\">Erweitern Sie            <\/a><a class=\"btn btn-link faq-item__link faq-item__link--close\" href=\"#\">Schlie\u00dfen Sie            <\/a>\n          <\/div>\n<\/p><\/div>\n<div class=\"col-lg-4 offset-lg-1\">\n<div class=\"other-topics\">\n<div class=\"other-topics__title h4 mb-15\">Andere Themen<\/div>\n<ul>\n<li>&lt;a class=&quot;btn btn-link&quot; href=&quot;faq\/general-information\/&#8220;&gt;Allgemeine Informationen            <\/a><\/li>\n<li>&lt;a class=&quot;btn btn-link&quot; href=&quot;faq\/satchel-current-account\/&#8220;&gt;Satchel Girokonto            <\/a><\/li>\n<li>&lt;a class=&quot;btn btn-link&quot; href=&quot;faq\/login-and-password\/&#8220;&gt;Anmeldung und Passwort            <\/a><\/li>\n<li>&lt;a class=&quot;btn btn-link&quot; href=&quot;faq\/sepa-the-ultimate-guide\/&#8220;&gt;SEPA: Der ultimative Leitfaden            <\/a><\/li>\n<li>&lt;a class=&quot;btn btn-link&quot; href=&quot;faq\/payments-and-transactions\/&#8220;&gt;Zahlungen &amp; Transaktionen            <\/a><\/li>\n<\/ul><\/div>\n<\/p><\/div>\n<\/p><\/div>\n<div class=\"row mt-95\">\n<div class=\"col-lg-12 mx-auto\">\n<div class=\"question-box\">\n<div class=\"mb-md-0 mb-20\">\n<div class=\"question-box__title h4 mb-10\">Haben Sie Ihre Frage nicht gefunden?<\/div>\n<div class=\"question-box__text h6 mb-0\">Kontaktieren Sie unser Support-Team per Telefon oder E-Mail.<\/div>\n<\/p><\/div>\n<div class=\"d-flex flex-sm-row flex-column align-items-start\">\n              <a class=\"btn btn-primary mr-sm-15 mb-sm-0 mb-20 js-customer-support-phone-faq\" href=\"tel:+37052141818\">+370 5214 1818<\/a><br \/>\n              <a class=\"btn btn-primary js-customer-support-email-faq\" href=\"mailto:support@satchel.eu\">support@satchel.eu<\/a>\n            <\/div>\n<\/p><\/div>\n<\/p><\/div>\n<\/p><\/div>\n<\/p><\/div>\n<\/section>\n","protected":false},"excerpt":{"rendered":"<p>&lt;a class=&quot;btn btn-primary d-inline-flex align-items-center mb-25&quot; href=&quot;faq\/&#8220;&gt; Zur\u00fcck Satchel Karten Wie kann ich eine Prepaid-Karte bestellen? Sie k\u00f6nnen diesem Link folgen, um eine Prepaid-Karte zu bestellen, die mit Ihrem Satchel-Konto verkn\u00fcpft wird. Hinweis: Sie k\u00f6nnen nur eine Prepaid Mastercard bestellen, wenn Sie ein Girokonto bei Satchel haben. Erweitern Sie Schlie\u00dfen Sie Kann ich eine Karte&#8230;<\/p>\n","protected":false},"author":5,"featured_media":0,"parent":99,"menu_order":0,"comment_status":"closed","ping_status":"closed","template":"faq-templates\/faq-satchel-cards.php","meta":{"_acf_changed":false,"footnotes":""},"class_list":["post-560","page","type-page","status-publish","hentry"],"acf":[],"yoast_head":"<!-- This site is optimized with the Yoast SEO plugin v22.0 - https:\/\/yoast.com\/wordpress\/plugins\/seo\/ -->\n<title>FAQ | Zahlungskarten \u2013 Satchel<\/title>\n<meta name=\"description\" content=\"Entdecken Sie h\u00e4ufig gestellte Fragen zu Satchel-Zahlungskarten: plastik oder virtuell.\" \/>\n<meta name=\"robots\" content=\"index, follow, max-snippet:-1, max-image-preview:large, max-video-preview:-1\" \/>\n<link rel=\"canonical\" href=\"https:\/\/satchel.eu\/de\/faq\/satchel-karten\/\" \/>\n<meta property=\"og:locale\" content=\"de_DE\" \/>\n<meta property=\"og:type\" content=\"article\" \/>\n<meta property=\"og:title\" content=\"FAQ | Zahlungskarten \u2013 Satchel\" \/>\n<meta property=\"og:description\" content=\"Entdecken Sie h\u00e4ufig gestellte Fragen zu Satchel-Zahlungskarten: plastik oder virtuell.\" \/>\n<meta property=\"og:url\" content=\"https:\/\/satchel.eu\/de\/faq\/satchel-karten\/\" \/>\n<meta property=\"og:site_name\" content=\"Satchel\" \/>\n<meta property=\"article:modified_time\" content=\"2026-04-20T12:38:15+00:00\" \/>\n<meta name=\"twitter:card\" content=\"summary_large_image\" \/>\n<meta name=\"twitter:label1\" content=\"Gesch\u00e4tzte Lesezeit\" \/>\n\t<meta name=\"twitter:data1\" content=\"5\u00a0Minuten\" \/>\n<script type=\"application\/ld+json\" class=\"yoast-schema-graph\">{\"@context\":\"https:\/\/schema.org\",\"@graph\":[{\"@type\":\"WebPage\",\"@id\":\"https:\/\/satchel.eu\/de\/faq\/satchel-karten\/\",\"url\":\"https:\/\/satchel.eu\/de\/faq\/satchel-karten\/\",\"name\":\"FAQ | Zahlungskarten \u2013 Satchel\",\"isPartOf\":{\"@id\":\"https:\/\/satchel.eu\/de\/#website\"},\"datePublished\":\"2021-03-15T21:44:58+00:00\",\"dateModified\":\"2026-04-20T12:38:15+00:00\",\"description\":\"Entdecken Sie h\u00e4ufig gestellte Fragen zu Satchel-Zahlungskarten: plastik oder virtuell.\",\"breadcrumb\":{\"@id\":\"https:\/\/satchel.eu\/de\/faq\/satchel-karten\/#breadcrumb\"},\"inLanguage\":\"de\",\"potentialAction\":[{\"@type\":\"ReadAction\",\"target\":[\"https:\/\/satchel.eu\/de\/faq\/satchel-karten\/\"]}]},{\"@type\":\"BreadcrumbList\",\"@id\":\"https:\/\/satchel.eu\/de\/faq\/satchel-karten\/#breadcrumb\",\"itemListElement\":[{\"@type\":\"ListItem\",\"position\":1,\"name\":\"Satchel\",\"item\":\"https:\/\/satchel.eu\/de\/\"},{\"@type\":\"ListItem\",\"position\":2,\"name\":\"FAQ\",\"item\":\"https:\/\/satchel.eu\/de\/faq\/\"},{\"@type\":\"ListItem\",\"position\":3,\"name\":\"Satchel Karten\"}]},{\"@type\":\"WebSite\",\"@id\":\"https:\/\/satchel.eu\/de\/#website\",\"url\":\"https:\/\/satchel.eu\/de\/\",\"name\":\"Satchel\",\"description\":\"Ihre L\u00f6sung f\u00fcr das Geldmanagement\",\"publisher\":{\"@id\":\"https:\/\/satchel.eu\/de\/#organization\"},\"potentialAction\":[{\"@type\":\"SearchAction\",\"target\":{\"@type\":\"EntryPoint\",\"urlTemplate\":\"https:\/\/satchel.eu\/de\/?s={search_term_string}\"},\"query-input\":\"required name=search_term_string\"}],\"inLanguage\":\"de\"},{\"@type\":\"Organization\",\"@id\":\"https:\/\/satchel.eu\/de\/#organization\",\"name\":\"Satchel\",\"url\":\"https:\/\/satchel.eu\/de\/\",\"logo\":{\"@type\":\"ImageObject\",\"inLanguage\":\"de\",\"@id\":\"https:\/\/satchel.eu\/de\/#\/schema\/logo\/image\/\",\"url\":\"https:\/\/satchel.eu\/de\/wp-content\/uploads\/sites\/5\/2021\/05\/logo-black.jpg\",\"contentUrl\":\"https:\/\/satchel.eu\/de\/wp-content\/uploads\/sites\/5\/2021\/05\/logo-black.jpg\",\"width\":135,\"height\":32,\"caption\":\"Satchel\"},\"image\":{\"@id\":\"https:\/\/satchel.eu\/de\/#\/schema\/logo\/image\/\"}}]}<\/script>\n<!-- \/ Yoast SEO plugin. -->","yoast_head_json":{"title":"FAQ | Zahlungskarten \u2013 Satchel","description":"Entdecken Sie h\u00e4ufig gestellte Fragen zu Satchel-Zahlungskarten: plastik oder virtuell.","robots":{"index":"index","follow":"follow","max-snippet":"max-snippet:-1","max-image-preview":"max-image-preview:large","max-video-preview":"max-video-preview:-1"},"canonical":"https:\/\/satchel.eu\/de\/faq\/satchel-karten\/","og_locale":"de_DE","og_type":"article","og_title":"FAQ | Zahlungskarten \u2013 Satchel","og_description":"Entdecken Sie h\u00e4ufig gestellte Fragen zu Satchel-Zahlungskarten: plastik oder virtuell.","og_url":"https:\/\/satchel.eu\/de\/faq\/satchel-karten\/","og_site_name":"Satchel","article_modified_time":"2026-04-20T12:38:15+00:00","twitter_card":"summary_large_image","twitter_misc":{"Gesch\u00e4tzte Lesezeit":"5\u00a0Minuten"},"schema":{"@context":"https:\/\/schema.org","@graph":[{"@type":"WebPage","@id":"https:\/\/satchel.eu\/de\/faq\/satchel-karten\/","url":"https:\/\/satchel.eu\/de\/faq\/satchel-karten\/","name":"FAQ | Zahlungskarten \u2013 Satchel","isPartOf":{"@id":"https:\/\/satchel.eu\/de\/#website"},"datePublished":"2021-03-15T21:44:58+00:00","dateModified":"2026-04-20T12:38:15+00:00","description":"Entdecken Sie h\u00e4ufig gestellte Fragen zu Satchel-Zahlungskarten: plastik oder virtuell.","breadcrumb":{"@id":"https:\/\/satchel.eu\/de\/faq\/satchel-karten\/#breadcrumb"},"inLanguage":"de","potentialAction":[{"@type":"ReadAction","target":["https:\/\/satchel.eu\/de\/faq\/satchel-karten\/"]}]},{"@type":"BreadcrumbList","@id":"https:\/\/satchel.eu\/de\/faq\/satchel-karten\/#breadcrumb","itemListElement":[{"@type":"ListItem","position":1,"name":"Satchel","item":"https:\/\/satchel.eu\/de\/"},{"@type":"ListItem","position":2,"name":"FAQ","item":"https:\/\/satchel.eu\/de\/faq\/"},{"@type":"ListItem","position":3,"name":"Satchel Karten"}]},{"@type":"WebSite","@id":"https:\/\/satchel.eu\/de\/#website","url":"https:\/\/satchel.eu\/de\/","name":"Satchel","description":"Ihre L\u00f6sung f\u00fcr das Geldmanagement","publisher":{"@id":"https:\/\/satchel.eu\/de\/#organization"},"potentialAction":[{"@type":"SearchAction","target":{"@type":"EntryPoint","urlTemplate":"https:\/\/satchel.eu\/de\/?s={search_term_string}"},"query-input":"required name=search_term_string"}],"inLanguage":"de"},{"@type":"Organization","@id":"https:\/\/satchel.eu\/de\/#organization","name":"Satchel","url":"https:\/\/satchel.eu\/de\/","logo":{"@type":"ImageObject","inLanguage":"de","@id":"https:\/\/satchel.eu\/de\/#\/schema\/logo\/image\/","url":"https:\/\/satchel.eu\/de\/wp-content\/uploads\/sites\/5\/2021\/05\/logo-black.jpg","contentUrl":"https:\/\/satchel.eu\/de\/wp-content\/uploads\/sites\/5\/2021\/05\/logo-black.jpg","width":135,"height":32,"caption":"Satchel"},"image":{"@id":"https:\/\/satchel.eu\/de\/#\/schema\/logo\/image\/"}}]}},"_links":{"self":[{"href":"https:\/\/satchel.eu\/de\/wp-json\/wp\/v2\/pages\/560","targetHints":{"allow":["GET"]}}],"collection":[{"href":"https:\/\/satchel.eu\/de\/wp-json\/wp\/v2\/pages"}],"about":[{"href":"https:\/\/satchel.eu\/de\/wp-json\/wp\/v2\/types\/page"}],"author":[{"embeddable":true,"href":"https:\/\/satchel.eu\/de\/wp-json\/wp\/v2\/users\/5"}],"replies":[{"embeddable":true,"href":"https:\/\/satchel.eu\/de\/wp-json\/wp\/v2\/comments?post=560"}],"version-history":[{"count":1,"href":"https:\/\/satchel.eu\/de\/wp-json\/wp\/v2\/pages\/560\/revisions"}],"predecessor-version":[{"id":5674,"href":"https:\/\/satchel.eu\/de\/wp-json\/wp\/v2\/pages\/560\/revisions\/5674"}],"up":[{"embeddable":true,"href":"https:\/\/satchel.eu\/de\/wp-json\/wp\/v2\/pages\/99"}],"wp:attachment":[{"href":"https:\/\/satchel.eu\/de\/wp-json\/wp\/v2\/media?parent=560"}],"curies":[{"name":"wp","href":"https:\/\/api.w.org\/{rel}","templated":true}]}}