{"id":92,"date":"2021-03-02T19:51:10","date_gmt":"2021-03-02T17:51:10","guid":{"rendered":"https:\/\/satchel-eu-new.devlab69.com\/?page_id=92"},"modified":"2025-12-08T14:01:03","modified_gmt":"2025-12-08T12:01:03","slug":"contact-us","status":"publish","type":"page","link":"https:\/\/satchel.eu\/de\/contact-us\/","title":{"rendered":"Kontakt"},"content":{"rendered":"<section class=\"section pt-45 pt-md-70\">\r\n  <div class=\"container\">\r\n    <div class=\"row\">\r\n      <div class=\"col-lg-12 offset-lg-2\">\r\n        <h1 class=\"mb-15 text-center\">Hilfe-Center<\/h1>\r\n        <p class=\"mb-25 text-center\">Nachstehend finden Sie alle notwendigen Kontakte f\u00fcr allgemeine oder dringende Fragen.<\/p>\r\n      <\/div>\r\n    <\/div>\r\n    <div class=\"row\">\r\n      <div class=\"col-lg-12 offset-lg-2\">\r\n        <div class=\"row\">\r\n          <div class=\"col-md-8 mb-25\">\r\n            <div class=\"contact-card\">\r\n              <div class=\"mb-25 w-56px h-56px\">\r\n                <img decoding=\"async\" class=\"lazyload\" data-src=\"https:\/\/satchel.eu\/de\/wp-content\/themes\/satchel\/public\/img\/sleu-kit-icons-y-support.svg?v=2.5\" src=\"data:image\/gif;base64,R0lGODlhAQABAAAAACH5BAEKAAEALAAAAAABAAEAAAICTAEAOw==\" alt>\r\n              <\/div>\r\n\r\n              <div class=\"contact-card__title h4 mb-15\">Kundenbetreuung<\/div>\r\n              <p class=\"mb-40 p-md2 font-weight-medium\" style=\"line-height: 23px;\"><span class=\"font-weight-semibold\">Arbeitszeiten:<\/span><br>\r\n                Montag &#8211; Freitag<br>\r\n                9 AM &#8211; 6 PM (GMT+2)<\/p>\r\n              <p class=\"mb-15 p-md2 font-weight-semibold mt-md-auto\" style=\"line-height: 23px;\">Wir sind hier, um Ihnen zu helfen<\/p>\r\n              <a class=\"contact-card__link contact-card__link--phone mb-15 js-customer-support-phone\" href=\"tel:+37052141818\">\r\n                <img decoding=\"async\" class=\"lazyload mr-5\" data-src=\"https:\/\/satchel.eu\/de\/wp-content\/themes\/satchel\/public\/img\/sleu-kit-icons-phone.svg?v=2.5\" src=\"data:image\/gif;base64,R0lGODlhAQABAAAAACH5BAEKAAEALAAAAAABAAEAAAICTAEAOw==\" alt style=\"width: 17px; height: 16px; min-width: 17px; min-height: 16px;\">\r\n                +370 5214 1818\r\n              <\/a>\r\n              <a class=\"contact-card__link contact-card__link--email js-customer-support-email\" href=\"mailto:support@satchel.eu\">\r\n                <img decoding=\"async\" class=\"lazyload mr-5\" data-src=\"https:\/\/satchel.eu\/de\/wp-content\/themes\/satchel\/public\/img\/sleu-kit-icons-email.svg?v=2.5\" src=\"data:image\/gif;base64,R0lGODlhAQABAAAAACH5BAEKAAEALAAAAAABAAEAAAICTAEAOw==\" alt style=\"width: 17px; height: 16px; min-width: 17px; min-height: 16px;\">\r\n                support@satchel.eu\r\n              <\/a>\r\n            <\/div>\r\n          <\/div>\r\n          \r\n          <div class=\"col-md-8 mb-25\">\r\n            <div class=\"contact-card\">\r\n              <div class=\"mb-25 w-56px h-56px\">\r\n                <img decoding=\"async\" class=\"lazyload\" data-src=\"https:\/\/satchel.eu\/de\/wp-content\/themes\/satchel\/public\/img\/sleu-kit-icons-y-current-accounts.svg?v=2.5\" src=\"data:image\/gif;base64,R0lGODlhAQABAAAAACH5BAEKAAEALAAAAAABAAEAAAICTAEAOw==\" alt>\r\n              <\/div>\r\n\r\n              \r\n              <div class=\"contact-card__title h4 mb-15\">Vertrieb<\/div>\r\n\r\n              <p class=\"mb-40 p-md2 font-weight-medium\" style=\"line-height: 23px;\"><span class=\"font-weight-semibold\">Arbeitszeiten:<\/span><br>\r\n                Montag &#8211; Freitag<br>\r\n                9 AM &#8211; 6 PM (GMT+2)<\/p>\r\n              <p class=\"mb-15 p-md2 font-weight-semibold mt-md-auto\" style=\"line-height: 23px;\">Kontaktieren Sie uns bitte <\/p>\r\n              \r\n              <a class=\"contact-card__link contact-card__link--phone mb-15 js-sales-phone\" href=\"tel:+37052142278\">\r\n                <img decoding=\"async\" class=\"lazyload mr-5\" data-src=\"https:\/\/satchel.eu\/de\/wp-content\/themes\/satchel\/public\/img\/sleu-kit-icons-phone.svg?v=2.5\" src=\"data:image\/gif;base64,R0lGODlhAQABAAAAACH5BAEKAAEALAAAAAABAAEAAAICTAEAOw==\" alt style=\"width: 17px; height: 16px; min-width: 17px; min-height: 16px;\">\r\n                +370 5214 2278\r\n              <\/a>\r\n              <a class=\"contact-card__link contact-card__link--email mb-0 js-sales-email\" href=\"mailto:sales@satchel.eu\">\r\n                <img decoding=\"async\" class=\"lazyload mr-5\" data-src=\"https:\/\/satchel.eu\/de\/wp-content\/themes\/satchel\/public\/img\/sleu-kit-icons-email.svg?v=2.5\" src=\"data:image\/gif;base64,R0lGODlhAQABAAAAACH5BAEKAAEALAAAAAABAAEAAAICTAEAOw==\" alt style=\"width: 17px; height: 16px; min-width: 17px; min-height: 16px;\">\r\n                sales@satchel.eu\r\n              <\/a>\r\n            <\/div>\r\n          <\/div>\r\n        <\/div>\r\n\r\n        <div class=\"row\">\r\n          <div class=\"col-md-8 mb-25\">\r\n            <div class=\"contact-card\">\r\n              <div class=\"mb-25 w-56px h-56px\">\r\n                <img decoding=\"async\" class=\"lazyload\" data-src=\"https:\/\/satchel.eu\/de\/wp-content\/themes\/satchel\/public\/img\/sleu-kit-icons-y-puzzle.svg?v=2.5\" src=\"data:image\/gif;base64,R0lGODlhAQABAAAAACH5BAEKAAEALAAAAAABAAEAAAICTAEAOw==\" alt>\r\n              <\/div>\r\n\r\n              <div class=\"contact-card__title h4 mb-15\">F\u00fcr Finanzinstitute<\/div>\r\n              <a class=\"contact-card__link contact-card__link--email mb-25 js-financial-institutions-email\" href=\"mailto:icbu@satchel.eu\">\r\n                <img decoding=\"async\" class=\"lazyload mr-5\" data-src=\"https:\/\/satchel.eu\/de\/wp-content\/themes\/satchel\/public\/img\/sleu-kit-icons-email.svg?v=2.5\" src=\"data:image\/gif;base64,R0lGODlhAQABAAAAACH5BAEKAAEALAAAAAABAAEAAAICTAEAOw==\" alt style=\"width: 17px; height: 16px; min-width: 17px; min-height: 16px;\">\r\n                icbu@satchel.eu\r\n              <\/a>\r\n              \r\n              <div class=\"contact-card__title h4 mb-15\">Marketing und PR<\/div>\r\n              <a class=\"contact-card__link contact-card__link--email mb-25 js-marketing-pr-email\" href=\"mailto:marketing@satchel.eu\">\r\n                <img decoding=\"async\" class=\"lazyload mr-5\" data-src=\"https:\/\/satchel.eu\/de\/wp-content\/themes\/satchel\/public\/img\/sleu-kit-icons-email.svg?v=2.5\" src=\"data:image\/gif;base64,R0lGODlhAQABAAAAACH5BAEKAAEALAAAAAABAAEAAAICTAEAOw==\" alt style=\"width: 17px; height: 16px; min-width: 17px; min-height: 16px;\">\r\n                marketing@satchel.eu\r\n              <\/a>\r\n              \r\n              <div class=\"contact-card__title h4 mb-15\">Allgemeine Fragen<\/div>\r\n              <a class=\"contact-card__link contact-card__link--email mb-0 js-general-questions-email\" href=\"mailto:info@satchel.eu\">\r\n                <img decoding=\"async\" class=\"lazyload mr-5\" data-src=\"https:\/\/satchel.eu\/de\/wp-content\/themes\/satchel\/public\/img\/sleu-kit-icons-email.svg?v=2.5\" src=\"data:image\/gif;base64,R0lGODlhAQABAAAAACH5BAEKAAEALAAAAAABAAEAAAICTAEAOw==\" alt style=\"width: 17px; height: 16px; min-width: 17px; min-height: 16px;\">\r\n                info@satchel.eu\r\n              <\/a>\r\n            <\/div>\r\n          <\/div>\r\n\r\n          <div class=\"col-md-8 mb-25\">\r\n            <div class=\"contact-card\">\r\n              <div class=\"mb-25 w-56px h-56px\">\r\n                <img decoding=\"async\" class=\"lazyload\" data-src=\"https:\/\/satchel.eu\/de\/wp-content\/themes\/satchel\/public\/img\/boss.svg?v=2.5\" src=\"data:image\/gif;base64,R0lGODlhAQABAAAAACH5BAEKAAEALAAAAAABAAEAAAICTAEAOw==\" alt>\r\n              <\/div>\r\n\r\n              <div class=\"contact-card__title h4 mb-15\">F\u00fcr \u00f6ffentliche Beh\u00f6rden und Strafverfolgungsbeh\u00f6rden<\/div>\r\n              <a class=\"contact-card__link contact-card__link--email mb-25 mb-md-45\" href=\"mailto:compliance@satchel.eu\">\r\n                <img decoding=\"async\" class=\"lazyload mr-5\" data-src=\"https:\/\/satchel.eu\/de\/wp-content\/themes\/satchel\/public\/img\/sleu-kit-icons-email.svg?v=2.5\" src=\"data:image\/gif;base64,R0lGODlhAQABAAAAACH5BAEKAAEALAAAAAABAAEAAAICTAEAOw==\" alt style=\"width: 17px; height: 16px; min-width: 17px; min-height: 16px;\">\r\n                compliance@satchel.eu\r\n              <\/a>\r\n              \r\n              <div class=\"contact-card__title h4 mb-15\">F\u00fcr andere Angelegenheiten in Bezug auf AML\/CTF oder Betrugsuntersuchungen<\/div>\r\n              <a class=\"contact-card__link contact-card__link--email mb-0\" href=\"mailto:aml@satchel.eu\">\r\n                <img decoding=\"async\" class=\"lazyload mr-5\" data-src=\"https:\/\/satchel.eu\/de\/wp-content\/themes\/satchel\/public\/img\/sleu-kit-icons-email.svg?v=2.5\" src=\"data:image\/gif;base64,R0lGODlhAQABAAAAACH5BAEKAAEALAAAAAABAAEAAAICTAEAOw==\" alt style=\"width: 17px; height: 16px; min-width: 17px; min-height: 16px;\">\r\n                aml@satchel.eu\r\n              <\/a>\r\n            <\/div>\r\n          <\/div>\r\n        <\/div>\r\n      <\/div>\r\n    <\/div>\r\n    <div class=\"row mb-50\">\r\n      <div class=\"col-lg-12 offset-lg-2\">\r\n        <div class=\"contact-card contact-card--large\">\r\n          <div class=\"contact-card__left\">\r\n            <div class=\"mb-25 w-56px h-56px\">\r\n              <img decoding=\"async\" class=\"lazyload\" data-src=\"https:\/\/satchel.eu\/de\/wp-content\/themes\/satchel\/public\/img\/sleu-kit-icons-y-sepa-swift-world.svg?v=2.5\" src=\"data:image\/gif;base64,R0lGODlhAQABAAAAACH5BAEKAAEALAAAAAABAAEAAAICTAEAOw==\" alt>\r\n            <\/div>\r\n\r\n            <div class=\"contact-card__title h4 mb-15\">Hauptverwaltung<\/div>\r\n            <div class=\"contact-card__text mb-20\">Gele\u017einio vilko g. 18A,<br>Vilnius, LT-08104,<br>Litauen<\/div><a class=\"btn btn-link mb-0 p p-md\" href=\"https:\/\/www.google.com\/maps\/place\/Hanner+Building,+Gele%C5%BEinio+Vilko+g.+18A,+Vilnius+08105,+%D0%9B%D0%B8%D1%82%D0%B2%D0%B0\/@54.6995048,25.2596897,17z\/data=!3m1!4b1!4m5!3m4!1s0x46dd93feb40a4c29:0x61c3e50634c536a5!8m2!3d54.6995048!4d25.2618784\" target=\"_blank\" rel=\"noopener\">Richtung erhalten<svg xmlns=\"https:\/\/www.w3.org\/2000\/svg\" width=\"17\" height=\"16\" viewBox=\"0 0 17 16\"> <g fill=\"none\" fill-rule=\"evenodd\"> <g> <g> <g> <g> <path d=\"M0 0H16V16H0z\" transform=\"translate(-313 -1628) translate(271 1615) translate(.018 12) translate(42 1)\"\/> <path class=\"path\" fill=\"#4854FF\" d=\"M14.96 8.19c.05-.12.05-.26 0-.38-.03-.06-.06-.12-.11-.16l-4-4c-.2-.2-.51-.2-.71 0-.2.2-.2.51 0 .71l3.15 3.15H1.5C1.22 7.5 1 7.72 1 8s.22.5.5.5h11.79l-3.15 3.15c-.2.2-.2.51 0 .71.1.1.23.15.35.15.12 0 .26-.05.35-.15l4-4c.06-.05.1-.11.12-.17z\" transform=\"translate(-313 -1628) translate(271 1615) translate(.018 12) translate(42 1)\"\/> <\/g> <\/g> <\/g> <\/g> <\/g><\/svg><\/a>\r\n          <\/div>\r\n          <div class=\"contact-card__right\">\r\n            <div class=\"contact-card__map\"><iframe src=\"https:\/\/snazzymaps.com\/embed\/281785\" width=\"100%\" height=\"100%\" style=\"border:none;\"><\/iframe><\/div>\r\n          <\/div>\r\n        <\/div>\r\n      <\/div>\r\n    <\/div>\r\n    <div class=\"row mb-80\">\r\n      <div class=\"col-lg-12 offset-lg-2\">\r\n        <div class=\"contact-card h-auto p-sm-32\">\r\n          <h2 class=\"mb-16\">Beschwerden<\/h2>\r\n          <div class=\"row mb-70\">\r\n            <div class=\"col-lg-8\">\r\n              <p>Wenn Sie eine Beschwerde einreichen m\u00f6chten, senden Sie uns bitte alle damit verbundenen Details. Der Vorfall wird von unserer Beschwerdeabteilung gr\u00fcndlich analysiert werden. Wir werden alle notwendigen Ma\u00dfnahmen ergreifen, um zu verhindern, dass sich eine solche Situation wiederholt.<\/p>\r\n            <\/div>\r\n            <div class=\"col-lg-7 offset-lg-1\">\r\n\r\n              <div class=\"steps steps--short\">\r\n                <div class=\"steps__step\">\r\n                  <div class=\"steps__number\">1<\/div>\r\n                  <div class=\"steps__descr\">\r\n                    <span class=\"h4 mb-0 font-weight-medium\">F\u00fcllen Sie ein Beschwerdeformular aus<\/span>\r\n                  <\/div>\r\n                <\/div>\r\n                <div class=\"steps__step\">\r\n                  <div class=\"steps__number\">2<\/div>\r\n                  <div class=\"steps__descr\">\r\n                    <span class=\"h4 mb-0 font-weight-medium\">Senden Sie das Formular an uns<\/span>\r\n                  <\/div>\r\n                <\/div>\r\n                <div class=\"steps__step\">\r\n                  <div class=\"steps__number\">3<\/div>\r\n                  <div class=\"steps__descr\">\r\n                    <span class=\"h4 mb-0 font-weight-medium\">Ihre Beschwerde wird in K\u00fcrze gepr\u00fcft<\/span>\r\n                  <\/div>\r\n                <\/div>\r\n              <\/div>\r\n\r\n            <\/div>\r\n          <\/div>\r\n          <div class=\"text-center w-100\">\r\n            <a href=\"https:\/\/satchel.eu\/de\/customer-complaint-form\/\" class=\"btn btn-primary\">Zum Beschwerdeformular gehen<\/a>\r\n          <\/div>\r\n        <\/div>\r\n      <\/div>\r\n    <\/div>\r\n    <div class=\"row\">\r\n      <div class=\"col-md-8 col-lg-6 offset-lg-2 border-right mb-25 mb-md-0\">\r\n        <div class=\"h4 text-center mb-10\">Karriere<\/div>\r\n        <p class=\"p-md text-center mb-15\">Leisten Sie Ihren Beitrag zur Fintech-Branche mit Satchel<\/p>\r\n        <div class=\"text-center\"><a class=\"btn btn-primary\" href=\"https:\/\/satchel.eu\/de\/careers\/\">Offene Stellen ansehen<\/a><\/div>\r\n      <\/div>\r\n      <div class=\"col-md-8 col-lg-6\">\r\n        <div class=\"h4 text-center mb-10\">H\u00e4ufig gestellte Fragen (FAQ)<\/div>\r\n        <p class=\"p-md text-center mb-15\">Einfache Antworten auf komplexe Probleme finden<\/p>\r\n        <div class=\"text-center\"><a class=\"btn btn-primary w-135px\" href=\"https:\/\/satchel.eu\/de\/faq\/\">\u00d6ffnen<\/a><\/div>\r\n      <\/div>\r\n    <\/div>\r\n    <div class=\"row mt-65\">\r\n      <div class=\"col-lg-14 mx-auto\">\r\n        <div class=\"contact-box\" style=\"box-shadow: none;\">\r\n          <p class=\"h2 text-center mb-30\">Feedback oder Anregung hinterlassen<\/p>\r\n          <div class=\"form form--contact\">\r\n            <form action='https:\/\/forms.zohopublic.eu\/document\/form\/GetintouchwithSatchelm\/formperma\/kzFJSjyRRx8vRKgQEu5lhuZ5TAo1LwH40bO7OXOWrLg\/htmlRecords\/submit' name='feedbackForm' method='POST' accept-charset='UTF-8' enctype='multipart\/form-data' id='feedbackForm'>\n\n  <input type=\"hidden\" name=\"zf_referrer_name\" value=\"\"><!-- To Track referrals , place the referrer name within the \" \" in the above hidden input field -->\n  <input type=\"hidden\" name=\"zf_redirect_url\" value=\"\"><!-- To redirect to a specific page after record submission , place the respective url within the \" \" in the above hidden input field -->\n  <input type=\"hidden\" id=\"zc_gad\" name=\"zc_gad\" value=\"\"\/><!-- If GCLID is enabled in Zoho CRM Integration, click details of AdWords Ads will be pushed to Zoho CRM -->\n\n  <input type=\"hidden\" name=\"SingleLine5\" checktype=\"c1\" value=\"\" maxlength=\"255\" fieldType=\"1\" placeholder=\" \" class=\"js-input-utm\" \/>\n\n  <div class=\"form-group mb-25\">\n    <input class=\"form-control\" type=\"text\" name=\"SingleLine\" checktype=\"c1\" value=\"\" maxlength=\"255\" fieldType=1 placeholder=\"Name*\"\/>\n  <\/div>\n  <div class=\"form-group mb-25\">\n    <input class=\"form-control\" id=\"modal-city\" type=\"text\" name=\"SingleLine2\" checktype=\"c1\" value=\"\" maxlength=\"255\" fieldType=1 placeholder=\"Land*\"\/>\n  <\/div>\n  <div class=\"form-group mb-25\">\n    <input class=\"form-control\" type=\"tel\" name=\"SingleLine3\" checktype=\"c1\" value=\"\" maxlength=\"255\" fieldType=1 placeholder=\" \"\/>\n  <\/div>\n  <div class=\"form-group mb-25\">\n    <input class=\"form-control\" fieldType=9  type=\"text\" maxlength=\"255\" name=\"Email\" checktype=\"c5\" value=\"\" placeholder=\"E-Mail*\"\/>\n  <\/div>\n  <div class=\"form-group mb-25\">\n    <input class=\"form-control\" type=\"text\" name=\"SingleLine1\" checktype=\"c1\" value=\"\" maxlength=\"255\" fieldType=1 placeholder=\"Firmenname*\"\/>\n  <\/div>\n  <div class=\"form-group form-group--fancy mb-25\">\n    <input class=\"form-control\" type=\"text\" name=\"SingleLine0\" checktype=\"c1\" value=\"\" maxlength=\"255\" fieldType=1 placeholder=\"Name des Einf\u00fchrers*\"\/>\n  <\/div>\n  <div class=\"form-group form-group--float mb-16 ohnohoney\">\n    <input class=\"form-control\" type=\"text\" name=\"input_15_10\" id=\"feedback_subject\" placeholder=\" \" autocomplete=\"new-password\" \/>\n    <label class=\"form__label\" for=\"feedback_subject\">Subject<\/label>\n  <\/div>\n  <div class=\"form-group mb-40\">\n    <textarea class=\"form-control\" name=\"MultiLine\" checktype=\"c1\" maxlength=\"65535\" placeholder=\"Notiz*\"><\/textarea>\n  <\/div>\n  <div class=\"form-group mb-15\">\n    <span class=\"wpcf7-form-control-wrap\" data-name=\"Intermediary_2\">\n      <span class=\"wpcf7-form-control wpcf7-acceptance\">\n        <span class=\"wpcf7-list-item\">\n          <label>\n            <input type=\"checkbox\" checktype=\"c1\" id=\"DecisionBox\" name=\"DecisionBox\"\/>\n                          <span class=\"wpcf7-list-item-label\">Mit dem Absenden dieses Formulars erkl\u00e4re ich mich mit den <a href=\"https:\/\/satchel.eu\/de\/terms-and-conditions\/\">Allgemeinen Gesch\u00e4ftsbedingungen<\/a> von Satchel einverstanden.<\/span>\n                      <\/label>\n        <\/span>\n      <\/span>\n    <\/span>\n  <\/div>\n  <div class=\"form-group mb-30\">\n    <span class=\"wpcf7-form-control-wrap\" data-name=\"Intermediary_3\">\n      <span class=\"wpcf7-form-control wpcf7-acceptance\">\n        <span class=\"wpcf7-list-item\">\n          <label>\n            <input type=\"checkbox\" checktype=\"c1\" id=\"DecisionBox1\" name=\"DecisionBox1\"\/>\n            <span class=\"wpcf7-list-item-label\">Ich bin damit einverstanden, Mitteilungen von Satchel zu erhalten.<br><br>Wir verpflichten uns, die Vertraulichkeit Ihrer privaten Daten und sensiblen Informationen zu sch\u00fctzen.<\/span>\n          <\/label>\n        <\/span>\n      <\/span>\n    <\/span>\n  <\/div>\n\n  <div class=\"mb-25 text-center\">\n    <div class=\"cf-turnstile\" data-sitekey=\"0x4AAAAAAABwP3bz0lOUJjSm\" data-theme=\"light\" data-size=\"normal\"><\/div>\n    <div class=\"recaptcha-error error wpcf7-not-valid-tip\" style=\"display:none;\">Bitte best\u00e4tigen, dass Sie kein Roboter sind.<\/div>\n  <\/div>\n\n  <div class=\"text-center d-flex flex-column align-items-center\">\n    <button class=\"btn btn-primary w-175px wpcf7-form-control wpcf7-submit\" type=\"submit\">Senden<\/button>\n  <\/div>\n\n  <div class=\"response-output error wpcf7-not-valid-tip mt-20 text-center\" style=\"display:none;\"><\/div>\n<\/form>\n          <\/div>\r\n        <\/div>\r\n      <\/div>\r\n    <\/div>\r\n  <\/div>\r\n<\/section>","protected":false},"excerpt":{"rendered":"Hilfe-Center Nachstehend finden Sie alle notwendigen Kontakte f\u00fcr allgemeine oder dringende Fragen. Kundenbetreuung Arbeitszeiten: Montag &#8211; Freitag 9 AM &#8211; 6 PM (GMT+2) Wir sind hier, um Ihnen zu helfen +370 5214 1818 support@satchel.eu Vertrieb Arbeitszeiten: Montag &#8211; Freitag 9 AM &#8211; 6 PM (GMT+2) Kontaktieren Sie uns bitte +370 5214 2278 sales@satchel.eu F\u00fcr Finanzinstitute&#8230;","protected":false},"author":5,"featured_media":0,"parent":0,"menu_order":0,"comment_status":"closed","ping_status":"closed","template":"templates\/contacts.php","meta":{"_acf_changed":false,"footnotes":""},"class_list":["post-92","page","type-page","status-publish","hentry"],"acf":[],"yoast_head":"<!-- This site is optimized with the Yoast SEO plugin v22.0 - https:\/\/yoast.com\/wordpress\/plugins\/seo\/ -->\n<title>Kontaktieren Sie uns | Satchel.eu<\/title>\n<meta name=\"description\" content=\"Ganz gleich, ob es sich um ein allgemeines Problem oder einen Notfall handelt, unser Kundensupport ist immer f\u00fcr Sie da.\" \/>\n<meta name=\"robots\" content=\"index, follow, max-snippet:-1, max-image-preview:large, max-video-preview:-1\" \/>\n<link rel=\"canonical\" href=\"https:\/\/satchel.eu\/de\/contact-us\/\" \/>\n<meta property=\"og:locale\" content=\"de_DE\" \/>\n<meta property=\"og:type\" content=\"article\" \/>\n<meta property=\"og:title\" content=\"Kontaktieren Sie uns | Satchel.eu\" \/>\n<meta property=\"og:description\" content=\"Ganz gleich, ob es sich um ein allgemeines Problem oder einen Notfall handelt, unser Kundensupport ist immer f\u00fcr Sie da.\" \/>\n<meta property=\"og:url\" content=\"https:\/\/satchel.eu\/de\/contact-us\/\" \/>\n<meta property=\"og:site_name\" content=\"Satchel\" \/>\n<meta property=\"article:modified_time\" content=\"2025-12-08T12:01:03+00:00\" \/>\n<meta name=\"twitter:card\" content=\"summary_large_image\" \/>\n<meta name=\"twitter:label1\" content=\"Gesch\u00e4tzte Lesezeit\" \/>\n\t<meta name=\"twitter:data1\" content=\"5\u00a0Minuten\" \/>\n<script type=\"application\/ld+json\" class=\"yoast-schema-graph\">{\"@context\":\"https:\/\/schema.org\",\"@graph\":[{\"@type\":\"WebPage\",\"@id\":\"https:\/\/satchel.eu\/de\/contact-us\/\",\"url\":\"https:\/\/satchel.eu\/de\/contact-us\/\",\"name\":\"Kontaktieren Sie uns | Satchel.eu\",\"isPartOf\":{\"@id\":\"https:\/\/satchel.eu\/de\/#website\"},\"datePublished\":\"2021-03-02T17:51:10+00:00\",\"dateModified\":\"2025-12-08T12:01:03+00:00\",\"description\":\"Ganz gleich, ob es sich um ein allgemeines Problem oder einen Notfall handelt, unser Kundensupport ist immer f\u00fcr Sie da.\",\"breadcrumb\":{\"@id\":\"https:\/\/satchel.eu\/de\/contact-us\/#breadcrumb\"},\"inLanguage\":\"de\",\"potentialAction\":[{\"@type\":\"ReadAction\",\"target\":[\"https:\/\/satchel.eu\/de\/contact-us\/\"]}]},{\"@type\":\"BreadcrumbList\",\"@id\":\"https:\/\/satchel.eu\/de\/contact-us\/#breadcrumb\",\"itemListElement\":[{\"@type\":\"ListItem\",\"position\":1,\"name\":\"Satchel\",\"item\":\"https:\/\/satchel.eu\/de\/\"},{\"@type\":\"ListItem\",\"position\":2,\"name\":\"Kontakt\"}]},{\"@type\":\"WebSite\",\"@id\":\"https:\/\/satchel.eu\/de\/#website\",\"url\":\"https:\/\/satchel.eu\/de\/\",\"name\":\"Satchel\",\"description\":\"Ihre L\u00f6sung f\u00fcr das Geldmanagement\",\"publisher\":{\"@id\":\"https:\/\/satchel.eu\/de\/#organization\"},\"potentialAction\":[{\"@type\":\"SearchAction\",\"target\":{\"@type\":\"EntryPoint\",\"urlTemplate\":\"https:\/\/satchel.eu\/de\/?s={search_term_string}\"},\"query-input\":\"required name=search_term_string\"}],\"inLanguage\":\"de\"},{\"@type\":\"Organization\",\"@id\":\"https:\/\/satchel.eu\/de\/#organization\",\"name\":\"Satchel\",\"url\":\"https:\/\/satchel.eu\/de\/\",\"logo\":{\"@type\":\"ImageObject\",\"inLanguage\":\"de\",\"@id\":\"https:\/\/satchel.eu\/de\/#\/schema\/logo\/image\/\",\"url\":\"https:\/\/satchel.eu\/de\/wp-content\/uploads\/sites\/5\/2021\/05\/logo-black.jpg\",\"contentUrl\":\"https:\/\/satchel.eu\/de\/wp-content\/uploads\/sites\/5\/2021\/05\/logo-black.jpg\",\"width\":135,\"height\":32,\"caption\":\"Satchel\"},\"image\":{\"@id\":\"https:\/\/satchel.eu\/de\/#\/schema\/logo\/image\/\"}}]}<\/script>\n<!-- \/ Yoast SEO plugin. -->","yoast_head_json":{"title":"Kontaktieren Sie uns | Satchel.eu","description":"Ganz gleich, ob es sich um ein allgemeines Problem oder einen Notfall handelt, unser Kundensupport ist immer f\u00fcr Sie da.","robots":{"index":"index","follow":"follow","max-snippet":"max-snippet:-1","max-image-preview":"max-image-preview:large","max-video-preview":"max-video-preview:-1"},"canonical":"https:\/\/satchel.eu\/de\/contact-us\/","og_locale":"de_DE","og_type":"article","og_title":"Kontaktieren Sie uns | Satchel.eu","og_description":"Ganz gleich, ob es sich um ein allgemeines Problem oder einen Notfall handelt, unser Kundensupport ist immer f\u00fcr Sie da.","og_url":"https:\/\/satchel.eu\/de\/contact-us\/","og_site_name":"Satchel","article_modified_time":"2025-12-08T12:01:03+00:00","twitter_card":"summary_large_image","twitter_misc":{"Gesch\u00e4tzte Lesezeit":"5\u00a0Minuten"},"schema":{"@context":"https:\/\/schema.org","@graph":[{"@type":"WebPage","@id":"https:\/\/satchel.eu\/de\/contact-us\/","url":"https:\/\/satchel.eu\/de\/contact-us\/","name":"Kontaktieren Sie uns | Satchel.eu","isPartOf":{"@id":"https:\/\/satchel.eu\/de\/#website"},"datePublished":"2021-03-02T17:51:10+00:00","dateModified":"2025-12-08T12:01:03+00:00","description":"Ganz gleich, ob es sich um ein allgemeines Problem oder einen Notfall handelt, unser Kundensupport ist immer f\u00fcr Sie da.","breadcrumb":{"@id":"https:\/\/satchel.eu\/de\/contact-us\/#breadcrumb"},"inLanguage":"de","potentialAction":[{"@type":"ReadAction","target":["https:\/\/satchel.eu\/de\/contact-us\/"]}]},{"@type":"BreadcrumbList","@id":"https:\/\/satchel.eu\/de\/contact-us\/#breadcrumb","itemListElement":[{"@type":"ListItem","position":1,"name":"Satchel","item":"https:\/\/satchel.eu\/de\/"},{"@type":"ListItem","position":2,"name":"Kontakt"}]},{"@type":"WebSite","@id":"https:\/\/satchel.eu\/de\/#website","url":"https:\/\/satchel.eu\/de\/","name":"Satchel","description":"Ihre L\u00f6sung f\u00fcr das Geldmanagement","publisher":{"@id":"https:\/\/satchel.eu\/de\/#organization"},"potentialAction":[{"@type":"SearchAction","target":{"@type":"EntryPoint","urlTemplate":"https:\/\/satchel.eu\/de\/?s={search_term_string}"},"query-input":"required name=search_term_string"}],"inLanguage":"de"},{"@type":"Organization","@id":"https:\/\/satchel.eu\/de\/#organization","name":"Satchel","url":"https:\/\/satchel.eu\/de\/","logo":{"@type":"ImageObject","inLanguage":"de","@id":"https:\/\/satchel.eu\/de\/#\/schema\/logo\/image\/","url":"https:\/\/satchel.eu\/de\/wp-content\/uploads\/sites\/5\/2021\/05\/logo-black.jpg","contentUrl":"https:\/\/satchel.eu\/de\/wp-content\/uploads\/sites\/5\/2021\/05\/logo-black.jpg","width":135,"height":32,"caption":"Satchel"},"image":{"@id":"https:\/\/satchel.eu\/de\/#\/schema\/logo\/image\/"}}]}},"_links":{"self":[{"href":"https:\/\/satchel.eu\/de\/wp-json\/wp\/v2\/pages\/92","targetHints":{"allow":["GET"]}}],"collection":[{"href":"https:\/\/satchel.eu\/de\/wp-json\/wp\/v2\/pages"}],"about":[{"href":"https:\/\/satchel.eu\/de\/wp-json\/wp\/v2\/types\/page"}],"author":[{"embeddable":true,"href":"https:\/\/satchel.eu\/de\/wp-json\/wp\/v2\/users\/5"}],"replies":[{"embeddable":true,"href":"https:\/\/satchel.eu\/de\/wp-json\/wp\/v2\/comments?post=92"}],"version-history":[{"count":3,"href":"https:\/\/satchel.eu\/de\/wp-json\/wp\/v2\/pages\/92\/revisions"}],"predecessor-version":[{"id":5724,"href":"https:\/\/satchel.eu\/de\/wp-json\/wp\/v2\/pages\/92\/revisions\/5724"}],"wp:attachment":[{"href":"https:\/\/satchel.eu\/de\/wp-json\/wp\/v2\/media?parent=92"}],"curies":[{"name":"wp","href":"https:\/\/api.w.org\/{rel}","templated":true}]}}