{"id":96,"date":"2021-03-02T19:55:13","date_gmt":"2021-03-02T17:55:13","guid":{"rendered":"https:\/\/satchel-eu-new.devlab69.com\/?page_id=96"},"modified":"2025-12-08T14:37:58","modified_gmt":"2025-12-08T12:37:58","slug":"satchel-app","status":"publish","type":"page","link":"https:\/\/satchel.eu\/de\/satchel-app\/","title":{"rendered":"Satchel App"},"content":{"rendered":"<section class=\"section\">\n<div class=\"container\">\n<div class=\"row align-items-center\">\n<div class=\"col-md-9 col-lg-7 offset-lg-1 mb-md-0 mb-30\">\n<h1 class=\"mb-15\">Verwalten Sie Ihr Konto von unterwegs aus<\/h1>\n<p>Intuitives digitales Tool f\u00fcr Transaktionen, Kartenaufladung, W\u00e4hrungswechsel und mehr.<\/p>\n<div class=\"d-flex align-items-start align-items-sm-center flex-sm-row flex-column\">\n<p class=\"p-md2 mb-15 mb-sm-0 mr-sm-25\">Herunterladen auf<\/p>\n<div class=\"d-flex\">\n            <a class=\"btn btn-primary btn-primary--appstore mr-25 js-ios-app-satchel-app\" href=\"https:\/\/apps.apple.com\/us\/app\/satchelpay\/id1385513368\" target=\"_blank\" rel=\"noopener\">AppStore<\/a><br \/>\n            <a class=\"btn btn-primary btn-primary--playmarket js-android-app-satchel-app\" href=\"https:\/\/play.google.com\/store\/apps\/details?id=com.thefintechlab.whitelabelandroid\" target=\"_blank\" rel=\"noopener\">Play Market<\/a>\n          <\/div>\n<\/p><\/div>\n<\/p><\/div>\n<div class=\"col-md-7 col-lg-6 offset-lg-2 text-md-right\">\n        <picture><source \nsrcset=\"https:\/\/satchel.eu\/de\/wp-content\/themes\/satchel\/public\/img\/webp\/personal\/mobile-banking-copy2x.webp\"\n            type=\"image\/webp\" \/><source \nsrcset=\"https:\/\/satchel.eu\/de\/wp-content\/themes\/satchel\/public\/img\/personal\/mobile-banking-copy2x.png\"\n            type=\"image\/png\" \/><br \/>\n          <img decoding=\"async\"\n            src=\"https:\/\/satchel.eu\/de\/wp-content\/themes\/satchel\/public\/img\/personal\/mobile-banking-copy2x.png\"\n            width=\"448\" height=\"448\"\n            alt=\"Mobile banking\" \/>\n        <\/picture>\n      <\/div>\n<\/p><\/div>\n<\/p><\/div>\n<\/section>\n<section class=\"section\" id=\"section2\">\n<div class=\"container no-grayscale\">\n<div class=\"row\">\n<div class=\"col-lg-13 offset-lg-2\">\n<h2 class=\"mb-40 text-left\">Alle wichtigen Operation grifbereit<\/h2>\n<div class=\"row\">\n<div class=\"col fw-100 fw-md-25 mb-40\">\n<div class=\"d-flex align-items-center\">\n              <img decoding=\"async\" class=\"lazyload mw-48px mh-48px w-48px h-48px w-md-56px h-md-56px mw-md-56px mh-md-56px mr-16\" data-src=\"https:\/\/satchel.eu\/de\/wp-content\/themes\/satchel\/public\/img\/sleu-kit-icons-y-fast-speed.svg?v=2.5\" src=\"data:image\/gif;base64,R0lGODlhAQABAAAAACH5BAEKAAEALAAAAAABAAEAAAICTAEAOw==\" alt><\/p>\n<p class=\"p-md text-gray mb-0\">24\/7 Zugriff auf Ihr Guthaben<\/p>\n<\/p><\/div>\n<\/p><\/div>\n<div class=\"col fw-100 fw-md-25 mb-40\">\n<div class=\"d-flex align-items-center\">\n              <img decoding=\"async\" class=\"lazyload mw-48px mh-48px w-48px h-48px w-md-56px h-md-56px mw-md-56px mh-md-56px mr-16\" data-src=\"https:\/\/satchel.eu\/de\/wp-content\/themes\/satchel\/public\/img\/sleu-kit-icons-y-card-payroll.svg?v=2.5\" src=\"data:image\/gif;base64,R0lGODlhAQABAAAAACH5BAEKAAEALAAAAAABAAEAAAICTAEAOw==\" alt><\/p>\n<p class=\"p-md text-gray mb-0\">Ein breites Spektrum von Transaktionen<\/p>\n<\/p><\/div>\n<\/p><\/div>\n<div class=\"col fw-100 fw-md-25 mb-40\">\n<div class=\"d-flex align-items-center\">\n              <img decoding=\"async\" class=\"lazyload mw-48px mh-48px w-48px h-48px w-md-56px h-md-56px mw-md-56px mh-md-56px mr-16\" data-src=\"https:\/\/satchel.eu\/de\/wp-content\/themes\/satchel\/public\/img\/sleu-kit-icons-y-whitelabel.svg?v=2.5\" src=\"data:image\/gif;base64,R0lGODlhAQABAAAAACH5BAEKAAEALAAAAAABAAEAAAICTAEAOw==\" alt><\/p>\n<p class=\"p-md text-gray mb-0\">In-App-Kartenkontrolle<\/p>\n<\/p><\/div>\n<\/p><\/div>\n<div class=\"col fw-100 fw-md-25 mb-40\">\n<div class=\"d-flex align-items-center\">\n              <img decoding=\"async\" class=\"lazyload mw-48px mh-48px w-48px h-48px w-md-56px h-md-56px mw-md-56px mh-md-56px mr-16\" data-src=\"https:\/\/satchel.eu\/de\/wp-content\/themes\/satchel\/public\/img\/sleu-kit-icons-y-salary-fund-a-card.svg?v=2.5\" src=\"data:image\/gif;base64,R0lGODlhAQABAAAAACH5BAEKAAEALAAAAAABAAEAAAICTAEAOw==\" alt><\/p>\n<p class=\"p-md text-gray mb-0\">M\u00f6glichkeiten zum Aufladen von Karten<\/p>\n<\/p><\/div>\n<\/p><\/div>\n<div class=\"col fw-100 fw-md-25 mb-md-0 mb-40\">\n<div class=\"d-flex align-items-center\">\n              <img decoding=\"async\" class=\"lazyload mw-48px mh-48px w-48px h-48px w-md-56px h-md-56px mw-md-56px mh-md-56px mr-16\" data-src=\"https:\/\/satchel.eu\/de\/wp-content\/themes\/satchel\/public\/img\/sleu-kit-icons-y-currency-exchange.svg?v=2.5\" src=\"data:image\/gif;base64,R0lGODlhAQABAAAAACH5BAEKAAEALAAAAAABAAEAAAICTAEAOw==\" alt><\/p>\n<p class=\"p-md text-gray mb-0\">W\u00e4hrungsumtausch<\/p>\n<\/p><\/div>\n<\/p><\/div>\n<div class=\"col fw-100 fw-md-25 mb-md-0 mb-40\">\n<div class=\"d-flex align-items-center\">\n              <img decoding=\"async\" class=\"lazyload mw-48px mh-48px w-48px h-48px w-md-56px h-md-56px mw-md-56px mh-md-56px mr-16\" data-src=\"https:\/\/satchel.eu\/de\/wp-content\/themes\/satchel\/public\/img\/sleu-kit-icons-y-manage-money.svg?v=2.5\" src=\"data:image\/gif;base64,R0lGODlhAQABAAAAACH5BAEKAAEALAAAAAABAAEAAAICTAEAOw==\" alt><\/p>\n<p class=\"p-md text-gray mb-0\">\u00dcbersicht \u00fcber den Transaktionsverlauf<\/p>\n<\/p><\/div>\n<\/p><\/div>\n<div class=\"col fw-100 fw-md-25 mb-md-0 mb-40\">\n<div class=\"d-flex align-items-center\">\n              <img decoding=\"async\" class=\"lazyload mw-48px mh-48px w-48px h-48px w-md-56px h-md-56px mw-md-56px mh-md-56px mr-16\" data-src=\"https:\/\/satchel.eu\/de\/wp-content\/themes\/satchel\/public\/img\/sleu-kit-icons-y-support.svg?v=2.5\" src=\"data:image\/gif;base64,R0lGODlhAQABAAAAACH5BAEKAAEALAAAAAABAAEAAAICTAEAOw==\" alt><\/p>\n<p class=\"p-md text-gray mb-0\">Menschliche Kundenbetreuung<\/p>\n<\/p><\/div>\n<\/p><\/div>\n<div class=\"col fw-100 fw-md-25\">\n<div class=\"d-flex align-items-center\">\n              <img decoding=\"async\" class=\"lazyload mw-48px mh-48px w-48px h-48px w-md-56px h-md-56px mw-md-56px mh-md-56px mr-16\" data-src=\"https:\/\/satchel.eu\/de\/wp-content\/themes\/satchel\/public\/img\/sleu-kit-icons-y-shield.svg?v=2.5\" src=\"data:image\/gif;base64,R0lGODlhAQABAAAAACH5BAEKAAEALAAAAAABAAEAAAICTAEAOw==\" alt><\/p>\n<p class=\"p-md text-gray mb-0\">Sicherer und einfacher Anmeldeprozess<\/p>\n<\/p><\/div>\n<\/p><\/div>\n<\/p><\/div>\n<\/p><\/div>\n<\/p><\/div>\n<\/p><\/div>\n<\/section>\n<section class=\"section\">\n<div class=\"container\">\n<h2 class=\"text-center mb-30\">Intelligente Sicherheitsfunktionen<\/h2>\n<div class=\"row\">\n<div class=\"col-lg-14 mx-auto\">\n<div class=\"solutions\">\n<div class=\"row justify-content-center\">\n<div class=\"solutions__item col-sm-8 col-md-4\">\n<div class=\"solution d-flex flex-column h-md-100 solution--transparent\">\n<div class=\"solution__img mb-40\"><img decoding=\"async\" class=\"lazyload\" data-src=\"https:\/\/satchel.eu\/de\/wp-content\/themes\/satchel\/public\/img\/sleu-kit-icons-y-password.svg?v=2.5\" src=\"data:image\/gif;base64,R0lGODlhAQABAAAAACH5BAEKAAEALAAAAAABAAEAAAICTAEAOw==\" alt><\/div>\n<p class=\"p-md text-gray font-weight-bold text-center solution__title mb-10\">2FA<\/p>\n<p class=\"p-sm text-center solution__text js-equal-heights mt-auto mb-0\">Zwei-Faktor-Authentifizierung, um unbefugten Zugriff auf Ihr Konto zu verhindern.<\/p>\n<\/p><\/div>\n<\/p><\/div>\n<div class=\"solutions__item col-sm-8 col-md-4\">\n<div class=\"solution d-flex flex-column h-md-100 solution--transparent\">\n<div class=\"solution__img mb-40\"><img decoding=\"async\" class=\"lazyload\" data-src=\"https:\/\/satchel.eu\/de\/wp-content\/themes\/satchel\/public\/img\/sleu-kit-icons-y-shield.svg?v=2.5\" src=\"data:image\/gif;base64,R0lGODlhAQABAAAAACH5BAEKAAEALAAAAAABAAEAAAICTAEAOw==\" alt><\/div>\n<p class=\"p-md text-gray font-weight-bold text-center solution__title mb-10\">3D Secure<\/p>\n<p class=\"p-sm text-center solution__text js-equal-heights mt-auto mb-0\">Ein zus\u00e4tzlicher Schutz f\u00fcr Ihre Online-Zahlungen und -K\u00e4ufe.<\/p>\n<\/p><\/div>\n<\/p><\/div>\n<div class=\"solutions__item col-sm-8 col-md-4\">\n<div class=\"solution d-flex flex-column h-md-100 solution--transparent\">\n<div class=\"solution__img mb-40\"><img decoding=\"async\" class=\"lazyload\" data-src=\"https:\/\/satchel.eu\/de\/wp-content\/themes\/satchel\/public\/img\/sleu-kit-icons-y-manage-money.svg?v=2.5\" src=\"data:image\/gif;base64,R0lGODlhAQABAAAAACH5BAEKAAEALAAAAAABAAEAAAICTAEAOw==\" alt><\/div>\n<p class=\"p-md text-gray font-weight-bold text-center solution__title mb-10\">Getrennte Konten<\/p>\n<p class=\"p-sm text-center solution__text js-equal-heights mt-auto mb-0\">Ihr Geld wird auf einem separaten Konto bei der Litauischen Nationalbank verwahrt.<\/p>\n<\/p><\/div>\n<\/p><\/div>\n<\/p><\/div>\n<\/p><\/div>\n<\/p><\/div>\n<\/p><\/div>\n<p>    <!--\n\n<div class=\"d-flex align-items-center justify-content-center flex-wrap\">\n      \n\n<p class=\"p-md2 mb-20 mb-sm-0 mr-sm-25 w-sm-auto w-100 text-sm-left text-center\">Download on<\/p>\n\n<a class=\"btn btn-primary btn-primary--appstore mr-25\" href=\"https:\/\/apps.apple.com\/us\/app\/satchelpay\/id1385513368\" target=\"_blank\" rel=\"noopener\">AppStore<\/a><a class=\"btn btn-primary btn-primary--playmarket\" href=\"https:\/\/play.google.com\/store\/apps\/details?id=com.thefintechlab.whitelabelandroid\" target=\"_blank\" rel=\"noopener\">Play Market<\/a>\n    <\/div>\n\n--><\/p>\n<div class=\"text-center mt-40\"><a class=\"btn btn-primary\" href=\"https:\/\/satchel.eu\/de\/security\/\">Mehr \u00fcber Sicherheit<\/a><\/div>\n<\/p><\/div>\n<\/section>\n","protected":false},"excerpt":{"rendered":"<p>Verwalten Sie Ihr Konto von unterwegs aus Intuitives digitales Tool f\u00fcr Transaktionen, Kartenaufladung, W\u00e4hrungswechsel und mehr. Herunterladen auf AppStore Play Market Alle wichtigen Operation grifbereit 24\/7 Zugriff auf Ihr Guthaben Ein breites Spektrum von Transaktionen In-App-Kartenkontrolle M\u00f6glichkeiten zum Aufladen von Karten W\u00e4hrungsumtausch \u00dcbersicht \u00fcber den Transaktionsverlauf Menschliche Kundenbetreuung Sicherer und einfacher Anmeldeprozess Intelligente Sicherheitsfunktionen 2FA&#8230;<\/p>\n","protected":false},"author":5,"featured_media":0,"parent":0,"menu_order":0,"comment_status":"closed","ping_status":"closed","template":"templates\/satchel-app.php","meta":{"_acf_changed":false,"footnotes":""},"class_list":["post-96","page","type-page","status-publish","hentry"],"acf":[],"yoast_head":"<!-- This site is optimized with the Yoast SEO plugin v22.0 - https:\/\/yoast.com\/wordpress\/plugins\/seo\/ -->\n<title>Mobile App \u2013 Satchel \u2013 Ihre Geldverwaltungsl\u00f6sung<\/title>\n<meta name=\"description\" content=\"Entdecken Sie ein intuitives digitales Tool f\u00fcr Transaktionen, Kartenaufladung, Geldwechsel und mehr.\" \/>\n<meta name=\"robots\" content=\"index, follow, max-snippet:-1, max-image-preview:large, max-video-preview:-1\" \/>\n<link rel=\"canonical\" href=\"https:\/\/satchel.eu\/de\/satchel-app\/\" \/>\n<meta property=\"og:locale\" content=\"de_DE\" \/>\n<meta property=\"og:type\" content=\"article\" \/>\n<meta property=\"og:title\" content=\"Mobile App \u2013 Satchel \u2013 Ihre Geldverwaltungsl\u00f6sung\" \/>\n<meta property=\"og:description\" content=\"Entdecken Sie ein intuitives digitales Tool f\u00fcr Transaktionen, Kartenaufladung, Geldwechsel und mehr.\" \/>\n<meta property=\"og:url\" content=\"https:\/\/satchel.eu\/de\/satchel-app\/\" \/>\n<meta property=\"og:site_name\" content=\"Satchel\" \/>\n<meta property=\"article:modified_time\" content=\"2025-12-08T12:37:58+00:00\" \/>\n<meta name=\"twitter:card\" content=\"summary_large_image\" \/>\n<meta name=\"twitter:label1\" content=\"Gesch\u00e4tzte Lesezeit\" \/>\n\t<meta name=\"twitter:data1\" content=\"4\u00a0Minuten\" \/>\n<script type=\"application\/ld+json\" class=\"yoast-schema-graph\">{\"@context\":\"https:\/\/schema.org\",\"@graph\":[{\"@type\":\"WebPage\",\"@id\":\"https:\/\/satchel.eu\/de\/satchel-app\/\",\"url\":\"https:\/\/satchel.eu\/de\/satchel-app\/\",\"name\":\"Mobile App \u2013 Satchel \u2013 Ihre Geldverwaltungsl\u00f6sung\",\"isPartOf\":{\"@id\":\"https:\/\/satchel.eu\/de\/#website\"},\"datePublished\":\"2021-03-02T17:55:13+00:00\",\"dateModified\":\"2025-12-08T12:37:58+00:00\",\"description\":\"Entdecken Sie ein intuitives digitales Tool f\u00fcr Transaktionen, Kartenaufladung, Geldwechsel und mehr.\",\"breadcrumb\":{\"@id\":\"https:\/\/satchel.eu\/de\/satchel-app\/#breadcrumb\"},\"inLanguage\":\"de\",\"potentialAction\":[{\"@type\":\"ReadAction\",\"target\":[\"https:\/\/satchel.eu\/de\/satchel-app\/\"]}]},{\"@type\":\"BreadcrumbList\",\"@id\":\"https:\/\/satchel.eu\/de\/satchel-app\/#breadcrumb\",\"itemListElement\":[{\"@type\":\"ListItem\",\"position\":1,\"name\":\"Satchel\",\"item\":\"https:\/\/satchel.eu\/de\/\"},{\"@type\":\"ListItem\",\"position\":2,\"name\":\"Satchel App\"}]},{\"@type\":\"WebSite\",\"@id\":\"https:\/\/satchel.eu\/de\/#website\",\"url\":\"https:\/\/satchel.eu\/de\/\",\"name\":\"Satchel\",\"description\":\"Ihre L\u00f6sung f\u00fcr das Geldmanagement\",\"publisher\":{\"@id\":\"https:\/\/satchel.eu\/de\/#organization\"},\"potentialAction\":[{\"@type\":\"SearchAction\",\"target\":{\"@type\":\"EntryPoint\",\"urlTemplate\":\"https:\/\/satchel.eu\/de\/?s={search_term_string}\"},\"query-input\":\"required name=search_term_string\"}],\"inLanguage\":\"de\"},{\"@type\":\"Organization\",\"@id\":\"https:\/\/satchel.eu\/de\/#organization\",\"name\":\"Satchel\",\"url\":\"https:\/\/satchel.eu\/de\/\",\"logo\":{\"@type\":\"ImageObject\",\"inLanguage\":\"de\",\"@id\":\"https:\/\/satchel.eu\/de\/#\/schema\/logo\/image\/\",\"url\":\"https:\/\/satchel.eu\/de\/wp-content\/uploads\/sites\/5\/2021\/05\/logo-black.jpg\",\"contentUrl\":\"https:\/\/satchel.eu\/de\/wp-content\/uploads\/sites\/5\/2021\/05\/logo-black.jpg\",\"width\":135,\"height\":32,\"caption\":\"Satchel\"},\"image\":{\"@id\":\"https:\/\/satchel.eu\/de\/#\/schema\/logo\/image\/\"}}]}<\/script>\n<!-- \/ Yoast SEO plugin. -->","yoast_head_json":{"title":"Mobile App \u2013 Satchel \u2013 Ihre Geldverwaltungsl\u00f6sung","description":"Entdecken Sie ein intuitives digitales Tool f\u00fcr Transaktionen, Kartenaufladung, Geldwechsel und mehr.","robots":{"index":"index","follow":"follow","max-snippet":"max-snippet:-1","max-image-preview":"max-image-preview:large","max-video-preview":"max-video-preview:-1"},"canonical":"https:\/\/satchel.eu\/de\/satchel-app\/","og_locale":"de_DE","og_type":"article","og_title":"Mobile App \u2013 Satchel \u2013 Ihre Geldverwaltungsl\u00f6sung","og_description":"Entdecken Sie ein intuitives digitales Tool f\u00fcr Transaktionen, Kartenaufladung, Geldwechsel und mehr.","og_url":"https:\/\/satchel.eu\/de\/satchel-app\/","og_site_name":"Satchel","article_modified_time":"2025-12-08T12:37:58+00:00","twitter_card":"summary_large_image","twitter_misc":{"Gesch\u00e4tzte Lesezeit":"4\u00a0Minuten"},"schema":{"@context":"https:\/\/schema.org","@graph":[{"@type":"WebPage","@id":"https:\/\/satchel.eu\/de\/satchel-app\/","url":"https:\/\/satchel.eu\/de\/satchel-app\/","name":"Mobile App \u2013 Satchel \u2013 Ihre Geldverwaltungsl\u00f6sung","isPartOf":{"@id":"https:\/\/satchel.eu\/de\/#website"},"datePublished":"2021-03-02T17:55:13+00:00","dateModified":"2025-12-08T12:37:58+00:00","description":"Entdecken Sie ein intuitives digitales Tool f\u00fcr Transaktionen, Kartenaufladung, Geldwechsel und mehr.","breadcrumb":{"@id":"https:\/\/satchel.eu\/de\/satchel-app\/#breadcrumb"},"inLanguage":"de","potentialAction":[{"@type":"ReadAction","target":["https:\/\/satchel.eu\/de\/satchel-app\/"]}]},{"@type":"BreadcrumbList","@id":"https:\/\/satchel.eu\/de\/satchel-app\/#breadcrumb","itemListElement":[{"@type":"ListItem","position":1,"name":"Satchel","item":"https:\/\/satchel.eu\/de\/"},{"@type":"ListItem","position":2,"name":"Satchel App"}]},{"@type":"WebSite","@id":"https:\/\/satchel.eu\/de\/#website","url":"https:\/\/satchel.eu\/de\/","name":"Satchel","description":"Ihre L\u00f6sung f\u00fcr das Geldmanagement","publisher":{"@id":"https:\/\/satchel.eu\/de\/#organization"},"potentialAction":[{"@type":"SearchAction","target":{"@type":"EntryPoint","urlTemplate":"https:\/\/satchel.eu\/de\/?s={search_term_string}"},"query-input":"required name=search_term_string"}],"inLanguage":"de"},{"@type":"Organization","@id":"https:\/\/satchel.eu\/de\/#organization","name":"Satchel","url":"https:\/\/satchel.eu\/de\/","logo":{"@type":"ImageObject","inLanguage":"de","@id":"https:\/\/satchel.eu\/de\/#\/schema\/logo\/image\/","url":"https:\/\/satchel.eu\/de\/wp-content\/uploads\/sites\/5\/2021\/05\/logo-black.jpg","contentUrl":"https:\/\/satchel.eu\/de\/wp-content\/uploads\/sites\/5\/2021\/05\/logo-black.jpg","width":135,"height":32,"caption":"Satchel"},"image":{"@id":"https:\/\/satchel.eu\/de\/#\/schema\/logo\/image\/"}}]}},"_links":{"self":[{"href":"https:\/\/satchel.eu\/de\/wp-json\/wp\/v2\/pages\/96","targetHints":{"allow":["GET"]}}],"collection":[{"href":"https:\/\/satchel.eu\/de\/wp-json\/wp\/v2\/pages"}],"about":[{"href":"https:\/\/satchel.eu\/de\/wp-json\/wp\/v2\/types\/page"}],"author":[{"embeddable":true,"href":"https:\/\/satchel.eu\/de\/wp-json\/wp\/v2\/users\/5"}],"replies":[{"embeddable":true,"href":"https:\/\/satchel.eu\/de\/wp-json\/wp\/v2\/comments?post=96"}],"version-history":[{"count":2,"href":"https:\/\/satchel.eu\/de\/wp-json\/wp\/v2\/pages\/96\/revisions"}],"predecessor-version":[{"id":5744,"href":"https:\/\/satchel.eu\/de\/wp-json\/wp\/v2\/pages\/96\/revisions\/5744"}],"wp:attachment":[{"href":"https:\/\/satchel.eu\/de\/wp-json\/wp\/v2\/media?parent=96"}],"curies":[{"name":"wp","href":"https:\/\/api.w.org\/{rel}","templated":true}]}}