{"id":99,"date":"2021-03-02T19:57:02","date_gmt":"2021-03-02T17:57:02","guid":{"rendered":"https:\/\/satchel-eu-new.devlab69.com\/?page_id=99"},"modified":"2025-12-29T15:35:47","modified_gmt":"2025-12-29T13:35:47","slug":"faq","status":"publish","type":"page","link":"https:\/\/satchel.eu\/de\/faq\/","title":{"rendered":"FAQ"},"content":{"rendered":"<section class=\"section pt-45 pt-md-70\">\r\n  <div class=\"container\">\r\n    <div class=\"row\">\r\n      <div class=\"col-lg-12 mx-auto\">\r\n        <h1 class=\"mb-20\">Wie k\u00f6nnen wir helfen?<\/h1>\r\n        <p class=\"p-md\">Wir haben die Fragen, die unser Kundensupport-Team am h\u00e4ufigsten erh\u00e4lt, in sechs Hauptbl\u00f6cke unterteilt. In jedem dieser Bl\u00f6cke finden Sie Informationen zur Nutzung unserer Dienste und Anweisungen f\u00fcr den Fall, dass Sie Probleme haben, z. B. eine verlorene Karte oder ein vergessenes Passwort.<\/p>\r\n        <div class=\"faq-topics mb-15\">\r\n\r\n          &lt;a class=&quot;faq-topic&quot; href=&quot;faq\/general-information\/&#8220;&gt;\r\n            &lt;img class=&quot;lazyload faq-topic__icon&quot; data-src=&quot;\/wp-content\/themes\/satchel\/public\/img\/sleu-kit-icons-y-info.svg?v=2.5&#8220; src=&#8220;data:image\/gif;base64,R0lGODlhAQABAAAAACH5BAEKAAEALAAAAAABAAEAAAICTAEAOw==&#8220; alt&gt;\r\n            <div class=\"faq-topic__text\">Allgemeine Informationen<\/div>\r\n          <\/a>\r\n\r\n          &lt;a class=&quot;faq-topic&quot; href=&quot;faq\/satchel-current-account\/&#8220;&gt;\r\n            &lt;img class=&quot;lazyload faq-topic__icon&quot; data-src=&quot;\/wp-content\/themes\/satchel\/public\/img\/sleu-kit-icons-y-personal-account.svg?v=2.5&#8220; src=&#8220;data:image\/gif;base64,R0lGODlhAQABAAAAACH5BAEKAAEALAAAAAABAAEAAAICTAEAOw==&#8220; alt&gt;\r\n            <div class=\"faq-topic__text\">Satchel Girokonto<\/div>\r\n          <\/a>\r\n\r\n          &lt;a class=&quot;faq-topic&quot; href=&quot;faq\/login-and-password\/&#8220;&gt;\r\n            &lt;img class=&quot;lazyload faq-topic__icon&quot; data-src=&quot;\/wp-content\/themes\/satchel\/public\/img\/sleu-kit-icons-y-password.svg?v=2.5&#8220; src=&#8220;data:image\/gif;base64,R0lGODlhAQABAAAAACH5BAEKAAEALAAAAAABAAEAAAICTAEAOw==&#8220; alt&gt;\r\n            <div class=\"faq-topic__text\">Anmeldung und Passwort<\/div>\r\n          <\/a>\r\n\r\n          &lt;a class=&quot;faq-topic&quot; href=&quot;faq\/account-statement-transaction-receipt\/&#8220;&gt;\r\n            &lt;img class=&quot;lazyload faq-topic__icon&quot; data-src=&quot;\/wp-content\/themes\/satchel\/public\/img\/faq\/faq-topic-account-statement-transaction-receipt-icon.svg?v=2.5&#8220; src=&#8220;data:image\/gif;base64,R0lGODlhAQABAAAAACH5BAEKAAEALAAAAAABAAEAAAICTAEAOw==&#8220; alt&gt;\r\n            <div class=\"faq-topic__text\">Kontoauszug &amp; Transaktionsbeleg<\/div>\r\n          <\/a>\r\n\r\n          &lt;a class=&quot;faq-topic&quot; href=&quot;faq\/sepa-the-ultimate-guide\/&#8220;&gt;\r\n            &lt;img class=&quot;lazyload faq-topic__icon&quot; data-src=&quot;\/wp-content\/themes\/satchel\/public\/img\/sleu-kit-icons-y-sepa.svg?v=2.5&#8220; src=&#8220;data:image\/gif;base64,R0lGODlhAQABAAAAACH5BAEKAAEALAAAAAABAAEAAAICTAEAOw==&#8220; alt&gt;\r\n            <div class=\"faq-topic__text\">SEPA: Der ultimative Leitfaden<\/div>\r\n          <\/a>\r\n\r\n          &lt;a class=&quot;faq-topic&quot; href=&quot;faq\/payments-and-transactions\/&#8220;&gt;\r\n            &lt;img class=&quot;lazyload faq-topic__icon&quot; data-src=&quot;\/wp-content\/themes\/satchel\/public\/img\/sleu-kit-icons-y-pay.svg?v=2.5&#8220; src=&#8220;data:image\/gif;base64,R0lGODlhAQABAAAAACH5BAEKAAEALAAAAAABAAEAAAICTAEAOw==&#8220; alt&gt;\r\n            <div class=\"faq-topic__text\">Zahlungen &amp; Transaktionen<\/div>\r\n          <\/a>\r\n\r\n          &lt;a class=&quot;faq-topic&quot; href=&quot;faq\/satchel-cards\/&#8220;&gt;\r\n            &lt;img class=&quot;lazyload faq-topic__icon&quot; data-src=&quot;\/wp-content\/themes\/satchel\/public\/img\/sleu-kit-icons-y-credit-cards.svg?v=2.5&#8220; src=&#8220;data:image\/gif;base64,R0lGODlhAQABAAAAACH5BAEKAAEALAAAAAABAAEAAAICTAEAOw==&#8220; alt&gt;\r\n            <div class=\"faq-topic__text\">Satchel Karten<\/div>\r\n          <\/a>\r\n\r\n        <\/div>\r\n        <div class=\"border-bottom mb-40\"><\/div>\r\n        <div class=\"d-block d-md-flex align-items-md-center justify-content-md-between\">\r\n          <div class=\"mb-20 mb-md-0\">\r\n            <p class=\"h4 mb-10\">Haben Sie Ihre Frage nicht gefunden?<\/p>\r\n            <p class=\"h6 mb-0\">Kontaktieren Sie unser Support-Team per Telefon oder E-Mail.<\/p>\r\n          <\/div>\r\n          <div class=\"d-flex flex-sm-row flex-column align-items-start\">\r\n            <a class=\"btn btn-primary mr-sm-15 mb-sm-0 mb-20 js-customer-support-phone-faq\" href=\"tel:+37052141818\">+370 5214 1818<\/a>\r\n            <a class=\"btn btn-primary  js-customer-support-email-faq\" href=\"mailto:support@satchel.eu\">support@satchel.eu<\/a>\r\n          <\/div>\r\n        <\/div>\r\n      <\/div>\r\n    <\/div>\r\n  <\/div>\r\n<\/section>","protected":false},"excerpt":{"rendered":"Wie k\u00f6nnen wir helfen? Wir haben die Fragen, die unser Kundensupport-Team am h\u00e4ufigsten erh\u00e4lt, in sechs Hauptbl\u00f6cke unterteilt. In jedem dieser Bl\u00f6cke finden Sie Informationen zur Nutzung unserer Dienste und Anweisungen f\u00fcr den Fall, dass Sie Probleme haben, z. B. eine verlorene Karte oder ein vergessenes Passwort. &lt;a class=&quot;faq-topic&quot; href=&quot;faq\/general-information\/&#8220;&gt; &lt;img class=&quot;lazyload faq-topic__icon&quot; data-src=&quot;\/wp-content\/themes\/satchel\/public\/img\/sleu-kit-icons-y-info.svg?v=2.5&#8220; src=&#8220;data:image\/gif;base64,R0lGODlhAQABAAAAACH5BAEKAAEALAAAAAABAAEAAAICTAEAOw==&#8220;&#8230;","protected":false},"author":5,"featured_media":0,"parent":0,"menu_order":0,"comment_status":"closed","ping_status":"closed","template":"faq-templates\/faq.php","meta":{"_acf_changed":false,"footnotes":""},"class_list":["post-99","page","type-page","status-publish","hentry"],"acf":[],"yoast_head":"<!-- This site is optimized with the Yoast SEO plugin v22.0 - https:\/\/yoast.com\/wordpress\/plugins\/seo\/ -->\n<title>FAQ | Satchel.eu \u2013 Ihre Geldverwaltungsl\u00f6sung<\/title>\n<meta name=\"description\" content=\"Unsere FAQ-Seite ist hilfreich f\u00fcr alle, die weitere Informationen suchen oder technische Unterst\u00fctzung zu den Satchel-Diensten ben\u00f6tigen.\" \/>\n<meta name=\"robots\" content=\"index, follow, max-snippet:-1, max-image-preview:large, max-video-preview:-1\" \/>\n<link rel=\"canonical\" href=\"https:\/\/satchel.eu\/de\/faq\/\" \/>\n<meta property=\"og:locale\" content=\"de_DE\" \/>\n<meta property=\"og:type\" content=\"article\" \/>\n<meta property=\"og:title\" content=\"FAQ | Satchel.eu \u2013 Ihre Geldverwaltungsl\u00f6sung\" \/>\n<meta property=\"og:description\" content=\"Unsere FAQ-Seite ist hilfreich f\u00fcr alle, die weitere Informationen suchen oder technische Unterst\u00fctzung zu den Satchel-Diensten ben\u00f6tigen.\" \/>\n<meta property=\"og:url\" content=\"https:\/\/satchel.eu\/de\/faq\/\" \/>\n<meta property=\"og:site_name\" content=\"Satchel\" \/>\n<meta property=\"article:modified_time\" content=\"2025-12-29T13:35:47+00:00\" \/>\n<meta name=\"twitter:card\" content=\"summary_large_image\" \/>\n<meta name=\"twitter:label1\" content=\"Gesch\u00e4tzte Lesezeit\" \/>\n\t<meta name=\"twitter:data1\" content=\"2\u00a0Minuten\" \/>\n<script type=\"application\/ld+json\" class=\"yoast-schema-graph\">{\"@context\":\"https:\/\/schema.org\",\"@graph\":[{\"@type\":\"WebPage\",\"@id\":\"https:\/\/satchel.eu\/de\/faq\/\",\"url\":\"https:\/\/satchel.eu\/de\/faq\/\",\"name\":\"FAQ | Satchel.eu \u2013 Ihre Geldverwaltungsl\u00f6sung\",\"isPartOf\":{\"@id\":\"https:\/\/satchel.eu\/de\/#website\"},\"datePublished\":\"2021-03-02T17:57:02+00:00\",\"dateModified\":\"2025-12-29T13:35:47+00:00\",\"description\":\"Unsere FAQ-Seite ist hilfreich f\u00fcr alle, die weitere Informationen suchen oder technische Unterst\u00fctzung zu den Satchel-Diensten ben\u00f6tigen.\",\"breadcrumb\":{\"@id\":\"https:\/\/satchel.eu\/de\/faq\/#breadcrumb\"},\"inLanguage\":\"de\",\"potentialAction\":[{\"@type\":\"ReadAction\",\"target\":[\"https:\/\/satchel.eu\/de\/faq\/\"]}]},{\"@type\":\"BreadcrumbList\",\"@id\":\"https:\/\/satchel.eu\/de\/faq\/#breadcrumb\",\"itemListElement\":[{\"@type\":\"ListItem\",\"position\":1,\"name\":\"Satchel\",\"item\":\"https:\/\/satchel.eu\/de\/\"},{\"@type\":\"ListItem\",\"position\":2,\"name\":\"FAQ\"}]},{\"@type\":\"WebSite\",\"@id\":\"https:\/\/satchel.eu\/de\/#website\",\"url\":\"https:\/\/satchel.eu\/de\/\",\"name\":\"Satchel\",\"description\":\"Ihre L\u00f6sung f\u00fcr das Geldmanagement\",\"publisher\":{\"@id\":\"https:\/\/satchel.eu\/de\/#organization\"},\"potentialAction\":[{\"@type\":\"SearchAction\",\"target\":{\"@type\":\"EntryPoint\",\"urlTemplate\":\"https:\/\/satchel.eu\/de\/?s={search_term_string}\"},\"query-input\":\"required name=search_term_string\"}],\"inLanguage\":\"de\"},{\"@type\":\"Organization\",\"@id\":\"https:\/\/satchel.eu\/de\/#organization\",\"name\":\"Satchel\",\"url\":\"https:\/\/satchel.eu\/de\/\",\"logo\":{\"@type\":\"ImageObject\",\"inLanguage\":\"de\",\"@id\":\"https:\/\/satchel.eu\/de\/#\/schema\/logo\/image\/\",\"url\":\"https:\/\/satchel.eu\/de\/wp-content\/uploads\/sites\/5\/2021\/05\/logo-black.jpg\",\"contentUrl\":\"https:\/\/satchel.eu\/de\/wp-content\/uploads\/sites\/5\/2021\/05\/logo-black.jpg\",\"width\":135,\"height\":32,\"caption\":\"Satchel\"},\"image\":{\"@id\":\"https:\/\/satchel.eu\/de\/#\/schema\/logo\/image\/\"}}]}<\/script>\n<!-- \/ Yoast SEO plugin. -->","yoast_head_json":{"title":"FAQ | Satchel.eu \u2013 Ihre Geldverwaltungsl\u00f6sung","description":"Unsere FAQ-Seite ist hilfreich f\u00fcr alle, die weitere Informationen suchen oder technische Unterst\u00fctzung zu den Satchel-Diensten ben\u00f6tigen.","robots":{"index":"index","follow":"follow","max-snippet":"max-snippet:-1","max-image-preview":"max-image-preview:large","max-video-preview":"max-video-preview:-1"},"canonical":"https:\/\/satchel.eu\/de\/faq\/","og_locale":"de_DE","og_type":"article","og_title":"FAQ | Satchel.eu \u2013 Ihre Geldverwaltungsl\u00f6sung","og_description":"Unsere FAQ-Seite ist hilfreich f\u00fcr alle, die weitere Informationen suchen oder technische Unterst\u00fctzung zu den Satchel-Diensten ben\u00f6tigen.","og_url":"https:\/\/satchel.eu\/de\/faq\/","og_site_name":"Satchel","article_modified_time":"2025-12-29T13:35:47+00:00","twitter_card":"summary_large_image","twitter_misc":{"Gesch\u00e4tzte Lesezeit":"2\u00a0Minuten"},"schema":{"@context":"https:\/\/schema.org","@graph":[{"@type":"WebPage","@id":"https:\/\/satchel.eu\/de\/faq\/","url":"https:\/\/satchel.eu\/de\/faq\/","name":"FAQ | Satchel.eu \u2013 Ihre Geldverwaltungsl\u00f6sung","isPartOf":{"@id":"https:\/\/satchel.eu\/de\/#website"},"datePublished":"2021-03-02T17:57:02+00:00","dateModified":"2025-12-29T13:35:47+00:00","description":"Unsere FAQ-Seite ist hilfreich f\u00fcr alle, die weitere Informationen suchen oder technische Unterst\u00fctzung zu den Satchel-Diensten ben\u00f6tigen.","breadcrumb":{"@id":"https:\/\/satchel.eu\/de\/faq\/#breadcrumb"},"inLanguage":"de","potentialAction":[{"@type":"ReadAction","target":["https:\/\/satchel.eu\/de\/faq\/"]}]},{"@type":"BreadcrumbList","@id":"https:\/\/satchel.eu\/de\/faq\/#breadcrumb","itemListElement":[{"@type":"ListItem","position":1,"name":"Satchel","item":"https:\/\/satchel.eu\/de\/"},{"@type":"ListItem","position":2,"name":"FAQ"}]},{"@type":"WebSite","@id":"https:\/\/satchel.eu\/de\/#website","url":"https:\/\/satchel.eu\/de\/","name":"Satchel","description":"Ihre L\u00f6sung f\u00fcr das Geldmanagement","publisher":{"@id":"https:\/\/satchel.eu\/de\/#organization"},"potentialAction":[{"@type":"SearchAction","target":{"@type":"EntryPoint","urlTemplate":"https:\/\/satchel.eu\/de\/?s={search_term_string}"},"query-input":"required name=search_term_string"}],"inLanguage":"de"},{"@type":"Organization","@id":"https:\/\/satchel.eu\/de\/#organization","name":"Satchel","url":"https:\/\/satchel.eu\/de\/","logo":{"@type":"ImageObject","inLanguage":"de","@id":"https:\/\/satchel.eu\/de\/#\/schema\/logo\/image\/","url":"https:\/\/satchel.eu\/de\/wp-content\/uploads\/sites\/5\/2021\/05\/logo-black.jpg","contentUrl":"https:\/\/satchel.eu\/de\/wp-content\/uploads\/sites\/5\/2021\/05\/logo-black.jpg","width":135,"height":32,"caption":"Satchel"},"image":{"@id":"https:\/\/satchel.eu\/de\/#\/schema\/logo\/image\/"}}]}},"_links":{"self":[{"href":"https:\/\/satchel.eu\/de\/wp-json\/wp\/v2\/pages\/99","targetHints":{"allow":["GET"]}}],"collection":[{"href":"https:\/\/satchel.eu\/de\/wp-json\/wp\/v2\/pages"}],"about":[{"href":"https:\/\/satchel.eu\/de\/wp-json\/wp\/v2\/types\/page"}],"author":[{"embeddable":true,"href":"https:\/\/satchel.eu\/de\/wp-json\/wp\/v2\/users\/5"}],"replies":[{"embeddable":true,"href":"https:\/\/satchel.eu\/de\/wp-json\/wp\/v2\/comments?post=99"}],"version-history":[{"count":1,"href":"https:\/\/satchel.eu\/de\/wp-json\/wp\/v2\/pages\/99\/revisions"}],"predecessor-version":[{"id":5670,"href":"https:\/\/satchel.eu\/de\/wp-json\/wp\/v2\/pages\/99\/revisions\/5670"}],"wp:attachment":[{"href":"https:\/\/satchel.eu\/de\/wp-json\/wp\/v2\/media?parent=99"}],"curies":[{"name":"wp","href":"https:\/\/api.w.org\/{rel}","templated":true}]}}