{"id":132,"date":"2021-03-02T20:30:37","date_gmt":"2021-03-02T18:30:37","guid":{"rendered":"https:\/\/satchel.eu\/?page_id=132"},"modified":"2025-12-29T15:36:13","modified_gmt":"2025-12-29T13:36:13","slug":"press-kit","status":"publish","type":"page","link":"https:\/\/satchel.eu\/es\/press-kit\/","title":{"rendered":"Kit de prensa"},"content":{"rendered":"<section class=\"section pt-45 pt-md-70 pb-0\"> \r\n  <div class=\"container\">\r\n    <div class=\"row\">\r\n      <div class=\"col-md-8 col-lg-6 offset-lg-2\">\r\n        <h1 class=\"mb-15\">Kit de prensa<\/h1>\r\n      <\/div>\r\n    <\/div>\r\n    <div class=\"row\">\r\n      <div class=\"col-md-8 col-lg-6 offset-lg-2 mb-30 mb-lg-0\">\r\n        <p class=\"mb-0\">Gracias por su inter\u00e9s en Satchel.<br>\r\n        Aqu\u00ed puede encontrar m\u00e1s informaci\u00f3n sobre nosotros, nuestro logo, im\u00e1genes y noticias m\u00e1s recientes.<\/p>\r\n      <\/div>\r\n      <div class=\"col-md-8 col-lg-4 offset-lg-2\">\r\n        <a class=\"contact-card__link w-100 d-inline-flex align-items-center justify-content-center\" href=\"mailto:marketing@satchel.eu\"><svg xmlns=\"http:\/\/www.w3.org\/2000\/svg\" width=\"17\" height=\"16\" class=\"mr-5\"><g fill=\"none\" fill-rule=\"evenodd\"><path d=\"M.5 0h16v16H.5z\"\/><path d=\"M15 3H2c-.277 0-.5.223-.5.5v10c0 .277.223.5.5.5h13c.277 0 .5-.223.5-.5v-10c0-.277-.223-.5-.5-.5zm-.625 1.731v8.144H2.625V4.731l-.431-.336.614-.789.669.52h10.048l.669-.52.614.79-.433.335zm-.85-.606L8.5 8.031 3.475 4.125l-.669-.52-.614.789.431.336 5.338 4.15a.875.875 0 001.073 0l5.341-4.149.431-.336-.614-.789-.667.519z\" fill=\"#212121\" fill-rule=\"nonzero\"\/><\/g><\/svg>marketing@satchel.eu<\/a>\r\n        <p class=\"p-md2 text-gray8 text-center mt-10 mb-0\">Para consultas de prensa<\/p>\r\n      <\/div>\r\n    <\/div>\r\n  <\/div>\r\n<\/section>\r\n<section class=\"section pt-lg-110 pt-90\">\r\n  <div class=\"container\">\r\n    <div class=\"row\">\r\n      <div class=\"col-lg-12 col-xl-10 mx-auto\">\r\n\r\n        <div class=\"d-block d-md-flex align-items-md-center justify-content-md-between mb-5\">\r\n          <h2 class=\"mb-0\">Obtenga lo \u00faltimo<\/h2>\r\n          <a class=\"btn btn-link d-none d-md-inline-flex\" href=\"https:\/\/satchel.eu\/es\/news\/\">Ver todo <svg xmlns=\"http:\/\/www.w3.org\/2000\/svg\" width=\"17\" height=\"16\" viewBox=\"0 0 17 16\"> <g fill=\"none\" fill-rule=\"evenodd\"> <g> <g> <g> <g> <path d=\"M0 0H16V16H0z\" transform=\"translate(-313 -1628) translate(271 1615) translate(.018 12) translate(42 1)\"\/> <path class=\"path\" fill=\"#4854FF\" d=\"M14.96 8.19c.05-.12.05-.26 0-.38-.03-.06-.06-.12-.11-.16l-4-4c-.2-.2-.51-.2-.71 0-.2.2-.2.51 0 .71l3.15 3.15H1.5C1.22 7.5 1 7.72 1 8s.22.5.5.5h11.79l-3.15 3.15c-.2.2-.2.51 0 .71.1.1.23.15.35.15.12 0 .26-.05.35-.15l4-4c.06-.05.1-.11.12-.17z\" transform=\"translate(-313 -1628) translate(271 1615) translate(.018 12) translate(42 1)\"\/> <\/g> <\/g> <\/g> <\/g> <\/g><\/svg><\/a>\r\n        <\/div>\r\n        \r\n        <p class=\"mb-25\">Para las noticias m\u00e1s actualizadas, eche un vistazo a nuestras noticias m\u00e1s recientes.<\/p>\r\n\r\n        <div class=\"latest-news mb-20 mb-md-0\">\r\n\r\n          \r\n            <div class=\"latest-news__item\">\r\n              <div class=\"news d-flex flex-column\">\r\n                <a href=\"\/blog\/satchel-is-bc-rytas-silver-sponsor-for-two-more-seasons\" class=\"d-block\">\r\n                  <img decoding=\"async\"\r\n                    class=\"news__img mb-15 lazyload\"\r\n                    data-src=\"https:\/\/satchel.eu\/es\/wp-content\/uploads\/2025\/09\/satchel-is-bc-rytas-silver-sponsor-for-two-more-seasons-1046x665.jpg\"\r\n                    src=\"data:image\/gif;base64,R0lGODlhAQABAAAAACH5BAEKAAEALAAAAAABAAEAAAICTAEAOw==\"\r\n                    alt=\"Strengthening the bond: Satchel is BC Rytas\u2019s silver sponsor for two more seasons\"\r\n                  >\r\n                <\/a>\r\n                <a href=\"\/blog\/satchel-is-bc-rytas-silver-sponsor-for-two-more-seasons\" class=\"news__title mb-10\">Strengthening the bond: Satchel is BC Rytas\u2019s silver sponsor for two more seasons<\/a>\r\n                <div class=\"news__excerpt mb-15\">\r\n                  We\u2019re excited to announce that Satchel is continuing to be&hellip;                <\/div>\r\n                <div class=\"d-flex align-items-center justify-content-between mt-auto\">\r\n                  <div class=\"d-flex flex-wrap\">\r\n                    <div class=\"news__tag news__tag--yellow mr-5 my-5\"><a href=\"https:\/\/satchel.eu\/blog\/category\/corporate-social-responsibility\/\">Corporate social responsibility<\/a><\/div><div class=\"news__tag news__tag--yellow mr-5 my-5\"><a href=\"https:\/\/satchel.eu\/blog\/category\/satchel-news\/\">Satchel news<\/a><\/div>                  <\/div>\r\n                  <div class=\"news__date ml-5\">18 Sep 2025<\/div>\r\n                <\/div>\r\n              <\/div>\r\n            <\/div>\r\n\r\n          \r\n            <div class=\"latest-news__item\">\r\n              <div class=\"news d-flex flex-column\">\r\n                <a href=\"\/blog\/satchel-earns-prestigious-top-company-2025-award\" class=\"d-block\">\r\n                  <img decoding=\"async\"\r\n                    class=\"news__img mb-15 lazyload\"\r\n                    data-src=\"https:\/\/satchel.eu\/es\/wp-content\/uploads\/2025\/09\/satchel-earns-prestigious-top-company-2025-award-1046x665.jpg\"\r\n                    src=\"data:image\/gif;base64,R0lGODlhAQABAAAAACH5BAEKAAEALAAAAAABAAEAAAICTAEAOw==\"\r\n                    alt=\"Satchel earns prestigious Top Company 2025 award\"\r\n                  >\r\n                <\/a>\r\n                <a href=\"\/blog\/satchel-earns-prestigious-top-company-2025-award\" class=\"news__title mb-10\">Satchel earns prestigious Top Company 2025 award<\/a>\r\n                <div class=\"news__excerpt mb-15\">\r\n                  We\u2019re proud to announce that Satchel has been recognized with&hellip;                <\/div>\r\n                <div class=\"d-flex align-items-center justify-content-between mt-auto\">\r\n                  <div class=\"d-flex flex-wrap\">\r\n                    <div class=\"news__tag news__tag--yellow mr-5 my-5\"><a href=\"https:\/\/satchel.eu\/blog\/category\/satchel-news\/\">Satchel news<\/a><\/div>                  <\/div>\r\n                  <div class=\"news__date ml-5\">16 Sep 2025<\/div>\r\n                <\/div>\r\n              <\/div>\r\n            <\/div>\r\n\r\n          \r\n            <div class=\"latest-news__item\">\r\n              <div class=\"news d-flex flex-column\">\r\n                <a href=\"\/blog\/satchel-at-sbc-summit-2025\" class=\"d-block\">\r\n                  <img decoding=\"async\"\r\n                    class=\"news__img mb-15 lazyload\"\r\n                    data-src=\"https:\/\/satchel.eu\/es\/wp-content\/uploads\/2025\/09\/satchel-at-sbc-summit-2025-1046x665.jpg\"\r\n                    src=\"data:image\/gif;base64,R0lGODlhAQABAAAAACH5BAEKAAEALAAAAAABAAEAAAICTAEAOw==\"\r\n                    alt=\"The Satchel team heads to SBC Summit 2025 in Lisbon\"\r\n                  >\r\n                <\/a>\r\n                <a href=\"\/blog\/satchel-at-sbc-summit-2025\" class=\"news__title mb-10\">The Satchel team heads to SBC Summit 2025 in Lisbon<\/a>\r\n                <div class=\"news__excerpt mb-15\">\r\n                  We&#8217;re excited to announce that the Satchel team will be&hellip;                <\/div>\r\n                <div class=\"d-flex align-items-center justify-content-between mt-auto\">\r\n                  <div class=\"d-flex flex-wrap\">\r\n                    <div class=\"news__tag news__tag--yellow mr-5 my-5\"><a href=\"https:\/\/satchel.eu\/blog\/category\/igaming\/\">iGaming<\/a><\/div><div class=\"news__tag news__tag--yellow mr-5 my-5\"><a href=\"https:\/\/satchel.eu\/blog\/category\/satchel-news\/\">Satchel news<\/a><\/div>                  <\/div>\r\n                  <div class=\"news__date ml-5\">10 Sep 2025<\/div>\r\n                <\/div>\r\n              <\/div>\r\n            <\/div>\r\n\r\n          \r\n        <\/div>\r\n\r\n        <div class=\"d-flex d-md-none justify-content-end\"><a class=\"btn btn-link\" href=\"https:\/\/satchel.eu\/es\/news\/\">Ver todo <svg xmlns=\"http:\/\/www.w3.org\/2000\/svg\" width=\"17\" height=\"16\" viewBox=\"0 0 17 16\"> <g fill=\"none\" fill-rule=\"evenodd\"> <g> <g> <g> <g> <path d=\"M0 0H16V16H0z\" transform=\"translate(-313 -1628) translate(271 1615) translate(.018 12) translate(42 1)\"\/> <path class=\"path\" fill=\"#4854FF\" d=\"M14.96 8.19c.05-.12.05-.26 0-.38-.03-.06-.06-.12-.11-.16l-4-4c-.2-.2-.51-.2-.71 0-.2.2-.2.51 0 .71l3.15 3.15H1.5C1.22 7.5 1 7.72 1 8s.22.5.5.5h11.79l-3.15 3.15c-.2.2-.2.51 0 .71.1.1.23.15.35.15.12 0 .26-.05.35-.15l4-4c.06-.05.1-.11.12-.17z\" transform=\"translate(-313 -1628) translate(271 1615) translate(.018 12) translate(42 1)\"\/> <\/g> <\/g> <\/g> <\/g> <\/g><\/svg><\/a><\/div>\r\n        \r\n      <\/div>\r\n    <\/div>\r\n    <div class=\"row mt-90 mt-lg-110\">\r\n      <div class=\"col-md-8 col-lg-6 offset-lg-2 border-right mb-25 mb-md-0\">\r\n        <div class=\"h4 text-center mb-25\">Informaci\u00f3n de la empresa<\/div>\r\n        <div class=\"text-center\"><a class=\"btn btn-primary\" href=\"https:\/\/satchel.eu\/es\/about-us\/\">Aprenda m\u00e1s sobre nosotros<\/a><\/div>\r\n      <\/div>\r\n      <div class=\"col-md-8 col-lg-6\">\r\n        <div class=\"h4 text-center mb-25\">Activos medi\u00e1ticos<\/div>\r\n        <div class=\"text-center\"><a class=\"btn btn-primary d-inline-flex align-items-center\" href=\"https:\/\/satchel.eu\/es\/wp-content\/themes\/satchel\/public\/img\/logo-black.svg?v=2.5\" download><svg xmlns=\"http:\/\/www.w3.org\/2000\/svg\" width=\"17\" height=\"16\" class=\"mr-5\"><g fill=\"none\" fill-rule=\"evenodd\"><path d=\"M16.5 0v16H.5V0z\"\/><path fill=\"#212121\" fill-rule=\"nonzero\" d=\"M8.31 14.96a.5.5 0 00.38 0c.06-.03.12-.06.16-.11l4-4c.2-.2.2-.51 0-.71-.2-.2-.51-.2-.71 0l-3.15 3.15V1.5C9 1.22 8.78 1 8.5 1s-.5.22-.5.5v11.79l-3.15-3.15c-.2-.2-.51-.2-.71 0a.485.485 0 000 .7l4 4c.05.06.11.1.17.12z\"\/><\/g><\/svg>Descargar activos<\/a><\/div>\r\n      <\/div>\r\n    <\/div>\r\n<\/section>","protected":false},"excerpt":{"rendered":"Kit de prensa Gracias por su inter\u00e9s en Satchel. Aqu\u00ed puede encontrar m\u00e1s informaci\u00f3n sobre nosotros, nuestro logo, im\u00e1genes y noticias m\u00e1s recientes. marketing@satchel.eu Para consultas de prensa Obtenga lo \u00faltimo Ver todo Para las noticias m\u00e1s actualizadas, eche un vistazo a nuestras noticias m\u00e1s recientes. Strengthening the bond: Satchel is BC Rytas\u2019s silver sponsor&#8230;","protected":false},"author":5,"featured_media":0,"parent":0,"menu_order":0,"comment_status":"closed","ping_status":"closed","template":"templates\/press-kit.php","meta":{"_acf_changed":false,"footnotes":""},"class_list":["post-132","page","type-page","status-publish","hentry"],"acf":[],"yoast_head":"<!-- This site is optimized with the Yoast SEO plugin v22.0 - https:\/\/yoast.com\/wordpress\/plugins\/seo\/ -->\n<title>Kit de prensa y medios | Satchel.eu<\/title>\n<meta name=\"description\" content=\"Accede a informaci\u00f3n sobre nosotros, descarga nuestro logo, im\u00e1genes y mantente al d\u00eda con las \u00faltimas noticias. Cont\u00e1ctanos para consultas de prensa.\" \/>\n<meta name=\"robots\" content=\"index, follow, max-snippet:-1, max-image-preview:large, max-video-preview:-1\" \/>\n<link rel=\"canonical\" href=\"https:\/\/satchel.eu\/es\/press-kit\/\" \/>\n<meta property=\"og:locale\" content=\"es_ES\" \/>\n<meta property=\"og:type\" content=\"article\" \/>\n<meta property=\"og:title\" content=\"Kit de prensa y medios | Satchel.eu\" \/>\n<meta property=\"og:description\" content=\"Accede a informaci\u00f3n sobre nosotros, descarga nuestro logo, im\u00e1genes y mantente al d\u00eda con las \u00faltimas noticias. Cont\u00e1ctanos para consultas de prensa.\" \/>\n<meta property=\"og:url\" content=\"https:\/\/satchel.eu\/es\/press-kit\/\" \/>\n<meta property=\"og:site_name\" content=\"Satchel\" \/>\n<meta property=\"article:modified_time\" content=\"2025-12-29T13:36:13+00:00\" \/>\n<meta name=\"twitter:card\" content=\"summary_large_image\" \/>\n<meta name=\"twitter:label1\" content=\"Tiempo de lectura\" \/>\n\t<meta name=\"twitter:data1\" content=\"1 minuto\" \/>\n<script type=\"application\/ld+json\" class=\"yoast-schema-graph\">{\"@context\":\"https:\/\/schema.org\",\"@graph\":[{\"@type\":\"WebPage\",\"@id\":\"https:\/\/satchel.eu\/es\/press-kit\/\",\"url\":\"https:\/\/satchel.eu\/es\/press-kit\/\",\"name\":\"Kit de prensa y medios | Satchel.eu\",\"isPartOf\":{\"@id\":\"https:\/\/satchel.eu\/es\/#website\"},\"datePublished\":\"2021-03-02T18:30:37+00:00\",\"dateModified\":\"2025-12-29T13:36:13+00:00\",\"description\":\"Accede a informaci\u00f3n sobre nosotros, descarga nuestro logo, im\u00e1genes y mantente al d\u00eda con las \u00faltimas noticias. Cont\u00e1ctanos para consultas de prensa.\",\"breadcrumb\":{\"@id\":\"https:\/\/satchel.eu\/es\/press-kit\/#breadcrumb\"},\"inLanguage\":\"es\",\"potentialAction\":[{\"@type\":\"ReadAction\",\"target\":[\"https:\/\/satchel.eu\/es\/press-kit\/\"]}]},{\"@type\":\"BreadcrumbList\",\"@id\":\"https:\/\/satchel.eu\/es\/press-kit\/#breadcrumb\",\"itemListElement\":[{\"@type\":\"ListItem\",\"position\":1,\"name\":\"Satchel\",\"item\":\"https:\/\/satchel.eu\/es\/\"},{\"@type\":\"ListItem\",\"position\":2,\"name\":\"Kit de prensa\"}]},{\"@type\":\"WebSite\",\"@id\":\"https:\/\/satchel.eu\/es\/#website\",\"url\":\"https:\/\/satchel.eu\/es\/\",\"name\":\"Satchel\",\"description\":\"Your money management solution\",\"publisher\":{\"@id\":\"https:\/\/satchel.eu\/es\/#organization\"},\"potentialAction\":[{\"@type\":\"SearchAction\",\"target\":{\"@type\":\"EntryPoint\",\"urlTemplate\":\"https:\/\/satchel.eu\/es\/?s={search_term_string}\"},\"query-input\":\"required name=search_term_string\"}],\"inLanguage\":\"es\"},{\"@type\":\"Organization\",\"@id\":\"https:\/\/satchel.eu\/es\/#organization\",\"name\":\"Satchel\",\"url\":\"https:\/\/satchel.eu\/es\/\",\"logo\":{\"@type\":\"ImageObject\",\"inLanguage\":\"es\",\"@id\":\"https:\/\/satchel.eu\/es\/#\/schema\/logo\/image\/\",\"url\":\"https:\/\/satchel.eu\/es\/wp-content\/uploads\/sites\/7\/2021\/05\/logo-black.jpg\",\"contentUrl\":\"https:\/\/satchel.eu\/es\/wp-content\/uploads\/sites\/7\/2021\/05\/logo-black.jpg\",\"width\":135,\"height\":32,\"caption\":\"Satchel\"},\"image\":{\"@id\":\"https:\/\/satchel.eu\/es\/#\/schema\/logo\/image\/\"}}]}<\/script>\n<!-- \/ Yoast SEO plugin. -->","yoast_head_json":{"title":"Kit de prensa y medios | Satchel.eu","description":"Accede a informaci\u00f3n sobre nosotros, descarga nuestro logo, im\u00e1genes y mantente al d\u00eda con las \u00faltimas noticias. Cont\u00e1ctanos para consultas de prensa.","robots":{"index":"index","follow":"follow","max-snippet":"max-snippet:-1","max-image-preview":"max-image-preview:large","max-video-preview":"max-video-preview:-1"},"canonical":"https:\/\/satchel.eu\/es\/press-kit\/","og_locale":"es_ES","og_type":"article","og_title":"Kit de prensa y medios | Satchel.eu","og_description":"Accede a informaci\u00f3n sobre nosotros, descarga nuestro logo, im\u00e1genes y mantente al d\u00eda con las \u00faltimas noticias. Cont\u00e1ctanos para consultas de prensa.","og_url":"https:\/\/satchel.eu\/es\/press-kit\/","og_site_name":"Satchel","article_modified_time":"2025-12-29T13:36:13+00:00","twitter_card":"summary_large_image","twitter_misc":{"Tiempo de lectura":"1 minuto"},"schema":{"@context":"https:\/\/schema.org","@graph":[{"@type":"WebPage","@id":"https:\/\/satchel.eu\/es\/press-kit\/","url":"https:\/\/satchel.eu\/es\/press-kit\/","name":"Kit de prensa y medios | Satchel.eu","isPartOf":{"@id":"https:\/\/satchel.eu\/es\/#website"},"datePublished":"2021-03-02T18:30:37+00:00","dateModified":"2025-12-29T13:36:13+00:00","description":"Accede a informaci\u00f3n sobre nosotros, descarga nuestro logo, im\u00e1genes y mantente al d\u00eda con las \u00faltimas noticias. Cont\u00e1ctanos para consultas de prensa.","breadcrumb":{"@id":"https:\/\/satchel.eu\/es\/press-kit\/#breadcrumb"},"inLanguage":"es","potentialAction":[{"@type":"ReadAction","target":["https:\/\/satchel.eu\/es\/press-kit\/"]}]},{"@type":"BreadcrumbList","@id":"https:\/\/satchel.eu\/es\/press-kit\/#breadcrumb","itemListElement":[{"@type":"ListItem","position":1,"name":"Satchel","item":"https:\/\/satchel.eu\/es\/"},{"@type":"ListItem","position":2,"name":"Kit de prensa"}]},{"@type":"WebSite","@id":"https:\/\/satchel.eu\/es\/#website","url":"https:\/\/satchel.eu\/es\/","name":"Satchel","description":"Your money management solution","publisher":{"@id":"https:\/\/satchel.eu\/es\/#organization"},"potentialAction":[{"@type":"SearchAction","target":{"@type":"EntryPoint","urlTemplate":"https:\/\/satchel.eu\/es\/?s={search_term_string}"},"query-input":"required name=search_term_string"}],"inLanguage":"es"},{"@type":"Organization","@id":"https:\/\/satchel.eu\/es\/#organization","name":"Satchel","url":"https:\/\/satchel.eu\/es\/","logo":{"@type":"ImageObject","inLanguage":"es","@id":"https:\/\/satchel.eu\/es\/#\/schema\/logo\/image\/","url":"https:\/\/satchel.eu\/es\/wp-content\/uploads\/sites\/7\/2021\/05\/logo-black.jpg","contentUrl":"https:\/\/satchel.eu\/es\/wp-content\/uploads\/sites\/7\/2021\/05\/logo-black.jpg","width":135,"height":32,"caption":"Satchel"},"image":{"@id":"https:\/\/satchel.eu\/es\/#\/schema\/logo\/image\/"}}]}},"_links":{"self":[{"href":"https:\/\/satchel.eu\/es\/wp-json\/wp\/v2\/pages\/132","targetHints":{"allow":["GET"]}}],"collection":[{"href":"https:\/\/satchel.eu\/es\/wp-json\/wp\/v2\/pages"}],"about":[{"href":"https:\/\/satchel.eu\/es\/wp-json\/wp\/v2\/types\/page"}],"author":[{"embeddable":true,"href":"https:\/\/satchel.eu\/es\/wp-json\/wp\/v2\/users\/5"}],"replies":[{"embeddable":true,"href":"https:\/\/satchel.eu\/es\/wp-json\/wp\/v2\/comments?post=132"}],"version-history":[{"count":12,"href":"https:\/\/satchel.eu\/es\/wp-json\/wp\/v2\/pages\/132\/revisions"}],"predecessor-version":[{"id":6517,"href":"https:\/\/satchel.eu\/es\/wp-json\/wp\/v2\/pages\/132\/revisions\/6517"}],"wp:attachment":[{"href":"https:\/\/satchel.eu\/es\/wp-json\/wp\/v2\/media?parent=132"}],"curies":[{"name":"wp","href":"https:\/\/api.w.org\/{rel}","templated":true}]}}