{"id":4661,"date":"2023-07-11T12:57:45","date_gmt":"2023-07-11T09:57:45","guid":{"rendered":"https:\/\/satchel.eu\/?page_id=4661"},"modified":"2026-04-20T15:49:53","modified_gmt":"2026-04-20T12:49:53","slug":"transferencias-instant-sepa","status":"publish","type":"page","link":"https:\/\/satchel.eu\/es\/transferencias-instant-sepa\/","title":{"rendered":"Transferencias instant\u00e1neas SEPA"},"content":{"rendered":"","protected":false},"excerpt":{"rendered":"","protected":false},"author":5,"featured_media":0,"parent":0,"menu_order":0,"comment_status":"closed","ping_status":"closed","template":"templates\/sepa-instant-transfers-v2.php","meta":{"_acf_changed":false,"footnotes":""},"class_list":["post-4661","page","type-page","status-publish","hentry"],"acf":[],"yoast_head":"<!-- This site is optimized with the Yoast SEO plugin v22.0 - https:\/\/yoast.com\/wordpress\/plugins\/seo\/ -->\n<title>Transferencias SEPA Instant\u00e1neas - Satchel<\/title>\n<meta name=\"description\" content=\"El esquema SEPA Instant Credit Transfer (SCT Inst) permite transferencias en euros en tiempo real, facilitando a\u00fan m\u00e1s la gesti\u00f3n del dinero.\" \/>\n<meta name=\"robots\" content=\"index, follow, max-snippet:-1, max-image-preview:large, max-video-preview:-1\" \/>\n<link rel=\"canonical\" href=\"https:\/\/satchel.eu\/es\/transferencias-instant-sepa\/\" \/>\n<meta property=\"og:locale\" content=\"es_ES\" \/>\n<meta property=\"og:type\" content=\"article\" \/>\n<meta property=\"og:title\" content=\"Transferencias SEPA Instant\u00e1neas - Satchel\" \/>\n<meta property=\"og:description\" content=\"El esquema SEPA Instant Credit Transfer (SCT Inst) permite transferencias en euros en tiempo real, facilitando a\u00fan m\u00e1s la gesti\u00f3n del dinero.\" \/>\n<meta property=\"og:url\" content=\"https:\/\/satchel.eu\/es\/transferencias-instant-sepa\/\" \/>\n<meta property=\"og:site_name\" content=\"Satchel\" \/>\n<meta property=\"article:modified_time\" content=\"2026-04-20T12:49:53+00:00\" \/>\n<meta name=\"twitter:card\" content=\"summary_large_image\" \/>\n<script type=\"application\/ld+json\" class=\"yoast-schema-graph\">{\"@context\":\"https:\/\/schema.org\",\"@graph\":[{\"@type\":\"WebPage\",\"@id\":\"https:\/\/satchel.eu\/es\/transferencias-instant-sepa\/\",\"url\":\"https:\/\/satchel.eu\/es\/transferencias-instant-sepa\/\",\"name\":\"Transferencias SEPA Instant\u00e1neas - Satchel\",\"isPartOf\":{\"@id\":\"https:\/\/satchel.eu\/es\/#website\"},\"datePublished\":\"2023-07-11T09:57:45+00:00\",\"dateModified\":\"2026-04-20T12:49:53+00:00\",\"description\":\"El esquema SEPA Instant Credit Transfer (SCT Inst) permite transferencias en euros en tiempo real, facilitando a\u00fan m\u00e1s la gesti\u00f3n del dinero.\",\"breadcrumb\":{\"@id\":\"https:\/\/satchel.eu\/es\/transferencias-instant-sepa\/#breadcrumb\"},\"inLanguage\":\"es\",\"potentialAction\":[{\"@type\":\"ReadAction\",\"target\":[\"https:\/\/satchel.eu\/es\/transferencias-instant-sepa\/\"]}]},{\"@type\":\"BreadcrumbList\",\"@id\":\"https:\/\/satchel.eu\/es\/transferencias-instant-sepa\/#breadcrumb\",\"itemListElement\":[{\"@type\":\"ListItem\",\"position\":1,\"name\":\"Satchel\",\"item\":\"https:\/\/satchel.eu\/es\/\"},{\"@type\":\"ListItem\",\"position\":2,\"name\":\"Transferencias instant\u00e1neas SEPA\"}]},{\"@type\":\"WebSite\",\"@id\":\"https:\/\/satchel.eu\/es\/#website\",\"url\":\"https:\/\/satchel.eu\/es\/\",\"name\":\"Satchel\",\"description\":\"Your money management solution\",\"publisher\":{\"@id\":\"https:\/\/satchel.eu\/es\/#organization\"},\"potentialAction\":[{\"@type\":\"SearchAction\",\"target\":{\"@type\":\"EntryPoint\",\"urlTemplate\":\"https:\/\/satchel.eu\/es\/?s={search_term_string}\"},\"query-input\":\"required name=search_term_string\"}],\"inLanguage\":\"es\"},{\"@type\":\"Organization\",\"@id\":\"https:\/\/satchel.eu\/es\/#organization\",\"name\":\"Satchel\",\"url\":\"https:\/\/satchel.eu\/es\/\",\"logo\":{\"@type\":\"ImageObject\",\"inLanguage\":\"es\",\"@id\":\"https:\/\/satchel.eu\/es\/#\/schema\/logo\/image\/\",\"url\":\"https:\/\/satchel.eu\/es\/wp-content\/uploads\/sites\/7\/2021\/05\/logo-black.jpg\",\"contentUrl\":\"https:\/\/satchel.eu\/es\/wp-content\/uploads\/sites\/7\/2021\/05\/logo-black.jpg\",\"width\":135,\"height\":32,\"caption\":\"Satchel\"},\"image\":{\"@id\":\"https:\/\/satchel.eu\/es\/#\/schema\/logo\/image\/\"}}]}<\/script>\n<!-- \/ Yoast SEO plugin. -->","yoast_head_json":{"title":"Transferencias SEPA Instant\u00e1neas - Satchel","description":"El esquema SEPA Instant Credit Transfer (SCT Inst) permite transferencias en euros en tiempo real, facilitando a\u00fan m\u00e1s la gesti\u00f3n del dinero.","robots":{"index":"index","follow":"follow","max-snippet":"max-snippet:-1","max-image-preview":"max-image-preview:large","max-video-preview":"max-video-preview:-1"},"canonical":"https:\/\/satchel.eu\/es\/transferencias-instant-sepa\/","og_locale":"es_ES","og_type":"article","og_title":"Transferencias SEPA Instant\u00e1neas - Satchel","og_description":"El esquema SEPA Instant Credit Transfer (SCT Inst) permite transferencias en euros en tiempo real, facilitando a\u00fan m\u00e1s la gesti\u00f3n del dinero.","og_url":"https:\/\/satchel.eu\/es\/transferencias-instant-sepa\/","og_site_name":"Satchel","article_modified_time":"2026-04-20T12:49:53+00:00","twitter_card":"summary_large_image","schema":{"@context":"https:\/\/schema.org","@graph":[{"@type":"WebPage","@id":"https:\/\/satchel.eu\/es\/transferencias-instant-sepa\/","url":"https:\/\/satchel.eu\/es\/transferencias-instant-sepa\/","name":"Transferencias SEPA Instant\u00e1neas - Satchel","isPartOf":{"@id":"https:\/\/satchel.eu\/es\/#website"},"datePublished":"2023-07-11T09:57:45+00:00","dateModified":"2026-04-20T12:49:53+00:00","description":"El esquema SEPA Instant Credit Transfer (SCT Inst) permite transferencias en euros en tiempo real, facilitando a\u00fan m\u00e1s la gesti\u00f3n del dinero.","breadcrumb":{"@id":"https:\/\/satchel.eu\/es\/transferencias-instant-sepa\/#breadcrumb"},"inLanguage":"es","potentialAction":[{"@type":"ReadAction","target":["https:\/\/satchel.eu\/es\/transferencias-instant-sepa\/"]}]},{"@type":"BreadcrumbList","@id":"https:\/\/satchel.eu\/es\/transferencias-instant-sepa\/#breadcrumb","itemListElement":[{"@type":"ListItem","position":1,"name":"Satchel","item":"https:\/\/satchel.eu\/es\/"},{"@type":"ListItem","position":2,"name":"Transferencias instant\u00e1neas SEPA"}]},{"@type":"WebSite","@id":"https:\/\/satchel.eu\/es\/#website","url":"https:\/\/satchel.eu\/es\/","name":"Satchel","description":"Your money management solution","publisher":{"@id":"https:\/\/satchel.eu\/es\/#organization"},"potentialAction":[{"@type":"SearchAction","target":{"@type":"EntryPoint","urlTemplate":"https:\/\/satchel.eu\/es\/?s={search_term_string}"},"query-input":"required name=search_term_string"}],"inLanguage":"es"},{"@type":"Organization","@id":"https:\/\/satchel.eu\/es\/#organization","name":"Satchel","url":"https:\/\/satchel.eu\/es\/","logo":{"@type":"ImageObject","inLanguage":"es","@id":"https:\/\/satchel.eu\/es\/#\/schema\/logo\/image\/","url":"https:\/\/satchel.eu\/es\/wp-content\/uploads\/sites\/7\/2021\/05\/logo-black.jpg","contentUrl":"https:\/\/satchel.eu\/es\/wp-content\/uploads\/sites\/7\/2021\/05\/logo-black.jpg","width":135,"height":32,"caption":"Satchel"},"image":{"@id":"https:\/\/satchel.eu\/es\/#\/schema\/logo\/image\/"}}]}},"_links":{"self":[{"href":"https:\/\/satchel.eu\/es\/wp-json\/wp\/v2\/pages\/4661","targetHints":{"allow":["GET"]}}],"collection":[{"href":"https:\/\/satchel.eu\/es\/wp-json\/wp\/v2\/pages"}],"about":[{"href":"https:\/\/satchel.eu\/es\/wp-json\/wp\/v2\/types\/page"}],"author":[{"embeddable":true,"href":"https:\/\/satchel.eu\/es\/wp-json\/wp\/v2\/users\/5"}],"replies":[{"embeddable":true,"href":"https:\/\/satchel.eu\/es\/wp-json\/wp\/v2\/comments?post=4661"}],"version-history":[{"count":7,"href":"https:\/\/satchel.eu\/es\/wp-json\/wp\/v2\/pages\/4661\/revisions"}],"predecessor-version":[{"id":6497,"href":"https:\/\/satchel.eu\/es\/wp-json\/wp\/v2\/pages\/4661\/revisions\/6497"}],"wp:attachment":[{"href":"https:\/\/satchel.eu\/es\/wp-json\/wp\/v2\/media?parent=4661"}],"curies":[{"name":"wp","href":"https:\/\/api.w.org\/{rel}","templated":true}]}}