{"id":5572,"date":"2024-06-07T16:39:55","date_gmt":"2024-06-07T13:39:55","guid":{"rendered":"https:\/\/satchel.eu\/?page_id=5572"},"modified":"2026-04-20T15:43:06","modified_gmt":"2026-04-20T12:43:06","slug":"cuenta-multi-moneda","status":"publish","type":"page","link":"https:\/\/satchel.eu\/es\/cuenta-multi-moneda\/","title":{"rendered":"Cuenta de m\u00faltiples divisas"},"content":{"rendered":"","protected":false},"excerpt":{"rendered":"","protected":false},"author":5,"featured_media":0,"parent":0,"menu_order":0,"comment_status":"closed","ping_status":"closed","template":"templates\/multi-currency-account.php","meta":{"_acf_changed":false,"footnotes":""},"class_list":["post-5572","page","type-page","status-publish","hentry"],"acf":[],"yoast_head":"<!-- This site is optimized with the Yoast SEO plugin v22.0 - https:\/\/yoast.com\/wordpress\/plugins\/seo\/ -->\n<title>Cuenta \u00fanica multimoneda para todos - Satchel<\/title>\n<meta name=\"description\" content=\"Abre una cuenta multidivisa en l\u00ednea con Satchel y realiza transacciones en m\u00e1s de 20 divisas.\" \/>\n<meta name=\"robots\" content=\"index, follow, max-snippet:-1, max-image-preview:large, max-video-preview:-1\" \/>\n<link rel=\"canonical\" href=\"https:\/\/satchel.eu\/es\/cuenta-multi-moneda\/\" \/>\n<meta property=\"og:locale\" content=\"es_ES\" \/>\n<meta property=\"og:type\" content=\"article\" \/>\n<meta property=\"og:title\" content=\"Cuenta \u00fanica multimoneda para todos - Satchel\" \/>\n<meta property=\"og:description\" content=\"Abre una cuenta multidivisa en l\u00ednea con Satchel y realiza transacciones en m\u00e1s de 20 divisas.\" \/>\n<meta property=\"og:url\" content=\"https:\/\/satchel.eu\/es\/cuenta-multi-moneda\/\" \/>\n<meta property=\"og:site_name\" content=\"Satchel\" \/>\n<meta property=\"article:modified_time\" content=\"2026-04-20T12:43:06+00:00\" \/>\n<meta name=\"twitter:card\" content=\"summary_large_image\" \/>\n<script type=\"application\/ld+json\" class=\"yoast-schema-graph\">{\"@context\":\"https:\/\/schema.org\",\"@graph\":[{\"@type\":\"WebPage\",\"@id\":\"https:\/\/satchel.eu\/es\/cuenta-multi-moneda\/\",\"url\":\"https:\/\/satchel.eu\/es\/cuenta-multi-moneda\/\",\"name\":\"Cuenta \u00fanica multimoneda para todos - Satchel\",\"isPartOf\":{\"@id\":\"https:\/\/satchel.eu\/es\/#website\"},\"datePublished\":\"2024-06-07T13:39:55+00:00\",\"dateModified\":\"2026-04-20T12:43:06+00:00\",\"description\":\"Abre una cuenta multidivisa en l\u00ednea con Satchel y realiza transacciones en m\u00e1s de 20 divisas.\",\"breadcrumb\":{\"@id\":\"https:\/\/satchel.eu\/es\/cuenta-multi-moneda\/#breadcrumb\"},\"inLanguage\":\"es\",\"potentialAction\":[{\"@type\":\"ReadAction\",\"target\":[\"https:\/\/satchel.eu\/es\/cuenta-multi-moneda\/\"]}]},{\"@type\":\"BreadcrumbList\",\"@id\":\"https:\/\/satchel.eu\/es\/cuenta-multi-moneda\/#breadcrumb\",\"itemListElement\":[{\"@type\":\"ListItem\",\"position\":1,\"name\":\"Satchel\",\"item\":\"https:\/\/satchel.eu\/es\/\"},{\"@type\":\"ListItem\",\"position\":2,\"name\":\"Cuenta de m\u00faltiples divisas\"}]},{\"@type\":\"WebSite\",\"@id\":\"https:\/\/satchel.eu\/es\/#website\",\"url\":\"https:\/\/satchel.eu\/es\/\",\"name\":\"Satchel\",\"description\":\"Your money management solution\",\"publisher\":{\"@id\":\"https:\/\/satchel.eu\/es\/#organization\"},\"potentialAction\":[{\"@type\":\"SearchAction\",\"target\":{\"@type\":\"EntryPoint\",\"urlTemplate\":\"https:\/\/satchel.eu\/es\/?s={search_term_string}\"},\"query-input\":\"required name=search_term_string\"}],\"inLanguage\":\"es\"},{\"@type\":\"Organization\",\"@id\":\"https:\/\/satchel.eu\/es\/#organization\",\"name\":\"Satchel\",\"url\":\"https:\/\/satchel.eu\/es\/\",\"logo\":{\"@type\":\"ImageObject\",\"inLanguage\":\"es\",\"@id\":\"https:\/\/satchel.eu\/es\/#\/schema\/logo\/image\/\",\"url\":\"https:\/\/satchel.eu\/es\/wp-content\/uploads\/sites\/7\/2021\/05\/logo-black.jpg\",\"contentUrl\":\"https:\/\/satchel.eu\/es\/wp-content\/uploads\/sites\/7\/2021\/05\/logo-black.jpg\",\"width\":135,\"height\":32,\"caption\":\"Satchel\"},\"image\":{\"@id\":\"https:\/\/satchel.eu\/es\/#\/schema\/logo\/image\/\"}}]}<\/script>\n<!-- \/ Yoast SEO plugin. -->","yoast_head_json":{"title":"Cuenta \u00fanica multimoneda para todos - Satchel","description":"Abre una cuenta multidivisa en l\u00ednea con Satchel y realiza transacciones en m\u00e1s de 20 divisas.","robots":{"index":"index","follow":"follow","max-snippet":"max-snippet:-1","max-image-preview":"max-image-preview:large","max-video-preview":"max-video-preview:-1"},"canonical":"https:\/\/satchel.eu\/es\/cuenta-multi-moneda\/","og_locale":"es_ES","og_type":"article","og_title":"Cuenta \u00fanica multimoneda para todos - Satchel","og_description":"Abre una cuenta multidivisa en l\u00ednea con Satchel y realiza transacciones en m\u00e1s de 20 divisas.","og_url":"https:\/\/satchel.eu\/es\/cuenta-multi-moneda\/","og_site_name":"Satchel","article_modified_time":"2026-04-20T12:43:06+00:00","twitter_card":"summary_large_image","schema":{"@context":"https:\/\/schema.org","@graph":[{"@type":"WebPage","@id":"https:\/\/satchel.eu\/es\/cuenta-multi-moneda\/","url":"https:\/\/satchel.eu\/es\/cuenta-multi-moneda\/","name":"Cuenta \u00fanica multimoneda para todos - Satchel","isPartOf":{"@id":"https:\/\/satchel.eu\/es\/#website"},"datePublished":"2024-06-07T13:39:55+00:00","dateModified":"2026-04-20T12:43:06+00:00","description":"Abre una cuenta multidivisa en l\u00ednea con Satchel y realiza transacciones en m\u00e1s de 20 divisas.","breadcrumb":{"@id":"https:\/\/satchel.eu\/es\/cuenta-multi-moneda\/#breadcrumb"},"inLanguage":"es","potentialAction":[{"@type":"ReadAction","target":["https:\/\/satchel.eu\/es\/cuenta-multi-moneda\/"]}]},{"@type":"BreadcrumbList","@id":"https:\/\/satchel.eu\/es\/cuenta-multi-moneda\/#breadcrumb","itemListElement":[{"@type":"ListItem","position":1,"name":"Satchel","item":"https:\/\/satchel.eu\/es\/"},{"@type":"ListItem","position":2,"name":"Cuenta de m\u00faltiples divisas"}]},{"@type":"WebSite","@id":"https:\/\/satchel.eu\/es\/#website","url":"https:\/\/satchel.eu\/es\/","name":"Satchel","description":"Your money management solution","publisher":{"@id":"https:\/\/satchel.eu\/es\/#organization"},"potentialAction":[{"@type":"SearchAction","target":{"@type":"EntryPoint","urlTemplate":"https:\/\/satchel.eu\/es\/?s={search_term_string}"},"query-input":"required name=search_term_string"}],"inLanguage":"es"},{"@type":"Organization","@id":"https:\/\/satchel.eu\/es\/#organization","name":"Satchel","url":"https:\/\/satchel.eu\/es\/","logo":{"@type":"ImageObject","inLanguage":"es","@id":"https:\/\/satchel.eu\/es\/#\/schema\/logo\/image\/","url":"https:\/\/satchel.eu\/es\/wp-content\/uploads\/sites\/7\/2021\/05\/logo-black.jpg","contentUrl":"https:\/\/satchel.eu\/es\/wp-content\/uploads\/sites\/7\/2021\/05\/logo-black.jpg","width":135,"height":32,"caption":"Satchel"},"image":{"@id":"https:\/\/satchel.eu\/es\/#\/schema\/logo\/image\/"}}]}},"_links":{"self":[{"href":"https:\/\/satchel.eu\/es\/wp-json\/wp\/v2\/pages\/5572","targetHints":{"allow":["GET"]}}],"collection":[{"href":"https:\/\/satchel.eu\/es\/wp-json\/wp\/v2\/pages"}],"about":[{"href":"https:\/\/satchel.eu\/es\/wp-json\/wp\/v2\/types\/page"}],"author":[{"embeddable":true,"href":"https:\/\/satchel.eu\/es\/wp-json\/wp\/v2\/users\/5"}],"replies":[{"embeddable":true,"href":"https:\/\/satchel.eu\/es\/wp-json\/wp\/v2\/comments?post=5572"}],"version-history":[{"count":2,"href":"https:\/\/satchel.eu\/es\/wp-json\/wp\/v2\/pages\/5572\/revisions"}],"predecessor-version":[{"id":6492,"href":"https:\/\/satchel.eu\/es\/wp-json\/wp\/v2\/pages\/5572\/revisions\/6492"}],"wp:attachment":[{"href":"https:\/\/satchel.eu\/es\/wp-json\/wp\/v2\/media?parent=5572"}],"curies":[{"name":"wp","href":"https:\/\/api.w.org\/{rel}","templated":true}]}}