{"id":1652,"date":"2021-04-12T12:28:51","date_gmt":"2021-04-12T09:28:51","guid":{"rendered":"https:\/\/satchel.eu\/?page_id=1652"},"modified":"2026-04-17T15:14:55","modified_gmt":"2026-04-17T12:14:55","slug":"taux-de-change-atm-pos","status":"publish","type":"page","link":"https:\/\/satchel.eu\/fr\/taux-de-change-atm-pos\/","title":{"rendered":"Taux de change appliqu\u00e9s par Satchel aux retraits DAB et paiements par terminal (POS)"},"content":{"rendered":"<section class=\"section pt-45 pt-md-70\">\r\n  <div class=\"container\">\r\n    <div class=\"row\">\r\n      <div class=\"col-lg-12 mx-auto\">\r\n        <h1 class=\"text-center mb-50\">Taux de change appliqu\u00e9s par Satchel aux retraits DAB et paiements par terminal (POS)<\/h1>\r\n      <\/div>\r\n    <\/div>\r\n    <div class=\"row\">\r\n      <div class=\"col-lg-12 mx-auto\">\r\n        <p>Le r\u00e8glement 518\/2019 de l&rsquo;Union europ\u00e9enne (UE) vise \u00e0 accro\u00eetre la transparence des co\u00fbts de conversion des devises pour les paiements par carte dans les pays de l&rsquo;EEE.<\/p>\r\n        <p>Les \u00e9metteurs des pays de l&rsquo;EEE doivent publier sur leur site internet la diff\u00e9rence en pourcentage entre les taux suivants :<\/p>\r\n        \r\n        <div class=\"fees-table fees-table--card mb-30\">\r\n          <div class=\"fees-table__overflow\">\r\n            <table>\r\n              <tr>\r\n                <th class=\"text-left\" align=\"left\" valign=\"middle\">Plan tarifaire<\/th>\r\n                <th class=\"text-right\" align=\"right\" valign=\"middle\">Taux de majoration<\/th>\r\n              <\/tr>\r\n              <tr>\r\n                <td align=\"left\" valign=\"middle\">Fier d&rsquo;\u00eatre Lituanien<\/td>\r\n                <td align=\"right\" valign=\"middle\">1%<\/td>\r\n              <\/tr>\r\n              <tr>\r\n                <td align=\"left\" valign=\"middle\">Regular Spender<\/td>\r\n                <td align=\"right\" valign=\"middle\">1%<\/td>\r\n              <\/tr>\r\n              <tr>\r\n                <td align=\"left\" valign=\"middle\">Utilisateur actif \/ Voyageur<\/td>\r\n                <td align=\"right\" valign=\"middle\">1%<\/td>\r\n              <\/tr>\r\n              <tr>\r\n                <td align=\"left\" valign=\"middle\">Petites et moyennes entreprises<\/td>\r\n                <td align=\"right\" valign=\"middle\">1%<\/td>\r\n              <\/tr>\r\n              <tr>\r\n                <td align=\"left\" valign=\"middle\">Tout tarif douanier (WL)<\/td>\r\n                <td align=\"right\" valign=\"middle\">1%<\/td>\r\n              <\/tr>\r\n            <\/table>\r\n          <\/div>\r\n        <\/div>\r\n        \r\n        <p>Les derniers taux de change de l&rsquo;euro publi\u00e9s (par la Banque centrale europ\u00e9enne). Les taux de change de r\u00e9f\u00e9rence de l&rsquo;euro sont publi\u00e9s par la BCE sur son site Internet et certains services d&rsquo;information financi\u00e8re vers 16h00 CET.<\/p>\r\n        <p>Taux de change de r\u00e9f\u00e9rence de l&rsquo;euro par la BCE :<\/p>\r\n        \r\n        <div class=\"fees-table fees-table--card mb-30\">\r\n          <div class=\"fees-table__overflow\">\r\n            <table>\r\n              <tr>\r\n                <th class=\"text-left\" align=\"left\" valign=\"middle\">Monnaie<\/th>\r\n                <th class=\"text-right\" align=\"right\" valign=\"middle\">Au comptant<\/th>\r\n              <\/tr>\r\n              <tr>\r\n                <td align=\"left\" valign=\"middle\">Dollar am\u00e9ricain<\/td>\r\n                <td align=\"right\" valign=\"middle\">1.2136<\/td>\r\n              <\/tr>\r\n              <tr>\r\n                <td align=\"left\" valign=\"middle\">Yen japonais<\/td>\r\n                <td align=\"right\" valign=\"middle\">127.05<\/td>\r\n              <\/tr>\r\n              <tr>\r\n                <td align=\"left\" valign=\"middle\">Lev bulgare<\/td>\r\n                <td align=\"right\" valign=\"middle\">1.9558<\/td>\r\n              <\/tr>\r\n              <tr>\r\n                <td align=\"left\" valign=\"middle\">Couronne tch\u00e8que<\/td>\r\n                <td align=\"right\" valign=\"middle\">26.020<\/td>\r\n              <\/tr>\r\n              <tr>\r\n                <td align=\"left\" valign=\"middle\">Couronne danoise<\/td>\r\n                <td align=\"right\" valign=\"middle\">7.4370<\/td>\r\n              <\/tr>\r\n              <tr>\r\n                <td align=\"left\" valign=\"middle\">Livre sterling<\/td>\r\n                <td align=\"right\" valign=\"middle\">0.88383<\/td>\r\n              <\/tr>\r\n              <tr>\r\n                <td align=\"left\" valign=\"middle\">Forint hongrois<\/td>\r\n                <td align=\"right\" valign=\"middle\">358.39<\/td>\r\n              <\/tr>\r\n              <tr>\r\n                <td align=\"left\" valign=\"middle\">Zloty polonais<\/td>\r\n                <td align=\"right\" valign=\"middle\">4.5304<\/td>\r\n              <\/tr>\r\n              <tr>\r\n                <td align=\"left\" valign=\"middle\">leu roumain<\/td>\r\n                <td align=\"right\" valign=\"middle\">4.8750<\/td>\r\n              <\/tr>\r\n              <tr>\r\n                <td align=\"left\" valign=\"middle\">Couronne su\u00e9doise<\/td>\r\n                <td align=\"right\" valign=\"middle\">10.1110<\/td>\r\n              <\/tr>\r\n              <tr>\r\n                <td align=\"left\" valign=\"middle\">Franc suisse<\/td>\r\n                <td align=\"right\" valign=\"middle\">1.0798<\/td>\r\n              <\/tr>\r\n              <tr>\r\n                <td align=\"left\" valign=\"middle\">Couronne islandaise<\/td>\r\n                <td align=\"right\" valign=\"middle\">156.10<\/td>\r\n              <\/tr>\r\n              <tr>\r\n                <td align=\"left\" valign=\"middle\">Couronne norv\u00e9gienne<\/td>\r\n                <td align=\"right\" valign=\"middle\">10.3430<\/td>\r\n              <\/tr>\r\n              <!-- <tr>\r\n                <td align=\"left\" valign=\"middle\">Croatian kuna<\/td>\r\n                <td align=\"right\" valign=\"middle\">7.5658<\/td>\r\n              <\/tr> -->\r\n              <!--<tr>\r\n                <td align=\"left\" valign=\"middle\">Russian rouble<\/td>\r\n                <td align=\"right\" valign=\"middle\">91.8979<\/td>\r\n              <\/tr>-->\r\n              <tr>\r\n                <td align=\"left\" valign=\"middle\">Livre turque<\/td>\r\n                <td align=\"right\" valign=\"middle\">8.8772<\/td>\r\n              <\/tr>\r\n              <tr>\r\n                <td align=\"left\" valign=\"middle\">Dollar australien<\/td>\r\n                <td align=\"right\" valign=\"middle\">1.5819<\/td>\r\n              <\/tr>\r\n              <tr>\r\n                <td align=\"left\" valign=\"middle\">R\u00e9al br\u00e9silien<\/td>\r\n                <td align=\"right\" valign=\"middle\">6.6568<\/td>\r\n              <\/tr>\r\n              <tr>\r\n                <td align=\"left\" valign=\"middle\">Dollar canadien<\/td>\r\n                <td align=\"right\" valign=\"middle\">1.5520<\/td>\r\n              <\/tr>\r\n              <tr>\r\n                <td align=\"left\" valign=\"middle\">Yuan chinois renminbi<\/td>\r\n                <td align=\"right\" valign=\"middle\">7.8047<\/td>\r\n              <\/tr>\r\n              <tr>\r\n                <td align=\"left\" valign=\"middle\">Dollar de Hong Kong<\/td>\r\n                <td align=\"right\" valign=\"middle\">9.4093<\/td>\r\n              <\/tr>\r\n              <tr>\r\n                <td align=\"left\" valign=\"middle\">Rupiah indon\u00e9sienne<\/td>\r\n                <td align=\"right\" valign=\"middle\">16994.16<\/td>\r\n              <\/tr>\r\n              <tr>\r\n                <td align=\"left\" valign=\"middle\">Shekel isra\u00e9lien<\/td>\r\n                <td align=\"right\" valign=\"middle\">3.9814<\/td>\r\n              <\/tr>\r\n              <tr>\r\n                <td align=\"left\" valign=\"middle\">Roupie indienne<\/td>\r\n                <td align=\"right\" valign=\"middle\">88.4320<\/td>\r\n              <\/tr>\r\n              <tr>\r\n                <td align=\"left\" valign=\"middle\">Won sud-cor\u00e9en<\/td>\r\n                <td align=\"right\" valign=\"middle\">1354.98<\/td>\r\n              <\/tr>\r\n              <tr>\r\n                <td align=\"left\" valign=\"middle\">Peso mexicain<\/td>\r\n                <td align=\"right\" valign=\"middle\">24.5417<\/td>\r\n              <\/tr>\r\n              <tr>\r\n                <td align=\"left\" valign=\"middle\">Ringgit malaisien<\/td>\r\n                <td align=\"right\" valign=\"middle\">4.9060<\/td>\r\n              <\/tr>\r\n              <tr>\r\n                <td align=\"left\" valign=\"middle\">Dollar n\u00e9o-z\u00e9landais<\/td>\r\n                <td align=\"right\" valign=\"middle\">1.6863<\/td>\r\n              <\/tr>\r\n              <tr>\r\n                <td align=\"left\" valign=\"middle\">Peso philippin<\/td>\r\n                <td align=\"right\" valign=\"middle\">58.333<\/td>\r\n              <\/tr>\r\n              <tr>\r\n                <td align=\"left\" valign=\"middle\">Dollar de Singapour<\/td>\r\n                <td align=\"right\" valign=\"middle\">1.6121<\/td>\r\n              <\/tr>\r\n              <tr>\r\n                <td align=\"left\" valign=\"middle\">Baht tha\u00eflandais<\/td>\r\n                <td align=\"right\" valign=\"middle\">36.287<\/td>\r\n              <\/tr>\r\n              <tr>\r\n                <td align=\"left\" valign=\"middle\">Rand sud-africain<\/td>\r\n                <td align=\"right\" valign=\"middle\">18.3058<\/td>\r\n              <\/tr>\r\n            <\/table>\r\n          <\/div>\r\n        <\/div>\r\n\r\n        <div class=\"fees-notes mt-30 text-center\">\r\n          <a href=\"http:\/\/www.ecb.europa.eu\/stats\/pdf\/exchange\/Frameworkfortheeuroforeignexchangereferencerates.en.pdf?c883afa875c74877fdf4634dcb85688c\" target=\"_blank\" rel=\"noopener noreferrer\" class=\"p-sm2 mb-0\">Informations utiles : Cadre pour les taux de change de r\u00e9f\u00e9rence de l&rsquo;euro<\/a>\r\n        <\/div>\r\n        \r\n      <\/div>\r\n    <\/div>\r\n  <\/div>\r\n<\/section>","protected":false},"excerpt":{"rendered":"Taux de change appliqu\u00e9s par Satchel aux retraits DAB et paiements par terminal (POS) Le r\u00e8glement 518\/2019 de l&rsquo;Union europ\u00e9enne (UE) vise \u00e0 accro\u00eetre la transparence des co\u00fbts de conversion des devises pour les paiements par carte dans les pays de l&rsquo;EEE. Les \u00e9metteurs des pays de l&rsquo;EEE doivent publier sur leur site internet la&#8230;","protected":false},"author":5,"featured_media":0,"parent":0,"menu_order":0,"comment_status":"closed","ping_status":"closed","template":"","meta":{"_acf_changed":false,"footnotes":""},"class_list":["post-1652","page","type-page","status-publish","hentry"],"acf":[],"yoast_head":"<!-- This site is optimized with the Yoast SEO plugin v22.0 - https:\/\/yoast.com\/wordpress\/plugins\/seo\/ -->\n<title>Taux de change ATM\/POS | Satchel<\/title>\n<meta name=\"description\" content=\"Consultez les taux de change appliqu\u00e9s aux retraits et paiements.\" \/>\n<meta name=\"robots\" content=\"index, follow, max-snippet:-1, max-image-preview:large, max-video-preview:-1\" \/>\n<link rel=\"canonical\" href=\"https:\/\/satchel.eu\/fr\/taux-de-change-atm-pos\/\" \/>\n<meta property=\"og:locale\" content=\"fr_FR\" \/>\n<meta property=\"og:type\" content=\"article\" \/>\n<meta property=\"og:title\" content=\"Taux de change ATM\/POS | Satchel\" \/>\n<meta property=\"og:description\" content=\"Consultez les taux de change appliqu\u00e9s aux retraits et paiements.\" \/>\n<meta property=\"og:url\" content=\"https:\/\/satchel.eu\/fr\/taux-de-change-atm-pos\/\" \/>\n<meta property=\"og:site_name\" content=\"Satchel\" \/>\n<meta property=\"article:modified_time\" content=\"2026-04-17T12:14:55+00:00\" \/>\n<meta name=\"twitter:card\" content=\"summary_large_image\" \/>\n<meta name=\"twitter:label1\" content=\"Est. reading time\" \/>\n\t<meta name=\"twitter:data1\" content=\"2 minutes\" \/>\n<script type=\"application\/ld+json\" class=\"yoast-schema-graph\">{\"@context\":\"https:\/\/schema.org\",\"@graph\":[{\"@type\":\"WebPage\",\"@id\":\"https:\/\/satchel.eu\/fr\/taux-de-change-atm-pos\/\",\"url\":\"https:\/\/satchel.eu\/fr\/taux-de-change-atm-pos\/\",\"name\":\"Taux de change ATM\/POS | Satchel\",\"isPartOf\":{\"@id\":\"https:\/\/satchel.eu\/fr\/#website\"},\"datePublished\":\"2021-04-12T09:28:51+00:00\",\"dateModified\":\"2026-04-17T12:14:55+00:00\",\"description\":\"Consultez les taux de change appliqu\u00e9s aux retraits et paiements.\",\"breadcrumb\":{\"@id\":\"https:\/\/satchel.eu\/fr\/taux-de-change-atm-pos\/#breadcrumb\"},\"inLanguage\":\"fr-FR\",\"potentialAction\":[{\"@type\":\"ReadAction\",\"target\":[\"https:\/\/satchel.eu\/fr\/taux-de-change-atm-pos\/\"]}]},{\"@type\":\"BreadcrumbList\",\"@id\":\"https:\/\/satchel.eu\/fr\/taux-de-change-atm-pos\/#breadcrumb\",\"itemListElement\":[{\"@type\":\"ListItem\",\"position\":1,\"name\":\"Satchel\",\"item\":\"https:\/\/satchel.eu\/fr\/\"},{\"@type\":\"ListItem\",\"position\":2,\"name\":\"Taux de change appliqu\u00e9s par Satchel aux retraits DAB et paiements par terminal (POS)\"}]},{\"@type\":\"WebSite\",\"@id\":\"https:\/\/satchel.eu\/fr\/#website\",\"url\":\"https:\/\/satchel.eu\/fr\/\",\"name\":\"Satchel\",\"description\":\"Your money management solution\",\"publisher\":{\"@id\":\"https:\/\/satchel.eu\/fr\/#organization\"},\"potentialAction\":[{\"@type\":\"SearchAction\",\"target\":{\"@type\":\"EntryPoint\",\"urlTemplate\":\"https:\/\/satchel.eu\/fr\/?s={search_term_string}\"},\"query-input\":\"required name=search_term_string\"}],\"inLanguage\":\"fr-FR\"},{\"@type\":\"Organization\",\"@id\":\"https:\/\/satchel.eu\/fr\/#organization\",\"name\":\"Satchel\",\"url\":\"https:\/\/satchel.eu\/fr\/\",\"logo\":{\"@type\":\"ImageObject\",\"inLanguage\":\"fr-FR\",\"@id\":\"https:\/\/satchel.eu\/fr\/#\/schema\/logo\/image\/\",\"url\":\"https:\/\/satchel.eu\/fr\/wp-content\/uploads\/sites\/8\/2021\/05\/logo-black.jpg\",\"contentUrl\":\"https:\/\/satchel.eu\/fr\/wp-content\/uploads\/sites\/8\/2021\/05\/logo-black.jpg\",\"width\":135,\"height\":32,\"caption\":\"Satchel\"},\"image\":{\"@id\":\"https:\/\/satchel.eu\/fr\/#\/schema\/logo\/image\/\"}}]}<\/script>\n<!-- \/ Yoast SEO plugin. -->","yoast_head_json":{"title":"Taux de change ATM\/POS | Satchel","description":"Consultez les taux de change appliqu\u00e9s aux retraits et paiements.","robots":{"index":"index","follow":"follow","max-snippet":"max-snippet:-1","max-image-preview":"max-image-preview:large","max-video-preview":"max-video-preview:-1"},"canonical":"https:\/\/satchel.eu\/fr\/taux-de-change-atm-pos\/","og_locale":"fr_FR","og_type":"article","og_title":"Taux de change ATM\/POS | Satchel","og_description":"Consultez les taux de change appliqu\u00e9s aux retraits et paiements.","og_url":"https:\/\/satchel.eu\/fr\/taux-de-change-atm-pos\/","og_site_name":"Satchel","article_modified_time":"2026-04-17T12:14:55+00:00","twitter_card":"summary_large_image","twitter_misc":{"Est. reading time":"2 minutes"},"schema":{"@context":"https:\/\/schema.org","@graph":[{"@type":"WebPage","@id":"https:\/\/satchel.eu\/fr\/taux-de-change-atm-pos\/","url":"https:\/\/satchel.eu\/fr\/taux-de-change-atm-pos\/","name":"Taux de change ATM\/POS | Satchel","isPartOf":{"@id":"https:\/\/satchel.eu\/fr\/#website"},"datePublished":"2021-04-12T09:28:51+00:00","dateModified":"2026-04-17T12:14:55+00:00","description":"Consultez les taux de change appliqu\u00e9s aux retraits et paiements.","breadcrumb":{"@id":"https:\/\/satchel.eu\/fr\/taux-de-change-atm-pos\/#breadcrumb"},"inLanguage":"fr-FR","potentialAction":[{"@type":"ReadAction","target":["https:\/\/satchel.eu\/fr\/taux-de-change-atm-pos\/"]}]},{"@type":"BreadcrumbList","@id":"https:\/\/satchel.eu\/fr\/taux-de-change-atm-pos\/#breadcrumb","itemListElement":[{"@type":"ListItem","position":1,"name":"Satchel","item":"https:\/\/satchel.eu\/fr\/"},{"@type":"ListItem","position":2,"name":"Taux de change appliqu\u00e9s par Satchel aux retraits DAB et paiements par terminal (POS)"}]},{"@type":"WebSite","@id":"https:\/\/satchel.eu\/fr\/#website","url":"https:\/\/satchel.eu\/fr\/","name":"Satchel","description":"Your money management solution","publisher":{"@id":"https:\/\/satchel.eu\/fr\/#organization"},"potentialAction":[{"@type":"SearchAction","target":{"@type":"EntryPoint","urlTemplate":"https:\/\/satchel.eu\/fr\/?s={search_term_string}"},"query-input":"required name=search_term_string"}],"inLanguage":"fr-FR"},{"@type":"Organization","@id":"https:\/\/satchel.eu\/fr\/#organization","name":"Satchel","url":"https:\/\/satchel.eu\/fr\/","logo":{"@type":"ImageObject","inLanguage":"fr-FR","@id":"https:\/\/satchel.eu\/fr\/#\/schema\/logo\/image\/","url":"https:\/\/satchel.eu\/fr\/wp-content\/uploads\/sites\/8\/2021\/05\/logo-black.jpg","contentUrl":"https:\/\/satchel.eu\/fr\/wp-content\/uploads\/sites\/8\/2021\/05\/logo-black.jpg","width":135,"height":32,"caption":"Satchel"},"image":{"@id":"https:\/\/satchel.eu\/fr\/#\/schema\/logo\/image\/"}}]}},"_links":{"self":[{"href":"https:\/\/satchel.eu\/fr\/wp-json\/wp\/v2\/pages\/1652","targetHints":{"allow":["GET"]}}],"collection":[{"href":"https:\/\/satchel.eu\/fr\/wp-json\/wp\/v2\/pages"}],"about":[{"href":"https:\/\/satchel.eu\/fr\/wp-json\/wp\/v2\/types\/page"}],"author":[{"embeddable":true,"href":"https:\/\/satchel.eu\/fr\/wp-json\/wp\/v2\/users\/5"}],"replies":[{"embeddable":true,"href":"https:\/\/satchel.eu\/fr\/wp-json\/wp\/v2\/comments?post=1652"}],"version-history":[{"count":7,"href":"https:\/\/satchel.eu\/fr\/wp-json\/wp\/v2\/pages\/1652\/revisions"}],"predecessor-version":[{"id":7025,"href":"https:\/\/satchel.eu\/fr\/wp-json\/wp\/v2\/pages\/1652\/revisions\/7025"}],"wp:attachment":[{"href":"https:\/\/satchel.eu\/fr\/wp-json\/wp\/v2\/media?parent=1652"}],"curies":[{"name":"wp","href":"https:\/\/api.w.org\/{rel}","templated":true}]}}