{"id":2519,"date":"2021-11-17T13:21:50","date_gmt":"2021-11-17T11:21:50","guid":{"rendered":"https:\/\/satchel.eu\/?page_id=2519"},"modified":"2026-04-17T15:16:43","modified_gmt":"2026-04-17T12:16:43","slug":"gagner-de-largent","status":"publish","type":"page","link":"https:\/\/satchel.eu\/fr\/gagner-de-largent\/","title":{"rendered":"Makemoney"},"content":{"rendered":"","protected":false},"excerpt":{"rendered":"","protected":false},"author":5,"featured_media":0,"parent":0,"menu_order":0,"comment_status":"closed","ping_status":"closed","template":"templates\/template-makemoney.php","meta":{"_acf_changed":false,"footnotes":""},"class_list":["post-2519","page","type-page","status-publish","hentry"],"acf":[],"yoast_head":"<!-- This site is optimized with the Yoast SEO plugin v22.0 - https:\/\/yoast.com\/wordpress\/plugins\/seo\/ -->\n<title>Gagnez de l\u2019argent avec Satchel<\/title>\n<meta name=\"description\" content=\"D\u00e9couvrez comment g\u00e9n\u00e9rer des revenus avec Satchel.\" \/>\n<meta name=\"robots\" content=\"noindex, nofollow\" \/>\n<meta property=\"og:locale\" content=\"fr_FR\" \/>\n<meta property=\"og:type\" content=\"article\" \/>\n<meta property=\"og:title\" content=\"Gagnez de l\u2019argent avec Satchel\" \/>\n<meta property=\"og:description\" content=\"D\u00e9couvrez comment g\u00e9n\u00e9rer des revenus avec Satchel.\" \/>\n<meta property=\"og:url\" content=\"https:\/\/satchel.eu\/fr\/gagner-de-largent\/\" \/>\n<meta property=\"og:site_name\" content=\"Satchel\" \/>\n<meta property=\"article:modified_time\" content=\"2026-04-17T12:16:43+00:00\" \/>\n<meta name=\"twitter:card\" content=\"summary_large_image\" \/>\n<script type=\"application\/ld+json\" class=\"yoast-schema-graph\">{\"@context\":\"https:\/\/schema.org\",\"@graph\":[{\"@type\":\"WebPage\",\"@id\":\"https:\/\/satchel.eu\/fr\/gagner-de-largent\/\",\"url\":\"https:\/\/satchel.eu\/fr\/gagner-de-largent\/\",\"name\":\"Gagnez de l\u2019argent avec Satchel\",\"isPartOf\":{\"@id\":\"https:\/\/satchel.eu\/fr\/#website\"},\"datePublished\":\"2021-11-17T11:21:50+00:00\",\"dateModified\":\"2026-04-17T12:16:43+00:00\",\"description\":\"D\u00e9couvrez comment g\u00e9n\u00e9rer des revenus avec Satchel.\",\"breadcrumb\":{\"@id\":\"https:\/\/satchel.eu\/fr\/gagner-de-largent\/#breadcrumb\"},\"inLanguage\":\"fr-FR\",\"potentialAction\":[{\"@type\":\"ReadAction\",\"target\":[\"https:\/\/satchel.eu\/fr\/gagner-de-largent\/\"]}]},{\"@type\":\"BreadcrumbList\",\"@id\":\"https:\/\/satchel.eu\/fr\/gagner-de-largent\/#breadcrumb\",\"itemListElement\":[{\"@type\":\"ListItem\",\"position\":1,\"name\":\"Satchel\",\"item\":\"https:\/\/satchel.eu\/fr\/\"},{\"@type\":\"ListItem\",\"position\":2,\"name\":\"Makemoney\"}]},{\"@type\":\"WebSite\",\"@id\":\"https:\/\/satchel.eu\/fr\/#website\",\"url\":\"https:\/\/satchel.eu\/fr\/\",\"name\":\"Satchel\",\"description\":\"Your money management solution\",\"publisher\":{\"@id\":\"https:\/\/satchel.eu\/fr\/#organization\"},\"potentialAction\":[{\"@type\":\"SearchAction\",\"target\":{\"@type\":\"EntryPoint\",\"urlTemplate\":\"https:\/\/satchel.eu\/fr\/?s={search_term_string}\"},\"query-input\":\"required name=search_term_string\"}],\"inLanguage\":\"fr-FR\"},{\"@type\":\"Organization\",\"@id\":\"https:\/\/satchel.eu\/fr\/#organization\",\"name\":\"Satchel\",\"url\":\"https:\/\/satchel.eu\/fr\/\",\"logo\":{\"@type\":\"ImageObject\",\"inLanguage\":\"fr-FR\",\"@id\":\"https:\/\/satchel.eu\/fr\/#\/schema\/logo\/image\/\",\"url\":\"https:\/\/satchel.eu\/fr\/wp-content\/uploads\/sites\/8\/2021\/05\/logo-black.jpg\",\"contentUrl\":\"https:\/\/satchel.eu\/fr\/wp-content\/uploads\/sites\/8\/2021\/05\/logo-black.jpg\",\"width\":135,\"height\":32,\"caption\":\"Satchel\"},\"image\":{\"@id\":\"https:\/\/satchel.eu\/fr\/#\/schema\/logo\/image\/\"}}]}<\/script>\n<!-- \/ Yoast SEO plugin. -->","yoast_head_json":{"title":"Gagnez de l\u2019argent avec Satchel","description":"D\u00e9couvrez comment g\u00e9n\u00e9rer des revenus avec Satchel.","robots":{"index":"noindex","follow":"nofollow"},"og_locale":"fr_FR","og_type":"article","og_title":"Gagnez de l\u2019argent avec Satchel","og_description":"D\u00e9couvrez comment g\u00e9n\u00e9rer des revenus avec Satchel.","og_url":"https:\/\/satchel.eu\/fr\/gagner-de-largent\/","og_site_name":"Satchel","article_modified_time":"2026-04-17T12:16:43+00:00","twitter_card":"summary_large_image","schema":{"@context":"https:\/\/schema.org","@graph":[{"@type":"WebPage","@id":"https:\/\/satchel.eu\/fr\/gagner-de-largent\/","url":"https:\/\/satchel.eu\/fr\/gagner-de-largent\/","name":"Gagnez de l\u2019argent avec Satchel","isPartOf":{"@id":"https:\/\/satchel.eu\/fr\/#website"},"datePublished":"2021-11-17T11:21:50+00:00","dateModified":"2026-04-17T12:16:43+00:00","description":"D\u00e9couvrez comment g\u00e9n\u00e9rer des revenus avec Satchel.","breadcrumb":{"@id":"https:\/\/satchel.eu\/fr\/gagner-de-largent\/#breadcrumb"},"inLanguage":"fr-FR","potentialAction":[{"@type":"ReadAction","target":["https:\/\/satchel.eu\/fr\/gagner-de-largent\/"]}]},{"@type":"BreadcrumbList","@id":"https:\/\/satchel.eu\/fr\/gagner-de-largent\/#breadcrumb","itemListElement":[{"@type":"ListItem","position":1,"name":"Satchel","item":"https:\/\/satchel.eu\/fr\/"},{"@type":"ListItem","position":2,"name":"Makemoney"}]},{"@type":"WebSite","@id":"https:\/\/satchel.eu\/fr\/#website","url":"https:\/\/satchel.eu\/fr\/","name":"Satchel","description":"Your money management solution","publisher":{"@id":"https:\/\/satchel.eu\/fr\/#organization"},"potentialAction":[{"@type":"SearchAction","target":{"@type":"EntryPoint","urlTemplate":"https:\/\/satchel.eu\/fr\/?s={search_term_string}"},"query-input":"required name=search_term_string"}],"inLanguage":"fr-FR"},{"@type":"Organization","@id":"https:\/\/satchel.eu\/fr\/#organization","name":"Satchel","url":"https:\/\/satchel.eu\/fr\/","logo":{"@type":"ImageObject","inLanguage":"fr-FR","@id":"https:\/\/satchel.eu\/fr\/#\/schema\/logo\/image\/","url":"https:\/\/satchel.eu\/fr\/wp-content\/uploads\/sites\/8\/2021\/05\/logo-black.jpg","contentUrl":"https:\/\/satchel.eu\/fr\/wp-content\/uploads\/sites\/8\/2021\/05\/logo-black.jpg","width":135,"height":32,"caption":"Satchel"},"image":{"@id":"https:\/\/satchel.eu\/fr\/#\/schema\/logo\/image\/"}}]}},"_links":{"self":[{"href":"https:\/\/satchel.eu\/fr\/wp-json\/wp\/v2\/pages\/2519","targetHints":{"allow":["GET"]}}],"collection":[{"href":"https:\/\/satchel.eu\/fr\/wp-json\/wp\/v2\/pages"}],"about":[{"href":"https:\/\/satchel.eu\/fr\/wp-json\/wp\/v2\/types\/page"}],"author":[{"embeddable":true,"href":"https:\/\/satchel.eu\/fr\/wp-json\/wp\/v2\/users\/5"}],"replies":[{"embeddable":true,"href":"https:\/\/satchel.eu\/fr\/wp-json\/wp\/v2\/comments?post=2519"}],"version-history":[{"count":1,"href":"https:\/\/satchel.eu\/fr\/wp-json\/wp\/v2\/pages\/2519\/revisions"}],"predecessor-version":[{"id":2520,"href":"https:\/\/satchel.eu\/fr\/wp-json\/wp\/v2\/pages\/2519\/revisions\/2520"}],"wp:attachment":[{"href":"https:\/\/satchel.eu\/fr\/wp-json\/wp\/v2\/media?parent=2519"}],"curies":[{"name":"wp","href":"https:\/\/api.w.org\/{rel}","templated":true}]}}