{"id":3949,"date":"2023-01-11T13:47:47","date_gmt":"2023-01-11T11:47:47","guid":{"rendered":"https:\/\/satchel.eu\/?page_id=3949"},"modified":"2026-04-17T15:21:24","modified_gmt":"2026-04-17T12:21:24","slug":"releve-de-compte-et-recu-de-transaction","status":"publish","type":"page","link":"https:\/\/satchel.eu\/fr\/faq\/releve-de-compte-et-recu-de-transaction\/","title":{"rendered":"Relev\u00e9 de compte et un re\u00e7u de transaction"},"content":{"rendered":"<section class=\"section\">\r\n  <div class=\"container\">\r\n    <div class=\"row\">\r\n      <div class=\"col-lg-10 mx-auto\">\r\n\r\n        <h1 class=\"mb-50\">Comment t\u00e9l\u00e9charger un relev\u00e9 de compte et un re\u00e7u de transaction ?<\/h1>\r\n\r\n        <h2>Relev\u00e9 de compte<\/h2>\r\n        <p class=\"p-md\">Chaque client a la possibilit\u00e9 de t\u00e9l\u00e9charger un relev\u00e9 de son compte particulier qui indique les transactions effectu\u00e9es pendant la p\u00e9riode s\u00e9lectionn\u00e9e.<\/p>\r\n        <p class=\"p-md\"><b>\u00c9tape 1. Acc\u00e9dez \u00e0 l'onglet \u00ab Tous les comptes \u00bb dans le menu lat\u00e9ral<\/b><\/p>\r\n        <p class=\"p-md\">\r\n          <picture>\r\n            <source\r\n              srcset=\"data:image\/gif;base64,R0lGODlhAQABAAAAACH5BAEKAAEALAAAAAABAAEAAAICTAEAOw==\"\r\n              data-srcset=\"https:\/\/satchel.eu\/fr\/wp-content\/themes\/satchel\/public\/img\/webp\/faq\/account-statement-transaction-receipt\/img1-min.webp\"\r\n              type=\"image\/webp\" \/>\r\n            <source\r\n              srcset=\"data:image\/gif;base64,R0lGODlhAQABAAAAACH5BAEKAAEALAAAAAABAAEAAAICTAEAOw==\"\r\n              data-srcset=\"https:\/\/satchel.eu\/fr\/wp-content\/themes\/satchel\/public\/img\/faq\/account-statement-transaction-receipt\/img1-min.jpg\"\r\n              type=\"image\/jpg\" \/>\r\n            <img decoding=\"async\"\r\n              src=\"data:image\/gif;base64,R0lGODlhAQABAAAAACH5BAEKAAEALAAAAAABAAEAAAICTAEAOw==\"\r\n              data-src=\"https:\/\/satchel.eu\/fr\/wp-content\/themes\/satchel\/public\/img\/faq\/account-statement-transaction-receipt\/img1-min.jpg\"\r\n              width=\"768\" height=\"359\"\r\n              class=\"lazyload\"\r\n              alt=\"\" \/>\r\n          <\/picture>\r\n        <\/p>\r\n        <p class=\"p-md\"><b>\u00c9tape 2. S\u00e9lectionnez le compte pour lequel vous souhaitez g\u00e9n\u00e9rer un relev\u00e9<\/b><\/p>\r\n        <p class=\"p-md\"><b>\u00c9tape 3. Cliquez sur le bouton \u00ab T\u00e9l\u00e9charger le relev\u00e9 \u00bb<\/b><\/p>\r\n        <p class=\"p-md\">\r\n          <picture>\r\n            <source\r\n              srcset=\"data:image\/gif;base64,R0lGODlhAQABAAAAACH5BAEKAAEALAAAAAABAAEAAAICTAEAOw==\"\r\n              data-srcset=\"https:\/\/satchel.eu\/fr\/wp-content\/themes\/satchel\/public\/img\/webp\/faq\/account-statement-transaction-receipt\/img2-min.webp\"\r\n              type=\"image\/webp\" \/>\r\n            <source\r\n              srcset=\"data:image\/gif;base64,R0lGODlhAQABAAAAACH5BAEKAAEALAAAAAABAAEAAAICTAEAOw==\"\r\n              data-srcset=\"https:\/\/satchel.eu\/fr\/wp-content\/themes\/satchel\/public\/img\/faq\/account-statement-transaction-receipt\/img2-min.jpg\"\r\n              type=\"image\/jpg\" \/>\r\n            <img decoding=\"async\"\r\n              src=\"data:image\/gif;base64,R0lGODlhAQABAAAAACH5BAEKAAEALAAAAAABAAEAAAICTAEAOw==\"\r\n              data-src=\"https:\/\/satchel.eu\/fr\/wp-content\/themes\/satchel\/public\/img\/faq\/account-statement-transaction-receipt\/img2-min.jpg\"\r\n              width=\"768\" height=\"364\"\r\n              class=\"lazyload\"\r\n              alt=\"\" \/>\r\n          <\/picture>\r\n        <\/p>\r\n        <p class=\"p-md\"><b>\u00c9tape 4. S\u00e9lectionnez la p\u00e9riode pour laquelle le rapport sera g\u00e9n\u00e9r\u00e9<\/b><\/p>\r\n        <p class=\"p-md\">Veuillez noter que les dates du rapport ne peuvent \u00eatre d\u00e9finies que pour la p\u00e9riode d'un an figurant sur votre relev\u00e9 de compte.<\/p>\r\n        <p class=\"p-md\">\r\n          <picture>\r\n            <source\r\n              srcset=\"data:image\/gif;base64,R0lGODlhAQABAAAAACH5BAEKAAEALAAAAAABAAEAAAICTAEAOw==\"\r\n              data-srcset=\"https:\/\/satchel.eu\/fr\/wp-content\/themes\/satchel\/public\/img\/webp\/faq\/account-statement-transaction-receipt\/img3-min.webp\"\r\n              type=\"image\/webp\" \/>\r\n            <source\r\n              srcset=\"data:image\/gif;base64,R0lGODlhAQABAAAAACH5BAEKAAEALAAAAAABAAEAAAICTAEAOw==\"\r\n              data-srcset=\"https:\/\/satchel.eu\/fr\/wp-content\/themes\/satchel\/public\/img\/faq\/account-statement-transaction-receipt\/img3-min.jpg\"\r\n              type=\"image\/jpg\" \/>\r\n            <img decoding=\"async\"\r\n              src=\"data:image\/gif;base64,R0lGODlhAQABAAAAACH5BAEKAAEALAAAAAABAAEAAAICTAEAOw==\"\r\n              data-src=\"https:\/\/satchel.eu\/fr\/wp-content\/themes\/satchel\/public\/img\/faq\/account-statement-transaction-receipt\/img3-min.jpg\"\r\n              width=\"768\" height=\"337\"\r\n              class=\"lazyload\"\r\n              alt=\"\" \/>\r\n          <\/picture>\r\n        <\/p>\r\n        <p class=\"p-md\"><b>\u00c9tape 5. S\u00e9lectionnez le format souhait\u00e9 pour le fichier et cliquez sur \u00ab T\u00e9l\u00e9charger \u00bb. Le fichier sera automatiquement t\u00e9l\u00e9charg\u00e9 sur votre PC.<\/b><\/p>\r\n        \r\n        <h2>Re\u00e7u de transaction<\/h2>\r\n        <p class=\"p-md\">En plus de g\u00e9n\u00e9rer le relev\u00e9 pour l'ensemble du compte, les utilisateurs peuvent \u00e9galement g\u00e9n\u00e9rer un re\u00e7u pour une transaction sp\u00e9cifique dans le compte s\u00e9lectionn\u00e9 ou \u00e0 partir de l'onglet \u00ab Historique \u00bb.<\/p>\r\n        <p class=\"p-md\"><b>\u00c9tape 1. Cliquez sur une transaction<\/b><\/p>\r\n        <p class=\"p-md\">REMARQUE : l'option permettant de g\u00e9n\u00e9rer le re\u00e7u de transaction n'est disponible que pour les paiements enti\u00e8rement trait\u00e9s. Vous ne pouvez pas t\u00e9l\u00e9charger le re\u00e7u des transactions rejet\u00e9es ou en cours de traitement.<\/p>\r\n        <p class=\"p-md\">\r\n          <picture>\r\n            <source\r\n              srcset=\"data:image\/gif;base64,R0lGODlhAQABAAAAACH5BAEKAAEALAAAAAABAAEAAAICTAEAOw==\"\r\n              data-srcset=\"https:\/\/satchel.eu\/fr\/wp-content\/themes\/satchel\/public\/img\/webp\/faq\/account-statement-transaction-receipt\/img4-min.webp\"\r\n              type=\"image\/webp\" \/>\r\n            <source\r\n              srcset=\"data:image\/gif;base64,R0lGODlhAQABAAAAACH5BAEKAAEALAAAAAABAAEAAAICTAEAOw==\"\r\n              data-srcset=\"https:\/\/satchel.eu\/fr\/wp-content\/themes\/satchel\/public\/img\/faq\/account-statement-transaction-receipt\/img4-min.jpg\"\r\n              type=\"image\/jpg\" \/>\r\n            <img decoding=\"async\"\r\n              src=\"data:image\/gif;base64,R0lGODlhAQABAAAAACH5BAEKAAEALAAAAAABAAEAAAICTAEAOw==\"\r\n              data-src=\"https:\/\/satchel.eu\/fr\/wp-content\/themes\/satchel\/public\/img\/faq\/account-statement-transaction-receipt\/img4-min.jpg\"\r\n              width=\"768\" height=\"369\"\r\n              class=\"lazyload\"\r\n              alt=\"\" \/>\r\n          <\/picture>\r\n        <\/p>\r\n        <p class=\"p-md\"><b>\u00c9tape 2. Cliquez sur \u00ab T\u00e9l\u00e9charger le re\u00e7u \u00bb<\/b><\/p>\r\n        <p class=\"p-md\">Le re\u00e7u sera t\u00e9l\u00e9charg\u00e9 sous forme de document PDF contenant les d\u00e9tails de ce paiement particulier.<\/p>\r\n\r\n      <\/div>\r\n    <\/div>\r\n  <\/div>\r\n<\/section>","protected":false},"excerpt":{"rendered":"Comment t\u00e9l\u00e9charger un relev\u00e9 de compte et un re\u00e7u de transaction ? Relev\u00e9 de compte Chaque client a la possibilit\u00e9 de t\u00e9l\u00e9charger un relev\u00e9 de son compte particulier qui indique les transactions effectu\u00e9es pendant la p\u00e9riode s\u00e9lectionn\u00e9e. \u00c9tape 1. Acc\u00e9dez \u00e0 l'onglet \u00ab Tous les comptes \u00bb dans le menu lat\u00e9ral \u00c9tape 2. S\u00e9lectionnez le...","protected":false},"author":5,"featured_media":0,"parent":99,"menu_order":0,"comment_status":"closed","ping_status":"closed","template":"","meta":{"_acf_changed":false,"footnotes":""},"class_list":["post-3949","page","type-page","status-publish","hentry"],"acf":[],"yoast_head":"<!-- This site is optimized with the Yoast SEO plugin v22.0 - https:\/\/yoast.com\/wordpress\/plugins\/seo\/ -->\n<title>FAQ \u2013 Relev\u00e9s et re\u00e7us<\/title>\n<meta name=\"description\" content=\"Informations sur relev\u00e9s de compte et transactions.\" \/>\n<meta name=\"robots\" content=\"index, follow, max-snippet:-1, max-image-preview:large, max-video-preview:-1\" \/>\n<link rel=\"canonical\" href=\"https:\/\/satchel.eu\/fr\/faq\/releve-de-compte-et-recu-de-transaction\/\" \/>\n<meta property=\"og:locale\" content=\"fr_FR\" \/>\n<meta property=\"og:type\" content=\"article\" \/>\n<meta property=\"og:title\" content=\"FAQ \u2013 Relev\u00e9s et re\u00e7us\" \/>\n<meta property=\"og:description\" content=\"Informations sur relev\u00e9s de compte et transactions.\" \/>\n<meta property=\"og:url\" content=\"https:\/\/satchel.eu\/fr\/faq\/releve-de-compte-et-recu-de-transaction\/\" \/>\n<meta property=\"og:site_name\" content=\"Satchel\" \/>\n<meta property=\"article:modified_time\" content=\"2026-04-17T12:21:24+00:00\" \/>\n<meta name=\"twitter:card\" content=\"summary_large_image\" \/>\n<meta name=\"twitter:label1\" content=\"Est. reading time\" \/>\n\t<meta name=\"twitter:data1\" content=\"3 minutes\" \/>\n<script type=\"application\/ld+json\" class=\"yoast-schema-graph\">{\"@context\":\"https:\/\/schema.org\",\"@graph\":[{\"@type\":\"WebPage\",\"@id\":\"https:\/\/satchel.eu\/fr\/faq\/releve-de-compte-et-recu-de-transaction\/\",\"url\":\"https:\/\/satchel.eu\/fr\/faq\/releve-de-compte-et-recu-de-transaction\/\",\"name\":\"FAQ \u2013 Relev\u00e9s et re\u00e7us\",\"isPartOf\":{\"@id\":\"https:\/\/satchel.eu\/fr\/#website\"},\"datePublished\":\"2023-01-11T11:47:47+00:00\",\"dateModified\":\"2026-04-17T12:21:24+00:00\",\"description\":\"Informations sur relev\u00e9s de compte et transactions.\",\"breadcrumb\":{\"@id\":\"https:\/\/satchel.eu\/fr\/faq\/releve-de-compte-et-recu-de-transaction\/#breadcrumb\"},\"inLanguage\":\"fr-FR\",\"potentialAction\":[{\"@type\":\"ReadAction\",\"target\":[\"https:\/\/satchel.eu\/fr\/faq\/releve-de-compte-et-recu-de-transaction\/\"]}]},{\"@type\":\"BreadcrumbList\",\"@id\":\"https:\/\/satchel.eu\/fr\/faq\/releve-de-compte-et-recu-de-transaction\/#breadcrumb\",\"itemListElement\":[{\"@type\":\"ListItem\",\"position\":1,\"name\":\"Satchel\",\"item\":\"https:\/\/satchel.eu\/fr\/\"},{\"@type\":\"ListItem\",\"position\":2,\"name\":\"Perguntas Frequentes\",\"item\":\"https:\/\/satchel.eu\/fr\/faq\/\"},{\"@type\":\"ListItem\",\"position\":3,\"name\":\"Relev\u00e9 de compte et un re\u00e7u de transaction\"}]},{\"@type\":\"WebSite\",\"@id\":\"https:\/\/satchel.eu\/fr\/#website\",\"url\":\"https:\/\/satchel.eu\/fr\/\",\"name\":\"Satchel\",\"description\":\"Your money management solution\",\"publisher\":{\"@id\":\"https:\/\/satchel.eu\/fr\/#organization\"},\"potentialAction\":[{\"@type\":\"SearchAction\",\"target\":{\"@type\":\"EntryPoint\",\"urlTemplate\":\"https:\/\/satchel.eu\/fr\/?s={search_term_string}\"},\"query-input\":\"required name=search_term_string\"}],\"inLanguage\":\"fr-FR\"},{\"@type\":\"Organization\",\"@id\":\"https:\/\/satchel.eu\/fr\/#organization\",\"name\":\"Satchel\",\"url\":\"https:\/\/satchel.eu\/fr\/\",\"logo\":{\"@type\":\"ImageObject\",\"inLanguage\":\"fr-FR\",\"@id\":\"https:\/\/satchel.eu\/fr\/#\/schema\/logo\/image\/\",\"url\":\"https:\/\/satchel.eu\/fr\/wp-content\/uploads\/sites\/8\/2021\/05\/logo-black.jpg\",\"contentUrl\":\"https:\/\/satchel.eu\/fr\/wp-content\/uploads\/sites\/8\/2021\/05\/logo-black.jpg\",\"width\":135,\"height\":32,\"caption\":\"Satchel\"},\"image\":{\"@id\":\"https:\/\/satchel.eu\/fr\/#\/schema\/logo\/image\/\"}}]}<\/script>\n<!-- \/ Yoast SEO plugin. -->","yoast_head_json":{"title":"FAQ \u2013 Relev\u00e9s et re\u00e7us","description":"Informations sur relev\u00e9s de compte et transactions.","robots":{"index":"index","follow":"follow","max-snippet":"max-snippet:-1","max-image-preview":"max-image-preview:large","max-video-preview":"max-video-preview:-1"},"canonical":"https:\/\/satchel.eu\/fr\/faq\/releve-de-compte-et-recu-de-transaction\/","og_locale":"fr_FR","og_type":"article","og_title":"FAQ \u2013 Relev\u00e9s et re\u00e7us","og_description":"Informations sur relev\u00e9s de compte et transactions.","og_url":"https:\/\/satchel.eu\/fr\/faq\/releve-de-compte-et-recu-de-transaction\/","og_site_name":"Satchel","article_modified_time":"2026-04-17T12:21:24+00:00","twitter_card":"summary_large_image","twitter_misc":{"Est. reading time":"3 minutes"},"schema":{"@context":"https:\/\/schema.org","@graph":[{"@type":"WebPage","@id":"https:\/\/satchel.eu\/fr\/faq\/releve-de-compte-et-recu-de-transaction\/","url":"https:\/\/satchel.eu\/fr\/faq\/releve-de-compte-et-recu-de-transaction\/","name":"FAQ \u2013 Relev\u00e9s et re\u00e7us","isPartOf":{"@id":"https:\/\/satchel.eu\/fr\/#website"},"datePublished":"2023-01-11T11:47:47+00:00","dateModified":"2026-04-17T12:21:24+00:00","description":"Informations sur relev\u00e9s de compte et transactions.","breadcrumb":{"@id":"https:\/\/satchel.eu\/fr\/faq\/releve-de-compte-et-recu-de-transaction\/#breadcrumb"},"inLanguage":"fr-FR","potentialAction":[{"@type":"ReadAction","target":["https:\/\/satchel.eu\/fr\/faq\/releve-de-compte-et-recu-de-transaction\/"]}]},{"@type":"BreadcrumbList","@id":"https:\/\/satchel.eu\/fr\/faq\/releve-de-compte-et-recu-de-transaction\/#breadcrumb","itemListElement":[{"@type":"ListItem","position":1,"name":"Satchel","item":"https:\/\/satchel.eu\/fr\/"},{"@type":"ListItem","position":2,"name":"Perguntas Frequentes","item":"https:\/\/satchel.eu\/fr\/faq\/"},{"@type":"ListItem","position":3,"name":"Relev\u00e9 de compte et un re\u00e7u de transaction"}]},{"@type":"WebSite","@id":"https:\/\/satchel.eu\/fr\/#website","url":"https:\/\/satchel.eu\/fr\/","name":"Satchel","description":"Your money management solution","publisher":{"@id":"https:\/\/satchel.eu\/fr\/#organization"},"potentialAction":[{"@type":"SearchAction","target":{"@type":"EntryPoint","urlTemplate":"https:\/\/satchel.eu\/fr\/?s={search_term_string}"},"query-input":"required name=search_term_string"}],"inLanguage":"fr-FR"},{"@type":"Organization","@id":"https:\/\/satchel.eu\/fr\/#organization","name":"Satchel","url":"https:\/\/satchel.eu\/fr\/","logo":{"@type":"ImageObject","inLanguage":"fr-FR","@id":"https:\/\/satchel.eu\/fr\/#\/schema\/logo\/image\/","url":"https:\/\/satchel.eu\/fr\/wp-content\/uploads\/sites\/8\/2021\/05\/logo-black.jpg","contentUrl":"https:\/\/satchel.eu\/fr\/wp-content\/uploads\/sites\/8\/2021\/05\/logo-black.jpg","width":135,"height":32,"caption":"Satchel"},"image":{"@id":"https:\/\/satchel.eu\/fr\/#\/schema\/logo\/image\/"}}]}},"_links":{"self":[{"href":"https:\/\/satchel.eu\/fr\/wp-json\/wp\/v2\/pages\/3949","targetHints":{"allow":["GET"]}}],"collection":[{"href":"https:\/\/satchel.eu\/fr\/wp-json\/wp\/v2\/pages"}],"about":[{"href":"https:\/\/satchel.eu\/fr\/wp-json\/wp\/v2\/types\/page"}],"author":[{"embeddable":true,"href":"https:\/\/satchel.eu\/fr\/wp-json\/wp\/v2\/users\/5"}],"replies":[{"embeddable":true,"href":"https:\/\/satchel.eu\/fr\/wp-json\/wp\/v2\/comments?post=3949"}],"version-history":[{"count":3,"href":"https:\/\/satchel.eu\/fr\/wp-json\/wp\/v2\/pages\/3949\/revisions"}],"predecessor-version":[{"id":7021,"href":"https:\/\/satchel.eu\/fr\/wp-json\/wp\/v2\/pages\/3949\/revisions\/7021"}],"up":[{"embeddable":true,"href":"https:\/\/satchel.eu\/fr\/wp-json\/wp\/v2\/pages\/99"}],"wp:attachment":[{"href":"https:\/\/satchel.eu\/fr\/wp-json\/wp\/v2\/media?parent=3949"}],"curies":[{"name":"wp","href":"https:\/\/api.w.org\/{rel}","templated":true}]}}