{"id":112,"date":"2021-03-02T20:07:55","date_gmt":"2021-03-02T18:07:55","guid":{"rendered":"https:\/\/satchel.eu\/?page_id=112"},"modified":"2025-12-08T14:17:09","modified_gmt":"2025-12-08T12:17:09","slug":"documents-set-for-business","status":"publish","type":"page","link":"https:\/\/satchel.eu\/it\/documents-set-for-business\/","title":{"rendered":"Documentazione necessaria per le aziende"},"content":{"rendered":"<section class=\"section mh-lg-460px d-lg-flex align-items-lg-center\">\n<div class=\"container\">\n<div class=\"row\">\n<div class=\"col-lg-12 mx-auto\">\n<h1 class=\"mb-0 text-center\">Elenco della documentazione necessaria per aprire un conto business<\/h1>\n<\/p><\/div>\n<\/p><\/div>\n<div class=\"d-flex align-items-center justify-content-center mt-30\">\n      <a href=\"#section2\" class=\"js-scroll-to\"><img decoding=\"async\" class=\"lazyload\" data-src=\"https:\/\/satchel.eu\/it\/wp-content\/themes\/satchel\/public\/img\/hero-scroll-down-icon.svg?v=2.5\" src=\"data:image\/gif;base64,R0lGODlhAQABAAAAACH5BAEKAAEALAAAAAABAAEAAAICTAEAOw==\" alt><\/a>\n    <\/div>\n<\/p><\/div>\n<\/section>\n<section class=\"section\" id=\"section2\">\n<div class=\"container no-grayscale\">\n<div class=\"row\">\n<div class=\"col-md-8 col-lg-6 offset-lg-1\">\n<h2 class=\"col-lg-15 px-0 mb-15\">Documentazione necessaria:<\/h2>\n<\/p><\/div>\n<\/p><\/div>\n<div class=\"row\">\n<div class=\"col-md-8 col-lg-6 offset-lg-1 mb-md-0 mb-30\">\n<p>1. Modulo di richiesta (da compilare online).<\/p>\n<p>2. Copia scansionata a colori in alta qualit\u00e0 del passaporto del titolare. La scansione di un documento d&#8217;identit\u00e0 (fronte e retro) sar\u00e0 accettata soltanto per cittadini o residenti dell&#8217;UE o del SEE.<\/p>\n<p>3. Prova dell&#8217;indirizzo di residenza (qualsiasi bolletta emessa non prima di 90 giorni rispetto all&#8217;invio del modulo di richiesta), lettera di referenza bancaria, estratto conto bancario tradotto in inglese o lituano.<\/p>\n<p class=\"mb-10\">4. Descrizione dettagliata dell&#8217;attivit\u00e0:<\/p>\n<ul class=\"list mb-30\">\n<li>Fonte dei fondi;<\/li>\n<li>Sito;<\/li>\n<li>Natura dei bonifici in entrata e in uscita;<\/li>\n<li>Con quali Paesi ti interfaccerai?<\/li>\n<li>Materiali di marketing (biglietti da visita, brochure, presentazioni, eccetera).<\/li>\n<\/ul>\n<p class=\"mb-10\">5. Documenti aziendali:<\/p>\n<ul class=\"list mb-30\">\n<li>Certificato di costituzione della societ\u00e0;<\/li>\n<li>Atto costitutivo e Statuto aziendale;<\/li>\n<li>Nomina di amministratori e azionisti;<\/li>\n<li>Certificato di titolarit\u00e0 e\/o di buona reputazione (per aziende esistenti da pi\u00f9 di 1 anno);<\/li>\n<li>Qualsiasi altro documento aziendale importante a seconda del Paese di registrazione.<\/li>\n<\/ul>\n<p>6. Documenti complementari e giustificativi su clienti e fornitori (fatture, contratti, bozze di contratto).<\/p>\n<p>7. Documenti complementari e giustificativi sul finanziamento iniziale (se il primo bonifico viene effettuato da una banca, \u00e8 necessario un estratto conto; se viene effettuato da un partner, \u00e8 necessaria una fattura o un contratto).<\/p>\n<p>8. Verifica dell&#8217;identit\u00e0 tramite Onfido.<\/p>\n<\/p><\/div>\n<div class=\"col-md-8 col-lg-6 offset-lg-1\">\n<p class=\"h4 mb-30\">Requisiti del passaporto<\/p>\n<div class=\"d-flex flex-row flex-wrap\">\n<div class=\"d-flex align-items-center w-100 w-md-50 pr-md-20 mb-25\"><img decoding=\"async\" class=\"lazyload mr-15 mw-48px mh-48px w-48px h-48px\" data-src=\"https:\/\/satchel.eu\/it\/wp-content\/themes\/satchel\/public\/img\/sleu-kit-icons-y-high-resolution.svg?v=2.5\" src=\"data:image\/gif;base64,R0lGODlhAQABAAAAACH5BAEKAAEALAAAAAABAAEAAAICTAEAOw==\" alt><\/p>\n<p class=\"p-md mb-0\">Copia scansionata a colori in alta risoluzione<\/p>\n<\/p><\/div>\n<div class=\"d-flex align-items-center w-100 w-md-50 pl-md-20 mb-25\"><img decoding=\"async\" class=\"lazyload mr-15 mw-48px mh-48px w-48px h-48px\" data-src=\"https:\/\/satchel.eu\/it\/wp-content\/themes\/satchel\/public\/img\/sleu-kit-icons-y-white-background.svg?v=2.5\" src=\"data:image\/gif;base64,R0lGODlhAQABAAAAACH5BAEKAAEALAAAAAABAAEAAAICTAEAOw==\" alt><\/p>\n<p class=\"p-md mb-0\">Sfondo bianco<\/p>\n<\/p><\/div>\n<div class=\"d-flex align-items-center w-100 w-md-50 pr-md-20 mb-25 mb-md-0\"><img decoding=\"async\" class=\"lazyload mr-15 mw-48px mh-48px w-48px h-48px\" data-src=\"https:\/\/satchel.eu\/it\/wp-content\/themes\/satchel\/public\/img\/sleu-kit-icons-y-document.svg?v=2.5\" src=\"data:image\/gif;base64,R0lGODlhAQABAAAAACH5BAEKAAEALAAAAAABAAEAAAICTAEAOw==\" alt><\/p>\n<p class=\"p-md mb-0\">Formato: PDF o PNG<\/p>\n<\/p><\/div>\n<div class=\"d-flex align-items-center w-100 w-md-50 pl-md-20\"><img decoding=\"async\" class=\"lazyload mr-15 mw-48px mh-48px w-48px h-48px\" data-src=\"https:\/\/satchel.eu\/it\/wp-content\/themes\/satchel\/public\/img\/sleu-kit-icons-y-do-not-cut-2.svg?v=2.5\" src=\"data:image\/gif;base64,R0lGODlhAQABAAAAACH5BAEKAAEALAAAAAABAAEAAAICTAEAOw==\" alt><\/p>\n<p class=\"p-md mb-0\">Nessun ritaglio (tutte le zone e gli angoli devono essere chiaramente visibili)<\/p>\n<\/p><\/div>\n<\/p><\/div>\n<p><a class=\"btn btn-primary d-inline-flex d-md-none mt-15\" href=\"https:\/\/satchel.eu\/it\/security\">Maggiori informazioni sulla sicurezza<\/a>\n      <\/div>\n<\/p><\/div>\n<\/p><\/div>\n<div class=\"container mt-md-90 mt-45\">\n<h2 class=\"text-center mb-15\">Tutto pronto per aprire un conto aziendale?<\/h2>\n<div class=\"row\">\n<div class=\"col-lg-14 mx-auto\">\n<p class=\"text-center\">Clicca sul pulsante sottostante per avviare la richiesta di registrazione.<\/p>\n<div class=\"text-center\"><a class=\"btn btn-primary js-business-acc-opening-link\" href=\"https:\/\/my.satchel.eu\/#\/registration\/business\/\">Apri un conto business<\/a><\/div>\n<\/p><\/div>\n<\/p><\/div>\n<\/p><\/div>\n<\/section>\n","protected":false},"excerpt":{"rendered":"<p>Elenco della documentazione necessaria per aprire un conto business Documentazione necessaria: 1. Modulo di richiesta (da compilare online). 2. Copia scansionata a colori in alta qualit\u00e0 del passaporto del titolare. La scansione di un documento d&#8217;identit\u00e0 (fronte e retro) sar\u00e0 accettata soltanto per cittadini o residenti dell&#8217;UE o del SEE. 3. Prova dell&#8217;indirizzo di residenza&#8230;<\/p>\n","protected":false},"author":5,"featured_media":0,"parent":0,"menu_order":0,"comment_status":"closed","ping_status":"closed","template":"templates\/documents-set-for-business.php","meta":{"_acf_changed":false,"footnotes":""},"class_list":["post-112","page","type-page","status-publish","hentry"],"acf":[],"yoast_head":"<!-- This site is optimized with the Yoast SEO plugin v22.0 - https:\/\/yoast.com\/wordpress\/plugins\/seo\/ -->\n<title>Documenti per l&#039;apertura del conto aziendale | Satchel.eu<\/title>\n<meta name=\"description\" content=\"Apri il tuo conto business con Satchel da remoto, in poche ore, in pochi semplici passaggi.\" \/>\n<meta name=\"robots\" content=\"index, follow, max-snippet:-1, max-image-preview:large, max-video-preview:-1\" \/>\n<link rel=\"canonical\" href=\"https:\/\/satchel.eu\/it\/documents-set-for-business\/\" \/>\n<meta property=\"og:locale\" content=\"it_IT\" \/>\n<meta property=\"og:type\" content=\"article\" \/>\n<meta property=\"og:title\" content=\"Documenti per l&#039;apertura del conto aziendale | Satchel.eu\" \/>\n<meta property=\"og:description\" content=\"Apri il tuo conto business con Satchel da remoto, in poche ore, in pochi semplici passaggi.\" \/>\n<meta property=\"og:url\" content=\"https:\/\/satchel.eu\/it\/documents-set-for-business\/\" \/>\n<meta property=\"og:site_name\" content=\"Satchel\" \/>\n<meta property=\"article:modified_time\" content=\"2025-12-08T12:17:09+00:00\" \/>\n<meta name=\"twitter:card\" content=\"summary_large_image\" \/>\n<script type=\"application\/ld+json\" class=\"yoast-schema-graph\">{\"@context\":\"https:\/\/schema.org\",\"@graph\":[{\"@type\":\"WebPage\",\"@id\":\"https:\/\/satchel.eu\/it\/documents-set-for-business\/\",\"url\":\"https:\/\/satchel.eu\/it\/documents-set-for-business\/\",\"name\":\"Documenti per l'apertura del conto aziendale | Satchel.eu\",\"isPartOf\":{\"@id\":\"https:\/\/satchel.eu\/it\/#website\"},\"datePublished\":\"2021-03-02T18:07:55+00:00\",\"dateModified\":\"2025-12-08T12:17:09+00:00\",\"description\":\"Apri il tuo conto business con Satchel da remoto, in poche ore, in pochi semplici passaggi.\",\"breadcrumb\":{\"@id\":\"https:\/\/satchel.eu\/it\/documents-set-for-business\/#breadcrumb\"},\"inLanguage\":\"it-IT\",\"potentialAction\":[{\"@type\":\"ReadAction\",\"target\":[\"https:\/\/satchel.eu\/it\/documents-set-for-business\/\"]}]},{\"@type\":\"BreadcrumbList\",\"@id\":\"https:\/\/satchel.eu\/it\/documents-set-for-business\/#breadcrumb\",\"itemListElement\":[{\"@type\":\"ListItem\",\"position\":1,\"name\":\"Satchel\",\"item\":\"https:\/\/satchel.eu\/it\/\"},{\"@type\":\"ListItem\",\"position\":2,\"name\":\"Documentazione necessaria per le aziende\"}]},{\"@type\":\"WebSite\",\"@id\":\"https:\/\/satchel.eu\/it\/#website\",\"url\":\"https:\/\/satchel.eu\/it\/\",\"name\":\"Satchel\",\"description\":\"Your money management solution\",\"publisher\":{\"@id\":\"https:\/\/satchel.eu\/it\/#organization\"},\"potentialAction\":[{\"@type\":\"SearchAction\",\"target\":{\"@type\":\"EntryPoint\",\"urlTemplate\":\"https:\/\/satchel.eu\/it\/?s={search_term_string}\"},\"query-input\":\"required name=search_term_string\"}],\"inLanguage\":\"it-IT\"},{\"@type\":\"Organization\",\"@id\":\"https:\/\/satchel.eu\/it\/#organization\",\"name\":\"Satchel\",\"url\":\"https:\/\/satchel.eu\/it\/\",\"logo\":{\"@type\":\"ImageObject\",\"inLanguage\":\"it-IT\",\"@id\":\"https:\/\/satchel.eu\/it\/#\/schema\/logo\/image\/\",\"url\":\"https:\/\/satchel.eu\/it\/wp-content\/uploads\/sites\/4\/2021\/05\/logo-black.jpg\",\"contentUrl\":\"https:\/\/satchel.eu\/it\/wp-content\/uploads\/sites\/4\/2021\/05\/logo-black.jpg\",\"width\":135,\"height\":32,\"caption\":\"Satchel\"},\"image\":{\"@id\":\"https:\/\/satchel.eu\/it\/#\/schema\/logo\/image\/\"}}]}<\/script>\n<!-- \/ Yoast SEO plugin. -->","yoast_head_json":{"title":"Documenti per l'apertura del conto aziendale | Satchel.eu","description":"Apri il tuo conto business con Satchel da remoto, in poche ore, in pochi semplici passaggi.","robots":{"index":"index","follow":"follow","max-snippet":"max-snippet:-1","max-image-preview":"max-image-preview:large","max-video-preview":"max-video-preview:-1"},"canonical":"https:\/\/satchel.eu\/it\/documents-set-for-business\/","og_locale":"it_IT","og_type":"article","og_title":"Documenti per l'apertura del conto aziendale | Satchel.eu","og_description":"Apri il tuo conto business con Satchel da remoto, in poche ore, in pochi semplici passaggi.","og_url":"https:\/\/satchel.eu\/it\/documents-set-for-business\/","og_site_name":"Satchel","article_modified_time":"2025-12-08T12:17:09+00:00","twitter_card":"summary_large_image","schema":{"@context":"https:\/\/schema.org","@graph":[{"@type":"WebPage","@id":"https:\/\/satchel.eu\/it\/documents-set-for-business\/","url":"https:\/\/satchel.eu\/it\/documents-set-for-business\/","name":"Documenti per l'apertura del conto aziendale | Satchel.eu","isPartOf":{"@id":"https:\/\/satchel.eu\/it\/#website"},"datePublished":"2021-03-02T18:07:55+00:00","dateModified":"2025-12-08T12:17:09+00:00","description":"Apri il tuo conto business con Satchel da remoto, in poche ore, in pochi semplici passaggi.","breadcrumb":{"@id":"https:\/\/satchel.eu\/it\/documents-set-for-business\/#breadcrumb"},"inLanguage":"it-IT","potentialAction":[{"@type":"ReadAction","target":["https:\/\/satchel.eu\/it\/documents-set-for-business\/"]}]},{"@type":"BreadcrumbList","@id":"https:\/\/satchel.eu\/it\/documents-set-for-business\/#breadcrumb","itemListElement":[{"@type":"ListItem","position":1,"name":"Satchel","item":"https:\/\/satchel.eu\/it\/"},{"@type":"ListItem","position":2,"name":"Documentazione necessaria per le aziende"}]},{"@type":"WebSite","@id":"https:\/\/satchel.eu\/it\/#website","url":"https:\/\/satchel.eu\/it\/","name":"Satchel","description":"Your money management solution","publisher":{"@id":"https:\/\/satchel.eu\/it\/#organization"},"potentialAction":[{"@type":"SearchAction","target":{"@type":"EntryPoint","urlTemplate":"https:\/\/satchel.eu\/it\/?s={search_term_string}"},"query-input":"required name=search_term_string"}],"inLanguage":"it-IT"},{"@type":"Organization","@id":"https:\/\/satchel.eu\/it\/#organization","name":"Satchel","url":"https:\/\/satchel.eu\/it\/","logo":{"@type":"ImageObject","inLanguage":"it-IT","@id":"https:\/\/satchel.eu\/it\/#\/schema\/logo\/image\/","url":"https:\/\/satchel.eu\/it\/wp-content\/uploads\/sites\/4\/2021\/05\/logo-black.jpg","contentUrl":"https:\/\/satchel.eu\/it\/wp-content\/uploads\/sites\/4\/2021\/05\/logo-black.jpg","width":135,"height":32,"caption":"Satchel"},"image":{"@id":"https:\/\/satchel.eu\/it\/#\/schema\/logo\/image\/"}}]}},"_links":{"self":[{"href":"https:\/\/satchel.eu\/it\/wp-json\/wp\/v2\/pages\/112","targetHints":{"allow":["GET"]}}],"collection":[{"href":"https:\/\/satchel.eu\/it\/wp-json\/wp\/v2\/pages"}],"about":[{"href":"https:\/\/satchel.eu\/it\/wp-json\/wp\/v2\/types\/page"}],"author":[{"embeddable":true,"href":"https:\/\/satchel.eu\/it\/wp-json\/wp\/v2\/users\/5"}],"replies":[{"embeddable":true,"href":"https:\/\/satchel.eu\/it\/wp-json\/wp\/v2\/comments?post=112"}],"version-history":[{"count":12,"href":"https:\/\/satchel.eu\/it\/wp-json\/wp\/v2\/pages\/112\/revisions"}],"predecessor-version":[{"id":4383,"href":"https:\/\/satchel.eu\/it\/wp-json\/wp\/v2\/pages\/112\/revisions\/4383"}],"wp:attachment":[{"href":"https:\/\/satchel.eu\/it\/wp-json\/wp\/v2\/media?parent=112"}],"curies":[{"name":"wp","href":"https:\/\/api.w.org\/{rel}","templated":true}]}}