{"id":141,"date":"2021-03-02T20:37:01","date_gmt":"2021-03-02T18:37:01","guid":{"rendered":"https:\/\/satchel.eu\/?page_id=141"},"modified":"2025-12-08T14:39:05","modified_gmt":"2025-12-08T12:39:05","slug":"security","status":"publish","type":"page","link":"https:\/\/satchel.eu\/it\/security\/","title":{"rendered":"Sicurezza"},"content":{"rendered":"<section class=\"section mh-lg-460px d-lg-flex align-items-lg-center\">\n<div class=\"container\">\n<div class=\"row\">\n<div class=\"col-lg-12 mx-auto\">\n<h1 class=\"mb-15 text-center\">Sicurezza smart per proteggere il tuo denaro al 100%<\/h1>\n<p class=\"mb-0 text-center\">Satchel opera con una licenza EMI europea rilasciata dalla Banca di Lituania. Una garanzia che i tuoi fondi siano sempre protetti.<\/p>\n<\/p><\/div>\n<\/p><\/div>\n<div class=\"d-flex align-items-center justify-content-center mt-30\">\n      <a href=\"#section2\" class=\"js-scroll-to\"><img decoding=\"async\" class=\"lazyload\" data-src=\"https:\/\/satchel.eu\/it\/wp-content\/themes\/satchel\/public\/img\/hero-scroll-down-icon.svg?v=2.5\" src=\"data:image\/gif;base64,R0lGODlhAQABAAAAACH5BAEKAAEALAAAAAABAAEAAAICTAEAOw==\" alt><\/a>\n    <\/div>\n<\/p><\/div>\n<\/section>\n<section class=\"section\" id=\"section2\">\n<div class=\"container\">\n<div class=\"row align-items-center\">\n<div class=\"col-md-9 col-lg-6 offset-lg-2 mb-md-0 mb-30\">\n<h2 class=\"mb-15\">Soluzione cloud<\/h2>\n<p class=\"mb-0\">Abbiamo messo in atto politiche e controlli di decentramento che garantiscono la protezione completa dei dati degli utenti da potenziali minacce. Puoi essere certo che il cloud stia in guardia per garantire la tua sicurezza ogni volta che interagisci con Satchel tramite i punti vendita digitali o se esegui un qualsiasi altro tipo di operazione.<\/p>\n<\/p><\/div>\n<div class=\"col-md-7 col-lg-6 offset-lg-1 text-md-right\"><img decoding=\"async\" class=\"lazyload\" data-src=\"https:\/\/satchel.eu\/it\/wp-content\/themes\/satchel\/public\/img\/cloud-solution@2x.png\" width=\"352\" src=\"data:image\/gif;base64,R0lGODlhAQABAAAAACH5BAEKAAEALAAAAAABAAEAAAICTAEAOw==\" alt><\/div>\n<\/p><\/div>\n<\/p><\/div>\n<\/section>\n<section class=\"section\">\n<div class=\"container\">\n<div class=\"row align-items-center\">\n<div class=\"col-md-7 col-lg-6 offset-lg-2 order-2 order-md-1\"><img decoding=\"async\" class=\"lazyload\" data-src=\"https:\/\/satchel.eu\/it\/wp-content\/themes\/satchel\/public\/img\/2fa@2x.png\" width=\"332\" src=\"data:image\/gif;base64,R0lGODlhAQABAAAAACH5BAEKAAEALAAAAAABAAEAAAICTAEAOw==\" alt><\/div>\n<div class=\"col-md-9 col-lg-6 offset-lg-1 mb-md-0 mb-30 order-1 order-md-2\">\n<h2 class=\"mb-15\">Autenticazione a due fattori (2FA)<\/h2>\n<p class=\"mb-0\">L&#8217;abilitazione dell&#8217;autenticazione a due fattori ci ha permesso di aggiungere un ulteriore livello di sicurezza alla procedura di accesso. \u00c8 quasi impossibile per i criminali informatici mettere le mani sui tuoi dati personali. La tua password \u00e8 stata compromessa? Non sar\u00e0 comunque sufficiente a entrare nel tuo conto Satchel.<\/p>\n<\/p><\/div>\n<\/p><\/div>\n<\/p><\/div>\n<\/section>\n<section class=\"section\">\n<div class=\"container\">\n<div class=\"row align-items-center\">\n<div class=\"col-md-9 col-lg-6 offset-lg-2 mb-md-0 mb-30\">\n<h2 class=\"mb-15\">3D Secure (3DS)<\/h2>\n<p class=\"mb-0\">Questo strumento di sicurezza avanzato si attiva ogni volta che effettui un acquisto o un pagamento online verificando che ci sia effettivamente tu dall&#8217;altra parte dello schermo. Si tratta di un passaggio addizionale di autenticazione che ci consente di confermare in tutta sicurezza la tua transazione online.<\/p>\n<\/p><\/div>\n<div class=\"col-md-7 col-lg-6 offset-lg-1 text-md-right\"><img decoding=\"async\" class=\"lazyload\" data-src=\"https:\/\/satchel.eu\/it\/wp-content\/themes\/satchel\/public\/img\/3d-secure@2x.png\" width=\"264\" src=\"data:image\/gif;base64,R0lGODlhAQABAAAAACH5BAEKAAEALAAAAAABAAEAAAICTAEAOw==\" alt><\/div>\n<\/p><\/div>\n<\/p><\/div>\n<\/section>\n<section class=\"section\">\n<div class=\"container\">\n<div class=\"row align-items-center\">\n<div class=\"col-md-7 col-lg-6 offset-lg-2 order-2 order-md-1\"><img decoding=\"async\" class=\"lazyload\" data-src=\"https:\/\/satchel.eu\/it\/wp-content\/themes\/satchel\/public\/img\/segregated-accounts@2x.png\" width=\"256\" src=\"data:image\/gif;base64,R0lGODlhAQABAAAAACH5BAEKAAEALAAAAAABAAEAAAICTAEAOw==\" alt><\/div>\n<div class=\"col-md-9 col-lg-6 offset-lg-1 mb-md-0 mb-30 order-1 order-md-2\">\n<h2 class=\"mb-15\">Conti segregati<\/h2>\n<p class=\"mb-0\">La licenza di Satchel ci porta a custodire il denaro dei clienti in un conto segregato presso la Banca di Lituania. Abbiamo eliminato qualsiasi dubbio da parte tua sulla sicurezza dell&#8217;ubicazione dei fondi.<\/p>\n<\/p><\/div>\n<\/p><\/div>\n<\/p><\/div>\n<\/section>\n<section class=\"section\">\n<div class=\"container\">\n<div class=\"row align-items-center\">\n<div class=\"col-md-9 col-lg-6 offset-lg-2 mb-md-0 mb-30\">\n<h2 class=\"mb-15\">Software e procedure antifrode<\/h2>\n<p class=\"mb-0\">Si tratta di alcune tra le funzionalit\u00e0 di sicurezza pi\u00f9 importanti tra quelle che abbiamo messo in atto. Il software, insieme a una serie di procedure speciali, ci aiuta a rilevare e a prevenire qualsiasi attivit\u00e0 pericolosa che possa potenzialmente danneggiare i tuoi fondi.<\/p>\n<\/p><\/div>\n<div class=\"col-md-7 col-lg-6 offset-lg-1 text-md-right\"><img decoding=\"async\" class=\"lazyload\" data-src=\"https:\/\/satchel.eu\/it\/wp-content\/themes\/satchel\/public\/img\/anti-fraud@2x.png\" width=\"306\" src=\"data:image\/gif;base64,R0lGODlhAQABAAAAACH5BAEKAAEALAAAAAABAAEAAAICTAEAOw==\" alt><\/div>\n<\/p><\/div>\n<\/p><\/div>\n<\/section>\n<section class=\"section\">\n<div class=\"container\">\n<div class=\"row align-items-center\">\n<div class=\"col-md-7 col-lg-6 offset-lg-2 order-2 order-md-1 d-md-block d-none\"><img decoding=\"async\" class=\"lazyload\" data-src=\"https:\/\/satchel.eu\/it\/wp-content\/themes\/satchel\/public\/img\/support.jpg\" width=\"360\" height=\"282\" src=\"data:image\/gif;base64,R0lGODlhAQABAAAAACH5BAEKAAEALAAAAAABAAEAAAICTAEAOw==\" alt><\/div>\n<div class=\"col-md-9 col-lg-7 offset-lg-0 mb-md-0 mb-30 order-1 order-md-2\">\n<h2 class=\"mb-15\">Assistenza clienti che c&#8217;\u00e8 sempre per te<\/h2>\n<p class=\"mb-25\">Sei ancora preoccupato per la sicurezza del tuo denaro o dei tuoi dati sensibili? Ti invitiamo a contattare l&#8217;assistenza clienti di Satchel.<\/p>\n<div class=\"d-flex justify-content-center justify-content-md-start flex-column flex-sm-row\">\n          <a class=\"btn btn-primary mr-sm-20 mb-10 mb-sm-0\" href=\"https:\/\/satchel.eu\/it\/contact-us\/\">Centro assistenza<\/a><br \/>\n          <a class=\"btn btn-primary mr-sm-20 mb-10 mb-sm-0\" href=\"https:\/\/satchel.eu\/it\/faq\/\">Domande frequenti<\/a><br \/>\n          <a class=\"btn btn-outline-primary btn-outline-primary--contact\" href=\"tel:+37052141818\">+370 5214 1818<\/a>\n        <\/div>\n<\/p><\/div>\n<\/p><\/div>\n<\/p><\/div>\n<\/section>\n","protected":false},"excerpt":{"rendered":"<p>Sicurezza smart per proteggere il tuo denaro al 100% Satchel opera con una licenza EMI europea rilasciata dalla Banca di Lituania. Una garanzia che i tuoi fondi siano sempre protetti. Soluzione cloud Abbiamo messo in atto politiche e controlli di decentramento che garantiscono la protezione completa dei dati degli utenti da potenziali minacce. Puoi essere&#8230;<\/p>\n","protected":false},"author":5,"featured_media":0,"parent":0,"menu_order":0,"comment_status":"closed","ping_status":"closed","template":"templates\/security.php","meta":{"_acf_changed":false,"footnotes":""},"class_list":["post-141","page","type-page","status-publish","hentry"],"acf":[],"yoast_head":"<!-- This site is optimized with the Yoast SEO plugin v22.0 - https:\/\/yoast.com\/wordpress\/plugins\/seo\/ -->\n<title>Sicurezza - Satchel - Your money management solution<\/title>\n<meta name=\"description\" content=\"Scopri le soluzioni di sicurezza di Satchel.eu: protezione avanzata per il tuo denaro, garantendo transazioni sicure e affidabili.\" \/>\n<meta name=\"robots\" content=\"index, follow, max-snippet:-1, max-image-preview:large, max-video-preview:-1\" \/>\n<link rel=\"canonical\" href=\"https:\/\/satchel.eu\/it\/security\/\" \/>\n<meta property=\"og:locale\" content=\"it_IT\" \/>\n<meta property=\"og:type\" content=\"article\" \/>\n<meta property=\"og:title\" content=\"Sicurezza - Satchel - Your money management solution\" \/>\n<meta property=\"og:description\" content=\"Scopri le soluzioni di sicurezza di Satchel.eu: protezione avanzata per il tuo denaro, garantendo transazioni sicure e affidabili.\" \/>\n<meta property=\"og:url\" content=\"https:\/\/satchel.eu\/it\/security\/\" \/>\n<meta property=\"og:site_name\" content=\"Satchel\" \/>\n<meta property=\"article:modified_time\" content=\"2025-12-08T12:39:05+00:00\" \/>\n<meta name=\"twitter:card\" content=\"summary_large_image\" \/>\n<script type=\"application\/ld+json\" class=\"yoast-schema-graph\">{\"@context\":\"https:\/\/schema.org\",\"@graph\":[{\"@type\":\"WebPage\",\"@id\":\"https:\/\/satchel.eu\/it\/security\/\",\"url\":\"https:\/\/satchel.eu\/it\/security\/\",\"name\":\"Sicurezza - Satchel - Your money management solution\",\"isPartOf\":{\"@id\":\"https:\/\/satchel.eu\/it\/#website\"},\"datePublished\":\"2021-03-02T18:37:01+00:00\",\"dateModified\":\"2025-12-08T12:39:05+00:00\",\"description\":\"Scopri le soluzioni di sicurezza di Satchel.eu: protezione avanzata per il tuo denaro, garantendo transazioni sicure e affidabili.\",\"breadcrumb\":{\"@id\":\"https:\/\/satchel.eu\/it\/security\/#breadcrumb\"},\"inLanguage\":\"it-IT\",\"potentialAction\":[{\"@type\":\"ReadAction\",\"target\":[\"https:\/\/satchel.eu\/it\/security\/\"]}]},{\"@type\":\"BreadcrumbList\",\"@id\":\"https:\/\/satchel.eu\/it\/security\/#breadcrumb\",\"itemListElement\":[{\"@type\":\"ListItem\",\"position\":1,\"name\":\"Satchel\",\"item\":\"https:\/\/satchel.eu\/it\/\"},{\"@type\":\"ListItem\",\"position\":2,\"name\":\"Sicurezza\"}]},{\"@type\":\"WebSite\",\"@id\":\"https:\/\/satchel.eu\/it\/#website\",\"url\":\"https:\/\/satchel.eu\/it\/\",\"name\":\"Satchel\",\"description\":\"Your money management solution\",\"publisher\":{\"@id\":\"https:\/\/satchel.eu\/it\/#organization\"},\"potentialAction\":[{\"@type\":\"SearchAction\",\"target\":{\"@type\":\"EntryPoint\",\"urlTemplate\":\"https:\/\/satchel.eu\/it\/?s={search_term_string}\"},\"query-input\":\"required name=search_term_string\"}],\"inLanguage\":\"it-IT\"},{\"@type\":\"Organization\",\"@id\":\"https:\/\/satchel.eu\/it\/#organization\",\"name\":\"Satchel\",\"url\":\"https:\/\/satchel.eu\/it\/\",\"logo\":{\"@type\":\"ImageObject\",\"inLanguage\":\"it-IT\",\"@id\":\"https:\/\/satchel.eu\/it\/#\/schema\/logo\/image\/\",\"url\":\"https:\/\/satchel.eu\/it\/wp-content\/uploads\/sites\/4\/2021\/05\/logo-black.jpg\",\"contentUrl\":\"https:\/\/satchel.eu\/it\/wp-content\/uploads\/sites\/4\/2021\/05\/logo-black.jpg\",\"width\":135,\"height\":32,\"caption\":\"Satchel\"},\"image\":{\"@id\":\"https:\/\/satchel.eu\/it\/#\/schema\/logo\/image\/\"}}]}<\/script>\n<!-- \/ Yoast SEO plugin. -->","yoast_head_json":{"title":"Sicurezza - Satchel - Your money management solution","description":"Scopri le soluzioni di sicurezza di Satchel.eu: protezione avanzata per il tuo denaro, garantendo transazioni sicure e affidabili.","robots":{"index":"index","follow":"follow","max-snippet":"max-snippet:-1","max-image-preview":"max-image-preview:large","max-video-preview":"max-video-preview:-1"},"canonical":"https:\/\/satchel.eu\/it\/security\/","og_locale":"it_IT","og_type":"article","og_title":"Sicurezza - Satchel - Your money management solution","og_description":"Scopri le soluzioni di sicurezza di Satchel.eu: protezione avanzata per il tuo denaro, garantendo transazioni sicure e affidabili.","og_url":"https:\/\/satchel.eu\/it\/security\/","og_site_name":"Satchel","article_modified_time":"2025-12-08T12:39:05+00:00","twitter_card":"summary_large_image","schema":{"@context":"https:\/\/schema.org","@graph":[{"@type":"WebPage","@id":"https:\/\/satchel.eu\/it\/security\/","url":"https:\/\/satchel.eu\/it\/security\/","name":"Sicurezza - Satchel - Your money management solution","isPartOf":{"@id":"https:\/\/satchel.eu\/it\/#website"},"datePublished":"2021-03-02T18:37:01+00:00","dateModified":"2025-12-08T12:39:05+00:00","description":"Scopri le soluzioni di sicurezza di Satchel.eu: protezione avanzata per il tuo denaro, garantendo transazioni sicure e affidabili.","breadcrumb":{"@id":"https:\/\/satchel.eu\/it\/security\/#breadcrumb"},"inLanguage":"it-IT","potentialAction":[{"@type":"ReadAction","target":["https:\/\/satchel.eu\/it\/security\/"]}]},{"@type":"BreadcrumbList","@id":"https:\/\/satchel.eu\/it\/security\/#breadcrumb","itemListElement":[{"@type":"ListItem","position":1,"name":"Satchel","item":"https:\/\/satchel.eu\/it\/"},{"@type":"ListItem","position":2,"name":"Sicurezza"}]},{"@type":"WebSite","@id":"https:\/\/satchel.eu\/it\/#website","url":"https:\/\/satchel.eu\/it\/","name":"Satchel","description":"Your money management solution","publisher":{"@id":"https:\/\/satchel.eu\/it\/#organization"},"potentialAction":[{"@type":"SearchAction","target":{"@type":"EntryPoint","urlTemplate":"https:\/\/satchel.eu\/it\/?s={search_term_string}"},"query-input":"required name=search_term_string"}],"inLanguage":"it-IT"},{"@type":"Organization","@id":"https:\/\/satchel.eu\/it\/#organization","name":"Satchel","url":"https:\/\/satchel.eu\/it\/","logo":{"@type":"ImageObject","inLanguage":"it-IT","@id":"https:\/\/satchel.eu\/it\/#\/schema\/logo\/image\/","url":"https:\/\/satchel.eu\/it\/wp-content\/uploads\/sites\/4\/2021\/05\/logo-black.jpg","contentUrl":"https:\/\/satchel.eu\/it\/wp-content\/uploads\/sites\/4\/2021\/05\/logo-black.jpg","width":135,"height":32,"caption":"Satchel"},"image":{"@id":"https:\/\/satchel.eu\/it\/#\/schema\/logo\/image\/"}}]}},"_links":{"self":[{"href":"https:\/\/satchel.eu\/it\/wp-json\/wp\/v2\/pages\/141","targetHints":{"allow":["GET"]}}],"collection":[{"href":"https:\/\/satchel.eu\/it\/wp-json\/wp\/v2\/pages"}],"about":[{"href":"https:\/\/satchel.eu\/it\/wp-json\/wp\/v2\/types\/page"}],"author":[{"embeddable":true,"href":"https:\/\/satchel.eu\/it\/wp-json\/wp\/v2\/users\/5"}],"replies":[{"embeddable":true,"href":"https:\/\/satchel.eu\/it\/wp-json\/wp\/v2\/comments?post=141"}],"version-history":[{"count":11,"href":"https:\/\/satchel.eu\/it\/wp-json\/wp\/v2\/pages\/141\/revisions"}],"predecessor-version":[{"id":4399,"href":"https:\/\/satchel.eu\/it\/wp-json\/wp\/v2\/pages\/141\/revisions\/4399"}],"wp:attachment":[{"href":"https:\/\/satchel.eu\/it\/wp-json\/wp\/v2\/media?parent=141"}],"curies":[{"name":"wp","href":"https:\/\/api.w.org\/{rel}","templated":true}]}}