{"id":553,"date":"2021-03-15T23:22:23","date_gmt":"2021-03-15T21:22:23","guid":{"rendered":"https:\/\/satchel.eu\/?page_id=553"},"modified":"2026-04-20T15:37:09","modified_gmt":"2026-04-20T12:37:09","slug":"login-e-password","status":"publish","type":"page","link":"https:\/\/satchel.eu\/it\/faq\/login-e-password\/","title":{"rendered":"Login e password"},"content":{"rendered":"<section class=\"section pt-45 pt-md-70\"> \r\n  <div class=\"container\">\r\n    <div class=\"row\">\r\n      <div class=\"col-lg-7 offset-lg-2 mb-lg-0 mb-40\"><a class=\"btn btn-primary d-inline-flex align-items-center mb-25\" href=\"https:\/\/satchel.eu\/it\/faq\/\"><svg xmlns=\"https:\/\/www.w3.org\/2000\/svg\" width=\"17\" height=\"16\" viewBox=\"0 0 17 16\" class=\"mr-5\"> <g fill=\"none\" fill-rule=\"evenodd\"> <g> <g> <g> <g> <g> <path d=\"M0 0H16V16H0z\" transform=\"translate(-224 -180) translate(191.5 168) translate(32.634 11) translate(.366) matrix(-1 0 0 1 16 1)\"\/> <path fill=\"#212121\" fill-rule=\"nonzero\" d=\"M14.96 8.19c.05-.12.05-.26 0-.38-.03-.06-.06-.12-.11-.16l-4-4c-.2-.2-.51-.2-.71 0-.2.2-.2.51 0 .71l3.15 3.15H1.5C1.22 7.5 1 7.72 1 8s.22.5.5.5h11.79l-3.15 3.15c-.2.2-.2.51 0 .71.1.1.23.15.35.15.12 0 .26-.05.35-.15l4-4c.06-.05.1-.11.12-.17z\" transform=\"translate(-224 -180) translate(191.5 168) translate(32.634 11) translate(.366) matrix(-1 0 0 1 16 1)\"\/> <\/g> <\/g> <\/g> <\/g> <\/g> <\/g><\/svg> Indietro<\/a>\r\n        <h1 class=\"mb-25\">Login e password<\/h1>\r\n          <!-- <div class=\"faq-item\" itemscope itemprop=\"mainEntity\" itemtype=\"https:\/\/schema.org\/Question\">\r\n            <div class=\"faq-item__title h4 mb-10\" itemprop=\"name\">How do I log in to my digital bank?<\/div>\r\n            <div class=\"faq-item__text\" itemscope itemprop=\"acceptedAnswer\" itemtype=\"https:\/\/schema.org\/Answer\">\r\n              <p>You can easily access your digital bank account by clicking on the Login button located on the navigation bar on the Home page or by using the direct link: <a href=\"https:\/\/my.satchel.eu\">https:\/\/my.satchel.eu<\/a><\/p>\r\n              <p>In order to log in, please use your authorized e-mail address and the password you have set up for your account.<\/p>\r\n            <\/div>\r\n            <a class=\"btn btn-link faq-item__link faq-item__link--expand\" href=\"#\">Espandi<svg xmlns=\"https:\/\/www.w3.org\/2000\/svg\" width=\"17\" height=\"16\" viewBox=\"0 0 17 16\"> <g fill=\"none\" fill-rule=\"evenodd\"> <g> <g> <g> <g> <path d=\"M0 0H16V16H0z\" transform=\"translate(-313 -1628) translate(271 1615) translate(.018 12) translate(42 1)\"\/> <path class=\"path\" fill=\"#4854FF\" d=\"M14.96 8.19c.05-.12.05-.26 0-.38-.03-.06-.06-.12-.11-.16l-4-4c-.2-.2-.51-.2-.71 0-.2.2-.2.51 0 .71l3.15 3.15H1.5C1.22 7.5 1 7.72 1 8s.22.5.5.5h11.79l-3.15 3.15c-.2.2-.2.51 0 .71.1.1.23.15.35.15.12 0 .26-.05.35-.15l4-4c.06-.05.1-.11.12-.17z\" transform=\"translate(-313 -1628) translate(271 1615) translate(.018 12) translate(42 1)\"\/> <\/g> <\/g> <\/g> <\/g> <\/g><\/svg><\/a>\r\n            <a class=\"btn btn-link faq-item__link faq-item__link--close\" href=\"#\">Chiudi<svg xmlns=\"https:\/\/www.w3.org\/2000\/svg\" width=\"16\" height=\"16\" viewBox=\"0 0 16 16\"> <g fill=\"none\" fill-rule=\"evenodd\"> <g> <g> <g> <g> <path d=\"M0 0H16V16H0z\" transform=\"translate(-244 -1161) translate(192 656) translate(0 504) rotate(-90 34.5 -17.5)\"\/> <path fill=\"#4854FF\" class=\"path\" d=\"M14.96 8.19c.05-.12.05-.26 0-.38-.03-.06-.06-.12-.11-.16l-4-4c-.2-.2-.51-.2-.71 0-.2.2-.2.51 0 .71l3.15 3.15H1.5C1.22 7.5 1 7.72 1 8s.22.5.5.5h11.79l-3.15 3.15c-.2.2-.2.51 0 .71.1.1.23.15.35.15.12 0 .26-.05.35-.15l4-4c.06-.05.1-.11.12-.17z\" transform=\"translate(-244 -1161) translate(192 656) translate(0 504) rotate(-90 34.5 -17.5)\"\/> <\/g> <\/g> <\/g> <\/g> <\/g><\/svg><\/a>\r\n          <\/div> -->\r\n          <div class=\"faq-item\" itemscope itemprop=\"mainEntity\" itemtype=\"https:\/\/schema.org\/Question\">\r\n            <div class=\"faq-item__title h4 mb-10\" itemprop=\"name\">Come posso cambiare la password?<\/div>\r\n            <div class=\"faq-item__text\" itemscope itemprop=\"acceptedAnswer\" itemtype=\"https:\/\/schema.org\/Answer\">\r\n              <div itemprop=\"text\">\r\n                <p>Contatta il team di assistenza clienti all&#8217;indirizzo support@satchel.eu se desideri reimpostare la password.<\/p>\r\n              <\/div>\r\n            <\/div>\r\n            <a class=\"btn btn-link faq-item__link faq-item__link--expand\" href=\"#\">Espandi<svg xmlns=\"https:\/\/www.w3.org\/2000\/svg\" width=\"17\" height=\"16\" viewBox=\"0 0 17 16\"> <g fill=\"none\" fill-rule=\"evenodd\"> <g> <g> <g> <g> <path d=\"M0 0H16V16H0z\" transform=\"translate(-313 -1628) translate(271 1615) translate(.018 12) translate(42 1)\"\/> <path class=\"path\" fill=\"#4854FF\" d=\"M14.96 8.19c.05-.12.05-.26 0-.38-.03-.06-.06-.12-.11-.16l-4-4c-.2-.2-.51-.2-.71 0-.2.2-.2.51 0 .71l3.15 3.15H1.5C1.22 7.5 1 7.72 1 8s.22.5.5.5h11.79l-3.15 3.15c-.2.2-.2.51 0 .71.1.1.23.15.35.15.12 0 .26-.05.35-.15l4-4c.06-.05.1-.11.12-.17z\" transform=\"translate(-313 -1628) translate(271 1615) translate(.018 12) translate(42 1)\"\/> <\/g> <\/g> <\/g> <\/g> <\/g><\/svg><\/a><a class=\"btn btn-link faq-item__link faq-item__link--close\" href=\"#\">Chiudi<svg xmlns=\"https:\/\/www.w3.org\/2000\/svg\" width=\"16\" height=\"16\" viewBox=\"0 0 16 16\"> <g fill=\"none\" fill-rule=\"evenodd\"> <g> <g> <g> <g> <path d=\"M0 0H16V16H0z\" transform=\"translate(-244 -1161) translate(192 656) translate(0 504) rotate(-90 34.5 -17.5)\"\/> <path fill=\"#4854FF\" class=\"path\" d=\"M14.96 8.19c.05-.12.05-.26 0-.38-.03-.06-.06-.12-.11-.16l-4-4c-.2-.2-.51-.2-.71 0-.2.2-.2.51 0 .71l3.15 3.15H1.5C1.22 7.5 1 7.72 1 8s.22.5.5.5h11.79l-3.15 3.15c-.2.2-.2.51 0 .71.1.1.23.15.35.15.12 0 .26-.05.35-.15l4-4c.06-.05.1-.11.12-.17z\" transform=\"translate(-244 -1161) translate(192 656) translate(0 504) rotate(-90 34.5 -17.5)\"\/> <\/g> <\/g> <\/g> <\/g> <\/g><\/svg><\/a>\r\n          <\/div>\r\n          <div class=\"faq-item\" itemscope itemprop=\"mainEntity\" itemtype=\"https:\/\/schema.org\/Question\">\r\n            <div class=\"faq-item__title h4 mb-10\" itemprop=\"name\">Come posso modificare l&#8217;email di login?<\/div>\r\n            <div class=\"faq-item__text\" itemscope itemprop=\"acceptedAnswer\" itemtype=\"https:\/\/schema.org\/Answer\">\r\n              <div itemprop=\"text\">\r\n                <p>Contatta il team di assistenza clienti all&#8217;indirizzo support@satchel.eu se desideri modificare i tuoi dati di contatto.<\/p>\r\n              <\/div>\r\n            <\/div>\r\n            <a class=\"btn btn-link faq-item__link faq-item__link--expand\" href=\"#\">Espandi<svg xmlns=\"https:\/\/www.w3.org\/2000\/svg\" width=\"17\" height=\"16\" viewBox=\"0 0 17 16\"> <g fill=\"none\" fill-rule=\"evenodd\"> <g> <g> <g> <g> <path d=\"M0 0H16V16H0z\" transform=\"translate(-313 -1628) translate(271 1615) translate(.018 12) translate(42 1)\"\/> <path class=\"path\" fill=\"#4854FF\" d=\"M14.96 8.19c.05-.12.05-.26 0-.38-.03-.06-.06-.12-.11-.16l-4-4c-.2-.2-.51-.2-.71 0-.2.2-.2.51 0 .71l3.15 3.15H1.5C1.22 7.5 1 7.72 1 8s.22.5.5.5h11.79l-3.15 3.15c-.2.2-.2.51 0 .71.1.1.23.15.35.15.12 0 .26-.05.35-.15l4-4c.06-.05.1-.11.12-.17z\" transform=\"translate(-313 -1628) translate(271 1615) translate(.018 12) translate(42 1)\"\/> <\/g> <\/g> <\/g> <\/g> <\/g><\/svg><\/a><a class=\"btn btn-link faq-item__link faq-item__link--close\" href=\"#\">Chiudi<svg xmlns=\"https:\/\/www.w3.org\/2000\/svg\" width=\"16\" height=\"16\" viewBox=\"0 0 16 16\"> <g fill=\"none\" fill-rule=\"evenodd\"> <g> <g> <g> <g> <path d=\"M0 0H16V16H0z\" transform=\"translate(-244 -1161) translate(192 656) translate(0 504) rotate(-90 34.5 -17.5)\"\/> <path fill=\"#4854FF\" class=\"path\" d=\"M14.96 8.19c.05-.12.05-.26 0-.38-.03-.06-.06-.12-.11-.16l-4-4c-.2-.2-.51-.2-.71 0-.2.2-.2.51 0 .71l3.15 3.15H1.5C1.22 7.5 1 7.72 1 8s.22.5.5.5h11.79l-3.15 3.15c-.2.2-.2.51 0 .71.1.1.23.15.35.15.12 0 .26-.05.35-.15l4-4c.06-.05.1-.11.12-.17z\" transform=\"translate(-244 -1161) translate(192 656) translate(0 504) rotate(-90 34.5 -17.5)\"\/> <\/g> <\/g> <\/g> <\/g> <\/g><\/svg><\/a>\r\n          <\/div>\r\n          <div class=\"faq-item\" itemscope itemprop=\"mainEntity\" itemtype=\"https:\/\/schema.org\/Question\">\r\n            <div class=\"faq-item__title h4 mb-10\" itemprop=\"name\">Un conto aziendale pu\u00f2 essere usato da utenti multipli?<\/div>\r\n            <div class=\"faq-item__text\" itemscope itemprop=\"acceptedAnswer\" itemtype=\"https:\/\/schema.org\/Answer\">\r\n              <div itemprop=\"text\">\r\n                <p>S\u00ec. Potrai aggiungere un secondo utente a un conto aziendale. Ti preghiamo di contattare il team di assistenza clienti all&#8217;indirizzo support@satchel.eu per ricevere il supporto di cui hai bisogno.<\/p>\r\n              <\/div>\r\n            <\/div>\r\n            <a class=\"btn btn-link faq-item__link faq-item__link--expand\" href=\"#\">Espandi<svg xmlns=\"https:\/\/www.w3.org\/2000\/svg\" width=\"17\" height=\"16\" viewBox=\"0 0 17 16\"> <g fill=\"none\" fill-rule=\"evenodd\"> <g> <g> <g> <g> <path d=\"M0 0H16V16H0z\" transform=\"translate(-313 -1628) translate(271 1615) translate(.018 12) translate(42 1)\"\/> <path class=\"path\" fill=\"#4854FF\" d=\"M14.96 8.19c.05-.12.05-.26 0-.38-.03-.06-.06-.12-.11-.16l-4-4c-.2-.2-.51-.2-.71 0-.2.2-.2.51 0 .71l3.15 3.15H1.5C1.22 7.5 1 7.72 1 8s.22.5.5.5h11.79l-3.15 3.15c-.2.2-.2.51 0 .71.1.1.23.15.35.15.12 0 .26-.05.35-.15l4-4c.06-.05.1-.11.12-.17z\" transform=\"translate(-313 -1628) translate(271 1615) translate(.018 12) translate(42 1)\"\/> <\/g> <\/g> <\/g> <\/g> <\/g><\/svg><\/a><a class=\"btn btn-link faq-item__link faq-item__link--close\" href=\"#\">Chiudi<svg xmlns=\"https:\/\/www.w3.org\/2000\/svg\" width=\"16\" height=\"16\" viewBox=\"0 0 16 16\"> <g fill=\"none\" fill-rule=\"evenodd\"> <g> <g> <g> <g> <path d=\"M0 0H16V16H0z\" transform=\"translate(-244 -1161) translate(192 656) translate(0 504) rotate(-90 34.5 -17.5)\"\/> <path fill=\"#4854FF\" class=\"path\" d=\"M14.96 8.19c.05-.12.05-.26 0-.38-.03-.06-.06-.12-.11-.16l-4-4c-.2-.2-.51-.2-.71 0-.2.2-.2.51 0 .71l3.15 3.15H1.5C1.22 7.5 1 7.72 1 8s.22.5.5.5h11.79l-3.15 3.15c-.2.2-.2.51 0 .71.1.1.23.15.35.15.12 0 .26-.05.35-.15l4-4c.06-.05.1-.11.12-.17z\" transform=\"translate(-244 -1161) translate(192 656) translate(0 504) rotate(-90 34.5 -17.5)\"\/> <\/g> <\/g> <\/g> <\/g> <\/g><\/svg><\/a>\r\n          <\/div>\r\n          <div class=\"faq-item\" itemscope itemprop=\"mainEntity\" itemtype=\"https:\/\/schema.org\/Question\">\r\n            <div class=\"faq-item__title h4 mb-10\" itemprop=\"name\">Che cos&#8217;\u00e8 l&#8217;autenticazione a due fattori (2FA)?<\/div>\r\n            <div class=\"faq-item__text\" itemscope itemprop=\"acceptedAnswer\" itemtype=\"https:\/\/schema.org\/Answer\">\r\n              <div itemprop=\"text\">\r\n                <p>Satchel mira alla miglior esperienza utente possibile senza rinunciare ai pi\u00f9 elevati standard in fatto di sicurezza. Questo \u00e8 il motivo per cui abbiamo attivato l&#8217;autenticazione a due fattori (2FA) per i conti Satchel. L&#8217;obiettivo \u00e8 quello di aggiunge un ulteriore livello di sicurezza in modo da proteggere i conti da accessi non autorizzati e mantenere il denaro dei clienti sempre al sicuro. L&#8217;autenticazione a due fattori (2FA) richiede l&#8217;inserimento della password generale e di una password monouso (OTP) che ti verr\u00e0 inviata quando accedi al conto Satchel e in caso di bonifico in uscita.<\/p>\r\n                <p><a href=\"https:\/\/satchel.eu\/it\/blog\/satchel-two-factor-authentication-2fa-user-guide\/\">Guida sull&#8217;autenticazione a due fattori (2FA)<\/a><\/p>\r\n              <\/div>\r\n            <\/div>\r\n            <a class=\"btn btn-link faq-item__link faq-item__link--expand\" href=\"#\">Espandi<svg xmlns=\"https:\/\/www.w3.org\/2000\/svg\" width=\"17\" height=\"16\" viewBox=\"0 0 17 16\"> <g fill=\"none\" fill-rule=\"evenodd\"> <g> <g> <g> <g> <path d=\"M0 0H16V16H0z\" transform=\"translate(-313 -1628) translate(271 1615) translate(.018 12) translate(42 1)\"\/> <path class=\"path\" fill=\"#4854FF\" d=\"M14.96 8.19c.05-.12.05-.26 0-.38-.03-.06-.06-.12-.11-.16l-4-4c-.2-.2-.51-.2-.71 0-.2.2-.2.51 0 .71l3.15 3.15H1.5C1.22 7.5 1 7.72 1 8s.22.5.5.5h11.79l-3.15 3.15c-.2.2-.2.51 0 .71.1.1.23.15.35.15.12 0 .26-.05.35-.15l4-4c.06-.05.1-.11.12-.17z\" transform=\"translate(-313 -1628) translate(271 1615) translate(.018 12) translate(42 1)\"\/> <\/g> <\/g> <\/g> <\/g> <\/g><\/svg><\/a><a class=\"btn btn-link faq-item__link faq-item__link--close\" href=\"#\">Chiudi<svg xmlns=\"https:\/\/www.w3.org\/2000\/svg\" width=\"16\" height=\"16\" viewBox=\"0 0 16 16\"> <g fill=\"none\" fill-rule=\"evenodd\"> <g> <g> <g> <g> <path d=\"M0 0H16V16H0z\" transform=\"translate(-244 -1161) translate(192 656) translate(0 504) rotate(-90 34.5 -17.5)\"\/> <path fill=\"#4854FF\" class=\"path\" d=\"M14.96 8.19c.05-.12.05-.26 0-.38-.03-.06-.06-.12-.11-.16l-4-4c-.2-.2-.51-.2-.71 0-.2.2-.2.51 0 .71l3.15 3.15H1.5C1.22 7.5 1 7.72 1 8s.22.5.5.5h11.79l-3.15 3.15c-.2.2-.2.51 0 .71.1.1.23.15.35.15.12 0 .26-.05.35-.15l4-4c.06-.05.1-.11.12-.17z\" transform=\"translate(-244 -1161) translate(192 656) translate(0 504) rotate(-90 34.5 -17.5)\"\/> <\/g> <\/g> <\/g> <\/g> <\/g><\/svg><\/a>\r\n          <\/div>\r\n      <\/div>\r\n      <div class=\"col-lg-4 offset-lg-1\">\r\n          <div class=\"other-topics\">\r\n            <div class=\"other-topics__title h4 mb-15\">Altri argomenti<\/div>\r\n            <ul> \r\n              <li><a class=\"btn btn-link\" href=\"https:\/\/satchel.eu\/it\/faq\/general-information\/\">Informazioni generiche<svg xmlns=\"https:\/\/www.w3.org\/2000\/svg\" width=\"17\" height=\"16\" viewBox=\"0 0 17 16\"> <g fill=\"none\" fill-rule=\"evenodd\"> <g> <g> <g> <g> <path d=\"M0 0H16V16H0z\" transform=\"translate(-313 -1628) translate(271 1615) translate(.018 12) translate(42 1)\"\/> <path class=\"path\" fill=\"#4854FF\" d=\"M14.96 8.19c.05-.12.05-.26 0-.38-.03-.06-.06-.12-.11-.16l-4-4c-.2-.2-.51-.2-.71 0-.2.2-.2.51 0 .71l3.15 3.15H1.5C1.22 7.5 1 7.72 1 8s.22.5.5.5h11.79l-3.15 3.15c-.2.2-.2.51 0 .71.1.1.23.15.35.15.12 0 .26-.05.35-.15l4-4c.06-.05.1-.11.12-.17z\" transform=\"translate(-313 -1628) translate(271 1615) translate(.018 12) translate(42 1)\"\/> <\/g> <\/g> <\/g> <\/g> <\/g><\/svg><\/a><\/li>\r\n\r\n              <li><a class=\"btn btn-link\" href=\"https:\/\/satchel.eu\/it\/faq\/satchel-current-account\/\">Conto di Satchel<svg xmlns=\"https:\/\/www.w3.org\/2000\/svg\" width=\"17\" height=\"16\" viewBox=\"0 0 17 16\"> <g fill=\"none\" fill-rule=\"evenodd\"> <g> <g> <g> <g> <path d=\"M0 0H16V16H0z\" transform=\"translate(-313 -1628) translate(271 1615) translate(.018 12) translate(42 1)\"\/> <path class=\"path\" fill=\"#4854FF\" d=\"M14.96 8.19c.05-.12.05-.26 0-.38-.03-.06-.06-.12-.11-.16l-4-4c-.2-.2-.51-.2-.71 0-.2.2-.2.51 0 .71l3.15 3.15H1.5C1.22 7.5 1 7.72 1 8s.22.5.5.5h11.79l-3.15 3.15c-.2.2-.2.51 0 .71.1.1.23.15.35.15.12 0 .26-.05.35-.15l4-4c.06-.05.1-.11.12-.17z\" transform=\"translate(-313 -1628) translate(271 1615) translate(.018 12) translate(42 1)\"\/> <\/g> <\/g> <\/g> <\/g> <\/g><\/svg><\/a><\/li>\r\n\r\n              <li><a class=\"btn btn-link\" href=\"https:\/\/satchel.eu\/it\/faq\/sepa-the-ultimate-guide\/\">Guida alla SEPA<svg xmlns=\"https:\/\/www.w3.org\/2000\/svg\" width=\"17\" height=\"16\" viewBox=\"0 0 17 16\"> <g fill=\"none\" fill-rule=\"evenodd\"> <g> <g> <g> <g> <path d=\"M0 0H16V16H0z\" transform=\"translate(-313 -1628) translate(271 1615) translate(.018 12) translate(42 1)\"\/> <path class=\"path\" fill=\"#4854FF\" d=\"M14.96 8.19c.05-.12.05-.26 0-.38-.03-.06-.06-.12-.11-.16l-4-4c-.2-.2-.51-.2-.71 0-.2.2-.2.51 0 .71l3.15 3.15H1.5C1.22 7.5 1 7.72 1 8s.22.5.5.5h11.79l-3.15 3.15c-.2.2-.2.51 0 .71.1.1.23.15.35.15.12 0 .26-.05.35-.15l4-4c.06-.05.1-.11.12-.17z\" transform=\"translate(-313 -1628) translate(271 1615) translate(.018 12) translate(42 1)\"\/> <\/g> <\/g> <\/g> <\/g> <\/g><\/svg><\/a><\/li>\r\n\r\n              <li><a class=\"btn btn-link\" href=\"https:\/\/satchel.eu\/it\/faq\/payments-and-transactions\/\">Pagamenti e transazioni<svg xmlns=\"https:\/\/www.w3.org\/2000\/svg\" width=\"17\" height=\"16\" viewBox=\"0 0 17 16\"> <g fill=\"none\" fill-rule=\"evenodd\"> <g> <g> <g> <g> <path d=\"M0 0H16V16H0z\" transform=\"translate(-313 -1628) translate(271 1615) translate(.018 12) translate(42 1)\"\/> <path class=\"path\" fill=\"#4854FF\" d=\"M14.96 8.19c.05-.12.05-.26 0-.38-.03-.06-.06-.12-.11-.16l-4-4c-.2-.2-.51-.2-.71 0-.2.2-.2.51 0 .71l3.15 3.15H1.5C1.22 7.5 1 7.72 1 8s.22.5.5.5h11.79l-3.15 3.15c-.2.2-.2.51 0 .71.1.1.23.15.35.15.12 0 .26-.05.35-.15l4-4c.06-.05.1-.11.12-.17z\" transform=\"translate(-313 -1628) translate(271 1615) translate(.018 12) translate(42 1)\"\/> <\/g> <\/g> <\/g> <\/g> <\/g><\/svg><\/a><\/li>\r\n\r\n              <li><a class=\"btn btn-link\" href=\"https:\/\/satchel.eu\/it\/faq\/satchel-cards\/\">Carte di Satchel<svg xmlns=\"https:\/\/www.w3.org\/2000\/svg\" width=\"17\" height=\"16\" viewBox=\"0 0 17 16\"> <g fill=\"none\" fill-rule=\"evenodd\"> <g> <g> <g> <g> <path d=\"M0 0H16V16H0z\" transform=\"translate(-313 -1628) translate(271 1615) translate(.018 12) translate(42 1)\"\/> <path class=\"path\" fill=\"#4854FF\" d=\"M14.96 8.19c.05-.12.05-.26 0-.38-.03-.06-.06-.12-.11-.16l-4-4c-.2-.2-.51-.2-.71 0-.2.2-.2.51 0 .71l3.15 3.15H1.5C1.22 7.5 1 7.72 1 8s.22.5.5.5h11.79l-3.15 3.15c-.2.2-.2.51 0 .71.1.1.23.15.35.15.12 0 .26-.05.35-.15l4-4c.06-.05.1-.11.12-.17z\" transform=\"translate(-313 -1628) translate(271 1615) translate(.018 12) translate(42 1)\"\/> <\/g> <\/g> <\/g> <\/g> <\/g><\/svg><\/a><\/li>\r\n            <\/ul>\r\n          <\/div>\r\n      <\/div>\r\n    <\/div>\r\n    <div class=\"row mt-95\">\r\n      <div class=\"col-lg-12 mx-auto\">\r\n          <div class=\"question-box\">\r\n            <div class=\"mb-md-0 mb-20\">\r\n              <div class=\"question-box__title h4 mb-10\">Non hai trovato ci\u00f2 che cercavi?<\/div>\r\n              <div class=\"question-box__text h6 mb-0\">Contatta il team di assistenza clienti via telefono o email.<\/div>\r\n            <\/div>\r\n            <div class=\"d-flex flex-sm-row flex-column align-items-start\">\r\n              <a class=\"btn btn-primary mr-sm-15 mb-sm-0 mb-20 js-customer-support-phone-faq\" href=\"tel:+37052141818\">+370 5214 1818<\/a>\r\n              <a class=\"btn btn-primary js-customer-support-email-faq\" href=\"mailto:support@satchel.eu\">support@satchel.eu<\/a>\r\n            <\/div>\r\n          <\/div>\r\n      <\/div>\r\n    <\/div>\r\n  <\/div>\r\n<\/section>","protected":false},"excerpt":{"rendered":"Indietro Login e password Come posso cambiare la password? Contatta il team di assistenza clienti all&#8217;indirizzo support@satchel.eu se desideri reimpostare la password. Espandi Chiudi Come posso modificare l&#8217;email di login? Contatta il team di assistenza clienti all&#8217;indirizzo support@satchel.eu se desideri modificare i tuoi dati di contatto. Espandi Chiudi Un conto aziendale pu\u00f2 essere usato da&#8230;","protected":false},"author":5,"featured_media":0,"parent":99,"menu_order":0,"comment_status":"closed","ping_status":"closed","template":"faq-templates\/faq-login-and-password.php","meta":{"_acf_changed":false,"footnotes":""},"class_list":["post-553","page","type-page","status-publish","hentry"],"acf":[],"yoast_head":"<!-- This site is optimized with the Yoast SEO plugin v22.0 - https:\/\/yoast.com\/wordpress\/plugins\/seo\/ -->\n<title>Login e password - Satchel - Your money management solution<\/title>\n<meta name=\"description\" content=\"Scopri come accedere e gestire la tua password su Satchel.eu. Trova risposte alle domande frequenti e risolvi problemi di login.\" \/>\n<meta name=\"robots\" content=\"index, follow, max-snippet:-1, max-image-preview:large, max-video-preview:-1\" \/>\n<link rel=\"canonical\" href=\"https:\/\/satchel.eu\/it\/faq\/login-e-password\/\" \/>\n<meta property=\"og:locale\" content=\"it_IT\" \/>\n<meta property=\"og:type\" content=\"article\" \/>\n<meta property=\"og:title\" content=\"Login e password - Satchel - Your money management solution\" \/>\n<meta property=\"og:description\" content=\"Scopri come accedere e gestire la tua password su Satchel.eu. Trova risposte alle domande frequenti e risolvi problemi di login.\" \/>\n<meta property=\"og:url\" content=\"https:\/\/satchel.eu\/it\/faq\/login-e-password\/\" \/>\n<meta property=\"og:site_name\" content=\"Satchel\" \/>\n<meta property=\"article:modified_time\" content=\"2026-04-20T12:37:09+00:00\" \/>\n<meta name=\"twitter:card\" content=\"summary_large_image\" \/>\n<script type=\"application\/ld+json\" class=\"yoast-schema-graph\">{\"@context\":\"https:\/\/schema.org\",\"@graph\":[{\"@type\":\"WebPage\",\"@id\":\"https:\/\/satchel.eu\/it\/faq\/login-e-password\/\",\"url\":\"https:\/\/satchel.eu\/it\/faq\/login-e-password\/\",\"name\":\"Login e password - Satchel - Your money management solution\",\"isPartOf\":{\"@id\":\"https:\/\/satchel.eu\/it\/#website\"},\"datePublished\":\"2021-03-15T21:22:23+00:00\",\"dateModified\":\"2026-04-20T12:37:09+00:00\",\"description\":\"Scopri come accedere e gestire la tua password su Satchel.eu. Trova risposte alle domande frequenti e risolvi problemi di login.\",\"breadcrumb\":{\"@id\":\"https:\/\/satchel.eu\/it\/faq\/login-e-password\/#breadcrumb\"},\"inLanguage\":\"it-IT\",\"potentialAction\":[{\"@type\":\"ReadAction\",\"target\":[\"https:\/\/satchel.eu\/it\/faq\/login-e-password\/\"]}]},{\"@type\":\"BreadcrumbList\",\"@id\":\"https:\/\/satchel.eu\/it\/faq\/login-e-password\/#breadcrumb\",\"itemListElement\":[{\"@type\":\"ListItem\",\"position\":1,\"name\":\"Satchel\",\"item\":\"https:\/\/satchel.eu\/it\/\"},{\"@type\":\"ListItem\",\"position\":2,\"name\":\"Domande frequenti\",\"item\":\"https:\/\/satchel.eu\/it\/faq\/\"},{\"@type\":\"ListItem\",\"position\":3,\"name\":\"Login e password\"}]},{\"@type\":\"WebSite\",\"@id\":\"https:\/\/satchel.eu\/it\/#website\",\"url\":\"https:\/\/satchel.eu\/it\/\",\"name\":\"Satchel\",\"description\":\"Your money management solution\",\"publisher\":{\"@id\":\"https:\/\/satchel.eu\/it\/#organization\"},\"potentialAction\":[{\"@type\":\"SearchAction\",\"target\":{\"@type\":\"EntryPoint\",\"urlTemplate\":\"https:\/\/satchel.eu\/it\/?s={search_term_string}\"},\"query-input\":\"required name=search_term_string\"}],\"inLanguage\":\"it-IT\"},{\"@type\":\"Organization\",\"@id\":\"https:\/\/satchel.eu\/it\/#organization\",\"name\":\"Satchel\",\"url\":\"https:\/\/satchel.eu\/it\/\",\"logo\":{\"@type\":\"ImageObject\",\"inLanguage\":\"it-IT\",\"@id\":\"https:\/\/satchel.eu\/it\/#\/schema\/logo\/image\/\",\"url\":\"https:\/\/satchel.eu\/it\/wp-content\/uploads\/sites\/4\/2021\/05\/logo-black.jpg\",\"contentUrl\":\"https:\/\/satchel.eu\/it\/wp-content\/uploads\/sites\/4\/2021\/05\/logo-black.jpg\",\"width\":135,\"height\":32,\"caption\":\"Satchel\"},\"image\":{\"@id\":\"https:\/\/satchel.eu\/it\/#\/schema\/logo\/image\/\"}}]}<\/script>\n<!-- \/ Yoast SEO plugin. -->","yoast_head_json":{"title":"Login e password - Satchel - Your money management solution","description":"Scopri come accedere e gestire la tua password su Satchel.eu. Trova risposte alle domande frequenti e risolvi problemi di login.","robots":{"index":"index","follow":"follow","max-snippet":"max-snippet:-1","max-image-preview":"max-image-preview:large","max-video-preview":"max-video-preview:-1"},"canonical":"https:\/\/satchel.eu\/it\/faq\/login-e-password\/","og_locale":"it_IT","og_type":"article","og_title":"Login e password - Satchel - Your money management solution","og_description":"Scopri come accedere e gestire la tua password su Satchel.eu. Trova risposte alle domande frequenti e risolvi problemi di login.","og_url":"https:\/\/satchel.eu\/it\/faq\/login-e-password\/","og_site_name":"Satchel","article_modified_time":"2026-04-20T12:37:09+00:00","twitter_card":"summary_large_image","schema":{"@context":"https:\/\/schema.org","@graph":[{"@type":"WebPage","@id":"https:\/\/satchel.eu\/it\/faq\/login-e-password\/","url":"https:\/\/satchel.eu\/it\/faq\/login-e-password\/","name":"Login e password - Satchel - Your money management solution","isPartOf":{"@id":"https:\/\/satchel.eu\/it\/#website"},"datePublished":"2021-03-15T21:22:23+00:00","dateModified":"2026-04-20T12:37:09+00:00","description":"Scopri come accedere e gestire la tua password su Satchel.eu. Trova risposte alle domande frequenti e risolvi problemi di login.","breadcrumb":{"@id":"https:\/\/satchel.eu\/it\/faq\/login-e-password\/#breadcrumb"},"inLanguage":"it-IT","potentialAction":[{"@type":"ReadAction","target":["https:\/\/satchel.eu\/it\/faq\/login-e-password\/"]}]},{"@type":"BreadcrumbList","@id":"https:\/\/satchel.eu\/it\/faq\/login-e-password\/#breadcrumb","itemListElement":[{"@type":"ListItem","position":1,"name":"Satchel","item":"https:\/\/satchel.eu\/it\/"},{"@type":"ListItem","position":2,"name":"Domande frequenti","item":"https:\/\/satchel.eu\/it\/faq\/"},{"@type":"ListItem","position":3,"name":"Login e password"}]},{"@type":"WebSite","@id":"https:\/\/satchel.eu\/it\/#website","url":"https:\/\/satchel.eu\/it\/","name":"Satchel","description":"Your money management solution","publisher":{"@id":"https:\/\/satchel.eu\/it\/#organization"},"potentialAction":[{"@type":"SearchAction","target":{"@type":"EntryPoint","urlTemplate":"https:\/\/satchel.eu\/it\/?s={search_term_string}"},"query-input":"required name=search_term_string"}],"inLanguage":"it-IT"},{"@type":"Organization","@id":"https:\/\/satchel.eu\/it\/#organization","name":"Satchel","url":"https:\/\/satchel.eu\/it\/","logo":{"@type":"ImageObject","inLanguage":"it-IT","@id":"https:\/\/satchel.eu\/it\/#\/schema\/logo\/image\/","url":"https:\/\/satchel.eu\/it\/wp-content\/uploads\/sites\/4\/2021\/05\/logo-black.jpg","contentUrl":"https:\/\/satchel.eu\/it\/wp-content\/uploads\/sites\/4\/2021\/05\/logo-black.jpg","width":135,"height":32,"caption":"Satchel"},"image":{"@id":"https:\/\/satchel.eu\/it\/#\/schema\/logo\/image\/"}}]}},"_links":{"self":[{"href":"https:\/\/satchel.eu\/it\/wp-json\/wp\/v2\/pages\/553","targetHints":{"allow":["GET"]}}],"collection":[{"href":"https:\/\/satchel.eu\/it\/wp-json\/wp\/v2\/pages"}],"about":[{"href":"https:\/\/satchel.eu\/it\/wp-json\/wp\/v2\/types\/page"}],"author":[{"embeddable":true,"href":"https:\/\/satchel.eu\/it\/wp-json\/wp\/v2\/users\/5"}],"replies":[{"embeddable":true,"href":"https:\/\/satchel.eu\/it\/wp-json\/wp\/v2\/comments?post=553"}],"version-history":[{"count":11,"href":"https:\/\/satchel.eu\/it\/wp-json\/wp\/v2\/pages\/553\/revisions"}],"predecessor-version":[{"id":4295,"href":"https:\/\/satchel.eu\/it\/wp-json\/wp\/v2\/pages\/553\/revisions\/4295"}],"up":[{"embeddable":true,"href":"https:\/\/satchel.eu\/it\/wp-json\/wp\/v2\/pages\/99"}],"wp:attachment":[{"href":"https:\/\/satchel.eu\/it\/wp-json\/wp\/v2\/media?parent=553"}],"curies":[{"name":"wp","href":"https:\/\/api.w.org\/{rel}","templated":true}]}}