{"id":112,"date":"2021-03-02T20:07:55","date_gmt":"2021-03-02T18:07:55","guid":{"rendered":"https:\/\/satchel.eu\/?page_id=112"},"modified":"2026-02-19T11:22:20","modified_gmt":"2026-02-19T09:22:20","slug":"documents-set-for-business","status":"publish","type":"page","link":"https:\/\/satchel.eu\/lt\/documents-set-for-business\/","title":{"rendered":"Dokumentai verslo klientams"},"content":{"rendered":"<section class=\"section mh-lg-460px d-lg-flex align-items-lg-center\">\n<div class=\"container\">\n<div class=\"row\">\n<div class=\"col-lg-12 mx-auto\">\n<h1 class=\"mb-0 text-center\">Reikaling\u0173 dokument\u0173 s\u0105ra\u0161as, norint atidaryti verslo s\u0105skait\u0105<\/h1>\n<\/p><\/div>\n<\/p><\/div>\n<div class=\"d-flex align-items-center justify-content-center mt-30\">\n      <a href=\"#section2\" class=\"js-scroll-to\"><img decoding=\"async\" class=\"lazyload\" data-src=\"https:\/\/satchel.eu\/lt\/wp-content\/themes\/satchel\/public\/img\/hero-scroll-down-icon.svg?v=2.5\" src=\"data:image\/gif;base64,R0lGODlhAQABAAAAACH5BAEKAAEALAAAAAABAAEAAAICTAEAOw==\" alt><\/a>\n    <\/div>\n<\/p><\/div>\n<\/section>\n<section class=\"section\" id=\"section2\">\n<div class=\"container no-grayscale\">\n<div class=\"row\">\n<div class=\"col-md-8 col-lg-6 offset-lg-1\">\n<h2 class=\"col-lg-15 px-0 mb-15\">Reikalingi dokumentai verslui:<\/h2>\n<\/p><\/div>\n<\/p><\/div>\n<div class=\"row\">\n<div class=\"col-md-8 col-lg-6 offset-lg-1 mb-md-0 mb-30\">\n<p>1. Pra\u0161ymo forma (pildoma internetu).<\/p>\n<p>2. Geros kokyb\u0117s spalvota skenuota \u012fmon\u0117s savininko paso kopija. Asmens tapatyb\u0117s kortel\u0117s (priekin\u0117s ir galin\u0117s pusi\u0173) skenuota kopija priimama tik i\u0161 ES ir EEE pilie\u010di\u0173 ar rezident\u0173.<\/p>\n<p>3. Adres\u0105 patvirtinantys dokumentai (bet kokia s\u0105skaita u\u017e komunalines paslaugas, i\u0161ra\u0161yta ne seniau kaip 90 dien\u0173 iki pra\u0161ymo pateikimo), banko ataskaitos lai\u0161kas arba banko i\u0161ra\u0161as, i\u0161verstas \u012f angl\u0173 ar lietuvi\u0173 kalb\u0105.<\/p>\n<p class=\"mb-10\">4. I\u0161samus verslo veiklos apra\u0161ymas:<\/p>\n<ul class=\"list mb-30\">\n<li>pajam\u0173 \u0161altinis;<\/li>\n<li>interneto svetain\u0117;<\/li>\n<li>gaunam\u0173 ir siun\u010diam\u0173 l\u0117\u0161\u0173 operacij\u0173 pob\u016bdis.<\/li>\n<li>Su kokiomis \u0161alimis ketinate dirbti?<\/li>\n<li>Rinkodaros med\u017eiaga (vizitin\u0117s kortel\u0117s, bro\u0161i\u016bros, pristatymai ir kt.)<\/li>\n<\/ul>\n<p class=\"mb-10\">5. \u012emon\u0117s dokumentai:<\/p>\n<ul class=\"list mb-30\">\n<li>\u012fmon\u0117s registracijos pa\u017eym\u0117jimas;<\/li>\n<li>steigimo sutartis ir \u012fstatai;<\/li>\n<li>direktori\u0173 ir akcinink\u0173 paskyrimo dokumentai;<\/li>\n<li>geros reputacijos (\u012fsipareigojim\u0173 vykdymo) pa\u017eym\u0117jimas (ilgiau nei 1 metus veikian\u010dioms \u012fmon\u0117ms);<\/li>\n<li>bet kokie kiti svarb\u016bs \u012fmon\u0117s dokumentai, priklausomai nuo registracijos \u0161alies.<\/li>\n<\/ul>\n<p>6. Papildomi dokumentai, susij\u0119 su klientais ir tiek\u0117jais (s\u0105skaitos fakt\u016bros, sutartys, sutar\u010di\u0173 projektai).<\/p>\n<p>7. Dokumentai su papildoma informacija apie pradin\u012f finansavim\u0105 (jei pirmasis pervedimas atliekamas i\u0161 banko, reikalingas banko i\u0161ra\u0161as; jei pirm\u0105j\u012f pervedim\u0105 atlieka partneris, reikalinga s\u0105skaita fakt\u016bra arba sutartis).<\/p>\n<p>8. Patvirtinimas per \u201eOndato\u201c.<\/p>\n<\/p><\/div>\n<div class=\"col-md-8 col-lg-6 offset-lg-1\">\n<p class=\"h4 mb-30\">Reikalavimai pasui<\/p>\n<div class=\"d-flex flex-row flex-wrap\">\n<div class=\"d-flex align-items-center w-100 w-md-50 pr-md-20 mb-25\"><img decoding=\"async\" class=\"lazyload mr-15 mw-48px mh-48px w-48px h-48px\" data-src=\"https:\/\/satchel.eu\/lt\/wp-content\/themes\/satchel\/public\/img\/sleu-kit-icons-y-high-resolution.svg?v=2.5\" src=\"data:image\/gif;base64,R0lGODlhAQABAAAAACH5BAEKAAEALAAAAAABAAEAAAICTAEAOw==\" alt><\/p>\n<p class=\"p-md mb-0\">Didel\u0117s rai\u0161kos spalvota skenuota kopija<\/p>\n<\/p><\/div>\n<div class=\"d-flex align-items-center w-100 w-md-50 pl-md-20 mb-25\"><img decoding=\"async\" class=\"lazyload mr-15 mw-48px mh-48px w-48px h-48px\" data-src=\"https:\/\/satchel.eu\/lt\/wp-content\/themes\/satchel\/public\/img\/sleu-kit-icons-y-white-background.svg?v=2.5\" src=\"data:image\/gif;base64,R0lGODlhAQABAAAAACH5BAEKAAEALAAAAAABAAEAAAICTAEAOw==\" alt><\/p>\n<p class=\"p-md mb-0\">Baltas fonas<\/p>\n<\/p><\/div>\n<div class=\"d-flex align-items-center w-100 w-md-50 pr-md-20 mb-25 mb-md-0\"><img decoding=\"async\" class=\"lazyload mr-15 mw-48px mh-48px w-48px h-48px\" data-src=\"https:\/\/satchel.eu\/lt\/wp-content\/themes\/satchel\/public\/img\/sleu-kit-icons-y-document.svg?v=2.5\" src=\"data:image\/gif;base64,R0lGODlhAQABAAAAACH5BAEKAAEALAAAAAABAAEAAAICTAEAOw==\" alt><\/p>\n<p class=\"p-md mb-0\">Formatas: PDF arba PNG<\/p>\n<\/p><\/div>\n<div class=\"d-flex align-items-center w-100 w-md-50 pl-md-20\"><img decoding=\"async\" class=\"lazyload mr-15 mw-48px mh-48px w-48px h-48px\" data-src=\"https:\/\/satchel.eu\/lt\/wp-content\/themes\/satchel\/public\/img\/sleu-kit-icons-y-do-not-cut-2.svg?v=2.5\" src=\"data:image\/gif;base64,R0lGODlhAQABAAAAACH5BAEKAAEALAAAAAABAAEAAAICTAEAOw==\" alt><\/p>\n<p class=\"p-md mb-0\">Be apkarpymo (visos zonos ir kampai turi b\u016bti ai\u0161kiai matomi)<\/p>\n<\/p><\/div>\n<\/p><\/div>\n<p><a class=\"btn btn-primary d-inline-flex d-md-none mt-15\" href=\"https:\/\/satchel.eu\/lt\/security\">Daugiau apie saugum\u0105<\/a>\n      <\/div>\n<\/p><\/div>\n<\/p><\/div>\n<div class=\"container mt-md-90 mt-45\">\n<h2 class=\"text-center mb-15\">Ar esate pasireng\u0119 atidaryti verslo s\u0105skait\u0105?<\/h2>\n<div class=\"row\">\n<div class=\"col-lg-14 mx-auto\">\n<p class=\"text-center\">Spustel\u0117kite mygtuk\u0105 \u017eemiau, kad prad\u0117tum\u0117te pra\u0161ymo teikimo proces\u0105.<\/p>\n<div class=\"text-center\"><a class=\"btn btn-primary js-business-acc-opening-link\" href=\"https:\/\/my.satchel.eu\/#\/registration\/business\/\">Atidaryti verslo s\u0105skait\u0105<\/a><\/div>\n<\/p><\/div>\n<\/p><\/div>\n<\/p><\/div>\n<\/section>\n","protected":false},"excerpt":{"rendered":"<p>Reikaling\u0173 dokument\u0173 s\u0105ra\u0161as, norint atidaryti verslo s\u0105skait\u0105 Reikalingi dokumentai verslui: 1. Pra\u0161ymo forma (pildoma internetu). 2. Geros kokyb\u0117s spalvota skenuota \u012fmon\u0117s savininko paso kopija. Asmens tapatyb\u0117s kortel\u0117s (priekin\u0117s ir galin\u0117s pusi\u0173) skenuota kopija priimama tik i\u0161 ES ir EEE pilie\u010di\u0173 ar rezident\u0173. 3. Adres\u0105 patvirtinantys dokumentai (bet kokia s\u0105skaita u\u017e komunalines paslaugas, i\u0161ra\u0161yta ne seniau&#8230;<\/p>\n","protected":false},"author":5,"featured_media":0,"parent":0,"menu_order":0,"comment_status":"closed","ping_status":"closed","template":"templates\/documents-set-for-business.php","meta":{"_acf_changed":false,"footnotes":""},"class_list":["post-112","page","type-page","status-publish","hentry"],"acf":[],"yoast_head":"<!-- This site is optimized with the Yoast SEO plugin v22.0 - https:\/\/yoast.com\/wordpress\/plugins\/seo\/ -->\n<title>Dokumentai verslo s\u0105skaitai atsidaryti<\/title>\n<meta name=\"description\" content=\"Atsidarykite verslo s\u0105skait\u0105 \u201eSatchel\u201c nuotoliniu b\u016bdu vos per kelias valandas, atlikdami kelis paprastus veiksmus.\" \/>\n<meta name=\"robots\" content=\"index, follow, max-snippet:-1, max-image-preview:large, max-video-preview:-1\" \/>\n<link rel=\"canonical\" href=\"https:\/\/satchel.eu\/lt\/documents-set-for-business\/\" \/>\n<meta property=\"og:locale\" content=\"lt_LT\" \/>\n<meta property=\"og:type\" content=\"article\" \/>\n<meta property=\"og:title\" content=\"Dokumentai verslo s\u0105skaitai atsidaryti\" \/>\n<meta property=\"og:description\" content=\"Atsidarykite verslo s\u0105skait\u0105 \u201eSatchel\u201c nuotoliniu b\u016bdu vos per kelias valandas, atlikdami kelis paprastus veiksmus.\" \/>\n<meta property=\"og:url\" content=\"https:\/\/satchel.eu\/lt\/documents-set-for-business\/\" \/>\n<meta property=\"og:site_name\" content=\"\u201eSatchel\u201c\" \/>\n<meta property=\"article:modified_time\" content=\"2026-02-19T09:22:20+00:00\" \/>\n<meta name=\"twitter:card\" content=\"summary_large_image\" \/>\n<script type=\"application\/ld+json\" class=\"yoast-schema-graph\">{\"@context\":\"https:\/\/schema.org\",\"@graph\":[{\"@type\":\"WebPage\",\"@id\":\"https:\/\/satchel.eu\/lt\/documents-set-for-business\/\",\"url\":\"https:\/\/satchel.eu\/lt\/documents-set-for-business\/\",\"name\":\"Dokumentai verslo s\u0105skaitai atsidaryti\",\"isPartOf\":{\"@id\":\"https:\/\/satchel.eu\/lt\/#website\"},\"datePublished\":\"2021-03-02T18:07:55+00:00\",\"dateModified\":\"2026-02-19T09:22:20+00:00\",\"description\":\"Atsidarykite verslo s\u0105skait\u0105 \u201eSatchel\u201c nuotoliniu b\u016bdu vos per kelias valandas, atlikdami kelis paprastus veiksmus.\",\"breadcrumb\":{\"@id\":\"https:\/\/satchel.eu\/lt\/documents-set-for-business\/#breadcrumb\"},\"inLanguage\":\"lt-LT\",\"potentialAction\":[{\"@type\":\"ReadAction\",\"target\":[\"https:\/\/satchel.eu\/lt\/documents-set-for-business\/\"]}]},{\"@type\":\"BreadcrumbList\",\"@id\":\"https:\/\/satchel.eu\/lt\/documents-set-for-business\/#breadcrumb\",\"itemListElement\":[{\"@type\":\"ListItem\",\"position\":1,\"name\":\"Satchel\",\"item\":\"https:\/\/satchel.eu\/lt\/\"},{\"@type\":\"ListItem\",\"position\":2,\"name\":\"Dokumentai verslo klientams\"}]},{\"@type\":\"WebSite\",\"@id\":\"https:\/\/satchel.eu\/lt\/#website\",\"url\":\"https:\/\/satchel.eu\/lt\/\",\"name\":\"\u201eSatchel\u201c\",\"description\":\"J\u016bs\u0173 pinig\u0173 valdymo sprendimas\",\"publisher\":{\"@id\":\"https:\/\/satchel.eu\/lt\/#organization\"},\"potentialAction\":[{\"@type\":\"SearchAction\",\"target\":{\"@type\":\"EntryPoint\",\"urlTemplate\":\"https:\/\/satchel.eu\/lt\/?s={search_term_string}\"},\"query-input\":\"required name=search_term_string\"}],\"inLanguage\":\"lt-LT\"},{\"@type\":\"Organization\",\"@id\":\"https:\/\/satchel.eu\/lt\/#organization\",\"name\":\"Satchel\",\"url\":\"https:\/\/satchel.eu\/lt\/\",\"logo\":{\"@type\":\"ImageObject\",\"inLanguage\":\"lt-LT\",\"@id\":\"https:\/\/satchel.eu\/lt\/#\/schema\/logo\/image\/\",\"url\":\"https:\/\/satchel.eu\/lt\/wp-content\/uploads\/sites\/2\/2021\/05\/logo-black.jpg\",\"contentUrl\":\"https:\/\/satchel.eu\/lt\/wp-content\/uploads\/sites\/2\/2021\/05\/logo-black.jpg\",\"width\":135,\"height\":32,\"caption\":\"Satchel\"},\"image\":{\"@id\":\"https:\/\/satchel.eu\/lt\/#\/schema\/logo\/image\/\"}}]}<\/script>\n<!-- \/ Yoast SEO plugin. -->","yoast_head_json":{"title":"Dokumentai verslo s\u0105skaitai atsidaryti","description":"Atsidarykite verslo s\u0105skait\u0105 \u201eSatchel\u201c nuotoliniu b\u016bdu vos per kelias valandas, atlikdami kelis paprastus veiksmus.","robots":{"index":"index","follow":"follow","max-snippet":"max-snippet:-1","max-image-preview":"max-image-preview:large","max-video-preview":"max-video-preview:-1"},"canonical":"https:\/\/satchel.eu\/lt\/documents-set-for-business\/","og_locale":"lt_LT","og_type":"article","og_title":"Dokumentai verslo s\u0105skaitai atsidaryti","og_description":"Atsidarykite verslo s\u0105skait\u0105 \u201eSatchel\u201c nuotoliniu b\u016bdu vos per kelias valandas, atlikdami kelis paprastus veiksmus.","og_url":"https:\/\/satchel.eu\/lt\/documents-set-for-business\/","og_site_name":"\u201eSatchel\u201c","article_modified_time":"2026-02-19T09:22:20+00:00","twitter_card":"summary_large_image","schema":{"@context":"https:\/\/schema.org","@graph":[{"@type":"WebPage","@id":"https:\/\/satchel.eu\/lt\/documents-set-for-business\/","url":"https:\/\/satchel.eu\/lt\/documents-set-for-business\/","name":"Dokumentai verslo s\u0105skaitai atsidaryti","isPartOf":{"@id":"https:\/\/satchel.eu\/lt\/#website"},"datePublished":"2021-03-02T18:07:55+00:00","dateModified":"2026-02-19T09:22:20+00:00","description":"Atsidarykite verslo s\u0105skait\u0105 \u201eSatchel\u201c nuotoliniu b\u016bdu vos per kelias valandas, atlikdami kelis paprastus veiksmus.","breadcrumb":{"@id":"https:\/\/satchel.eu\/lt\/documents-set-for-business\/#breadcrumb"},"inLanguage":"lt-LT","potentialAction":[{"@type":"ReadAction","target":["https:\/\/satchel.eu\/lt\/documents-set-for-business\/"]}]},{"@type":"BreadcrumbList","@id":"https:\/\/satchel.eu\/lt\/documents-set-for-business\/#breadcrumb","itemListElement":[{"@type":"ListItem","position":1,"name":"Satchel","item":"https:\/\/satchel.eu\/lt\/"},{"@type":"ListItem","position":2,"name":"Dokumentai verslo klientams"}]},{"@type":"WebSite","@id":"https:\/\/satchel.eu\/lt\/#website","url":"https:\/\/satchel.eu\/lt\/","name":"\u201eSatchel\u201c","description":"J\u016bs\u0173 pinig\u0173 valdymo sprendimas","publisher":{"@id":"https:\/\/satchel.eu\/lt\/#organization"},"potentialAction":[{"@type":"SearchAction","target":{"@type":"EntryPoint","urlTemplate":"https:\/\/satchel.eu\/lt\/?s={search_term_string}"},"query-input":"required name=search_term_string"}],"inLanguage":"lt-LT"},{"@type":"Organization","@id":"https:\/\/satchel.eu\/lt\/#organization","name":"Satchel","url":"https:\/\/satchel.eu\/lt\/","logo":{"@type":"ImageObject","inLanguage":"lt-LT","@id":"https:\/\/satchel.eu\/lt\/#\/schema\/logo\/image\/","url":"https:\/\/satchel.eu\/lt\/wp-content\/uploads\/sites\/2\/2021\/05\/logo-black.jpg","contentUrl":"https:\/\/satchel.eu\/lt\/wp-content\/uploads\/sites\/2\/2021\/05\/logo-black.jpg","width":135,"height":32,"caption":"Satchel"},"image":{"@id":"https:\/\/satchel.eu\/lt\/#\/schema\/logo\/image\/"}}]}},"_links":{"self":[{"href":"https:\/\/satchel.eu\/lt\/wp-json\/wp\/v2\/pages\/112","targetHints":{"allow":["GET"]}}],"collection":[{"href":"https:\/\/satchel.eu\/lt\/wp-json\/wp\/v2\/pages"}],"about":[{"href":"https:\/\/satchel.eu\/lt\/wp-json\/wp\/v2\/types\/page"}],"author":[{"embeddable":true,"href":"https:\/\/satchel.eu\/lt\/wp-json\/wp\/v2\/users\/5"}],"replies":[{"embeddable":true,"href":"https:\/\/satchel.eu\/lt\/wp-json\/wp\/v2\/comments?post=112"}],"version-history":[{"count":12,"href":"https:\/\/satchel.eu\/lt\/wp-json\/wp\/v2\/pages\/112\/revisions"}],"predecessor-version":[{"id":4208,"href":"https:\/\/satchel.eu\/lt\/wp-json\/wp\/v2\/pages\/112\/revisions\/4208"}],"wp:attachment":[{"href":"https:\/\/satchel.eu\/lt\/wp-json\/wp\/v2\/media?parent=112"}],"curies":[{"name":"wp","href":"https:\/\/api.w.org\/{rel}","templated":true}]}}