{"id":114,"date":"2021-03-02T20:08:43","date_gmt":"2021-03-02T18:08:43","guid":{"rendered":"https:\/\/satchel.eu\/?page_id=114"},"modified":"2026-02-19T11:22:04","modified_gmt":"2026-02-19T09:22:04","slug":"documents-set-for-personal","status":"publish","type":"page","link":"https:\/\/satchel.eu\/lt\/documents-set-for-personal\/","title":{"rendered":"Dokumentai privatiems klientams"},"content":{"rendered":"<section class=\"section mh-lg-460px d-lg-flex align-items-lg-center\">\r\n  <div class=\"container\">\r\n    <div class=\"row\">\r\n      <div class=\"col-lg-12 mx-auto\">\r\n        <h1 class=\"mb-0 text-center\">Reikaling\u0173 dokument\u0173 s\u0105ra\u0161as, norint atidaryti asmenin\u0119 s\u0105skait\u0105<\/h1>\r\n      <\/div>\r\n    <\/div>\r\n    <div class=\"d-flex align-items-center justify-content-center mt-30\">\r\n      <a href=\"#section2\" class=\"js-scroll-to\"><img decoding=\"async\" class=\"lazyload\" data-src=\"https:\/\/satchel.eu\/lt\/wp-content\/themes\/satchel\/public\/img\/hero-scroll-down-icon.svg?v=2.5\" src=\"data:image\/gif;base64,R0lGODlhAQABAAAAACH5BAEKAAEALAAAAAABAAEAAAICTAEAOw==\" alt><\/a>\r\n    <\/div>\r\n  <\/div>\r\n<\/section>\r\n\r\n<section class=\"section\" id=\"section2\">\r\n  <div class=\"container no-grayscale\">\r\n    <div class=\"row\">\r\n      <div class=\"col-md-8 col-lg-6 offset-lg-1\">\r\n        <h2 class=\"mb-15\">Reikalingi dokumentai asmeniui:<\/h2>\r\n      <\/div>\r\n    <\/div>\r\n    <div class=\"row\">\r\n      <div class=\"col-md-8 col-lg-6 offset-lg-1 mb-md-0 mb-30\">\r\n        <p class=\"mb-0\">\r\n          1. <b>Pasas arba asmens tapatyb\u0117s kortel\u0117<\/b>:<br><br>\r\n           ES \/ EEE pilie\u010diai gali pasirinkti nuskaityti savo asmens tapatyb\u0117s kortel\u0119 arba tarptautin\u012f pas\u0105. Ne ES pilie\u010diai turi pateikti tarptautin\u012f pas\u0105. Tikrinimas atliekamas naudojant Ondato sistem\u0105.<br><br>\r\n          2. <b>Adreso \u012frodymas<\/b>:<br><br>\r\n          Galite pateikti bet koki\u0105 komunalini\u0173 paslaug\u0173 s\u0105skait\u0105 arba banko i\u0161ra\u0161\u0105, i\u0161verst\u0105 \u012f angl\u0173 arba lietuvi\u0173 kalb\u0105, datuot\u0105 ne seniau kaip prie\u0161 3 m\u0117nesius.<br><br>\r\n          Parai\u0161kos forma turi b\u016bti u\u017epildyta <a href=\"https:\/\/my.satchel.eu\/#\/registration\/personal\">internetu<\/a>. Prie\u0161 pradedant teikti parai\u0161k\u0105, primygtinai rekomenduojame patikrinti, ar j\u016bs\u0173 \u0161alis n\u0117ra \u012ftraukta \u012f juod\u0105j\u012f s\u0105ra\u0161\u0105 \u012ftraukt\u0173 <a href=\"https:\/\/satchel.eu\/lt\/prohibited-countries-and-activities\/\">jurisdikcij\u0173<\/a> s\u0105ra\u0161e.\r\n        <\/p>\r\n      <\/div>\r\n      <div class=\"col-md-8 col-lg-6 offset-lg-1\">\r\n        <!-- <p class=\"h4 mb-30\">Passport requirements<\/p> -->\r\n        <div class=\"d-flex flex-row flex-wrap\">\r\n          <div class=\"d-flex align-items-center w-100 w-md-50 pr-md-20 mb-25\"><img decoding=\"async\" class=\"lazyload mr-15 mw-48px mh-48px w-48px h-48px\" data-src=\"https:\/\/satchel.eu\/lt\/wp-content\/themes\/satchel\/public\/img\/documents-set-for-personal\/icon-1.svg?v=2.5\" src=\"data:image\/gif;base64,R0lGODlhAQABAAAAACH5BAEKAAEALAAAAAABAAEAAAICTAEAOw==\" alt>\r\n            <p class=\"p-md mb-0\">ES\/EEE rezidencija neb\u016btina<\/p>\r\n          <\/div>\r\n          <div class=\"d-flex align-items-center w-100 w-md-50 pl-md-20 mb-25\"><img decoding=\"async\" class=\"lazyload mr-15 mw-48px mh-48px w-48px h-48px\" data-src=\"https:\/\/satchel.eu\/lt\/wp-content\/themes\/satchel\/public\/img\/documents-set-for-personal\/icon-2.svg?v=2.5\" src=\"data:image\/gif;base64,R0lGODlhAQABAAAAACH5BAEKAAEALAAAAAABAAEAAAICTAEAOw==\" alt>\r\n            <p class=\"p-md mb-0\">\u012edarbinimo \u012frodymas neb\u016btinas<\/p>\r\n          <\/div>\r\n          <div class=\"d-flex align-items-center w-100 w-md-50 pr-md-20 mb-25 mb-md-0\"><img decoding=\"async\" class=\"lazyload mr-15 mw-48px mh-48px w-48px h-48px\" data-src=\"https:\/\/satchel.eu\/lt\/wp-content\/themes\/satchel\/public\/img\/documents-set-for-personal\/icon-3.svg?v=2.5\" src=\"data:image\/gif;base64,R0lGODlhAQABAAAAACH5BAEKAAEALAAAAAABAAEAAAICTAEAOw==\" alt>\r\n            <p class=\"p-md mb-0\">J\u016bs\u0173 \u0161alies komunalini\u0173 paslaug\u0173 s\u0105skaita galioja kaip adreso \u012frodymas<\/p>\r\n          <\/div>\r\n          <div class=\"d-flex align-items-center w-100 w-md-50 pl-md-20\"><img decoding=\"async\" class=\"lazyload mr-15 mw-48px mh-48px w-48px h-48px\" data-src=\"https:\/\/satchel.eu\/lt\/wp-content\/themes\/satchel\/public\/img\/documents-set-for-personal\/icon-4.svg?v=2.5\" src=\"data:image\/gif;base64,R0lGODlhAQABAAAAACH5BAEKAAEALAAAAAABAAEAAAICTAEAOw==\" alt>\r\n            <p class=\"p-md mb-0\">Paslauga teikiama 18 met\u0173 ir vyresniems suaugusiems<\/p>\r\n          <\/div>\r\n        <\/div>\r\n      <\/div>\r\n    <\/div>\r\n    <div class=\"container mt-md-90 mt-45\">\r\n      <h2 class=\"text-center mb-15\">Ar esate pasireng\u0119 atidaryti asmenin\u0119 s\u0105skait\u0105?<\/h2>\r\n      <div class=\"row\">\r\n        <div class=\"col-lg-14 mx-auto\">\r\n          <p class=\"text-center\">Spustel\u0117kite mygtuk\u0105 \u017eemiau, kad prad\u0117tum\u0117te pra\u0161ymo teikimo proces\u0105.<\/p>\r\n\r\n          <div class=\"text-center\"><a class=\"btn btn-primary js-personal-acc-opening-link\" href=\"https:\/\/my.satchel.eu\/#\/registration\/personal\">Atidaryti asmenin\u0119 s\u0105skait\u0105<\/a><\/div>\r\n        <\/div>\r\n      <\/div>\r\n    <\/div>\r\n  <\/div>\r\n<\/section>","protected":false},"excerpt":{"rendered":"Reikaling\u0173 dokument\u0173 s\u0105ra\u0161as, norint atidaryti asmenin\u0119 s\u0105skait\u0105 Reikalingi dokumentai asmeniui: 1. Pasas arba asmens tapatyb\u0117s kortel\u0117: ES \/ EEE pilie\u010diai gali pasirinkti nuskaityti savo asmens tapatyb\u0117s kortel\u0119 arba tarptautin\u012f pas\u0105. Ne ES pilie\u010diai turi pateikti tarptautin\u012f pas\u0105. Tikrinimas atliekamas naudojant Ondato sistem\u0105. 2. Adreso \u012frodymas: Galite pateikti bet koki\u0105 komunalini\u0173 paslaug\u0173 s\u0105skait\u0105 arba banko i\u0161ra\u0161\u0105,&#8230;","protected":false},"author":5,"featured_media":0,"parent":0,"menu_order":0,"comment_status":"closed","ping_status":"closed","template":"templates\/documents-set-for-personal.php","meta":{"_acf_changed":false,"footnotes":""},"class_list":["post-114","page","type-page","status-publish","hentry"],"acf":[],"yoast_head":"<!-- This site is optimized with the Yoast SEO plugin v22.0 - https:\/\/yoast.com\/wordpress\/plugins\/seo\/ -->\n<title>B\u016btini dokumentai asmeninei s\u0105skaitai atsidaryti<\/title>\n<meta name=\"description\" content=\"Atsidarykite asmenin\u0119 s\u0105skait\u0105 \u201eSatchel\u201c nuotoliniu b\u016bdu vos per kelias valandas, atlikdami kelis paprastus veiksmus.\" \/>\n<meta name=\"robots\" content=\"index, follow, max-snippet:-1, max-image-preview:large, max-video-preview:-1\" \/>\n<link rel=\"canonical\" href=\"https:\/\/satchel.eu\/lt\/documents-set-for-personal\/\" \/>\n<meta property=\"og:locale\" content=\"lt_LT\" \/>\n<meta property=\"og:type\" content=\"article\" \/>\n<meta property=\"og:title\" content=\"B\u016btini dokumentai asmeninei s\u0105skaitai atsidaryti\" \/>\n<meta property=\"og:description\" content=\"Atsidarykite asmenin\u0119 s\u0105skait\u0105 \u201eSatchel\u201c nuotoliniu b\u016bdu vos per kelias valandas, atlikdami kelis paprastus veiksmus.\" \/>\n<meta property=\"og:url\" content=\"https:\/\/satchel.eu\/lt\/documents-set-for-personal\/\" \/>\n<meta property=\"og:site_name\" content=\"\u201eSatchel\u201c\" \/>\n<meta property=\"article:modified_time\" content=\"2026-02-19T09:22:04+00:00\" \/>\n<meta name=\"twitter:card\" content=\"summary_large_image\" \/>\n<script type=\"application\/ld+json\" class=\"yoast-schema-graph\">{\"@context\":\"https:\/\/schema.org\",\"@graph\":[{\"@type\":\"WebPage\",\"@id\":\"https:\/\/satchel.eu\/lt\/documents-set-for-personal\/\",\"url\":\"https:\/\/satchel.eu\/lt\/documents-set-for-personal\/\",\"name\":\"B\u016btini dokumentai asmeninei s\u0105skaitai atsidaryti\",\"isPartOf\":{\"@id\":\"https:\/\/satchel.eu\/lt\/#website\"},\"datePublished\":\"2021-03-02T18:08:43+00:00\",\"dateModified\":\"2026-02-19T09:22:04+00:00\",\"description\":\"Atsidarykite asmenin\u0119 s\u0105skait\u0105 \u201eSatchel\u201c nuotoliniu b\u016bdu vos per kelias valandas, atlikdami kelis paprastus veiksmus.\",\"breadcrumb\":{\"@id\":\"https:\/\/satchel.eu\/lt\/documents-set-for-personal\/#breadcrumb\"},\"inLanguage\":\"lt-LT\",\"potentialAction\":[{\"@type\":\"ReadAction\",\"target\":[\"https:\/\/satchel.eu\/lt\/documents-set-for-personal\/\"]}]},{\"@type\":\"BreadcrumbList\",\"@id\":\"https:\/\/satchel.eu\/lt\/documents-set-for-personal\/#breadcrumb\",\"itemListElement\":[{\"@type\":\"ListItem\",\"position\":1,\"name\":\"Satchel\",\"item\":\"https:\/\/satchel.eu\/lt\/\"},{\"@type\":\"ListItem\",\"position\":2,\"name\":\"Dokumentai privatiems klientams\"}]},{\"@type\":\"WebSite\",\"@id\":\"https:\/\/satchel.eu\/lt\/#website\",\"url\":\"https:\/\/satchel.eu\/lt\/\",\"name\":\"\u201eSatchel\u201c\",\"description\":\"J\u016bs\u0173 pinig\u0173 valdymo sprendimas\",\"publisher\":{\"@id\":\"https:\/\/satchel.eu\/lt\/#organization\"},\"potentialAction\":[{\"@type\":\"SearchAction\",\"target\":{\"@type\":\"EntryPoint\",\"urlTemplate\":\"https:\/\/satchel.eu\/lt\/?s={search_term_string}\"},\"query-input\":\"required name=search_term_string\"}],\"inLanguage\":\"lt-LT\"},{\"@type\":\"Organization\",\"@id\":\"https:\/\/satchel.eu\/lt\/#organization\",\"name\":\"Satchel\",\"url\":\"https:\/\/satchel.eu\/lt\/\",\"logo\":{\"@type\":\"ImageObject\",\"inLanguage\":\"lt-LT\",\"@id\":\"https:\/\/satchel.eu\/lt\/#\/schema\/logo\/image\/\",\"url\":\"https:\/\/satchel.eu\/lt\/wp-content\/uploads\/sites\/2\/2021\/05\/logo-black.jpg\",\"contentUrl\":\"https:\/\/satchel.eu\/lt\/wp-content\/uploads\/sites\/2\/2021\/05\/logo-black.jpg\",\"width\":135,\"height\":32,\"caption\":\"Satchel\"},\"image\":{\"@id\":\"https:\/\/satchel.eu\/lt\/#\/schema\/logo\/image\/\"}}]}<\/script>\n<!-- \/ Yoast SEO plugin. -->","yoast_head_json":{"title":"B\u016btini dokumentai asmeninei s\u0105skaitai atsidaryti","description":"Atsidarykite asmenin\u0119 s\u0105skait\u0105 \u201eSatchel\u201c nuotoliniu b\u016bdu vos per kelias valandas, atlikdami kelis paprastus veiksmus.","robots":{"index":"index","follow":"follow","max-snippet":"max-snippet:-1","max-image-preview":"max-image-preview:large","max-video-preview":"max-video-preview:-1"},"canonical":"https:\/\/satchel.eu\/lt\/documents-set-for-personal\/","og_locale":"lt_LT","og_type":"article","og_title":"B\u016btini dokumentai asmeninei s\u0105skaitai atsidaryti","og_description":"Atsidarykite asmenin\u0119 s\u0105skait\u0105 \u201eSatchel\u201c nuotoliniu b\u016bdu vos per kelias valandas, atlikdami kelis paprastus veiksmus.","og_url":"https:\/\/satchel.eu\/lt\/documents-set-for-personal\/","og_site_name":"\u201eSatchel\u201c","article_modified_time":"2026-02-19T09:22:04+00:00","twitter_card":"summary_large_image","schema":{"@context":"https:\/\/schema.org","@graph":[{"@type":"WebPage","@id":"https:\/\/satchel.eu\/lt\/documents-set-for-personal\/","url":"https:\/\/satchel.eu\/lt\/documents-set-for-personal\/","name":"B\u016btini dokumentai asmeninei s\u0105skaitai atsidaryti","isPartOf":{"@id":"https:\/\/satchel.eu\/lt\/#website"},"datePublished":"2021-03-02T18:08:43+00:00","dateModified":"2026-02-19T09:22:04+00:00","description":"Atsidarykite asmenin\u0119 s\u0105skait\u0105 \u201eSatchel\u201c nuotoliniu b\u016bdu vos per kelias valandas, atlikdami kelis paprastus veiksmus.","breadcrumb":{"@id":"https:\/\/satchel.eu\/lt\/documents-set-for-personal\/#breadcrumb"},"inLanguage":"lt-LT","potentialAction":[{"@type":"ReadAction","target":["https:\/\/satchel.eu\/lt\/documents-set-for-personal\/"]}]},{"@type":"BreadcrumbList","@id":"https:\/\/satchel.eu\/lt\/documents-set-for-personal\/#breadcrumb","itemListElement":[{"@type":"ListItem","position":1,"name":"Satchel","item":"https:\/\/satchel.eu\/lt\/"},{"@type":"ListItem","position":2,"name":"Dokumentai privatiems klientams"}]},{"@type":"WebSite","@id":"https:\/\/satchel.eu\/lt\/#website","url":"https:\/\/satchel.eu\/lt\/","name":"\u201eSatchel\u201c","description":"J\u016bs\u0173 pinig\u0173 valdymo sprendimas","publisher":{"@id":"https:\/\/satchel.eu\/lt\/#organization"},"potentialAction":[{"@type":"SearchAction","target":{"@type":"EntryPoint","urlTemplate":"https:\/\/satchel.eu\/lt\/?s={search_term_string}"},"query-input":"required name=search_term_string"}],"inLanguage":"lt-LT"},{"@type":"Organization","@id":"https:\/\/satchel.eu\/lt\/#organization","name":"Satchel","url":"https:\/\/satchel.eu\/lt\/","logo":{"@type":"ImageObject","inLanguage":"lt-LT","@id":"https:\/\/satchel.eu\/lt\/#\/schema\/logo\/image\/","url":"https:\/\/satchel.eu\/lt\/wp-content\/uploads\/sites\/2\/2021\/05\/logo-black.jpg","contentUrl":"https:\/\/satchel.eu\/lt\/wp-content\/uploads\/sites\/2\/2021\/05\/logo-black.jpg","width":135,"height":32,"caption":"Satchel"},"image":{"@id":"https:\/\/satchel.eu\/lt\/#\/schema\/logo\/image\/"}}]}},"_links":{"self":[{"href":"https:\/\/satchel.eu\/lt\/wp-json\/wp\/v2\/pages\/114","targetHints":{"allow":["GET"]}}],"collection":[{"href":"https:\/\/satchel.eu\/lt\/wp-json\/wp\/v2\/pages"}],"about":[{"href":"https:\/\/satchel.eu\/lt\/wp-json\/wp\/v2\/types\/page"}],"author":[{"embeddable":true,"href":"https:\/\/satchel.eu\/lt\/wp-json\/wp\/v2\/users\/5"}],"replies":[{"embeddable":true,"href":"https:\/\/satchel.eu\/lt\/wp-json\/wp\/v2\/comments?post=114"}],"version-history":[{"count":18,"href":"https:\/\/satchel.eu\/lt\/wp-json\/wp\/v2\/pages\/114\/revisions"}],"predecessor-version":[{"id":4207,"href":"https:\/\/satchel.eu\/lt\/wp-json\/wp\/v2\/pages\/114\/revisions\/4207"}],"wp:attachment":[{"href":"https:\/\/satchel.eu\/lt\/wp-json\/wp\/v2\/media?parent=114"}],"curies":[{"name":"wp","href":"https:\/\/api.w.org\/{rel}","templated":true}]}}