{"id":132,"date":"2021-03-02T20:30:37","date_gmt":"2021-03-02T18:30:37","guid":{"rendered":"https:\/\/satchel.eu\/?page_id=132"},"modified":"2026-04-20T15:46:48","modified_gmt":"2026-04-20T12:46:48","slug":"prasiniu-medziagu-rinkinys","status":"publish","type":"page","link":"https:\/\/satchel.eu\/lt\/prasiniu-medziagu-rinkinys\/","title":{"rendered":"Spaudai"},"content":{"rendered":"<section class=\"section pt-45 pt-md-70 pb-0\">\n<div class=\"container\">\n<div class=\"row\">\n<div class=\"col-md-8 col-lg-6 offset-lg-2\">\n<h1 class=\"mb-15\">Spaudai<\/h1>\n<\/p><\/div>\n<\/p><\/div>\n<div class=\"row\">\n<div class=\"col-md-8 col-lg-6 offset-lg-2 mb-30 mb-lg-0\">\n<p class=\"mb-0\">D\u0117kojame, kad domit\u0117s \u201eSatchel\u201c.<br \/>\n          \u010cia rasite daugiau informacijos apie mus ir m\u016bs\u0173 logotip\u0105, taip pat nuotrauk\u0173 ir naujien\u0173.<\/p>\n<\/p><\/div>\n<div class=\"col-md-8 col-lg-4 offset-lg-2\">\n        <a class=\"contact-card__link w-100 d-inline-flex align-items-center justify-content-center\" href=\"mailto:marketing@satchel.eu\"><svg xmlns=\"http:\/\/www.w3.org\/2000\/svg\" width=\"17\" height=\"16\" class=\"mr-5\"><g fill=\"none\" fill-rule=\"evenodd\"><path d=\"M.5 0h16v16H.5z\"\/><path d=\"M15 3H2c-.277 0-.5.223-.5.5v10c0 .277.223.5.5.5h13c.277 0 .5-.223.5-.5v-10c0-.277-.223-.5-.5-.5zm-.625 1.731v8.144H2.625V4.731l-.431-.336.614-.789.669.52h10.048l.669-.52.614.79-.433.335zm-.85-.606L8.5 8.031 3.475 4.125l-.669-.52-.614.789.431.336 5.338 4.15a.875.875 0 001.073 0l5.341-4.149.431-.336-.614-.789-.667.519z\" fill=\"#212121\" fill-rule=\"nonzero\"\/><\/g><\/svg>marketing@satchel.eu<\/a><\/p>\n<p class=\"p-md2 text-gray8 text-center mt-10 mb-0\">Spaudos u\u017eklausoms<\/p>\n<\/p><\/div>\n<\/p><\/div>\n<\/p><\/div>\n<\/section>\n<section class=\"section pt-lg-110 pt-90\">\n<div class=\"container\">\n<div class=\"row\">\n<div class=\"col-lg-12 col-xl-10 mx-auto\">\n<div class=\"d-block d-md-flex align-items-md-center justify-content-md-between mb-5\">\n<h2 class=\"mb-0\">Gaukite naujausi\u0105 informacij\u0105<\/h2>\n<p>          <a class=\"btn btn-link d-none d-md-inline-flex\" href=\"\/news\/\">\u017di\u016br\u0117ti visus <svg xmlns=\"http:\/\/www.w3.org\/2000\/svg\" width=\"17\" height=\"16\" viewBox=\"0 0 17 16\"> <g fill=\"none\" fill-rule=\"evenodd\"> <g> <g> <g> <g> <path d=\"M0 0H16V16H0z\" transform=\"translate(-313 -1628) translate(271 1615) translate(.018 12) translate(42 1)\"\/> <path class=\"path\" fill=\"#4854FF\" d=\"M14.96 8.19c.05-.12.05-.26 0-.38-.03-.06-.06-.12-.11-.16l-4-4c-.2-.2-.51-.2-.71 0-.2.2-.2.51 0 .71l3.15 3.15H1.5C1.22 7.5 1 7.72 1 8s.22.5.5.5h11.79l-3.15 3.15c-.2.2-.2.51 0 .71.1.1.23.15.35.15.12 0 .26-.05.35-.15l4-4c.06-.05.1-.11.12-.17z\" transform=\"translate(-313 -1628) translate(271 1615) translate(.018 12) translate(42 1)\"\/> <\/g> <\/g> <\/g> <\/g> <\/g><\/svg><\/a>\n        <\/div>\n<p class=\"mb-25\">Nor\u0117dami gauti naujausi\u0105 informacij\u0105, per\u017ei\u016br\u0117kite m\u016bs\u0173 paskutini\u0173 naujien\u0173 skilt\u012f.<\/p>\n<div class=\"latest-news mb-20 mb-md-0\">\n<div class=\"latest-news__item\">\n<div class=\"news d-flex flex-column\">\n                <a href=\"\/blog\/satchel-becomes-the-partner-of-bc-rytas-fan-flight-to-the-bcl-final-four\" class=\"d-block\"><br \/>\n                  <img decoding=\"async\"\n                    class=\"news__img mb-15 lazyload\"\n                    data-src=\"https:\/\/satchel.eu\/lt\/wp-content\/uploads\/2026\/04\/img-final-a-1046x665.jpg\"\n                    src=\"data:image\/gif;base64,R0lGODlhAQABAAAAACH5BAEKAAEALAAAAAABAAEAAAICTAEAOw==\"\n                    alt=\"Satchel becomes the partner of BC Rytas\u2019s fan flight to the BCL Final Four\"\n                  ><br \/>\n                <\/a><br \/>\n                <a href=\"\/blog\/satchel-becomes-the-partner-of-bc-rytas-fan-flight-to-the-bcl-final-four\" class=\"news__title mb-10\">Satchel becomes the partner of BC Rytas\u2019s fan flight to the BCL Final Four<\/a><\/p>\n<div class=\"news__excerpt mb-15\">\n                  When we say we\u2019re in this together, we mean it&hellip;                <\/div>\n<div class=\"d-flex align-items-center justify-content-between mt-auto\">\n<div class=\"d-flex flex-wrap\">\n<div class=\"news__tag news__tag--yellow mr-5 my-5\"><a href=\"https:\/\/satchel.eu\/blog\/category\/corporate-social-responsibility\/\">Corporate social responsibility<\/a><\/div>\n<div class=\"news__tag news__tag--yellow mr-5 my-5\"><a href=\"https:\/\/satchel.eu\/blog\/category\/interesting-news\/\">Interesting news<\/a><\/div>\n<div class=\"news__tag news__tag--yellow mr-5 my-5\"><a href=\"https:\/\/satchel.eu\/blog\/category\/satchel-news\/\">Satchel news<\/a><\/div>\n<\/p><\/div>\n<div class=\"news__date ml-5\">23 Bal 2026<\/div>\n<\/p><\/div>\n<\/p><\/div>\n<\/p><\/div>\n<div class=\"latest-news__item\">\n<div class=\"news d-flex flex-column\">\n                <a href=\"\/blog\/satchel-is-bc-rytas-silver-sponsor-for-two-more-seasons\" class=\"d-block\"><br \/>\n                  <img decoding=\"async\"\n                    class=\"news__img mb-15 lazyload\"\n                    data-src=\"https:\/\/satchel.eu\/lt\/wp-content\/uploads\/2025\/09\/satchel-is-bc-rytas-silver-sponsor-for-two-more-seasons-1046x665.jpg\"\n                    src=\"data:image\/gif;base64,R0lGODlhAQABAAAAACH5BAEKAAEALAAAAAABAAEAAAICTAEAOw==\"\n                    alt=\"Strengthening the bond: Satchel is BC Rytas\u2019s silver sponsor for two more seasons\"\n                  ><br \/>\n                <\/a><br \/>\n                <a href=\"\/blog\/satchel-is-bc-rytas-silver-sponsor-for-two-more-seasons\" class=\"news__title mb-10\">Strengthening the bond: Satchel is BC Rytas\u2019s silver sponsor for two more seasons<\/a><\/p>\n<div class=\"news__excerpt mb-15\">\n                  We\u2019re excited to announce that Satchel is continuing to be&hellip;                <\/div>\n<div class=\"d-flex align-items-center justify-content-between mt-auto\">\n<div class=\"d-flex flex-wrap\">\n<div class=\"news__tag news__tag--yellow mr-5 my-5\"><a href=\"https:\/\/satchel.eu\/blog\/category\/corporate-social-responsibility\/\">Corporate social responsibility<\/a><\/div>\n<div class=\"news__tag news__tag--yellow mr-5 my-5\"><a href=\"https:\/\/satchel.eu\/blog\/category\/satchel-news\/\">Satchel news<\/a><\/div>\n<\/p><\/div>\n<div class=\"news__date ml-5\">18 Rgs 2025<\/div>\n<\/p><\/div>\n<\/p><\/div>\n<\/p><\/div>\n<div class=\"latest-news__item\">\n<div class=\"news d-flex flex-column\">\n                <a href=\"\/blog\/satchel-earns-prestigious-top-company-2025-award\" class=\"d-block\"><br \/>\n                  <img decoding=\"async\"\n                    class=\"news__img mb-15 lazyload\"\n                    data-src=\"https:\/\/satchel.eu\/lt\/wp-content\/uploads\/2025\/09\/satchel-earns-prestigious-top-company-2025-award-1046x665.jpg\"\n                    src=\"data:image\/gif;base64,R0lGODlhAQABAAAAACH5BAEKAAEALAAAAAABAAEAAAICTAEAOw==\"\n                    alt=\"Satchel earns prestigious Top Company 2025 award\"\n                  ><br \/>\n                <\/a><br \/>\n                <a href=\"\/blog\/satchel-earns-prestigious-top-company-2025-award\" class=\"news__title mb-10\">Satchel earns prestigious Top Company 2025 award<\/a><\/p>\n<div class=\"news__excerpt mb-15\">\n                  We\u2019re proud to announce that Satchel has been recognized with&hellip;                <\/div>\n<div class=\"d-flex align-items-center justify-content-between mt-auto\">\n<div class=\"d-flex flex-wrap\">\n<div class=\"news__tag news__tag--yellow mr-5 my-5\"><a href=\"https:\/\/satchel.eu\/blog\/category\/satchel-news\/\">Satchel news<\/a><\/div>\n<\/p><\/div>\n<div class=\"news__date ml-5\">16 Rgs 2025<\/div>\n<\/p><\/div>\n<\/p><\/div>\n<\/p><\/div>\n<\/p><\/div>\n<div class=\"d-flex d-md-none justify-content-end\"><a class=\"btn btn-link\" href=\"\/news\/\">\u017di\u016br\u0117ti visus <svg xmlns=\"http:\/\/www.w3.org\/2000\/svg\" width=\"17\" height=\"16\" viewBox=\"0 0 17 16\"> <g fill=\"none\" fill-rule=\"evenodd\"> <g> <g> <g> <g> <path d=\"M0 0H16V16H0z\" transform=\"translate(-313 -1628) translate(271 1615) translate(.018 12) translate(42 1)\"\/> <path class=\"path\" fill=\"#4854FF\" d=\"M14.96 8.19c.05-.12.05-.26 0-.38-.03-.06-.06-.12-.11-.16l-4-4c-.2-.2-.51-.2-.71 0-.2.2-.2.51 0 .71l3.15 3.15H1.5C1.22 7.5 1 7.72 1 8s.22.5.5.5h11.79l-3.15 3.15c-.2.2-.2.51 0 .71.1.1.23.15.35.15.12 0 .26-.05.35-.15l4-4c.06-.05.1-.11.12-.17z\" transform=\"translate(-313 -1628) translate(271 1615) translate(.018 12) translate(42 1)\"\/> <\/g> <\/g> <\/g> <\/g> <\/g><\/svg><\/a><\/div>\n<\/p><\/div>\n<\/p><\/div>\n<div class=\"row mt-90 mt-lg-110\">\n<div class=\"col-md-8 col-lg-6 offset-lg-2 border-right mb-25 mb-md-0\">\n<div class=\"h4 text-center mb-25\">\u012emon\u0117s informacija<\/div>\n<div class=\"text-center\"><a class=\"btn btn-primary\" href=\"https:\/\/satchel.eu\/lt\/about-us\/\">Daugiau informacijos apie mus<\/a><\/div>\n<\/p><\/div>\n<div class=\"col-md-8 col-lg-6\">\n<div class=\"h4 text-center mb-25\">Vaizdiniai i\u0161tekliai<\/div>\n<div class=\"text-center\"><a class=\"btn btn-primary d-inline-flex align-items-center\" href=\"https:\/\/satchel.eu\/lt\/wp-content\/themes\/satchel\/public\/img\/logo-black.svg?v=2.5\" download><svg xmlns=\"http:\/\/www.w3.org\/2000\/svg\" width=\"17\" height=\"16\" class=\"mr-5\"><g fill=\"none\" fill-rule=\"evenodd\"><path d=\"M16.5 0v16H.5V0z\"\/><path fill=\"#212121\" fill-rule=\"nonzero\" d=\"M8.31 14.96a.5.5 0 00.38 0c.06-.03.12-.06.16-.11l4-4c.2-.2.2-.51 0-.71-.2-.2-.51-.2-.71 0l-3.15 3.15V1.5C9 1.22 8.78 1 8.5 1s-.5.22-.5.5v11.79l-3.15-3.15c-.2-.2-.51-.2-.71 0a.485.485 0 000 .7l4 4c.05.06.11.1.17.12z\"\/><\/g><\/svg>Parsisi\u0173sti i\u0161teklius<\/a><\/div>\n<\/p><\/div>\n<\/p><\/div>\n<\/section>\n","protected":false},"excerpt":{"rendered":"Spaudai D\u0117kojame, kad domit\u0117s \u201eSatchel\u201c. \u010cia rasite daugiau informacijos apie mus ir m\u016bs\u0173 logotip\u0105, taip pat nuotrauk\u0173 ir naujien\u0173. marketing@satchel.eu Spaudos u\u017eklausoms Gaukite naujausi\u0105 informacij\u0105 \u017di\u016br\u0117ti visus Nor\u0117dami gauti naujausi\u0105 informacij\u0105, per\u017ei\u016br\u0117kite m\u016bs\u0173 paskutini\u0173 naujien\u0173 skilt\u012f. Satchel becomes the partner of BC Rytas\u2019s fan flight to the BCL Final Four When we say we\u2019re in&#8230;","protected":false},"author":5,"featured_media":0,"parent":0,"menu_order":0,"comment_status":"closed","ping_status":"closed","template":"templates\/press-kit.php","meta":{"_acf_changed":false,"footnotes":""},"class_list":["post-132","page","type-page","status-publish","hentry"],"acf":[],"yoast_head":"<!-- This site is optimized with the Yoast SEO plugin v22.0 - https:\/\/yoast.com\/wordpress\/plugins\/seo\/ -->\n<title>Informacija spaudai - \u201eSatchel\u201c<\/title>\n<meta name=\"description\" content=\"Su\u017einokite daugiau apie \u201eSatchel\u201c ir parsisi\u0173skite vaizdinius i\u0161teklius.\" \/>\n<meta name=\"robots\" content=\"index, follow, max-snippet:-1, max-image-preview:large, max-video-preview:-1\" \/>\n<link rel=\"canonical\" href=\"https:\/\/satchel.eu\/lt\/prasiniu-medziagu-rinkinys\/\" \/>\n<meta property=\"og:locale\" content=\"lt_LT\" \/>\n<meta property=\"og:type\" content=\"article\" \/>\n<meta property=\"og:title\" content=\"Informacija spaudai - \u201eSatchel\u201c\" \/>\n<meta property=\"og:description\" content=\"Su\u017einokite daugiau apie \u201eSatchel\u201c ir parsisi\u0173skite vaizdinius i\u0161teklius.\" \/>\n<meta property=\"og:url\" content=\"https:\/\/satchel.eu\/lt\/prasiniu-medziagu-rinkinys\/\" \/>\n<meta property=\"og:site_name\" content=\"\u201eSatchel\u201c\" \/>\n<meta property=\"article:modified_time\" content=\"2026-04-20T12:46:48+00:00\" \/>\n<meta name=\"twitter:card\" content=\"summary_large_image\" \/>\n<script type=\"application\/ld+json\" class=\"yoast-schema-graph\">{\"@context\":\"https:\/\/schema.org\",\"@graph\":[{\"@type\":\"WebPage\",\"@id\":\"https:\/\/satchel.eu\/lt\/prasiniu-medziagu-rinkinys\/\",\"url\":\"https:\/\/satchel.eu\/lt\/prasiniu-medziagu-rinkinys\/\",\"name\":\"Informacija spaudai - \u201eSatchel\u201c\",\"isPartOf\":{\"@id\":\"https:\/\/satchel.eu\/lt\/#website\"},\"datePublished\":\"2021-03-02T18:30:37+00:00\",\"dateModified\":\"2026-04-20T12:46:48+00:00\",\"description\":\"Su\u017einokite daugiau apie \u201eSatchel\u201c ir parsisi\u0173skite vaizdinius i\u0161teklius.\",\"breadcrumb\":{\"@id\":\"https:\/\/satchel.eu\/lt\/prasiniu-medziagu-rinkinys\/#breadcrumb\"},\"inLanguage\":\"lt-LT\",\"potentialAction\":[{\"@type\":\"ReadAction\",\"target\":[\"https:\/\/satchel.eu\/lt\/prasiniu-medziagu-rinkinys\/\"]}]},{\"@type\":\"BreadcrumbList\",\"@id\":\"https:\/\/satchel.eu\/lt\/prasiniu-medziagu-rinkinys\/#breadcrumb\",\"itemListElement\":[{\"@type\":\"ListItem\",\"position\":1,\"name\":\"Satchel\",\"item\":\"https:\/\/satchel.eu\/lt\/\"},{\"@type\":\"ListItem\",\"position\":2,\"name\":\"Spaudai\"}]},{\"@type\":\"WebSite\",\"@id\":\"https:\/\/satchel.eu\/lt\/#website\",\"url\":\"https:\/\/satchel.eu\/lt\/\",\"name\":\"\u201eSatchel\u201c\",\"description\":\"J\u016bs\u0173 pinig\u0173 valdymo sprendimas\",\"publisher\":{\"@id\":\"https:\/\/satchel.eu\/lt\/#organization\"},\"potentialAction\":[{\"@type\":\"SearchAction\",\"target\":{\"@type\":\"EntryPoint\",\"urlTemplate\":\"https:\/\/satchel.eu\/lt\/?s={search_term_string}\"},\"query-input\":\"required name=search_term_string\"}],\"inLanguage\":\"lt-LT\"},{\"@type\":\"Organization\",\"@id\":\"https:\/\/satchel.eu\/lt\/#organization\",\"name\":\"Satchel\",\"url\":\"https:\/\/satchel.eu\/lt\/\",\"logo\":{\"@type\":\"ImageObject\",\"inLanguage\":\"lt-LT\",\"@id\":\"https:\/\/satchel.eu\/lt\/#\/schema\/logo\/image\/\",\"url\":\"https:\/\/satchel.eu\/lt\/wp-content\/uploads\/sites\/2\/2021\/05\/logo-black.jpg\",\"contentUrl\":\"https:\/\/satchel.eu\/lt\/wp-content\/uploads\/sites\/2\/2021\/05\/logo-black.jpg\",\"width\":135,\"height\":32,\"caption\":\"Satchel\"},\"image\":{\"@id\":\"https:\/\/satchel.eu\/lt\/#\/schema\/logo\/image\/\"}}]}<\/script>\n<!-- \/ Yoast SEO plugin. -->","yoast_head_json":{"title":"Informacija spaudai - \u201eSatchel\u201c","description":"Su\u017einokite daugiau apie \u201eSatchel\u201c ir parsisi\u0173skite vaizdinius i\u0161teklius.","robots":{"index":"index","follow":"follow","max-snippet":"max-snippet:-1","max-image-preview":"max-image-preview:large","max-video-preview":"max-video-preview:-1"},"canonical":"https:\/\/satchel.eu\/lt\/prasiniu-medziagu-rinkinys\/","og_locale":"lt_LT","og_type":"article","og_title":"Informacija spaudai - \u201eSatchel\u201c","og_description":"Su\u017einokite daugiau apie \u201eSatchel\u201c ir parsisi\u0173skite vaizdinius i\u0161teklius.","og_url":"https:\/\/satchel.eu\/lt\/prasiniu-medziagu-rinkinys\/","og_site_name":"\u201eSatchel\u201c","article_modified_time":"2026-04-20T12:46:48+00:00","twitter_card":"summary_large_image","schema":{"@context":"https:\/\/schema.org","@graph":[{"@type":"WebPage","@id":"https:\/\/satchel.eu\/lt\/prasiniu-medziagu-rinkinys\/","url":"https:\/\/satchel.eu\/lt\/prasiniu-medziagu-rinkinys\/","name":"Informacija spaudai - \u201eSatchel\u201c","isPartOf":{"@id":"https:\/\/satchel.eu\/lt\/#website"},"datePublished":"2021-03-02T18:30:37+00:00","dateModified":"2026-04-20T12:46:48+00:00","description":"Su\u017einokite daugiau apie \u201eSatchel\u201c ir parsisi\u0173skite vaizdinius i\u0161teklius.","breadcrumb":{"@id":"https:\/\/satchel.eu\/lt\/prasiniu-medziagu-rinkinys\/#breadcrumb"},"inLanguage":"lt-LT","potentialAction":[{"@type":"ReadAction","target":["https:\/\/satchel.eu\/lt\/prasiniu-medziagu-rinkinys\/"]}]},{"@type":"BreadcrumbList","@id":"https:\/\/satchel.eu\/lt\/prasiniu-medziagu-rinkinys\/#breadcrumb","itemListElement":[{"@type":"ListItem","position":1,"name":"Satchel","item":"https:\/\/satchel.eu\/lt\/"},{"@type":"ListItem","position":2,"name":"Spaudai"}]},{"@type":"WebSite","@id":"https:\/\/satchel.eu\/lt\/#website","url":"https:\/\/satchel.eu\/lt\/","name":"\u201eSatchel\u201c","description":"J\u016bs\u0173 pinig\u0173 valdymo sprendimas","publisher":{"@id":"https:\/\/satchel.eu\/lt\/#organization"},"potentialAction":[{"@type":"SearchAction","target":{"@type":"EntryPoint","urlTemplate":"https:\/\/satchel.eu\/lt\/?s={search_term_string}"},"query-input":"required name=search_term_string"}],"inLanguage":"lt-LT"},{"@type":"Organization","@id":"https:\/\/satchel.eu\/lt\/#organization","name":"Satchel","url":"https:\/\/satchel.eu\/lt\/","logo":{"@type":"ImageObject","inLanguage":"lt-LT","@id":"https:\/\/satchel.eu\/lt\/#\/schema\/logo\/image\/","url":"https:\/\/satchel.eu\/lt\/wp-content\/uploads\/sites\/2\/2021\/05\/logo-black.jpg","contentUrl":"https:\/\/satchel.eu\/lt\/wp-content\/uploads\/sites\/2\/2021\/05\/logo-black.jpg","width":135,"height":32,"caption":"Satchel"},"image":{"@id":"https:\/\/satchel.eu\/lt\/#\/schema\/logo\/image\/"}}]}},"_links":{"self":[{"href":"https:\/\/satchel.eu\/lt\/wp-json\/wp\/v2\/pages\/132","targetHints":{"allow":["GET"]}}],"collection":[{"href":"https:\/\/satchel.eu\/lt\/wp-json\/wp\/v2\/pages"}],"about":[{"href":"https:\/\/satchel.eu\/lt\/wp-json\/wp\/v2\/types\/page"}],"author":[{"embeddable":true,"href":"https:\/\/satchel.eu\/lt\/wp-json\/wp\/v2\/users\/5"}],"replies":[{"embeddable":true,"href":"https:\/\/satchel.eu\/lt\/wp-json\/wp\/v2\/comments?post=132"}],"version-history":[{"count":10,"href":"https:\/\/satchel.eu\/lt\/wp-json\/wp\/v2\/pages\/132\/revisions"}],"predecessor-version":[{"id":4174,"href":"https:\/\/satchel.eu\/lt\/wp-json\/wp\/v2\/pages\/132\/revisions\/4174"}],"wp:attachment":[{"href":"https:\/\/satchel.eu\/lt\/wp-json\/wp\/v2\/media?parent=132"}],"curies":[{"name":"wp","href":"https:\/\/api.w.org\/{rel}","templated":true}]}}