{"id":137,"date":"2021-03-02T20:34:58","date_gmt":"2021-03-02T18:34:58","guid":{"rendered":"https:\/\/satchel.eu\/?page_id=137"},"modified":"2026-04-20T15:47:26","modified_gmt":"2026-04-20T12:47:26","slug":"draudziamos-valstybes-ir-veiklos","status":"publish","type":"page","link":"https:\/\/satchel.eu\/lt\/draudziamos-valstybes-ir-veiklos\/","title":{"rendered":"\u012e juod\u0105j\u012f s\u0105ra\u0161\u0105 \u012ftrauktos jurisdikcijos"},"content":{"rendered":"<section class=\"section\">\r\n  <div class=\"container\">\r\n    <div class=\"row\">\r\n      <div class=\"col-lg-10 mx-auto\">\r\n        <h1 class=\"mb-15 text-center\">\u012e juod\u0105j\u012f s\u0105ra\u0161\u0105 \u012ftrauktos jurisdikcijos<\/h1>\r\n      <\/div>\r\n    <\/div>\r\n    <div class=\"row mb-40\">\r\n      <div class=\"col-lg-7 mx-auto\">\r\n        <div class=\"text-center\"><img decoding=\"async\" class=\"lazyload\" data-src=\"https:\/\/satchel.eu\/lt\/wp-content\/themes\/satchel\/public\/img\/blacklisted-countries-map3.png\" src=\"data:image\/gif;base64,R0lGODlhAQABAAAAACH5BAEKAAEALAAAAAABAAEAAAICTAEAOw==\" alt><\/div>\r\n      <\/div>\r\n    <\/div>\r\n    <p class=\"text-center mb-60\">Vykdydama savo teisinius ir reguliavimo \u012fsipareigojimus bei u\u017etikrindama auk\u0161t\u0105 kokyb\u0117s lyg\u012f, \u201eSatchel\u201c neaptarnauja joki\u0173 asmen\u0173, neturi verslo santyki\u0173 su asmenimis ir netvarko gaunam\u0173 ar siun\u010diam\u0173 mok\u0117jim\u0173, kurie yra susij\u0119 su draud\u017eiamomis \u0161alimis. Draud\u017eiam\u0173 \u0161ali\u0173 s\u0105ra\u0161as pateikiamas toliau. S\u0105ra\u0161\u0105 viena\u0161ali\u0161kai nustato \u201eSatchel\u201c ir jis gali b\u016bti reguliariai kei\u010diamas.<\/p>\r\n    <div class=\"columns-sm-2 columns-lg-4 columns-gap-sm-32\">\r\n<p>Afganistanas<\/p>\r\n<p>Amerikos Samoa<\/p>\r\n<p>Angola<\/p>\r\n<p>Banglade\u0161as<\/p>\r\n<p>Barbadosas<\/p>\r\n<p>Beninas<\/p>\r\n<p>Bisau Gvin\u0117ja<\/p>\r\n<p>Bolivija<\/p>\r\n<p>Botsvana<\/p>\r\n<p>Brun\u0117jus<\/p>\r\n<p>Burkina Fasas<\/p>\r\n<p>Burundis<\/p>\r\n<p>Centrin\u0117s Afrikos Respublika<\/p>\r\n<p>Dominika<\/p>\r\n<p>Dramblio Kaulo Krantas<\/p>\r\n<p>D\u017eibutis<\/p>\r\n<p>Eritr\u0117ja<\/p>\r\n<p>Etiopija<\/p>\r\n<p>Fid\u017eis<\/p>\r\n<p>Gabonas<\/p>\r\n<p>Gajana<\/p>\r\n<p>Gambija<\/p>\r\n<p>Gana<\/p>\r\n<p>Guamas<\/p>\r\n<p>Gvin\u0117ja<\/p>\r\n<p>Haitis<\/p>\r\n<p>Hond\u016bras<\/p>\r\n<p>Irakas<\/p>\r\n<p>Iranas<\/p>\r\n<p>JAV Mergeli\u0173 Salos<\/p>\r\n<p>Jamaika<\/p>\r\n<p>Jemenas<\/p>\r\n<p>Jungtini\u0173 Valstij\u0173 Ma\u017eosios Tolimosios Salos<\/p>\r\n<p>Kaiman\u0173 Salos<\/p>\r\n<p>Kal\u0117d\u0173 Sala<\/p>\r\n<p>Kambod\u017ea<\/p>\r\n<p>Kamer\u016bnas<\/p>\r\n<p>Kirgizija<\/p>\r\n<p>Kiribatis<\/p>\r\n<p>Kongas<\/p>\r\n<p>Kongo Demokratin\u0117 Respublika<\/p>\r\n<p>Kosovas<\/p>\r\n<p>Krymas<\/p>\r\n<p>Kuba<\/p>\r\n<p>Laosas<\/p>\r\n<p>Lesotas<\/p>\r\n<p>Libanas<\/p>\r\n<p>Liberija<\/p>\r\n<p>Libija<\/p>\r\n<p>Madagaskaras<\/p>\r\n<p>Malavis<\/p>\r\n<p>Maldyvai<\/p>\r\n<p>Malis<\/p>\r\n<p>Mauricijus<\/p>\r\n<p>Mauritanija<\/p>\r\n<p>Mianmaras<\/p>\r\n<p>Mikronezija<\/p>\r\n<p>Mongolija<\/p>\r\n<p>Mozambikas<\/p>\r\n<p>Namibija<\/p>\r\n<p>Nauru<\/p>\r\n<p>Nigerija<\/p>\r\n<p>Nigeris<\/p>\r\n<p>Nikaragva<\/p>\r\n<p>Niuj\u0117<\/p>\r\n<p>Pakistanas<\/p>\r\n<p>Palau<\/p>\r\n<p>Palestinos teritorija<\/p>\r\n<p>Panama<\/p>\r\n<p>Papua Naujoji Gvin\u0117ja<\/p>\r\n<p>Piet\u0173 Sudanas<\/p>\r\n<p>Pitcairn<\/p>\r\n<p>Pranc\u016bzijos Piet\u0173 Sritys<\/p>\r\n<p>Pusiaujo Gvin\u0117ja<\/p>\r\n<p>Ruanda<\/p>\r\n<p>Rusija<\/p>\r\n<p>Ryt\u0173 Timoras<\/p>\r\n<p>Samoa<\/p>\r\n<p>San Tom\u0117 ir Prinsip\u0117<\/p>\r\n<p>Senegalas<\/p>\r\n<p>Siera Leon\u0117<\/p>\r\n<p>Sirija<\/p>\r\n<p>Somalio Federacin\u0117 Respublika<\/p>\r\n<p>Sudanas<\/p>\r\n<p>Svazilandas<\/p>\r\n<p>Tad\u017eikistanas<\/p>\r\n<p>Tanzanija<\/p>\r\n<p>Terkso ir Kaikoso Salos<\/p>\r\n<p>Togas<\/p>\r\n<p>Tokelau sala<\/p>\r\n<p>Tonga<\/p>\r\n<p>Trinidadas ir Tobagas<\/p>\r\n<p>Turkm\u0117nistanas<\/p>\r\n<p>Tuvalu<\/p>\r\n<p>Uganda<\/p>\r\n<p>Vakar\u0173 Sachara<\/p>\r\n<p>Vanuatu<\/p>\r\n<p>Vatikano Miesto Valstyb\u0117<\/p>\r\n<p>Venesuela<\/p>\r\n<p>Zambija<\/p>\r\n<p>Zimbabv\u0117<\/p>\r\n<p>\u010cadas<\/p>\r\n<p>\u0160iaur\u0117s Kor\u0117ja (Respublika)<\/p>\r\n<p>\u0160ri Lanka<\/p>\r\n    <\/div>\r\n    <h2 class=\"mb-50 mt-40\">Draud\u017eiama (didel\u0117s rizikos) veikla<\/h2>\r\n    <div class=\"mb-30\">\r\n      <p class=\"columns-sm-2 columns-gap-sm-32\">\r\n1. Bet koki\u0173 produkt\u0173 gamyba, prekyba ar kita veikla, kuri laikoma neteis\u0117ta pagal atitinkamos \u0161alies \u012fstatymus ar teis\u0117s aktus, tarptautines konvencijas ir susitarimus, \u012fskaitant (be apribojim\u0173) tos \u0161alies reikalavimus, susijusius su aplinkos apsaugos, sveikatos ir saugos bei darbo aspektais.<br>\r\n2. Ginkl\u0173 ir \u0161audmen\u0173 gamyba arba prekyba.<br>\r\n3. Didelio kiekio pavojing\u0173 chemini\u0173 med\u017eiag\u0173 gamyba, prekyba, sand\u0117liavimas ar gabenimas arba pavojing\u0173 chemini\u0173 med\u017eiag\u0173 naudojimas komerciniu mastu.<br>\r\n4. Prekyba laukiniais augalais ir gyv\u016bnais ar j\u0173 produktais, reglamentuojamais pagal CITES.<br>\r\n5. Radioaktyvi\u0173j\u0173 med\u017eiag\u0173 gamyba arba prekyba.<br>\r\n6. Komerciniai mi\u0161ko ruo\u0161os darbai arba mi\u0161ko ruo\u0161os \u012frangos pirkimas darbams dr\u0117gnuosiuose atogr\u0105\u017e\u0173 mi\u0161kuose.<br>\r\n7. Vaist\u0173, kuriems taikomi tarptautiniai laipsni\u0161ko panaikinimo sprendimai ar draudimai, gamyba arba prekyba.<br>\r\n8. Pesticid\u0173 ir herbicid\u0173, kuriems taikomi tarptautiniai palaipsnio atsisakymo sprendimai ar draudimai, gamyba arba prekyba.<br>\r\n9. \u017dvejyba j\u016broje dreifuojan\u010diais tinklais, naudojant ilgesnius nei 2,5km ilgio tinklus.<br>\r\n10. Gamyba ar veikla, susijusi su kenksmingomis ar i\u0161naudojan\u010diomis priverstinio darbo formomis ar kenksmingu vaik\u0173 darbu.<br>\r\n11. Ozono sluoksn\u012f ardan\u010di\u0173 med\u017eiag\u0173, kurioms taikomi tarptautiniai palaipsnio atsisakymo sprendimai, gamyba arba prekyba.<br>\r\n12. Medienos ar kit\u0173 mi\u0161kininkyst\u0117s produkt\u0173, gaunam\u0173 i\u0161 netvarkom\u0173 mi\u0161k\u0173, gamyba arba prekyba.<br>\r\n13. Pinig\u0173 keitimas.<br>\r\n14. Bet kokia verslo veikla, susijusi su prostitucija.<br>\r\n15. Metalo r\u016bdos ar anglies karjer\u0173 eksploatavimas, kasyba arba perdirbimas.<br>\r\n16. Dovan\u0173, kurios gali b\u016bti palaikytos galin\u010diomis daryti \u012ftak\u0105 verslo sprendimams, teikimas arba pri\u0117mimas.<br>\r\n17. Piktnaud\u017eiavimas konfidencialia, reik\u0161minga ar nevie\u0161a informacija.<br>\r\n18. Prekyba gyv\u016bn\u0173 kailiais, kaulais ir dramblio kaulu.<br>\r\n19. Prekyba deimantais be Kimberley proceso sertifikato.<br>\r\n20. Nepadoraus turinio med\u017eiaga, \u012fskaitant vaik\u0173 pornografij\u0105.<br>\r\n21. Kult\u016bros objektai, pavyzd\u017eiui, skulpt\u016bros, statulos, antikvariniai ir kolekciniai daiktai, archeologiniai objektai, ypa\u010d i\u0161 Irako Respublikos.<br>\r\n22. Prekyba sprogmenimis ir ginklais.<br>\r\n23. Prekyba narkotikais, \u012fskaitant chemines med\u017eiagas, naudojamas sintetiniams narkotikams gaminti.<br>\r\n24. Prekyba i\u0161vestin\u0117mis finansin\u0117mis priemon\u0117mis, pasirinkimo sandoriais, apsidraudimo sandoriais.<br>\r\n25. Nelicencijuoti lo\u0161imai, la\u017eybos, kazino, \u017eirg\u0173 lenktyn\u0117s, \u017eaidimas \u201eBingo\u201c, sporto la\u017eybos, vykdomos ne internete.<br>\r\n26. Nelicencijuotas internetinis kazino, internetinis pokeris, internetiniai lo\u0161imai, internetin\u0117s la\u017eybos, priz\u0173 traukimai, bet kokios formos loterijos, nutrinamieji loterijos bilietai.<br>\r\n27. Pareik\u0161tin\u0117s akcijos ir obligacijos.<br>\r\n28. Prekyba brangakmeniais ir tauriaisiais metalais.<br>\r\n29. Nelicencijuoti u\u017esienio valiutos ir dvinariai pasirinkimo sandoriai.\r\n      <\/p>\r\n    <\/div>\r\n    <div class=\"text-center mt-50\"><a class=\"btn btn-primary\" href=\"https:\/\/satchel.eu\/lt\/\">Gr\u012f\u017eti \u012f pagrindin\u012f puslap\u012f<\/a><\/div>\r\n  <\/div>\r\n<\/section>","protected":false},"excerpt":{"rendered":"\u012e juod\u0105j\u012f s\u0105ra\u0161\u0105 \u012ftrauktos jurisdikcijos Vykdydama savo teisinius ir reguliavimo \u012fsipareigojimus bei u\u017etikrindama auk\u0161t\u0105 kokyb\u0117s lyg\u012f, \u201eSatchel\u201c neaptarnauja joki\u0173 asmen\u0173, neturi verslo santyki\u0173 su asmenimis ir netvarko gaunam\u0173 ar siun\u010diam\u0173 mok\u0117jim\u0173, kurie yra susij\u0119 su draud\u017eiamomis \u0161alimis. Draud\u017eiam\u0173 \u0161ali\u0173 s\u0105ra\u0161as pateikiamas toliau. S\u0105ra\u0161\u0105 viena\u0161ali\u0161kai nustato \u201eSatchel\u201c ir jis gali b\u016bti reguliariai kei\u010diamas. Afganistanas Amerikos Samoa&#8230;","protected":false},"author":5,"featured_media":0,"parent":0,"menu_order":0,"comment_status":"closed","ping_status":"closed","template":"","meta":{"_acf_changed":false,"footnotes":""},"class_list":["post-137","page","type-page","status-publish","hentry"],"acf":[],"yoast_head":"<!-- This site is optimized with the Yoast SEO plugin v22.0 - https:\/\/yoast.com\/wordpress\/plugins\/seo\/ -->\n<title>\u012e juod\u0105j\u012f s\u0105ra\u0161\u0105 \u012ftrauktos jurisdikcijos - \u201eSatchel\u201c<\/title>\n<meta name=\"description\" content=\"\u201eSatchel\u201c laikosi tarptautini\u0173 standart\u0173 ir draud\u017eia operacijas, susijusias su juodajame s\u0105ra\u0161e esan\u010diomis jurisdikcijomis ar auk\u0161tos rizikos veikla.\" \/>\n<meta name=\"robots\" content=\"index, follow, max-snippet:-1, max-image-preview:large, max-video-preview:-1\" \/>\n<link rel=\"canonical\" href=\"https:\/\/satchel.eu\/lt\/draudziamos-valstybes-ir-veiklos\/\" \/>\n<meta property=\"og:locale\" content=\"lt_LT\" \/>\n<meta property=\"og:type\" content=\"article\" \/>\n<meta property=\"og:title\" content=\"\u012e juod\u0105j\u012f s\u0105ra\u0161\u0105 \u012ftrauktos jurisdikcijos - \u201eSatchel\u201c\" \/>\n<meta property=\"og:description\" content=\"\u201eSatchel\u201c laikosi tarptautini\u0173 standart\u0173 ir draud\u017eia operacijas, susijusias su juodajame s\u0105ra\u0161e esan\u010diomis jurisdikcijomis ar auk\u0161tos rizikos veikla.\" \/>\n<meta property=\"og:url\" content=\"https:\/\/satchel.eu\/lt\/draudziamos-valstybes-ir-veiklos\/\" \/>\n<meta property=\"og:site_name\" content=\"\u201eSatchel\u201c\" \/>\n<meta property=\"article:modified_time\" content=\"2026-04-20T12:47:26+00:00\" \/>\n<meta name=\"twitter:card\" content=\"summary_large_image\" \/>\n<script type=\"application\/ld+json\" class=\"yoast-schema-graph\">{\"@context\":\"https:\/\/schema.org\",\"@graph\":[{\"@type\":\"WebPage\",\"@id\":\"https:\/\/satchel.eu\/lt\/draudziamos-valstybes-ir-veiklos\/\",\"url\":\"https:\/\/satchel.eu\/lt\/draudziamos-valstybes-ir-veiklos\/\",\"name\":\"\u012e juod\u0105j\u012f s\u0105ra\u0161\u0105 \u012ftrauktos jurisdikcijos - \u201eSatchel\u201c\",\"isPartOf\":{\"@id\":\"https:\/\/satchel.eu\/lt\/#website\"},\"datePublished\":\"2021-03-02T18:34:58+00:00\",\"dateModified\":\"2026-04-20T12:47:26+00:00\",\"description\":\"\u201eSatchel\u201c laikosi tarptautini\u0173 standart\u0173 ir draud\u017eia operacijas, susijusias su juodajame s\u0105ra\u0161e esan\u010diomis jurisdikcijomis ar auk\u0161tos rizikos veikla.\",\"breadcrumb\":{\"@id\":\"https:\/\/satchel.eu\/lt\/draudziamos-valstybes-ir-veiklos\/#breadcrumb\"},\"inLanguage\":\"lt-LT\",\"potentialAction\":[{\"@type\":\"ReadAction\",\"target\":[\"https:\/\/satchel.eu\/lt\/draudziamos-valstybes-ir-veiklos\/\"]}]},{\"@type\":\"BreadcrumbList\",\"@id\":\"https:\/\/satchel.eu\/lt\/draudziamos-valstybes-ir-veiklos\/#breadcrumb\",\"itemListElement\":[{\"@type\":\"ListItem\",\"position\":1,\"name\":\"Satchel\",\"item\":\"https:\/\/satchel.eu\/lt\/\"},{\"@type\":\"ListItem\",\"position\":2,\"name\":\"\u012e juod\u0105j\u012f s\u0105ra\u0161\u0105 \u012ftrauktos jurisdikcijos\"}]},{\"@type\":\"WebSite\",\"@id\":\"https:\/\/satchel.eu\/lt\/#website\",\"url\":\"https:\/\/satchel.eu\/lt\/\",\"name\":\"\u201eSatchel\u201c\",\"description\":\"J\u016bs\u0173 pinig\u0173 valdymo sprendimas\",\"publisher\":{\"@id\":\"https:\/\/satchel.eu\/lt\/#organization\"},\"potentialAction\":[{\"@type\":\"SearchAction\",\"target\":{\"@type\":\"EntryPoint\",\"urlTemplate\":\"https:\/\/satchel.eu\/lt\/?s={search_term_string}\"},\"query-input\":\"required name=search_term_string\"}],\"inLanguage\":\"lt-LT\"},{\"@type\":\"Organization\",\"@id\":\"https:\/\/satchel.eu\/lt\/#organization\",\"name\":\"Satchel\",\"url\":\"https:\/\/satchel.eu\/lt\/\",\"logo\":{\"@type\":\"ImageObject\",\"inLanguage\":\"lt-LT\",\"@id\":\"https:\/\/satchel.eu\/lt\/#\/schema\/logo\/image\/\",\"url\":\"https:\/\/satchel.eu\/lt\/wp-content\/uploads\/sites\/2\/2021\/05\/logo-black.jpg\",\"contentUrl\":\"https:\/\/satchel.eu\/lt\/wp-content\/uploads\/sites\/2\/2021\/05\/logo-black.jpg\",\"width\":135,\"height\":32,\"caption\":\"Satchel\"},\"image\":{\"@id\":\"https:\/\/satchel.eu\/lt\/#\/schema\/logo\/image\/\"}}]}<\/script>\n<!-- \/ Yoast SEO plugin. -->","yoast_head_json":{"title":"\u012e juod\u0105j\u012f s\u0105ra\u0161\u0105 \u012ftrauktos jurisdikcijos - \u201eSatchel\u201c","description":"\u201eSatchel\u201c laikosi tarptautini\u0173 standart\u0173 ir draud\u017eia operacijas, susijusias su juodajame s\u0105ra\u0161e esan\u010diomis jurisdikcijomis ar auk\u0161tos rizikos veikla.","robots":{"index":"index","follow":"follow","max-snippet":"max-snippet:-1","max-image-preview":"max-image-preview:large","max-video-preview":"max-video-preview:-1"},"canonical":"https:\/\/satchel.eu\/lt\/draudziamos-valstybes-ir-veiklos\/","og_locale":"lt_LT","og_type":"article","og_title":"\u012e juod\u0105j\u012f s\u0105ra\u0161\u0105 \u012ftrauktos jurisdikcijos - \u201eSatchel\u201c","og_description":"\u201eSatchel\u201c laikosi tarptautini\u0173 standart\u0173 ir draud\u017eia operacijas, susijusias su juodajame s\u0105ra\u0161e esan\u010diomis jurisdikcijomis ar auk\u0161tos rizikos veikla.","og_url":"https:\/\/satchel.eu\/lt\/draudziamos-valstybes-ir-veiklos\/","og_site_name":"\u201eSatchel\u201c","article_modified_time":"2026-04-20T12:47:26+00:00","twitter_card":"summary_large_image","schema":{"@context":"https:\/\/schema.org","@graph":[{"@type":"WebPage","@id":"https:\/\/satchel.eu\/lt\/draudziamos-valstybes-ir-veiklos\/","url":"https:\/\/satchel.eu\/lt\/draudziamos-valstybes-ir-veiklos\/","name":"\u012e juod\u0105j\u012f s\u0105ra\u0161\u0105 \u012ftrauktos jurisdikcijos - \u201eSatchel\u201c","isPartOf":{"@id":"https:\/\/satchel.eu\/lt\/#website"},"datePublished":"2021-03-02T18:34:58+00:00","dateModified":"2026-04-20T12:47:26+00:00","description":"\u201eSatchel\u201c laikosi tarptautini\u0173 standart\u0173 ir draud\u017eia operacijas, susijusias su juodajame s\u0105ra\u0161e esan\u010diomis jurisdikcijomis ar auk\u0161tos rizikos veikla.","breadcrumb":{"@id":"https:\/\/satchel.eu\/lt\/draudziamos-valstybes-ir-veiklos\/#breadcrumb"},"inLanguage":"lt-LT","potentialAction":[{"@type":"ReadAction","target":["https:\/\/satchel.eu\/lt\/draudziamos-valstybes-ir-veiklos\/"]}]},{"@type":"BreadcrumbList","@id":"https:\/\/satchel.eu\/lt\/draudziamos-valstybes-ir-veiklos\/#breadcrumb","itemListElement":[{"@type":"ListItem","position":1,"name":"Satchel","item":"https:\/\/satchel.eu\/lt\/"},{"@type":"ListItem","position":2,"name":"\u012e juod\u0105j\u012f s\u0105ra\u0161\u0105 \u012ftrauktos jurisdikcijos"}]},{"@type":"WebSite","@id":"https:\/\/satchel.eu\/lt\/#website","url":"https:\/\/satchel.eu\/lt\/","name":"\u201eSatchel\u201c","description":"J\u016bs\u0173 pinig\u0173 valdymo sprendimas","publisher":{"@id":"https:\/\/satchel.eu\/lt\/#organization"},"potentialAction":[{"@type":"SearchAction","target":{"@type":"EntryPoint","urlTemplate":"https:\/\/satchel.eu\/lt\/?s={search_term_string}"},"query-input":"required name=search_term_string"}],"inLanguage":"lt-LT"},{"@type":"Organization","@id":"https:\/\/satchel.eu\/lt\/#organization","name":"Satchel","url":"https:\/\/satchel.eu\/lt\/","logo":{"@type":"ImageObject","inLanguage":"lt-LT","@id":"https:\/\/satchel.eu\/lt\/#\/schema\/logo\/image\/","url":"https:\/\/satchel.eu\/lt\/wp-content\/uploads\/sites\/2\/2021\/05\/logo-black.jpg","contentUrl":"https:\/\/satchel.eu\/lt\/wp-content\/uploads\/sites\/2\/2021\/05\/logo-black.jpg","width":135,"height":32,"caption":"Satchel"},"image":{"@id":"https:\/\/satchel.eu\/lt\/#\/schema\/logo\/image\/"}}]}},"_links":{"self":[{"href":"https:\/\/satchel.eu\/lt\/wp-json\/wp\/v2\/pages\/137","targetHints":{"allow":["GET"]}}],"collection":[{"href":"https:\/\/satchel.eu\/lt\/wp-json\/wp\/v2\/pages"}],"about":[{"href":"https:\/\/satchel.eu\/lt\/wp-json\/wp\/v2\/types\/page"}],"author":[{"embeddable":true,"href":"https:\/\/satchel.eu\/lt\/wp-json\/wp\/v2\/users\/5"}],"replies":[{"embeddable":true,"href":"https:\/\/satchel.eu\/lt\/wp-json\/wp\/v2\/comments?post=137"}],"version-history":[{"count":12,"href":"https:\/\/satchel.eu\/lt\/wp-json\/wp\/v2\/pages\/137\/revisions"}],"predecessor-version":[{"id":4067,"href":"https:\/\/satchel.eu\/lt\/wp-json\/wp\/v2\/pages\/137\/revisions\/4067"}],"wp:attachment":[{"href":"https:\/\/satchel.eu\/lt\/wp-json\/wp\/v2\/media?parent=137"}],"curies":[{"name":"wp","href":"https:\/\/api.w.org\/{rel}","templated":true}]}}