{"id":141,"date":"2021-03-02T20:37:01","date_gmt":"2021-03-02T18:37:01","guid":{"rendered":"https:\/\/satchel.eu\/?page_id=141"},"modified":"2025-12-08T14:39:04","modified_gmt":"2025-12-08T12:39:04","slug":"security","status":"publish","type":"page","link":"https:\/\/satchel.eu\/lt\/security\/","title":{"rendered":"Saugumas"},"content":{"rendered":"<section class=\"section mh-lg-460px d-lg-flex align-items-lg-center\">\r\n  <div class=\"container\">\r\n    <div class=\"row\">\r\n      <div class=\"col-lg-12 mx-auto\">\r\n        <h1 class=\"mb-15 text-center\">I\u0161maniosios apsaugos funkcijos, u\u017etikrinan\u010dios j\u016bs\u0173 pinig\u0173 saugum\u0105<\/h1>\r\n        <p class=\"mb-0 text-center\">\u201eSatchel\u201c veikia su Lietuvos banko i\u0161duota Europos elektronini\u0173 pinig\u0173 \u012fstaigos licencija, kuri u\u017etikrina, kad j\u016bs\u0173 l\u0117\u0161os visuomet b\u016bt\u0173 apsaugotos.<\/p>\r\n      <\/div>\r\n    <\/div>\r\n    <div class=\"d-flex align-items-center justify-content-center mt-30\">\r\n      <a href=\"#section2\" class=\"js-scroll-to\"><img decoding=\"async\" class=\"lazyload\" data-src=\"https:\/\/satchel.eu\/lt\/wp-content\/themes\/satchel\/public\/img\/hero-scroll-down-icon.svg?v=2.5\" src=\"data:image\/gif;base64,R0lGODlhAQABAAAAACH5BAEKAAEALAAAAAABAAEAAAICTAEAOw==\" alt><\/a> \r\n    <\/div>\r\n  <\/div>\r\n<\/section>\r\n\r\n<section class=\"section\" id=\"section2\">\r\n  <div class=\"container\">\r\n    <div class=\"row align-items-center\">\r\n      <div class=\"col-md-9 col-lg-6 offset-lg-2 mb-md-0 mb-30\">\r\n        <h2 class=\"mb-15\">Debesijos sprendimas<\/h2>\r\n        <p class=\"mb-0\">\u012edieg\u0117me politik\u0105 ir kontrol\u0117s priemones, kurios padeda u\u017etikrinti 100 % vartotoj\u0173 duomen\u0173 apsaug\u0105 nuo galim\u0173 gr\u0117smi\u0173 decentralizacijos b\u016bdu. Kiekvien\u0105 kart\u0105, kai atliekate bet kokias operacijas per m\u016bs\u0173 sistem\u0105 skaitmenin\u0117se prekybos vietose, galite b\u016bti tikri, kad debesija jus apsaugo.<\/p>\r\n      <\/div>\r\n      <div class=\"col-md-7 col-lg-6 offset-lg-1 text-md-right\"><img decoding=\"async\" class=\"lazyload\" data-src=\"https:\/\/satchel.eu\/lt\/wp-content\/themes\/satchel\/public\/img\/cloud-solution@2x.png\" width=\"352\" src=\"data:image\/gif;base64,R0lGODlhAQABAAAAACH5BAEKAAEALAAAAAABAAEAAAICTAEAOw==\" alt><\/div>\r\n    <\/div>\r\n  <\/div>\r\n<\/section>\r\n<section class=\"section\">\r\n  <div class=\"container\">\r\n    <div class=\"row align-items-center\">\r\n      <div class=\"col-md-7 col-lg-6 offset-lg-2 order-2 order-md-1\"><img decoding=\"async\" class=\"lazyload\" data-src=\"https:\/\/satchel.eu\/lt\/wp-content\/themes\/satchel\/public\/img\/2fa@2x.png\" width=\"332\" src=\"data:image\/gif;base64,R0lGODlhAQABAAAAACH5BAEKAAEALAAAAAABAAEAAAICTAEAOw==\" alt><\/div>\r\n      <div class=\"col-md-9 col-lg-6 offset-lg-1 mb-md-0 mb-30 order-1 order-md-2\">\r\n        <h2 class=\"mb-15\">2FA<\/h2>\r\n        <p class=\"mb-0\">Naudodami dviej\u0173 veiksni\u0173 tapatyb\u0117s nustatymo \u012frank\u012f, prie j\u016bs\u0173 tapatyb\u0117s nustatymo proceso prid\u0117jome papildom\u0105 apsaugos priemon\u0119, kad kibernetiniams nusikalt\u0117liams b\u016bt\u0173 itin sunku gauti j\u016bs\u0173 asmens duomenis. Nei jei b\u016bt\u0173 pa\u017eeistas j\u016bs\u0173 slapta\u017eodis, to nepakakt\u0173, norint prisijungti prie \u201eSatchel\u201c s\u0105skaitos.<\/p>\r\n      <\/div>\r\n    <\/div>\r\n  <\/div>\r\n<\/section>\r\n<section class=\"section\">\r\n  <div class=\"container\">\r\n    <div class=\"row align-items-center\">\r\n      <div class=\"col-md-9 col-lg-6 offset-lg-2 mb-md-0 mb-30\">\r\n        <h2 class=\"mb-15\">\u201e3D Secure\u201c apsauga<\/h2>\r\n        <p class=\"mb-0\">\u0160i pa\u017eangi apsaugos priemon\u0117 aktyvuojama kiekvien\u0105 kart\u0105, kai perkate ar atliekate mok\u0117jim\u0105 internetu. Ji dar kart\u0105 patikrina, ar tai tikrai j\u016bs. Tai tik dar vienas tapatyb\u0117s patvirtinimo etapas, leid\u017eiantis mums saugiai patvirtinti j\u016bs\u0173 internetin\u0119 operacij\u0105.<\/p>\r\n      <\/div>\r\n      <div class=\"col-md-7 col-lg-6 offset-lg-1 text-md-right\"><img decoding=\"async\" class=\"lazyload\" data-src=\"https:\/\/satchel.eu\/lt\/wp-content\/themes\/satchel\/public\/img\/3d-secure@2x.png\" width=\"264\" src=\"data:image\/gif;base64,R0lGODlhAQABAAAAACH5BAEKAAEALAAAAAABAAEAAAICTAEAOw==\" alt><\/div>\r\n    <\/div>\r\n  <\/div>\r\n<\/section>\r\n<section class=\"section\">\r\n  <div class=\"container\">\r\n    <div class=\"row align-items-center\">\r\n      <div class=\"col-md-7 col-lg-6 offset-lg-2 order-2 order-md-1\"><img decoding=\"async\" class=\"lazyload\" data-src=\"https:\/\/satchel.eu\/lt\/wp-content\/themes\/satchel\/public\/img\/segregated-accounts@2x.png\" width=\"256\" src=\"data:image\/gif;base64,R0lGODlhAQABAAAAACH5BAEKAAEALAAAAAABAAEAAAICTAEAOw==\" alt><\/div>\r\n      <div class=\"col-md-9 col-lg-6 offset-lg-1 mb-md-0 mb-30 order-1 order-md-2\">\r\n        <h2 class=\"mb-15\">Atskiros s\u0105skaitos<\/h2>\r\n        <p class=\"mb-0\">Pagal licencij\u0105 privalome klient\u0173 l\u0117\u0161as laikyti atskiroje Lietuvos banko s\u0105skaitoje. Taigi galite b\u016bti ram\u016bs d\u0117l savo pinig\u0173 saugumo.<\/p>\r\n      <\/div>\r\n    <\/div>\r\n  <\/div>\r\n<\/section>\r\n<section class=\"section\">\r\n  <div class=\"container\">\r\n    <div class=\"row align-items-center\">\r\n      <div class=\"col-md-9 col-lg-6 offset-lg-2 mb-md-0 mb-30\">\r\n        <h2 class=\"mb-15\">Apsaugos nuo suk\u010diavimo programin\u0117 \u012franga ir sistemos proced\u016bros<\/h2>\r\n        <p class=\"mb-0\">Tai yra vienos svarbiausi\u0173 m\u016bs\u0173 taikom\u0173 apsaugos priemoni\u0173. Programin\u0117 \u012franga ir specialios proced\u016bros padeda mums aptikti bet koki\u0105 pavojing\u0105 veikl\u0105, kuri gali pakenkti j\u016bs\u0173 l\u0117\u0161oms, ir u\u017ekirsti jai keli\u0105.<\/p>\r\n      <\/div>\r\n      <div class=\"col-md-7 col-lg-6 offset-lg-1 text-md-right\"><img decoding=\"async\" class=\"lazyload\" data-src=\"https:\/\/satchel.eu\/lt\/wp-content\/themes\/satchel\/public\/img\/anti-fraud@2x.png\" width=\"306\" src=\"data:image\/gif;base64,R0lGODlhAQABAAAAACH5BAEKAAEALAAAAAABAAEAAAICTAEAOw==\" alt><\/div>\r\n    <\/div>\r\n  <\/div>\r\n<\/section>\r\n<section class=\"section\">\r\n  <div class=\"container\">\r\n    <div class=\"row align-items-center\">\r\n      <div class=\"col-md-7 col-lg-6 offset-lg-2 order-2 order-md-1 d-md-block d-none\"><img decoding=\"async\" class=\"lazyload\" data-src=\"https:\/\/satchel.eu\/lt\/wp-content\/themes\/satchel\/public\/img\/support.jpg\" width=\"360\" height=\"282\" src=\"data:image\/gif;base64,R0lGODlhAQABAAAAACH5BAEKAAEALAAAAAABAAEAAAICTAEAOw==\" alt><\/div>\r\n      <div class=\"col-md-9 col-lg-6 offset-lg-1 mb-md-0 mb-30 order-1 order-md-2\">\r\n        <h2 class=\"mb-15\">Visada pasiekiamos klient\u0173 aptarnavimo paslaugos<\/h2>\r\n        <p class=\"mb-25\">Jei vis dar nerimaujate d\u0117l savo pinig\u0173 ar neskelbtin\u0173 duomen\u0173 saugumo, pra\u0161ome kreiptis \u012f m\u016bs\u0173 klient\u0173 aptarnavimo tarnyb\u0105.<\/p>\r\n        <div class=\"d-flex justify-content-center justify-content-md-start flex-column flex-sm-row\">\r\n          <a class=\"btn btn-primary mr-sm-20 mb-10 mb-sm-0\" href=\"https:\/\/satchel.eu\/lt\/contact-us\/\">Pagalba<\/a>\r\n          <a class=\"btn btn-primary mr-sm-20 mb-10 mb-sm-0\" href=\"https:\/\/satchel.eu\/lt\/faq\/\">DUK<\/a>\r\n          <a class=\"btn btn-outline-primary btn-outline-primary--contact\" href=\"tel:+37052141818\">+370 5214 1818<\/a>\r\n        <\/div>\r\n      <\/div>\r\n    <\/div>\r\n  <\/div>\r\n<\/section>","protected":false},"excerpt":{"rendered":"I\u0161maniosios apsaugos funkcijos, u\u017etikrinan\u010dios j\u016bs\u0173 pinig\u0173 saugum\u0105 \u201eSatchel\u201c veikia su Lietuvos banko i\u0161duota Europos elektronini\u0173 pinig\u0173 \u012fstaigos licencija, kuri u\u017etikrina, kad j\u016bs\u0173 l\u0117\u0161os visuomet b\u016bt\u0173 apsaugotos. Debesijos sprendimas \u012edieg\u0117me politik\u0105 ir kontrol\u0117s priemones, kurios padeda u\u017etikrinti 100 % vartotoj\u0173 duomen\u0173 apsaug\u0105 nuo galim\u0173 gr\u0117smi\u0173 decentralizacijos b\u016bdu. Kiekvien\u0105 kart\u0105, kai atliekate bet kokias operacijas per m\u016bs\u0173&#8230;","protected":false},"author":5,"featured_media":0,"parent":0,"menu_order":0,"comment_status":"closed","ping_status":"closed","template":"templates\/security.php","meta":{"_acf_changed":false,"footnotes":""},"class_list":["post-141","page","type-page","status-publish","hentry"],"acf":[],"yoast_head":"<!-- This site is optimized with the Yoast SEO plugin v22.0 - https:\/\/yoast.com\/wordpress\/plugins\/seo\/ -->\n<title>I\u0161manusis saugumas - \u201eSatchel\u201c<\/title>\n<meta name=\"description\" content=\"Visi \u201eSatchel\u201c sprendimai apima i\u0161manias apsaugos funkcijas, u\u017etikrinan\u010dias, kad j\u016bs\u0173 pinigai ir asmens duomenys visuomet b\u016bt\u0173 saug\u016bs.\" \/>\n<meta name=\"robots\" content=\"index, follow, max-snippet:-1, max-image-preview:large, max-video-preview:-1\" \/>\n<link rel=\"canonical\" href=\"https:\/\/satchel.eu\/lt\/security\/\" \/>\n<meta property=\"og:locale\" content=\"lt_LT\" \/>\n<meta property=\"og:type\" content=\"article\" \/>\n<meta property=\"og:title\" content=\"I\u0161manusis saugumas - \u201eSatchel\u201c\" \/>\n<meta property=\"og:description\" content=\"Visi \u201eSatchel\u201c sprendimai apima i\u0161manias apsaugos funkcijas, u\u017etikrinan\u010dias, kad j\u016bs\u0173 pinigai ir asmens duomenys visuomet b\u016bt\u0173 saug\u016bs.\" \/>\n<meta property=\"og:url\" content=\"https:\/\/satchel.eu\/lt\/security\/\" \/>\n<meta property=\"og:site_name\" content=\"\u201eSatchel\u201c\" \/>\n<meta property=\"article:modified_time\" content=\"2025-12-08T12:39:04+00:00\" \/>\n<meta name=\"twitter:card\" content=\"summary_large_image\" \/>\n<script type=\"application\/ld+json\" class=\"yoast-schema-graph\">{\"@context\":\"https:\/\/schema.org\",\"@graph\":[{\"@type\":\"WebPage\",\"@id\":\"https:\/\/satchel.eu\/lt\/security\/\",\"url\":\"https:\/\/satchel.eu\/lt\/security\/\",\"name\":\"I\u0161manusis saugumas - \u201eSatchel\u201c\",\"isPartOf\":{\"@id\":\"https:\/\/satchel.eu\/lt\/#website\"},\"datePublished\":\"2021-03-02T18:37:01+00:00\",\"dateModified\":\"2025-12-08T12:39:04+00:00\",\"description\":\"Visi \u201eSatchel\u201c sprendimai apima i\u0161manias apsaugos funkcijas, u\u017etikrinan\u010dias, kad j\u016bs\u0173 pinigai ir asmens duomenys visuomet b\u016bt\u0173 saug\u016bs.\",\"breadcrumb\":{\"@id\":\"https:\/\/satchel.eu\/lt\/security\/#breadcrumb\"},\"inLanguage\":\"lt-LT\",\"potentialAction\":[{\"@type\":\"ReadAction\",\"target\":[\"https:\/\/satchel.eu\/lt\/security\/\"]}]},{\"@type\":\"BreadcrumbList\",\"@id\":\"https:\/\/satchel.eu\/lt\/security\/#breadcrumb\",\"itemListElement\":[{\"@type\":\"ListItem\",\"position\":1,\"name\":\"Satchel\",\"item\":\"https:\/\/satchel.eu\/lt\/\"},{\"@type\":\"ListItem\",\"position\":2,\"name\":\"Saugumas\"}]},{\"@type\":\"WebSite\",\"@id\":\"https:\/\/satchel.eu\/lt\/#website\",\"url\":\"https:\/\/satchel.eu\/lt\/\",\"name\":\"\u201eSatchel\u201c\",\"description\":\"J\u016bs\u0173 pinig\u0173 valdymo sprendimas\",\"publisher\":{\"@id\":\"https:\/\/satchel.eu\/lt\/#organization\"},\"potentialAction\":[{\"@type\":\"SearchAction\",\"target\":{\"@type\":\"EntryPoint\",\"urlTemplate\":\"https:\/\/satchel.eu\/lt\/?s={search_term_string}\"},\"query-input\":\"required name=search_term_string\"}],\"inLanguage\":\"lt-LT\"},{\"@type\":\"Organization\",\"@id\":\"https:\/\/satchel.eu\/lt\/#organization\",\"name\":\"Satchel\",\"url\":\"https:\/\/satchel.eu\/lt\/\",\"logo\":{\"@type\":\"ImageObject\",\"inLanguage\":\"lt-LT\",\"@id\":\"https:\/\/satchel.eu\/lt\/#\/schema\/logo\/image\/\",\"url\":\"https:\/\/satchel.eu\/lt\/wp-content\/uploads\/sites\/2\/2021\/05\/logo-black.jpg\",\"contentUrl\":\"https:\/\/satchel.eu\/lt\/wp-content\/uploads\/sites\/2\/2021\/05\/logo-black.jpg\",\"width\":135,\"height\":32,\"caption\":\"Satchel\"},\"image\":{\"@id\":\"https:\/\/satchel.eu\/lt\/#\/schema\/logo\/image\/\"}}]}<\/script>\n<!-- \/ Yoast SEO plugin. -->","yoast_head_json":{"title":"I\u0161manusis saugumas - \u201eSatchel\u201c","description":"Visi \u201eSatchel\u201c sprendimai apima i\u0161manias apsaugos funkcijas, u\u017etikrinan\u010dias, kad j\u016bs\u0173 pinigai ir asmens duomenys visuomet b\u016bt\u0173 saug\u016bs.","robots":{"index":"index","follow":"follow","max-snippet":"max-snippet:-1","max-image-preview":"max-image-preview:large","max-video-preview":"max-video-preview:-1"},"canonical":"https:\/\/satchel.eu\/lt\/security\/","og_locale":"lt_LT","og_type":"article","og_title":"I\u0161manusis saugumas - \u201eSatchel\u201c","og_description":"Visi \u201eSatchel\u201c sprendimai apima i\u0161manias apsaugos funkcijas, u\u017etikrinan\u010dias, kad j\u016bs\u0173 pinigai ir asmens duomenys visuomet b\u016bt\u0173 saug\u016bs.","og_url":"https:\/\/satchel.eu\/lt\/security\/","og_site_name":"\u201eSatchel\u201c","article_modified_time":"2025-12-08T12:39:04+00:00","twitter_card":"summary_large_image","schema":{"@context":"https:\/\/schema.org","@graph":[{"@type":"WebPage","@id":"https:\/\/satchel.eu\/lt\/security\/","url":"https:\/\/satchel.eu\/lt\/security\/","name":"I\u0161manusis saugumas - \u201eSatchel\u201c","isPartOf":{"@id":"https:\/\/satchel.eu\/lt\/#website"},"datePublished":"2021-03-02T18:37:01+00:00","dateModified":"2025-12-08T12:39:04+00:00","description":"Visi \u201eSatchel\u201c sprendimai apima i\u0161manias apsaugos funkcijas, u\u017etikrinan\u010dias, kad j\u016bs\u0173 pinigai ir asmens duomenys visuomet b\u016bt\u0173 saug\u016bs.","breadcrumb":{"@id":"https:\/\/satchel.eu\/lt\/security\/#breadcrumb"},"inLanguage":"lt-LT","potentialAction":[{"@type":"ReadAction","target":["https:\/\/satchel.eu\/lt\/security\/"]}]},{"@type":"BreadcrumbList","@id":"https:\/\/satchel.eu\/lt\/security\/#breadcrumb","itemListElement":[{"@type":"ListItem","position":1,"name":"Satchel","item":"https:\/\/satchel.eu\/lt\/"},{"@type":"ListItem","position":2,"name":"Saugumas"}]},{"@type":"WebSite","@id":"https:\/\/satchel.eu\/lt\/#website","url":"https:\/\/satchel.eu\/lt\/","name":"\u201eSatchel\u201c","description":"J\u016bs\u0173 pinig\u0173 valdymo sprendimas","publisher":{"@id":"https:\/\/satchel.eu\/lt\/#organization"},"potentialAction":[{"@type":"SearchAction","target":{"@type":"EntryPoint","urlTemplate":"https:\/\/satchel.eu\/lt\/?s={search_term_string}"},"query-input":"required name=search_term_string"}],"inLanguage":"lt-LT"},{"@type":"Organization","@id":"https:\/\/satchel.eu\/lt\/#organization","name":"Satchel","url":"https:\/\/satchel.eu\/lt\/","logo":{"@type":"ImageObject","inLanguage":"lt-LT","@id":"https:\/\/satchel.eu\/lt\/#\/schema\/logo\/image\/","url":"https:\/\/satchel.eu\/lt\/wp-content\/uploads\/sites\/2\/2021\/05\/logo-black.jpg","contentUrl":"https:\/\/satchel.eu\/lt\/wp-content\/uploads\/sites\/2\/2021\/05\/logo-black.jpg","width":135,"height":32,"caption":"Satchel"},"image":{"@id":"https:\/\/satchel.eu\/lt\/#\/schema\/logo\/image\/"}}]}},"_links":{"self":[{"href":"https:\/\/satchel.eu\/lt\/wp-json\/wp\/v2\/pages\/141","targetHints":{"allow":["GET"]}}],"collection":[{"href":"https:\/\/satchel.eu\/lt\/wp-json\/wp\/v2\/pages"}],"about":[{"href":"https:\/\/satchel.eu\/lt\/wp-json\/wp\/v2\/types\/page"}],"author":[{"embeddable":true,"href":"https:\/\/satchel.eu\/lt\/wp-json\/wp\/v2\/users\/5"}],"replies":[{"embeddable":true,"href":"https:\/\/satchel.eu\/lt\/wp-json\/wp\/v2\/comments?post=141"}],"version-history":[{"count":11,"href":"https:\/\/satchel.eu\/lt\/wp-json\/wp\/v2\/pages\/141\/revisions"}],"predecessor-version":[{"id":4176,"href":"https:\/\/satchel.eu\/lt\/wp-json\/wp\/v2\/pages\/141\/revisions\/4176"}],"wp:attachment":[{"href":"https:\/\/satchel.eu\/lt\/wp-json\/wp\/v2\/media?parent=141"}],"curies":[{"name":"wp","href":"https:\/\/api.w.org\/{rel}","templated":true}]}}