{"id":1541,"date":"2021-04-07T11:06:45","date_gmt":"2021-04-07T08:06:45","guid":{"rendered":"https:\/\/satchel.eu\/?page_id=1541"},"modified":"2023-10-04T15:10:51","modified_gmt":"2023-10-04T12:10:51","slug":"sitemap","status":"publish","type":"page","link":"https:\/\/satchel.eu\/lt\/sitemap\/","title":{"rendered":"Svetain\u0117s turinys"},"content":{"rendered":"<section class=\"section\">\r\n  <div class=\"container\">\r\n    <div class=\"row align-items-center\">\r\n      <div class=\"col-md-12 mx-auto\">\r\n        <h1 class=\"mb-30\">Svetain\u0117s turinys<\/h1>\r\n        <h2>Puslapiai<\/h2><ul class=\"simple-sitemap-page\"><li class=\"page_item page-item-792 page_item_has_children\"><a href=\"https:\/\/satchel.eu\/lt\/mastercard-benefits\/\">\u201eMastercard\u201c privalumai<\/a><ul class='children'><li class=\"page_item page-item-824\"><a href=\"https:\/\/satchel.eu\/lt\/mastercard-benefits\/allsole\/\">\u201eAllSole\u201c<\/a><\/li><li class=\"page_item page-item-828\"><a href=\"https:\/\/satchel.eu\/lt\/mastercard-benefits\/heathrow-express\/\">\u201eHeathrow Express\u201c<\/a><\/li><li class=\"page_item page-item-807\"><a href=\"https:\/\/satchel.eu\/lt\/mastercard-benefits\/preferred-hotels-and-resorts\/\">\u201ePreferred Hotels &#038; Resorts\u201c<\/a><\/li><li class=\"page_item page-item-826\"><a href=\"https:\/\/satchel.eu\/lt\/mastercard-benefits\/zavvi\/\">\u201ezavvi\u201c<\/a><\/li><li class=\"page_item page-item-811\"><a href=\"https:\/\/satchel.eu\/lt\/mastercard-benefits\/booking-com\/\">Booking.com<\/a><\/li><li class=\"page_item page-item-2707\"><a href=\"https:\/\/satchel.eu\/lt\/mastercard-benefits\/coggles\/\">COGGLES<\/a><\/li><li class=\"page_item page-item-830\"><a href=\"https:\/\/satchel.eu\/lt\/mastercard-benefits\/hotels-com\/\">Hotels.com<\/a><\/li><li class=\"page_item page-item-815\"><a href=\"https:\/\/satchel.eu\/lt\/mastercard-benefits\/iwoot\/\">IWOOT<\/a><\/li><li class=\"page_item page-item-819\"><a href=\"https:\/\/satchel.eu\/lt\/mastercard-benefits\/lookfantastic\/\">LOOKFANTASTIC<\/a><\/li><li class=\"page_item page-item-821\"><a href=\"https:\/\/satchel.eu\/lt\/mastercard-benefits\/mankind\/\">MANKIND<\/a><\/li><li class=\"page_item page-item-2709\"><a href=\"https:\/\/satchel.eu\/lt\/mastercard-benefits\/mybag\/\">MyBag<\/a><\/li><li class=\"page_item page-item-813\"><a href=\"https:\/\/satchel.eu\/lt\/mastercard-benefits\/disneyland-paris\/\">Pary\u017eiaus Disneilendas<\/a><\/li><li class=\"page_item page-item-817\"><a href=\"https:\/\/satchel.eu\/lt\/mastercard-benefits\/the-hut\/\">THE HUT<\/a><\/li><li class=\"page_item page-item-796\"><a href=\"https:\/\/satchel.eu\/lt\/mastercard-benefits\/yoox\/\">YOOX.com<\/a><\/li><\/ul><\/li><li class=\"page_item page-item-96\"><a href=\"https:\/\/satchel.eu\/lt\/satchel-app\/\">\u201eSatchel\u201c mobilioji program\u0117l\u0117<\/a><\/li><li class=\"page_item page-item-68\"><a href=\"https:\/\/satchel.eu\/lt\/cards-white-label\/\">\u201eWhite label\u201c kortel\u0117s<\/a><\/li><li class=\"page_item page-item-45\"><a href=\"https:\/\/satchel.eu\/lt\/acceptable-use-policy\/\">Acceptable Use Policy<\/a><\/li><li class=\"page_item page-item-47\"><a href=\"https:\/\/satchel.eu\/lt\/aml-policy\/\">AML &#038; Compliance Poilicies<\/a><\/li><li class=\"page_item page-item-49\"><a href=\"https:\/\/satchel.eu\/lt\/api\/\">API<\/a><\/li><li class=\"page_item page-item-43\"><a href=\"https:\/\/satchel.eu\/lt\/about-us\/\">Apie mus<\/a><\/li><li class=\"page_item page-item-130 page_item_has_children\"><a href=\"https:\/\/satchel.eu\/lt\/personal\/\">Asmenin\u0117 s\u0105skaita<\/a><ul class='children'><li class=\"page_item page-item-4140\"><a href=\"https:\/\/satchel.eu\/lt\/personal\/multi-currency-account\/\">Daugiavaliut\u0117 asmenin\u0117 s\u0105skaita<\/a><\/li><\/ul><\/li><li class=\"page_item page-item-55\"><a href=\"https:\/\/satchel.eu\/lt\/banking-as-a-service\/\">Bankininkyst\u0117 kaip paslauga<\/a><\/li><li class=\"page_item page-item-3999\"><a href=\"https:\/\/satchel.eu\/lt\/black-friday-2023\/\">Black Friday 2023<\/a><\/li><li class=\"page_item page-item-61\"><a href=\"https:\/\/satchel.eu\/lt\/brochures\/\">Bro\u0161i\u016bros<\/a><\/li><li class=\"page_item page-item-90\"><a href=\"https:\/\/satchel.eu\/lt\/consumer-rights-and-responsibilities\/\">Consumer Rights and Responsibilities<\/a><\/li><li class=\"page_item page-item-4137\"><a href=\"https:\/\/satchel.eu\/lt\/multi-currency-account\/\">Daugiavaliut\u0117 s\u0105skaita<\/a><\/li><li class=\"page_item page-item-114\"><a href=\"https:\/\/satchel.eu\/lt\/documents-set-for-personal\/\">Dokumentai privatiems klientams<\/a><\/li><li class=\"page_item page-item-112\"><a href=\"https:\/\/satchel.eu\/lt\/documents-set-for-business\/\">Dokumentai verslo klientams<\/a><\/li><li class=\"page_item page-item-99 page_item_has_children\"><a href=\"https:\/\/satchel.eu\/lt\/faq\/\">DUK<\/a><ul class='children'><li class=\"page_item page-item-543\"><a href=\"https:\/\/satchel.eu\/lt\/faq\/satchel-current-account\/\">\u201eSatchel\u201c einamoji s\u0105skaita<\/a><\/li><li class=\"page_item page-item-560\"><a href=\"https:\/\/satchel.eu\/lt\/faq\/satchel-cards\/\">\u201eSatchel\u201c kortel\u0117s<\/a><\/li><li class=\"page_item page-item-101\"><a href=\"https:\/\/satchel.eu\/lt\/faq\/general-information\/\">Bendroji informacija<\/a><\/li><li class=\"page_item page-item-557\"><a href=\"https:\/\/satchel.eu\/lt\/faq\/payments-and-transactions\/\">Mok\u0117jimai ir operacijos<\/a><\/li><li class=\"page_item page-item-553\"><a href=\"https:\/\/satchel.eu\/lt\/faq\/login-and-password\/\">Prisijungimo vardas ir slapta\u017eodis<\/a><\/li><li class=\"page_item page-item-3417\"><a href=\"https:\/\/satchel.eu\/lt\/faq\/account-statement-transaction-receipt\/\">S\u0105skait\u0173 i\u0161ra\u0161ai ir mok\u0117jim\u0173 patvirtinimai<\/a><\/li><li class=\"page_item page-item-2068\"><a href=\"https:\/\/satchel.eu\/lt\/faq\/sepa-the-ultimate-guide\/\">SEPA naudotojo vadovas<\/a><\/li><\/ul><\/li><li class=\"page_item page-item-2902\"><a href=\"https:\/\/satchel.eu\/lt\/freelancer\/\">Freelancerio s\u0105skaita<\/a><\/li><li class=\"page_item page-item-137\"><a href=\"https:\/\/satchel.eu\/lt\/prohibited-countries-and-activities\/\">\u012e juod\u0105j\u012f s\u0105ra\u0161\u0105 \u012ftrauktos jurisdikcijos<\/a><\/li><li class=\"page_item page-item-109\"><a href=\"https:\/\/satchel.eu\/lt\/for-institutional-clients\/\">Instituciniams klientams<\/a><\/li><li class=\"page_item page-item-79\"><a href=\"https:\/\/satchel.eu\/lt\/coming-soon\/\">Jau greitai<\/a><\/li><li class=\"page_item page-item-70\"><a href=\"https:\/\/satchel.eu\/lt\/careers\/\">Karjera<\/a><\/li><li class=\"page_item page-item-1570\"><a href=\"https:\/\/satchel.eu\/lt\/customer-complaint-form\/\">Kliento skundo forma<\/a><\/li><li class=\"page_item page-item-105\"><a href=\"https:\/\/satchel.eu\/lt\/fintech-consulting\/\">Konsultacijos d\u0117l finansini\u0173 technologij\u0173<\/a><\/li><li class=\"page_item page-item-1549\"><a href=\"https:\/\/satchel.eu\/lt\/limits\/\">Limits<\/a><\/li><li class=\"page_item page-item-2568\"><a href=\"https:\/\/satchel.eu\/lt\/makemoney\/\">Makemoney<\/a><\/li><li class=\"page_item page-item-123\"><a href=\"https:\/\/satchel.eu\/lt\/payment-cards\/\">Mok\u0117jimo kortel\u0117s<\/a><\/li><li class=\"page_item page-item-127\"><a href=\"https:\/\/satchel.eu\/lt\/payment-infrastructure\/\">Mok\u0117jim\u0173 infrastrukt\u016bra<\/a><\/li><li class=\"page_item page-item-103\"><a href=\"https:\/\/satchel.eu\/lt\/fees\/\">Mokes\u010diai<\/a><\/li><li class=\"page_item page-item-116\"><a href=\"https:\/\/satchel.eu\/lt\/news\/\">Naujienos<\/a><\/li><li class=\"page_item page-item-1573\"><a href=\"https:\/\/satchel.eu\/lt\/new-missing-credit\/\">Negautas pervedimas<\/a><\/li><li class=\"page_item page-item-3214\"><a href=\"https:\/\/satchel.eu\/lt\/opinion-poll\/\">Opinion poll<\/a><\/li><li class=\"page_item page-item-92\"><a href=\"https:\/\/satchel.eu\/lt\/contact-us\/\">Pagalba<\/a><\/li><li class=\"page_item page-item-15\"><a href=\"https:\/\/satchel.eu\/lt\/\">Pagrindinis<\/a><\/li><li class=\"page_item page-item-118\"><a href=\"https:\/\/satchel.eu\/lt\/partnership\/\">Partneryst\u0117<\/a><\/li><li class=\"page_item page-item-665\"><a href=\"https:\/\/satchel.eu\/lt\/payment-infrastructure-for-china\/\">Payment infrastructure for China<\/a><\/li><li class=\"page_item page-item-2922\"><a href=\"https:\/\/satchel.eu\/lt\/merchant-account\/\">Prekybininko s\u0105skaita<\/a><\/li><li class=\"page_item page-item-135\"><a href=\"https:\/\/satchel.eu\/lt\/privacy-policy\/\">Privacy Policy<\/a><\/li><li class=\"page_item page-item-145\"><a href=\"https:\/\/satchel.eu\/lt\/software-as-a-service\/\">Programin\u0117 \u012franga kaip paslauga<\/a><\/li><li class=\"page_item page-item-2756\"><a href=\"https:\/\/satchel.eu\/lt\/proud-to-be-ukrainian\/\">Proud to be Ukrainian<\/a><\/li><li class=\"page_item page-item-139\"><a href=\"https:\/\/satchel.eu\/lt\/provisions-of-using-payment-cards\/\">Provisions of using payment cards<\/a><\/li><li class=\"page_item page-item-1544\"><a href=\"https:\/\/satchel.eu\/lt\/rules-on-investigation-of-complaints-satchel\/\">Rules on investigation of complaints Satchel<\/a><\/li><li class=\"page_item page-item-149\"><a href=\"https:\/\/satchel.eu\/lt\/terms-and-conditions\/\">S\u0105lygos ir Nuostatos<\/a><\/li><li class=\"page_item page-item-1652\"><a href=\"https:\/\/satchel.eu\/lt\/satchel-atm-pos-foreign-exchange-rates\/\">Satchel ATM\/POS Foreign Exchange rates<\/a><\/li><li class=\"page_item page-item-141\"><a href=\"https:\/\/satchel.eu\/lt\/security\/\">Saugumas<\/a><\/li><li class=\"page_item page-item-3701\"><a href=\"https:\/\/satchel.eu\/lt\/sepa-instant-transfers\/\">SEPA Instant pervedimai<\/a><\/li><li class=\"page_item page-item-132\"><a href=\"https:\/\/satchel.eu\/lt\/press-kit\/\">Spaudai<\/a><\/li><li class=\"page_item page-item-1686\"><a href=\"https:\/\/satchel.eu\/lt\/sub-account-request-form\/\">Subs\u0105skaitos pra\u0161ymo forma<\/a><\/li><li class=\"page_item page-item-2994\"><a href=\"https:\/\/satchel.eu\/lt\/testimonials\/\">Testimonials<\/a><\/li><li class=\"page_item page-item-151\"><a href=\"https:\/\/satchel.eu\/lt\/unique-iban\/\">Unikalus IBAN kodas<\/a><\/li><li class=\"page_item page-item-94\"><a href=\"https:\/\/satchel.eu\/lt\/currency-exchange\/\">Valiut\u0173 keitimas<\/a><\/li><li class=\"page_item page-item-64 page_item_has_children\"><a href=\"https:\/\/satchel.eu\/lt\/business\/\">Verslo s\u0105skaita<\/a><ul class='children'><li class=\"page_item page-item-4095\"><a href=\"https:\/\/satchel.eu\/lt\/business\/multi-currency-account\/\">Daugiavaliut\u0117 verslo s\u0105skaita<\/a><\/li><\/ul><\/li><li class=\"page_item page-item-2794\"><a href=\"https:\/\/satchel.eu\/lt\/list-of-documents-for-private-account-ua\/\">\u041f\u0435\u0440\u0435\u043b\u0456\u043a \u0434\u043e\u043a\u0443\u043c\u0435\u043d\u0442\u0456\u0432, \u043d\u0435\u043e\u0431\u0445\u0456\u0434\u043d\u0438\u0445 \u0434\u043b\u044f \u0432\u0456\u0434\u043a\u0440\u0438\u0442\u0442\u044f \u043e\u0441\u043e\u0431\u043e\u0432\u043e\u0433\u043e \u0440\u0430\u0445\u0443\u043d\u043a\u0443<\/a><\/li><\/ul><h2>\u012era\u0161ai<\/h2><p>Sorry, no posts matched your criteria.<\/p>\r\n      <\/div>\r\n    <\/div>\r\n  <\/div>\r\n<\/section>\r\n","protected":false},"excerpt":{"rendered":"Svetain\u0117s turinys","protected":false},"author":5,"featured_media":0,"parent":0,"menu_order":0,"comment_status":"closed","ping_status":"closed","template":"","meta":{"_acf_changed":false,"footnotes":""},"class_list":["post-1541","page","type-page","status-publish","hentry"],"acf":[],"yoast_head":"<!-- This site is optimized with the Yoast SEO plugin v22.0 - https:\/\/yoast.com\/wordpress\/plugins\/seo\/ -->\n<title>Svetain\u0117s turinys - \u201eSatchel\u201c - J\u016bs\u0173 pinig\u0173 valdymo sprendimas<\/title>\n<meta name=\"description\" content=\"Naudodamiesi \u201eSatchel\u201c svetain\u0117s turiniu, galite patogiai nar\u0161yti m\u016bs\u0173 interneto svetain\u0117je.\" \/>\n<meta name=\"robots\" content=\"index, follow, max-snippet:-1, max-image-preview:large, max-video-preview:-1\" \/>\n<link rel=\"canonical\" href=\"https:\/\/satchel.eu\/lt\/sitemap\/\" \/>\n<meta property=\"og:locale\" content=\"lt_LT\" \/>\n<meta property=\"og:type\" content=\"article\" \/>\n<meta property=\"og:title\" content=\"Svetain\u0117s turinys - \u201eSatchel\u201c - J\u016bs\u0173 pinig\u0173 valdymo sprendimas\" \/>\n<meta property=\"og:description\" content=\"Naudodamiesi \u201eSatchel\u201c svetain\u0117s turiniu, galite patogiai nar\u0161yti m\u016bs\u0173 interneto svetain\u0117je.\" \/>\n<meta property=\"og:url\" content=\"https:\/\/satchel.eu\/lt\/sitemap\/\" \/>\n<meta property=\"og:site_name\" content=\"\u201eSatchel\u201c\" \/>\n<meta property=\"article:modified_time\" content=\"2023-10-04T12:10:51+00:00\" \/>\n<meta name=\"twitter:card\" content=\"summary_large_image\" \/>\n<script type=\"application\/ld+json\" class=\"yoast-schema-graph\">{\"@context\":\"https:\/\/schema.org\",\"@graph\":[{\"@type\":\"WebPage\",\"@id\":\"https:\/\/satchel.eu\/lt\/sitemap\/\",\"url\":\"https:\/\/satchel.eu\/lt\/sitemap\/\",\"name\":\"Svetain\u0117s turinys - \u201eSatchel\u201c - J\u016bs\u0173 pinig\u0173 valdymo sprendimas\",\"isPartOf\":{\"@id\":\"https:\/\/satchel.eu\/lt\/#website\"},\"datePublished\":\"2021-04-07T08:06:45+00:00\",\"dateModified\":\"2023-10-04T12:10:51+00:00\",\"description\":\"Naudodamiesi \u201eSatchel\u201c svetain\u0117s turiniu, galite patogiai nar\u0161yti m\u016bs\u0173 interneto svetain\u0117je.\",\"breadcrumb\":{\"@id\":\"https:\/\/satchel.eu\/lt\/sitemap\/#breadcrumb\"},\"inLanguage\":\"lt-LT\",\"potentialAction\":[{\"@type\":\"ReadAction\",\"target\":[\"https:\/\/satchel.eu\/lt\/sitemap\/\"]}]},{\"@type\":\"BreadcrumbList\",\"@id\":\"https:\/\/satchel.eu\/lt\/sitemap\/#breadcrumb\",\"itemListElement\":[{\"@type\":\"ListItem\",\"position\":1,\"name\":\"Satchel\",\"item\":\"https:\/\/satchel.eu\/lt\/\"},{\"@type\":\"ListItem\",\"position\":2,\"name\":\"Svetain\u0117s turinys\"}]},{\"@type\":\"WebSite\",\"@id\":\"https:\/\/satchel.eu\/lt\/#website\",\"url\":\"https:\/\/satchel.eu\/lt\/\",\"name\":\"\u201eSatchel\u201c\",\"description\":\"J\u016bs\u0173 pinig\u0173 valdymo sprendimas\",\"publisher\":{\"@id\":\"https:\/\/satchel.eu\/lt\/#organization\"},\"potentialAction\":[{\"@type\":\"SearchAction\",\"target\":{\"@type\":\"EntryPoint\",\"urlTemplate\":\"https:\/\/satchel.eu\/lt\/?s={search_term_string}\"},\"query-input\":\"required name=search_term_string\"}],\"inLanguage\":\"lt-LT\"},{\"@type\":\"Organization\",\"@id\":\"https:\/\/satchel.eu\/lt\/#organization\",\"name\":\"Satchel\",\"url\":\"https:\/\/satchel.eu\/lt\/\",\"logo\":{\"@type\":\"ImageObject\",\"inLanguage\":\"lt-LT\",\"@id\":\"https:\/\/satchel.eu\/lt\/#\/schema\/logo\/image\/\",\"url\":\"https:\/\/satchel.eu\/lt\/wp-content\/uploads\/sites\/2\/2021\/05\/logo-black.jpg\",\"contentUrl\":\"https:\/\/satchel.eu\/lt\/wp-content\/uploads\/sites\/2\/2021\/05\/logo-black.jpg\",\"width\":135,\"height\":32,\"caption\":\"Satchel\"},\"image\":{\"@id\":\"https:\/\/satchel.eu\/lt\/#\/schema\/logo\/image\/\"}}]}<\/script>\n<!-- \/ Yoast SEO plugin. -->","yoast_head_json":{"title":"Svetain\u0117s turinys - \u201eSatchel\u201c - J\u016bs\u0173 pinig\u0173 valdymo sprendimas","description":"Naudodamiesi \u201eSatchel\u201c svetain\u0117s turiniu, galite patogiai nar\u0161yti m\u016bs\u0173 interneto svetain\u0117je.","robots":{"index":"index","follow":"follow","max-snippet":"max-snippet:-1","max-image-preview":"max-image-preview:large","max-video-preview":"max-video-preview:-1"},"canonical":"https:\/\/satchel.eu\/lt\/sitemap\/","og_locale":"lt_LT","og_type":"article","og_title":"Svetain\u0117s turinys - \u201eSatchel\u201c - J\u016bs\u0173 pinig\u0173 valdymo sprendimas","og_description":"Naudodamiesi \u201eSatchel\u201c svetain\u0117s turiniu, galite patogiai nar\u0161yti m\u016bs\u0173 interneto svetain\u0117je.","og_url":"https:\/\/satchel.eu\/lt\/sitemap\/","og_site_name":"\u201eSatchel\u201c","article_modified_time":"2023-10-04T12:10:51+00:00","twitter_card":"summary_large_image","schema":{"@context":"https:\/\/schema.org","@graph":[{"@type":"WebPage","@id":"https:\/\/satchel.eu\/lt\/sitemap\/","url":"https:\/\/satchel.eu\/lt\/sitemap\/","name":"Svetain\u0117s turinys - \u201eSatchel\u201c - J\u016bs\u0173 pinig\u0173 valdymo sprendimas","isPartOf":{"@id":"https:\/\/satchel.eu\/lt\/#website"},"datePublished":"2021-04-07T08:06:45+00:00","dateModified":"2023-10-04T12:10:51+00:00","description":"Naudodamiesi \u201eSatchel\u201c svetain\u0117s turiniu, galite patogiai nar\u0161yti m\u016bs\u0173 interneto svetain\u0117je.","breadcrumb":{"@id":"https:\/\/satchel.eu\/lt\/sitemap\/#breadcrumb"},"inLanguage":"lt-LT","potentialAction":[{"@type":"ReadAction","target":["https:\/\/satchel.eu\/lt\/sitemap\/"]}]},{"@type":"BreadcrumbList","@id":"https:\/\/satchel.eu\/lt\/sitemap\/#breadcrumb","itemListElement":[{"@type":"ListItem","position":1,"name":"Satchel","item":"https:\/\/satchel.eu\/lt\/"},{"@type":"ListItem","position":2,"name":"Svetain\u0117s turinys"}]},{"@type":"WebSite","@id":"https:\/\/satchel.eu\/lt\/#website","url":"https:\/\/satchel.eu\/lt\/","name":"\u201eSatchel\u201c","description":"J\u016bs\u0173 pinig\u0173 valdymo sprendimas","publisher":{"@id":"https:\/\/satchel.eu\/lt\/#organization"},"potentialAction":[{"@type":"SearchAction","target":{"@type":"EntryPoint","urlTemplate":"https:\/\/satchel.eu\/lt\/?s={search_term_string}"},"query-input":"required name=search_term_string"}],"inLanguage":"lt-LT"},{"@type":"Organization","@id":"https:\/\/satchel.eu\/lt\/#organization","name":"Satchel","url":"https:\/\/satchel.eu\/lt\/","logo":{"@type":"ImageObject","inLanguage":"lt-LT","@id":"https:\/\/satchel.eu\/lt\/#\/schema\/logo\/image\/","url":"https:\/\/satchel.eu\/lt\/wp-content\/uploads\/sites\/2\/2021\/05\/logo-black.jpg","contentUrl":"https:\/\/satchel.eu\/lt\/wp-content\/uploads\/sites\/2\/2021\/05\/logo-black.jpg","width":135,"height":32,"caption":"Satchel"},"image":{"@id":"https:\/\/satchel.eu\/lt\/#\/schema\/logo\/image\/"}}]}},"_links":{"self":[{"href":"https:\/\/satchel.eu\/lt\/wp-json\/wp\/v2\/pages\/1541","targetHints":{"allow":["GET"]}}],"collection":[{"href":"https:\/\/satchel.eu\/lt\/wp-json\/wp\/v2\/pages"}],"about":[{"href":"https:\/\/satchel.eu\/lt\/wp-json\/wp\/v2\/types\/page"}],"author":[{"embeddable":true,"href":"https:\/\/satchel.eu\/lt\/wp-json\/wp\/v2\/users\/5"}],"replies":[{"embeddable":true,"href":"https:\/\/satchel.eu\/lt\/wp-json\/wp\/v2\/comments?post=1541"}],"version-history":[{"count":7,"href":"https:\/\/satchel.eu\/lt\/wp-json\/wp\/v2\/pages\/1541\/revisions"}],"predecessor-version":[{"id":2359,"href":"https:\/\/satchel.eu\/lt\/wp-json\/wp\/v2\/pages\/1541\/revisions\/2359"}],"wp:attachment":[{"href":"https:\/\/satchel.eu\/lt\/wp-json\/wp\/v2\/media?parent=1541"}],"curies":[{"name":"wp","href":"https:\/\/api.w.org\/{rel}","templated":true}]}}