{"id":1549,"date":"2021-04-07T13:48:33","date_gmt":"2021-04-07T10:48:33","guid":{"rendered":"https:\/\/satchel.eu\/?page_id=1549"},"modified":"2024-07-04T15:48:59","modified_gmt":"2024-07-04T12:48:59","slug":"limits","status":"publish","type":"page","link":"https:\/\/satchel.eu\/lt\/limits\/","title":{"rendered":"Limits"},"content":{"rendered":"<section class=\"section pt-45 pt-md-70\">\r\n  <div class=\"container\">\r\n    <div class=\"col-lg-12 mx-auto\">\r\n      <h1 class=\"text-center mb-50\">Card Limits<\/h1>\r\n      <div class=\"fees-table fees-table--card\">\r\n        <div class=\"fees-table__overflow\">\r\n          <table>\r\n            <tr>\r\n              <th><\/th>\r\n              <th class=\"text-right\" align=\"right\" valign=\"middle\">Proud to be Lithuanian<\/th>\r\n              <th class=\"text-right\" align=\"right\" valign=\"middle\">Regular Spender<\/th>\r\n              <th class=\"text-right\" align=\"right\" valign=\"middle\">Active Spender \/ Traveler<\/th>\r\n              <th class=\"text-right\" align=\"right\" valign=\"middle\">Small \/ Medium Business<\/th>\r\n              <th class=\"text-right\" align=\"right\" valign=\"middle\">Basic<\/th>\r\n            <\/tr>\r\n            <tr>\r\n              <td align=\"left\" valign=\"middle\">ATM \u2013 Max Value Per transaction<\/td>\r\n              <td align=\"right\" valign=\"middle\">500 EUR<\/td>\r\n              <td align=\"right\" valign=\"middle\">500 EUR<\/td>\r\n              <td align=\"right\" valign=\"middle\">500 EUR<\/td>\r\n              <td align=\"right\" valign=\"middle\">500 EUR<\/td>\r\n              <td align=\"right\" valign=\"middle\">500 EUR<\/td>\r\n            <\/tr>\r\n            <tr>\r\n              <td align=\"left\" valign=\"middle\">ATM \u2013 Max number per day<\/td>\r\n              <td align=\"right\" valign=\"middle\">10<\/td>\r\n              <td align=\"right\" valign=\"middle\">10<\/td>\r\n              <td align=\"right\" valign=\"middle\">10<\/td>\r\n              <td align=\"right\" valign=\"middle\">10<\/td>\r\n              <td align=\"right\" valign=\"middle\">10<\/td>\r\n            <\/tr>\r\n            <tr>\r\n              <td align=\"left\" valign=\"middle\">ATM \u2013 Max value per day<\/td>\r\n              <td align=\"right\" valign=\"middle\">600 EUR<\/td>\r\n              <td align=\"right\" valign=\"middle\">1 500 EUR<\/td>\r\n              <td align=\"right\" valign=\"middle\">2 500 EUR<\/td>\r\n              <td align=\"right\" valign=\"middle\">2 500 EUR<\/td>\r\n              <td align=\"right\" valign=\"middle\">2 500 EUR<\/td>\r\n            <\/tr>\r\n            <tr>\r\n              <td align=\"left\" valign=\"middle\">Ecommerce \u2013 max value per transaction<\/td>\r\n              <td align=\"right\" valign=\"middle\">2 500 EUR<\/td>\r\n              <td align=\"right\" valign=\"middle\">2 500 EUR<\/td>\r\n              <td align=\"right\" valign=\"middle\">5 000 EUR<\/td>\r\n              <td align=\"right\" valign=\"middle\">5 000 EUR<\/td>\r\n              <td align=\"right\" valign=\"middle\">2 500 EUR<\/td>\r\n            <\/tr>\r\n            <tr>\r\n              <td align=\"left\" valign=\"middle\">Ecommerce \u2013 Max number per day<\/td>\r\n              <td align=\"right\" valign=\"middle\">20<\/td>\r\n              <td align=\"right\" valign=\"middle\">20<\/td>\r\n              <td align=\"right\" valign=\"middle\">20<\/td>\r\n              <td align=\"right\" valign=\"middle\">20<\/td>\r\n              <td align=\"right\" valign=\"middle\">20<\/td>\r\n            <\/tr>\r\n            <tr>\r\n              <td align=\"left\" valign=\"middle\">Ecommerce \u2013 Max value per day<\/td>\r\n              <td align=\"right\" valign=\"middle\">2 500 EUR<\/td>\r\n              <td align=\"right\" valign=\"middle\">2 500 EUR<\/td>\r\n              <td align=\"right\" valign=\"middle\">5 000 EUR<\/td>\r\n              <td align=\"right\" valign=\"middle\">5 000 EUR<\/td>\r\n              <td align=\"right\" valign=\"middle\">2 500 EUR<\/td>\r\n            <\/tr>\r\n            <tr>\r\n              <td align=\"left\" valign=\"middle\">Purchases \u2013 max value per transaction<\/td>\r\n              <td align=\"right\" valign=\"middle\">2 500 EUR<\/td>\r\n              <td align=\"right\" valign=\"middle\">2 500 EUR<\/td>\r\n              <td align=\"right\" valign=\"middle\">20 000 EUR<\/td>\r\n              <td align=\"right\" valign=\"middle\">20 000 EUR<\/td>\r\n              <td align=\"right\" valign=\"middle\">2 500 EUR<\/td>\r\n            <\/tr>\r\n            <tr>\r\n              <td align=\"left\" valign=\"middle\">Purchases \u2013 Max number per day<\/td>\r\n              <td align=\"right\" valign=\"middle\">20<\/td>\r\n              <td align=\"right\" valign=\"middle\">20<\/td>\r\n              <td align=\"right\" valign=\"middle\">20<\/td>\r\n              <td align=\"right\" valign=\"middle\">20<\/td>\r\n              <td align=\"right\" valign=\"middle\">20<\/td>\r\n            <\/tr>\r\n            <tr>\r\n              <td align=\"left\" valign=\"middle\">Purchases \u2013 Max value per day<\/td>\r\n              <td align=\"right\" valign=\"middle\">20 000 EUR<\/td>\r\n              <td align=\"right\" valign=\"middle\">20 000 EUR<\/td>\r\n              <td align=\"right\" valign=\"middle\">20 000 EUR<\/td>\r\n              <td align=\"right\" valign=\"middle\">20 000 EUR<\/td>\r\n              <td align=\"right\" valign=\"middle\">20 000 EUR<\/td>\r\n            <\/tr>\r\n            <tr>\r\n              <td align=\"left\" valign=\"middle\">Card Max Balance<\/td>\r\n              <td align=\"right\" valign=\"middle\">20 000 EUR<\/td>\r\n              <td align=\"right\" valign=\"middle\">20 000 EUR<\/td>\r\n              <td align=\"right\" valign=\"middle\">20 000 EUR<\/td>\r\n              <td align=\"right\" valign=\"middle\">20 000 EUR<\/td>\r\n              <td align=\"right\" valign=\"middle\">20 000 EUR<\/td>\r\n            <\/tr>\r\n            <tr>\r\n              <td align=\"left\" valign=\"middle\">Daily load limit<\/td>\r\n              <td align=\"right\" valign=\"middle\">5 000 EUR<\/td>\r\n              <td align=\"right\" valign=\"middle\">5 000 EUR<\/td>\r\n              <td align=\"right\" valign=\"middle\">5 000 EUR<\/td>\r\n              <td align=\"right\" valign=\"middle\">5 000 EUR<\/td>\r\n              <td align=\"right\" valign=\"middle\">5 000 EUR<\/td>\r\n            <\/tr>\r\n            <tr>\r\n              <td align=\"left\" valign=\"middle\">Monthly load limit<\/td>\r\n              <td align=\"right\" valign=\"middle\">20 000 EUR<\/td>\r\n              <td align=\"right\" valign=\"middle\">20 000 EUR<\/td>\r\n              <td align=\"right\" valign=\"middle\">40 000 EUR<\/td>\r\n              <td align=\"right\" valign=\"middle\">40 000 EUR<\/td>\r\n              <td align=\"right\" valign=\"middle\">20 000 EUR<\/td>\r\n            <\/tr>\r\n            <tr>\r\n              <td align=\"left\" valign=\"middle\">Yearly load limit<\/td>\r\n              <td align=\"right\" valign=\"middle\">80 000 EUR<\/td>\r\n              <td align=\"right\" valign=\"middle\">80 000 EUR<\/td>\r\n              <td align=\"right\" valign=\"middle\">20 0000 EUR<\/td>\r\n              <td align=\"right\" valign=\"middle\">20 0000 EUR<\/td>\r\n              <td align=\"right\" valign=\"middle\">80 000 EUR<\/td>\r\n            <\/tr>\r\n          <\/table>\r\n        <\/div>\r\n      <\/div>\r\n    <\/div>\r\n  <\/div>\r\n<\/section>","protected":false},"excerpt":{"rendered":"Card Limits Proud to be Lithuanian Regular Spender Active Spender \/ Traveler Small \/ Medium Business Basic ATM \u2013 Max Value Per transaction 500 EUR 500 EUR 500 EUR 500 EUR 500 EUR ATM \u2013 Max number per day 10 10 10 10 10 ATM \u2013 Max value per day 600 EUR 1 500 EUR&#8230;","protected":false},"author":5,"featured_media":0,"parent":0,"menu_order":0,"comment_status":"closed","ping_status":"closed","template":"","meta":{"_acf_changed":false,"footnotes":""},"class_list":["post-1549","page","type-page","status-publish","hentry"],"acf":[],"yoast_head":"<!-- This site is optimized with the Yoast SEO plugin v22.0 - https:\/\/yoast.com\/wordpress\/plugins\/seo\/ -->\n<title>Korteli\u0173 limitai \u2013 \u201eSatchel\u201c | J\u016bs\u0173 pinig\u0173 valdymo sprendimas<\/title>\n<meta name=\"description\" content=\"Su\u017einokite, kokie mok\u0117jimo limitai taikomi j\u016bs\u0173 \u201eSatchel\u201c kortelei.\" \/>\n<meta name=\"robots\" content=\"index, follow, max-snippet:-1, max-image-preview:large, max-video-preview:-1\" \/>\n<link rel=\"canonical\" href=\"https:\/\/satchel.eu\/lt\/limits\/\" \/>\n<meta property=\"og:locale\" content=\"lt_LT\" \/>\n<meta property=\"og:type\" content=\"article\" \/>\n<meta property=\"og:title\" content=\"Korteli\u0173 limitai \u2013 \u201eSatchel\u201c | J\u016bs\u0173 pinig\u0173 valdymo sprendimas\" \/>\n<meta property=\"og:description\" content=\"Su\u017einokite, kokie mok\u0117jimo limitai taikomi j\u016bs\u0173 \u201eSatchel\u201c kortelei.\" \/>\n<meta property=\"og:url\" content=\"https:\/\/satchel.eu\/lt\/limits\/\" \/>\n<meta property=\"og:site_name\" content=\"\u201eSatchel\u201c\" \/>\n<meta property=\"article:modified_time\" content=\"2024-07-04T12:48:59+00:00\" \/>\n<meta name=\"twitter:card\" content=\"summary_large_image\" \/>\n<meta name=\"twitter:label1\" content=\"Est. reading time\" \/>\n\t<meta name=\"twitter:data1\" content=\"1 minut\u0117\" \/>\n<script type=\"application\/ld+json\" class=\"yoast-schema-graph\">{\"@context\":\"https:\/\/schema.org\",\"@graph\":[{\"@type\":\"WebPage\",\"@id\":\"https:\/\/satchel.eu\/lt\/limits\/\",\"url\":\"https:\/\/satchel.eu\/lt\/limits\/\",\"name\":\"Korteli\u0173 limitai \u2013 \u201eSatchel\u201c | J\u016bs\u0173 pinig\u0173 valdymo sprendimas\",\"isPartOf\":{\"@id\":\"https:\/\/satchel.eu\/lt\/#website\"},\"datePublished\":\"2021-04-07T10:48:33+00:00\",\"dateModified\":\"2024-07-04T12:48:59+00:00\",\"description\":\"Su\u017einokite, kokie mok\u0117jimo limitai taikomi j\u016bs\u0173 \u201eSatchel\u201c kortelei.\",\"breadcrumb\":{\"@id\":\"https:\/\/satchel.eu\/lt\/limits\/#breadcrumb\"},\"inLanguage\":\"lt-LT\",\"potentialAction\":[{\"@type\":\"ReadAction\",\"target\":[\"https:\/\/satchel.eu\/lt\/limits\/\"]}]},{\"@type\":\"BreadcrumbList\",\"@id\":\"https:\/\/satchel.eu\/lt\/limits\/#breadcrumb\",\"itemListElement\":[{\"@type\":\"ListItem\",\"position\":1,\"name\":\"Satchel\",\"item\":\"https:\/\/satchel.eu\/lt\/\"},{\"@type\":\"ListItem\",\"position\":2,\"name\":\"Limits\"}]},{\"@type\":\"WebSite\",\"@id\":\"https:\/\/satchel.eu\/lt\/#website\",\"url\":\"https:\/\/satchel.eu\/lt\/\",\"name\":\"\u201eSatchel\u201c\",\"description\":\"J\u016bs\u0173 pinig\u0173 valdymo sprendimas\",\"publisher\":{\"@id\":\"https:\/\/satchel.eu\/lt\/#organization\"},\"potentialAction\":[{\"@type\":\"SearchAction\",\"target\":{\"@type\":\"EntryPoint\",\"urlTemplate\":\"https:\/\/satchel.eu\/lt\/?s={search_term_string}\"},\"query-input\":\"required name=search_term_string\"}],\"inLanguage\":\"lt-LT\"},{\"@type\":\"Organization\",\"@id\":\"https:\/\/satchel.eu\/lt\/#organization\",\"name\":\"Satchel\",\"url\":\"https:\/\/satchel.eu\/lt\/\",\"logo\":{\"@type\":\"ImageObject\",\"inLanguage\":\"lt-LT\",\"@id\":\"https:\/\/satchel.eu\/lt\/#\/schema\/logo\/image\/\",\"url\":\"https:\/\/satchel.eu\/lt\/wp-content\/uploads\/sites\/2\/2021\/05\/logo-black.jpg\",\"contentUrl\":\"https:\/\/satchel.eu\/lt\/wp-content\/uploads\/sites\/2\/2021\/05\/logo-black.jpg\",\"width\":135,\"height\":32,\"caption\":\"Satchel\"},\"image\":{\"@id\":\"https:\/\/satchel.eu\/lt\/#\/schema\/logo\/image\/\"}}]}<\/script>\n<!-- \/ Yoast SEO plugin. -->","yoast_head_json":{"title":"Korteli\u0173 limitai \u2013 \u201eSatchel\u201c | J\u016bs\u0173 pinig\u0173 valdymo sprendimas","description":"Su\u017einokite, kokie mok\u0117jimo limitai taikomi j\u016bs\u0173 \u201eSatchel\u201c kortelei.","robots":{"index":"index","follow":"follow","max-snippet":"max-snippet:-1","max-image-preview":"max-image-preview:large","max-video-preview":"max-video-preview:-1"},"canonical":"https:\/\/satchel.eu\/lt\/limits\/","og_locale":"lt_LT","og_type":"article","og_title":"Korteli\u0173 limitai \u2013 \u201eSatchel\u201c | J\u016bs\u0173 pinig\u0173 valdymo sprendimas","og_description":"Su\u017einokite, kokie mok\u0117jimo limitai taikomi j\u016bs\u0173 \u201eSatchel\u201c kortelei.","og_url":"https:\/\/satchel.eu\/lt\/limits\/","og_site_name":"\u201eSatchel\u201c","article_modified_time":"2024-07-04T12:48:59+00:00","twitter_card":"summary_large_image","twitter_misc":{"Est. reading time":"1 minut\u0117"},"schema":{"@context":"https:\/\/schema.org","@graph":[{"@type":"WebPage","@id":"https:\/\/satchel.eu\/lt\/limits\/","url":"https:\/\/satchel.eu\/lt\/limits\/","name":"Korteli\u0173 limitai \u2013 \u201eSatchel\u201c | J\u016bs\u0173 pinig\u0173 valdymo sprendimas","isPartOf":{"@id":"https:\/\/satchel.eu\/lt\/#website"},"datePublished":"2021-04-07T10:48:33+00:00","dateModified":"2024-07-04T12:48:59+00:00","description":"Su\u017einokite, kokie mok\u0117jimo limitai taikomi j\u016bs\u0173 \u201eSatchel\u201c kortelei.","breadcrumb":{"@id":"https:\/\/satchel.eu\/lt\/limits\/#breadcrumb"},"inLanguage":"lt-LT","potentialAction":[{"@type":"ReadAction","target":["https:\/\/satchel.eu\/lt\/limits\/"]}]},{"@type":"BreadcrumbList","@id":"https:\/\/satchel.eu\/lt\/limits\/#breadcrumb","itemListElement":[{"@type":"ListItem","position":1,"name":"Satchel","item":"https:\/\/satchel.eu\/lt\/"},{"@type":"ListItem","position":2,"name":"Limits"}]},{"@type":"WebSite","@id":"https:\/\/satchel.eu\/lt\/#website","url":"https:\/\/satchel.eu\/lt\/","name":"\u201eSatchel\u201c","description":"J\u016bs\u0173 pinig\u0173 valdymo sprendimas","publisher":{"@id":"https:\/\/satchel.eu\/lt\/#organization"},"potentialAction":[{"@type":"SearchAction","target":{"@type":"EntryPoint","urlTemplate":"https:\/\/satchel.eu\/lt\/?s={search_term_string}"},"query-input":"required name=search_term_string"}],"inLanguage":"lt-LT"},{"@type":"Organization","@id":"https:\/\/satchel.eu\/lt\/#organization","name":"Satchel","url":"https:\/\/satchel.eu\/lt\/","logo":{"@type":"ImageObject","inLanguage":"lt-LT","@id":"https:\/\/satchel.eu\/lt\/#\/schema\/logo\/image\/","url":"https:\/\/satchel.eu\/lt\/wp-content\/uploads\/sites\/2\/2021\/05\/logo-black.jpg","contentUrl":"https:\/\/satchel.eu\/lt\/wp-content\/uploads\/sites\/2\/2021\/05\/logo-black.jpg","width":135,"height":32,"caption":"Satchel"},"image":{"@id":"https:\/\/satchel.eu\/lt\/#\/schema\/logo\/image\/"}}]}},"_links":{"self":[{"href":"https:\/\/satchel.eu\/lt\/wp-json\/wp\/v2\/pages\/1549","targetHints":{"allow":["GET"]}}],"collection":[{"href":"https:\/\/satchel.eu\/lt\/wp-json\/wp\/v2\/pages"}],"about":[{"href":"https:\/\/satchel.eu\/lt\/wp-json\/wp\/v2\/types\/page"}],"author":[{"embeddable":true,"href":"https:\/\/satchel.eu\/lt\/wp-json\/wp\/v2\/users\/5"}],"replies":[{"embeddable":true,"href":"https:\/\/satchel.eu\/lt\/wp-json\/wp\/v2\/comments?post=1549"}],"version-history":[{"count":2,"href":"https:\/\/satchel.eu\/lt\/wp-json\/wp\/v2\/pages\/1549\/revisions"}],"predecessor-version":[{"id":4062,"href":"https:\/\/satchel.eu\/lt\/wp-json\/wp\/v2\/pages\/1549\/revisions\/4062"}],"wp:attachment":[{"href":"https:\/\/satchel.eu\/lt\/wp-json\/wp\/v2\/media?parent=1549"}],"curies":[{"name":"wp","href":"https:\/\/api.w.org\/{rel}","templated":true}]}}