{"id":1570,"date":"2021-04-08T23:20:16","date_gmt":"2021-04-08T20:20:16","guid":{"rendered":"https:\/\/satchel.eu\/?page_id=1570"},"modified":"2026-04-20T15:34:14","modified_gmt":"2026-04-20T12:34:14","slug":"kliento-skundo-forma","status":"publish","type":"page","link":"https:\/\/satchel.eu\/lt\/kliento-skundo-forma\/","title":{"rendered":"Kliento skundo forma"},"content":{"rendered":"<section class=\"section form-page\">\r\n  <div class=\"container\">\r\n    <div class=\"row\">\r\n      <div class=\"col-lg-14 mx-auto\">\r\n        <h1 class=\"mb-30\">Kliento skundo forma<\/h1>\r\n        <form action=\"https:\/\/forms.zohopublic.eu\/document\/form\/Customercomplaintform\/formperma\/rH360tuKMF9OGF-7XDXFCRlOPcdRY8pExq84uA7Lrrk\/htmlRecords\/submit\" method=\"POST\" id=\"customer_complaint_form\" accept-charset='UTF-8' enctype='multipart\/form-data'>\n\n  <input type=\"hidden\" name=\"zf_referrer_name\" value=\"\"><!-- To Track referrals , place the referrer name within the \" \" in the above hidden input field -->\n  <input type=\"hidden\" name=\"zf_redirect_url\" value=\"\"><!-- To redirect to a specific page after record submission , place the respective url within the \" \" in the above hidden input field -->\n  <input type=\"hidden\" id=\"zc_gad\" name=\"zc_gad\" value=\"\"\/><!-- If GCLID is enabled in Zoho CRM Integration, click details of AdWords Ads will be pushed to Zoho CRM -->\n\n  <input type=\"hidden\" name=\"SingleLine6\" checktype=\"c1\" value=\"\" maxlength=\"255\" fieldType=\"1\" placeholder=\" \" class=\"js-input-utm\" \/>\n\n  <p class=\"h4 mb-25\">Kliento informacija<\/p>\n\n  <div class=\"row form-group mb-15\">\n    <div class=\"col-md-8 mb-15 mb-md-0 form-control-wrap\">\n      <label for=\"customer_complaint_1\">Vardas, pavard\u0117 (\u012fmon\u0117s pavadinimas) <span class=\"text-red\">*<\/span><\/label>\n      <input type=\"text\" name=\"SingleLine\" value=\"\" size=\"40\" class=\"form-control\" id=\"customer_complaint_1\">\n    <\/div>\n    <div class=\"col-md-8 form-control-wrap\">\n      <label for=\"customer_complaint_2\">\u012emon\u0117s kodas (juridiniams asmenims)<\/label>\n      <input type=\"text\" name=\"SingleLine1\" value=\"\" size=\"40\" class=\"form-control\" id=\"customer_complaint_2\">\n    <\/div>\n  <\/div>\n\n  <div class=\"form-group mb-15 form-control-wrap\">\n    <label for=\"customer_complaint_3\">Adresas<\/label>\n    <input type=\"text\" name=\"SingleLine2\" value=\"\" size=\"40\" class=\"form-control\" id=\"customer_complaint_3\">\n  <\/div>\n\n  <div class=\"row form-group mb-65\">\n    <div class=\"col-md-8 mb-15 mb-md-0 form-control-wrap\">\n      <label for=\"customer_complaint_4\">Telefonas<\/label>\n      <input type=\"tel\" name=\"PhoneNumber_countrycode\" value=\"\" size=\"40\" class=\"form-control\" id=\"customer_complaint_4\">\n    <\/div>\n    <div class=\"col-md-8 form-control-wrap\">\n      <label for=\"customer_complaint_5\">El. pa\u0161tas <span class=\"text-red\">*<\/span><\/label>\n      <input type=\"email\" name=\"Email\" value=\"\" size=\"40\" class=\"form-control\" id=\"customer_complaint_5\">\n    <\/div>\n  <\/div>\n\n  <div class=\"form-group form-group--float mb-16 ohnohoney\">\n    <input class=\"form-control\" type=\"text\" name=\"input_15_10\" id=\"customer_complaint_subject\" placeholder=\" \" autocomplete=\"new-password\" \/>\n    <label class=\"form__label\" for=\"customer_complaint_subject\">Subject<\/label>\n  <\/div>\n\n  <p class=\"h4 mb-25\">Skundo informacija<\/p>\n\n  <div class=\"form-group mb-15 form-control-wrap\">\n    <label for=\"customer_complaint_6\">Data <span class=\"text-red\">*<\/span><\/label>\n    <input type=\"text\" name=\"Date\" value=\"\" size=\"40\" class=\"form-control js-datepicker-complaint\" id=\"customer_complaint_6\">\n  <\/div>\n  <div class=\"form-group mb-15 form-control-wrap\">\n    <label for=\"customer_complaint_7\">Skundo prie\u017eastis <span class=\"text-red\">*<\/span><\/label>\n    <input type=\"text\" name=\"SingleLine3\" value=\"\" size=\"40\" class=\"form-control\" id=\"customer_complaint_7\">\n  <\/div>\n  <div class=\"form-group mb-15 form-control-wrap\">\n    <label for=\"customer_complaint_8\">Skundo pra\u0161ymas <span class=\"text-red\">*<\/span><\/label>\n    <textarea name=\"MultiLine\" cols=\"40\" rows=\"10\" class=\"form-control\" id=\"customer_complaint_8\"><\/textarea>\n  <\/div>\n  <div class=\"form-group mb-40 form-control-wrap\">\n    <label for=\"customer_complaint_9\">Kliento para\u0161as (vardas ir pavard\u0117 did\u017eiosiomis raid\u0117mis)<\/label>\n    <input type=\"text\" name=\"SingleLine4\" value=\"\" size=\"40\" class=\"form-control\" id=\"customer_complaint_9\">\n  <\/div>\n\n  <div class=\"mb-25 text-center\">\n    <div class=\"cf-turnstile\" data-sitekey=\"0x4AAAAAAABwP3bz0lOUJjSm\" data-theme=\"light\" data-size=\"normal\"><\/div>\n    <div class=\"recaptcha-error error wpcf7-not-valid-tip\" style=\"display:none;\">Patvirtinkite, kad esate \u017emogus.<\/div>\n  <\/div>\n\n  <div class=\"text-center d-flex flex-column align-items-center\">\n    <button class=\"btn btn-primary w-175px wpcf7-form-control wpcf7-submit\" type=\"submit\">Pateikti<\/button>\n  <\/div>\n\n  <div class=\"response-output error wpcf7-not-valid-tip mt-20 text-center\" style=\"display:none;\"><\/div>\n<\/form>\n      <\/div>\r\n    <\/div>\r\n  <\/div>\r\n<\/section>","protected":false},"excerpt":{"rendered":"Kliento skundo forma Kliento informacija Vardas, pavard\u0117 (\u012fmon\u0117s pavadinimas) * \u012emon\u0117s kodas (juridiniams asmenims) Adresas Telefonas El. pa\u0161tas * Subject Skundo informacija Data * Skundo prie\u017eastis * Skundo pra\u0161ymas * Kliento para\u0161as (vardas ir pavard\u0117 did\u017eiosiomis raid\u0117mis) Patvirtinkite, kad esate \u017emogus. Pateikti","protected":false},"author":5,"featured_media":0,"parent":0,"menu_order":0,"comment_status":"closed","ping_status":"closed","template":"","meta":{"_acf_changed":false,"footnotes":""},"class_list":["post-1570","page","type-page","status-publish","hentry"],"acf":[],"yoast_head":"<!-- This site is optimized with the Yoast SEO plugin v22.0 - https:\/\/yoast.com\/wordpress\/plugins\/seo\/ -->\n<title>Mums svarbi j\u016bs\u0173 nuomon\u0117 | \u201eSatchel.eu\u201c<\/title>\n<meta name=\"description\" content=\"Jei tur\u0117jote nemalonios patirties naudodamiesi m\u016bs\u0173 paslaugomis, u\u017epildykite skundo form\u0105 ir mes imsim\u0117s vis\u0173 priemoni\u0173 problemai i\u0161spr\u0119sti.\" \/>\n<meta name=\"robots\" content=\"index, follow, max-snippet:-1, max-image-preview:large, max-video-preview:-1\" \/>\n<link rel=\"canonical\" href=\"https:\/\/satchel.eu\/lt\/kliento-skundo-forma\/\" \/>\n<meta property=\"og:locale\" content=\"lt_LT\" \/>\n<meta property=\"og:type\" content=\"article\" \/>\n<meta property=\"og:title\" content=\"Mums svarbi j\u016bs\u0173 nuomon\u0117 | \u201eSatchel.eu\u201c\" \/>\n<meta property=\"og:description\" content=\"Jei tur\u0117jote nemalonios patirties naudodamiesi m\u016bs\u0173 paslaugomis, u\u017epildykite skundo form\u0105 ir mes imsim\u0117s vis\u0173 priemoni\u0173 problemai i\u0161spr\u0119sti.\" \/>\n<meta property=\"og:url\" content=\"https:\/\/satchel.eu\/lt\/kliento-skundo-forma\/\" \/>\n<meta property=\"og:site_name\" content=\"\u201eSatchel\u201c\" \/>\n<meta property=\"article:modified_time\" content=\"2026-04-20T12:34:14+00:00\" \/>\n<meta name=\"twitter:card\" content=\"summary_large_image\" \/>\n<script type=\"application\/ld+json\" class=\"yoast-schema-graph\">{\"@context\":\"https:\/\/schema.org\",\"@graph\":[{\"@type\":\"WebPage\",\"@id\":\"https:\/\/satchel.eu\/lt\/kliento-skundo-forma\/\",\"url\":\"https:\/\/satchel.eu\/lt\/kliento-skundo-forma\/\",\"name\":\"Mums svarbi j\u016bs\u0173 nuomon\u0117 | \u201eSatchel.eu\u201c\",\"isPartOf\":{\"@id\":\"https:\/\/satchel.eu\/lt\/#website\"},\"datePublished\":\"2021-04-08T20:20:16+00:00\",\"dateModified\":\"2026-04-20T12:34:14+00:00\",\"description\":\"Jei tur\u0117jote nemalonios patirties naudodamiesi m\u016bs\u0173 paslaugomis, u\u017epildykite skundo form\u0105 ir mes imsim\u0117s vis\u0173 priemoni\u0173 problemai i\u0161spr\u0119sti.\",\"breadcrumb\":{\"@id\":\"https:\/\/satchel.eu\/lt\/kliento-skundo-forma\/#breadcrumb\"},\"inLanguage\":\"lt-LT\",\"potentialAction\":[{\"@type\":\"ReadAction\",\"target\":[\"https:\/\/satchel.eu\/lt\/kliento-skundo-forma\/\"]}]},{\"@type\":\"BreadcrumbList\",\"@id\":\"https:\/\/satchel.eu\/lt\/kliento-skundo-forma\/#breadcrumb\",\"itemListElement\":[{\"@type\":\"ListItem\",\"position\":1,\"name\":\"Satchel\",\"item\":\"https:\/\/satchel.eu\/lt\/\"},{\"@type\":\"ListItem\",\"position\":2,\"name\":\"Kliento skundo forma\"}]},{\"@type\":\"WebSite\",\"@id\":\"https:\/\/satchel.eu\/lt\/#website\",\"url\":\"https:\/\/satchel.eu\/lt\/\",\"name\":\"\u201eSatchel\u201c\",\"description\":\"J\u016bs\u0173 pinig\u0173 valdymo sprendimas\",\"publisher\":{\"@id\":\"https:\/\/satchel.eu\/lt\/#organization\"},\"potentialAction\":[{\"@type\":\"SearchAction\",\"target\":{\"@type\":\"EntryPoint\",\"urlTemplate\":\"https:\/\/satchel.eu\/lt\/?s={search_term_string}\"},\"query-input\":\"required name=search_term_string\"}],\"inLanguage\":\"lt-LT\"},{\"@type\":\"Organization\",\"@id\":\"https:\/\/satchel.eu\/lt\/#organization\",\"name\":\"Satchel\",\"url\":\"https:\/\/satchel.eu\/lt\/\",\"logo\":{\"@type\":\"ImageObject\",\"inLanguage\":\"lt-LT\",\"@id\":\"https:\/\/satchel.eu\/lt\/#\/schema\/logo\/image\/\",\"url\":\"https:\/\/satchel.eu\/lt\/wp-content\/uploads\/sites\/2\/2021\/05\/logo-black.jpg\",\"contentUrl\":\"https:\/\/satchel.eu\/lt\/wp-content\/uploads\/sites\/2\/2021\/05\/logo-black.jpg\",\"width\":135,\"height\":32,\"caption\":\"Satchel\"},\"image\":{\"@id\":\"https:\/\/satchel.eu\/lt\/#\/schema\/logo\/image\/\"}}]}<\/script>\n<!-- \/ Yoast SEO plugin. -->","yoast_head_json":{"title":"Mums svarbi j\u016bs\u0173 nuomon\u0117 | \u201eSatchel.eu\u201c","description":"Jei tur\u0117jote nemalonios patirties naudodamiesi m\u016bs\u0173 paslaugomis, u\u017epildykite skundo form\u0105 ir mes imsim\u0117s vis\u0173 priemoni\u0173 problemai i\u0161spr\u0119sti.","robots":{"index":"index","follow":"follow","max-snippet":"max-snippet:-1","max-image-preview":"max-image-preview:large","max-video-preview":"max-video-preview:-1"},"canonical":"https:\/\/satchel.eu\/lt\/kliento-skundo-forma\/","og_locale":"lt_LT","og_type":"article","og_title":"Mums svarbi j\u016bs\u0173 nuomon\u0117 | \u201eSatchel.eu\u201c","og_description":"Jei tur\u0117jote nemalonios patirties naudodamiesi m\u016bs\u0173 paslaugomis, u\u017epildykite skundo form\u0105 ir mes imsim\u0117s vis\u0173 priemoni\u0173 problemai i\u0161spr\u0119sti.","og_url":"https:\/\/satchel.eu\/lt\/kliento-skundo-forma\/","og_site_name":"\u201eSatchel\u201c","article_modified_time":"2026-04-20T12:34:14+00:00","twitter_card":"summary_large_image","schema":{"@context":"https:\/\/schema.org","@graph":[{"@type":"WebPage","@id":"https:\/\/satchel.eu\/lt\/kliento-skundo-forma\/","url":"https:\/\/satchel.eu\/lt\/kliento-skundo-forma\/","name":"Mums svarbi j\u016bs\u0173 nuomon\u0117 | \u201eSatchel.eu\u201c","isPartOf":{"@id":"https:\/\/satchel.eu\/lt\/#website"},"datePublished":"2021-04-08T20:20:16+00:00","dateModified":"2026-04-20T12:34:14+00:00","description":"Jei tur\u0117jote nemalonios patirties naudodamiesi m\u016bs\u0173 paslaugomis, u\u017epildykite skundo form\u0105 ir mes imsim\u0117s vis\u0173 priemoni\u0173 problemai i\u0161spr\u0119sti.","breadcrumb":{"@id":"https:\/\/satchel.eu\/lt\/kliento-skundo-forma\/#breadcrumb"},"inLanguage":"lt-LT","potentialAction":[{"@type":"ReadAction","target":["https:\/\/satchel.eu\/lt\/kliento-skundo-forma\/"]}]},{"@type":"BreadcrumbList","@id":"https:\/\/satchel.eu\/lt\/kliento-skundo-forma\/#breadcrumb","itemListElement":[{"@type":"ListItem","position":1,"name":"Satchel","item":"https:\/\/satchel.eu\/lt\/"},{"@type":"ListItem","position":2,"name":"Kliento skundo forma"}]},{"@type":"WebSite","@id":"https:\/\/satchel.eu\/lt\/#website","url":"https:\/\/satchel.eu\/lt\/","name":"\u201eSatchel\u201c","description":"J\u016bs\u0173 pinig\u0173 valdymo sprendimas","publisher":{"@id":"https:\/\/satchel.eu\/lt\/#organization"},"potentialAction":[{"@type":"SearchAction","target":{"@type":"EntryPoint","urlTemplate":"https:\/\/satchel.eu\/lt\/?s={search_term_string}"},"query-input":"required name=search_term_string"}],"inLanguage":"lt-LT"},{"@type":"Organization","@id":"https:\/\/satchel.eu\/lt\/#organization","name":"Satchel","url":"https:\/\/satchel.eu\/lt\/","logo":{"@type":"ImageObject","inLanguage":"lt-LT","@id":"https:\/\/satchel.eu\/lt\/#\/schema\/logo\/image\/","url":"https:\/\/satchel.eu\/lt\/wp-content\/uploads\/sites\/2\/2021\/05\/logo-black.jpg","contentUrl":"https:\/\/satchel.eu\/lt\/wp-content\/uploads\/sites\/2\/2021\/05\/logo-black.jpg","width":135,"height":32,"caption":"Satchel"},"image":{"@id":"https:\/\/satchel.eu\/lt\/#\/schema\/logo\/image\/"}}]}},"_links":{"self":[{"href":"https:\/\/satchel.eu\/lt\/wp-json\/wp\/v2\/pages\/1570","targetHints":{"allow":["GET"]}}],"collection":[{"href":"https:\/\/satchel.eu\/lt\/wp-json\/wp\/v2\/pages"}],"about":[{"href":"https:\/\/satchel.eu\/lt\/wp-json\/wp\/v2\/types\/page"}],"author":[{"embeddable":true,"href":"https:\/\/satchel.eu\/lt\/wp-json\/wp\/v2\/users\/5"}],"replies":[{"embeddable":true,"href":"https:\/\/satchel.eu\/lt\/wp-json\/wp\/v2\/comments?post=1570"}],"version-history":[{"count":3,"href":"https:\/\/satchel.eu\/lt\/wp-json\/wp\/v2\/pages\/1570\/revisions"}],"predecessor-version":[{"id":3530,"href":"https:\/\/satchel.eu\/lt\/wp-json\/wp\/v2\/pages\/1570\/revisions\/3530"}],"wp:attachment":[{"href":"https:\/\/satchel.eu\/lt\/wp-json\/wp\/v2\/media?parent=1570"}],"curies":[{"name":"wp","href":"https:\/\/api.w.org\/{rel}","templated":true}]}}