{"id":3417,"date":"2023-01-11T13:48:05","date_gmt":"2023-01-11T11:48:05","guid":{"rendered":"https:\/\/satchel.eu\/lt\/?page_id=3417"},"modified":"2025-12-29T15:41:08","modified_gmt":"2025-12-29T13:41:08","slug":"account-statement-transaction-receipt","status":"publish","type":"page","link":"https:\/\/satchel.eu\/lt\/faq\/account-statement-transaction-receipt\/","title":{"rendered":"S\u0105skait\u0173 i\u0161ra\u0161ai ir mok\u0117jim\u0173 patvirtinimai"},"content":{"rendered":"<section class=\"section\">\n<div class=\"container\">\n<div class=\"row\">\n<div class=\"col-lg-10 mx-auto\">\n<h1 class=\"mb-50\">Kaip atsisi\u0173sti s\u0105skaitos i\u0161ra\u0161\u0105 ar gauti mok\u0117jimo patvirtinimo kopij\u0105<\/h1>\n<h2>S\u0105skaitos i\u0161ra\u0161as<\/h2>\n<p class=\"p-md\">Visi klientai turi galimyb\u0119 atsisi\u0173sti savo naudojam\u0173 s\u0105skait\u0173 i\u0161ra\u0161us, kuriuose ai\u0161kiai matys pasirinkto laikotarpio mok\u0117jim\u0173 informacij\u0105.<\/p>\n<p class=\"p-md\"><b>1. \u0160onin\u0117je meniu juostoje pasirinkite all Accounts<\/b><\/p>\n<p class=\"p-md\">\n          <picture><source \nsrcset=\"data:image\/gif;base64,R0lGODlhAQABAAAAACH5BAEKAAEALAAAAAABAAEAAAICTAEAOw==\"\n              data-srcset=\"https:\/\/satchel.eu\/lt\/wp-content\/themes\/satchel\/public\/img\/webp\/faq\/account-statement-transaction-receipt\/img1-min.webp\"\n              type=\"image\/webp\" \/><source \nsrcset=\"data:image\/gif;base64,R0lGODlhAQABAAAAACH5BAEKAAEALAAAAAABAAEAAAICTAEAOw==\"\n              data-srcset=\"https:\/\/satchel.eu\/lt\/wp-content\/themes\/satchel\/public\/img\/faq\/account-statement-transaction-receipt\/img1-min.jpg\"\n              type=\"image\/jpg\" \/><br \/>\n            <img decoding=\"async\"\n              src=\"data:image\/gif;base64,R0lGODlhAQABAAAAACH5BAEKAAEALAAAAAABAAEAAAICTAEAOw==\"\n              data-src=\"https:\/\/satchel.eu\/lt\/wp-content\/themes\/satchel\/public\/img\/faq\/account-statement-transaction-receipt\/img1-min.jpg\"\n              width=\"768\" height=\"359\"\n              class=\"lazyload\"\n              alt=\"\" \/>\n          <\/picture><\/p>\n<p class=\"p-md\"><b>2. Pa\u017eym\u0117kite norim\u0105 s\u0105skait\u0105<\/b><\/p>\n<p class=\"p-md\"><b>3. Paspauskite mygtuk\u0105 &#8216;Download statement&#8217;<\/b><\/p>\n<p class=\"p-md\">\n          <picture><source \nsrcset=\"data:image\/gif;base64,R0lGODlhAQABAAAAACH5BAEKAAEALAAAAAABAAEAAAICTAEAOw==\"\n              data-srcset=\"https:\/\/satchel.eu\/lt\/wp-content\/themes\/satchel\/public\/img\/webp\/faq\/account-statement-transaction-receipt\/img2-min.webp\"\n              type=\"image\/webp\" \/><source \nsrcset=\"data:image\/gif;base64,R0lGODlhAQABAAAAACH5BAEKAAEALAAAAAABAAEAAAICTAEAOw==\"\n              data-srcset=\"https:\/\/satchel.eu\/lt\/wp-content\/themes\/satchel\/public\/img\/faq\/account-statement-transaction-receipt\/img2-min.jpg\"\n              type=\"image\/jpg\" \/><br \/>\n            <img decoding=\"async\"\n              src=\"data:image\/gif;base64,R0lGODlhAQABAAAAACH5BAEKAAEALAAAAAABAAEAAAICTAEAOw==\"\n              data-src=\"https:\/\/satchel.eu\/lt\/wp-content\/themes\/satchel\/public\/img\/faq\/account-statement-transaction-receipt\/img2-min.jpg\"\n              width=\"768\" height=\"364\"\n              class=\"lazyload\"\n              alt=\"\" \/>\n          <\/picture><\/p>\n<p class=\"p-md\"><b>4. Pasirinkite norim\u0105 laikotarp\u012f<\/b><\/p>\n<p class=\"p-md\">Pastaba: maksimalus i\u0161duodamo s\u0105skaitos i\u0161ra\u0161o periodas negali vir\u0161yti vieneri\u0173 met\u0173.<\/p>\n<p class=\"p-md\">\n          <picture><source \nsrcset=\"data:image\/gif;base64,R0lGODlhAQABAAAAACH5BAEKAAEALAAAAAABAAEAAAICTAEAOw==\"\n              data-srcset=\"https:\/\/satchel.eu\/lt\/wp-content\/themes\/satchel\/public\/img\/webp\/faq\/account-statement-transaction-receipt\/img3-min.webp\"\n              type=\"image\/webp\" \/><source \nsrcset=\"data:image\/gif;base64,R0lGODlhAQABAAAAACH5BAEKAAEALAAAAAABAAEAAAICTAEAOw==\"\n              data-srcset=\"https:\/\/satchel.eu\/lt\/wp-content\/themes\/satchel\/public\/img\/faq\/account-statement-transaction-receipt\/img3-min.jpg\"\n              type=\"image\/jpg\" \/><br \/>\n            <img decoding=\"async\"\n              src=\"data:image\/gif;base64,R0lGODlhAQABAAAAACH5BAEKAAEALAAAAAABAAEAAAICTAEAOw==\"\n              data-src=\"https:\/\/satchel.eu\/lt\/wp-content\/themes\/satchel\/public\/img\/faq\/account-statement-transaction-receipt\/img3-min.jpg\"\n              width=\"768\" height=\"337\"\n              class=\"lazyload\"\n              alt=\"\" \/>\n          <\/picture><\/p>\n<p class=\"p-md\"><b>5. Pasirinkite Jums tinkamiausi\u0105 format\u0105 ir spauskite \u2018Download\u2019. Dokumentas bus atsi\u0173stas \u012f J\u016bs\u0173 \u012frengin\u012f.<\/b><\/p>\n<h2>Mok\u0117jimo patvirtinimas<\/h2>\n<p class=\"p-md\">Galite ne tik susikurti savo s\u0105skaitos i\u0161ra\u0161\u0105, ta\u010diau ir atskir\u0173 mokejim\u0173 nurodymus.<\/p>\n<p class=\"p-md\"><b>1. Pasirinkite norim\u0105 mok\u0117jim\u0105<\/b><\/p>\n<p class=\"p-md\">Pastaba: Pasinaudoti galimybe atsisi\u0173sti mok\u0117jimo nurodymo patvirtinim\u0105 galima tik po pilno mok\u0117jimo \u012fvykdymo. Atmestiems ar vykdomiems mok\u0117jimas patvirtinimai nei\u0161duodami.<\/p>\n<p class=\"p-md\">\n          <picture><source \nsrcset=\"data:image\/gif;base64,R0lGODlhAQABAAAAACH5BAEKAAEALAAAAAABAAEAAAICTAEAOw==\"\n              data-srcset=\"https:\/\/satchel.eu\/lt\/wp-content\/themes\/satchel\/public\/img\/webp\/faq\/account-statement-transaction-receipt\/img4-min.webp\"\n              type=\"image\/webp\" \/><source \nsrcset=\"data:image\/gif;base64,R0lGODlhAQABAAAAACH5BAEKAAEALAAAAAABAAEAAAICTAEAOw==\"\n              data-srcset=\"https:\/\/satchel.eu\/lt\/wp-content\/themes\/satchel\/public\/img\/faq\/account-statement-transaction-receipt\/img4-min.jpg\"\n              type=\"image\/jpg\" \/><br \/>\n            <img decoding=\"async\"\n              src=\"data:image\/gif;base64,R0lGODlhAQABAAAAACH5BAEKAAEALAAAAAABAAEAAAICTAEAOw==\"\n              data-src=\"https:\/\/satchel.eu\/lt\/wp-content\/themes\/satchel\/public\/img\/faq\/account-statement-transaction-receipt\/img4-min.jpg\"\n              width=\"768\" height=\"369\"\n              class=\"lazyload\"\n              alt=\"\" \/>\n          <\/picture><\/p>\n<p class=\"p-md\"><b>2. Paspauskite \u201cDownload receipt\u201c<\/b><\/p>\n<p class=\"p-md\">Dokumentas su pasiriktos operacijos detal\u0117mis bus atsi\u0173stas PDF formatu.<\/p>\n<\/p><\/div>\n<\/p><\/div>\n<\/p><\/div>\n<\/section>\n","protected":false},"excerpt":{"rendered":"<p>Kaip atsisi\u0173sti s\u0105skaitos i\u0161ra\u0161\u0105 ar gauti mok\u0117jimo patvirtinimo kopij\u0105 S\u0105skaitos i\u0161ra\u0161as Visi klientai turi galimyb\u0119 atsisi\u0173sti savo naudojam\u0173 s\u0105skait\u0173 i\u0161ra\u0161us, kuriuose ai\u0161kiai matys pasirinkto laikotarpio mok\u0117jim\u0173 informacij\u0105. 1. \u0160onin\u0117je meniu juostoje pasirinkite all Accounts 2. Pa\u017eym\u0117kite norim\u0105 s\u0105skait\u0105 3. Paspauskite mygtuk\u0105 &#8216;Download statement&#8217; 4. Pasirinkite norim\u0105 laikotarp\u012f Pastaba: maksimalus i\u0161duodamo s\u0105skaitos i\u0161ra\u0161o periodas negali vir\u0161yti&#8230;<\/p>\n","protected":false},"author":5,"featured_media":0,"parent":99,"menu_order":0,"comment_status":"closed","ping_status":"closed","template":"","meta":{"_acf_changed":false,"footnotes":""},"class_list":["post-3417","page","type-page","status-publish","hentry"],"acf":[],"yoast_head":"<!-- This site is optimized with the Yoast SEO plugin v22.0 - https:\/\/yoast.com\/wordpress\/plugins\/seo\/ -->\n<title>S\u0105skait\u0173 i\u0161ra\u0161ai ir mok\u0117jim\u0173 patvirtinimai<\/title>\n<meta name=\"description\" content=\"Su\u017einokite apie s\u0105skait\u0173 i\u0161ra\u0161us ir mok\u0117jim\u0173 patvirtinimus. Raskite atsakymus \u012f da\u017eniausiai u\u017eduodamus klausimus apie dokumentus ir j\u0173 valdym\u0105.\" \/>\n<meta name=\"robots\" content=\"index, follow, max-snippet:-1, max-image-preview:large, max-video-preview:-1\" \/>\n<link rel=\"canonical\" href=\"https:\/\/satchel.eu\/lt\/faq\/account-statement-transaction-receipt\/\" \/>\n<meta property=\"og:locale\" content=\"lt_LT\" \/>\n<meta property=\"og:type\" content=\"article\" \/>\n<meta property=\"og:title\" content=\"S\u0105skait\u0173 i\u0161ra\u0161ai ir mok\u0117jim\u0173 patvirtinimai\" \/>\n<meta property=\"og:description\" content=\"Su\u017einokite apie s\u0105skait\u0173 i\u0161ra\u0161us ir mok\u0117jim\u0173 patvirtinimus. Raskite atsakymus \u012f da\u017eniausiai u\u017eduodamus klausimus apie dokumentus ir j\u0173 valdym\u0105.\" \/>\n<meta property=\"og:url\" content=\"https:\/\/satchel.eu\/lt\/faq\/account-statement-transaction-receipt\/\" \/>\n<meta property=\"og:site_name\" content=\"\u201eSatchel\u201c\" \/>\n<meta property=\"article:modified_time\" content=\"2025-12-29T13:41:08+00:00\" \/>\n<meta name=\"twitter:card\" content=\"summary_large_image\" \/>\n<script type=\"application\/ld+json\" class=\"yoast-schema-graph\">{\"@context\":\"https:\/\/schema.org\",\"@graph\":[{\"@type\":\"WebPage\",\"@id\":\"https:\/\/satchel.eu\/lt\/faq\/account-statement-transaction-receipt\/\",\"url\":\"https:\/\/satchel.eu\/lt\/faq\/account-statement-transaction-receipt\/\",\"name\":\"S\u0105skait\u0173 i\u0161ra\u0161ai ir mok\u0117jim\u0173 patvirtinimai\",\"isPartOf\":{\"@id\":\"https:\/\/satchel.eu\/lt\/#website\"},\"datePublished\":\"2023-01-11T11:48:05+00:00\",\"dateModified\":\"2025-12-29T13:41:08+00:00\",\"description\":\"Su\u017einokite apie s\u0105skait\u0173 i\u0161ra\u0161us ir mok\u0117jim\u0173 patvirtinimus. Raskite atsakymus \u012f da\u017eniausiai u\u017eduodamus klausimus apie dokumentus ir j\u0173 valdym\u0105.\",\"breadcrumb\":{\"@id\":\"https:\/\/satchel.eu\/lt\/faq\/account-statement-transaction-receipt\/#breadcrumb\"},\"inLanguage\":\"lt-LT\",\"potentialAction\":[{\"@type\":\"ReadAction\",\"target\":[\"https:\/\/satchel.eu\/lt\/faq\/account-statement-transaction-receipt\/\"]}]},{\"@type\":\"BreadcrumbList\",\"@id\":\"https:\/\/satchel.eu\/lt\/faq\/account-statement-transaction-receipt\/#breadcrumb\",\"itemListElement\":[{\"@type\":\"ListItem\",\"position\":1,\"name\":\"Satchel\",\"item\":\"https:\/\/satchel.eu\/lt\/\"},{\"@type\":\"ListItem\",\"position\":2,\"name\":\"DUK\",\"item\":\"https:\/\/satchel.eu\/lt\/faq\/\"},{\"@type\":\"ListItem\",\"position\":3,\"name\":\"S\u0105skait\u0173 i\u0161ra\u0161ai ir mok\u0117jim\u0173 patvirtinimai\"}]},{\"@type\":\"WebSite\",\"@id\":\"https:\/\/satchel.eu\/lt\/#website\",\"url\":\"https:\/\/satchel.eu\/lt\/\",\"name\":\"\u201eSatchel\u201c\",\"description\":\"J\u016bs\u0173 pinig\u0173 valdymo sprendimas\",\"publisher\":{\"@id\":\"https:\/\/satchel.eu\/lt\/#organization\"},\"potentialAction\":[{\"@type\":\"SearchAction\",\"target\":{\"@type\":\"EntryPoint\",\"urlTemplate\":\"https:\/\/satchel.eu\/lt\/?s={search_term_string}\"},\"query-input\":\"required name=search_term_string\"}],\"inLanguage\":\"lt-LT\"},{\"@type\":\"Organization\",\"@id\":\"https:\/\/satchel.eu\/lt\/#organization\",\"name\":\"Satchel\",\"url\":\"https:\/\/satchel.eu\/lt\/\",\"logo\":{\"@type\":\"ImageObject\",\"inLanguage\":\"lt-LT\",\"@id\":\"https:\/\/satchel.eu\/lt\/#\/schema\/logo\/image\/\",\"url\":\"https:\/\/satchel.eu\/lt\/wp-content\/uploads\/sites\/2\/2021\/05\/logo-black.jpg\",\"contentUrl\":\"https:\/\/satchel.eu\/lt\/wp-content\/uploads\/sites\/2\/2021\/05\/logo-black.jpg\",\"width\":135,\"height\":32,\"caption\":\"Satchel\"},\"image\":{\"@id\":\"https:\/\/satchel.eu\/lt\/#\/schema\/logo\/image\/\"}}]}<\/script>\n<!-- \/ Yoast SEO plugin. -->","yoast_head_json":{"title":"S\u0105skait\u0173 i\u0161ra\u0161ai ir mok\u0117jim\u0173 patvirtinimai","description":"Su\u017einokite apie s\u0105skait\u0173 i\u0161ra\u0161us ir mok\u0117jim\u0173 patvirtinimus. Raskite atsakymus \u012f da\u017eniausiai u\u017eduodamus klausimus apie dokumentus ir j\u0173 valdym\u0105.","robots":{"index":"index","follow":"follow","max-snippet":"max-snippet:-1","max-image-preview":"max-image-preview:large","max-video-preview":"max-video-preview:-1"},"canonical":"https:\/\/satchel.eu\/lt\/faq\/account-statement-transaction-receipt\/","og_locale":"lt_LT","og_type":"article","og_title":"S\u0105skait\u0173 i\u0161ra\u0161ai ir mok\u0117jim\u0173 patvirtinimai","og_description":"Su\u017einokite apie s\u0105skait\u0173 i\u0161ra\u0161us ir mok\u0117jim\u0173 patvirtinimus. Raskite atsakymus \u012f da\u017eniausiai u\u017eduodamus klausimus apie dokumentus ir j\u0173 valdym\u0105.","og_url":"https:\/\/satchel.eu\/lt\/faq\/account-statement-transaction-receipt\/","og_site_name":"\u201eSatchel\u201c","article_modified_time":"2025-12-29T13:41:08+00:00","twitter_card":"summary_large_image","schema":{"@context":"https:\/\/schema.org","@graph":[{"@type":"WebPage","@id":"https:\/\/satchel.eu\/lt\/faq\/account-statement-transaction-receipt\/","url":"https:\/\/satchel.eu\/lt\/faq\/account-statement-transaction-receipt\/","name":"S\u0105skait\u0173 i\u0161ra\u0161ai ir mok\u0117jim\u0173 patvirtinimai","isPartOf":{"@id":"https:\/\/satchel.eu\/lt\/#website"},"datePublished":"2023-01-11T11:48:05+00:00","dateModified":"2025-12-29T13:41:08+00:00","description":"Su\u017einokite apie s\u0105skait\u0173 i\u0161ra\u0161us ir mok\u0117jim\u0173 patvirtinimus. Raskite atsakymus \u012f da\u017eniausiai u\u017eduodamus klausimus apie dokumentus ir j\u0173 valdym\u0105.","breadcrumb":{"@id":"https:\/\/satchel.eu\/lt\/faq\/account-statement-transaction-receipt\/#breadcrumb"},"inLanguage":"lt-LT","potentialAction":[{"@type":"ReadAction","target":["https:\/\/satchel.eu\/lt\/faq\/account-statement-transaction-receipt\/"]}]},{"@type":"BreadcrumbList","@id":"https:\/\/satchel.eu\/lt\/faq\/account-statement-transaction-receipt\/#breadcrumb","itemListElement":[{"@type":"ListItem","position":1,"name":"Satchel","item":"https:\/\/satchel.eu\/lt\/"},{"@type":"ListItem","position":2,"name":"DUK","item":"https:\/\/satchel.eu\/lt\/faq\/"},{"@type":"ListItem","position":3,"name":"S\u0105skait\u0173 i\u0161ra\u0161ai ir mok\u0117jim\u0173 patvirtinimai"}]},{"@type":"WebSite","@id":"https:\/\/satchel.eu\/lt\/#website","url":"https:\/\/satchel.eu\/lt\/","name":"\u201eSatchel\u201c","description":"J\u016bs\u0173 pinig\u0173 valdymo sprendimas","publisher":{"@id":"https:\/\/satchel.eu\/lt\/#organization"},"potentialAction":[{"@type":"SearchAction","target":{"@type":"EntryPoint","urlTemplate":"https:\/\/satchel.eu\/lt\/?s={search_term_string}"},"query-input":"required name=search_term_string"}],"inLanguage":"lt-LT"},{"@type":"Organization","@id":"https:\/\/satchel.eu\/lt\/#organization","name":"Satchel","url":"https:\/\/satchel.eu\/lt\/","logo":{"@type":"ImageObject","inLanguage":"lt-LT","@id":"https:\/\/satchel.eu\/lt\/#\/schema\/logo\/image\/","url":"https:\/\/satchel.eu\/lt\/wp-content\/uploads\/sites\/2\/2021\/05\/logo-black.jpg","contentUrl":"https:\/\/satchel.eu\/lt\/wp-content\/uploads\/sites\/2\/2021\/05\/logo-black.jpg","width":135,"height":32,"caption":"Satchel"},"image":{"@id":"https:\/\/satchel.eu\/lt\/#\/schema\/logo\/image\/"}}]}},"_links":{"self":[{"href":"https:\/\/satchel.eu\/lt\/wp-json\/wp\/v2\/pages\/3417","targetHints":{"allow":["GET"]}}],"collection":[{"href":"https:\/\/satchel.eu\/lt\/wp-json\/wp\/v2\/pages"}],"about":[{"href":"https:\/\/satchel.eu\/lt\/wp-json\/wp\/v2\/types\/page"}],"author":[{"embeddable":true,"href":"https:\/\/satchel.eu\/lt\/wp-json\/wp\/v2\/users\/5"}],"replies":[{"embeddable":true,"href":"https:\/\/satchel.eu\/lt\/wp-json\/wp\/v2\/comments?post=3417"}],"version-history":[{"count":4,"href":"https:\/\/satchel.eu\/lt\/wp-json\/wp\/v2\/pages\/3417\/revisions"}],"predecessor-version":[{"id":4128,"href":"https:\/\/satchel.eu\/lt\/wp-json\/wp\/v2\/pages\/3417\/revisions\/4128"}],"up":[{"embeddable":true,"href":"https:\/\/satchel.eu\/lt\/wp-json\/wp\/v2\/pages\/99"}],"wp:attachment":[{"href":"https:\/\/satchel.eu\/lt\/wp-json\/wp\/v2\/media?parent=3417"}],"curies":[{"name":"wp","href":"https:\/\/api.w.org\/{rel}","templated":true}]}}