{"id":3999,"date":"2023-11-21T15:57:44","date_gmt":"2023-11-21T13:57:44","guid":{"rendered":"https:\/\/satchel.eu\/lt\/?page_id=3999"},"modified":"2025-12-29T15:46:02","modified_gmt":"2025-12-29T13:46:02","slug":"black-friday-2023","status":"publish","type":"page","link":"https:\/\/satchel.eu\/lt\/black-friday-2023\/","title":{"rendered":"Black Friday 2023"},"content":{"rendered":"","protected":false},"excerpt":{"rendered":"","protected":false},"author":5,"featured_media":0,"parent":0,"menu_order":0,"comment_status":"closed","ping_status":"closed","template":"templates\/template-black-friday.php","meta":{"_acf_changed":false,"footnotes":""},"class_list":["post-3999","page","type-page","status-publish","hentry"],"acf":[],"yoast_head":"<!-- This site is optimized with the Yoast SEO plugin v22.0 - https:\/\/yoast.com\/wordpress\/plugins\/seo\/ -->\n<title>Black Friday 2023 - \u201eSatchel\u201c nuolaidos ir pasi\u016blymai.<\/title>\n<meta name=\"description\" content=\"Pasinaudokite i\u0161skirtin\u0117mis \u201eBlack Friday 2023\u201c akcijomis su \u201eSatchel\u201c! Atraskite specialius pasi\u016blymus ir nuolaidas m\u016bs\u0173 finansin\u0117ms paslaugoms.\" \/>\n<meta name=\"robots\" content=\"index, follow, max-snippet:-1, max-image-preview:large, max-video-preview:-1\" \/>\n<link rel=\"canonical\" href=\"https:\/\/satchel.eu\/lt\/black-friday-2023\/\" \/>\n<meta property=\"og:locale\" content=\"lt_LT\" \/>\n<meta property=\"og:type\" content=\"article\" \/>\n<meta property=\"og:title\" content=\"Black Friday 2023 - \u201eSatchel\u201c nuolaidos ir pasi\u016blymai.\" \/>\n<meta property=\"og:description\" content=\"Pasinaudokite i\u0161skirtin\u0117mis \u201eBlack Friday 2023\u201c akcijomis su \u201eSatchel\u201c! Atraskite specialius pasi\u016blymus ir nuolaidas m\u016bs\u0173 finansin\u0117ms paslaugoms.\" \/>\n<meta property=\"og:url\" content=\"https:\/\/satchel.eu\/lt\/black-friday-2023\/\" \/>\n<meta property=\"og:site_name\" content=\"\u201eSatchel\u201c\" \/>\n<meta property=\"article:modified_time\" content=\"2025-12-29T13:46:02+00:00\" \/>\n<meta name=\"twitter:card\" content=\"summary_large_image\" \/>\n<script type=\"application\/ld+json\" class=\"yoast-schema-graph\">{\"@context\":\"https:\/\/schema.org\",\"@graph\":[{\"@type\":\"WebPage\",\"@id\":\"https:\/\/satchel.eu\/lt\/black-friday-2023\/\",\"url\":\"https:\/\/satchel.eu\/lt\/black-friday-2023\/\",\"name\":\"Black Friday 2023 - \u201eSatchel\u201c nuolaidos ir pasi\u016blymai.\",\"isPartOf\":{\"@id\":\"https:\/\/satchel.eu\/lt\/#website\"},\"datePublished\":\"2023-11-21T13:57:44+00:00\",\"dateModified\":\"2025-12-29T13:46:02+00:00\",\"description\":\"Pasinaudokite i\u0161skirtin\u0117mis \u201eBlack Friday 2023\u201c akcijomis su \u201eSatchel\u201c! Atraskite specialius pasi\u016blymus ir nuolaidas m\u016bs\u0173 finansin\u0117ms paslaugoms.\",\"breadcrumb\":{\"@id\":\"https:\/\/satchel.eu\/lt\/black-friday-2023\/#breadcrumb\"},\"inLanguage\":\"lt-LT\",\"potentialAction\":[{\"@type\":\"ReadAction\",\"target\":[\"https:\/\/satchel.eu\/lt\/black-friday-2023\/\"]}]},{\"@type\":\"BreadcrumbList\",\"@id\":\"https:\/\/satchel.eu\/lt\/black-friday-2023\/#breadcrumb\",\"itemListElement\":[{\"@type\":\"ListItem\",\"position\":1,\"name\":\"Satchel\",\"item\":\"https:\/\/satchel.eu\/lt\/\"},{\"@type\":\"ListItem\",\"position\":2,\"name\":\"Black Friday 2023\"}]},{\"@type\":\"WebSite\",\"@id\":\"https:\/\/satchel.eu\/lt\/#website\",\"url\":\"https:\/\/satchel.eu\/lt\/\",\"name\":\"\u201eSatchel\u201c\",\"description\":\"J\u016bs\u0173 pinig\u0173 valdymo sprendimas\",\"publisher\":{\"@id\":\"https:\/\/satchel.eu\/lt\/#organization\"},\"potentialAction\":[{\"@type\":\"SearchAction\",\"target\":{\"@type\":\"EntryPoint\",\"urlTemplate\":\"https:\/\/satchel.eu\/lt\/?s={search_term_string}\"},\"query-input\":\"required name=search_term_string\"}],\"inLanguage\":\"lt-LT\"},{\"@type\":\"Organization\",\"@id\":\"https:\/\/satchel.eu\/lt\/#organization\",\"name\":\"Satchel\",\"url\":\"https:\/\/satchel.eu\/lt\/\",\"logo\":{\"@type\":\"ImageObject\",\"inLanguage\":\"lt-LT\",\"@id\":\"https:\/\/satchel.eu\/lt\/#\/schema\/logo\/image\/\",\"url\":\"https:\/\/satchel.eu\/lt\/wp-content\/uploads\/sites\/2\/2021\/05\/logo-black.jpg\",\"contentUrl\":\"https:\/\/satchel.eu\/lt\/wp-content\/uploads\/sites\/2\/2021\/05\/logo-black.jpg\",\"width\":135,\"height\":32,\"caption\":\"Satchel\"},\"image\":{\"@id\":\"https:\/\/satchel.eu\/lt\/#\/schema\/logo\/image\/\"}}]}<\/script>\n<!-- \/ Yoast SEO plugin. -->","yoast_head_json":{"title":"Black Friday 2023 - \u201eSatchel\u201c nuolaidos ir pasi\u016blymai.","description":"Pasinaudokite i\u0161skirtin\u0117mis \u201eBlack Friday 2023\u201c akcijomis su \u201eSatchel\u201c! Atraskite specialius pasi\u016blymus ir nuolaidas m\u016bs\u0173 finansin\u0117ms paslaugoms.","robots":{"index":"index","follow":"follow","max-snippet":"max-snippet:-1","max-image-preview":"max-image-preview:large","max-video-preview":"max-video-preview:-1"},"canonical":"https:\/\/satchel.eu\/lt\/black-friday-2023\/","og_locale":"lt_LT","og_type":"article","og_title":"Black Friday 2023 - \u201eSatchel\u201c nuolaidos ir pasi\u016blymai.","og_description":"Pasinaudokite i\u0161skirtin\u0117mis \u201eBlack Friday 2023\u201c akcijomis su \u201eSatchel\u201c! Atraskite specialius pasi\u016blymus ir nuolaidas m\u016bs\u0173 finansin\u0117ms paslaugoms.","og_url":"https:\/\/satchel.eu\/lt\/black-friday-2023\/","og_site_name":"\u201eSatchel\u201c","article_modified_time":"2025-12-29T13:46:02+00:00","twitter_card":"summary_large_image","schema":{"@context":"https:\/\/schema.org","@graph":[{"@type":"WebPage","@id":"https:\/\/satchel.eu\/lt\/black-friday-2023\/","url":"https:\/\/satchel.eu\/lt\/black-friday-2023\/","name":"Black Friday 2023 - \u201eSatchel\u201c nuolaidos ir pasi\u016blymai.","isPartOf":{"@id":"https:\/\/satchel.eu\/lt\/#website"},"datePublished":"2023-11-21T13:57:44+00:00","dateModified":"2025-12-29T13:46:02+00:00","description":"Pasinaudokite i\u0161skirtin\u0117mis \u201eBlack Friday 2023\u201c akcijomis su \u201eSatchel\u201c! Atraskite specialius pasi\u016blymus ir nuolaidas m\u016bs\u0173 finansin\u0117ms paslaugoms.","breadcrumb":{"@id":"https:\/\/satchel.eu\/lt\/black-friday-2023\/#breadcrumb"},"inLanguage":"lt-LT","potentialAction":[{"@type":"ReadAction","target":["https:\/\/satchel.eu\/lt\/black-friday-2023\/"]}]},{"@type":"BreadcrumbList","@id":"https:\/\/satchel.eu\/lt\/black-friday-2023\/#breadcrumb","itemListElement":[{"@type":"ListItem","position":1,"name":"Satchel","item":"https:\/\/satchel.eu\/lt\/"},{"@type":"ListItem","position":2,"name":"Black Friday 2023"}]},{"@type":"WebSite","@id":"https:\/\/satchel.eu\/lt\/#website","url":"https:\/\/satchel.eu\/lt\/","name":"\u201eSatchel\u201c","description":"J\u016bs\u0173 pinig\u0173 valdymo sprendimas","publisher":{"@id":"https:\/\/satchel.eu\/lt\/#organization"},"potentialAction":[{"@type":"SearchAction","target":{"@type":"EntryPoint","urlTemplate":"https:\/\/satchel.eu\/lt\/?s={search_term_string}"},"query-input":"required name=search_term_string"}],"inLanguage":"lt-LT"},{"@type":"Organization","@id":"https:\/\/satchel.eu\/lt\/#organization","name":"Satchel","url":"https:\/\/satchel.eu\/lt\/","logo":{"@type":"ImageObject","inLanguage":"lt-LT","@id":"https:\/\/satchel.eu\/lt\/#\/schema\/logo\/image\/","url":"https:\/\/satchel.eu\/lt\/wp-content\/uploads\/sites\/2\/2021\/05\/logo-black.jpg","contentUrl":"https:\/\/satchel.eu\/lt\/wp-content\/uploads\/sites\/2\/2021\/05\/logo-black.jpg","width":135,"height":32,"caption":"Satchel"},"image":{"@id":"https:\/\/satchel.eu\/lt\/#\/schema\/logo\/image\/"}}]}},"_links":{"self":[{"href":"https:\/\/satchel.eu\/lt\/wp-json\/wp\/v2\/pages\/3999","targetHints":{"allow":["GET"]}}],"collection":[{"href":"https:\/\/satchel.eu\/lt\/wp-json\/wp\/v2\/pages"}],"about":[{"href":"https:\/\/satchel.eu\/lt\/wp-json\/wp\/v2\/types\/page"}],"author":[{"embeddable":true,"href":"https:\/\/satchel.eu\/lt\/wp-json\/wp\/v2\/users\/5"}],"replies":[{"embeddable":true,"href":"https:\/\/satchel.eu\/lt\/wp-json\/wp\/v2\/comments?post=3999"}],"version-history":[{"count":1,"href":"https:\/\/satchel.eu\/lt\/wp-json\/wp\/v2\/pages\/3999\/revisions"}],"predecessor-version":[{"id":4000,"href":"https:\/\/satchel.eu\/lt\/wp-json\/wp\/v2\/pages\/3999\/revisions\/4000"}],"wp:attachment":[{"href":"https:\/\/satchel.eu\/lt\/wp-json\/wp\/v2\/media?parent=3999"}],"curies":[{"name":"wp","href":"https:\/\/api.w.org\/{rel}","templated":true}]}}