{"id":4140,"date":"2025-07-08T14:35:07","date_gmt":"2025-07-08T11:35:07","guid":{"rendered":"https:\/\/satchel.eu\/lt\/?page_id=4140"},"modified":"2025-12-29T15:43:38","modified_gmt":"2025-12-29T13:43:38","slug":"multi-currency-account","status":"publish","type":"page","link":"https:\/\/satchel.eu\/lt\/personal\/multi-currency-account\/","title":{"rendered":"Daugiavaliut\u0117 asmenin\u0117 s\u0105skaita"},"content":{"rendered":"","protected":false},"excerpt":{"rendered":"","protected":false},"author":5,"featured_media":0,"parent":130,"menu_order":0,"comment_status":"closed","ping_status":"closed","template":"templates\/multi-currency-account-personal.php","meta":{"_acf_changed":false,"footnotes":""},"class_list":["post-4140","page","type-page","status-publish","hentry"],"acf":[],"yoast_head":"<!-- This site is optimized with the Yoast SEO plugin v22.0 - https:\/\/yoast.com\/wordpress\/plugins\/seo\/ -->\n<title>Unikali daugiavaliut\u0117 \u201eSatchel\u201c asmenin\u0117 s\u0105skaita<\/title>\n<meta name=\"description\" content=\"Atidarykite \u201eSatchel\u201c daugiavaliut\u0119 asmenin\u0119 s\u0105skait\u0105 ir valdykite globalius mok\u0117jimus daugiau nei 20 valiut\u0173.\" \/>\n<meta name=\"robots\" content=\"index, follow, max-snippet:-1, max-image-preview:large, max-video-preview:-1\" \/>\n<link rel=\"canonical\" href=\"https:\/\/satchel.eu\/lt\/personal\/multi-currency-account\/\" \/>\n<meta property=\"og:locale\" content=\"lt_LT\" \/>\n<meta property=\"og:type\" content=\"article\" \/>\n<meta property=\"og:title\" content=\"Unikali daugiavaliut\u0117 \u201eSatchel\u201c asmenin\u0117 s\u0105skaita\" \/>\n<meta property=\"og:description\" content=\"Atidarykite \u201eSatchel\u201c daugiavaliut\u0119 asmenin\u0119 s\u0105skait\u0105 ir valdykite globalius mok\u0117jimus daugiau nei 20 valiut\u0173.\" \/>\n<meta property=\"og:url\" content=\"https:\/\/satchel.eu\/lt\/personal\/multi-currency-account\/\" \/>\n<meta property=\"og:site_name\" content=\"\u201eSatchel\u201c\" \/>\n<meta property=\"article:modified_time\" content=\"2025-12-29T13:43:38+00:00\" \/>\n<meta name=\"twitter:card\" content=\"summary_large_image\" \/>\n<script type=\"application\/ld+json\" class=\"yoast-schema-graph\">{\"@context\":\"https:\/\/schema.org\",\"@graph\":[{\"@type\":\"WebPage\",\"@id\":\"https:\/\/satchel.eu\/lt\/personal\/multi-currency-account\/\",\"url\":\"https:\/\/satchel.eu\/lt\/personal\/multi-currency-account\/\",\"name\":\"Unikali daugiavaliut\u0117 \u201eSatchel\u201c asmenin\u0117 s\u0105skaita\",\"isPartOf\":{\"@id\":\"https:\/\/satchel.eu\/lt\/#website\"},\"datePublished\":\"2025-07-08T11:35:07+00:00\",\"dateModified\":\"2025-12-29T13:43:38+00:00\",\"description\":\"Atidarykite \u201eSatchel\u201c daugiavaliut\u0119 asmenin\u0119 s\u0105skait\u0105 ir valdykite globalius mok\u0117jimus daugiau nei 20 valiut\u0173.\",\"breadcrumb\":{\"@id\":\"https:\/\/satchel.eu\/lt\/personal\/multi-currency-account\/#breadcrumb\"},\"inLanguage\":\"lt-LT\",\"potentialAction\":[{\"@type\":\"ReadAction\",\"target\":[\"https:\/\/satchel.eu\/lt\/personal\/multi-currency-account\/\"]}]},{\"@type\":\"BreadcrumbList\",\"@id\":\"https:\/\/satchel.eu\/lt\/personal\/multi-currency-account\/#breadcrumb\",\"itemListElement\":[{\"@type\":\"ListItem\",\"position\":1,\"name\":\"Satchel\",\"item\":\"https:\/\/satchel.eu\/lt\/\"},{\"@type\":\"ListItem\",\"position\":2,\"name\":\"Asmenin\u0117 s\u0105skaita\",\"item\":\"https:\/\/satchel.eu\/lt\/personal\/\"},{\"@type\":\"ListItem\",\"position\":3,\"name\":\"Daugiavaliut\u0117 asmenin\u0117 s\u0105skaita\"}]},{\"@type\":\"WebSite\",\"@id\":\"https:\/\/satchel.eu\/lt\/#website\",\"url\":\"https:\/\/satchel.eu\/lt\/\",\"name\":\"\u201eSatchel\u201c\",\"description\":\"J\u016bs\u0173 pinig\u0173 valdymo sprendimas\",\"publisher\":{\"@id\":\"https:\/\/satchel.eu\/lt\/#organization\"},\"potentialAction\":[{\"@type\":\"SearchAction\",\"target\":{\"@type\":\"EntryPoint\",\"urlTemplate\":\"https:\/\/satchel.eu\/lt\/?s={search_term_string}\"},\"query-input\":\"required name=search_term_string\"}],\"inLanguage\":\"lt-LT\"},{\"@type\":\"Organization\",\"@id\":\"https:\/\/satchel.eu\/lt\/#organization\",\"name\":\"Satchel\",\"url\":\"https:\/\/satchel.eu\/lt\/\",\"logo\":{\"@type\":\"ImageObject\",\"inLanguage\":\"lt-LT\",\"@id\":\"https:\/\/satchel.eu\/lt\/#\/schema\/logo\/image\/\",\"url\":\"https:\/\/satchel.eu\/lt\/wp-content\/uploads\/sites\/2\/2021\/05\/logo-black.jpg\",\"contentUrl\":\"https:\/\/satchel.eu\/lt\/wp-content\/uploads\/sites\/2\/2021\/05\/logo-black.jpg\",\"width\":135,\"height\":32,\"caption\":\"Satchel\"},\"image\":{\"@id\":\"https:\/\/satchel.eu\/lt\/#\/schema\/logo\/image\/\"}}]}<\/script>\n<!-- \/ Yoast SEO plugin. -->","yoast_head_json":{"title":"Unikali daugiavaliut\u0117 \u201eSatchel\u201c asmenin\u0117 s\u0105skaita","description":"Atidarykite \u201eSatchel\u201c daugiavaliut\u0119 asmenin\u0119 s\u0105skait\u0105 ir valdykite globalius mok\u0117jimus daugiau nei 20 valiut\u0173.","robots":{"index":"index","follow":"follow","max-snippet":"max-snippet:-1","max-image-preview":"max-image-preview:large","max-video-preview":"max-video-preview:-1"},"canonical":"https:\/\/satchel.eu\/lt\/personal\/multi-currency-account\/","og_locale":"lt_LT","og_type":"article","og_title":"Unikali daugiavaliut\u0117 \u201eSatchel\u201c asmenin\u0117 s\u0105skaita","og_description":"Atidarykite \u201eSatchel\u201c daugiavaliut\u0119 asmenin\u0119 s\u0105skait\u0105 ir valdykite globalius mok\u0117jimus daugiau nei 20 valiut\u0173.","og_url":"https:\/\/satchel.eu\/lt\/personal\/multi-currency-account\/","og_site_name":"\u201eSatchel\u201c","article_modified_time":"2025-12-29T13:43:38+00:00","twitter_card":"summary_large_image","schema":{"@context":"https:\/\/schema.org","@graph":[{"@type":"WebPage","@id":"https:\/\/satchel.eu\/lt\/personal\/multi-currency-account\/","url":"https:\/\/satchel.eu\/lt\/personal\/multi-currency-account\/","name":"Unikali daugiavaliut\u0117 \u201eSatchel\u201c asmenin\u0117 s\u0105skaita","isPartOf":{"@id":"https:\/\/satchel.eu\/lt\/#website"},"datePublished":"2025-07-08T11:35:07+00:00","dateModified":"2025-12-29T13:43:38+00:00","description":"Atidarykite \u201eSatchel\u201c daugiavaliut\u0119 asmenin\u0119 s\u0105skait\u0105 ir valdykite globalius mok\u0117jimus daugiau nei 20 valiut\u0173.","breadcrumb":{"@id":"https:\/\/satchel.eu\/lt\/personal\/multi-currency-account\/#breadcrumb"},"inLanguage":"lt-LT","potentialAction":[{"@type":"ReadAction","target":["https:\/\/satchel.eu\/lt\/personal\/multi-currency-account\/"]}]},{"@type":"BreadcrumbList","@id":"https:\/\/satchel.eu\/lt\/personal\/multi-currency-account\/#breadcrumb","itemListElement":[{"@type":"ListItem","position":1,"name":"Satchel","item":"https:\/\/satchel.eu\/lt\/"},{"@type":"ListItem","position":2,"name":"Asmenin\u0117 s\u0105skaita","item":"https:\/\/satchel.eu\/lt\/personal\/"},{"@type":"ListItem","position":3,"name":"Daugiavaliut\u0117 asmenin\u0117 s\u0105skaita"}]},{"@type":"WebSite","@id":"https:\/\/satchel.eu\/lt\/#website","url":"https:\/\/satchel.eu\/lt\/","name":"\u201eSatchel\u201c","description":"J\u016bs\u0173 pinig\u0173 valdymo sprendimas","publisher":{"@id":"https:\/\/satchel.eu\/lt\/#organization"},"potentialAction":[{"@type":"SearchAction","target":{"@type":"EntryPoint","urlTemplate":"https:\/\/satchel.eu\/lt\/?s={search_term_string}"},"query-input":"required name=search_term_string"}],"inLanguage":"lt-LT"},{"@type":"Organization","@id":"https:\/\/satchel.eu\/lt\/#organization","name":"Satchel","url":"https:\/\/satchel.eu\/lt\/","logo":{"@type":"ImageObject","inLanguage":"lt-LT","@id":"https:\/\/satchel.eu\/lt\/#\/schema\/logo\/image\/","url":"https:\/\/satchel.eu\/lt\/wp-content\/uploads\/sites\/2\/2021\/05\/logo-black.jpg","contentUrl":"https:\/\/satchel.eu\/lt\/wp-content\/uploads\/sites\/2\/2021\/05\/logo-black.jpg","width":135,"height":32,"caption":"Satchel"},"image":{"@id":"https:\/\/satchel.eu\/lt\/#\/schema\/logo\/image\/"}}]}},"_links":{"self":[{"href":"https:\/\/satchel.eu\/lt\/wp-json\/wp\/v2\/pages\/4140","targetHints":{"allow":["GET"]}}],"collection":[{"href":"https:\/\/satchel.eu\/lt\/wp-json\/wp\/v2\/pages"}],"about":[{"href":"https:\/\/satchel.eu\/lt\/wp-json\/wp\/v2\/types\/page"}],"author":[{"embeddable":true,"href":"https:\/\/satchel.eu\/lt\/wp-json\/wp\/v2\/users\/5"}],"replies":[{"embeddable":true,"href":"https:\/\/satchel.eu\/lt\/wp-json\/wp\/v2\/comments?post=4140"}],"version-history":[{"count":1,"href":"https:\/\/satchel.eu\/lt\/wp-json\/wp\/v2\/pages\/4140\/revisions"}],"predecessor-version":[{"id":4141,"href":"https:\/\/satchel.eu\/lt\/wp-json\/wp\/v2\/pages\/4140\/revisions\/4141"}],"up":[{"embeddable":true,"href":"https:\/\/satchel.eu\/lt\/wp-json\/wp\/v2\/pages\/130"}],"wp:attachment":[{"href":"https:\/\/satchel.eu\/lt\/wp-json\/wp\/v2\/media?parent=4140"}],"curies":[{"name":"wp","href":"https:\/\/api.w.org\/{rel}","templated":true}]}}