{"id":553,"date":"2021-03-15T23:22:23","date_gmt":"2021-03-15T21:22:23","guid":{"rendered":"https:\/\/satchel.eu\/?page_id=553"},"modified":"2025-12-08T14:19:32","modified_gmt":"2025-12-08T12:19:32","slug":"login-and-password","status":"publish","type":"page","link":"https:\/\/satchel.eu\/lt\/faq\/login-and-password\/","title":{"rendered":"Prisijungimo vardas ir slapta\u017eodis"},"content":{"rendered":"<section class=\"section pt-45 pt-md-70\">\n<div class=\"container\">\n<div class=\"row\">\n<div class=\"col-lg-7 offset-lg-2 mb-lg-0 mb-40\"><a class=\"btn btn-primary d-inline-flex align-items-center mb-25\" href=\"https:\/\/satchel.eu\/lt\/faq\/\"><svg xmlns=\"https:\/\/www.w3.org\/2000\/svg\" width=\"17\" height=\"16\" viewBox=\"0 0 17 16\" class=\"mr-5\"> <g fill=\"none\" fill-rule=\"evenodd\"> <g> <g> <g> <g> <g> <path d=\"M0 0H16V16H0z\" transform=\"translate(-224 -180) translate(191.5 168) translate(32.634 11) translate(.366) matrix(-1 0 0 1 16 1)\"\/> <path fill=\"#212121\" fill-rule=\"nonzero\" d=\"M14.96 8.19c.05-.12.05-.26 0-.38-.03-.06-.06-.12-.11-.16l-4-4c-.2-.2-.51-.2-.71 0-.2.2-.2.51 0 .71l3.15 3.15H1.5C1.22 7.5 1 7.72 1 8s.22.5.5.5h11.79l-3.15 3.15c-.2.2-.2.51 0 .71.1.1.23.15.35.15.12 0 .26-.05.35-.15l4-4c.06-.05.1-.11.12-.17z\" transform=\"translate(-224 -180) translate(191.5 168) translate(32.634 11) translate(.366) matrix(-1 0 0 1 16 1)\"\/> <\/g> <\/g> <\/g> <\/g> <\/g> <\/g><\/svg> Gr\u012f\u017eti<\/a><\/p>\n<h1 class=\"mb-25\">Prisijungimo vardas ir slapta\u017eodis<\/h1>\n<div class=\"faq-item\" itemscope itemprop=\"mainEntity\" itemtype=\"https:\/\/schema.org\/Question\">\n<div class=\"faq-item__title h4 mb-10\" itemprop=\"name\">Kaip pakeisti slapta\u017eod\u012f?<\/div>\n<div class=\"faq-item__text\" itemscope itemprop=\"acceptedAnswer\" itemtype=\"https:\/\/schema.org\/Answer\">\n<div itemprop=\"text\">\n<p>Jei norite pakeisti slapta\u017eod\u012f, kreipkit\u0117s \u012f m\u016bs\u0173 Klient\u0173 aptarnavimo skyri\u0173 el. pa\u0161tu support@satchel.eu.<\/p>\n<\/p><\/div>\n<\/p><\/div>\n<p>            <a class=\"btn btn-link faq-item__link faq-item__link--expand\" href=\"#\">I\u0161skleisti<svg xmlns=\"https:\/\/www.w3.org\/2000\/svg\" width=\"17\" height=\"16\" viewBox=\"0 0 17 16\"> <g fill=\"none\" fill-rule=\"evenodd\"> <g> <g> <g> <g> <path d=\"M0 0H16V16H0z\" transform=\"translate(-313 -1628) translate(271 1615) translate(.018 12) translate(42 1)\"\/> <path class=\"path\" fill=\"#4854FF\" d=\"M14.96 8.19c.05-.12.05-.26 0-.38-.03-.06-.06-.12-.11-.16l-4-4c-.2-.2-.51-.2-.71 0-.2.2-.2.51 0 .71l3.15 3.15H1.5C1.22 7.5 1 7.72 1 8s.22.5.5.5h11.79l-3.15 3.15c-.2.2-.2.51 0 .71.1.1.23.15.35.15.12 0 .26-.05.35-.15l4-4c.06-.05.1-.11.12-.17z\" transform=\"translate(-313 -1628) translate(271 1615) translate(.018 12) translate(42 1)\"\/> <\/g> <\/g> <\/g> <\/g> <\/g><\/svg><\/a><br \/>\n            <a class=\"btn btn-link faq-item__link faq-item__link--close\" href=\"#\">U\u017edaryti<svg xmlns=\"https:\/\/www.w3.org\/2000\/svg\" width=\"16\" height=\"16\" viewBox=\"0 0 16 16\"> <g fill=\"none\" fill-rule=\"evenodd\"> <g> <g> <g> <g> <path d=\"M0 0H16V16H0z\" transform=\"translate(-244 -1161) translate(192 656) translate(0 504) rotate(-90 34.5 -17.5)\"\/> <path fill=\"#4854FF\" class=\"path\" d=\"M14.96 8.19c.05-.12.05-.26 0-.38-.03-.06-.06-.12-.11-.16l-4-4c-.2-.2-.51-.2-.71 0-.2.2-.2.51 0 .71l3.15 3.15H1.5C1.22 7.5 1 7.72 1 8s.22.5.5.5h11.79l-3.15 3.15c-.2.2-.2.51 0 .71.1.1.23.15.35.15.12 0 .26-.05.35-.15l4-4c.06-.05.1-.11.12-.17z\" transform=\"translate(-244 -1161) translate(192 656) translate(0 504) rotate(-90 34.5 -17.5)\"\/> <\/g> <\/g> <\/g> <\/g> <\/g><\/svg><\/a>\n          <\/div>\n<div class=\"faq-item\" itemscope itemprop=\"mainEntity\" itemtype=\"https:\/\/schema.org\/Question\">\n<div class=\"faq-item__title h4 mb-10\" itemprop=\"name\">Kaip pakeisti prisijungimo el. pa\u0161to adres\u0105?<\/div>\n<div class=\"faq-item__text\" itemscope itemprop=\"acceptedAnswer\" itemtype=\"https:\/\/schema.org\/Answer\">\n<div itemprop=\"text\">\n<p>Nor\u0117dami pakeisti savo kontaktinius duomenis, kreipkit\u0117s \u012f m\u016bs\u0173 Klient\u0173 aptarnavimo skyri\u0173 el. pa\u0161tu support@satchel.eu.<\/p>\n<\/p><\/div>\n<\/p><\/div>\n<p>            <a class=\"btn btn-link faq-item__link faq-item__link--expand\" href=\"#\">I\u0161skleisti<svg xmlns=\"https:\/\/www.w3.org\/2000\/svg\" width=\"17\" height=\"16\" viewBox=\"0 0 17 16\"> <g fill=\"none\" fill-rule=\"evenodd\"> <g> <g> <g> <g> <path d=\"M0 0H16V16H0z\" transform=\"translate(-313 -1628) translate(271 1615) translate(.018 12) translate(42 1)\"\/> <path class=\"path\" fill=\"#4854FF\" d=\"M14.96 8.19c.05-.12.05-.26 0-.38-.03-.06-.06-.12-.11-.16l-4-4c-.2-.2-.51-.2-.71 0-.2.2-.2.51 0 .71l3.15 3.15H1.5C1.22 7.5 1 7.72 1 8s.22.5.5.5h11.79l-3.15 3.15c-.2.2-.2.51 0 .71.1.1.23.15.35.15.12 0 .26-.05.35-.15l4-4c.06-.05.1-.11.12-.17z\" transform=\"translate(-313 -1628) translate(271 1615) translate(.018 12) translate(42 1)\"\/> <\/g> <\/g> <\/g> <\/g> <\/g><\/svg><\/a><a class=\"btn btn-link faq-item__link faq-item__link--close\" href=\"#\">U\u017edaryti<svg xmlns=\"https:\/\/www.w3.org\/2000\/svg\" width=\"16\" height=\"16\" viewBox=\"0 0 16 16\"> <g fill=\"none\" fill-rule=\"evenodd\"> <g> <g> <g> <g> <path d=\"M0 0H16V16H0z\" transform=\"translate(-244 -1161) translate(192 656) translate(0 504) rotate(-90 34.5 -17.5)\"\/> <path fill=\"#4854FF\" class=\"path\" d=\"M14.96 8.19c.05-.12.05-.26 0-.38-.03-.06-.06-.12-.11-.16l-4-4c-.2-.2-.51-.2-.71 0-.2.2-.2.51 0 .71l3.15 3.15H1.5C1.22 7.5 1 7.72 1 8s.22.5.5.5h11.79l-3.15 3.15c-.2.2-.2.51 0 .71.1.1.23.15.35.15.12 0 .26-.05.35-.15l4-4c.06-.05.1-.11.12-.17z\" transform=\"translate(-244 -1161) translate(192 656) translate(0 504) rotate(-90 34.5 -17.5)\"\/> <\/g> <\/g> <\/g> <\/g> <\/g><\/svg><\/a>\n          <\/div>\n<div class=\"faq-item\" itemscope itemprop=\"mainEntity\" itemtype=\"https:\/\/schema.org\/Question\">\n<div class=\"faq-item__title h4 mb-10\" itemprop=\"name\">Ar gali b\u016bti keli verslo s\u0105skaitos naudotojai?<\/div>\n<div class=\"faq-item__text\" itemscope itemprop=\"acceptedAnswer\" itemtype=\"https:\/\/schema.org\/Answer\">\n<div itemprop=\"text\">\n<p>Taip, yra galimyb\u0117 prid\u0117ti papildom\u0105 verslo s\u0105skaitos naudotoj\u0105. Kreipkit\u0117s \u012f m\u016bs\u0173 Klient\u0173 aptarnavimo skyri\u0173 el. pa\u0161tu support@satchel.eu.<\/p>\n<\/p><\/div>\n<\/p><\/div>\n<p>            <a class=\"btn btn-link faq-item__link faq-item__link--expand\" href=\"#\">I\u0161skleisti<svg xmlns=\"https:\/\/www.w3.org\/2000\/svg\" width=\"17\" height=\"16\" viewBox=\"0 0 17 16\"> <g fill=\"none\" fill-rule=\"evenodd\"> <g> <g> <g> <g> <path d=\"M0 0H16V16H0z\" transform=\"translate(-313 -1628) translate(271 1615) translate(.018 12) translate(42 1)\"\/> <path class=\"path\" fill=\"#4854FF\" d=\"M14.96 8.19c.05-.12.05-.26 0-.38-.03-.06-.06-.12-.11-.16l-4-4c-.2-.2-.51-.2-.71 0-.2.2-.2.51 0 .71l3.15 3.15H1.5C1.22 7.5 1 7.72 1 8s.22.5.5.5h11.79l-3.15 3.15c-.2.2-.2.51 0 .71.1.1.23.15.35.15.12 0 .26-.05.35-.15l4-4c.06-.05.1-.11.12-.17z\" transform=\"translate(-313 -1628) translate(271 1615) translate(.018 12) translate(42 1)\"\/> <\/g> <\/g> <\/g> <\/g> <\/g><\/svg><\/a><a class=\"btn btn-link faq-item__link faq-item__link--close\" href=\"#\">U\u017edaryti<svg xmlns=\"https:\/\/www.w3.org\/2000\/svg\" width=\"16\" height=\"16\" viewBox=\"0 0 16 16\"> <g fill=\"none\" fill-rule=\"evenodd\"> <g> <g> <g> <g> <path d=\"M0 0H16V16H0z\" transform=\"translate(-244 -1161) translate(192 656) translate(0 504) rotate(-90 34.5 -17.5)\"\/> <path fill=\"#4854FF\" class=\"path\" d=\"M14.96 8.19c.05-.12.05-.26 0-.38-.03-.06-.06-.12-.11-.16l-4-4c-.2-.2-.51-.2-.71 0-.2.2-.2.51 0 .71l3.15 3.15H1.5C1.22 7.5 1 7.72 1 8s.22.5.5.5h11.79l-3.15 3.15c-.2.2-.2.51 0 .71.1.1.23.15.35.15.12 0 .26-.05.35-.15l4-4c.06-.05.1-.11.12-.17z\" transform=\"translate(-244 -1161) translate(192 656) translate(0 504) rotate(-90 34.5 -17.5)\"\/> <\/g> <\/g> <\/g> <\/g> <\/g><\/svg><\/a>\n          <\/div>\n<div class=\"faq-item\" itemscope itemprop=\"mainEntity\" itemtype=\"https:\/\/schema.org\/Question\">\n<div class=\"faq-item__title h4 mb-10\" itemprop=\"name\">Kas yra dviej\u0173 veiksni\u0173 tapatyb\u0117s nustatymas (2FA)?<\/div>\n<div class=\"faq-item__text\" itemscope itemprop=\"acceptedAnswer\" itemtype=\"https:\/\/schema.org\/Answer\">\n<div itemprop=\"text\">\n<p>\u201eSatchel\u201c siekia u\u017etikrinti geresn\u0119 naudotoj\u0173 patirt\u012f ir i\u0161laikyti auk\u0161tus saugumo standartus. Tod\u0117l j\u016bs\u0173 \u201eSatchel\u201c s\u0105skaitai taikoma dviej\u0173 veiksni\u0173 tapatyb\u0117s nustatymo proced\u016bra (2FA). Ji suteikia papildom\u0105 apsaug\u0105 nuo neteis\u0117tos prieigos ir u\u017etikrina, kad j\u016bs\u0173 pinigai visuomet b\u016bt\u0173 saug\u016bs. Vykdant 2FA, j\u016bs tur\u0117site \u012fvesti ir savo nuolatin\u012f slapta\u017eod\u012f, ir vienkartin\u012f slapta\u017eod\u012f, kuris bus atsiun\u010diamas jums kiekvien\u0105 kart\u0105 prisijungiant prie \u201eSatchel\u201c s\u0105skaitos ir kiekvien\u0105 kart\u0105 atliekant pervedim\u0105.<\/p>\n<p><a href=\"https:\/\/satchel.eu\/lt\/blog\/satchel-two-factor-authentication-2fa-user-guide\/\">Dviej\u0173 veiksni\u0173 tapatyb\u0117s nustatymo (2FA) vadovas<\/a><\/p>\n<\/p><\/div>\n<\/p><\/div>\n<p>            <a class=\"btn btn-link faq-item__link faq-item__link--expand\" href=\"#\">I\u0161skleisti<svg xmlns=\"https:\/\/www.w3.org\/2000\/svg\" width=\"17\" height=\"16\" viewBox=\"0 0 17 16\"> <g fill=\"none\" fill-rule=\"evenodd\"> <g> <g> <g> <g> <path d=\"M0 0H16V16H0z\" transform=\"translate(-313 -1628) translate(271 1615) translate(.018 12) translate(42 1)\"\/> <path class=\"path\" fill=\"#4854FF\" d=\"M14.96 8.19c.05-.12.05-.26 0-.38-.03-.06-.06-.12-.11-.16l-4-4c-.2-.2-.51-.2-.71 0-.2.2-.2.51 0 .71l3.15 3.15H1.5C1.22 7.5 1 7.72 1 8s.22.5.5.5h11.79l-3.15 3.15c-.2.2-.2.51 0 .71.1.1.23.15.35.15.12 0 .26-.05.35-.15l4-4c.06-.05.1-.11.12-.17z\" transform=\"translate(-313 -1628) translate(271 1615) translate(.018 12) translate(42 1)\"\/> <\/g> <\/g> <\/g> <\/g> <\/g><\/svg><\/a><a class=\"btn btn-link faq-item__link faq-item__link--close\" href=\"#\">U\u017edaryti<svg xmlns=\"https:\/\/www.w3.org\/2000\/svg\" width=\"16\" height=\"16\" viewBox=\"0 0 16 16\"> <g fill=\"none\" fill-rule=\"evenodd\"> <g> <g> <g> <g> <path d=\"M0 0H16V16H0z\" transform=\"translate(-244 -1161) translate(192 656) translate(0 504) rotate(-90 34.5 -17.5)\"\/> <path fill=\"#4854FF\" class=\"path\" d=\"M14.96 8.19c.05-.12.05-.26 0-.38-.03-.06-.06-.12-.11-.16l-4-4c-.2-.2-.51-.2-.71 0-.2.2-.2.51 0 .71l3.15 3.15H1.5C1.22 7.5 1 7.72 1 8s.22.5.5.5h11.79l-3.15 3.15c-.2.2-.2.51 0 .71.1.1.23.15.35.15.12 0 .26-.05.35-.15l4-4c.06-.05.1-.11.12-.17z\" transform=\"translate(-244 -1161) translate(192 656) translate(0 504) rotate(-90 34.5 -17.5)\"\/> <\/g> <\/g> <\/g> <\/g> <\/g><\/svg><\/a>\n          <\/div>\n<\/p><\/div>\n<div class=\"col-lg-4 offset-lg-1\">\n<div class=\"other-topics\">\n<div class=\"other-topics__title h4 mb-15\">Kitos temos<\/div>\n<ul>\n<li><a class=\"btn btn-link\" href=\"https:\/\/satchel.eu\/lt\/faq\/general-information\/\">Bendroji informacija<svg xmlns=\"https:\/\/www.w3.org\/2000\/svg\" width=\"17\" height=\"16\" viewBox=\"0 0 17 16\"> <g fill=\"none\" fill-rule=\"evenodd\"> <g> <g> <g> <g> <path d=\"M0 0H16V16H0z\" transform=\"translate(-313 -1628) translate(271 1615) translate(.018 12) translate(42 1)\"\/> <path class=\"path\" fill=\"#4854FF\" d=\"M14.96 8.19c.05-.12.05-.26 0-.38-.03-.06-.06-.12-.11-.16l-4-4c-.2-.2-.51-.2-.71 0-.2.2-.2.51 0 .71l3.15 3.15H1.5C1.22 7.5 1 7.72 1 8s.22.5.5.5h11.79l-3.15 3.15c-.2.2-.2.51 0 .71.1.1.23.15.35.15.12 0 .26-.05.35-.15l4-4c.06-.05.1-.11.12-.17z\" transform=\"translate(-313 -1628) translate(271 1615) translate(.018 12) translate(42 1)\"\/> <\/g> <\/g> <\/g> <\/g> <\/g><\/svg><\/a><\/li>\n<li><a class=\"btn btn-link\" href=\"https:\/\/satchel.eu\/lt\/faq\/satchel-current-account\/\">\u201eSatchel\u201c einamoji s\u0105skaita<svg xmlns=\"https:\/\/www.w3.org\/2000\/svg\" width=\"17\" height=\"16\" viewBox=\"0 0 17 16\"> <g fill=\"none\" fill-rule=\"evenodd\"> <g> <g> <g> <g> <path d=\"M0 0H16V16H0z\" transform=\"translate(-313 -1628) translate(271 1615) translate(.018 12) translate(42 1)\"\/> <path class=\"path\" fill=\"#4854FF\" d=\"M14.96 8.19c.05-.12.05-.26 0-.38-.03-.06-.06-.12-.11-.16l-4-4c-.2-.2-.51-.2-.71 0-.2.2-.2.51 0 .71l3.15 3.15H1.5C1.22 7.5 1 7.72 1 8s.22.5.5.5h11.79l-3.15 3.15c-.2.2-.2.51 0 .71.1.1.23.15.35.15.12 0 .26-.05.35-.15l4-4c.06-.05.1-.11.12-.17z\" transform=\"translate(-313 -1628) translate(271 1615) translate(.018 12) translate(42 1)\"\/> <\/g> <\/g> <\/g> <\/g> <\/g><\/svg><\/a><\/li>\n<li><a class=\"btn btn-link\" href=\"https:\/\/satchel.eu\/lt\/faq\/sepa-the-ultimate-guide\/\">SEPA naudotojo vadovas<svg xmlns=\"https:\/\/www.w3.org\/2000\/svg\" width=\"17\" height=\"16\" viewBox=\"0 0 17 16\"> <g fill=\"none\" fill-rule=\"evenodd\"> <g> <g> <g> <g> <path d=\"M0 0H16V16H0z\" transform=\"translate(-313 -1628) translate(271 1615) translate(.018 12) translate(42 1)\"\/> <path class=\"path\" fill=\"#4854FF\" d=\"M14.96 8.19c.05-.12.05-.26 0-.38-.03-.06-.06-.12-.11-.16l-4-4c-.2-.2-.51-.2-.71 0-.2.2-.2.51 0 .71l3.15 3.15H1.5C1.22 7.5 1 7.72 1 8s.22.5.5.5h11.79l-3.15 3.15c-.2.2-.2.51 0 .71.1.1.23.15.35.15.12 0 .26-.05.35-.15l4-4c.06-.05.1-.11.12-.17z\" transform=\"translate(-313 -1628) translate(271 1615) translate(.018 12) translate(42 1)\"\/> <\/g> <\/g> <\/g> <\/g> <\/g><\/svg><\/a><\/li>\n<li><a class=\"btn btn-link\" href=\"https:\/\/satchel.eu\/lt\/faq\/payments-and-transactions\/\">Mok\u0117jimai ir operacijos<svg xmlns=\"https:\/\/www.w3.org\/2000\/svg\" width=\"17\" height=\"16\" viewBox=\"0 0 17 16\"> <g fill=\"none\" fill-rule=\"evenodd\"> <g> <g> <g> <g> <path d=\"M0 0H16V16H0z\" transform=\"translate(-313 -1628) translate(271 1615) translate(.018 12) translate(42 1)\"\/> <path class=\"path\" fill=\"#4854FF\" d=\"M14.96 8.19c.05-.12.05-.26 0-.38-.03-.06-.06-.12-.11-.16l-4-4c-.2-.2-.51-.2-.71 0-.2.2-.2.51 0 .71l3.15 3.15H1.5C1.22 7.5 1 7.72 1 8s.22.5.5.5h11.79l-3.15 3.15c-.2.2-.2.51 0 .71.1.1.23.15.35.15.12 0 .26-.05.35-.15l4-4c.06-.05.1-.11.12-.17z\" transform=\"translate(-313 -1628) translate(271 1615) translate(.018 12) translate(42 1)\"\/> <\/g> <\/g> <\/g> <\/g> <\/g><\/svg><\/a><\/li>\n<li><a class=\"btn btn-link\" href=\"https:\/\/satchel.eu\/lt\/faq\/satchel-cards\/\">\u201eSatchel\u201c kortel\u0117s<svg xmlns=\"https:\/\/www.w3.org\/2000\/svg\" width=\"17\" height=\"16\" viewBox=\"0 0 17 16\"> <g fill=\"none\" fill-rule=\"evenodd\"> <g> <g> <g> <g> <path d=\"M0 0H16V16H0z\" transform=\"translate(-313 -1628) translate(271 1615) translate(.018 12) translate(42 1)\"\/> <path class=\"path\" fill=\"#4854FF\" d=\"M14.96 8.19c.05-.12.05-.26 0-.38-.03-.06-.06-.12-.11-.16l-4-4c-.2-.2-.51-.2-.71 0-.2.2-.2.51 0 .71l3.15 3.15H1.5C1.22 7.5 1 7.72 1 8s.22.5.5.5h11.79l-3.15 3.15c-.2.2-.2.51 0 .71.1.1.23.15.35.15.12 0 .26-.05.35-.15l4-4c.06-.05.1-.11.12-.17z\" transform=\"translate(-313 -1628) translate(271 1615) translate(.018 12) translate(42 1)\"\/> <\/g> <\/g> <\/g> <\/g> <\/g><\/svg><\/a><\/li>\n<\/ul><\/div>\n<\/p><\/div>\n<\/p><\/div>\n<div class=\"row mt-95\">\n<div class=\"col-lg-12 mx-auto\">\n<div class=\"question-box\">\n<div class=\"mb-md-0 mb-20\">\n<div class=\"question-box__title h4 mb-10\">Neradote atsakymo \u012f savo klausim\u0105?<\/div>\n<div class=\"question-box__text h6 mb-0\">Kreipkit\u0117s \u012f m\u016bs\u0173 pagalbos tarnyb\u0105 telefonu arba el. pa\u0161tu.<\/div>\n<\/p><\/div>\n<div class=\"d-flex flex-sm-row flex-column align-items-start\">\n              <a class=\"btn btn-primary mr-sm-15 mb-sm-0 mb-20 js-customer-support-phone-faq\" href=\"tel:+37052141818\">+370 5214 1818<\/a><br \/>\n              <a class=\"btn btn-primary js-customer-support-email-faq\" href=\"mailto:support@satchel.eu\">support@satchel.eu<\/a>\n            <\/div>\n<\/p><\/div>\n<\/p><\/div>\n<\/p><\/div>\n<\/p><\/div>\n<\/section>\n","protected":false},"excerpt":{"rendered":"<p>Gr\u012f\u017eti Prisijungimo vardas ir slapta\u017eodis Kaip pakeisti slapta\u017eod\u012f? Jei norite pakeisti slapta\u017eod\u012f, kreipkit\u0117s \u012f m\u016bs\u0173 Klient\u0173 aptarnavimo skyri\u0173 el. pa\u0161tu support@satchel.eu. I\u0161skleisti U\u017edaryti Kaip pakeisti prisijungimo el. pa\u0161to adres\u0105? Nor\u0117dami pakeisti savo kontaktinius duomenis, kreipkit\u0117s \u012f m\u016bs\u0173 Klient\u0173 aptarnavimo skyri\u0173 el. pa\u0161tu support@satchel.eu. I\u0161skleisti U\u017edaryti Ar gali b\u016bti keli verslo s\u0105skaitos naudotojai? Taip, yra galimyb\u0117&#8230;<\/p>\n","protected":false},"author":5,"featured_media":0,"parent":99,"menu_order":0,"comment_status":"closed","ping_status":"closed","template":"faq-templates\/faq-login-and-password.php","meta":{"_acf_changed":false,"footnotes":""},"class_list":["post-553","page","type-page","status-publish","hentry"],"acf":[],"yoast_head":"<!-- This site is optimized with the Yoast SEO plugin v22.0 - https:\/\/yoast.com\/wordpress\/plugins\/seo\/ -->\n<title>Prisijungimo vardas ir slapta\u017eodis | \u201eSatchel\u201c<\/title>\n<meta name=\"description\" content=\"Per\u017ei\u016br\u0117kite da\u017enai mums u\u017eduodamus klausimus, susijusius su \u201eSatchel\u201c prisijungimo vardu ir slapta\u017eod\u017eiu.\" \/>\n<meta name=\"robots\" content=\"index, follow, max-snippet:-1, max-image-preview:large, max-video-preview:-1\" \/>\n<link rel=\"canonical\" href=\"https:\/\/satchel.eu\/lt\/faq\/login-and-password\/\" \/>\n<meta property=\"og:locale\" content=\"lt_LT\" \/>\n<meta property=\"og:type\" content=\"article\" \/>\n<meta property=\"og:title\" content=\"Prisijungimo vardas ir slapta\u017eodis | \u201eSatchel\u201c\" \/>\n<meta property=\"og:description\" content=\"Per\u017ei\u016br\u0117kite da\u017enai mums u\u017eduodamus klausimus, susijusius su \u201eSatchel\u201c prisijungimo vardu ir slapta\u017eod\u017eiu.\" \/>\n<meta property=\"og:url\" content=\"https:\/\/satchel.eu\/lt\/faq\/login-and-password\/\" \/>\n<meta property=\"og:site_name\" content=\"\u201eSatchel\u201c\" \/>\n<meta property=\"article:modified_time\" content=\"2025-12-08T12:19:32+00:00\" \/>\n<meta name=\"twitter:card\" content=\"summary_large_image\" \/>\n<script type=\"application\/ld+json\" class=\"yoast-schema-graph\">{\"@context\":\"https:\/\/schema.org\",\"@graph\":[{\"@type\":\"WebPage\",\"@id\":\"https:\/\/satchel.eu\/lt\/faq\/login-and-password\/\",\"url\":\"https:\/\/satchel.eu\/lt\/faq\/login-and-password\/\",\"name\":\"Prisijungimo vardas ir slapta\u017eodis | \u201eSatchel\u201c\",\"isPartOf\":{\"@id\":\"https:\/\/satchel.eu\/lt\/#website\"},\"datePublished\":\"2021-03-15T21:22:23+00:00\",\"dateModified\":\"2025-12-08T12:19:32+00:00\",\"description\":\"Per\u017ei\u016br\u0117kite da\u017enai mums u\u017eduodamus klausimus, susijusius su \u201eSatchel\u201c prisijungimo vardu ir slapta\u017eod\u017eiu.\",\"breadcrumb\":{\"@id\":\"https:\/\/satchel.eu\/lt\/faq\/login-and-password\/#breadcrumb\"},\"inLanguage\":\"lt-LT\",\"potentialAction\":[{\"@type\":\"ReadAction\",\"target\":[\"https:\/\/satchel.eu\/lt\/faq\/login-and-password\/\"]}]},{\"@type\":\"BreadcrumbList\",\"@id\":\"https:\/\/satchel.eu\/lt\/faq\/login-and-password\/#breadcrumb\",\"itemListElement\":[{\"@type\":\"ListItem\",\"position\":1,\"name\":\"Satchel\",\"item\":\"https:\/\/satchel.eu\/lt\/\"},{\"@type\":\"ListItem\",\"position\":2,\"name\":\"DUK\",\"item\":\"https:\/\/satchel.eu\/lt\/faq\/\"},{\"@type\":\"ListItem\",\"position\":3,\"name\":\"Prisijungimo vardas ir slapta\u017eodis\"}]},{\"@type\":\"WebSite\",\"@id\":\"https:\/\/satchel.eu\/lt\/#website\",\"url\":\"https:\/\/satchel.eu\/lt\/\",\"name\":\"\u201eSatchel\u201c\",\"description\":\"J\u016bs\u0173 pinig\u0173 valdymo sprendimas\",\"publisher\":{\"@id\":\"https:\/\/satchel.eu\/lt\/#organization\"},\"potentialAction\":[{\"@type\":\"SearchAction\",\"target\":{\"@type\":\"EntryPoint\",\"urlTemplate\":\"https:\/\/satchel.eu\/lt\/?s={search_term_string}\"},\"query-input\":\"required name=search_term_string\"}],\"inLanguage\":\"lt-LT\"},{\"@type\":\"Organization\",\"@id\":\"https:\/\/satchel.eu\/lt\/#organization\",\"name\":\"Satchel\",\"url\":\"https:\/\/satchel.eu\/lt\/\",\"logo\":{\"@type\":\"ImageObject\",\"inLanguage\":\"lt-LT\",\"@id\":\"https:\/\/satchel.eu\/lt\/#\/schema\/logo\/image\/\",\"url\":\"https:\/\/satchel.eu\/lt\/wp-content\/uploads\/sites\/2\/2021\/05\/logo-black.jpg\",\"contentUrl\":\"https:\/\/satchel.eu\/lt\/wp-content\/uploads\/sites\/2\/2021\/05\/logo-black.jpg\",\"width\":135,\"height\":32,\"caption\":\"Satchel\"},\"image\":{\"@id\":\"https:\/\/satchel.eu\/lt\/#\/schema\/logo\/image\/\"}}]}<\/script>\n<!-- \/ Yoast SEO plugin. -->","yoast_head_json":{"title":"Prisijungimo vardas ir slapta\u017eodis | \u201eSatchel\u201c","description":"Per\u017ei\u016br\u0117kite da\u017enai mums u\u017eduodamus klausimus, susijusius su \u201eSatchel\u201c prisijungimo vardu ir slapta\u017eod\u017eiu.","robots":{"index":"index","follow":"follow","max-snippet":"max-snippet:-1","max-image-preview":"max-image-preview:large","max-video-preview":"max-video-preview:-1"},"canonical":"https:\/\/satchel.eu\/lt\/faq\/login-and-password\/","og_locale":"lt_LT","og_type":"article","og_title":"Prisijungimo vardas ir slapta\u017eodis | \u201eSatchel\u201c","og_description":"Per\u017ei\u016br\u0117kite da\u017enai mums u\u017eduodamus klausimus, susijusius su \u201eSatchel\u201c prisijungimo vardu ir slapta\u017eod\u017eiu.","og_url":"https:\/\/satchel.eu\/lt\/faq\/login-and-password\/","og_site_name":"\u201eSatchel\u201c","article_modified_time":"2025-12-08T12:19:32+00:00","twitter_card":"summary_large_image","schema":{"@context":"https:\/\/schema.org","@graph":[{"@type":"WebPage","@id":"https:\/\/satchel.eu\/lt\/faq\/login-and-password\/","url":"https:\/\/satchel.eu\/lt\/faq\/login-and-password\/","name":"Prisijungimo vardas ir slapta\u017eodis | \u201eSatchel\u201c","isPartOf":{"@id":"https:\/\/satchel.eu\/lt\/#website"},"datePublished":"2021-03-15T21:22:23+00:00","dateModified":"2025-12-08T12:19:32+00:00","description":"Per\u017ei\u016br\u0117kite da\u017enai mums u\u017eduodamus klausimus, susijusius su \u201eSatchel\u201c prisijungimo vardu ir slapta\u017eod\u017eiu.","breadcrumb":{"@id":"https:\/\/satchel.eu\/lt\/faq\/login-and-password\/#breadcrumb"},"inLanguage":"lt-LT","potentialAction":[{"@type":"ReadAction","target":["https:\/\/satchel.eu\/lt\/faq\/login-and-password\/"]}]},{"@type":"BreadcrumbList","@id":"https:\/\/satchel.eu\/lt\/faq\/login-and-password\/#breadcrumb","itemListElement":[{"@type":"ListItem","position":1,"name":"Satchel","item":"https:\/\/satchel.eu\/lt\/"},{"@type":"ListItem","position":2,"name":"DUK","item":"https:\/\/satchel.eu\/lt\/faq\/"},{"@type":"ListItem","position":3,"name":"Prisijungimo vardas ir slapta\u017eodis"}]},{"@type":"WebSite","@id":"https:\/\/satchel.eu\/lt\/#website","url":"https:\/\/satchel.eu\/lt\/","name":"\u201eSatchel\u201c","description":"J\u016bs\u0173 pinig\u0173 valdymo sprendimas","publisher":{"@id":"https:\/\/satchel.eu\/lt\/#organization"},"potentialAction":[{"@type":"SearchAction","target":{"@type":"EntryPoint","urlTemplate":"https:\/\/satchel.eu\/lt\/?s={search_term_string}"},"query-input":"required name=search_term_string"}],"inLanguage":"lt-LT"},{"@type":"Organization","@id":"https:\/\/satchel.eu\/lt\/#organization","name":"Satchel","url":"https:\/\/satchel.eu\/lt\/","logo":{"@type":"ImageObject","inLanguage":"lt-LT","@id":"https:\/\/satchel.eu\/lt\/#\/schema\/logo\/image\/","url":"https:\/\/satchel.eu\/lt\/wp-content\/uploads\/sites\/2\/2021\/05\/logo-black.jpg","contentUrl":"https:\/\/satchel.eu\/lt\/wp-content\/uploads\/sites\/2\/2021\/05\/logo-black.jpg","width":135,"height":32,"caption":"Satchel"},"image":{"@id":"https:\/\/satchel.eu\/lt\/#\/schema\/logo\/image\/"}}]}},"_links":{"self":[{"href":"https:\/\/satchel.eu\/lt\/wp-json\/wp\/v2\/pages\/553","targetHints":{"allow":["GET"]}}],"collection":[{"href":"https:\/\/satchel.eu\/lt\/wp-json\/wp\/v2\/pages"}],"about":[{"href":"https:\/\/satchel.eu\/lt\/wp-json\/wp\/v2\/types\/page"}],"author":[{"embeddable":true,"href":"https:\/\/satchel.eu\/lt\/wp-json\/wp\/v2\/users\/5"}],"replies":[{"embeddable":true,"href":"https:\/\/satchel.eu\/lt\/wp-json\/wp\/v2\/comments?post=553"}],"version-history":[{"count":11,"href":"https:\/\/satchel.eu\/lt\/wp-json\/wp\/v2\/pages\/553\/revisions"}],"predecessor-version":[{"id":4103,"href":"https:\/\/satchel.eu\/lt\/wp-json\/wp\/v2\/pages\/553\/revisions\/4103"}],"up":[{"embeddable":true,"href":"https:\/\/satchel.eu\/lt\/wp-json\/wp\/v2\/pages\/99"}],"wp:attachment":[{"href":"https:\/\/satchel.eu\/lt\/wp-json\/wp\/v2\/media?parent=553"}],"curies":[{"name":"wp","href":"https:\/\/api.w.org\/{rel}","templated":true}]}}