{"id":61,"date":"2021-03-02T14:49:26","date_gmt":"2021-03-02T12:49:26","guid":{"rendered":"https:\/\/satchel.eu\/?page_id=61"},"modified":"2025-12-29T15:35:33","modified_gmt":"2025-12-29T13:35:33","slug":"brochures","status":"publish","type":"page","link":"https:\/\/satchel.eu\/lt\/brochures\/","title":{"rendered":"Bro\u0161i\u016bros"},"content":{"rendered":"<section class=\"section pt-45 pt-md-70 overflow-hidden\">\n<div class=\"container\">\n<div class=\"row\">\n<div class=\"col-lg-10 mx-auto\">\n<h1 class=\"mb-15 text-center\">Informacijos niekada nebus per daug<\/h1>\n<p class=\"text-center mb-50 mb-md-90\">Kad gal\u0117tum\u0117te daugiau su\u017einoti apie m\u016bs\u0173 produktus ir paslaugas, paruo\u0161\u0117me jums kelet\u0105 bro\u0161i\u016br\u0173.<\/p>\n<\/p><\/div>\n<\/p><\/div>\n<div class=\"row\">\n<div class=\"col-lg-12 mx-auto px-10\">\n<div class=\"brochures-slider\">\n<div class=\"brochures-slider__slider\">\n<div class=\"brochures-slider__slide\">\n<div class=\"brochures-slider__box\">\n<div class=\"brochures-slider__img mb-15\">\n                    <img decoding=\"async\" class=\"lazyload\" data-src=\"https:\/\/satchel.eu\/lt\/wp-content\/uploads\/sites\/2\/2021\/03\/Intro-to-Fintech.png\" src=\"data:image\/gif;base64,R0lGODlhAQABAAAAACH5BAEKAAEALAAAAAABAAEAAAICTAEAOw==\" alt=\"\">\n                  <\/div>\n<p class=\"text-center mb-15\">Introduction to FinTech<\/p>\n<p>                  <a\n                    class=\"btn btn-primary w-170px mt-auto brochures-slider__btn js-open-modal\"\n                    href=\"#modalBrochure1\"\n                    brochure_title=\"Intro to fintech\">Download<\/a>\n                <\/div>\n<\/p><\/div>\n<div class=\"brochures-slider__slide\">\n<div class=\"brochures-slider__box\">\n<div class=\"brochures-slider__img mb-15\">\n                    <img decoding=\"async\" class=\"lazyload\" data-src=\"https:\/\/satchel.eu\/lt\/wp-content\/uploads\/sites\/2\/2021\/03\/Electronic-money-institution-brochure.png\" src=\"data:image\/gif;base64,R0lGODlhAQABAAAAACH5BAEKAAEALAAAAAABAAEAAAICTAEAOw==\" alt=\"\">\n                  <\/div>\n<p class=\"text-center mb-15\">The Electronic Money Institution<\/p>\n<p>                  <a\n                    class=\"btn btn-primary w-170px mt-auto brochures-slider__btn js-open-modal\"\n                    href=\"#modalBrochure2\"\n                    brochure_title=\"EMI\">Download<\/a>\n                <\/div>\n<\/p><\/div>\n<div class=\"brochures-slider__slide\">\n<div class=\"brochures-slider__box\">\n<div class=\"brochures-slider__img mb-15\">\n                    <img decoding=\"async\" class=\"lazyload\" data-src=\"https:\/\/satchel.eu\/lt\/wp-content\/uploads\/sites\/2\/2021\/03\/7-myths.png\" src=\"data:image\/gif;base64,R0lGODlhAQABAAAAACH5BAEKAAEALAAAAAABAAEAAAICTAEAOw==\" alt=\"\">\n                  <\/div>\n<p class=\"text-center mb-15\">Seven Myths about EMIs you Need to Stop Believing<\/p>\n<p>                  <a\n                    class=\"btn btn-primary w-170px mt-auto brochures-slider__btn js-open-modal\"\n                    href=\"#modalBrochure3\"\n                    brochure_title=\"Seven myths\">Download<\/a>\n                <\/div>\n<\/p><\/div>\n<\/p><\/div>\n<div class=\"brochures-slider__arrow brochures-slider__arrow--prev\"><\/div>\n<div class=\"brochures-slider__arrow brochures-slider__arrow--next\"><\/div>\n<\/p><\/div>\n<\/p><\/div>\n<\/p><\/div>\n<\/p><\/div>\n<\/section>\n<div class=\"modal__container fancybox-container fancybox-is-open\" id=\"modalBrochure1\">\n<div class=\"fancybox-bg modal__bg js-modal-close\"><\/div>\n<div class=\"fancybox-inner\">\n<div class=\"fancybox-stage\">\n<div class=\"modal__slide fancybox-slide fancybox-slide--html fancybox-slide--current fancybox-slide--complete\">\n<div class=\"modal modal--custom modal--contact modal--brochure fancybox-content\">\n<div class=\"modal__success\">\n<p class=\"mb-20 text-center\">Thank you for being interested in our brochure.<\/p>\n<p class=\"mb-20 text-center\">Please check your email and find a link to the brochure you have requested.<\/p>\n<p class=\"mb-0 text-center\">Have a nice day!<\/p>\n<\/p><\/div>\n<div class=\"form form--contact form--brochure\">\n<h2 class=\"text-center mb-30\">Atsisi\u0173skite bro\u0161i\u016br\u0105<\/h2>\n<form action='https:\/\/forms.zohopublic.eu\/document\/form\/IntroductiontoFinTechbrochuredownload\/formperma\/mug4niKto99tLPRlIYsV334wA046fRnrWsc7r-VbzKk\/htmlRecords\/submit' name='brochure_form_1' method='POST' accept-charset='UTF-8' enctype='multipart\/form-data' id='brochure_form_1'>\n<p>  <input type=\"hidden\" name=\"zf_referrer_name\" value=\"\"><!-- To Track referrals , place the referrer name within the \" \" in the above hidden input field --><br \/>\n  <input type=\"hidden\" name=\"zf_redirect_url\" value=\"\"><!-- To redirect to a specific page after record submission , place the respective url within the \" \" in the above hidden input field --><br \/>\n  <input type=\"hidden\" id=\"zc_gad\" name=\"zc_gad\" value=\"\"\/><!-- If GCLID is enabled in Zoho CRM Integration, click details of AdWords Ads will be pushed to Zoho CRM --><\/p>\n<p>  <input type=\"hidden\" name=\"SingleLine1\" checktype=\"c1\" value=\"\" maxlength=\"255\" fieldType=\"1\" placeholder=\" \" class=\"js-input-utm\" \/><\/p>\n<div class=\"form-group mb-25\">\n    <input type=\"text\" name=\"SingleLine\" value=\"\" size=\"40\" class=\"form-control\" placeholder=\"Vardas\">\n  <\/div>\n<div class=\"form-group mb-25\">\n    <input type=\"email\" name=\"Email\" value=\"\" size=\"40\" class=\"form-control\" placeholder=\"El. pa\u0161tas\">\n  <\/div>\n<div class=\"form-group mb-25 ohnohoney\">\n    <input type=\"text\" name=\"input_15_10\" value=\"\" size=\"40\" class=\"form-control\" placeholder=\"Subject\" autocomplete=\"new-password\">\n  <\/div>\n<div class=\"form-group mb-25\">\n    <input type=\"tel\" name=\"PhoneNumber_countrycode\" value=\"\" size=\"40\" class=\"form-control\">\n  <\/div>\n<div class=\"mb-25 text-center\">\n<div class=\"cf-turnstile\" data-sitekey=\"0x4AAAAAAABwP3bz0lOUJjSm\" data-theme=\"light\" data-size=\"normal\"><\/div>\n<div class=\"recaptcha-error error wpcf7-not-valid-tip\" style=\"display:none;\">Patvirtinkite, kad esate \u017emogus.<\/div>\n<\/p><\/div>\n<div class=\"text-center d-flex flex-column align-items-center\">\n    <button class=\"btn btn-primary w-175px wpcf7-form-control wpcf7-submit\" type=\"submit\">Si\u0173sti<\/button>\n  <\/div>\n<div class=\"response-output error wpcf7-not-valid-tip mt-20 text-center\" style=\"display:none;\"><\/div>\n<\/form><\/div>\n<p>          <button type=\"button\" class=\"js-modal-close modal__close fancybox-button fancybox-close-small\"><\/button>\n        <\/div>\n<\/p><\/div>\n<\/p><\/div>\n<\/p><\/div>\n<\/div>\n<div class=\"modal__container fancybox-container fancybox-is-open\" id=\"modalBrochure2\">\n<div class=\"fancybox-bg modal__bg js-modal-close\"><\/div>\n<div class=\"fancybox-inner\">\n<div class=\"fancybox-stage\">\n<div class=\"modal__slide fancybox-slide fancybox-slide--html fancybox-slide--current fancybox-slide--complete\">\n<div class=\"modal modal--custom modal--contact modal--brochure fancybox-content\">\n<div class=\"modal__success\">\n<p class=\"mb-20 text-center\">Thank you for being interested in our brochure.<\/p>\n<p class=\"mb-20 text-center\">Please check your email and find a link to the brochure you have requested.<\/p>\n<p class=\"mb-0 text-center\">Have a nice day!<\/p>\n<\/p><\/div>\n<div class=\"form form--contact form--brochure\">\n<h2 class=\"text-center mb-30\">Atsisi\u0173skite bro\u0161i\u016br\u0105<\/h2>\n<form action='https:\/\/forms.zohopublic.eu\/document\/form\/TheElectronicMoneyInstitutionbrochuredownload\/formperma\/B-oYBIrE51P6hiGieemKfpKPQeam8VqVSLyxfYltcqc\/htmlRecords\/submit' name='brochure_form_2' method='POST' accept-charset='UTF-8' enctype='multipart\/form-data' id='brochure_form_2'>\n<p>  <input type=\"hidden\" name=\"zf_referrer_name\" value=\"\"><!-- To Track referrals , place the referrer name within the \" \" in the above hidden input field --><br \/>\n  <input type=\"hidden\" name=\"zf_redirect_url\" value=\"\"><!-- To redirect to a specific page after record submission , place the respective url within the \" \" in the above hidden input field --><br \/>\n  <input type=\"hidden\" id=\"zc_gad\" name=\"zc_gad\" value=\"\"\/><!-- If GCLID is enabled in Zoho CRM Integration, click details of AdWords Ads will be pushed to Zoho CRM --><\/p>\n<p>  <input type=\"hidden\" name=\"SingleLine1\" checktype=\"c1\" value=\"\" maxlength=\"255\" fieldType=\"1\" placeholder=\" \" class=\"js-input-utm\" \/><\/p>\n<div class=\"form-group mb-25\">\n    <input type=\"text\" name=\"SingleLine\" value=\"\" size=\"40\" class=\"form-control\" placeholder=\"Vardas\">\n  <\/div>\n<div class=\"form-group mb-25\">\n    <input type=\"email\" name=\"Email\" value=\"\" size=\"40\" class=\"form-control\" placeholder=\"El. pa\u0161tas\">\n  <\/div>\n<div class=\"form-group mb-25 ohnohoney\">\n    <input type=\"text\" name=\"input_15_10\" value=\"\" size=\"40\" class=\"form-control\" placeholder=\"Subject\" autocomplete=\"new-password\">\n  <\/div>\n<div class=\"form-group mb-25\">\n    <input type=\"tel\" name=\"PhoneNumber_countrycode\" value=\"\" size=\"40\" class=\"form-control\">\n  <\/div>\n<div class=\"mb-25 text-center\">\n<div class=\"cf-turnstile\" data-sitekey=\"0x4AAAAAAABwP3bz0lOUJjSm\" data-theme=\"light\" data-size=\"normal\"><\/div>\n<div class=\"recaptcha-error error wpcf7-not-valid-tip\" style=\"display:none;\">Patvirtinkite, kad esate \u017emogus.<\/div>\n<\/p><\/div>\n<div class=\"text-center d-flex flex-column align-items-center\">\n    <button class=\"btn btn-primary w-175px wpcf7-form-control wpcf7-submit\" type=\"submit\">Si\u0173sti<\/button>\n  <\/div>\n<div class=\"response-output error wpcf7-not-valid-tip mt-20 text-center\" style=\"display:none;\"><\/div>\n<\/form><\/div>\n<p>          <button type=\"button\" class=\"js-modal-close modal__close fancybox-button fancybox-close-small\"><\/button>\n        <\/div>\n<\/p><\/div>\n<\/p><\/div>\n<\/p><\/div>\n<\/div>\n<div class=\"modal__container fancybox-container fancybox-is-open\" id=\"modalBrochure3\">\n<div class=\"fancybox-bg modal__bg js-modal-close\"><\/div>\n<div class=\"fancybox-inner\">\n<div class=\"fancybox-stage\">\n<div class=\"modal__slide fancybox-slide fancybox-slide--html fancybox-slide--current fancybox-slide--complete\">\n<div class=\"modal modal--custom modal--contact modal--brochure fancybox-content\">\n<div class=\"modal__success\">\n<p class=\"mb-20 text-center\">Thank you for being interested in our brochure.<\/p>\n<p class=\"mb-20 text-center\">Please check your email and find a link to the brochure you have requested.<\/p>\n<p class=\"mb-0 text-center\">Have a nice day!<\/p>\n<\/p><\/div>\n<div class=\"form form--contact form--brochure\">\n<h2 class=\"text-center mb-30\">Atsisi\u0173skite bro\u0161i\u016br\u0105<\/h2>\n<form action='https:\/\/forms.zohopublic.eu\/document\/form\/SevenMythsaboutEMIsyouNeedtoStopBelievingbrochured\/formperma\/N9YFx7rGgSJG9EkWNDr7KkNhMGfu_-2YvP6wig4xwxE\/htmlRecords\/submit' name='brochure_form_3' method='POST' accept-charset='UTF-8' enctype='multipart\/form-data' id='brochure_form_3'>\n<p>  <input type=\"hidden\" name=\"zf_referrer_name\" value=\"\"><!-- To Track referrals , place the referrer name within the \" \" in the above hidden input field --><br \/>\n  <input type=\"hidden\" name=\"zf_redirect_url\" value=\"\"><!-- To redirect to a specific page after record submission , place the respective url within the \" \" in the above hidden input field --><br \/>\n  <input type=\"hidden\" id=\"zc_gad\" name=\"zc_gad\" value=\"\"\/><!-- If GCLID is enabled in Zoho CRM Integration, click details of AdWords Ads will be pushed to Zoho CRM --><\/p>\n<p>  <input type=\"hidden\" name=\"SingleLine1\" checktype=\"c1\" value=\"\" maxlength=\"255\" fieldType=\"1\" placeholder=\" \" class=\"js-input-utm\" \/><\/p>\n<div class=\"form-group mb-25\">\n    <input type=\"text\" name=\"SingleLine\" value=\"\" size=\"40\" class=\"form-control\" placeholder=\"Vardas\">\n  <\/div>\n<div class=\"form-group mb-25\">\n    <input type=\"email\" name=\"Email\" value=\"\" size=\"40\" class=\"form-control\" placeholder=\"El. pa\u0161tas\">\n  <\/div>\n<div class=\"form-group mb-25 ohnohoney\">\n    <input type=\"text\" name=\"input_15_10\" value=\"\" size=\"40\" class=\"form-control\" placeholder=\"Subject\" autocomplete=\"new-password\">\n  <\/div>\n<div class=\"form-group mb-25\">\n    <input type=\"tel\" name=\"PhoneNumber_countrycode\" value=\"\" size=\"40\" class=\"form-control\">\n  <\/div>\n<div class=\"mb-25 text-center\">\n<div class=\"cf-turnstile\" data-sitekey=\"0x4AAAAAAABwP3bz0lOUJjSm\" data-theme=\"light\" data-size=\"normal\"><\/div>\n<div class=\"recaptcha-error error wpcf7-not-valid-tip\" style=\"display:none;\">Patvirtinkite, kad esate \u017emogus.<\/div>\n<\/p><\/div>\n<div class=\"text-center d-flex flex-column align-items-center\">\n    <button class=\"btn btn-primary w-175px wpcf7-form-control wpcf7-submit\" type=\"submit\">Si\u0173sti<\/button>\n  <\/div>\n<div class=\"response-output error wpcf7-not-valid-tip mt-20 text-center\" style=\"display:none;\"><\/div>\n<\/form><\/div>\n<p>          <button type=\"button\" class=\"js-modal-close modal__close fancybox-button fancybox-close-small\"><\/button>\n        <\/div>\n<\/p><\/div>\n<\/p><\/div>\n<\/p><\/div>\n<\/div>\n","protected":false},"excerpt":{"rendered":"<p>Informacijos niekada nebus per daug Kad gal\u0117tum\u0117te daugiau su\u017einoti apie m\u016bs\u0173 produktus ir paslaugas, paruo\u0161\u0117me jums kelet\u0105 bro\u0161i\u016br\u0173. Introduction to FinTech Download The Electronic Money Institution Download Seven Myths about EMIs you Need to Stop Believing Download Thank you for being interested in our brochure. Please check your email and find a link to the&#8230;<\/p>\n","protected":false},"author":5,"featured_media":0,"parent":0,"menu_order":0,"comment_status":"closed","ping_status":"closed","template":"templates\/brochures.php","meta":{"_acf_changed":false,"footnotes":""},"class_list":["post-61","page","type-page","status-publish","hentry"],"acf":[],"yoast_head":"<!-- This site is optimized with the Yoast SEO plugin v22.0 - https:\/\/yoast.com\/wordpress\/plugins\/seo\/ -->\n<title>Informacin\u0117s bro\u0161i\u016bros - \u201eSatchel\u201c<\/title>\n<meta name=\"description\" content=\"Parsisi\u0173skite m\u016bs\u0173 informacines bro\u0161i\u016bras, kad daugiau su\u017einotum\u0117te apie \u201eSatchel\u201c produktus ir paslaugas.\" \/>\n<meta name=\"robots\" content=\"index, follow, max-snippet:-1, max-image-preview:large, max-video-preview:-1\" \/>\n<link rel=\"canonical\" href=\"https:\/\/satchel.eu\/lt\/brochures\/\" \/>\n<meta property=\"og:locale\" content=\"lt_LT\" \/>\n<meta property=\"og:type\" content=\"article\" \/>\n<meta property=\"og:title\" content=\"Informacin\u0117s bro\u0161i\u016bros - \u201eSatchel\u201c\" \/>\n<meta property=\"og:description\" content=\"Parsisi\u0173skite m\u016bs\u0173 informacines bro\u0161i\u016bras, kad daugiau su\u017einotum\u0117te apie \u201eSatchel\u201c produktus ir paslaugas.\" \/>\n<meta property=\"og:url\" content=\"https:\/\/satchel.eu\/lt\/brochures\/\" \/>\n<meta property=\"og:site_name\" content=\"\u201eSatchel\u201c\" \/>\n<meta property=\"article:modified_time\" content=\"2025-12-29T13:35:33+00:00\" \/>\n<meta name=\"twitter:card\" content=\"summary_large_image\" \/>\n<script type=\"application\/ld+json\" class=\"yoast-schema-graph\">{\"@context\":\"https:\/\/schema.org\",\"@graph\":[{\"@type\":\"WebPage\",\"@id\":\"https:\/\/satchel.eu\/lt\/brochures\/\",\"url\":\"https:\/\/satchel.eu\/lt\/brochures\/\",\"name\":\"Informacin\u0117s bro\u0161i\u016bros - \u201eSatchel\u201c\",\"isPartOf\":{\"@id\":\"https:\/\/satchel.eu\/lt\/#website\"},\"datePublished\":\"2021-03-02T12:49:26+00:00\",\"dateModified\":\"2025-12-29T13:35:33+00:00\",\"description\":\"Parsisi\u0173skite m\u016bs\u0173 informacines bro\u0161i\u016bras, kad daugiau su\u017einotum\u0117te apie \u201eSatchel\u201c produktus ir paslaugas.\",\"breadcrumb\":{\"@id\":\"https:\/\/satchel.eu\/lt\/brochures\/#breadcrumb\"},\"inLanguage\":\"lt-LT\",\"potentialAction\":[{\"@type\":\"ReadAction\",\"target\":[\"https:\/\/satchel.eu\/lt\/brochures\/\"]}]},{\"@type\":\"BreadcrumbList\",\"@id\":\"https:\/\/satchel.eu\/lt\/brochures\/#breadcrumb\",\"itemListElement\":[{\"@type\":\"ListItem\",\"position\":1,\"name\":\"Satchel\",\"item\":\"https:\/\/satchel.eu\/lt\/\"},{\"@type\":\"ListItem\",\"position\":2,\"name\":\"Bro\u0161i\u016bros\"}]},{\"@type\":\"WebSite\",\"@id\":\"https:\/\/satchel.eu\/lt\/#website\",\"url\":\"https:\/\/satchel.eu\/lt\/\",\"name\":\"\u201eSatchel\u201c\",\"description\":\"J\u016bs\u0173 pinig\u0173 valdymo sprendimas\",\"publisher\":{\"@id\":\"https:\/\/satchel.eu\/lt\/#organization\"},\"potentialAction\":[{\"@type\":\"SearchAction\",\"target\":{\"@type\":\"EntryPoint\",\"urlTemplate\":\"https:\/\/satchel.eu\/lt\/?s={search_term_string}\"},\"query-input\":\"required name=search_term_string\"}],\"inLanguage\":\"lt-LT\"},{\"@type\":\"Organization\",\"@id\":\"https:\/\/satchel.eu\/lt\/#organization\",\"name\":\"Satchel\",\"url\":\"https:\/\/satchel.eu\/lt\/\",\"logo\":{\"@type\":\"ImageObject\",\"inLanguage\":\"lt-LT\",\"@id\":\"https:\/\/satchel.eu\/lt\/#\/schema\/logo\/image\/\",\"url\":\"https:\/\/satchel.eu\/lt\/wp-content\/uploads\/sites\/2\/2021\/05\/logo-black.jpg\",\"contentUrl\":\"https:\/\/satchel.eu\/lt\/wp-content\/uploads\/sites\/2\/2021\/05\/logo-black.jpg\",\"width\":135,\"height\":32,\"caption\":\"Satchel\"},\"image\":{\"@id\":\"https:\/\/satchel.eu\/lt\/#\/schema\/logo\/image\/\"}}]}<\/script>\n<!-- \/ Yoast SEO plugin. -->","yoast_head_json":{"title":"Informacin\u0117s bro\u0161i\u016bros - \u201eSatchel\u201c","description":"Parsisi\u0173skite m\u016bs\u0173 informacines bro\u0161i\u016bras, kad daugiau su\u017einotum\u0117te apie \u201eSatchel\u201c produktus ir paslaugas.","robots":{"index":"index","follow":"follow","max-snippet":"max-snippet:-1","max-image-preview":"max-image-preview:large","max-video-preview":"max-video-preview:-1"},"canonical":"https:\/\/satchel.eu\/lt\/brochures\/","og_locale":"lt_LT","og_type":"article","og_title":"Informacin\u0117s bro\u0161i\u016bros - \u201eSatchel\u201c","og_description":"Parsisi\u0173skite m\u016bs\u0173 informacines bro\u0161i\u016bras, kad daugiau su\u017einotum\u0117te apie \u201eSatchel\u201c produktus ir paslaugas.","og_url":"https:\/\/satchel.eu\/lt\/brochures\/","og_site_name":"\u201eSatchel\u201c","article_modified_time":"2025-12-29T13:35:33+00:00","twitter_card":"summary_large_image","schema":{"@context":"https:\/\/schema.org","@graph":[{"@type":"WebPage","@id":"https:\/\/satchel.eu\/lt\/brochures\/","url":"https:\/\/satchel.eu\/lt\/brochures\/","name":"Informacin\u0117s bro\u0161i\u016bros - \u201eSatchel\u201c","isPartOf":{"@id":"https:\/\/satchel.eu\/lt\/#website"},"datePublished":"2021-03-02T12:49:26+00:00","dateModified":"2025-12-29T13:35:33+00:00","description":"Parsisi\u0173skite m\u016bs\u0173 informacines bro\u0161i\u016bras, kad daugiau su\u017einotum\u0117te apie \u201eSatchel\u201c produktus ir paslaugas.","breadcrumb":{"@id":"https:\/\/satchel.eu\/lt\/brochures\/#breadcrumb"},"inLanguage":"lt-LT","potentialAction":[{"@type":"ReadAction","target":["https:\/\/satchel.eu\/lt\/brochures\/"]}]},{"@type":"BreadcrumbList","@id":"https:\/\/satchel.eu\/lt\/brochures\/#breadcrumb","itemListElement":[{"@type":"ListItem","position":1,"name":"Satchel","item":"https:\/\/satchel.eu\/lt\/"},{"@type":"ListItem","position":2,"name":"Bro\u0161i\u016bros"}]},{"@type":"WebSite","@id":"https:\/\/satchel.eu\/lt\/#website","url":"https:\/\/satchel.eu\/lt\/","name":"\u201eSatchel\u201c","description":"J\u016bs\u0173 pinig\u0173 valdymo sprendimas","publisher":{"@id":"https:\/\/satchel.eu\/lt\/#organization"},"potentialAction":[{"@type":"SearchAction","target":{"@type":"EntryPoint","urlTemplate":"https:\/\/satchel.eu\/lt\/?s={search_term_string}"},"query-input":"required name=search_term_string"}],"inLanguage":"lt-LT"},{"@type":"Organization","@id":"https:\/\/satchel.eu\/lt\/#organization","name":"Satchel","url":"https:\/\/satchel.eu\/lt\/","logo":{"@type":"ImageObject","inLanguage":"lt-LT","@id":"https:\/\/satchel.eu\/lt\/#\/schema\/logo\/image\/","url":"https:\/\/satchel.eu\/lt\/wp-content\/uploads\/sites\/2\/2021\/05\/logo-black.jpg","contentUrl":"https:\/\/satchel.eu\/lt\/wp-content\/uploads\/sites\/2\/2021\/05\/logo-black.jpg","width":135,"height":32,"caption":"Satchel"},"image":{"@id":"https:\/\/satchel.eu\/lt\/#\/schema\/logo\/image\/"}}]}},"_links":{"self":[{"href":"https:\/\/satchel.eu\/lt\/wp-json\/wp\/v2\/pages\/61","targetHints":{"allow":["GET"]}}],"collection":[{"href":"https:\/\/satchel.eu\/lt\/wp-json\/wp\/v2\/pages"}],"about":[{"href":"https:\/\/satchel.eu\/lt\/wp-json\/wp\/v2\/types\/page"}],"author":[{"embeddable":true,"href":"https:\/\/satchel.eu\/lt\/wp-json\/wp\/v2\/users\/5"}],"replies":[{"embeddable":true,"href":"https:\/\/satchel.eu\/lt\/wp-json\/wp\/v2\/comments?post=61"}],"version-history":[{"count":9,"href":"https:\/\/satchel.eu\/lt\/wp-json\/wp\/v2\/pages\/61\/revisions"}],"predecessor-version":[{"id":4157,"href":"https:\/\/satchel.eu\/lt\/wp-json\/wp\/v2\/pages\/61\/revisions\/4157"}],"wp:attachment":[{"href":"https:\/\/satchel.eu\/lt\/wp-json\/wp\/v2\/media?parent=61"}],"curies":[{"name":"wp","href":"https:\/\/api.w.org\/{rel}","templated":true}]}}