{"id":792,"date":"2021-03-26T16:17:48","date_gmt":"2021-03-26T14:17:48","guid":{"rendered":"https:\/\/satchel.eu\/?page_id=792"},"modified":"2025-12-29T15:46:23","modified_gmt":"2025-12-29T13:46:23","slug":"mastercard-benefits","status":"publish","type":"page","link":"https:\/\/satchel.eu\/lt\/mastercard-benefits\/","title":{"rendered":"\u201eMastercard\u201c privalumai"},"content":{"rendered":"<section class=\"section pb-lg-80 pb-md-60 pb-15\">\r\n  <div class=\"container\">\r\n    <div class=\"text-center mb-10\">\r\n        <div class=\"badge\">TEIKIA \u201eMASTERCARD\u201c<img decoding=\"async\" class=\"lazyload\" data-src=\"https:\/\/satchel.eu\/lt\/wp-content\/themes\/satchel\/public\/img\/mc-small-logo.png\" src=\"data:image\/gif;base64,R0lGODlhAQABAAAAACH5BAEKAAEALAAAAAABAAEAAAICTAEAOw==\" alt>\r\n        <\/div>\r\n    <\/div>\r\n    <h1 class=\"mb-15 text-center\">J\u016bs\u0173 galimyb\u0117s naudotis \u201eSatchel\u201c privilegijomis<\/h1>\r\n    <div class=\"row mb-45 mb-md-90 mb-lg-110\">\r\n      <div class=\"col-lg-6 mx-auto\"> \r\n        <p class=\"text-center mb-0\">Naudokit\u0117s auk\u0161\u010diausios klas\u0117s gyvenimo b\u016bdo ir kelioni\u0173 pasi\u016blymais, taikomais i\u0161skirtinai \u201eSatchel\u201c korteli\u0173 naudotojams.<\/p>\r\n      <\/div>\r\n    <\/div>\r\n    <div class=\"row\">\r\n      <div class=\"col-sm-8 col-md-4 col-lg-3 offset-lg-2 d-flex\">\r\n        <a class=\"offer-box\" href=\"https:\/\/satchel.eu\/lt\/mastercard-benefits\/yoox\/\">\r\n          <span class=\"offer-box__image\">\r\n            <img decoding=\"async\" class=\"lazyload\" data-src=\"https:\/\/satchel.eu\/lt\/wp-content\/themes\/satchel\/public\/img\/special-offer1@2x.png\" src=\"data:image\/gif;base64,R0lGODlhAQABAAAAACH5BAEKAAEALAAAAAABAAEAAAICTAEAOw==\" alt>\r\n          <\/span>\r\n          <span class=\"offer-box__badge\">-15% nuolaida<\/span>\r\n          <span class=\"offer-box__title\">YOOX.com<\/span>\r\n          <span class=\"offer-box__text\">Pirmaujanti pasaulyje mados ir buities preki\u0173 parduotuv\u0117. YOOX yra prabangi\u0173&hellip;<\/span>\r\n          <span class=\"offer-box__date\">Galioja iki <b>2022 m. gruod\u017eio 31 d.<\/b><\/span>\r\n        <\/a>\r\n      <\/div>\r\n      <div class=\"col-sm-8 col-md-4 col-lg-3 d-flex\">\r\n        <a class=\"offer-box\" href=\"https:\/\/satchel.eu\/lt\/mastercard-benefits\/iwoot\/\">\r\n          <span class=\"offer-box__image\">\r\n            <img decoding=\"async\" class=\"lazyload\" data-src=\"https:\/\/satchel.eu\/lt\/wp-content\/themes\/satchel\/public\/img\/iwoot.jpg?v=2\" src=\"data:image\/gif;base64,R0lGODlhAQABAAAAACH5BAEKAAEALAAAAAABAAEAAAICTAEAOw==\" alt>\r\n          <\/span>\r\n          <span class=\"offer-box__badge\">-15% nuolaida<\/span>\r\n          <span class=\"offer-box__title\">IWOOT<\/span>\r\n          <span class=\"offer-box__text\">Internetin\u0117 dovan\u0173 parduotuv\u0117, kurios specializacija \u2013 \u012fmantri\u0173 dovan\u0173 ir smulkmen\u0173,&hellip;<\/span>\r\n          <span class=\"offer-box__date\">Galioja iki <b>2022 m. gruod\u017eio 31 d.<\/b><\/span>\r\n        <\/a>\r\n      <\/div>\r\n      <div class=\"col-sm-8 col-md-4 col-lg-3 d-flex\">\r\n        <a class=\"offer-box\" href=\"https:\/\/satchel.eu\/lt\/mastercard-benefits\/the-hut\/\">\r\n          <span class=\"offer-box__image\">\r\n            <img decoding=\"async\" class=\"lazyload\" data-src=\"https:\/\/satchel.eu\/lt\/wp-content\/themes\/satchel\/public\/img\/the-hut.jpg\" src=\"data:image\/gif;base64,R0lGODlhAQABAAAAACH5BAEKAAEALAAAAAABAAEAAAICTAEAOw==\" alt>\r\n          <\/span>\r\n          <span class=\"offer-box__badge\">-15% nuolaida<\/span>\r\n          <span class=\"offer-box__title\">THE HUT<\/span>\r\n          <span class=\"offer-box__text\">Prabangi internetin\u0117 parduotuv\u0117, kurios specializacija \u2013 mados, nam\u0173 apyvokos daikt\u0173,&hellip;<\/span>\r\n          <span class=\"offer-box__date\">Galioja iki <b>2022 m. gruod\u017eio 31 d.<\/b><\/span>\r\n        <\/a>\r\n      <\/div>\r\n      <div class=\"col-sm-8 col-md-4 col-lg-3 d-flex\">\r\n        <a class=\"offer-box\" href=\"https:\/\/satchel.eu\/lt\/mastercard-benefits\/allsole\/\">\r\n          <span class=\"offer-box__image\">\r\n            <img decoding=\"async\" class=\"lazyload\" data-src=\"https:\/\/satchel.eu\/lt\/wp-content\/themes\/satchel\/public\/img\/allsole-logo.jpg\" src=\"data:image\/gif;base64,R0lGODlhAQABAAAAACH5BAEKAAEALAAAAAABAAEAAAICTAEAOw==\" alt>\r\n          <\/span>\r\n          <span class=\"offer-box__badge\">-15% nuolaida<\/span>\r\n          <span class=\"offer-box__title\">\u201eAllSole\u201c<\/span>\r\n          <span class=\"offer-box__text\">Puikiausi\u0173 avalyn\u0117s kolekcij\u0173 internetin\u0117 parduotuv\u0117.<\/span>\r\n          <span class=\"offer-box__date\">Galioja iki <b>2022 m. gruod\u017eio 31 d.<\/b><\/span>\r\n        <\/a>\r\n      <\/div>\r\n    <\/div>\r\n\r\n    <div class=\"row\">\r\n      <div class=\"col-sm-8 col-md-4 col-lg-3 offset-lg-2 d-flex\">\r\n        <a class=\"offer-box\" href=\"https:\/\/satchel.eu\/lt\/mastercard-benefits\/zavvi\/\">\r\n          <span class=\"offer-box__image\">\r\n            <img decoding=\"async\" class=\"lazyload\" data-src=\"https:\/\/satchel.eu\/lt\/wp-content\/themes\/satchel\/public\/img\/Zaavi-logo.jpg\" src=\"data:image\/gif;base64,R0lGODlhAQABAAAAACH5BAEKAAEALAAAAAABAAEAAAICTAEAOw==\" alt>\r\n          <\/span>\r\n          <span class=\"offer-box__badge\">-10% nuolaida<\/span>\r\n          <span class=\"offer-box__title\">\u201ezavvi\u201c<\/span>\r\n          <span class=\"offer-box__text\">Popkult\u016bros \u0161irdis. Vieta, kur susitinka film\u0173, televizijos, muzikos ir komiks\u0173&hellip;<\/span>\r\n          <span class=\"offer-box__date\">Galioja iki <b>2022 m. gruod\u017eio 31 d.<\/b><\/span>\r\n        <\/a>\r\n      <\/div>\r\n      <div class=\"col-sm-8 col-md-4 col-lg-3 d-flex\">\r\n        <a class=\"offer-box\" href=\"https:\/\/satchel.eu\/lt\/mastercard-benefits\/mybag\/\">\r\n          <span class=\"offer-box__image\">\r\n            <img decoding=\"async\" class=\"lazyload\" data-src=\"https:\/\/satchel.eu\/lt\/wp-content\/themes\/satchel\/public\/img\/special-offer-mybag.png\" src=\"data:image\/gif;base64,R0lGODlhAQABAAAAACH5BAEKAAEALAAAAAABAAEAAAICTAEAOw==\" alt>\r\n          <\/span>\r\n          <span class=\"offer-box__badge\">-15% nuolaida<\/span>\r\n          <span class=\"offer-box__title\">MyBag<\/span>\r\n          <span class=\"offer-box__text\">Launched in 2010, MyBag has established itself as a specialist&hellip;<\/span>\r\n          <span class=\"offer-box__date\">Galioja iki <b>2022 m. gruod\u017eio 31 d.<\/b><\/span>\r\n        <\/a>\r\n      <\/div>\r\n      <div class=\"col-sm-8 col-md-4 col-lg-3 d-flex\">\r\n        <a class=\"offer-box\" href=\"https:\/\/satchel.eu\/lt\/mastercard-benefits\/coggles\/\">\r\n          <span class=\"offer-box__image\">\r\n            <img decoding=\"async\" class=\"lazyload\" data-src=\"https:\/\/satchel.eu\/lt\/wp-content\/themes\/satchel\/public\/img\/special-offer-coggles.png\" src=\"data:image\/gif;base64,R0lGODlhAQABAAAAACH5BAEKAAEALAAAAAABAAEAAAICTAEAOw==\" alt>\r\n          <\/span>\r\n          <span class=\"offer-box__badge\">-10% nuolaida<\/span>\r\n          <span class=\"offer-box__title\">COGGLES<\/span>\r\n          <span class=\"offer-box__text\">Discover over 200 designer labels showcasing a wide range of&hellip;<\/span>\r\n          <span class=\"offer-box__date\">Galioja iki <b>2022 m. gruod\u017eio 31 d.<\/b><\/span>\r\n        <\/a>\r\n      <\/div>\r\n    <\/div>\r\n  <\/div>\r\n<\/section>\r\n<section class=\"section overflow-hidden\">\r\n  <div class=\"cards-slider__gradient cards-slider__gradient--before\"><\/div>\r\n  <div class=\"cards-slider__gradient cards-slider__gradient--after\"><\/div>\r\n  <button class=\"cards-slider__arrow cards-slider__arrow--prev\"><\/button>\r\n  <button class=\"cards-slider__arrow cards-slider__arrow--next\"><\/button>\r\n  <div class=\"container cards-slider__container position-relative\">\r\n    <div class=\"row\">\r\n      <div class=\"col-lg-6 mx-auto\">\r\n        <h2 class=\"mb-30 text-center position-relative\">Pasirinkite jums tinkamiausi\u0105 \u201eSatchel\u201c kortel\u0119<\/h2>\r\n      <\/div>\r\n    <\/div>\r\n    <div class=\"row position-relative\">\r\n      <div class=\"col-md-15 col-xxl-auto mx-auto\">\r\n        <div class=\"cards-slider\">\r\n          <div class=\"cards-slider__content\">\r\n            <ul>\r\n              <li>\r\n                <div class=\"cards-slide\">\r\n                  <div class=\"cards-slide__label\">Fizin\u0117<\/div>\r\n                  <div class=\"cards-slide__image mb-30\"><img decoding=\"async\" class=\"lazyload\" src=\"data:image\/gif;base64,R0lGODlhAQABAAAAACH5BAEKAAEALAAAAAABAAEAAAICTAEAOw==\" data-src=\"https:\/\/satchel.eu\/lt\/wp-content\/themes\/satchel\/public\/img\/cards-slide3@2x.png\" width=\"298\" alt><\/div>\r\n                  <div class=\"cards-slide__items d-flex flex-wrap\">\r\n                    <div class=\"cards-slide__item text-center w-50 mb-20 js-cards-slide-item-equalHeights\"><img decoding=\"async\" class=\"lazyload mb-10\" src=\"data:image\/gif;base64,R0lGODlhAQABAAAAACH5BAEKAAEALAAAAAABAAEAAAICTAEAOw==\" data-src=\"https:\/\/satchel.eu\/lt\/wp-content\/themes\/satchel\/public\/img\/sleu-kit-icons-y-fast-speed-2.svg?v=2.5\" alt>\r\n                      <p class=\"mb-0 text-center cards-slide__item-text\">Momentiniai mok\u0117jimai<\/p>\r\n                    <\/div>\r\n                    <div class=\"cards-slide__item text-center w-50 mb-20 js-cards-slide-item-equalHeights\"><img decoding=\"async\" class=\"lazyload mb-10\" src=\"data:image\/gif;base64,R0lGODlhAQABAAAAACH5BAEKAAEALAAAAAABAAEAAAICTAEAOw==\" data-src=\"https:\/\/satchel.eu\/lt\/wp-content\/themes\/satchel\/public\/img\/sleu-kit-icons-y-worldwide.svg?v=2.5\" alt>\r\n                      <p class=\"mb-0 text-center cards-slide__item-text\">Pinig\u0173 i\u0161gryninimas bankomatuose visame pasaulyje<\/p>\r\n                    <\/div>\r\n                    <div class=\"cards-slide__item text-center w-50 mb-20\"><img decoding=\"async\" class=\"lazyload mb-10\" src=\"data:image\/gif;base64,R0lGODlhAQABAAAAACH5BAEKAAEALAAAAAABAAEAAAICTAEAOw==\" data-src=\"https:\/\/satchel.eu\/lt\/wp-content\/themes\/satchel\/public\/img\/sleu-kit-icons-y-contactless.svg?v=2.5\" alt>\r\n                      <p class=\"mb-0 text-center cards-slide__item-text\">Bekontakt\u0117<\/p>\r\n                    <\/div>\r\n                    <div class=\"cards-slide__item text-center w-50 mb-20\"><img decoding=\"async\" class=\"lazyload mb-10\" src=\"data:image\/gif;base64,R0lGODlhAQABAAAAACH5BAEKAAEALAAAAAABAAEAAAICTAEAOw==\" data-src=\"https:\/\/satchel.eu\/lt\/wp-content\/themes\/satchel\/public\/img\/sleu-kit-icons-y-shield2.svg?v=2.5\" alt>\r\n                      <p class=\"mb-0 text-center cards-slide__item-text\">\u201e3D Secure\u201c apsauga<\/p>\r\n                    <\/div>\r\n                  <\/div><a class=\"btn btn-primary w-100 mt-auto\" href=\"https:\/\/satchel.eu\/lt\/\">U\u017esakyti kortel\u0119<\/a>\r\n                <\/div>\r\n                <p class=\"px-30 mb-0 mt-25 text-center p-md text-gray6 js-cards-slide-equalHeights\">Geriausia kortel\u0117 j\u016bs\u0173 kasdieniams atsiskaitymams<\/p>\r\n              <\/li>\r\n              <li>\r\n                <div class=\"cards-slide\">\r\n                  <div class=\"cards-slide__label\">Virtualioji<\/div>\r\n                  <div class=\"cards-slide__image mb-30\"><img decoding=\"async\" class=\"lazyload\" src=\"data:image\/gif;base64,R0lGODlhAQABAAAAACH5BAEKAAEALAAAAAABAAEAAAICTAEAOw==\" data-src=\"https:\/\/satchel.eu\/lt\/wp-content\/themes\/satchel\/public\/img\/cards-slide1@2x.png\" width=\"298\" alt><\/div>\r\n                  <div class=\"cards-slide__items d-flex flex-wrap\">\r\n                    <div class=\"cards-slide__item text-center w-50 mb-20 js-cards-slide-item-equalHeights\"><img decoding=\"async\" class=\"lazyload mb-10\" src=\"data:image\/gif;base64,R0lGODlhAQABAAAAACH5BAEKAAEALAAAAAABAAEAAAICTAEAOw==\" data-src=\"https:\/\/satchel.eu\/lt\/wp-content\/themes\/satchel\/public\/img\/sleu-kit-icons-y-shopping.svg?v=2.5\" alt>\r\n                      <p class=\"mb-0 text-center cards-slide__item-text\">Paprasta pirkti internetu<\/p>\r\n                    <\/div>\r\n                    <div class=\"cards-slide__item text-center w-50 mb-20 js-cards-slide-item-equalHeights\"><img decoding=\"async\" class=\"lazyload mb-10\" src=\"data:image\/gif;base64,R0lGODlhAQABAAAAACH5BAEKAAEALAAAAAABAAEAAAICTAEAOw==\" data-src=\"https:\/\/satchel.eu\/lt\/wp-content\/themes\/satchel\/public\/img\/sleu-kit-icons-y-ready-done-compliance.svg?v=2.5\" alt>\r\n                      <p class=\"mb-0 text-center cards-slide__item-text\">Sustiprinta apsauga nuo suk\u010di\u0173<\/p>\r\n                    <\/div>\r\n                    <div class=\"cards-slide__item text-center w-50 mb-20\"><img decoding=\"async\" class=\"lazyload mb-10\" src=\"data:image\/gif;base64,R0lGODlhAQABAAAAACH5BAEKAAEALAAAAAABAAEAAAICTAEAOw==\" data-src=\"https:\/\/satchel.eu\/lt\/wp-content\/themes\/satchel\/public\/img\/sleu-kit-icons-y-shield2.svg?v=2.5\" alt>\r\n                      <p class=\"mb-0 text-center cards-slide__item-text\">\u201e3D Secure\u201c apsauga<\/p>\r\n                    <\/div>\r\n                    <div class=\"cards-slide__item text-center w-50 mb-20\"><img decoding=\"async\" class=\"lazyload mb-10\" src=\"data:image\/gif;base64,R0lGODlhAQABAAAAACH5BAEKAAEALAAAAAABAAEAAAICTAEAOw==\" data-src=\"https:\/\/satchel.eu\/lt\/wp-content\/themes\/satchel\/public\/img\/sleu-kit-icons-y-fast-speed-2.svg?v=2.5\" alt>\r\n                      <p class=\"mb-0 text-center cards-slide__item-text\">Pristatoma per kelias minutes<\/p>\r\n                    <\/div>\r\n                  <\/div><a class=\"btn btn-primary w-100 mt-auto\" href=\"https:\/\/satchel.eu\/lt\/\">U\u017esakyti kortel\u0119<\/a>\r\n                <\/div>\r\n                <p class=\"px-30 mb-0 mt-25 text-center p-md text-gray6 js-cards-slide-equalHeights\">Kortel\u0117 saugiam apsipirkimui internetu<\/p>\r\n              <\/li>\r\n            <\/ul>\r\n          <\/div>\r\n        <\/div>\r\n      <\/div>\r\n    <\/div>\r\n    <div class=\"row\">\r\n      <div class=\"col-md-10 mx-auto\">\r\n        <div class=\"cards-slider__scrollbar\">\r\n          <div class=\"cards-slider__handle\"><\/div>\r\n        <\/div>\r\n      <\/div>\r\n    <\/div>\r\n  <\/div>\r\n\r\n<\/section>","protected":false},"excerpt":{"rendered":"TEIKIA \u201eMASTERCARD\u201c J\u016bs\u0173 galimyb\u0117s naudotis \u201eSatchel\u201c privilegijomis Naudokit\u0117s auk\u0161\u010diausios klas\u0117s gyvenimo b\u016bdo ir kelioni\u0173 pasi\u016blymais, taikomais i\u0161skirtinai \u201eSatchel\u201c korteli\u0173 naudotojams. -15% nuolaida YOOX.com Pirmaujanti pasaulyje mados ir buities preki\u0173 parduotuv\u0117. YOOX yra prabangi\u0173&hellip; Galioja iki 2022 m. gruod\u017eio 31 d. -15% nuolaida IWOOT Internetin\u0117 dovan\u0173 parduotuv\u0117, kurios specializacija \u2013 \u012fmantri\u0173 dovan\u0173 ir smulkmen\u0173,&hellip; Galioja iki&#8230;","protected":false},"author":5,"featured_media":0,"parent":0,"menu_order":0,"comment_status":"closed","ping_status":"closed","template":"","meta":{"_acf_changed":false,"footnotes":""},"class_list":["post-792","page","type-page","status-publish","hentry"],"acf":[],"yoast_head":"<!-- This site is optimized with the Yoast SEO plugin v22.0 - https:\/\/yoast.com\/wordpress\/plugins\/seo\/ -->\n<title>\u201eMastercard\u201c pasi\u016blymai | \u201eSatchel\u201c<\/title>\n<meta name=\"description\" content=\"Naudokit\u0117s auk\u0161\u010diausios klas\u0117s gyvenimo b\u016bdo ir kelioni\u0173 pasi\u016blymais, taikomais i\u0161skirtinai \u201eSatchel\u201c korteli\u0173 tur\u0117tojams.\" \/>\n<meta name=\"robots\" content=\"index, follow, max-snippet:-1, max-image-preview:large, max-video-preview:-1\" \/>\n<link rel=\"canonical\" href=\"https:\/\/satchel.eu\/lt\/mastercard-benefits\/\" \/>\n<meta property=\"og:locale\" content=\"lt_LT\" \/>\n<meta property=\"og:type\" content=\"article\" \/>\n<meta property=\"og:title\" content=\"\u201eMastercard\u201c pasi\u016blymai | \u201eSatchel\u201c\" \/>\n<meta property=\"og:description\" content=\"Naudokit\u0117s auk\u0161\u010diausios klas\u0117s gyvenimo b\u016bdo ir kelioni\u0173 pasi\u016blymais, taikomais i\u0161skirtinai \u201eSatchel\u201c korteli\u0173 tur\u0117tojams.\" \/>\n<meta property=\"og:url\" content=\"https:\/\/satchel.eu\/lt\/mastercard-benefits\/\" \/>\n<meta property=\"og:site_name\" content=\"\u201eSatchel\u201c\" \/>\n<meta property=\"article:modified_time\" content=\"2025-12-29T13:46:23+00:00\" \/>\n<meta name=\"twitter:card\" content=\"summary_large_image\" \/>\n<script type=\"application\/ld+json\" class=\"yoast-schema-graph\">{\"@context\":\"https:\/\/schema.org\",\"@graph\":[{\"@type\":\"WebPage\",\"@id\":\"https:\/\/satchel.eu\/lt\/mastercard-benefits\/\",\"url\":\"https:\/\/satchel.eu\/lt\/mastercard-benefits\/\",\"name\":\"\u201eMastercard\u201c pasi\u016blymai | \u201eSatchel\u201c\",\"isPartOf\":{\"@id\":\"https:\/\/satchel.eu\/lt\/#website\"},\"datePublished\":\"2021-03-26T14:17:48+00:00\",\"dateModified\":\"2025-12-29T13:46:23+00:00\",\"description\":\"Naudokit\u0117s auk\u0161\u010diausios klas\u0117s gyvenimo b\u016bdo ir kelioni\u0173 pasi\u016blymais, taikomais i\u0161skirtinai \u201eSatchel\u201c korteli\u0173 tur\u0117tojams.\",\"breadcrumb\":{\"@id\":\"https:\/\/satchel.eu\/lt\/mastercard-benefits\/#breadcrumb\"},\"inLanguage\":\"lt-LT\",\"potentialAction\":[{\"@type\":\"ReadAction\",\"target\":[\"https:\/\/satchel.eu\/lt\/mastercard-benefits\/\"]}]},{\"@type\":\"BreadcrumbList\",\"@id\":\"https:\/\/satchel.eu\/lt\/mastercard-benefits\/#breadcrumb\",\"itemListElement\":[{\"@type\":\"ListItem\",\"position\":1,\"name\":\"Satchel\",\"item\":\"https:\/\/satchel.eu\/lt\/\"},{\"@type\":\"ListItem\",\"position\":2,\"name\":\"\u201eMastercard\u201c privalumai\"}]},{\"@type\":\"WebSite\",\"@id\":\"https:\/\/satchel.eu\/lt\/#website\",\"url\":\"https:\/\/satchel.eu\/lt\/\",\"name\":\"\u201eSatchel\u201c\",\"description\":\"J\u016bs\u0173 pinig\u0173 valdymo sprendimas\",\"publisher\":{\"@id\":\"https:\/\/satchel.eu\/lt\/#organization\"},\"potentialAction\":[{\"@type\":\"SearchAction\",\"target\":{\"@type\":\"EntryPoint\",\"urlTemplate\":\"https:\/\/satchel.eu\/lt\/?s={search_term_string}\"},\"query-input\":\"required name=search_term_string\"}],\"inLanguage\":\"lt-LT\"},{\"@type\":\"Organization\",\"@id\":\"https:\/\/satchel.eu\/lt\/#organization\",\"name\":\"Satchel\",\"url\":\"https:\/\/satchel.eu\/lt\/\",\"logo\":{\"@type\":\"ImageObject\",\"inLanguage\":\"lt-LT\",\"@id\":\"https:\/\/satchel.eu\/lt\/#\/schema\/logo\/image\/\",\"url\":\"https:\/\/satchel.eu\/lt\/wp-content\/uploads\/sites\/2\/2021\/05\/logo-black.jpg\",\"contentUrl\":\"https:\/\/satchel.eu\/lt\/wp-content\/uploads\/sites\/2\/2021\/05\/logo-black.jpg\",\"width\":135,\"height\":32,\"caption\":\"Satchel\"},\"image\":{\"@id\":\"https:\/\/satchel.eu\/lt\/#\/schema\/logo\/image\/\"}}]}<\/script>\n<!-- \/ Yoast SEO plugin. -->","yoast_head_json":{"title":"\u201eMastercard\u201c pasi\u016blymai | \u201eSatchel\u201c","description":"Naudokit\u0117s auk\u0161\u010diausios klas\u0117s gyvenimo b\u016bdo ir kelioni\u0173 pasi\u016blymais, taikomais i\u0161skirtinai \u201eSatchel\u201c korteli\u0173 tur\u0117tojams.","robots":{"index":"index","follow":"follow","max-snippet":"max-snippet:-1","max-image-preview":"max-image-preview:large","max-video-preview":"max-video-preview:-1"},"canonical":"https:\/\/satchel.eu\/lt\/mastercard-benefits\/","og_locale":"lt_LT","og_type":"article","og_title":"\u201eMastercard\u201c pasi\u016blymai | \u201eSatchel\u201c","og_description":"Naudokit\u0117s auk\u0161\u010diausios klas\u0117s gyvenimo b\u016bdo ir kelioni\u0173 pasi\u016blymais, taikomais i\u0161skirtinai \u201eSatchel\u201c korteli\u0173 tur\u0117tojams.","og_url":"https:\/\/satchel.eu\/lt\/mastercard-benefits\/","og_site_name":"\u201eSatchel\u201c","article_modified_time":"2025-12-29T13:46:23+00:00","twitter_card":"summary_large_image","schema":{"@context":"https:\/\/schema.org","@graph":[{"@type":"WebPage","@id":"https:\/\/satchel.eu\/lt\/mastercard-benefits\/","url":"https:\/\/satchel.eu\/lt\/mastercard-benefits\/","name":"\u201eMastercard\u201c pasi\u016blymai | \u201eSatchel\u201c","isPartOf":{"@id":"https:\/\/satchel.eu\/lt\/#website"},"datePublished":"2021-03-26T14:17:48+00:00","dateModified":"2025-12-29T13:46:23+00:00","description":"Naudokit\u0117s auk\u0161\u010diausios klas\u0117s gyvenimo b\u016bdo ir kelioni\u0173 pasi\u016blymais, taikomais i\u0161skirtinai \u201eSatchel\u201c korteli\u0173 tur\u0117tojams.","breadcrumb":{"@id":"https:\/\/satchel.eu\/lt\/mastercard-benefits\/#breadcrumb"},"inLanguage":"lt-LT","potentialAction":[{"@type":"ReadAction","target":["https:\/\/satchel.eu\/lt\/mastercard-benefits\/"]}]},{"@type":"BreadcrumbList","@id":"https:\/\/satchel.eu\/lt\/mastercard-benefits\/#breadcrumb","itemListElement":[{"@type":"ListItem","position":1,"name":"Satchel","item":"https:\/\/satchel.eu\/lt\/"},{"@type":"ListItem","position":2,"name":"\u201eMastercard\u201c privalumai"}]},{"@type":"WebSite","@id":"https:\/\/satchel.eu\/lt\/#website","url":"https:\/\/satchel.eu\/lt\/","name":"\u201eSatchel\u201c","description":"J\u016bs\u0173 pinig\u0173 valdymo sprendimas","publisher":{"@id":"https:\/\/satchel.eu\/lt\/#organization"},"potentialAction":[{"@type":"SearchAction","target":{"@type":"EntryPoint","urlTemplate":"https:\/\/satchel.eu\/lt\/?s={search_term_string}"},"query-input":"required name=search_term_string"}],"inLanguage":"lt-LT"},{"@type":"Organization","@id":"https:\/\/satchel.eu\/lt\/#organization","name":"Satchel","url":"https:\/\/satchel.eu\/lt\/","logo":{"@type":"ImageObject","inLanguage":"lt-LT","@id":"https:\/\/satchel.eu\/lt\/#\/schema\/logo\/image\/","url":"https:\/\/satchel.eu\/lt\/wp-content\/uploads\/sites\/2\/2021\/05\/logo-black.jpg","contentUrl":"https:\/\/satchel.eu\/lt\/wp-content\/uploads\/sites\/2\/2021\/05\/logo-black.jpg","width":135,"height":32,"caption":"Satchel"},"image":{"@id":"https:\/\/satchel.eu\/lt\/#\/schema\/logo\/image\/"}}]}},"_links":{"self":[{"href":"https:\/\/satchel.eu\/lt\/wp-json\/wp\/v2\/pages\/792","targetHints":{"allow":["GET"]}}],"collection":[{"href":"https:\/\/satchel.eu\/lt\/wp-json\/wp\/v2\/pages"}],"about":[{"href":"https:\/\/satchel.eu\/lt\/wp-json\/wp\/v2\/types\/page"}],"author":[{"embeddable":true,"href":"https:\/\/satchel.eu\/lt\/wp-json\/wp\/v2\/users\/5"}],"replies":[{"embeddable":true,"href":"https:\/\/satchel.eu\/lt\/wp-json\/wp\/v2\/comments?post=792"}],"version-history":[{"count":13,"href":"https:\/\/satchel.eu\/lt\/wp-json\/wp\/v2\/pages\/792\/revisions"}],"predecessor-version":[{"id":4108,"href":"https:\/\/satchel.eu\/lt\/wp-json\/wp\/v2\/pages\/792\/revisions\/4108"}],"wp:attachment":[{"href":"https:\/\/satchel.eu\/lt\/wp-json\/wp\/v2\/media?parent=792"}],"curies":[{"name":"wp","href":"https:\/\/api.w.org\/{rel}","templated":true}]}}