{"id":796,"date":"2021-03-26T16:55:00","date_gmt":"2021-03-26T14:55:00","guid":{"rendered":"https:\/\/satchel.eu\/?page_id=796"},"modified":"2026-04-28T16:16:05","modified_gmt":"2026-04-28T13:16:05","slug":"yoox","status":"publish","type":"page","link":"https:\/\/satchel.eu\/lt\/mastercard-privalumai\/yoox\/","title":{"rendered":"YOOX.com"},"content":{"rendered":"<section class=\"section\">\r\n  <div class=\"container\">\r\n    <div class=\"row\">\r\n      <div class=\"col-lg-9 offset-lg-3\">\r\n        <div class=\"mb-35\"><a class=\"btn btn-link btn-link--back\" href=\"https:\/\/satchel.eu\/lt\/mastercard-privalumai\/\"><svg xmlns=\"http:\/\/www.w3.org\/2000\/svg\" width=\"16\" height=\"16\" viewBox=\"0 0 16 16\"> <g fill=\"none\" fill-rule=\"evenodd\"> <g> <g> <g> <g> <g> <path d=\"M0 0H16V16H0z\" transform=\"translate(-276 -203) translate(275.5 191) translate(0 11) translate(.5 1) matrix(-1 0 0 1 16 0)\"\/> <path fill=\"#212121\" fill-rule=\"nonzero\" d=\"M14.96 8.19c.05-.12.05-.26 0-.38-.03-.06-.06-.12-.11-.16l-4-4c-.2-.2-.51-.2-.71 0-.2.2-.2.51 0 .71l3.15 3.15H1.5C1.22 7.5 1 7.72 1 8s.22.5.5.5h11.79l-3.15 3.15c-.2.2-.2.51 0 .71.1.1.23.15.35.15.12 0 .26-.05.35-.15l4-4c.06-.05.1-.11.12-.17z\" transform=\"translate(-276 -203) translate(275.5 191) translate(0 11) translate(.5 1) matrix(-1 0 0 1 16 0)\"\/> <\/g> <\/g> <\/g> <\/g> <\/g> <\/g><\/svg> Gr\u012f\u017eti<\/a><\/div>\r\n        <h1 class=\"mb-15\">YOOX.com<\/h1>\r\n        <p class=\"mb-25\">Pirmaujanti pasaulyje mados ir buities preki\u0173 parduotuv\u0117. YOOX yra prabangi\u0173 ir i\u0161skirtini\u0173 drabu\u017ei\u0173 bei aksesuar\u0173 parduotuv\u0117.<\/p>\r\n        <div class=\"bg-green3 p-16 border-radius6 mb-25\">\r\n          <p class=\"mb-0 text-green2\">15 % nuolaida (n\u0117ra minimalios pirkimo sumos). Pasi\u016blymu galima pasinaudoti iki penki\u0173 kart\u0173 ir jis taikomas u\u017esakymams internetu visame pasaulyje (i\u0161skyrus Rusij\u0105 ir Azijos Ramiojo vandenyno region\u0105).<\/p>\r\n        <\/div>\r\n        <p class=\"mb-55\">Apsilankykite svetain\u0117je <a href=\"https:\/\/www.yoox.com\/de\/project\/comktg19?tp=453534\" target=\"_blank\" rel=\"noopener nofollow\">YOOX.com<\/a> ir \u012fra\u0161ykite savo el. pa\u0161t\u0105, kad gautum\u0117te nuolaidos kod\u0105.<\/p>\r\n        <div class=\"d-flex justify-content-sm-between align-items-sm-center flex-sm-row flex-column align-items-start\"><a class=\"btn btn-primary mb-15 mb-sm-0\" href=\"https:\/\/www.yoox.com\/de\/project\/comktg19?tp=453534\" target=\"_blank\" rel=\"noopener nofollow\">Apsilankyti YOOX.com<\/a>\r\n          <div class=\"d-flex align-items-center\"><svg xmlns=\"http:\/\/www.w3.org\/2000\/svg\" width=\"17\" height=\"16\" viewBox=\"0 0 17 16\"> <g fill=\"none\" fill-rule=\"evenodd\"> <g> <g> <g> <g> <path d=\"M0 0L16 0 16 16 0 16z\" transform=\"translate(-740 -645) translate(740 633) translate(0 11) translate(.5 1)\"\/> <path fill=\"#212121\" fill-rule=\"nonzero\" d=\"M8 1C4.1 1 1 4.1 1 8s3.1 7 7 7 7-3.1 7-7-3.1-7-7-7zm0 13c-3.3 0-6-2.7-6-6s2.7-6 6-6 6 2.7 6 6-2.7 6-6 6z\" transform=\"translate(-740 -645) translate(740 633) translate(0 11) translate(.5 1)\"\/> <path fill=\"#212121\" fill-rule=\"nonzero\" d=\"M8 12c-.3 0-.5-.2-.5-.5v-4c0-.3.2-.5.5-.5s.5.2.5.5v4c0 .3-.2.5-.5.5zM8.566 4.634c.312.313.312.82 0 1.132-.313.312-.82.312-1.132 0-.312-.313-.312-.82 0-1.132.313-.312.82-.312 1.132 0\" transform=\"translate(-740 -645) translate(740 633) translate(0 11) translate(.5 1)\"\/> <\/g> <\/g> <\/g> <\/g> <\/g><\/svg>\r\n            <p class=\"mb-0 p-md2 font-weight-semibold ml-5\">Galioja iki 2022 m. gruod\u017eio 31 d.<\/p>\r\n          <\/div>\r\n        <\/div>\r\n      <\/div>\r\n    <\/div>\r\n  <\/div>\r\n<\/section>","protected":false},"excerpt":{"rendered":"Gr\u012f\u017eti YOOX.com Pirmaujanti pasaulyje mados ir buities preki\u0173 parduotuv\u0117. YOOX yra prabangi\u0173 ir i\u0161skirtini\u0173 drabu\u017ei\u0173 bei aksesuar\u0173 parduotuv\u0117. 15 % nuolaida (n\u0117ra minimalios pirkimo sumos). Pasi\u016blymu galima pasinaudoti iki penki\u0173 kart\u0173 ir jis taikomas u\u017esakymams internetu visame pasaulyje (i\u0161skyrus Rusij\u0105 ir Azijos Ramiojo vandenyno region\u0105). Apsilankykite svetain\u0117je YOOX.com ir \u012fra\u0161ykite savo el. pa\u0161t\u0105, kad gautum\u0117te&#8230;","protected":false},"author":5,"featured_media":0,"parent":792,"menu_order":0,"comment_status":"closed","ping_status":"closed","template":"","meta":{"_acf_changed":false,"footnotes":""},"class_list":["post-796","page","type-page","status-publish","hentry"],"acf":[],"yoast_head":"<!-- This site is optimized with the Yoast SEO plugin v22.0 - https:\/\/yoast.com\/wordpress\/plugins\/seo\/ -->\n<title>Satchel korteli\u0173 tur\u0117tojai su YOOX.com gauna daugiau.<\/title>\n<meta name=\"description\" content=\"YOOX.com suteikia i\u0161skirtinius pasi\u016blymus Satchel korteli\u0173 tur\u0117tojams.\" \/>\n<meta name=\"robots\" content=\"index, follow, max-snippet:-1, max-image-preview:large, max-video-preview:-1\" \/>\n<link rel=\"canonical\" href=\"https:\/\/satchel.eu\/lt\/mastercard-privalumai\/yoox\/\" \/>\n<meta property=\"og:locale\" content=\"lt_LT\" \/>\n<meta property=\"og:type\" content=\"article\" \/>\n<meta property=\"og:title\" content=\"Satchel korteli\u0173 tur\u0117tojai su YOOX.com gauna daugiau.\" \/>\n<meta property=\"og:description\" content=\"YOOX.com suteikia i\u0161skirtinius pasi\u016blymus Satchel korteli\u0173 tur\u0117tojams.\" \/>\n<meta property=\"og:url\" content=\"https:\/\/satchel.eu\/lt\/mastercard-privalumai\/yoox\/\" \/>\n<meta property=\"og:site_name\" content=\"\u201eSatchel\u201c\" \/>\n<meta property=\"article:modified_time\" content=\"2026-04-28T13:16:05+00:00\" \/>\n<meta name=\"twitter:card\" content=\"summary_large_image\" \/>\n<script type=\"application\/ld+json\" class=\"yoast-schema-graph\">{\"@context\":\"https:\/\/schema.org\",\"@graph\":[{\"@type\":\"WebPage\",\"@id\":\"https:\/\/satchel.eu\/lt\/mastercard-privalumai\/yoox\/\",\"url\":\"https:\/\/satchel.eu\/lt\/mastercard-privalumai\/yoox\/\",\"name\":\"Satchel korteli\u0173 tur\u0117tojai su YOOX.com gauna daugiau.\",\"isPartOf\":{\"@id\":\"https:\/\/satchel.eu\/lt\/#website\"},\"datePublished\":\"2021-03-26T14:55:00+00:00\",\"dateModified\":\"2026-04-28T13:16:05+00:00\",\"description\":\"YOOX.com suteikia i\u0161skirtinius pasi\u016blymus Satchel korteli\u0173 tur\u0117tojams.\",\"breadcrumb\":{\"@id\":\"https:\/\/satchel.eu\/lt\/mastercard-privalumai\/yoox\/#breadcrumb\"},\"inLanguage\":\"lt-LT\",\"potentialAction\":[{\"@type\":\"ReadAction\",\"target\":[\"https:\/\/satchel.eu\/lt\/mastercard-privalumai\/yoox\/\"]}]},{\"@type\":\"BreadcrumbList\",\"@id\":\"https:\/\/satchel.eu\/lt\/mastercard-privalumai\/yoox\/#breadcrumb\",\"itemListElement\":[{\"@type\":\"ListItem\",\"position\":1,\"name\":\"Satchel\",\"item\":\"https:\/\/satchel.eu\/lt\/\"},{\"@type\":\"ListItem\",\"position\":2,\"name\":\"\u201eMastercard\u201c privalumai\",\"item\":\"https:\/\/satchel.eu\/lt\/mastercard-privalumai\/\"},{\"@type\":\"ListItem\",\"position\":3,\"name\":\"YOOX.com\"}]},{\"@type\":\"WebSite\",\"@id\":\"https:\/\/satchel.eu\/lt\/#website\",\"url\":\"https:\/\/satchel.eu\/lt\/\",\"name\":\"\u201eSatchel\u201c\",\"description\":\"J\u016bs\u0173 pinig\u0173 valdymo sprendimas\",\"publisher\":{\"@id\":\"https:\/\/satchel.eu\/lt\/#organization\"},\"potentialAction\":[{\"@type\":\"SearchAction\",\"target\":{\"@type\":\"EntryPoint\",\"urlTemplate\":\"https:\/\/satchel.eu\/lt\/?s={search_term_string}\"},\"query-input\":\"required name=search_term_string\"}],\"inLanguage\":\"lt-LT\"},{\"@type\":\"Organization\",\"@id\":\"https:\/\/satchel.eu\/lt\/#organization\",\"name\":\"Satchel\",\"url\":\"https:\/\/satchel.eu\/lt\/\",\"logo\":{\"@type\":\"ImageObject\",\"inLanguage\":\"lt-LT\",\"@id\":\"https:\/\/satchel.eu\/lt\/#\/schema\/logo\/image\/\",\"url\":\"https:\/\/satchel.eu\/lt\/wp-content\/uploads\/sites\/2\/2021\/05\/logo-black.jpg\",\"contentUrl\":\"https:\/\/satchel.eu\/lt\/wp-content\/uploads\/sites\/2\/2021\/05\/logo-black.jpg\",\"width\":135,\"height\":32,\"caption\":\"Satchel\"},\"image\":{\"@id\":\"https:\/\/satchel.eu\/lt\/#\/schema\/logo\/image\/\"}}]}<\/script>\n<!-- \/ Yoast SEO plugin. -->","yoast_head_json":{"title":"Satchel korteli\u0173 tur\u0117tojai su YOOX.com gauna daugiau.","description":"YOOX.com suteikia i\u0161skirtinius pasi\u016blymus Satchel korteli\u0173 tur\u0117tojams.","robots":{"index":"index","follow":"follow","max-snippet":"max-snippet:-1","max-image-preview":"max-image-preview:large","max-video-preview":"max-video-preview:-1"},"canonical":"https:\/\/satchel.eu\/lt\/mastercard-privalumai\/yoox\/","og_locale":"lt_LT","og_type":"article","og_title":"Satchel korteli\u0173 tur\u0117tojai su YOOX.com gauna daugiau.","og_description":"YOOX.com suteikia i\u0161skirtinius pasi\u016blymus Satchel korteli\u0173 tur\u0117tojams.","og_url":"https:\/\/satchel.eu\/lt\/mastercard-privalumai\/yoox\/","og_site_name":"\u201eSatchel\u201c","article_modified_time":"2026-04-28T13:16:05+00:00","twitter_card":"summary_large_image","schema":{"@context":"https:\/\/schema.org","@graph":[{"@type":"WebPage","@id":"https:\/\/satchel.eu\/lt\/mastercard-privalumai\/yoox\/","url":"https:\/\/satchel.eu\/lt\/mastercard-privalumai\/yoox\/","name":"Satchel korteli\u0173 tur\u0117tojai su YOOX.com gauna daugiau.","isPartOf":{"@id":"https:\/\/satchel.eu\/lt\/#website"},"datePublished":"2021-03-26T14:55:00+00:00","dateModified":"2026-04-28T13:16:05+00:00","description":"YOOX.com suteikia i\u0161skirtinius pasi\u016blymus Satchel korteli\u0173 tur\u0117tojams.","breadcrumb":{"@id":"https:\/\/satchel.eu\/lt\/mastercard-privalumai\/yoox\/#breadcrumb"},"inLanguage":"lt-LT","potentialAction":[{"@type":"ReadAction","target":["https:\/\/satchel.eu\/lt\/mastercard-privalumai\/yoox\/"]}]},{"@type":"BreadcrumbList","@id":"https:\/\/satchel.eu\/lt\/mastercard-privalumai\/yoox\/#breadcrumb","itemListElement":[{"@type":"ListItem","position":1,"name":"Satchel","item":"https:\/\/satchel.eu\/lt\/"},{"@type":"ListItem","position":2,"name":"\u201eMastercard\u201c privalumai","item":"https:\/\/satchel.eu\/lt\/mastercard-privalumai\/"},{"@type":"ListItem","position":3,"name":"YOOX.com"}]},{"@type":"WebSite","@id":"https:\/\/satchel.eu\/lt\/#website","url":"https:\/\/satchel.eu\/lt\/","name":"\u201eSatchel\u201c","description":"J\u016bs\u0173 pinig\u0173 valdymo sprendimas","publisher":{"@id":"https:\/\/satchel.eu\/lt\/#organization"},"potentialAction":[{"@type":"SearchAction","target":{"@type":"EntryPoint","urlTemplate":"https:\/\/satchel.eu\/lt\/?s={search_term_string}"},"query-input":"required name=search_term_string"}],"inLanguage":"lt-LT"},{"@type":"Organization","@id":"https:\/\/satchel.eu\/lt\/#organization","name":"Satchel","url":"https:\/\/satchel.eu\/lt\/","logo":{"@type":"ImageObject","inLanguage":"lt-LT","@id":"https:\/\/satchel.eu\/lt\/#\/schema\/logo\/image\/","url":"https:\/\/satchel.eu\/lt\/wp-content\/uploads\/sites\/2\/2021\/05\/logo-black.jpg","contentUrl":"https:\/\/satchel.eu\/lt\/wp-content\/uploads\/sites\/2\/2021\/05\/logo-black.jpg","width":135,"height":32,"caption":"Satchel"},"image":{"@id":"https:\/\/satchel.eu\/lt\/#\/schema\/logo\/image\/"}}]}},"_links":{"self":[{"href":"https:\/\/satchel.eu\/lt\/wp-json\/wp\/v2\/pages\/796","targetHints":{"allow":["GET"]}}],"collection":[{"href":"https:\/\/satchel.eu\/lt\/wp-json\/wp\/v2\/pages"}],"about":[{"href":"https:\/\/satchel.eu\/lt\/wp-json\/wp\/v2\/types\/page"}],"author":[{"embeddable":true,"href":"https:\/\/satchel.eu\/lt\/wp-json\/wp\/v2\/users\/5"}],"replies":[{"embeddable":true,"href":"https:\/\/satchel.eu\/lt\/wp-json\/wp\/v2\/comments?post=796"}],"version-history":[{"count":8,"href":"https:\/\/satchel.eu\/lt\/wp-json\/wp\/v2\/pages\/796\/revisions"}],"predecessor-version":[{"id":4346,"href":"https:\/\/satchel.eu\/lt\/wp-json\/wp\/v2\/pages\/796\/revisions\/4346"}],"up":[{"embeddable":true,"href":"https:\/\/satchel.eu\/lt\/wp-json\/wp\/v2\/pages\/792"}],"wp:attachment":[{"href":"https:\/\/satchel.eu\/lt\/wp-json\/wp\/v2\/media?parent=796"}],"curies":[{"name":"wp","href":"https:\/\/api.w.org\/{rel}","templated":true}]}}