{"id":96,"date":"2021-03-02T19:55:13","date_gmt":"2021-03-02T17:55:13","guid":{"rendered":"https:\/\/satchel.eu\/?page_id=96"},"modified":"2026-02-19T11:21:10","modified_gmt":"2026-02-19T09:21:10","slug":"satchel-app","status":"publish","type":"page","link":"https:\/\/satchel.eu\/lt\/satchel-app\/","title":{"rendered":"\u201eSatchel\u201c mobilioji program\u0117l\u0117"},"content":{"rendered":"<section class=\"section\">\r\n  <div class=\"container\">\r\n    <div class=\"row align-items-center\">\r\n      <div class=\"col-md-9 col-lg-7 offset-lg-1 mb-md-0 mb-30\">\r\n        <h1 class=\"mb-15\">Tvarkykite savo s\u0105skait\u0105 bet kur<\/h1>\r\n        <p>Intuityvi program\u0117l\u0117, kuria naudodamiesi gal\u0117site atlikti operacijas, papildyti kortel\u0119, keisti valiut\u0105 ir kt.<\/p>\r\n        <div class=\"d-flex align-items-start align-items-sm-center flex-sm-row flex-column\">\r\n          <p class=\"p-md2 mb-15 mb-sm-0 mr-sm-25\">Atsisi\u0173sti i\u0161<\/p>\r\n          <div class=\"d-flex\">\r\n            <a class=\"btn btn-primary btn-primary--appstore mr-25 js-ios-app-satchel-app\" href=\"https:\/\/apps.apple.com\/us\/app\/satchelpay\/id1385513368\" target=\"_blank\" rel=\"noopener\">AppStore<\/a>\r\n            <a class=\"btn btn-primary btn-primary--playmarket js-android-app-satchel-app\" href=\"https:\/\/play.google.com\/store\/apps\/details?id=com.thefintechlab.whitelabelandroid\" target=\"_blank\" rel=\"noopener\">Play Market<\/a>\r\n          <\/div>\r\n        <\/div>\r\n      <\/div>\r\n      <div class=\"col-md-7 col-lg-6 offset-lg-2 text-md-right\">\r\n        <picture>\r\n          <source\r\n            srcset=\"https:\/\/satchel.eu\/lt\/wp-content\/themes\/satchel\/public\/img\/webp\/personal\/mobile-banking-copy2x.webp\"\r\n            type=\"image\/webp\" \/>\r\n          <source\r\n            srcset=\"https:\/\/satchel.eu\/lt\/wp-content\/themes\/satchel\/public\/img\/personal\/mobile-banking-copy2x.png\"\r\n            type=\"image\/png\" \/>\r\n          <img decoding=\"async\"\r\n            src=\"https:\/\/satchel.eu\/lt\/wp-content\/themes\/satchel\/public\/img\/personal\/mobile-banking-copy2x.png\"\r\n            width=\"448\" height=\"448\"\r\n            alt=\"Mobilioji bankininkyst\u0117\" \/>\r\n        <\/picture>\r\n      <\/div>\r\n    <\/div>\r\n  <\/div>\r\n<\/section>\r\n\r\n<section class=\"section\" id=\"section2\">\r\n  <div class=\"container no-grayscale\">\r\n    <div class=\"row\">\r\n      <div class=\"col-lg-13 offset-lg-2\">\r\n        <h2 class=\"mb-40 text-left\">Visos svarbios operacijos po ranka<\/h2>\r\n        <div class=\"row\">\r\n          <div class=\"col fw-100 fw-md-25 mb-40\">\r\n            <div class=\"d-flex align-items-center\">\r\n              <img decoding=\"async\" class=\"lazyload mw-48px mh-48px w-48px h-48px w-md-56px h-md-56px mw-md-56px mh-md-56px mr-16\" data-src=\"https:\/\/satchel.eu\/lt\/wp-content\/themes\/satchel\/public\/img\/sleu-kit-icons-y-fast-speed.svg?v=2.5\" src=\"data:image\/gif;base64,R0lGODlhAQABAAAAACH5BAEKAAEALAAAAAABAAEAAAICTAEAOw==\" alt>\r\n              <p class=\"p-md text-gray mb-0\">Prieiga prie l\u0117\u0161\u0173 bet kuriuo metu<\/p>\r\n            <\/div>\r\n          <\/div>\r\n          <div class=\"col fw-100 fw-md-25 mb-40\">\r\n            <div class=\"d-flex align-items-center\">\r\n              <img decoding=\"async\" class=\"lazyload mw-48px mh-48px w-48px h-48px w-md-56px h-md-56px mw-md-56px mh-md-56px mr-16\" data-src=\"https:\/\/satchel.eu\/lt\/wp-content\/themes\/satchel\/public\/img\/sleu-kit-icons-y-card-payroll.svg?v=2.5\" src=\"data:image\/gif;base64,R0lGODlhAQABAAAAACH5BAEKAAEALAAAAAABAAEAAAICTAEAOw==\" alt>\r\n              <p class=\"p-md text-gray mb-0\">Didelis operacij\u0173 pasirinkimas<\/p>\r\n            <\/div>\r\n          <\/div>\r\n          <div class=\"col fw-100 fw-md-25 mb-40\">\r\n            <div class=\"d-flex align-items-center\">\r\n              <img decoding=\"async\" class=\"lazyload mw-48px mh-48px w-48px h-48px w-md-56px h-md-56px mw-md-56px mh-md-56px mr-16\" data-src=\"https:\/\/satchel.eu\/lt\/wp-content\/themes\/satchel\/public\/img\/sleu-kit-icons-y-whitelabel.svg?v=2.5\" src=\"data:image\/gif;base64,R0lGODlhAQABAAAAACH5BAEKAAEALAAAAAABAAEAAAICTAEAOw==\" alt>\r\n              <p class=\"p-md text-gray mb-0\">Kortel\u0117s valdymas<\/p>\r\n            <\/div>\r\n          <\/div>\r\n          <div class=\"col fw-100 fw-md-25 mb-40\">\r\n            <div class=\"d-flex align-items-center\">\r\n              <img decoding=\"async\" class=\"lazyload mw-48px mh-48px w-48px h-48px w-md-56px h-md-56px mw-md-56px mh-md-56px mr-16\" data-src=\"https:\/\/satchel.eu\/lt\/wp-content\/themes\/satchel\/public\/img\/sleu-kit-icons-y-salary-fund-a-card.svg?v=2.5\" src=\"data:image\/gif;base64,R0lGODlhAQABAAAAACH5BAEKAAEALAAAAAABAAEAAAICTAEAOw==\" alt>\r\n              <p class=\"p-md text-gray mb-0\">Galimyb\u0117 papildyti kortel\u0119<\/p>\r\n            <\/div>\r\n          <\/div>\r\n          <div class=\"col fw-100 fw-md-25 mb-md-0 mb-40\">\r\n            <div class=\"d-flex align-items-center\">\r\n              <img decoding=\"async\" class=\"lazyload mw-48px mh-48px w-48px h-48px w-md-56px h-md-56px mw-md-56px mh-md-56px mr-16\" data-src=\"https:\/\/satchel.eu\/lt\/wp-content\/themes\/satchel\/public\/img\/sleu-kit-icons-y-currency-exchange.svg?v=2.5\" src=\"data:image\/gif;base64,R0lGODlhAQABAAAAACH5BAEKAAEALAAAAAABAAEAAAICTAEAOw==\" alt>\r\n              <p class=\"p-md text-gray mb-0\">Valiutos keitimas<\/p>\r\n            <\/div>\r\n          <\/div>\r\n          <div class=\"col fw-100 fw-md-25 mb-md-0 mb-40\">\r\n            <div class=\"d-flex align-items-center\">\r\n              <img decoding=\"async\" class=\"lazyload mw-48px mh-48px w-48px h-48px w-md-56px h-md-56px mw-md-56px mh-md-56px mr-16\" data-src=\"https:\/\/satchel.eu\/lt\/wp-content\/themes\/satchel\/public\/img\/sleu-kit-icons-y-manage-money.svg?v=2.5\" src=\"data:image\/gif;base64,R0lGODlhAQABAAAAACH5BAEKAAEALAAAAAABAAEAAAICTAEAOw==\" alt>\r\n              <p class=\"p-md text-gray mb-0\">Operacij\u0173 istorijos ap\u017evalga<\/p>\r\n            <\/div>\r\n          <\/div>\r\n          <div class=\"col fw-100 fw-md-25 mb-md-0 mb-40\">\r\n            <div class=\"d-flex align-items-center\">\r\n              <img decoding=\"async\" class=\"lazyload mw-48px mh-48px w-48px h-48px w-md-56px h-md-56px mw-md-56px mh-md-56px mr-16\" data-src=\"https:\/\/satchel.eu\/lt\/wp-content\/themes\/satchel\/public\/img\/sleu-kit-icons-y-support.svg?v=2.5\" src=\"data:image\/gif;base64,R0lGODlhAQABAAAAACH5BAEKAAEALAAAAAABAAEAAAICTAEAOw==\" alt>\r\n              <p class=\"p-md text-gray mb-0\">\u017dmogaus teikiama pagalba klientams<\/p>\r\n            <\/div>\r\n          <\/div>\r\n          <div class=\"col fw-100 fw-md-25\">\r\n            <div class=\"d-flex align-items-center\">\r\n              <img decoding=\"async\" class=\"lazyload mw-48px mh-48px w-48px h-48px w-md-56px h-md-56px mw-md-56px mh-md-56px mr-16\" data-src=\"https:\/\/satchel.eu\/lt\/wp-content\/themes\/satchel\/public\/img\/sleu-kit-icons-y-shield.svg?v=2.5\" src=\"data:image\/gif;base64,R0lGODlhAQABAAAAACH5BAEKAAEALAAAAAABAAEAAAICTAEAOw==\" alt>\r\n              <p class=\"p-md text-gray mb-0\">Saugus ir paprastas prisijungimo procesas<\/p>\r\n            <\/div>\r\n          <\/div>\r\n        <\/div>\r\n      <\/div>\r\n    <\/div>\r\n  <\/div>\r\n<\/section>\r\n\r\n<section class=\"section\">\r\n  <div class=\"container\">\r\n    <h2 class=\"text-center mb-30\">I\u0161maniosios apsaugos funkcijos<\/h2>\r\n\r\n    <div class=\"row\">\r\n      <div class=\"col-lg-14 mx-auto\">\r\n        <div class=\"solutions\">\r\n          <div class=\"row justify-content-center\">\r\n            <div class=\"solutions__item col-sm-8 col-md-4\">\r\n              <div class=\"solution d-flex flex-column h-md-100 solution--transparent\">\r\n                <div class=\"solution__img mb-40\"><img decoding=\"async\" class=\"lazyload\" data-src=\"https:\/\/satchel.eu\/lt\/wp-content\/themes\/satchel\/public\/img\/sleu-kit-icons-y-password.svg?v=2.5\" src=\"data:image\/gif;base64,R0lGODlhAQABAAAAACH5BAEKAAEALAAAAAABAAEAAAICTAEAOw==\" alt><\/div>\r\n                <p class=\"p-md text-gray font-weight-bold text-center solution__title mb-10\">2FA<\/p>\r\n                <p class=\"p-sm text-center solution__text js-equal-heights mt-auto mb-0\">Dviej\u0173 veiksni\u0173 tapatyb\u0117s patvirtinimas apsaugo nuo neteis\u0117tos prieigos prie j\u016bs\u0173 s\u0105skaitos.<\/p>\r\n              <\/div>\r\n            <\/div>\r\n            <div class=\"solutions__item col-sm-8 col-md-4\">\r\n              <div class=\"solution d-flex flex-column h-md-100 solution--transparent\">\r\n                <div class=\"solution__img mb-40\"><img decoding=\"async\" class=\"lazyload\" data-src=\"https:\/\/satchel.eu\/lt\/wp-content\/themes\/satchel\/public\/img\/sleu-kit-icons-y-shield.svg?v=2.5\" src=\"data:image\/gif;base64,R0lGODlhAQABAAAAACH5BAEKAAEALAAAAAABAAEAAAICTAEAOw==\" alt><\/div>\r\n                <p class=\"p-md text-gray font-weight-bold text-center solution__title mb-10\">\u201e3D Secure\u201c apsauga<\/p>\r\n                <p class=\"p-sm text-center solution__text js-equal-heights mt-auto mb-0\">Papildoma mok\u0117jimo internetu ir apsipirkimo apsauga.<\/p>\r\n              <\/div>\r\n            <\/div>\r\n            <div class=\"solutions__item col-sm-8 col-md-4\">\r\n              <div class=\"solution d-flex flex-column h-md-100 solution--transparent\">\r\n                <div class=\"solution__img mb-40\"><img decoding=\"async\" class=\"lazyload\" data-src=\"https:\/\/satchel.eu\/lt\/wp-content\/themes\/satchel\/public\/img\/sleu-kit-icons-y-manage-money.svg?v=2.5\" src=\"data:image\/gif;base64,R0lGODlhAQABAAAAACH5BAEKAAEALAAAAAABAAEAAAICTAEAOw==\" alt><\/div>\r\n                <p class=\"p-md text-gray font-weight-bold text-center solution__title mb-10\">Atskiros s\u0105skaitos<\/p>\r\n                <p class=\"p-sm text-center solution__text js-equal-heights mt-auto mb-0\">J\u016bs\u0173 pinigai saugomi atskiroje Lietuvos banko s\u0105skaitoje.<\/p>\r\n              <\/div>\r\n            <\/div>\r\n          <\/div>\r\n        <\/div>\r\n      <\/div>\r\n    <\/div>\r\n    \r\n    <!--<div class=\"d-flex align-items-center justify-content-center flex-wrap\">\r\n      <p class=\"p-md2 mb-20 mb-sm-0 mr-sm-25 w-sm-auto w-100 text-sm-left text-center\">Download on<\/p><a class=\"btn btn-primary btn-primary--appstore mr-25\" href=\"https:\/\/apps.apple.com\/us\/app\/satchelpay\/id1385513368\" target=\"_blank\" rel=\"noopener\">AppStore<\/a><a class=\"btn btn-primary btn-primary--playmarket\" href=\"https:\/\/play.google.com\/store\/apps\/details?id=com.thefintechlab.whitelabelandroid\" target=\"_blank\" rel=\"noopener\">Play Market<\/a>\r\n    <\/div>-->\r\n    <div class=\"text-center mt-40\"><a class=\"btn btn-primary\" href=\"https:\/\/satchel.eu\/lt\/security\/\">Pla\u010diau apie saugos priemones<\/a><\/div>\r\n  <\/div>\r\n<\/section>","protected":false},"excerpt":{"rendered":"Tvarkykite savo s\u0105skait\u0105 bet kur Intuityvi program\u0117l\u0117, kuria naudodamiesi gal\u0117site atlikti operacijas, papildyti kortel\u0119, keisti valiut\u0105 ir kt. Atsisi\u0173sti i\u0161 AppStore Play Market Visos svarbios operacijos po ranka Prieiga prie l\u0117\u0161\u0173 bet kuriuo metu Didelis operacij\u0173 pasirinkimas Kortel\u0117s valdymas Galimyb\u0117 papildyti kortel\u0119 Valiutos keitimas Operacij\u0173 istorijos ap\u017evalga \u017dmogaus teikiama pagalba klientams Saugus ir paprastas prisijungimo&#8230;","protected":false},"author":5,"featured_media":0,"parent":0,"menu_order":0,"comment_status":"closed","ping_status":"closed","template":"templates\/satchel-app.php","meta":{"_acf_changed":false,"footnotes":""},"class_list":["post-96","page","type-page","status-publish","hentry"],"acf":[],"yoast_head":"<!-- This site is optimized with the Yoast SEO plugin v22.0 - https:\/\/yoast.com\/wordpress\/plugins\/seo\/ -->\n<title>\u201eSatchel\u201c program\u0117l\u0117 - \u201eSatchel\u201c<\/title>\n<meta name=\"description\" content=\"Atsiskaitykite bet kur ir bet kada! \u201eSatchel\u201c mobilioji program\u0117l\u0117 - intuityvi skaitmenin\u0117 priemon\u0117, kuria galite skland\u017eiai atlikti operacijas.\" \/>\n<meta name=\"robots\" content=\"index, follow, max-snippet:-1, max-image-preview:large, max-video-preview:-1\" \/>\n<link rel=\"canonical\" href=\"https:\/\/satchel.eu\/lt\/satchel-app\/\" \/>\n<meta property=\"og:locale\" content=\"lt_LT\" \/>\n<meta property=\"og:type\" content=\"article\" \/>\n<meta property=\"og:title\" content=\"\u201eSatchel\u201c program\u0117l\u0117 - \u201eSatchel\u201c\" \/>\n<meta property=\"og:description\" content=\"Atsiskaitykite bet kur ir bet kada! \u201eSatchel\u201c mobilioji program\u0117l\u0117 - intuityvi skaitmenin\u0117 priemon\u0117, kuria galite skland\u017eiai atlikti operacijas.\" \/>\n<meta property=\"og:url\" content=\"https:\/\/satchel.eu\/lt\/satchel-app\/\" \/>\n<meta property=\"og:site_name\" content=\"\u201eSatchel\u201c\" \/>\n<meta property=\"article:modified_time\" content=\"2026-02-19T09:21:10+00:00\" \/>\n<meta name=\"twitter:card\" content=\"summary_large_image\" \/>\n<script type=\"application\/ld+json\" class=\"yoast-schema-graph\">{\"@context\":\"https:\/\/schema.org\",\"@graph\":[{\"@type\":\"WebPage\",\"@id\":\"https:\/\/satchel.eu\/lt\/satchel-app\/\",\"url\":\"https:\/\/satchel.eu\/lt\/satchel-app\/\",\"name\":\"\u201eSatchel\u201c program\u0117l\u0117 - \u201eSatchel\u201c\",\"isPartOf\":{\"@id\":\"https:\/\/satchel.eu\/lt\/#website\"},\"datePublished\":\"2021-03-02T17:55:13+00:00\",\"dateModified\":\"2026-02-19T09:21:10+00:00\",\"description\":\"Atsiskaitykite bet kur ir bet kada! \u201eSatchel\u201c mobilioji program\u0117l\u0117 - intuityvi skaitmenin\u0117 priemon\u0117, kuria galite skland\u017eiai atlikti operacijas.\",\"breadcrumb\":{\"@id\":\"https:\/\/satchel.eu\/lt\/satchel-app\/#breadcrumb\"},\"inLanguage\":\"lt-LT\",\"potentialAction\":[{\"@type\":\"ReadAction\",\"target\":[\"https:\/\/satchel.eu\/lt\/satchel-app\/\"]}]},{\"@type\":\"BreadcrumbList\",\"@id\":\"https:\/\/satchel.eu\/lt\/satchel-app\/#breadcrumb\",\"itemListElement\":[{\"@type\":\"ListItem\",\"position\":1,\"name\":\"Satchel\",\"item\":\"https:\/\/satchel.eu\/lt\/\"},{\"@type\":\"ListItem\",\"position\":2,\"name\":\"\u201eSatchel\u201c mobilioji program\u0117l\u0117\"}]},{\"@type\":\"WebSite\",\"@id\":\"https:\/\/satchel.eu\/lt\/#website\",\"url\":\"https:\/\/satchel.eu\/lt\/\",\"name\":\"\u201eSatchel\u201c\",\"description\":\"J\u016bs\u0173 pinig\u0173 valdymo sprendimas\",\"publisher\":{\"@id\":\"https:\/\/satchel.eu\/lt\/#organization\"},\"potentialAction\":[{\"@type\":\"SearchAction\",\"target\":{\"@type\":\"EntryPoint\",\"urlTemplate\":\"https:\/\/satchel.eu\/lt\/?s={search_term_string}\"},\"query-input\":\"required name=search_term_string\"}],\"inLanguage\":\"lt-LT\"},{\"@type\":\"Organization\",\"@id\":\"https:\/\/satchel.eu\/lt\/#organization\",\"name\":\"Satchel\",\"url\":\"https:\/\/satchel.eu\/lt\/\",\"logo\":{\"@type\":\"ImageObject\",\"inLanguage\":\"lt-LT\",\"@id\":\"https:\/\/satchel.eu\/lt\/#\/schema\/logo\/image\/\",\"url\":\"https:\/\/satchel.eu\/lt\/wp-content\/uploads\/sites\/2\/2021\/05\/logo-black.jpg\",\"contentUrl\":\"https:\/\/satchel.eu\/lt\/wp-content\/uploads\/sites\/2\/2021\/05\/logo-black.jpg\",\"width\":135,\"height\":32,\"caption\":\"Satchel\"},\"image\":{\"@id\":\"https:\/\/satchel.eu\/lt\/#\/schema\/logo\/image\/\"}}]}<\/script>\n<!-- \/ Yoast SEO plugin. -->","yoast_head_json":{"title":"\u201eSatchel\u201c program\u0117l\u0117 - \u201eSatchel\u201c","description":"Atsiskaitykite bet kur ir bet kada! \u201eSatchel\u201c mobilioji program\u0117l\u0117 - intuityvi skaitmenin\u0117 priemon\u0117, kuria galite skland\u017eiai atlikti operacijas.","robots":{"index":"index","follow":"follow","max-snippet":"max-snippet:-1","max-image-preview":"max-image-preview:large","max-video-preview":"max-video-preview:-1"},"canonical":"https:\/\/satchel.eu\/lt\/satchel-app\/","og_locale":"lt_LT","og_type":"article","og_title":"\u201eSatchel\u201c program\u0117l\u0117 - \u201eSatchel\u201c","og_description":"Atsiskaitykite bet kur ir bet kada! \u201eSatchel\u201c mobilioji program\u0117l\u0117 - intuityvi skaitmenin\u0117 priemon\u0117, kuria galite skland\u017eiai atlikti operacijas.","og_url":"https:\/\/satchel.eu\/lt\/satchel-app\/","og_site_name":"\u201eSatchel\u201c","article_modified_time":"2026-02-19T09:21:10+00:00","twitter_card":"summary_large_image","schema":{"@context":"https:\/\/schema.org","@graph":[{"@type":"WebPage","@id":"https:\/\/satchel.eu\/lt\/satchel-app\/","url":"https:\/\/satchel.eu\/lt\/satchel-app\/","name":"\u201eSatchel\u201c program\u0117l\u0117 - \u201eSatchel\u201c","isPartOf":{"@id":"https:\/\/satchel.eu\/lt\/#website"},"datePublished":"2021-03-02T17:55:13+00:00","dateModified":"2026-02-19T09:21:10+00:00","description":"Atsiskaitykite bet kur ir bet kada! \u201eSatchel\u201c mobilioji program\u0117l\u0117 - intuityvi skaitmenin\u0117 priemon\u0117, kuria galite skland\u017eiai atlikti operacijas.","breadcrumb":{"@id":"https:\/\/satchel.eu\/lt\/satchel-app\/#breadcrumb"},"inLanguage":"lt-LT","potentialAction":[{"@type":"ReadAction","target":["https:\/\/satchel.eu\/lt\/satchel-app\/"]}]},{"@type":"BreadcrumbList","@id":"https:\/\/satchel.eu\/lt\/satchel-app\/#breadcrumb","itemListElement":[{"@type":"ListItem","position":1,"name":"Satchel","item":"https:\/\/satchel.eu\/lt\/"},{"@type":"ListItem","position":2,"name":"\u201eSatchel\u201c mobilioji program\u0117l\u0117"}]},{"@type":"WebSite","@id":"https:\/\/satchel.eu\/lt\/#website","url":"https:\/\/satchel.eu\/lt\/","name":"\u201eSatchel\u201c","description":"J\u016bs\u0173 pinig\u0173 valdymo sprendimas","publisher":{"@id":"https:\/\/satchel.eu\/lt\/#organization"},"potentialAction":[{"@type":"SearchAction","target":{"@type":"EntryPoint","urlTemplate":"https:\/\/satchel.eu\/lt\/?s={search_term_string}"},"query-input":"required name=search_term_string"}],"inLanguage":"lt-LT"},{"@type":"Organization","@id":"https:\/\/satchel.eu\/lt\/#organization","name":"Satchel","url":"https:\/\/satchel.eu\/lt\/","logo":{"@type":"ImageObject","inLanguage":"lt-LT","@id":"https:\/\/satchel.eu\/lt\/#\/schema\/logo\/image\/","url":"https:\/\/satchel.eu\/lt\/wp-content\/uploads\/sites\/2\/2021\/05\/logo-black.jpg","contentUrl":"https:\/\/satchel.eu\/lt\/wp-content\/uploads\/sites\/2\/2021\/05\/logo-black.jpg","width":135,"height":32,"caption":"Satchel"},"image":{"@id":"https:\/\/satchel.eu\/lt\/#\/schema\/logo\/image\/"}}]}},"_links":{"self":[{"href":"https:\/\/satchel.eu\/lt\/wp-json\/wp\/v2\/pages\/96","targetHints":{"allow":["GET"]}}],"collection":[{"href":"https:\/\/satchel.eu\/lt\/wp-json\/wp\/v2\/pages"}],"about":[{"href":"https:\/\/satchel.eu\/lt\/wp-json\/wp\/v2\/types\/page"}],"author":[{"embeddable":true,"href":"https:\/\/satchel.eu\/lt\/wp-json\/wp\/v2\/users\/5"}],"replies":[{"embeddable":true,"href":"https:\/\/satchel.eu\/lt\/wp-json\/wp\/v2\/comments?post=96"}],"version-history":[{"count":12,"href":"https:\/\/satchel.eu\/lt\/wp-json\/wp\/v2\/pages\/96\/revisions"}],"predecessor-version":[{"id":4206,"href":"https:\/\/satchel.eu\/lt\/wp-json\/wp\/v2\/pages\/96\/revisions\/4206"}],"wp:attachment":[{"href":"https:\/\/satchel.eu\/lt\/wp-json\/wp\/v2\/media?parent=96"}],"curies":[{"name":"wp","href":"https:\/\/api.w.org\/{rel}","templated":true}]}}