{"id":99,"date":"2021-03-02T19:57:02","date_gmt":"2021-03-02T17:57:02","guid":{"rendered":"https:\/\/satchel.eu\/?page_id=99"},"modified":"2025-12-29T15:35:46","modified_gmt":"2025-12-29T13:35:46","slug":"faq","status":"publish","type":"page","link":"https:\/\/satchel.eu\/lt\/faq\/","title":{"rendered":"DUK"},"content":{"rendered":"<section class=\"section pt-45 pt-md-70\">\r\n  <div class=\"container\">\r\n    <div class=\"row\">\r\n      <div class=\"col-lg-12 mx-auto\">\r\n        <h1 class=\"mb-20\">Kaip gal\u0117tume jums pad\u0117ti?<\/h1>\r\n        <p class=\"p-md\">Klausimus, kuri\u0173 daugiausia gauna m\u016bs\u0173 klient\u0173 aptarnavimo tarnyba, suskirst\u0117me \u012f \u0161e\u0161ias pagrindines sritis. Kiekvienoje j\u0173 rasite informacijos apie naudojim\u0105si m\u016bs\u0173 paslaugomis ir nurodym\u0173, k\u0105 daryti, kai susiduriate su problemomis, pavyzd\u017eiui, jei pamet\u0117te kortel\u0119 arba pamir\u0161ote slapta\u017eod\u012f.<\/p>\r\n        <div class=\"faq-topics mb-15\">\r\n          \r\n          <a class=\"faq-topic\" href=\"https:\/\/satchel.eu\/lt\/faq\/general-information\">\r\n            <img decoding=\"async\" class=\"lazyload faq-topic__icon\" data-src=\"https:\/\/satchel.eu\/lt\/wp-content\/themes\/satchel\/public\/img\/sleu-kit-icons-y-info.svg?v=2.5\" src=\"data:image\/gif;base64,R0lGODlhAQABAAAAACH5BAEKAAEALAAAAAABAAEAAAICTAEAOw==\" alt>\r\n            <div class=\"faq-topic__text\">Bendroji informacija<\/div>\r\n          <\/a>\r\n\r\n          <a class=\"faq-topic\" href=\"https:\/\/satchel.eu\/lt\/faq\/satchel-current-account\">\r\n            <img decoding=\"async\" class=\"lazyload faq-topic__icon\" data-src=\"https:\/\/satchel.eu\/lt\/wp-content\/themes\/satchel\/public\/img\/sleu-kit-icons-y-personal-account.svg?v=2.5\" src=\"data:image\/gif;base64,R0lGODlhAQABAAAAACH5BAEKAAEALAAAAAABAAEAAAICTAEAOw==\" alt>\r\n            <div class=\"faq-topic__text\">\u201eSatchel\u201c einamoji s\u0105skaita<\/div>\r\n          <\/a>\r\n\r\n          <a class=\"faq-topic\" href=\"https:\/\/satchel.eu\/lt\/faq\/login-and-password\">\r\n            <img decoding=\"async\" class=\"lazyload faq-topic__icon\" data-src=\"https:\/\/satchel.eu\/lt\/wp-content\/themes\/satchel\/public\/img\/sleu-kit-icons-y-password.svg?v=2.5\" src=\"data:image\/gif;base64,R0lGODlhAQABAAAAACH5BAEKAAEALAAAAAABAAEAAAICTAEAOw==\" alt>\r\n            <div class=\"faq-topic__text\">Prisijungimo vardas ir slapta\u017eodis<\/div>\r\n          <\/a>\r\n\r\n          <a class=\"faq-topic\" href=\"https:\/\/satchel.eu\/lt\/faq\/account-statement-transaction-receipt\/\">\r\n            <img decoding=\"async\" class=\"lazyload faq-topic__icon\" data-src=\"https:\/\/satchel.eu\/lt\/wp-content\/themes\/satchel\/public\/img\/faq\/faq-topic-account-statement-transaction-receipt-icon.svg?v=2.5\" src=\"data:image\/gif;base64,R0lGODlhAQABAAAAACH5BAEKAAEALAAAAAABAAEAAAICTAEAOw==\" alt>\r\n            <div class=\"faq-topic__text\">S\u0105skait\u0173 i\u0161ra\u0161ai ir mok\u0117jim\u0173 patvirtinimai<\/div>\r\n          <\/a>\r\n\r\n          <a class=\"faq-topic\" href=\"https:\/\/satchel.eu\/lt\/faq\/sepa-the-ultimate-guide\">\r\n            <img decoding=\"async\" class=\"lazyload faq-topic__icon\" data-src=\"https:\/\/satchel.eu\/lt\/wp-content\/themes\/satchel\/public\/img\/sleu-kit-icons-y-sepa.svg?v=2.5\" src=\"data:image\/gif;base64,R0lGODlhAQABAAAAACH5BAEKAAEALAAAAAABAAEAAAICTAEAOw==\" alt>\r\n            <div class=\"faq-topic__text\">SEPA naudotojo vadovas<\/div>\r\n          <\/a>\r\n\r\n          <a class=\"faq-topic\" href=\"https:\/\/satchel.eu\/lt\/faq\/payments-and-transactions\">\r\n            <img decoding=\"async\" class=\"lazyload faq-topic__icon\" data-src=\"https:\/\/satchel.eu\/lt\/wp-content\/themes\/satchel\/public\/img\/sleu-kit-icons-y-pay.svg?v=2.5\" src=\"data:image\/gif;base64,R0lGODlhAQABAAAAACH5BAEKAAEALAAAAAABAAEAAAICTAEAOw==\" alt>\r\n            <div class=\"faq-topic__text\">Mok\u0117jimai ir operacijos<\/div>\r\n          <\/a>\r\n\r\n          <a class=\"faq-topic\" href=\"https:\/\/satchel.eu\/lt\/faq\/satchel-cards\">\r\n            <img decoding=\"async\" class=\"lazyload faq-topic__icon\" data-src=\"https:\/\/satchel.eu\/lt\/wp-content\/themes\/satchel\/public\/img\/sleu-kit-icons-y-credit-cards.svg?v=2.5\" src=\"data:image\/gif;base64,R0lGODlhAQABAAAAACH5BAEKAAEALAAAAAABAAEAAAICTAEAOw==\" alt>\r\n            <div class=\"faq-topic__text\">\u201eSatchel\u201c kortel\u0117s\u201c<\/div>\r\n          <\/a>\r\n\r\n        <\/div>\r\n        <div class=\"border-bottom mb-40\"><\/div>\r\n        <div class=\"d-block d-md-flex align-items-md-center justify-content-md-between\">\r\n          <div class=\"mb-20 mb-md-0\">\r\n            <p class=\"h4 mb-10\">Neradote atsakymo \u012f savo klausim\u0105?<\/p>\r\n            <p class=\"h6 mb-0\">Kreipkit\u0117s \u012f m\u016bs\u0173 pagalbos tarnyb\u0105 telefonu arba el. pa\u0161tu.<\/p>\r\n          <\/div>\r\n          <div class=\"d-flex flex-sm-row flex-column align-items-start\">\r\n            <a class=\"btn btn-primary mr-sm-15 mb-sm-0 mb-20 js-customer-support-phone-faq\" href=\"tel:+37052141818\">+370 5214 1818<\/a>\r\n            <a class=\"btn btn-primary  js-customer-support-email-faq\" href=\"mailto:support@satchel.eu\">support@satchel.eu<\/a>\r\n          <\/div>\r\n        <\/div>\r\n      <\/div>\r\n    <\/div>\r\n  <\/div>\r\n<\/section>","protected":false},"excerpt":{"rendered":"Kaip gal\u0117tume jums pad\u0117ti? Klausimus, kuri\u0173 daugiausia gauna m\u016bs\u0173 klient\u0173 aptarnavimo tarnyba, suskirst\u0117me \u012f \u0161e\u0161ias pagrindines sritis. Kiekvienoje j\u0173 rasite informacijos apie naudojim\u0105si m\u016bs\u0173 paslaugomis ir nurodym\u0173, k\u0105 daryti, kai susiduriate su problemomis, pavyzd\u017eiui, jei pamet\u0117te kortel\u0119 arba pamir\u0161ote slapta\u017eod\u012f. Bendroji informacija \u201eSatchel\u201c einamoji s\u0105skaita Prisijungimo vardas ir slapta\u017eodis S\u0105skait\u0173 i\u0161ra\u0161ai ir mok\u0117jim\u0173 patvirtinimai SEPA&#8230;","protected":false},"author":5,"featured_media":0,"parent":0,"menu_order":0,"comment_status":"closed","ping_status":"closed","template":"faq-templates\/faq.php","meta":{"_acf_changed":false,"footnotes":""},"class_list":["post-99","page","type-page","status-publish","hentry"],"acf":[],"yoast_head":"<!-- This site is optimized with the Yoast SEO plugin v22.0 - https:\/\/yoast.com\/wordpress\/plugins\/seo\/ -->\n<title>DUK | \u201eSatchel\u201c - J\u016bs\u0173 pinig\u0173 valdymo sprendimas<\/title>\n<meta name=\"description\" content=\"M\u016bs\u0173 DUK puslapis bus naudingas visiems, ie\u0161kantiems daugiau informacijos ar prireikus technin\u0117s pagalbos naudojantis \u201eSatchel\u201c paslaugomis.\" \/>\n<meta name=\"robots\" content=\"index, follow, max-snippet:-1, max-image-preview:large, max-video-preview:-1\" \/>\n<link rel=\"canonical\" href=\"https:\/\/satchel.eu\/lt\/faq\/\" \/>\n<meta property=\"og:locale\" content=\"lt_LT\" \/>\n<meta property=\"og:type\" content=\"article\" \/>\n<meta property=\"og:title\" content=\"DUK | \u201eSatchel\u201c - J\u016bs\u0173 pinig\u0173 valdymo sprendimas\" \/>\n<meta property=\"og:description\" content=\"M\u016bs\u0173 DUK puslapis bus naudingas visiems, ie\u0161kantiems daugiau informacijos ar prireikus technin\u0117s pagalbos naudojantis \u201eSatchel\u201c paslaugomis.\" \/>\n<meta property=\"og:url\" content=\"https:\/\/satchel.eu\/lt\/faq\/\" \/>\n<meta property=\"og:site_name\" content=\"\u201eSatchel\u201c\" \/>\n<meta property=\"article:modified_time\" content=\"2025-12-29T13:35:46+00:00\" \/>\n<meta name=\"twitter:card\" content=\"summary_large_image\" \/>\n<script type=\"application\/ld+json\" class=\"yoast-schema-graph\">{\"@context\":\"https:\/\/schema.org\",\"@graph\":[{\"@type\":\"WebPage\",\"@id\":\"https:\/\/satchel.eu\/lt\/faq\/\",\"url\":\"https:\/\/satchel.eu\/lt\/faq\/\",\"name\":\"DUK | \u201eSatchel\u201c - J\u016bs\u0173 pinig\u0173 valdymo sprendimas\",\"isPartOf\":{\"@id\":\"https:\/\/satchel.eu\/lt\/#website\"},\"datePublished\":\"2021-03-02T17:57:02+00:00\",\"dateModified\":\"2025-12-29T13:35:46+00:00\",\"description\":\"M\u016bs\u0173 DUK puslapis bus naudingas visiems, ie\u0161kantiems daugiau informacijos ar prireikus technin\u0117s pagalbos naudojantis \u201eSatchel\u201c paslaugomis.\",\"breadcrumb\":{\"@id\":\"https:\/\/satchel.eu\/lt\/faq\/#breadcrumb\"},\"inLanguage\":\"lt-LT\",\"potentialAction\":[{\"@type\":\"ReadAction\",\"target\":[\"https:\/\/satchel.eu\/lt\/faq\/\"]}]},{\"@type\":\"BreadcrumbList\",\"@id\":\"https:\/\/satchel.eu\/lt\/faq\/#breadcrumb\",\"itemListElement\":[{\"@type\":\"ListItem\",\"position\":1,\"name\":\"Satchel\",\"item\":\"https:\/\/satchel.eu\/lt\/\"},{\"@type\":\"ListItem\",\"position\":2,\"name\":\"DUK\"}]},{\"@type\":\"WebSite\",\"@id\":\"https:\/\/satchel.eu\/lt\/#website\",\"url\":\"https:\/\/satchel.eu\/lt\/\",\"name\":\"\u201eSatchel\u201c\",\"description\":\"J\u016bs\u0173 pinig\u0173 valdymo sprendimas\",\"publisher\":{\"@id\":\"https:\/\/satchel.eu\/lt\/#organization\"},\"potentialAction\":[{\"@type\":\"SearchAction\",\"target\":{\"@type\":\"EntryPoint\",\"urlTemplate\":\"https:\/\/satchel.eu\/lt\/?s={search_term_string}\"},\"query-input\":\"required name=search_term_string\"}],\"inLanguage\":\"lt-LT\"},{\"@type\":\"Organization\",\"@id\":\"https:\/\/satchel.eu\/lt\/#organization\",\"name\":\"Satchel\",\"url\":\"https:\/\/satchel.eu\/lt\/\",\"logo\":{\"@type\":\"ImageObject\",\"inLanguage\":\"lt-LT\",\"@id\":\"https:\/\/satchel.eu\/lt\/#\/schema\/logo\/image\/\",\"url\":\"https:\/\/satchel.eu\/lt\/wp-content\/uploads\/sites\/2\/2021\/05\/logo-black.jpg\",\"contentUrl\":\"https:\/\/satchel.eu\/lt\/wp-content\/uploads\/sites\/2\/2021\/05\/logo-black.jpg\",\"width\":135,\"height\":32,\"caption\":\"Satchel\"},\"image\":{\"@id\":\"https:\/\/satchel.eu\/lt\/#\/schema\/logo\/image\/\"}}]}<\/script>\n<!-- \/ Yoast SEO plugin. -->","yoast_head_json":{"title":"DUK | \u201eSatchel\u201c - J\u016bs\u0173 pinig\u0173 valdymo sprendimas","description":"M\u016bs\u0173 DUK puslapis bus naudingas visiems, ie\u0161kantiems daugiau informacijos ar prireikus technin\u0117s pagalbos naudojantis \u201eSatchel\u201c paslaugomis.","robots":{"index":"index","follow":"follow","max-snippet":"max-snippet:-1","max-image-preview":"max-image-preview:large","max-video-preview":"max-video-preview:-1"},"canonical":"https:\/\/satchel.eu\/lt\/faq\/","og_locale":"lt_LT","og_type":"article","og_title":"DUK | \u201eSatchel\u201c - J\u016bs\u0173 pinig\u0173 valdymo sprendimas","og_description":"M\u016bs\u0173 DUK puslapis bus naudingas visiems, ie\u0161kantiems daugiau informacijos ar prireikus technin\u0117s pagalbos naudojantis \u201eSatchel\u201c paslaugomis.","og_url":"https:\/\/satchel.eu\/lt\/faq\/","og_site_name":"\u201eSatchel\u201c","article_modified_time":"2025-12-29T13:35:46+00:00","twitter_card":"summary_large_image","schema":{"@context":"https:\/\/schema.org","@graph":[{"@type":"WebPage","@id":"https:\/\/satchel.eu\/lt\/faq\/","url":"https:\/\/satchel.eu\/lt\/faq\/","name":"DUK | \u201eSatchel\u201c - J\u016bs\u0173 pinig\u0173 valdymo sprendimas","isPartOf":{"@id":"https:\/\/satchel.eu\/lt\/#website"},"datePublished":"2021-03-02T17:57:02+00:00","dateModified":"2025-12-29T13:35:46+00:00","description":"M\u016bs\u0173 DUK puslapis bus naudingas visiems, ie\u0161kantiems daugiau informacijos ar prireikus technin\u0117s pagalbos naudojantis \u201eSatchel\u201c paslaugomis.","breadcrumb":{"@id":"https:\/\/satchel.eu\/lt\/faq\/#breadcrumb"},"inLanguage":"lt-LT","potentialAction":[{"@type":"ReadAction","target":["https:\/\/satchel.eu\/lt\/faq\/"]}]},{"@type":"BreadcrumbList","@id":"https:\/\/satchel.eu\/lt\/faq\/#breadcrumb","itemListElement":[{"@type":"ListItem","position":1,"name":"Satchel","item":"https:\/\/satchel.eu\/lt\/"},{"@type":"ListItem","position":2,"name":"DUK"}]},{"@type":"WebSite","@id":"https:\/\/satchel.eu\/lt\/#website","url":"https:\/\/satchel.eu\/lt\/","name":"\u201eSatchel\u201c","description":"J\u016bs\u0173 pinig\u0173 valdymo sprendimas","publisher":{"@id":"https:\/\/satchel.eu\/lt\/#organization"},"potentialAction":[{"@type":"SearchAction","target":{"@type":"EntryPoint","urlTemplate":"https:\/\/satchel.eu\/lt\/?s={search_term_string}"},"query-input":"required name=search_term_string"}],"inLanguage":"lt-LT"},{"@type":"Organization","@id":"https:\/\/satchel.eu\/lt\/#organization","name":"Satchel","url":"https:\/\/satchel.eu\/lt\/","logo":{"@type":"ImageObject","inLanguage":"lt-LT","@id":"https:\/\/satchel.eu\/lt\/#\/schema\/logo\/image\/","url":"https:\/\/satchel.eu\/lt\/wp-content\/uploads\/sites\/2\/2021\/05\/logo-black.jpg","contentUrl":"https:\/\/satchel.eu\/lt\/wp-content\/uploads\/sites\/2\/2021\/05\/logo-black.jpg","width":135,"height":32,"caption":"Satchel"},"image":{"@id":"https:\/\/satchel.eu\/lt\/#\/schema\/logo\/image\/"}}]}},"_links":{"self":[{"href":"https:\/\/satchel.eu\/lt\/wp-json\/wp\/v2\/pages\/99","targetHints":{"allow":["GET"]}}],"collection":[{"href":"https:\/\/satchel.eu\/lt\/wp-json\/wp\/v2\/pages"}],"about":[{"href":"https:\/\/satchel.eu\/lt\/wp-json\/wp\/v2\/types\/page"}],"author":[{"embeddable":true,"href":"https:\/\/satchel.eu\/lt\/wp-json\/wp\/v2\/users\/5"}],"replies":[{"embeddable":true,"href":"https:\/\/satchel.eu\/lt\/wp-json\/wp\/v2\/comments?post=99"}],"version-history":[{"count":7,"href":"https:\/\/satchel.eu\/lt\/wp-json\/wp\/v2\/pages\/99\/revisions"}],"predecessor-version":[{"id":4100,"href":"https:\/\/satchel.eu\/lt\/wp-json\/wp\/v2\/pages\/99\/revisions\/4100"}],"wp:attachment":[{"href":"https:\/\/satchel.eu\/lt\/wp-json\/wp\/v2\/media?parent=99"}],"curies":[{"name":"wp","href":"https:\/\/api.w.org\/{rel}","templated":true}]}}