{"id":130,"date":"2021-03-02T20:23:38","date_gmt":"2021-03-02T18:23:38","guid":{"rendered":"https:\/\/satchel.eu\/?page_id=130"},"modified":"2025-12-08T14:31:18","modified_gmt":"2025-12-08T12:31:18","slug":"personal","status":"publish","type":"page","link":"https:\/\/satchel.eu\/pl\/personal\/","title":{"rendered":"Konto osobiste"},"content":{"rendered":"","protected":false},"excerpt":{"rendered":"","protected":false},"author":5,"featured_media":0,"parent":0,"menu_order":0,"comment_status":"closed","ping_status":"closed","template":"templates\/personal-account.php","meta":{"_acf_changed":false,"footnotes":""},"class_list":["post-130","page","type-page","status-publish","hentry"],"acf":[],"yoast_head":"<!-- This site is optimized with the Yoast SEO plugin v22.0 - https:\/\/yoast.com\/wordpress\/plugins\/seo\/ -->\n<title>Otw\u00f3rz konto osobiste online | Satchel.eu<\/title>\n<meta name=\"description\" content=\"Otw\u00f3rz konto Satchel zdalnie! Unikalny IBAN UE, karty Mastercard, SWIFT, SEPA i wi\u0119cej - wszystko do \u0142atwego zarz\u0105dzania finansami w jednej aplikacji!\" \/>\n<meta name=\"robots\" content=\"index, follow, max-snippet:-1, max-image-preview:large, max-video-preview:-1\" \/>\n<link rel=\"canonical\" href=\"https:\/\/satchel.eu\/pl\/personal\/\" \/>\n<meta property=\"og:locale\" content=\"pl_PL\" \/>\n<meta property=\"og:type\" content=\"article\" \/>\n<meta property=\"og:title\" content=\"Otw\u00f3rz konto osobiste online | Satchel.eu\" \/>\n<meta property=\"og:description\" content=\"Otw\u00f3rz konto Satchel zdalnie! Unikalny IBAN UE, karty Mastercard, SWIFT, SEPA i wi\u0119cej - wszystko do \u0142atwego zarz\u0105dzania finansami w jednej aplikacji!\" \/>\n<meta property=\"og:url\" content=\"https:\/\/satchel.eu\/pl\/personal\/\" \/>\n<meta property=\"og:site_name\" content=\"Satchel\" \/>\n<meta property=\"article:modified_time\" content=\"2025-12-08T12:31:18+00:00\" \/>\n<meta name=\"twitter:card\" content=\"summary_large_image\" \/>\n<meta name=\"twitter:label1\" content=\"Szacowany czas czytania\" \/>\n\t<meta name=\"twitter:data1\" content=\"17 minut\" \/>\n<script type=\"application\/ld+json\" class=\"yoast-schema-graph\">{\"@context\":\"https:\/\/schema.org\",\"@graph\":[{\"@type\":\"WebPage\",\"@id\":\"https:\/\/satchel.eu\/pl\/personal\/\",\"url\":\"https:\/\/satchel.eu\/pl\/personal\/\",\"name\":\"Otw\u00f3rz konto osobiste online | Satchel.eu\",\"isPartOf\":{\"@id\":\"https:\/\/satchel.eu\/pl\/#website\"},\"datePublished\":\"2021-03-02T18:23:38+00:00\",\"dateModified\":\"2025-12-08T12:31:18+00:00\",\"description\":\"Otw\u00f3rz konto Satchel zdalnie! Unikalny IBAN UE, karty Mastercard, SWIFT, SEPA i wi\u0119cej - wszystko do \u0142atwego zarz\u0105dzania finansami w jednej aplikacji!\",\"breadcrumb\":{\"@id\":\"https:\/\/satchel.eu\/pl\/personal\/#breadcrumb\"},\"inLanguage\":\"pl-PL\",\"potentialAction\":[{\"@type\":\"ReadAction\",\"target\":[\"https:\/\/satchel.eu\/pl\/personal\/\"]}]},{\"@type\":\"BreadcrumbList\",\"@id\":\"https:\/\/satchel.eu\/pl\/personal\/#breadcrumb\",\"itemListElement\":[{\"@type\":\"ListItem\",\"position\":1,\"name\":\"Satchel\",\"item\":\"https:\/\/satchel.eu\/pl\/\"},{\"@type\":\"ListItem\",\"position\":2,\"name\":\"Konto osobiste\"}]},{\"@type\":\"WebSite\",\"@id\":\"https:\/\/satchel.eu\/pl\/#website\",\"url\":\"https:\/\/satchel.eu\/pl\/\",\"name\":\"Satchel\",\"description\":\"Your money management solution\",\"publisher\":{\"@id\":\"https:\/\/satchel.eu\/pl\/#organization\"},\"potentialAction\":[{\"@type\":\"SearchAction\",\"target\":{\"@type\":\"EntryPoint\",\"urlTemplate\":\"https:\/\/satchel.eu\/pl\/?s={search_term_string}\"},\"query-input\":\"required name=search_term_string\"}],\"inLanguage\":\"pl-PL\"},{\"@type\":\"Organization\",\"@id\":\"https:\/\/satchel.eu\/pl\/#organization\",\"name\":\"Satchel\",\"url\":\"https:\/\/satchel.eu\/pl\/\",\"logo\":{\"@type\":\"ImageObject\",\"inLanguage\":\"pl-PL\",\"@id\":\"https:\/\/satchel.eu\/pl\/#\/schema\/logo\/image\/\",\"url\":\"https:\/\/satchel.eu\/pl\/wp-content\/uploads\/sites\/6\/2021\/05\/logo-black.jpg\",\"contentUrl\":\"https:\/\/satchel.eu\/pl\/wp-content\/uploads\/sites\/6\/2021\/05\/logo-black.jpg\",\"width\":135,\"height\":32,\"caption\":\"Satchel\"},\"image\":{\"@id\":\"https:\/\/satchel.eu\/pl\/#\/schema\/logo\/image\/\"}}]}<\/script>\n<!-- \/ Yoast SEO plugin. -->","yoast_head_json":{"title":"Otw\u00f3rz konto osobiste online | Satchel.eu","description":"Otw\u00f3rz konto Satchel zdalnie! Unikalny IBAN UE, karty Mastercard, SWIFT, SEPA i wi\u0119cej - wszystko do \u0142atwego zarz\u0105dzania finansami w jednej aplikacji!","robots":{"index":"index","follow":"follow","max-snippet":"max-snippet:-1","max-image-preview":"max-image-preview:large","max-video-preview":"max-video-preview:-1"},"canonical":"https:\/\/satchel.eu\/pl\/personal\/","og_locale":"pl_PL","og_type":"article","og_title":"Otw\u00f3rz konto osobiste online | Satchel.eu","og_description":"Otw\u00f3rz konto Satchel zdalnie! Unikalny IBAN UE, karty Mastercard, SWIFT, SEPA i wi\u0119cej - wszystko do \u0142atwego zarz\u0105dzania finansami w jednej aplikacji!","og_url":"https:\/\/satchel.eu\/pl\/personal\/","og_site_name":"Satchel","article_modified_time":"2025-12-08T12:31:18+00:00","twitter_card":"summary_large_image","twitter_misc":{"Szacowany czas czytania":"17 minut"},"schema":{"@context":"https:\/\/schema.org","@graph":[{"@type":"WebPage","@id":"https:\/\/satchel.eu\/pl\/personal\/","url":"https:\/\/satchel.eu\/pl\/personal\/","name":"Otw\u00f3rz konto osobiste online | Satchel.eu","isPartOf":{"@id":"https:\/\/satchel.eu\/pl\/#website"},"datePublished":"2021-03-02T18:23:38+00:00","dateModified":"2025-12-08T12:31:18+00:00","description":"Otw\u00f3rz konto Satchel zdalnie! Unikalny IBAN UE, karty Mastercard, SWIFT, SEPA i wi\u0119cej - wszystko do \u0142atwego zarz\u0105dzania finansami w jednej aplikacji!","breadcrumb":{"@id":"https:\/\/satchel.eu\/pl\/personal\/#breadcrumb"},"inLanguage":"pl-PL","potentialAction":[{"@type":"ReadAction","target":["https:\/\/satchel.eu\/pl\/personal\/"]}]},{"@type":"BreadcrumbList","@id":"https:\/\/satchel.eu\/pl\/personal\/#breadcrumb","itemListElement":[{"@type":"ListItem","position":1,"name":"Satchel","item":"https:\/\/satchel.eu\/pl\/"},{"@type":"ListItem","position":2,"name":"Konto osobiste"}]},{"@type":"WebSite","@id":"https:\/\/satchel.eu\/pl\/#website","url":"https:\/\/satchel.eu\/pl\/","name":"Satchel","description":"Your money management solution","publisher":{"@id":"https:\/\/satchel.eu\/pl\/#organization"},"potentialAction":[{"@type":"SearchAction","target":{"@type":"EntryPoint","urlTemplate":"https:\/\/satchel.eu\/pl\/?s={search_term_string}"},"query-input":"required name=search_term_string"}],"inLanguage":"pl-PL"},{"@type":"Organization","@id":"https:\/\/satchel.eu\/pl\/#organization","name":"Satchel","url":"https:\/\/satchel.eu\/pl\/","logo":{"@type":"ImageObject","inLanguage":"pl-PL","@id":"https:\/\/satchel.eu\/pl\/#\/schema\/logo\/image\/","url":"https:\/\/satchel.eu\/pl\/wp-content\/uploads\/sites\/6\/2021\/05\/logo-black.jpg","contentUrl":"https:\/\/satchel.eu\/pl\/wp-content\/uploads\/sites\/6\/2021\/05\/logo-black.jpg","width":135,"height":32,"caption":"Satchel"},"image":{"@id":"https:\/\/satchel.eu\/pl\/#\/schema\/logo\/image\/"}}]}},"_links":{"self":[{"href":"https:\/\/satchel.eu\/pl\/wp-json\/wp\/v2\/pages\/130","targetHints":{"allow":["GET"]}}],"collection":[{"href":"https:\/\/satchel.eu\/pl\/wp-json\/wp\/v2\/pages"}],"about":[{"href":"https:\/\/satchel.eu\/pl\/wp-json\/wp\/v2\/types\/page"}],"author":[{"embeddable":true,"href":"https:\/\/satchel.eu\/pl\/wp-json\/wp\/v2\/users\/5"}],"replies":[{"embeddable":true,"href":"https:\/\/satchel.eu\/pl\/wp-json\/wp\/v2\/comments?post=130"}],"version-history":[{"count":88,"href":"https:\/\/satchel.eu\/pl\/wp-json\/wp\/v2\/pages\/130\/revisions"}],"predecessor-version":[{"id":6470,"href":"https:\/\/satchel.eu\/pl\/wp-json\/wp\/v2\/pages\/130\/revisions\/6470"}],"wp:attachment":[{"href":"https:\/\/satchel.eu\/pl\/wp-json\/wp\/v2\/media?parent=130"}],"curies":[{"name":"wp","href":"https:\/\/api.w.org\/{rel}","templated":true}]}}