{"id":132,"date":"2021-03-02T20:30:37","date_gmt":"2021-03-02T18:30:37","guid":{"rendered":"https:\/\/satchel.eu\/?page_id=132"},"modified":"2025-12-29T15:36:10","modified_gmt":"2025-12-29T13:36:10","slug":"press-kit","status":"publish","type":"page","link":"https:\/\/satchel.eu\/pl\/press-kit\/","title":{"rendered":"Materia\u0142 prasowy"},"content":{"rendered":"<section class=\"section pt-45 pt-md-70 pb-0\">\n<div class=\"container\">\n<div class=\"row\">\n<div class=\"col-md-8 col-lg-6 offset-lg-2\">\n<h1 class=\"mb-15\">Materia\u0142 prasowy<\/h1>\n<\/p><\/div>\n<\/p><\/div>\n<div class=\"row\">\n<div class=\"col-md-8 col-lg-6 offset-lg-2 mb-30 mb-lg-0\">\n<p class=\"mb-0\">&#8222;Dzi\u0119kujemy za zainteresowanie Satchel.<br \/>\n          Tutaj mo\u017cna znale\u017a\u0107 wi\u0119cej informacji na nasz temat, nasze logo, zdj\u0119cia i najnowsze wiadomo\u015bci.<\/p>\n<\/p><\/div>\n<div class=\"col-md-8 col-lg-4 offset-lg-2\">\n        <a class=\"contact-card__link w-100 d-inline-flex align-items-center justify-content-center\" href=\"mailto:marketing@satchel.eu\"><svg xmlns=\"http:\/\/www.w3.org\/2000\/svg\" width=\"17\" height=\"16\" class=\"mr-5\"><g fill=\"none\" fill-rule=\"evenodd\"><path d=\"M.5 0h16v16H.5z\"\/><path d=\"M15 3H2c-.277 0-.5.223-.5.5v10c0 .277.223.5.5.5h13c.277 0 .5-.223.5-.5v-10c0-.277-.223-.5-.5-.5zm-.625 1.731v8.144H2.625V4.731l-.431-.336.614-.789.669.52h10.048l.669-.52.614.79-.433.335zm-.85-.606L8.5 8.031 3.475 4.125l-.669-.52-.614.789.431.336 5.338 4.15a.875.875 0 001.073 0l5.341-4.149.431-.336-.614-.789-.667.519z\" fill=\"#212121\" fill-rule=\"nonzero\"\/><\/g><\/svg>marketing@satchel.eu<\/a><\/p>\n<p class=\"p-md2 text-gray8 text-center mt-10 mb-0\">Zapytania prasowe<\/p>\n<\/p><\/div>\n<\/p><\/div>\n<\/p><\/div>\n<\/section>\n<section class=\"section pt-lg-110 pt-90\">\n<div class=\"container\">\n<div class=\"row\">\n<div class=\"col-lg-12 col-xl-10 mx-auto\">\n<div class=\"d-block d-md-flex align-items-md-center justify-content-md-between mb-5\">\n<h2 class=\"mb-0\">Najnowsze aktualizacje<\/h2>\n<p>          <a class=\"btn btn-link d-none d-md-inline-flex\" href=\"https:\/\/satchel.eu\/pl\/news\/\">Wy\u015bwietl wszystkie <svg xmlns=\"http:\/\/www.w3.org\/2000\/svg\" width=\"17\" height=\"16\" viewBox=\"0 0 17 16\"> <g fill=\"none\" fill-rule=\"evenodd\"> <g> <g> <g> <g> <path d=\"M0 0H16V16H0z\" transform=\"translate(-313 -1628) translate(271 1615) translate(.018 12) translate(42 1)\"\/> <path class=\"path\" fill=\"#4854FF\" d=\"M14.96 8.19c.05-.12.05-.26 0-.38-.03-.06-.06-.12-.11-.16l-4-4c-.2-.2-.51-.2-.71 0-.2.2-.2.51 0 .71l3.15 3.15H1.5C1.22 7.5 1 7.72 1 8s.22.5.5.5h11.79l-3.15 3.15c-.2.2-.2.51 0 .71.1.1.23.15.35.15.12 0 .26-.05.35-.15l4-4c.06-.05.1-.11.12-.17z\" transform=\"translate(-313 -1628) translate(271 1615) translate(.018 12) translate(42 1)\"\/> <\/g> <\/g> <\/g> <\/g> <\/g><\/svg><\/a>\n        <\/div>\n<p class=\"mb-25\">Aby uzyska\u0107 naj\u015bwie\u017csze informacje, sprawd\u017a nasze najnowsze aktualizacje.<\/p>\n<div class=\"latest-news mb-20 mb-md-0\">\n<div class=\"latest-news__item\">\n<div class=\"news d-flex flex-column\">\n                <a href=\"\/blog\/satchel-is-bc-rytas-silver-sponsor-for-two-more-seasons\" class=\"d-block\"><br \/>\n                  <img decoding=\"async\"\n                    class=\"news__img mb-15 lazyload\"\n                    data-src=\"https:\/\/satchel.eu\/pl\/wp-content\/uploads\/2025\/09\/satchel-is-bc-rytas-silver-sponsor-for-two-more-seasons-1046x665.jpg\"\n                    src=\"data:image\/gif;base64,R0lGODlhAQABAAAAACH5BAEKAAEALAAAAAABAAEAAAICTAEAOw==\"\n                    alt=\"Strengthening the bond: Satchel is BC Rytas\u2019s silver sponsor for two more seasons\"\n                  ><br \/>\n                <\/a><br \/>\n                <a href=\"\/blog\/satchel-is-bc-rytas-silver-sponsor-for-two-more-seasons\" class=\"news__title mb-10\">Strengthening the bond: Satchel is BC Rytas\u2019s silver sponsor for two more seasons<\/a><\/p>\n<div class=\"news__excerpt mb-15\">\n                  We\u2019re excited to announce that Satchel is continuing to be&hellip;                <\/div>\n<div class=\"d-flex align-items-center justify-content-between mt-auto\">\n<div class=\"d-flex flex-wrap\">\n<div class=\"news__tag news__tag--yellow mr-5 my-5\"><a href=\"https:\/\/satchel.eu\/blog\/category\/corporate-social-responsibility\/\">Corporate social responsibility<\/a><\/div>\n<div class=\"news__tag news__tag--yellow mr-5 my-5\"><a href=\"https:\/\/satchel.eu\/blog\/category\/satchel-news\/\">Satchel news<\/a><\/div>\n<\/p><\/div>\n<div class=\"news__date ml-5\">18 wrz 2025<\/div>\n<\/p><\/div>\n<\/p><\/div>\n<\/p><\/div>\n<div class=\"latest-news__item\">\n<div class=\"news d-flex flex-column\">\n                <a href=\"\/blog\/satchel-earns-prestigious-top-company-2025-award\" class=\"d-block\"><br \/>\n                  <img decoding=\"async\"\n                    class=\"news__img mb-15 lazyload\"\n                    data-src=\"https:\/\/satchel.eu\/pl\/wp-content\/uploads\/2025\/09\/satchel-earns-prestigious-top-company-2025-award-1046x665.jpg\"\n                    src=\"data:image\/gif;base64,R0lGODlhAQABAAAAACH5BAEKAAEALAAAAAABAAEAAAICTAEAOw==\"\n                    alt=\"Satchel earns prestigious Top Company 2025 award\"\n                  ><br \/>\n                <\/a><br \/>\n                <a href=\"\/blog\/satchel-earns-prestigious-top-company-2025-award\" class=\"news__title mb-10\">Satchel earns prestigious Top Company 2025 award<\/a><\/p>\n<div class=\"news__excerpt mb-15\">\n                  We\u2019re proud to announce that Satchel has been recognized with&hellip;                <\/div>\n<div class=\"d-flex align-items-center justify-content-between mt-auto\">\n<div class=\"d-flex flex-wrap\">\n<div class=\"news__tag news__tag--yellow mr-5 my-5\"><a href=\"https:\/\/satchel.eu\/blog\/category\/satchel-news\/\">Satchel news<\/a><\/div>\n<\/p><\/div>\n<div class=\"news__date ml-5\">16 wrz 2025<\/div>\n<\/p><\/div>\n<\/p><\/div>\n<\/p><\/div>\n<div class=\"latest-news__item\">\n<div class=\"news d-flex flex-column\">\n                <a href=\"\/blog\/satchel-at-sbc-summit-2025\" class=\"d-block\"><br \/>\n                  <img decoding=\"async\"\n                    class=\"news__img mb-15 lazyload\"\n                    data-src=\"https:\/\/satchel.eu\/pl\/wp-content\/uploads\/2025\/09\/satchel-at-sbc-summit-2025-1046x665.jpg\"\n                    src=\"data:image\/gif;base64,R0lGODlhAQABAAAAACH5BAEKAAEALAAAAAABAAEAAAICTAEAOw==\"\n                    alt=\"The Satchel team heads to SBC Summit 2025 in Lisbon\"\n                  ><br \/>\n                <\/a><br \/>\n                <a href=\"\/blog\/satchel-at-sbc-summit-2025\" class=\"news__title mb-10\">The Satchel team heads to SBC Summit 2025 in Lisbon<\/a><\/p>\n<div class=\"news__excerpt mb-15\">\n                  We&#8217;re excited to announce that the Satchel team will be&hellip;                <\/div>\n<div class=\"d-flex align-items-center justify-content-between mt-auto\">\n<div class=\"d-flex flex-wrap\">\n<div class=\"news__tag news__tag--yellow mr-5 my-5\"><a href=\"https:\/\/satchel.eu\/blog\/category\/igaming\/\">iGaming<\/a><\/div>\n<div class=\"news__tag news__tag--yellow mr-5 my-5\"><a href=\"https:\/\/satchel.eu\/blog\/category\/satchel-news\/\">Satchel news<\/a><\/div>\n<\/p><\/div>\n<div class=\"news__date ml-5\">10 wrz 2025<\/div>\n<\/p><\/div>\n<\/p><\/div>\n<\/p><\/div>\n<\/p><\/div>\n<div class=\"d-flex d-md-none justify-content-end\"><a class=\"btn btn-link\" href=\"https:\/\/satchel.eu\/pl\/news\/\">Wy\u015bwietl wszystkie <svg xmlns=\"http:\/\/www.w3.org\/2000\/svg\" width=\"17\" height=\"16\" viewBox=\"0 0 17 16\"> <g fill=\"none\" fill-rule=\"evenodd\"> <g> <g> <g> <g> <path d=\"M0 0H16V16H0z\" transform=\"translate(-313 -1628) translate(271 1615) translate(.018 12) translate(42 1)\"\/> <path class=\"path\" fill=\"#4854FF\" d=\"M14.96 8.19c.05-.12.05-.26 0-.38-.03-.06-.06-.12-.11-.16l-4-4c-.2-.2-.51-.2-.71 0-.2.2-.2.51 0 .71l3.15 3.15H1.5C1.22 7.5 1 7.72 1 8s.22.5.5.5h11.79l-3.15 3.15c-.2.2-.2.51 0 .71.1.1.23.15.35.15.12 0 .26-.05.35-.15l4-4c.06-.05.1-.11.12-.17z\" transform=\"translate(-313 -1628) translate(271 1615) translate(.018 12) translate(42 1)\"\/> <\/g> <\/g> <\/g> <\/g> <\/g><\/svg><\/a><\/div>\n<\/p><\/div>\n<\/p><\/div>\n<div class=\"row mt-90 mt-lg-110\">\n<div class=\"col-md-8 col-lg-6 offset-lg-2 border-right mb-25 mb-md-0\">\n<div class=\"h4 text-center mb-25\">Dane firmy<\/div>\n<div class=\"text-center\"><a class=\"btn btn-primary\" href=\"https:\/\/satchel.eu\/pl\/about-us\/\">Dowiedz si\u0119 wi\u0119cej o nas<\/a><\/div>\n<\/p><\/div>\n<div class=\"col-md-8 col-lg-6\">\n<div class=\"h4 text-center mb-25\">Zasoby medialne<\/div>\n<div class=\"text-center\"><a class=\"btn btn-primary d-inline-flex align-items-center\" href=\"https:\/\/satchel.eu\/pl\/wp-content\/themes\/satchel\/public\/img\/logo-black.svg?v=2.5\" download><svg xmlns=\"http:\/\/www.w3.org\/2000\/svg\" width=\"17\" height=\"16\" class=\"mr-5\"><g fill=\"none\" fill-rule=\"evenodd\"><path d=\"M16.5 0v16H.5V0z\"\/><path fill=\"#212121\" fill-rule=\"nonzero\" d=\"M8.31 14.96a.5.5 0 00.38 0c.06-.03.12-.06.16-.11l4-4c.2-.2.2-.51 0-.71-.2-.2-.51-.2-.71 0l-3.15 3.15V1.5C9 1.22 8.78 1 8.5 1s-.5.22-.5.5v11.79l-3.15-3.15c-.2-.2-.51-.2-.71 0a.485.485 0 000 .7l4 4c.05.06.11.1.17.12z\"\/><\/g><\/svg>Pobierz zasoby<\/a><\/div>\n<\/p><\/div>\n<\/p><\/div>\n<\/section>\n","protected":false},"excerpt":{"rendered":"Materia\u0142 prasowy &#8222;Dzi\u0119kujemy za zainteresowanie Satchel. Tutaj mo\u017cna znale\u017a\u0107 wi\u0119cej informacji na nasz temat, nasze logo, zdj\u0119cia i najnowsze wiadomo\u015bci. marketing@satchel.eu Zapytania prasowe Najnowsze aktualizacje Wy\u015bwietl wszystkie Aby uzyska\u0107 naj\u015bwie\u017csze informacje, sprawd\u017a nasze najnowsze aktualizacje. Strengthening the bond: Satchel is BC Rytas\u2019s silver sponsor for two more seasons We\u2019re excited to announce that Satchel is&#8230;","protected":false},"author":5,"featured_media":0,"parent":0,"menu_order":0,"comment_status":"closed","ping_status":"closed","template":"templates\/press-kit.php","meta":{"_acf_changed":false,"footnotes":""},"class_list":["post-132","page","type-page","status-publish","hentry"],"acf":[],"yoast_head":"<!-- This site is optimized with the Yoast SEO plugin v22.0 - https:\/\/yoast.com\/wordpress\/plugins\/seo\/ -->\n<title>Press kit - Satchel: informacje prasowe<\/title>\n<meta name=\"description\" content=\"Odkryj dodatkowe informacje o nas, uzyskaj dost\u0119p do naszego logo, zdj\u0119\u0107 i b\u0105d\u017a na bie\u017c\u0105co z najnowszymi informacjami. Szczeg\u00f3\u0142y kontaktowe dla medi\u00f3w.\" \/>\n<meta name=\"robots\" content=\"index, follow, max-snippet:-1, max-image-preview:large, max-video-preview:-1\" \/>\n<link rel=\"canonical\" href=\"https:\/\/satchel.eu\/pl\/press-kit\/\" \/>\n<meta property=\"og:locale\" content=\"pl_PL\" \/>\n<meta property=\"og:type\" content=\"article\" \/>\n<meta property=\"og:title\" content=\"Press kit - Satchel: informacje prasowe\" \/>\n<meta property=\"og:description\" content=\"Odkryj dodatkowe informacje o nas, uzyskaj dost\u0119p do naszego logo, zdj\u0119\u0107 i b\u0105d\u017a na bie\u017c\u0105co z najnowszymi informacjami. Szczeg\u00f3\u0142y kontaktowe dla medi\u00f3w.\" \/>\n<meta property=\"og:url\" content=\"https:\/\/satchel.eu\/pl\/press-kit\/\" \/>\n<meta property=\"og:site_name\" content=\"Satchel\" \/>\n<meta property=\"article:modified_time\" content=\"2025-12-29T13:36:10+00:00\" \/>\n<meta name=\"twitter:card\" content=\"summary_large_image\" \/>\n<meta name=\"twitter:label1\" content=\"Szacowany czas czytania\" \/>\n\t<meta name=\"twitter:data1\" content=\"1 minuta\" \/>\n<script type=\"application\/ld+json\" class=\"yoast-schema-graph\">{\"@context\":\"https:\/\/schema.org\",\"@graph\":[{\"@type\":\"WebPage\",\"@id\":\"https:\/\/satchel.eu\/pl\/press-kit\/\",\"url\":\"https:\/\/satchel.eu\/pl\/press-kit\/\",\"name\":\"Press kit - Satchel: informacje prasowe\",\"isPartOf\":{\"@id\":\"https:\/\/satchel.eu\/pl\/#website\"},\"datePublished\":\"2021-03-02T18:30:37+00:00\",\"dateModified\":\"2025-12-29T13:36:10+00:00\",\"description\":\"Odkryj dodatkowe informacje o nas, uzyskaj dost\u0119p do naszego logo, zdj\u0119\u0107 i b\u0105d\u017a na bie\u017c\u0105co z najnowszymi informacjami. Szczeg\u00f3\u0142y kontaktowe dla medi\u00f3w.\",\"breadcrumb\":{\"@id\":\"https:\/\/satchel.eu\/pl\/press-kit\/#breadcrumb\"},\"inLanguage\":\"pl-PL\",\"potentialAction\":[{\"@type\":\"ReadAction\",\"target\":[\"https:\/\/satchel.eu\/pl\/press-kit\/\"]}]},{\"@type\":\"BreadcrumbList\",\"@id\":\"https:\/\/satchel.eu\/pl\/press-kit\/#breadcrumb\",\"itemListElement\":[{\"@type\":\"ListItem\",\"position\":1,\"name\":\"Satchel\",\"item\":\"https:\/\/satchel.eu\/pl\/\"},{\"@type\":\"ListItem\",\"position\":2,\"name\":\"Materia\u0142 prasowy\"}]},{\"@type\":\"WebSite\",\"@id\":\"https:\/\/satchel.eu\/pl\/#website\",\"url\":\"https:\/\/satchel.eu\/pl\/\",\"name\":\"Satchel\",\"description\":\"Your money management solution\",\"publisher\":{\"@id\":\"https:\/\/satchel.eu\/pl\/#organization\"},\"potentialAction\":[{\"@type\":\"SearchAction\",\"target\":{\"@type\":\"EntryPoint\",\"urlTemplate\":\"https:\/\/satchel.eu\/pl\/?s={search_term_string}\"},\"query-input\":\"required name=search_term_string\"}],\"inLanguage\":\"pl-PL\"},{\"@type\":\"Organization\",\"@id\":\"https:\/\/satchel.eu\/pl\/#organization\",\"name\":\"Satchel\",\"url\":\"https:\/\/satchel.eu\/pl\/\",\"logo\":{\"@type\":\"ImageObject\",\"inLanguage\":\"pl-PL\",\"@id\":\"https:\/\/satchel.eu\/pl\/#\/schema\/logo\/image\/\",\"url\":\"https:\/\/satchel.eu\/pl\/wp-content\/uploads\/sites\/6\/2021\/05\/logo-black.jpg\",\"contentUrl\":\"https:\/\/satchel.eu\/pl\/wp-content\/uploads\/sites\/6\/2021\/05\/logo-black.jpg\",\"width\":135,\"height\":32,\"caption\":\"Satchel\"},\"image\":{\"@id\":\"https:\/\/satchel.eu\/pl\/#\/schema\/logo\/image\/\"}}]}<\/script>\n<!-- \/ Yoast SEO plugin. -->","yoast_head_json":{"title":"Press kit - Satchel: informacje prasowe","description":"Odkryj dodatkowe informacje o nas, uzyskaj dost\u0119p do naszego logo, zdj\u0119\u0107 i b\u0105d\u017a na bie\u017c\u0105co z najnowszymi informacjami. Szczeg\u00f3\u0142y kontaktowe dla medi\u00f3w.","robots":{"index":"index","follow":"follow","max-snippet":"max-snippet:-1","max-image-preview":"max-image-preview:large","max-video-preview":"max-video-preview:-1"},"canonical":"https:\/\/satchel.eu\/pl\/press-kit\/","og_locale":"pl_PL","og_type":"article","og_title":"Press kit - Satchel: informacje prasowe","og_description":"Odkryj dodatkowe informacje o nas, uzyskaj dost\u0119p do naszego logo, zdj\u0119\u0107 i b\u0105d\u017a na bie\u017c\u0105co z najnowszymi informacjami. Szczeg\u00f3\u0142y kontaktowe dla medi\u00f3w.","og_url":"https:\/\/satchel.eu\/pl\/press-kit\/","og_site_name":"Satchel","article_modified_time":"2025-12-29T13:36:10+00:00","twitter_card":"summary_large_image","twitter_misc":{"Szacowany czas czytania":"1 minuta"},"schema":{"@context":"https:\/\/schema.org","@graph":[{"@type":"WebPage","@id":"https:\/\/satchel.eu\/pl\/press-kit\/","url":"https:\/\/satchel.eu\/pl\/press-kit\/","name":"Press kit - Satchel: informacje prasowe","isPartOf":{"@id":"https:\/\/satchel.eu\/pl\/#website"},"datePublished":"2021-03-02T18:30:37+00:00","dateModified":"2025-12-29T13:36:10+00:00","description":"Odkryj dodatkowe informacje o nas, uzyskaj dost\u0119p do naszego logo, zdj\u0119\u0107 i b\u0105d\u017a na bie\u017c\u0105co z najnowszymi informacjami. Szczeg\u00f3\u0142y kontaktowe dla medi\u00f3w.","breadcrumb":{"@id":"https:\/\/satchel.eu\/pl\/press-kit\/#breadcrumb"},"inLanguage":"pl-PL","potentialAction":[{"@type":"ReadAction","target":["https:\/\/satchel.eu\/pl\/press-kit\/"]}]},{"@type":"BreadcrumbList","@id":"https:\/\/satchel.eu\/pl\/press-kit\/#breadcrumb","itemListElement":[{"@type":"ListItem","position":1,"name":"Satchel","item":"https:\/\/satchel.eu\/pl\/"},{"@type":"ListItem","position":2,"name":"Materia\u0142 prasowy"}]},{"@type":"WebSite","@id":"https:\/\/satchel.eu\/pl\/#website","url":"https:\/\/satchel.eu\/pl\/","name":"Satchel","description":"Your money management solution","publisher":{"@id":"https:\/\/satchel.eu\/pl\/#organization"},"potentialAction":[{"@type":"SearchAction","target":{"@type":"EntryPoint","urlTemplate":"https:\/\/satchel.eu\/pl\/?s={search_term_string}"},"query-input":"required name=search_term_string"}],"inLanguage":"pl-PL"},{"@type":"Organization","@id":"https:\/\/satchel.eu\/pl\/#organization","name":"Satchel","url":"https:\/\/satchel.eu\/pl\/","logo":{"@type":"ImageObject","inLanguage":"pl-PL","@id":"https:\/\/satchel.eu\/pl\/#\/schema\/logo\/image\/","url":"https:\/\/satchel.eu\/pl\/wp-content\/uploads\/sites\/6\/2021\/05\/logo-black.jpg","contentUrl":"https:\/\/satchel.eu\/pl\/wp-content\/uploads\/sites\/6\/2021\/05\/logo-black.jpg","width":135,"height":32,"caption":"Satchel"},"image":{"@id":"https:\/\/satchel.eu\/pl\/#\/schema\/logo\/image\/"}}]}},"_links":{"self":[{"href":"https:\/\/satchel.eu\/pl\/wp-json\/wp\/v2\/pages\/132","targetHints":{"allow":["GET"]}}],"collection":[{"href":"https:\/\/satchel.eu\/pl\/wp-json\/wp\/v2\/pages"}],"about":[{"href":"https:\/\/satchel.eu\/pl\/wp-json\/wp\/v2\/types\/page"}],"author":[{"embeddable":true,"href":"https:\/\/satchel.eu\/pl\/wp-json\/wp\/v2\/users\/5"}],"replies":[{"embeddable":true,"href":"https:\/\/satchel.eu\/pl\/wp-json\/wp\/v2\/comments?post=132"}],"version-history":[{"count":12,"href":"https:\/\/satchel.eu\/pl\/wp-json\/wp\/v2\/pages\/132\/revisions"}],"predecessor-version":[{"id":6485,"href":"https:\/\/satchel.eu\/pl\/wp-json\/wp\/v2\/pages\/132\/revisions\/6485"}],"wp:attachment":[{"href":"https:\/\/satchel.eu\/pl\/wp-json\/wp\/v2\/media?parent=132"}],"curies":[{"name":"wp","href":"https:\/\/api.w.org\/{rel}","templated":true}]}}