{"id":137,"date":"2021-03-02T20:34:58","date_gmt":"2021-03-02T18:34:58","guid":{"rendered":"https:\/\/satchel.eu\/?page_id=137"},"modified":"2025-12-29T15:36:23","modified_gmt":"2025-12-29T13:36:23","slug":"prohibited-countries-and-activities","status":"publish","type":"page","link":"https:\/\/satchel.eu\/pl\/prohibited-countries-and-activities\/","title":{"rendered":"Blacklisted Jurisdictions and Prohibited Activities"},"content":{"rendered":"<section class=\"section\">\r\n  <div class=\"container\">\r\n    <div class=\"row\">\r\n      <div class=\"col-lg-14 mx-auto\">\r\n        <h1 class=\"mb-15 text-center\">Prohibited countries and activities<\/h1>\r\n      <\/div>\r\n    <\/div>\r\n    <div class=\"row mb-40\">\r\n      <div class=\"col-lg-7 mx-auto\">\r\n        <div class=\"text-center\"><img decoding=\"async\" class=\"lazyload\" data-src=\"https:\/\/satchel.eu\/pl\/wp-content\/themes\/satchel\/public\/img\/blacklisted-countries-map3.png\" src=\"data:image\/gif;base64,R0lGODlhAQABAAAAACH5BAEKAAEALAAAAAABAAEAAAICTAEAOw==\" alt><\/div>\r\n      <\/div>\r\n    <\/div>\r\n    <h2 class=\"mb-50\">Blacklisted Jurisdictions:<\/h2>\r\n    <div class=\"columns-sm-2 columns-lg-4 columns-gap-sm-32\">\r\n<p>Afghanistan<\/p>\r\n<p>American Samoa<\/p>\r\n<p>Angola<\/p>\r\n<p>Bangladesh<\/p>\r\n<p>Barbados<\/p>\r\n<p>Benin<\/p>\r\n<p>Bolivia<\/p>\r\n<p>Botswana<\/p>\r\n<p>Brunei<\/p>\r\n<p>Burkina Faso<\/p>\r\n<p>Burundi<\/p>\r\n<p>Cambodia<\/p>\r\n<p>Cameroon<\/p>\r\n<p>Cayman Islands<\/p>\r\n<p>Central African Republic<\/p>\r\n<p>Chad<\/p>\r\n<p>Christmas Island<\/p>\r\n<p>Congo (Democratic republic of)<\/p>\r\n<p>Congo<\/p>\r\n<p>Crimea<\/p>\r\n<p>Cuba<\/p>\r\n<p>Djibouti<\/p>\r\n<p>Dominica<\/p>\r\n<p>Equatorial Guinea<\/p>\r\n<p>Eritrea<\/p>\r\n<p>Ethiopia<\/p>\r\n<p>Federal Republic of Somalia<\/p>\r\n<p>Fiji<\/p>\r\n<p>French Southern Territories<\/p>\r\n<p>Gabon<\/p>\r\n<p>Gambia<\/p>\r\n<p>Ghana<\/p>\r\n<p>Guam<\/p>\r\n<p>Guinea Bissau<\/p>\r\n<p>Guinea<\/p>\r\n<p>Guyana<\/p>\r\n<p>Haiti<\/p>\r\n<p>Honduras<\/p>\r\n<p>Iran<\/p>\r\n<p>Iraq<\/p>\r\n<p>Ivory Coast<\/p>\r\n<p>Jamaica<\/p>\r\n<p>Kiribati<\/p>\r\n<p>Kosovo<\/p>\r\n<p>Kyrgyzstan<\/p>\r\n<p>Laos<\/p>\r\n<p>Lebanon<\/p>\r\n<p>Lesotho<\/p>\r\n<p>Liberia<\/p>\r\n<p>Libya<\/p>\r\n<p>Madagascar<\/p>\r\n<p>Malawi<\/p>\r\n<p>Maldives<\/p>\r\n<p>Mali<\/p>\r\n<p>Mauritania<\/p>\r\n<p>Mauritius<\/p>\r\n<p>Micronesia<\/p>\r\n<p>Mongolia<\/p>\r\n<p>Mozambique<\/p>\r\n<p>Myanmar<\/p>\r\n<p>Namibia<\/p>\r\n<p>Nauru<\/p>\r\n<p>Nicaragua<\/p>\r\n<p>Niger<\/p>\r\n<p>Nigeria<\/p>\r\n<p>Niue<\/p>\r\n<p>North Korea (Republic of)<\/p>\r\n<p>Pakistan<\/p>\r\n<p>Palau<\/p>\r\n<p>Palestinian Territory<\/p>\r\n<p>Panama<\/p>\r\n<p>Papua New Guinea<\/p>\r\n<p>Pitcairn<\/p>\r\n<p>Russia<\/p>\r\n<p>Rwanda<\/p>\r\n<p>Samoa<\/p>\r\n<p>Sao Tome and Principe<\/p>\r\n<p>Senegal<\/p>\r\n<p>Sierra Leone<\/p>\r\n<p>South Sudan<\/p>\r\n<p>Sri Lanka<\/p>\r\n<p>Sudan<\/p>\r\n<p>Swaziland<\/p>\r\n<p>Syria<\/p>\r\n<p>Tajikistan<\/p>\r\n<p>Tanzania<\/p>\r\n<p>Timor-Leste<\/p>\r\n<p>Togo<\/p>\r\n<p>Tokelau island<\/p>\r\n<p>Tonga<\/p>\r\n<p>Trinidad and Tobago<\/p>\r\n<p>Turkmenistan<\/p>\r\n<p>Turks &#038; Caicos Islands<\/p>\r\n<p>Tuvalu<\/p>\r\n<p>Uganda<\/p>\r\n<p>Us Minor Outlying Islands<\/p>\r\n<p>Us Virgin Islands<\/p>\r\n<p>Vanuatu<\/p>\r\n<p>Vatican City State<\/p>\r\n<p>Venezuela<\/p>\r\n<p>Western Sahara<\/p>\r\n<p>Yemen<\/p>\r\n<p>Zambia<\/p>\r\n<p>Zimbabwe<\/p>\r\n    <\/div>\r\n    <h2 class=\"mb-50 mt-40\">Prohibited activities<\/h2>\r\n    <div class=\"mb-30\">\r\n      <p class=\"columns-sm-2 columns-gap-sm-32\">\r\n1. Production or trade in any product or activity deemed illegal under host country laws or regulations or international conventions and agreements, including without limitation host country requirements related to environmental, health and safety, and labor aspects;<br>\r\n2. Production or trade in weapons and munitions;<br>\r\n3. Production, trade, storage, or transport of significant volumes of hazardous chemicals, or commercial scale usage of hazardous chemicals;<br>\r\n4. Trade in wildlife or wildlife products regulated under CITES;\r\n5. Production or trade in radioactive materials;<br>\r\n6. Commercial logging operations or purchase of logging equipment for use in the primary tropical moist forest;<br>\r\n7. Production or trade in pharmaceuticals subject to international phase-outs or bans;<br>\r\n8. Production or trade in pesticides\/herbicides subject to international phase-outs or bans;<br>\r\n9. Drift net fishing in the marine environment using nets in excess of 2.5km in length;<br>\r\n10. Production or activities involving harmful or exploitative forms of forced labor \/harmful child labor;<br>\r\n11. Production or trade in ozone-depleting substances subject to international phase-out;<br>\r\n12. Production or trade in wood or other forestry products from unmanaged forests;<br>\r\n13. Money exchange dealings;<br>\r\n14. Involvement in any business relating to prostitution;<br>\r\n15. Quarries, mining, or processing of metal ores or coal;<br>\r\n16. Giving or receiving gifts that could be interpreted as intending to influence business decisions;<br>\r\n17. Illegal use of confidential material and non-public information;<br>          \r\n18. Trading of animal fur, bones, and ivory;<br>\r\n19. Diamond trading without Kimberley Certification;<br>\r\n20. Creation of indecent and obscene material including child pornography;<br>\r\n21. Trading of cultural objects like sculptures, statues, antiques, collectors\u2019 items, and archaeological pieces especially those originating from the Republic of Iraq;<br>\r\n22. Trading of fireworks, explosives, and weapons;<br>\r\n23. Drug trafficking including chemicals used to manufacture a synthetic drug or drugs;<br>\r\n24. Trading in derivatives\/options\/hedging;<br>\r\n25. Non-licensed offline gambling\/betting\/casino\/horse racing\/bingo\/sports betting;<br>\r\n26. Non-licensed online casino\/online poker\/online gambling\/online betting\/prize draws\/gift cards\/any form of lottery\/scratch cards;<br>\r\n27. Trading of bearer shares and bonds;<br>\r\n28. The dealing of jewels, gems, precious metals;<br>\r\n29. Non-licensed forex\/binary options.<br>\r\n      <\/p>\r\n    <\/div>\r\n    <p class=\"text-center text-gray mb-0\">\r\n      This Prohibited countries and activities list is an integral part of the Satchel Policy on Prevention of Money Laundering and Terrorist Financing.\r\n    <\/p>\r\n    <div class=\"text-center mt-50\"><a class=\"btn btn-primary\" href=\"https:\/\/satchel.eu\/pl\/\">Go back to the home page<\/a><\/div>\r\n  <\/div>\r\n<\/section>","protected":false},"excerpt":{"rendered":"Prohibited countries and activities Blacklisted Jurisdictions: Afghanistan American Samoa Angola Bangladesh Barbados Benin Bolivia Botswana Brunei Burkina Faso Burundi Cambodia Cameroon Cayman Islands Central African Republic Chad Christmas Island Congo (Democratic republic of) Congo Crimea Cuba Djibouti Dominica Equatorial Guinea Eritrea Ethiopia Federal Republic of Somalia Fiji French Southern Territories Gabon Gambia Ghana Guam Guinea&#8230;","protected":false},"author":5,"featured_media":0,"parent":0,"menu_order":0,"comment_status":"closed","ping_status":"closed","template":"","meta":{"_acf_changed":false,"footnotes":""},"class_list":["post-137","page","type-page","status-publish","hentry"],"acf":[],"yoast_head":"<!-- This site is optimized with the Yoast SEO plugin v22.0 - https:\/\/yoast.com\/wordpress\/plugins\/seo\/ -->\n<title>Czarnolistowe jurysdykcje - Satchel<\/title>\n<meta name=\"description\" content=\"Satchel przestrzega mi\u0119dzynarodowych standard\u00f3w jako\u015bci i nie wspiera dzia\u0142a\u0144 zwi\u0105zanych z czarn\u0105 list\u0105 jurysdykcji ani dzia\u0142alno\u015bci wysokiego ryzyka.\" \/>\n<meta name=\"robots\" content=\"index, follow, max-snippet:-1, max-image-preview:large, max-video-preview:-1\" \/>\n<link rel=\"canonical\" href=\"https:\/\/satchel.eu\/pl\/prohibited-countries-and-activities\/\" \/>\n<meta property=\"og:locale\" content=\"pl_PL\" \/>\n<meta property=\"og:type\" content=\"article\" \/>\n<meta property=\"og:title\" content=\"Czarnolistowe jurysdykcje - Satchel\" \/>\n<meta property=\"og:description\" content=\"Satchel przestrzega mi\u0119dzynarodowych standard\u00f3w jako\u015bci i nie wspiera dzia\u0142a\u0144 zwi\u0105zanych z czarn\u0105 list\u0105 jurysdykcji ani dzia\u0142alno\u015bci wysokiego ryzyka.\" \/>\n<meta property=\"og:url\" content=\"https:\/\/satchel.eu\/pl\/prohibited-countries-and-activities\/\" \/>\n<meta property=\"og:site_name\" content=\"Satchel\" \/>\n<meta property=\"article:modified_time\" content=\"2025-12-29T13:36:23+00:00\" \/>\n<meta name=\"twitter:card\" content=\"summary_large_image\" \/>\n<meta name=\"twitter:label1\" content=\"Szacowany czas czytania\" \/>\n\t<meta name=\"twitter:data1\" content=\"4 minuty\" \/>\n<script type=\"application\/ld+json\" class=\"yoast-schema-graph\">{\"@context\":\"https:\/\/schema.org\",\"@graph\":[{\"@type\":\"WebPage\",\"@id\":\"https:\/\/satchel.eu\/pl\/prohibited-countries-and-activities\/\",\"url\":\"https:\/\/satchel.eu\/pl\/prohibited-countries-and-activities\/\",\"name\":\"Czarnolistowe jurysdykcje - Satchel\",\"isPartOf\":{\"@id\":\"https:\/\/satchel.eu\/pl\/#website\"},\"datePublished\":\"2021-03-02T18:34:58+00:00\",\"dateModified\":\"2025-12-29T13:36:23+00:00\",\"description\":\"Satchel przestrzega mi\u0119dzynarodowych standard\u00f3w jako\u015bci i nie wspiera dzia\u0142a\u0144 zwi\u0105zanych z czarn\u0105 list\u0105 jurysdykcji ani dzia\u0142alno\u015bci wysokiego ryzyka.\",\"breadcrumb\":{\"@id\":\"https:\/\/satchel.eu\/pl\/prohibited-countries-and-activities\/#breadcrumb\"},\"inLanguage\":\"pl-PL\",\"potentialAction\":[{\"@type\":\"ReadAction\",\"target\":[\"https:\/\/satchel.eu\/pl\/prohibited-countries-and-activities\/\"]}]},{\"@type\":\"BreadcrumbList\",\"@id\":\"https:\/\/satchel.eu\/pl\/prohibited-countries-and-activities\/#breadcrumb\",\"itemListElement\":[{\"@type\":\"ListItem\",\"position\":1,\"name\":\"Satchel\",\"item\":\"https:\/\/satchel.eu\/pl\/\"},{\"@type\":\"ListItem\",\"position\":2,\"name\":\"Blacklisted Jurisdictions and Prohibited Activities\"}]},{\"@type\":\"WebSite\",\"@id\":\"https:\/\/satchel.eu\/pl\/#website\",\"url\":\"https:\/\/satchel.eu\/pl\/\",\"name\":\"Satchel\",\"description\":\"Your money management solution\",\"publisher\":{\"@id\":\"https:\/\/satchel.eu\/pl\/#organization\"},\"potentialAction\":[{\"@type\":\"SearchAction\",\"target\":{\"@type\":\"EntryPoint\",\"urlTemplate\":\"https:\/\/satchel.eu\/pl\/?s={search_term_string}\"},\"query-input\":\"required name=search_term_string\"}],\"inLanguage\":\"pl-PL\"},{\"@type\":\"Organization\",\"@id\":\"https:\/\/satchel.eu\/pl\/#organization\",\"name\":\"Satchel\",\"url\":\"https:\/\/satchel.eu\/pl\/\",\"logo\":{\"@type\":\"ImageObject\",\"inLanguage\":\"pl-PL\",\"@id\":\"https:\/\/satchel.eu\/pl\/#\/schema\/logo\/image\/\",\"url\":\"https:\/\/satchel.eu\/pl\/wp-content\/uploads\/sites\/6\/2021\/05\/logo-black.jpg\",\"contentUrl\":\"https:\/\/satchel.eu\/pl\/wp-content\/uploads\/sites\/6\/2021\/05\/logo-black.jpg\",\"width\":135,\"height\":32,\"caption\":\"Satchel\"},\"image\":{\"@id\":\"https:\/\/satchel.eu\/pl\/#\/schema\/logo\/image\/\"}}]}<\/script>\n<!-- \/ Yoast SEO plugin. -->","yoast_head_json":{"title":"Czarnolistowe jurysdykcje - Satchel","description":"Satchel przestrzega mi\u0119dzynarodowych standard\u00f3w jako\u015bci i nie wspiera dzia\u0142a\u0144 zwi\u0105zanych z czarn\u0105 list\u0105 jurysdykcji ani dzia\u0142alno\u015bci wysokiego ryzyka.","robots":{"index":"index","follow":"follow","max-snippet":"max-snippet:-1","max-image-preview":"max-image-preview:large","max-video-preview":"max-video-preview:-1"},"canonical":"https:\/\/satchel.eu\/pl\/prohibited-countries-and-activities\/","og_locale":"pl_PL","og_type":"article","og_title":"Czarnolistowe jurysdykcje - Satchel","og_description":"Satchel przestrzega mi\u0119dzynarodowych standard\u00f3w jako\u015bci i nie wspiera dzia\u0142a\u0144 zwi\u0105zanych z czarn\u0105 list\u0105 jurysdykcji ani dzia\u0142alno\u015bci wysokiego ryzyka.","og_url":"https:\/\/satchel.eu\/pl\/prohibited-countries-and-activities\/","og_site_name":"Satchel","article_modified_time":"2025-12-29T13:36:23+00:00","twitter_card":"summary_large_image","twitter_misc":{"Szacowany czas czytania":"4 minuty"},"schema":{"@context":"https:\/\/schema.org","@graph":[{"@type":"WebPage","@id":"https:\/\/satchel.eu\/pl\/prohibited-countries-and-activities\/","url":"https:\/\/satchel.eu\/pl\/prohibited-countries-and-activities\/","name":"Czarnolistowe jurysdykcje - Satchel","isPartOf":{"@id":"https:\/\/satchel.eu\/pl\/#website"},"datePublished":"2021-03-02T18:34:58+00:00","dateModified":"2025-12-29T13:36:23+00:00","description":"Satchel przestrzega mi\u0119dzynarodowych standard\u00f3w jako\u015bci i nie wspiera dzia\u0142a\u0144 zwi\u0105zanych z czarn\u0105 list\u0105 jurysdykcji ani dzia\u0142alno\u015bci wysokiego ryzyka.","breadcrumb":{"@id":"https:\/\/satchel.eu\/pl\/prohibited-countries-and-activities\/#breadcrumb"},"inLanguage":"pl-PL","potentialAction":[{"@type":"ReadAction","target":["https:\/\/satchel.eu\/pl\/prohibited-countries-and-activities\/"]}]},{"@type":"BreadcrumbList","@id":"https:\/\/satchel.eu\/pl\/prohibited-countries-and-activities\/#breadcrumb","itemListElement":[{"@type":"ListItem","position":1,"name":"Satchel","item":"https:\/\/satchel.eu\/pl\/"},{"@type":"ListItem","position":2,"name":"Blacklisted Jurisdictions and Prohibited Activities"}]},{"@type":"WebSite","@id":"https:\/\/satchel.eu\/pl\/#website","url":"https:\/\/satchel.eu\/pl\/","name":"Satchel","description":"Your money management solution","publisher":{"@id":"https:\/\/satchel.eu\/pl\/#organization"},"potentialAction":[{"@type":"SearchAction","target":{"@type":"EntryPoint","urlTemplate":"https:\/\/satchel.eu\/pl\/?s={search_term_string}"},"query-input":"required name=search_term_string"}],"inLanguage":"pl-PL"},{"@type":"Organization","@id":"https:\/\/satchel.eu\/pl\/#organization","name":"Satchel","url":"https:\/\/satchel.eu\/pl\/","logo":{"@type":"ImageObject","inLanguage":"pl-PL","@id":"https:\/\/satchel.eu\/pl\/#\/schema\/logo\/image\/","url":"https:\/\/satchel.eu\/pl\/wp-content\/uploads\/sites\/6\/2021\/05\/logo-black.jpg","contentUrl":"https:\/\/satchel.eu\/pl\/wp-content\/uploads\/sites\/6\/2021\/05\/logo-black.jpg","width":135,"height":32,"caption":"Satchel"},"image":{"@id":"https:\/\/satchel.eu\/pl\/#\/schema\/logo\/image\/"}}]}},"_links":{"self":[{"href":"https:\/\/satchel.eu\/pl\/wp-json\/wp\/v2\/pages\/137","targetHints":{"allow":["GET"]}}],"collection":[{"href":"https:\/\/satchel.eu\/pl\/wp-json\/wp\/v2\/pages"}],"about":[{"href":"https:\/\/satchel.eu\/pl\/wp-json\/wp\/v2\/types\/page"}],"author":[{"embeddable":true,"href":"https:\/\/satchel.eu\/pl\/wp-json\/wp\/v2\/users\/5"}],"replies":[{"embeddable":true,"href":"https:\/\/satchel.eu\/pl\/wp-json\/wp\/v2\/comments?post=137"}],"version-history":[{"count":16,"href":"https:\/\/satchel.eu\/pl\/wp-json\/wp\/v2\/pages\/137\/revisions"}],"predecessor-version":[{"id":5741,"href":"https:\/\/satchel.eu\/pl\/wp-json\/wp\/v2\/pages\/137\/revisions\/5741"}],"wp:attachment":[{"href":"https:\/\/satchel.eu\/pl\/wp-json\/wp\/v2\/media?parent=137"}],"curies":[{"name":"wp","href":"https:\/\/api.w.org\/{rel}","templated":true}]}}