{"id":141,"date":"2021-03-02T20:37:01","date_gmt":"2021-03-02T18:37:01","guid":{"rendered":"https:\/\/satchel.eu\/?page_id=141"},"modified":"2025-12-08T14:39:06","modified_gmt":"2025-12-08T12:39:06","slug":"security","status":"publish","type":"page","link":"https:\/\/satchel.eu\/pl\/security\/","title":{"rendered":"Bezpiecze\u0144stwo"},"content":{"rendered":"<section class=\"section mh-lg-460px d-lg-flex align-items-lg-center\">\r\n  <div class=\"container\">\r\n    <div class=\"row\">\r\n      <div class=\"col-lg-12 mx-auto\">\r\n        <h1 class=\"mb-15 text-center\">Smart security features to keep your money safe<\/h1>\r\n        <p class=\"mb-0 text-center\">Satchel operates with a European EMI license issued by the National Bank of Lithuania, which ensures that your funds are protected at all times.<\/p>\r\n      <\/div>\r\n    <\/div>\r\n    <div class=\"d-flex align-items-center justify-content-center mt-30\">\r\n      <a href=\"#section2\" class=\"js-scroll-to\"><img decoding=\"async\" class=\"lazyload\" data-src=\"https:\/\/satchel.eu\/pl\/wp-content\/themes\/satchel\/public\/img\/hero-scroll-down-icon.svg?v=2.5\" src=\"data:image\/gif;base64,R0lGODlhAQABAAAAACH5BAEKAAEALAAAAAABAAEAAAICTAEAOw==\" alt><\/a> \r\n    <\/div>\r\n  <\/div>\r\n<\/section>\r\n\r\n<section class=\"section\" id=\"section2\">\r\n  <div class=\"container\">\r\n    <div class=\"row align-items-center\">\r\n      <div class=\"col-md-9 col-lg-6 offset-lg-2 mb-md-0 mb-30\">\r\n        <h2 class=\"mb-15\">Cloud solution<\/h2>\r\n        <p class=\"mb-0\">We have put in place policies and controls that ensure the full protection of user data from potential threats through decentralization. Every time you are interacting with us via digital outlets, or making any kind of operation, you may be certain that the cloud is on guard for security.<\/p>\r\n      <\/div>\r\n      <div class=\"col-md-7 col-lg-6 offset-lg-1 text-md-right\"><img decoding=\"async\" class=\"lazyload\" data-src=\"https:\/\/satchel.eu\/pl\/wp-content\/themes\/satchel\/public\/img\/cloud-solution@2x.png\" width=\"352\" src=\"data:image\/gif;base64,R0lGODlhAQABAAAAACH5BAEKAAEALAAAAAABAAEAAAICTAEAOw==\" alt><\/div>\r\n    <\/div>\r\n  <\/div>\r\n<\/section>\r\n<section class=\"section\">\r\n  <div class=\"container\">\r\n    <div class=\"row align-items-center\">\r\n      <div class=\"col-md-7 col-lg-6 offset-lg-2 order-2 order-md-1\"><img decoding=\"async\" class=\"lazyload\" data-src=\"https:\/\/satchel.eu\/pl\/wp-content\/themes\/satchel\/public\/img\/2fa@2x.png\" width=\"332\" src=\"data:image\/gif;base64,R0lGODlhAQABAAAAACH5BAEKAAEALAAAAAABAAEAAAICTAEAOw==\" alt><\/div>\r\n      <div class=\"col-md-9 col-lg-6 offset-lg-1 mb-md-0 mb-30 order-1 order-md-2\">\r\n        <h2 class=\"mb-15\">2FA<\/h2>\r\n        <p class=\"mb-0\">By enabling two-factor authentication, we have added an extra layer of security to your authentication process, making it quite a challenge for cybercriminals to get their hands on your personal data. Even if your password gets compromised, it still not enough to break into your Satchel account.<\/p>\r\n      <\/div>\r\n    <\/div>\r\n  <\/div>\r\n<\/section>\r\n<section class=\"section\">\r\n  <div class=\"container\">\r\n    <div class=\"row align-items-center\">\r\n      <div class=\"col-md-9 col-lg-6 offset-lg-2 mb-md-0 mb-30\">\r\n        <h2 class=\"mb-15\">3D Secure<\/h2>\r\n        <p class=\"mb-0\">This advanced security tool gets activated every time you make an online purchase or payment, double-checking whether it\u2019s actually you on the other side of the screen. It is just another authentication step that allows us to safely confirm your online transaction.<\/p>\r\n      <\/div>\r\n      <div class=\"col-md-7 col-lg-6 offset-lg-1 text-md-right\"><img decoding=\"async\" class=\"lazyload\" data-src=\"https:\/\/satchel.eu\/pl\/wp-content\/themes\/satchel\/public\/img\/3d-secure@2x.png\" width=\"264\" src=\"data:image\/gif;base64,R0lGODlhAQABAAAAACH5BAEKAAEALAAAAAABAAEAAAICTAEAOw==\" alt><\/div>\r\n    <\/div>\r\n  <\/div>\r\n<\/section>\r\n<section class=\"section\">\r\n  <div class=\"container\">\r\n    <div class=\"row align-items-center\">\r\n      <div class=\"col-md-7 col-lg-6 offset-lg-2 order-2 order-md-1\"><img decoding=\"async\" class=\"lazyload\" data-src=\"https:\/\/satchel.eu\/pl\/wp-content\/themes\/satchel\/public\/img\/segregated-accounts@2x.png\" width=\"256\" src=\"data:image\/gif;base64,R0lGODlhAQABAAAAACH5BAEKAAEALAAAAAABAAEAAAICTAEAOw==\" alt><\/div>\r\n      <div class=\"col-md-9 col-lg-6 offset-lg-1 mb-md-0 mb-30 order-1 order-md-2\">\r\n        <h2 class=\"mb-15\">Segregated accounts<\/h2>\r\n        <p class=\"mb-0\">Under our license, we are obliged to keep clients&#8217; money in a separate account with the National Bank of Lithuania. This way we eliminate any concerns on your part regarding the security of funds location.<\/p>\r\n      <\/div>\r\n    <\/div>\r\n  <\/div>\r\n<\/section>\r\n<section class=\"section\">\r\n  <div class=\"container\">\r\n    <div class=\"row align-items-center\">\r\n      <div class=\"col-md-9 col-lg-6 offset-lg-2 mb-md-0 mb-30\">\r\n        <h2 class=\"mb-15\">Anti-fraud software and system procedures<\/h2>\r\n        <p class=\"mb-0\">These are among the most important security features we have in place. The software, along with a set of special procedures, helps us detect and prevent any dangerous activity that can potentially harm your funds.<\/p>\r\n      <\/div>\r\n      <div class=\"col-md-7 col-lg-6 offset-lg-1 text-md-right\"><img decoding=\"async\" class=\"lazyload\" data-src=\"https:\/\/satchel.eu\/pl\/wp-content\/themes\/satchel\/public\/img\/anti-fraud@2x.png\" width=\"306\" src=\"data:image\/gif;base64,R0lGODlhAQABAAAAACH5BAEKAAEALAAAAAABAAEAAAICTAEAOw==\" alt><\/div>\r\n    <\/div>\r\n  <\/div>\r\n<\/section>\r\n<section class=\"section\">\r\n  <div class=\"container\">\r\n    <div class=\"row align-items-center\">\r\n      <div class=\"col-md-7 col-lg-6 offset-lg-2 order-2 order-md-1 d-md-block d-none\"><img decoding=\"async\" class=\"lazyload\" data-src=\"https:\/\/satchel.eu\/pl\/wp-content\/themes\/satchel\/public\/img\/support.jpg\" width=\"360\" height=\"282\" src=\"data:image\/gif;base64,R0lGODlhAQABAAAAACH5BAEKAAEALAAAAAABAAEAAAICTAEAOw==\" alt><\/div>\r\n      <div class=\"col-md-9 col-lg-6 offset-lg-1 mb-md-0 mb-30 order-1 order-md-2\">\r\n        <h2 class=\"mb-15\">A customer service that is always there<\/h2>\r\n        <p class=\"mb-25\">If you still find yourself concerned about the security of your money or sensitive data, do not hesitate to contact our customer support.<\/p>\r\n        <div class=\"d-flex justify-content-center justify-content-md-start flex-column flex-sm-row\">\r\n          <a class=\"btn btn-primary mr-sm-20 mb-10 mb-sm-0\" href=\"https:\/\/satchel.eu\/pl\/contact-us\/\">Contacts<\/a>\r\n          <a class=\"btn btn-primary mr-sm-20 mb-10 mb-sm-0\" href=\"https:\/\/satchel.eu\/pl\/faq\/\">FAQ<\/a>\r\n          <a class=\"btn btn-outline-primary btn-outline-primary--contact\" href=\"tel:+37052141818\">+370 5214 1818<\/a>\r\n        <\/div>\r\n      <\/div>\r\n    <\/div>\r\n  <\/div>\r\n<\/section>","protected":false},"excerpt":{"rendered":"Smart security features to keep your money safe Satchel operates with a European EMI license issued by the National Bank of Lithuania, which ensures that your funds are protected at all times. Cloud solution We have put in place policies and controls that ensure the full protection of user data from potential threats through decentralization&#8230;.","protected":false},"author":5,"featured_media":0,"parent":0,"menu_order":0,"comment_status":"closed","ping_status":"closed","template":"templates\/security.php","meta":{"_acf_changed":false,"footnotes":""},"class_list":["post-141","page","type-page","status-publish","hentry"],"acf":[],"yoast_head":"<!-- This site is optimized with the Yoast SEO plugin v22.0 - https:\/\/yoast.com\/wordpress\/plugins\/seo\/ -->\n<title>Solidne inteligentne zabezpieczenia - Satchel<\/title>\n<meta name=\"description\" content=\"Odkryj szczeg\u00f3\u0142y solidnych funkcji zabezpieczenia wdro\u017conych w Satchel, kt\u00f3re chroni\u0105 Twoje pieni\u0105dze, w tym 3D Secure, 2FA oraz rozwi\u0105zania chmurowe.\" \/>\n<meta name=\"robots\" content=\"index, follow, max-snippet:-1, max-image-preview:large, max-video-preview:-1\" \/>\n<link rel=\"canonical\" href=\"https:\/\/satchel.eu\/pl\/security\/\" \/>\n<meta property=\"og:locale\" content=\"pl_PL\" \/>\n<meta property=\"og:type\" content=\"article\" \/>\n<meta property=\"og:title\" content=\"Solidne inteligentne zabezpieczenia - Satchel\" \/>\n<meta property=\"og:description\" content=\"Odkryj szczeg\u00f3\u0142y solidnych funkcji zabezpieczenia wdro\u017conych w Satchel, kt\u00f3re chroni\u0105 Twoje pieni\u0105dze, w tym 3D Secure, 2FA oraz rozwi\u0105zania chmurowe.\" \/>\n<meta property=\"og:url\" content=\"https:\/\/satchel.eu\/pl\/security\/\" \/>\n<meta property=\"og:site_name\" content=\"Satchel\" \/>\n<meta property=\"article:modified_time\" content=\"2025-12-08T12:39:06+00:00\" \/>\n<meta name=\"twitter:card\" content=\"summary_large_image\" \/>\n<meta name=\"twitter:label1\" content=\"Szacowany czas czytania\" \/>\n\t<meta name=\"twitter:data1\" content=\"4 minuty\" \/>\n<script type=\"application\/ld+json\" class=\"yoast-schema-graph\">{\"@context\":\"https:\/\/schema.org\",\"@graph\":[{\"@type\":\"WebPage\",\"@id\":\"https:\/\/satchel.eu\/pl\/security\/\",\"url\":\"https:\/\/satchel.eu\/pl\/security\/\",\"name\":\"Solidne inteligentne zabezpieczenia - Satchel\",\"isPartOf\":{\"@id\":\"https:\/\/satchel.eu\/pl\/#website\"},\"datePublished\":\"2021-03-02T18:37:01+00:00\",\"dateModified\":\"2025-12-08T12:39:06+00:00\",\"description\":\"Odkryj szczeg\u00f3\u0142y solidnych funkcji zabezpieczenia wdro\u017conych w Satchel, kt\u00f3re chroni\u0105 Twoje pieni\u0105dze, w tym 3D Secure, 2FA oraz rozwi\u0105zania chmurowe.\",\"breadcrumb\":{\"@id\":\"https:\/\/satchel.eu\/pl\/security\/#breadcrumb\"},\"inLanguage\":\"pl-PL\",\"potentialAction\":[{\"@type\":\"ReadAction\",\"target\":[\"https:\/\/satchel.eu\/pl\/security\/\"]}]},{\"@type\":\"BreadcrumbList\",\"@id\":\"https:\/\/satchel.eu\/pl\/security\/#breadcrumb\",\"itemListElement\":[{\"@type\":\"ListItem\",\"position\":1,\"name\":\"Satchel\",\"item\":\"https:\/\/satchel.eu\/pl\/\"},{\"@type\":\"ListItem\",\"position\":2,\"name\":\"Bezpiecze\u0144stwo\"}]},{\"@type\":\"WebSite\",\"@id\":\"https:\/\/satchel.eu\/pl\/#website\",\"url\":\"https:\/\/satchel.eu\/pl\/\",\"name\":\"Satchel\",\"description\":\"Your money management solution\",\"publisher\":{\"@id\":\"https:\/\/satchel.eu\/pl\/#organization\"},\"potentialAction\":[{\"@type\":\"SearchAction\",\"target\":{\"@type\":\"EntryPoint\",\"urlTemplate\":\"https:\/\/satchel.eu\/pl\/?s={search_term_string}\"},\"query-input\":\"required name=search_term_string\"}],\"inLanguage\":\"pl-PL\"},{\"@type\":\"Organization\",\"@id\":\"https:\/\/satchel.eu\/pl\/#organization\",\"name\":\"Satchel\",\"url\":\"https:\/\/satchel.eu\/pl\/\",\"logo\":{\"@type\":\"ImageObject\",\"inLanguage\":\"pl-PL\",\"@id\":\"https:\/\/satchel.eu\/pl\/#\/schema\/logo\/image\/\",\"url\":\"https:\/\/satchel.eu\/pl\/wp-content\/uploads\/sites\/6\/2021\/05\/logo-black.jpg\",\"contentUrl\":\"https:\/\/satchel.eu\/pl\/wp-content\/uploads\/sites\/6\/2021\/05\/logo-black.jpg\",\"width\":135,\"height\":32,\"caption\":\"Satchel\"},\"image\":{\"@id\":\"https:\/\/satchel.eu\/pl\/#\/schema\/logo\/image\/\"}}]}<\/script>\n<!-- \/ Yoast SEO plugin. -->","yoast_head_json":{"title":"Solidne inteligentne zabezpieczenia - Satchel","description":"Odkryj szczeg\u00f3\u0142y solidnych funkcji zabezpieczenia wdro\u017conych w Satchel, kt\u00f3re chroni\u0105 Twoje pieni\u0105dze, w tym 3D Secure, 2FA oraz rozwi\u0105zania chmurowe.","robots":{"index":"index","follow":"follow","max-snippet":"max-snippet:-1","max-image-preview":"max-image-preview:large","max-video-preview":"max-video-preview:-1"},"canonical":"https:\/\/satchel.eu\/pl\/security\/","og_locale":"pl_PL","og_type":"article","og_title":"Solidne inteligentne zabezpieczenia - Satchel","og_description":"Odkryj szczeg\u00f3\u0142y solidnych funkcji zabezpieczenia wdro\u017conych w Satchel, kt\u00f3re chroni\u0105 Twoje pieni\u0105dze, w tym 3D Secure, 2FA oraz rozwi\u0105zania chmurowe.","og_url":"https:\/\/satchel.eu\/pl\/security\/","og_site_name":"Satchel","article_modified_time":"2025-12-08T12:39:06+00:00","twitter_card":"summary_large_image","twitter_misc":{"Szacowany czas czytania":"4 minuty"},"schema":{"@context":"https:\/\/schema.org","@graph":[{"@type":"WebPage","@id":"https:\/\/satchel.eu\/pl\/security\/","url":"https:\/\/satchel.eu\/pl\/security\/","name":"Solidne inteligentne zabezpieczenia - Satchel","isPartOf":{"@id":"https:\/\/satchel.eu\/pl\/#website"},"datePublished":"2021-03-02T18:37:01+00:00","dateModified":"2025-12-08T12:39:06+00:00","description":"Odkryj szczeg\u00f3\u0142y solidnych funkcji zabezpieczenia wdro\u017conych w Satchel, kt\u00f3re chroni\u0105 Twoje pieni\u0105dze, w tym 3D Secure, 2FA oraz rozwi\u0105zania chmurowe.","breadcrumb":{"@id":"https:\/\/satchel.eu\/pl\/security\/#breadcrumb"},"inLanguage":"pl-PL","potentialAction":[{"@type":"ReadAction","target":["https:\/\/satchel.eu\/pl\/security\/"]}]},{"@type":"BreadcrumbList","@id":"https:\/\/satchel.eu\/pl\/security\/#breadcrumb","itemListElement":[{"@type":"ListItem","position":1,"name":"Satchel","item":"https:\/\/satchel.eu\/pl\/"},{"@type":"ListItem","position":2,"name":"Bezpiecze\u0144stwo"}]},{"@type":"WebSite","@id":"https:\/\/satchel.eu\/pl\/#website","url":"https:\/\/satchel.eu\/pl\/","name":"Satchel","description":"Your money management solution","publisher":{"@id":"https:\/\/satchel.eu\/pl\/#organization"},"potentialAction":[{"@type":"SearchAction","target":{"@type":"EntryPoint","urlTemplate":"https:\/\/satchel.eu\/pl\/?s={search_term_string}"},"query-input":"required name=search_term_string"}],"inLanguage":"pl-PL"},{"@type":"Organization","@id":"https:\/\/satchel.eu\/pl\/#organization","name":"Satchel","url":"https:\/\/satchel.eu\/pl\/","logo":{"@type":"ImageObject","inLanguage":"pl-PL","@id":"https:\/\/satchel.eu\/pl\/#\/schema\/logo\/image\/","url":"https:\/\/satchel.eu\/pl\/wp-content\/uploads\/sites\/6\/2021\/05\/logo-black.jpg","contentUrl":"https:\/\/satchel.eu\/pl\/wp-content\/uploads\/sites\/6\/2021\/05\/logo-black.jpg","width":135,"height":32,"caption":"Satchel"},"image":{"@id":"https:\/\/satchel.eu\/pl\/#\/schema\/logo\/image\/"}}]}},"_links":{"self":[{"href":"https:\/\/satchel.eu\/pl\/wp-json\/wp\/v2\/pages\/141","targetHints":{"allow":["GET"]}}],"collection":[{"href":"https:\/\/satchel.eu\/pl\/wp-json\/wp\/v2\/pages"}],"about":[{"href":"https:\/\/satchel.eu\/pl\/wp-json\/wp\/v2\/types\/page"}],"author":[{"embeddable":true,"href":"https:\/\/satchel.eu\/pl\/wp-json\/wp\/v2\/users\/5"}],"replies":[{"embeddable":true,"href":"https:\/\/satchel.eu\/pl\/wp-json\/wp\/v2\/comments?post=141"}],"version-history":[{"count":11,"href":"https:\/\/satchel.eu\/pl\/wp-json\/wp\/v2\/pages\/141\/revisions"}],"predecessor-version":[{"id":2836,"href":"https:\/\/satchel.eu\/pl\/wp-json\/wp\/v2\/pages\/141\/revisions\/2836"}],"wp:attachment":[{"href":"https:\/\/satchel.eu\/pl\/wp-json\/wp\/v2\/media?parent=141"}],"curies":[{"name":"wp","href":"https:\/\/api.w.org\/{rel}","templated":true}]}}