{"id":149,"date":"2021-03-02T20:44:28","date_gmt":"2021-03-02T18:44:28","guid":{"rendered":"https:\/\/satchel.eu\/?page_id=149"},"modified":"2025-12-08T13:34:09","modified_gmt":"2025-12-08T11:34:09","slug":"terms-and-conditions","status":"publish","type":"page","link":"https:\/\/satchel.eu\/pl\/terms-and-conditions\/","title":{"rendered":"Regulamin"},"content":{"rendered":"","protected":false},"excerpt":{"rendered":"","protected":false},"author":5,"featured_media":0,"parent":0,"menu_order":0,"comment_status":"closed","ping_status":"closed","template":"templates\/template-terms-and-conditions.php","meta":{"_acf_changed":false,"footnotes":""},"class_list":["post-149","page","type-page","status-publish","hentry"],"acf":[],"yoast_head":"<!-- This site is optimized with the Yoast SEO plugin v22.0 - https:\/\/yoast.com\/wordpress\/plugins\/seo\/ -->\n<title>Terms &amp; Conditions - Satchel | Zapoznaj si\u0119 z regulaminem.<\/title>\n<meta name=\"description\" content=\"Niniejsze Warunki reguluj\u0105 korzystanie z us\u0142ug Satchel. Przeczytaj, zg\u00f3d\u017a si\u0119 i zaakceptuj Warunki przed utworzeniem konta i korzystaniem z naszej strony.\" \/>\n<meta name=\"robots\" content=\"index, follow, max-snippet:-1, max-image-preview:large, max-video-preview:-1\" \/>\n<link rel=\"canonical\" href=\"https:\/\/satchel.eu\/pl\/terms-and-conditions\/\" \/>\n<meta property=\"og:locale\" content=\"pl_PL\" \/>\n<meta property=\"og:type\" content=\"article\" \/>\n<meta property=\"og:title\" content=\"Terms &amp; Conditions - Satchel | Zapoznaj si\u0119 z regulaminem.\" \/>\n<meta property=\"og:description\" content=\"Niniejsze Warunki reguluj\u0105 korzystanie z us\u0142ug Satchel. Przeczytaj, zg\u00f3d\u017a si\u0119 i zaakceptuj Warunki przed utworzeniem konta i korzystaniem z naszej strony.\" \/>\n<meta property=\"og:url\" content=\"https:\/\/satchel.eu\/pl\/terms-and-conditions\/\" \/>\n<meta property=\"og:site_name\" content=\"Satchel\" \/>\n<meta property=\"article:modified_time\" content=\"2025-12-08T11:34:09+00:00\" \/>\n<meta name=\"twitter:card\" content=\"summary_large_image\" \/>\n<meta name=\"twitter:label1\" content=\"Szacowany czas czytania\" \/>\n\t<meta name=\"twitter:data1\" content=\"51 minut\" \/>\n<script type=\"application\/ld+json\" class=\"yoast-schema-graph\">{\"@context\":\"https:\/\/schema.org\",\"@graph\":[{\"@type\":\"WebPage\",\"@id\":\"https:\/\/satchel.eu\/pl\/terms-and-conditions\/\",\"url\":\"https:\/\/satchel.eu\/pl\/terms-and-conditions\/\",\"name\":\"Terms & Conditions - Satchel | Zapoznaj si\u0119 z regulaminem.\",\"isPartOf\":{\"@id\":\"https:\/\/satchel.eu\/pl\/#website\"},\"datePublished\":\"2021-03-02T18:44:28+00:00\",\"dateModified\":\"2025-12-08T11:34:09+00:00\",\"description\":\"Niniejsze Warunki reguluj\u0105 korzystanie z us\u0142ug Satchel. Przeczytaj, zg\u00f3d\u017a si\u0119 i zaakceptuj Warunki przed utworzeniem konta i korzystaniem z naszej strony.\",\"breadcrumb\":{\"@id\":\"https:\/\/satchel.eu\/pl\/terms-and-conditions\/#breadcrumb\"},\"inLanguage\":\"pl-PL\",\"potentialAction\":[{\"@type\":\"ReadAction\",\"target\":[\"https:\/\/satchel.eu\/pl\/terms-and-conditions\/\"]}]},{\"@type\":\"BreadcrumbList\",\"@id\":\"https:\/\/satchel.eu\/pl\/terms-and-conditions\/#breadcrumb\",\"itemListElement\":[{\"@type\":\"ListItem\",\"position\":1,\"name\":\"Satchel\",\"item\":\"https:\/\/satchel.eu\/pl\/\"},{\"@type\":\"ListItem\",\"position\":2,\"name\":\"Regulamin\"}]},{\"@type\":\"WebSite\",\"@id\":\"https:\/\/satchel.eu\/pl\/#website\",\"url\":\"https:\/\/satchel.eu\/pl\/\",\"name\":\"Satchel\",\"description\":\"Your money management solution\",\"publisher\":{\"@id\":\"https:\/\/satchel.eu\/pl\/#organization\"},\"potentialAction\":[{\"@type\":\"SearchAction\",\"target\":{\"@type\":\"EntryPoint\",\"urlTemplate\":\"https:\/\/satchel.eu\/pl\/?s={search_term_string}\"},\"query-input\":\"required name=search_term_string\"}],\"inLanguage\":\"pl-PL\"},{\"@type\":\"Organization\",\"@id\":\"https:\/\/satchel.eu\/pl\/#organization\",\"name\":\"Satchel\",\"url\":\"https:\/\/satchel.eu\/pl\/\",\"logo\":{\"@type\":\"ImageObject\",\"inLanguage\":\"pl-PL\",\"@id\":\"https:\/\/satchel.eu\/pl\/#\/schema\/logo\/image\/\",\"url\":\"https:\/\/satchel.eu\/pl\/wp-content\/uploads\/sites\/6\/2021\/05\/logo-black.jpg\",\"contentUrl\":\"https:\/\/satchel.eu\/pl\/wp-content\/uploads\/sites\/6\/2021\/05\/logo-black.jpg\",\"width\":135,\"height\":32,\"caption\":\"Satchel\"},\"image\":{\"@id\":\"https:\/\/satchel.eu\/pl\/#\/schema\/logo\/image\/\"}}]}<\/script>\n<!-- \/ Yoast SEO plugin. -->","yoast_head_json":{"title":"Terms & Conditions - Satchel | Zapoznaj si\u0119 z regulaminem.","description":"Niniejsze Warunki reguluj\u0105 korzystanie z us\u0142ug Satchel. Przeczytaj, zg\u00f3d\u017a si\u0119 i zaakceptuj Warunki przed utworzeniem konta i korzystaniem z naszej strony.","robots":{"index":"index","follow":"follow","max-snippet":"max-snippet:-1","max-image-preview":"max-image-preview:large","max-video-preview":"max-video-preview:-1"},"canonical":"https:\/\/satchel.eu\/pl\/terms-and-conditions\/","og_locale":"pl_PL","og_type":"article","og_title":"Terms & Conditions - Satchel | Zapoznaj si\u0119 z regulaminem.","og_description":"Niniejsze Warunki reguluj\u0105 korzystanie z us\u0142ug Satchel. Przeczytaj, zg\u00f3d\u017a si\u0119 i zaakceptuj Warunki przed utworzeniem konta i korzystaniem z naszej strony.","og_url":"https:\/\/satchel.eu\/pl\/terms-and-conditions\/","og_site_name":"Satchel","article_modified_time":"2025-12-08T11:34:09+00:00","twitter_card":"summary_large_image","twitter_misc":{"Szacowany czas czytania":"51 minut"},"schema":{"@context":"https:\/\/schema.org","@graph":[{"@type":"WebPage","@id":"https:\/\/satchel.eu\/pl\/terms-and-conditions\/","url":"https:\/\/satchel.eu\/pl\/terms-and-conditions\/","name":"Terms & Conditions - Satchel | Zapoznaj si\u0119 z regulaminem.","isPartOf":{"@id":"https:\/\/satchel.eu\/pl\/#website"},"datePublished":"2021-03-02T18:44:28+00:00","dateModified":"2025-12-08T11:34:09+00:00","description":"Niniejsze Warunki reguluj\u0105 korzystanie z us\u0142ug Satchel. Przeczytaj, zg\u00f3d\u017a si\u0119 i zaakceptuj Warunki przed utworzeniem konta i korzystaniem z naszej strony.","breadcrumb":{"@id":"https:\/\/satchel.eu\/pl\/terms-and-conditions\/#breadcrumb"},"inLanguage":"pl-PL","potentialAction":[{"@type":"ReadAction","target":["https:\/\/satchel.eu\/pl\/terms-and-conditions\/"]}]},{"@type":"BreadcrumbList","@id":"https:\/\/satchel.eu\/pl\/terms-and-conditions\/#breadcrumb","itemListElement":[{"@type":"ListItem","position":1,"name":"Satchel","item":"https:\/\/satchel.eu\/pl\/"},{"@type":"ListItem","position":2,"name":"Regulamin"}]},{"@type":"WebSite","@id":"https:\/\/satchel.eu\/pl\/#website","url":"https:\/\/satchel.eu\/pl\/","name":"Satchel","description":"Your money management solution","publisher":{"@id":"https:\/\/satchel.eu\/pl\/#organization"},"potentialAction":[{"@type":"SearchAction","target":{"@type":"EntryPoint","urlTemplate":"https:\/\/satchel.eu\/pl\/?s={search_term_string}"},"query-input":"required name=search_term_string"}],"inLanguage":"pl-PL"},{"@type":"Organization","@id":"https:\/\/satchel.eu\/pl\/#organization","name":"Satchel","url":"https:\/\/satchel.eu\/pl\/","logo":{"@type":"ImageObject","inLanguage":"pl-PL","@id":"https:\/\/satchel.eu\/pl\/#\/schema\/logo\/image\/","url":"https:\/\/satchel.eu\/pl\/wp-content\/uploads\/sites\/6\/2021\/05\/logo-black.jpg","contentUrl":"https:\/\/satchel.eu\/pl\/wp-content\/uploads\/sites\/6\/2021\/05\/logo-black.jpg","width":135,"height":32,"caption":"Satchel"},"image":{"@id":"https:\/\/satchel.eu\/pl\/#\/schema\/logo\/image\/"}}]}},"_links":{"self":[{"href":"https:\/\/satchel.eu\/pl\/wp-json\/wp\/v2\/pages\/149","targetHints":{"allow":["GET"]}}],"collection":[{"href":"https:\/\/satchel.eu\/pl\/wp-json\/wp\/v2\/pages"}],"about":[{"href":"https:\/\/satchel.eu\/pl\/wp-json\/wp\/v2\/types\/page"}],"author":[{"embeddable":true,"href":"https:\/\/satchel.eu\/pl\/wp-json\/wp\/v2\/users\/5"}],"replies":[{"embeddable":true,"href":"https:\/\/satchel.eu\/pl\/wp-json\/wp\/v2\/comments?post=149"}],"version-history":[{"count":9,"href":"https:\/\/satchel.eu\/pl\/wp-json\/wp\/v2\/pages\/149\/revisions"}],"predecessor-version":[{"id":6471,"href":"https:\/\/satchel.eu\/pl\/wp-json\/wp\/v2\/pages\/149\/revisions\/6471"}],"wp:attachment":[{"href":"https:\/\/satchel.eu\/pl\/wp-json\/wp\/v2\/media?parent=149"}],"curies":[{"name":"wp","href":"https:\/\/api.w.org\/{rel}","templated":true}]}}