{"id":1541,"date":"2021-04-07T11:06:45","date_gmt":"2021-04-07T08:06:45","guid":{"rendered":"https:\/\/satchel.eu\/?page_id=1541"},"modified":"2023-10-04T15:10:50","modified_gmt":"2023-10-04T12:10:50","slug":"sitemap","status":"publish","type":"page","link":"https:\/\/satchel.eu\/pl\/sitemap\/","title":{"rendered":"Sitemap"},"content":{"rendered":"<section class=\"section\"> \r\n  <div class=\"container\">\r\n    <div class=\"row align-items-center\">\r\n      <div class=\"col-md-12 mx-auto\">\r\n        <h1 class=\"mb-30\">Sitemap<\/h1>\r\n        <h2>Strony<\/h2><ul class=\"simple-sitemap-page\"><li class=\"page_item page-item-47\"><a href=\"https:\/\/satchel.eu\/pl\/aml-policy\/\">AML &#038; Compliance Poilicies<\/a><\/li><li class=\"page_item page-item-49\"><a href=\"https:\/\/satchel.eu\/pl\/api\/\">API<\/a><\/li><li class=\"page_item page-item-96\"><a href=\"https:\/\/satchel.eu\/pl\/satchel-app\/\">Aplikacja Satchel<\/a><\/li><li class=\"page_item page-item-55\"><a href=\"https:\/\/satchel.eu\/pl\/banking-as-a-service\/\">Bankowo\u015b\u0107 jako us\u0142uga (BaaS)<\/a><\/li><li class=\"page_item page-item-141\"><a href=\"https:\/\/satchel.eu\/pl\/security\/\">Bezpiecze\u0144stwo<\/a><\/li><li class=\"page_item page-item-5149\"><a href=\"https:\/\/satchel.eu\/pl\/black-friday-2023\/\">Black Friday 2023<\/a><\/li><li class=\"page_item page-item-6406\"><a href=\"https:\/\/satchel.eu\/pl\/black-friday-2024\/\">Black Friday 2024<\/a><\/li><li class=\"page_item page-item-137\"><a href=\"https:\/\/satchel.eu\/pl\/prohibited-countries-and-activities\/\">Blacklisted Jurisdictions and Prohibited Activities<\/a><\/li><li class=\"page_item page-item-59 current_page_parent\"><a href=\"https:\/\/satchel.eu\/pl\/blog\/\">Blog<\/a><\/li><li class=\"page_item page-item-61\"><a href=\"https:\/\/satchel.eu\/pl\/brochures\/\">Broszury<\/a><\/li><li class=\"page_item page-item-64 page_item_has_children\"><a href=\"https:\/\/satchel.eu\/pl\/business\/\">Business<\/a><ul class='children'><li class=\"page_item page-item-5499\"><a href=\"https:\/\/satchel.eu\/pl\/business\/multi-currency-account\/\">Konto wielowalutowe<\/a><\/li><\/ul><\/li><li class=\"page_item page-item-1570\"><a href=\"https:\/\/satchel.eu\/pl\/customer-complaint-form\/\">Customer complaint form<\/a><\/li><li class=\"page_item page-item-109\"><a href=\"https:\/\/satchel.eu\/pl\/for-institutional-clients\/\">Dla klient\u00f3w instytucjonalnych<\/a><\/li><li class=\"page_item page-item-5262 page_item_has_children\"><a href=\"https:\/\/satchel.eu\/pl\/api-access-request\/\">eAPI Questionnaire<\/a><ul class='children'><li class=\"page_item page-item-5265\"><a href=\"https:\/\/satchel.eu\/pl\/api-access-request\/success\/\">Success<\/a><\/li><\/ul><\/li><li class=\"page_item page-item-99 page_item_has_children\"><a href=\"https:\/\/satchel.eu\/pl\/faq\/\">FAQ<\/a><ul class='children'><li class=\"page_item page-item-101\"><a href=\"https:\/\/satchel.eu\/pl\/faq\/general-information\/\">Informacje og\u00f3lne<\/a><\/li><li class=\"page_item page-item-560\"><a href=\"https:\/\/satchel.eu\/pl\/faq\/satchel-cards\/\">Karty Satchel<\/a><\/li><li class=\"page_item page-item-553\"><a href=\"https:\/\/satchel.eu\/pl\/faq\/login-and-password\/\">Logowanie i has\u0142o<\/a><\/li><li class=\"page_item page-item-557\"><a href=\"https:\/\/satchel.eu\/pl\/faq\/payments-and-transactions\/\">P\u0142atno\u015bci i transakcje<\/a><\/li><li class=\"page_item page-item-543\"><a href=\"https:\/\/satchel.eu\/pl\/faq\/satchel-current-account\/\">Rachunek bie\u017c\u0105cy Satchel<\/a><\/li><li class=\"page_item page-item-2068\"><a href=\"https:\/\/satchel.eu\/pl\/faq\/sepa-the-ultimate-guide\/\">SEPA: Kompletny przewodnik<\/a><\/li><li class=\"page_item page-item-3949\"><a href=\"https:\/\/satchel.eu\/pl\/faq\/account-statement-transaction-receipt\/\">Wyci\u0105g z konta i potwierdzenie transakcji<\/a><\/li><\/ul><\/li><li class=\"page_item page-item-15\"><a href=\"https:\/\/satchel.eu\/pl\/\">Home<\/a><\/li><li class=\"page_item page-item-127\"><a href=\"https:\/\/satchel.eu\/pl\/payment-infrastructure\/\">Infrastruktura p\u0142atnicza<\/a><\/li><li class=\"page_item page-item-665\"><a href=\"https:\/\/satchel.eu\/pl\/payment-infrastructure-for-china\/\">Infrastruktura p\u0142atnicza dla Chin<\/a><\/li><li class=\"page_item page-item-79\"><a href=\"https:\/\/satchel.eu\/pl\/coming-soon\/\">Ju\u017c wkr\u00f3tce<\/a><\/li><li class=\"page_item page-item-70\"><a href=\"https:\/\/satchel.eu\/pl\/careers\/\">Kariera<\/a><\/li><li class=\"page_item page-item-123\"><a href=\"https:\/\/satchel.eu\/pl\/payment-cards\/\">Karty p\u0142atnicze<\/a><\/li><li class=\"page_item page-item-68\"><a href=\"https:\/\/satchel.eu\/pl\/cards-white-label\/\">Karty White Label<\/a><\/li><li class=\"page_item page-item-105\"><a href=\"https:\/\/satchel.eu\/pl\/fintech-consulting\/\">Konsultacje fintech<\/a><\/li><li class=\"page_item page-item-92\"><a href=\"https:\/\/satchel.eu\/pl\/contact-us\/\">Kontakt<\/a><\/li><li class=\"page_item page-item-2965\"><a href=\"https:\/\/satchel.eu\/pl\/freelancer\/\">Konto freelancera<\/a><\/li><li class=\"page_item page-item-2991\"><a href=\"https:\/\/satchel.eu\/pl\/merchant-account\/\">Konto handlowe<\/a><\/li><li class=\"page_item page-item-130 page_item_has_children\"><a href=\"https:\/\/satchel.eu\/pl\/personal\/\">Konto osobiste<\/a><ul class='children'><li class=\"page_item page-item-5506\"><a href=\"https:\/\/satchel.eu\/pl\/personal\/multi-currency-account\/\">Konto wielowalutowe<\/a><\/li><\/ul><\/li><li class=\"page_item page-item-5572\"><a href=\"https:\/\/satchel.eu\/pl\/multi-currency-account\/\">Konto wielowalutowe<\/a><\/li><li class=\"page_item page-item-1549\"><a href=\"https:\/\/satchel.eu\/pl\/limits\/\">Limits<\/a><\/li><li class=\"page_item page-item-2519\"><a href=\"https:\/\/satchel.eu\/pl\/makemoney\/\">Makemoney<\/a><\/li><li class=\"page_item page-item-792 page_item_has_children\"><a href=\"https:\/\/satchel.eu\/pl\/mastercard-benefits\/\">Mastercard Benefits<\/a><ul class='children'><li class=\"page_item page-item-824\"><a href=\"https:\/\/satchel.eu\/pl\/mastercard-benefits\/allsole\/\">AllSole<\/a><\/li><li class=\"page_item page-item-811\"><a href=\"https:\/\/satchel.eu\/pl\/mastercard-benefits\/booking-com\/\">Booking.com<\/a><\/li><li class=\"page_item page-item-2725\"><a href=\"https:\/\/satchel.eu\/pl\/mastercard-benefits\/coggles\/\">COGGLES<\/a><\/li><li class=\"page_item page-item-813\"><a href=\"https:\/\/satchel.eu\/pl\/mastercard-benefits\/disneyland-paris\/\">Disneyland Paris<\/a><\/li><li class=\"page_item page-item-828\"><a href=\"https:\/\/satchel.eu\/pl\/mastercard-benefits\/heathrow-express\/\">Heathrow Express<\/a><\/li><li class=\"page_item page-item-830\"><a href=\"https:\/\/satchel.eu\/pl\/mastercard-benefits\/hotels-com\/\">Hotels.com<\/a><\/li><li class=\"page_item page-item-815\"><a href=\"https:\/\/satchel.eu\/pl\/mastercard-benefits\/iwoot\/\">IWOOT<\/a><\/li><li class=\"page_item page-item-819\"><a href=\"https:\/\/satchel.eu\/pl\/mastercard-benefits\/lookfantastic\/\">LOOKFANTASTIC<\/a><\/li><li class=\"page_item page-item-821\"><a href=\"https:\/\/satchel.eu\/pl\/mastercard-benefits\/mankind\/\">MANKIND<\/a><\/li><li class=\"page_item page-item-2727\"><a href=\"https:\/\/satchel.eu\/pl\/mastercard-benefits\/mybag\/\">MyBag<\/a><\/li><li class=\"page_item page-item-807\"><a href=\"https:\/\/satchel.eu\/pl\/mastercard-benefits\/preferred-hotels-and-resorts\/\">Preferred Hotels &#038; Resorts<\/a><\/li><li class=\"page_item page-item-817\"><a href=\"https:\/\/satchel.eu\/pl\/mastercard-benefits\/the-hut\/\">THE HUT<\/a><\/li><li class=\"page_item page-item-796\"><a href=\"https:\/\/satchel.eu\/pl\/mastercard-benefits\/yoox\/\">YOOX.com<\/a><\/li><li class=\"page_item page-item-826\"><a href=\"https:\/\/satchel.eu\/pl\/mastercard-benefits\/zavvi\/\">zavvi<\/a><\/li><\/ul><\/li><li class=\"page_item page-item-132\"><a href=\"https:\/\/satchel.eu\/pl\/press-kit\/\">Materia\u0142 prasowy<\/a><\/li><li class=\"page_item page-item-1573\"><a href=\"https:\/\/satchel.eu\/pl\/new-missing-credit\/\">New Missing Credit<\/a><\/li><li class=\"page_item page-item-116\"><a href=\"https:\/\/satchel.eu\/pl\/news\/\">News<\/a><\/li><li class=\"page_item page-item-43\"><a href=\"https:\/\/satchel.eu\/pl\/about-us\/\">O nas<\/a><\/li><li class=\"page_item page-item-3419\"><a href=\"https:\/\/satchel.eu\/pl\/open-account\/\">Open Account<\/a><\/li><li class=\"page_item page-item-103\"><a href=\"https:\/\/satchel.eu\/pl\/fees\/\">Op\u0142aty<\/a><\/li><li class=\"page_item page-item-145\"><a href=\"https:\/\/satchel.eu\/pl\/software-as-a-service\/\">Oprogramowanie jako us\u0142uga (SaaS)<\/a><\/li><li class=\"page_item page-item-118\"><a href=\"https:\/\/satchel.eu\/pl\/partnership\/\">Partnerstwo<\/a><\/li><li class=\"page_item page-item-4708\"><a href=\"https:\/\/satchel.eu\/pl\/politically-exposed-person\/\">Politically exposed person<\/a><\/li><li class=\"page_item page-item-135\"><a href=\"https:\/\/satchel.eu\/pl\/privacy-policy\/\">Polityka prywatno\u015bci<\/a><\/li><li class=\"page_item page-item-90\"><a href=\"https:\/\/satchel.eu\/pl\/consumer-rights-and-responsibilities\/\">Prawa i obowi\u0105zki konsument\u00f3w<\/a><\/li><li class=\"page_item page-item-2790\"><a href=\"https:\/\/satchel.eu\/pl\/proud-to-be-ukrainian\/\">Proud to be Ukrainian<\/a><\/li><li class=\"page_item page-item-4661\"><a href=\"https:\/\/satchel.eu\/pl\/sepa-instant-transfers\/\">Przelewy natychmiastowe SEPA<\/a><\/li><li class=\"page_item page-item-139\"><a href=\"https:\/\/satchel.eu\/pl\/provisions-of-using-payment-cards\/\">Przepisty dotycz\u0105ce korzystania z kart p\u0142atniczych<\/a><\/li><li class=\"page_item page-item-149\"><a href=\"https:\/\/satchel.eu\/pl\/terms-and-conditions\/\">Regulamin<\/a><\/li><li class=\"page_item page-item-1544\"><a href=\"https:\/\/satchel.eu\/pl\/rules-on-investigation-of-complaints-satchel\/\">Rules on investigation of complaints Satchel<\/a><\/li><li class=\"page_item page-item-1652\"><a href=\"https:\/\/satchel.eu\/pl\/satchel-atm-pos-foreign-exchange-rates\/\">Satchel ATM\/POS Foreign Exchange rates<\/a><\/li><li class=\"page_item page-item-4598\"><a href=\"https:\/\/satchel.eu\/pl\/new-account-options\/\">Sepa Swift Selector<\/a><\/li><li class=\"page_item page-item-1686\"><a href=\"https:\/\/satchel.eu\/pl\/sub-account-request-form\/\">Sub account request Form<\/a><\/li><li class=\"page_item page-item-151\"><a href=\"https:\/\/satchel.eu\/pl\/unique-iban\/\">Unikalny IBAN<\/a><\/li><li class=\"page_item page-item-5543\"><a href=\"https:\/\/satchel.eu\/pl\/unique-swift-multi-currency-personal-accounts-promo-2024\/\">Unique Swift Multi-Currency Personal Accounts<\/a><\/li><li class=\"page_item page-item-94\"><a href=\"https:\/\/satchel.eu\/pl\/currency-exchange\/\">Wymiana walut<\/a><\/li><li class=\"page_item page-item-45\"><a href=\"https:\/\/satchel.eu\/pl\/acceptable-use-policy\/\">Zasady dopuszczalnego u\u017cytkowania<\/a><\/li><li class=\"page_item page-item-112\"><a href=\"https:\/\/satchel.eu\/pl\/documents-set-for-business\/\">Zestaw dokument\u00f3w dla firm<\/a><\/li><li class=\"page_item page-item-114\"><a href=\"https:\/\/satchel.eu\/pl\/documents-set-for-personal\/\">Zestaw dokument\u00f3w dla os\u00f3b fizycznych<\/a><\/li><li class=\"page_item page-item-2840\"><a href=\"https:\/\/satchel.eu\/pl\/list-of-documents-for-private-account-ua\/\">\u041f\u0435\u0440\u0435\u043b\u0456\u043a \u0434\u043e\u043a\u0443\u043c\u0435\u043d\u0442\u0456\u0432, \u043d\u0435\u043e\u0431\u0445\u0456\u0434\u043d\u0438\u0445 \u0434\u043b\u044f \u0432\u0456\u0434\u043a\u0440\u0438\u0442\u0442\u044f \u043e\u0441\u043e\u0431\u043e\u0432\u043e\u0433\u043e \u0440\u0430\u0445\u0443\u043d\u043a\u0443<\/a><\/li><\/ul><h2>Wpisy<\/h2><p>Sorry, no posts matched your criteria.<\/p>\r\n      <\/div>\r\n    <\/div>\r\n  <\/div>\r\n<\/section>\r\n","protected":false},"excerpt":{"rendered":"Sitemap","protected":false},"author":5,"featured_media":0,"parent":0,"menu_order":0,"comment_status":"closed","ping_status":"closed","template":"","meta":{"_acf_changed":false,"footnotes":""},"class_list":["post-1541","page","type-page","status-publish","hentry"],"acf":[],"yoast_head":"<!-- This site is optimized with the Yoast SEO plugin v22.0 - https:\/\/yoast.com\/wordpress\/plugins\/seo\/ -->\n<title>Sitemap | Satchel.eu<\/title>\n<meta name=\"description\" content=\"Use the Satchel sitemap to help you move around our website.\" \/>\n<meta name=\"robots\" content=\"index, follow, max-snippet:-1, max-image-preview:large, max-video-preview:-1\" \/>\n<link rel=\"canonical\" href=\"https:\/\/satchel.eu\/pl\/sitemap\/\" \/>\n<meta property=\"og:locale\" content=\"pl_PL\" \/>\n<meta property=\"og:type\" content=\"article\" \/>\n<meta property=\"og:title\" content=\"Sitemap | Satchel.eu\" \/>\n<meta property=\"og:description\" content=\"Use the Satchel sitemap to help you move around our website.\" \/>\n<meta property=\"og:url\" content=\"https:\/\/satchel.eu\/pl\/sitemap\/\" \/>\n<meta property=\"og:site_name\" content=\"Satchel\" \/>\n<meta property=\"article:modified_time\" content=\"2023-10-04T12:10:50+00:00\" \/>\n<meta name=\"twitter:card\" content=\"summary_large_image\" \/>\n<meta name=\"twitter:label1\" content=\"Szacowany czas czytania\" \/>\n\t<meta name=\"twitter:data1\" content=\"1 minuta\" \/>\n<script type=\"application\/ld+json\" class=\"yoast-schema-graph\">{\"@context\":\"https:\/\/schema.org\",\"@graph\":[{\"@type\":\"WebPage\",\"@id\":\"https:\/\/satchel.eu\/pl\/sitemap\/\",\"url\":\"https:\/\/satchel.eu\/pl\/sitemap\/\",\"name\":\"Sitemap | Satchel.eu\",\"isPartOf\":{\"@id\":\"https:\/\/satchel.eu\/pl\/#website\"},\"datePublished\":\"2021-04-07T08:06:45+00:00\",\"dateModified\":\"2023-10-04T12:10:50+00:00\",\"description\":\"Use the Satchel sitemap to help you move around our website.\",\"breadcrumb\":{\"@id\":\"https:\/\/satchel.eu\/pl\/sitemap\/#breadcrumb\"},\"inLanguage\":\"pl-PL\",\"potentialAction\":[{\"@type\":\"ReadAction\",\"target\":[\"https:\/\/satchel.eu\/pl\/sitemap\/\"]}]},{\"@type\":\"BreadcrumbList\",\"@id\":\"https:\/\/satchel.eu\/pl\/sitemap\/#breadcrumb\",\"itemListElement\":[{\"@type\":\"ListItem\",\"position\":1,\"name\":\"Satchel\",\"item\":\"https:\/\/satchel.eu\/pl\/\"},{\"@type\":\"ListItem\",\"position\":2,\"name\":\"Sitemap\"}]},{\"@type\":\"WebSite\",\"@id\":\"https:\/\/satchel.eu\/pl\/#website\",\"url\":\"https:\/\/satchel.eu\/pl\/\",\"name\":\"Satchel\",\"description\":\"Your money management solution\",\"publisher\":{\"@id\":\"https:\/\/satchel.eu\/pl\/#organization\"},\"potentialAction\":[{\"@type\":\"SearchAction\",\"target\":{\"@type\":\"EntryPoint\",\"urlTemplate\":\"https:\/\/satchel.eu\/pl\/?s={search_term_string}\"},\"query-input\":\"required name=search_term_string\"}],\"inLanguage\":\"pl-PL\"},{\"@type\":\"Organization\",\"@id\":\"https:\/\/satchel.eu\/pl\/#organization\",\"name\":\"Satchel\",\"url\":\"https:\/\/satchel.eu\/pl\/\",\"logo\":{\"@type\":\"ImageObject\",\"inLanguage\":\"pl-PL\",\"@id\":\"https:\/\/satchel.eu\/pl\/#\/schema\/logo\/image\/\",\"url\":\"https:\/\/satchel.eu\/pl\/wp-content\/uploads\/sites\/6\/2021\/05\/logo-black.jpg\",\"contentUrl\":\"https:\/\/satchel.eu\/pl\/wp-content\/uploads\/sites\/6\/2021\/05\/logo-black.jpg\",\"width\":135,\"height\":32,\"caption\":\"Satchel\"},\"image\":{\"@id\":\"https:\/\/satchel.eu\/pl\/#\/schema\/logo\/image\/\"}}]}<\/script>\n<!-- \/ Yoast SEO plugin. -->","yoast_head_json":{"title":"Sitemap | Satchel.eu","description":"Use the Satchel sitemap to help you move around our website.","robots":{"index":"index","follow":"follow","max-snippet":"max-snippet:-1","max-image-preview":"max-image-preview:large","max-video-preview":"max-video-preview:-1"},"canonical":"https:\/\/satchel.eu\/pl\/sitemap\/","og_locale":"pl_PL","og_type":"article","og_title":"Sitemap | Satchel.eu","og_description":"Use the Satchel sitemap to help you move around our website.","og_url":"https:\/\/satchel.eu\/pl\/sitemap\/","og_site_name":"Satchel","article_modified_time":"2023-10-04T12:10:50+00:00","twitter_card":"summary_large_image","twitter_misc":{"Szacowany czas czytania":"1 minuta"},"schema":{"@context":"https:\/\/schema.org","@graph":[{"@type":"WebPage","@id":"https:\/\/satchel.eu\/pl\/sitemap\/","url":"https:\/\/satchel.eu\/pl\/sitemap\/","name":"Sitemap | Satchel.eu","isPartOf":{"@id":"https:\/\/satchel.eu\/pl\/#website"},"datePublished":"2021-04-07T08:06:45+00:00","dateModified":"2023-10-04T12:10:50+00:00","description":"Use the Satchel sitemap to help you move around our website.","breadcrumb":{"@id":"https:\/\/satchel.eu\/pl\/sitemap\/#breadcrumb"},"inLanguage":"pl-PL","potentialAction":[{"@type":"ReadAction","target":["https:\/\/satchel.eu\/pl\/sitemap\/"]}]},{"@type":"BreadcrumbList","@id":"https:\/\/satchel.eu\/pl\/sitemap\/#breadcrumb","itemListElement":[{"@type":"ListItem","position":1,"name":"Satchel","item":"https:\/\/satchel.eu\/pl\/"},{"@type":"ListItem","position":2,"name":"Sitemap"}]},{"@type":"WebSite","@id":"https:\/\/satchel.eu\/pl\/#website","url":"https:\/\/satchel.eu\/pl\/","name":"Satchel","description":"Your money management solution","publisher":{"@id":"https:\/\/satchel.eu\/pl\/#organization"},"potentialAction":[{"@type":"SearchAction","target":{"@type":"EntryPoint","urlTemplate":"https:\/\/satchel.eu\/pl\/?s={search_term_string}"},"query-input":"required name=search_term_string"}],"inLanguage":"pl-PL"},{"@type":"Organization","@id":"https:\/\/satchel.eu\/pl\/#organization","name":"Satchel","url":"https:\/\/satchel.eu\/pl\/","logo":{"@type":"ImageObject","inLanguage":"pl-PL","@id":"https:\/\/satchel.eu\/pl\/#\/schema\/logo\/image\/","url":"https:\/\/satchel.eu\/pl\/wp-content\/uploads\/sites\/6\/2021\/05\/logo-black.jpg","contentUrl":"https:\/\/satchel.eu\/pl\/wp-content\/uploads\/sites\/6\/2021\/05\/logo-black.jpg","width":135,"height":32,"caption":"Satchel"},"image":{"@id":"https:\/\/satchel.eu\/pl\/#\/schema\/logo\/image\/"}}]}},"_links":{"self":[{"href":"https:\/\/satchel.eu\/pl\/wp-json\/wp\/v2\/pages\/1541","targetHints":{"allow":["GET"]}}],"collection":[{"href":"https:\/\/satchel.eu\/pl\/wp-json\/wp\/v2\/pages"}],"about":[{"href":"https:\/\/satchel.eu\/pl\/wp-json\/wp\/v2\/types\/page"}],"author":[{"embeddable":true,"href":"https:\/\/satchel.eu\/pl\/wp-json\/wp\/v2\/users\/5"}],"replies":[{"embeddable":true,"href":"https:\/\/satchel.eu\/pl\/wp-json\/wp\/v2\/comments?post=1541"}],"version-history":[{"count":10,"href":"https:\/\/satchel.eu\/pl\/wp-json\/wp\/v2\/pages\/1541\/revisions"}],"predecessor-version":[{"id":4904,"href":"https:\/\/satchel.eu\/pl\/wp-json\/wp\/v2\/pages\/1541\/revisions\/4904"}],"wp:attachment":[{"href":"https:\/\/satchel.eu\/pl\/wp-json\/wp\/v2\/media?parent=1541"}],"curies":[{"name":"wp","href":"https:\/\/api.w.org\/{rel}","templated":true}]}}