{"id":1570,"date":"2021-04-08T23:20:16","date_gmt":"2021-04-08T20:20:16","guid":{"rendered":"https:\/\/satchel.eu\/?page_id=1570"},"modified":"2025-12-08T14:16:26","modified_gmt":"2025-12-08T12:16:26","slug":"customer-complaint-form","status":"publish","type":"page","link":"https:\/\/satchel.eu\/pl\/customer-complaint-form\/","title":{"rendered":"Customer complaint form"},"content":{"rendered":"<section class=\"section form-page\">\r\n  <div class=\"container\">\r\n    <div class=\"row\">\r\n      <div class=\"col-lg-14 mx-auto\">\r\n        <h1 class=\"mb-30\">Customer complaint form<\/h1>\r\n        <form action=\"https:\/\/forms.zohopublic.eu\/document\/form\/Customercomplaintform\/formperma\/rH360tuKMF9OGF-7XDXFCRlOPcdRY8pExq84uA7Lrrk\/htmlRecords\/submit\" method=\"POST\" id=\"customer_complaint_form\" accept-charset='UTF-8' enctype='multipart\/form-data'>\n\n  <input type=\"hidden\" name=\"zf_referrer_name\" value=\"\"><!-- To Track referrals , place the referrer name within the \" \" in the above hidden input field -->\n  <input type=\"hidden\" name=\"zf_redirect_url\" value=\"\"><!-- To redirect to a specific page after record submission , place the respective url within the \" \" in the above hidden input field -->\n  <input type=\"hidden\" id=\"zc_gad\" name=\"zc_gad\" value=\"\"\/><!-- If GCLID is enabled in Zoho CRM Integration, click details of AdWords Ads will be pushed to Zoho CRM -->\n\n  <input type=\"hidden\" name=\"SingleLine6\" checktype=\"c1\" value=\"\" maxlength=\"255\" fieldType=\"1\" placeholder=\" \" class=\"js-input-utm\" \/>\n\n  <p class=\"h4 mb-25\">Dane klienta<\/p>\n\n  <div class=\"row form-group mb-15\">\n    <div class=\"col-md-8 mb-15 mb-md-0 form-control-wrap\">\n      <label for=\"customer_complaint_1\">Imi\u0119 i nazwisko \/ Nazwa firmy <span class=\"text-red\">*<\/span><\/label>\n      <input type=\"text\" name=\"SingleLine\" value=\"\" size=\"40\" class=\"form-control\" id=\"customer_complaint_1\">\n    <\/div>\n    <div class=\"col-md-8 form-control-wrap\">\n      <label for=\"customer_complaint_2\">Kod prawny (dla os\u00f3b prawnych)<\/label>\n      <input type=\"text\" name=\"SingleLine1\" value=\"\" size=\"40\" class=\"form-control\" id=\"customer_complaint_2\">\n    <\/div>\n  <\/div>\n\n  <div class=\"form-group mb-15 form-control-wrap\">\n    <label for=\"customer_complaint_3\">Adres<\/label>\n    <input type=\"text\" name=\"SingleLine2\" value=\"\" size=\"40\" class=\"form-control\" id=\"customer_complaint_3\">\n  <\/div>\n\n  <div class=\"row form-group mb-65\">\n    <div class=\"col-md-8 mb-15 mb-md-0 form-control-wrap\">\n      <label for=\"customer_complaint_4\">Telefon<\/label>\n      <input type=\"tel\" name=\"PhoneNumber_countrycode\" value=\"\" size=\"40\" class=\"form-control\" id=\"customer_complaint_4\">\n    <\/div>\n    <div class=\"col-md-8 form-control-wrap\">\n      <label for=\"customer_complaint_5\">E-mail <span class=\"text-red\">*<\/span><\/label>\n      <input type=\"email\" name=\"Email\" value=\"\" size=\"40\" class=\"form-control\" id=\"customer_complaint_5\">\n    <\/div>\n  <\/div>\n\n  <div class=\"form-group form-group--float mb-16 ohnohoney\">\n    <input class=\"form-control\" type=\"text\" name=\"input_15_10\" id=\"customer_complaint_subject\" placeholder=\" \" autocomplete=\"new-password\" \/>\n    <label class=\"form__label\" for=\"customer_complaint_subject\">Subject<\/label>\n  <\/div>\n\n  <p class=\"h4 mb-25\">Szczeg\u00f3\u0142y dot. reklamacji<\/p>\n\n  <div class=\"form-group mb-15 form-control-wrap\">\n    <label for=\"customer_complaint_6\">Data <span class=\"text-red\">*<\/span><\/label>\n    <input type=\"text\" name=\"Date\" value=\"\" size=\"40\" class=\"form-control js-datepicker-complaint\" id=\"customer_complaint_6\">\n  <\/div>\n  <div class=\"form-group mb-15 form-control-wrap\">\n    <label for=\"customer_complaint_7\">Pow\u00f3d reklamacji <span class=\"text-red\">*<\/span><\/label>\n    <input type=\"text\" name=\"SingleLine3\" value=\"\" size=\"40\" class=\"form-control\" id=\"customer_complaint_7\">\n  <\/div>\n  <div class=\"form-group mb-15 form-control-wrap\">\n    <label for=\"customer_complaint_8\">\u017b\u0105danie zwi\u0105zane z reklamacj\u0105 <span class=\"text-red\">*<\/span><\/label>\n    <textarea name=\"MultiLine\" cols=\"40\" rows=\"10\" class=\"form-control\" id=\"customer_complaint_8\"><\/textarea>\n  <\/div>\n  <div class=\"form-group mb-40 form-control-wrap\">\n    <label for=\"customer_complaint_9\">Podpis klienta (wydrukowane nazwisko)<\/label>\n    <input type=\"text\" name=\"SingleLine4\" value=\"\" size=\"40\" class=\"form-control\" id=\"customer_complaint_9\">\n  <\/div>\n\n  <div class=\"mb-25 text-center\">\n    <div class=\"cf-turnstile\" data-sitekey=\"0x4AAAAAAABwP3bz0lOUJjSm\" data-theme=\"light\" data-size=\"normal\"><\/div>\n    <div class=\"recaptcha-error error wpcf7-not-valid-tip\" style=\"display:none;\">Sprawd\u017a, czy jeste\u015b cz\u0142owiekiem.<\/div>\n  <\/div>\n\n  <div class=\"text-center d-flex flex-column align-items-center\">\n    <button class=\"btn btn-primary w-175px wpcf7-form-control wpcf7-submit\" type=\"submit\">Prze\u015blij<\/button>\n  <\/div>\n\n  <div class=\"response-output error wpcf7-not-valid-tip mt-20 text-center\" style=\"display:none;\"><\/div>\n<\/form>\n      <\/div>\r\n    <\/div>\r\n  <\/div>\r\n<\/section>","protected":false},"excerpt":{"rendered":"Customer complaint form Dane klienta Imi\u0119 i nazwisko \/ Nazwa firmy * Kod prawny (dla os\u00f3b prawnych) Adres Telefon E-mail * Subject Szczeg\u00f3\u0142y dot. reklamacji Data * Pow\u00f3d reklamacji * \u017b\u0105danie zwi\u0105zane z reklamacj\u0105 * Podpis klienta (wydrukowane nazwisko) Sprawd\u017a, czy jeste\u015b cz\u0142owiekiem. Prze\u015blij","protected":false},"author":5,"featured_media":0,"parent":0,"menu_order":0,"comment_status":"closed","ping_status":"closed","template":"","meta":{"_acf_changed":false,"footnotes":""},"class_list":["post-1570","page","type-page","status-publish","hentry"],"acf":[],"yoast_head":"<!-- This site is optimized with the Yoast SEO plugin v22.0 - https:\/\/yoast.com\/wordpress\/plugins\/seo\/ -->\n<title>Twoja opinia jest wa\u017cna | Satchel.eu<\/title>\n<meta name=\"description\" content=\"Je\u015bli mieli Pa\u0144stwo problem z naszymi us\u0142ugami, prosimy o z\u0142o\u017cenie reklamacji, a my do\u0142o\u017cymy stara\u0144, by go rozwi\u0105za\u0107.\" \/>\n<meta name=\"robots\" content=\"index, follow, max-snippet:-1, max-image-preview:large, max-video-preview:-1\" \/>\n<link rel=\"canonical\" href=\"https:\/\/satchel.eu\/pl\/customer-complaint-form\/\" \/>\n<meta property=\"og:locale\" content=\"pl_PL\" \/>\n<meta property=\"og:type\" content=\"article\" \/>\n<meta property=\"og:title\" content=\"Twoja opinia jest wa\u017cna | Satchel.eu\" \/>\n<meta property=\"og:description\" content=\"Je\u015bli mieli Pa\u0144stwo problem z naszymi us\u0142ugami, prosimy o z\u0142o\u017cenie reklamacji, a my do\u0142o\u017cymy stara\u0144, by go rozwi\u0105za\u0107.\" \/>\n<meta property=\"og:url\" content=\"https:\/\/satchel.eu\/pl\/customer-complaint-form\/\" \/>\n<meta property=\"og:site_name\" content=\"Satchel\" \/>\n<meta property=\"article:modified_time\" content=\"2025-12-08T12:16:26+00:00\" \/>\n<meta name=\"twitter:card\" content=\"summary_large_image\" \/>\n<meta name=\"twitter:label1\" content=\"Szacowany czas czytania\" \/>\n\t<meta name=\"twitter:data1\" content=\"1 minuta\" \/>\n<script type=\"application\/ld+json\" class=\"yoast-schema-graph\">{\"@context\":\"https:\/\/schema.org\",\"@graph\":[{\"@type\":\"WebPage\",\"@id\":\"https:\/\/satchel.eu\/pl\/customer-complaint-form\/\",\"url\":\"https:\/\/satchel.eu\/pl\/customer-complaint-form\/\",\"name\":\"Twoja opinia jest wa\u017cna | Satchel.eu\",\"isPartOf\":{\"@id\":\"https:\/\/satchel.eu\/pl\/#website\"},\"datePublished\":\"2021-04-08T20:20:16+00:00\",\"dateModified\":\"2025-12-08T12:16:26+00:00\",\"description\":\"Je\u015bli mieli Pa\u0144stwo problem z naszymi us\u0142ugami, prosimy o z\u0142o\u017cenie reklamacji, a my do\u0142o\u017cymy stara\u0144, by go rozwi\u0105za\u0107.\",\"breadcrumb\":{\"@id\":\"https:\/\/satchel.eu\/pl\/customer-complaint-form\/#breadcrumb\"},\"inLanguage\":\"pl-PL\",\"potentialAction\":[{\"@type\":\"ReadAction\",\"target\":[\"https:\/\/satchel.eu\/pl\/customer-complaint-form\/\"]}]},{\"@type\":\"BreadcrumbList\",\"@id\":\"https:\/\/satchel.eu\/pl\/customer-complaint-form\/#breadcrumb\",\"itemListElement\":[{\"@type\":\"ListItem\",\"position\":1,\"name\":\"Satchel\",\"item\":\"https:\/\/satchel.eu\/pl\/\"},{\"@type\":\"ListItem\",\"position\":2,\"name\":\"Customer complaint form\"}]},{\"@type\":\"WebSite\",\"@id\":\"https:\/\/satchel.eu\/pl\/#website\",\"url\":\"https:\/\/satchel.eu\/pl\/\",\"name\":\"Satchel\",\"description\":\"Your money management solution\",\"publisher\":{\"@id\":\"https:\/\/satchel.eu\/pl\/#organization\"},\"potentialAction\":[{\"@type\":\"SearchAction\",\"target\":{\"@type\":\"EntryPoint\",\"urlTemplate\":\"https:\/\/satchel.eu\/pl\/?s={search_term_string}\"},\"query-input\":\"required name=search_term_string\"}],\"inLanguage\":\"pl-PL\"},{\"@type\":\"Organization\",\"@id\":\"https:\/\/satchel.eu\/pl\/#organization\",\"name\":\"Satchel\",\"url\":\"https:\/\/satchel.eu\/pl\/\",\"logo\":{\"@type\":\"ImageObject\",\"inLanguage\":\"pl-PL\",\"@id\":\"https:\/\/satchel.eu\/pl\/#\/schema\/logo\/image\/\",\"url\":\"https:\/\/satchel.eu\/pl\/wp-content\/uploads\/sites\/6\/2021\/05\/logo-black.jpg\",\"contentUrl\":\"https:\/\/satchel.eu\/pl\/wp-content\/uploads\/sites\/6\/2021\/05\/logo-black.jpg\",\"width\":135,\"height\":32,\"caption\":\"Satchel\"},\"image\":{\"@id\":\"https:\/\/satchel.eu\/pl\/#\/schema\/logo\/image\/\"}}]}<\/script>\n<!-- \/ Yoast SEO plugin. -->","yoast_head_json":{"title":"Twoja opinia jest wa\u017cna | Satchel.eu","description":"Je\u015bli mieli Pa\u0144stwo problem z naszymi us\u0142ugami, prosimy o z\u0142o\u017cenie reklamacji, a my do\u0142o\u017cymy stara\u0144, by go rozwi\u0105za\u0107.","robots":{"index":"index","follow":"follow","max-snippet":"max-snippet:-1","max-image-preview":"max-image-preview:large","max-video-preview":"max-video-preview:-1"},"canonical":"https:\/\/satchel.eu\/pl\/customer-complaint-form\/","og_locale":"pl_PL","og_type":"article","og_title":"Twoja opinia jest wa\u017cna | Satchel.eu","og_description":"Je\u015bli mieli Pa\u0144stwo problem z naszymi us\u0142ugami, prosimy o z\u0142o\u017cenie reklamacji, a my do\u0142o\u017cymy stara\u0144, by go rozwi\u0105za\u0107.","og_url":"https:\/\/satchel.eu\/pl\/customer-complaint-form\/","og_site_name":"Satchel","article_modified_time":"2025-12-08T12:16:26+00:00","twitter_card":"summary_large_image","twitter_misc":{"Szacowany czas czytania":"1 minuta"},"schema":{"@context":"https:\/\/schema.org","@graph":[{"@type":"WebPage","@id":"https:\/\/satchel.eu\/pl\/customer-complaint-form\/","url":"https:\/\/satchel.eu\/pl\/customer-complaint-form\/","name":"Twoja opinia jest wa\u017cna | Satchel.eu","isPartOf":{"@id":"https:\/\/satchel.eu\/pl\/#website"},"datePublished":"2021-04-08T20:20:16+00:00","dateModified":"2025-12-08T12:16:26+00:00","description":"Je\u015bli mieli Pa\u0144stwo problem z naszymi us\u0142ugami, prosimy o z\u0142o\u017cenie reklamacji, a my do\u0142o\u017cymy stara\u0144, by go rozwi\u0105za\u0107.","breadcrumb":{"@id":"https:\/\/satchel.eu\/pl\/customer-complaint-form\/#breadcrumb"},"inLanguage":"pl-PL","potentialAction":[{"@type":"ReadAction","target":["https:\/\/satchel.eu\/pl\/customer-complaint-form\/"]}]},{"@type":"BreadcrumbList","@id":"https:\/\/satchel.eu\/pl\/customer-complaint-form\/#breadcrumb","itemListElement":[{"@type":"ListItem","position":1,"name":"Satchel","item":"https:\/\/satchel.eu\/pl\/"},{"@type":"ListItem","position":2,"name":"Customer complaint form"}]},{"@type":"WebSite","@id":"https:\/\/satchel.eu\/pl\/#website","url":"https:\/\/satchel.eu\/pl\/","name":"Satchel","description":"Your money management solution","publisher":{"@id":"https:\/\/satchel.eu\/pl\/#organization"},"potentialAction":[{"@type":"SearchAction","target":{"@type":"EntryPoint","urlTemplate":"https:\/\/satchel.eu\/pl\/?s={search_term_string}"},"query-input":"required name=search_term_string"}],"inLanguage":"pl-PL"},{"@type":"Organization","@id":"https:\/\/satchel.eu\/pl\/#organization","name":"Satchel","url":"https:\/\/satchel.eu\/pl\/","logo":{"@type":"ImageObject","inLanguage":"pl-PL","@id":"https:\/\/satchel.eu\/pl\/#\/schema\/logo\/image\/","url":"https:\/\/satchel.eu\/pl\/wp-content\/uploads\/sites\/6\/2021\/05\/logo-black.jpg","contentUrl":"https:\/\/satchel.eu\/pl\/wp-content\/uploads\/sites\/6\/2021\/05\/logo-black.jpg","width":135,"height":32,"caption":"Satchel"},"image":{"@id":"https:\/\/satchel.eu\/pl\/#\/schema\/logo\/image\/"}}]}},"_links":{"self":[{"href":"https:\/\/satchel.eu\/pl\/wp-json\/wp\/v2\/pages\/1570","targetHints":{"allow":["GET"]}}],"collection":[{"href":"https:\/\/satchel.eu\/pl\/wp-json\/wp\/v2\/pages"}],"about":[{"href":"https:\/\/satchel.eu\/pl\/wp-json\/wp\/v2\/types\/page"}],"author":[{"embeddable":true,"href":"https:\/\/satchel.eu\/pl\/wp-json\/wp\/v2\/users\/5"}],"replies":[{"embeddable":true,"href":"https:\/\/satchel.eu\/pl\/wp-json\/wp\/v2\/comments?post=1570"}],"version-history":[{"count":5,"href":"https:\/\/satchel.eu\/pl\/wp-json\/wp\/v2\/pages\/1570\/revisions"}],"predecessor-version":[{"id":3380,"href":"https:\/\/satchel.eu\/pl\/wp-json\/wp\/v2\/pages\/1570\/revisions\/3380"}],"wp:attachment":[{"href":"https:\/\/satchel.eu\/pl\/wp-json\/wp\/v2\/media?parent=1570"}],"curies":[{"name":"wp","href":"https:\/\/api.w.org\/{rel}","templated":true}]}}