{"id":1652,"date":"2021-04-12T12:28:51","date_gmt":"2021-04-12T09:28:51","guid":{"rendered":"https:\/\/satchel.eu\/?page_id=1652"},"modified":"2025-12-08T14:38:34","modified_gmt":"2025-12-08T12:38:34","slug":"satchel-atm-pos-foreign-exchange-rates","status":"publish","type":"page","link":"https:\/\/satchel.eu\/pl\/satchel-atm-pos-foreign-exchange-rates\/","title":{"rendered":"Satchel ATM\/POS Foreign Exchange rates"},"content":{"rendered":"<section class=\"section pt-45 pt-md-70\">\r\n  <div class=\"container\">\r\n    <div class=\"row\">\r\n      <div class=\"col-lg-12 mx-auto\">\r\n        <h1 class=\"text-center mb-50\">Satchel ATM\/POS Foreign Exchange rates<\/h1>\r\n      <\/div>\r\n    <\/div>\r\n    <div class=\"row\">\r\n      <div class=\"col-lg-12 mx-auto\">\r\n        <p>European Union (EU) Regulation 518\/2019 seeks to increase transparency for currency conversion costs for card payments in the EEA countries.<\/p>\r\n        <p>EEA countries issuers must publish on their website the percentage difference between the following rates:<\/p>\r\n        \r\n        <div class=\"fees-table fees-table--card mb-30\">\r\n          <div class=\"fees-table__overflow\">\r\n            <table>\r\n              <tr>\r\n                <th class=\"text-left\" align=\"left\" valign=\"middle\">Tariff Plan<\/th>\r\n                <th class=\"text-right\" align=\"right\" valign=\"middle\">Markup rate<\/th>\r\n              <\/tr>\r\n              <tr>\r\n                <td align=\"left\" valign=\"middle\">Proud to be Lithuanian<\/td>\r\n                <td align=\"right\" valign=\"middle\">1%<\/td>\r\n              <\/tr>\r\n              <tr>\r\n                <td align=\"left\" valign=\"middle\">Regular Spender<\/td>\r\n                <td align=\"right\" valign=\"middle\">1%<\/td>\r\n              <\/tr>\r\n              <tr>\r\n                <td align=\"left\" valign=\"middle\">Active Spender \/ Traveler<\/td>\r\n                <td align=\"right\" valign=\"middle\">1%<\/td>\r\n              <\/tr>\r\n              <tr>\r\n                <td align=\"left\" valign=\"middle\">Small \/ Medium Business<\/td>\r\n                <td align=\"right\" valign=\"middle\">1%<\/td>\r\n              <\/tr>\r\n              <tr>\r\n                <td align=\"left\" valign=\"middle\">Any Custom tariff (WL)<\/td>\r\n                <td align=\"right\" valign=\"middle\">1%<\/td>\r\n              <\/tr>\r\n            <\/table>\r\n          <\/div>\r\n        <\/div>\r\n        \r\n        <p>The respective last published euro foreign exchange (from the European Central Bank) reference rates. The euro foreign exchange reference rates are published by the ECB on its website and selected wire services at around 16:00 CET.<\/p>\r\n        <p>Euro foreign exchange reference by the ECB:<\/p>\r\n        \r\n        <div class=\"fees-table fees-table--card mb-30\">\r\n          <div class=\"fees-table__overflow\">\r\n            <table>\r\n              <tr>\r\n                <th class=\"text-left\" align=\"left\" valign=\"middle\">Currency<\/th>\r\n                <th class=\"text-right\" align=\"right\" valign=\"middle\">Spot<\/th>\r\n              <\/tr>\r\n              <tr>\r\n                <td align=\"left\" valign=\"middle\">US dollar<\/td>\r\n                <td align=\"right\" valign=\"middle\">1.2136<\/td>\r\n              <\/tr>\r\n              <tr>\r\n                <td align=\"left\" valign=\"middle\">Japanese yen<\/td>\r\n                <td align=\"right\" valign=\"middle\">127.05<\/td>\r\n              <\/tr>\r\n              <tr>\r\n                <td align=\"left\" valign=\"middle\">Bulgarian lev<\/td>\r\n                <td align=\"right\" valign=\"middle\">1.9558<\/td>\r\n              <\/tr>\r\n              <tr>\r\n                <td align=\"left\" valign=\"middle\">Czech koruna<\/td>\r\n                <td align=\"right\" valign=\"middle\">26.020<\/td>\r\n              <\/tr>\r\n              <tr>\r\n                <td align=\"left\" valign=\"middle\">Danish krone<\/td>\r\n                <td align=\"right\" valign=\"middle\">7.4370<\/td>\r\n              <\/tr>\r\n              <tr>\r\n                <td align=\"left\" valign=\"middle\">Pound sterling<\/td>\r\n                <td align=\"right\" valign=\"middle\">0.88383<\/td>\r\n              <\/tr>\r\n              <tr>\r\n                <td align=\"left\" valign=\"middle\">Hungarian forint<\/td>\r\n                <td align=\"right\" valign=\"middle\">358.39<\/td>\r\n              <\/tr>\r\n              <tr>\r\n                <td align=\"left\" valign=\"middle\">Polish zloty<\/td>\r\n                <td align=\"right\" valign=\"middle\">4.5304<\/td>\r\n              <\/tr>\r\n              <tr>\r\n                <td align=\"left\" valign=\"middle\">Romanian leu<\/td>\r\n                <td align=\"right\" valign=\"middle\">4.8750<\/td>\r\n              <\/tr>\r\n              <tr>\r\n                <td align=\"left\" valign=\"middle\">Swedish krona<\/td>\r\n                <td align=\"right\" valign=\"middle\">10.1110<\/td>\r\n              <\/tr>\r\n              <tr>\r\n                <td align=\"left\" valign=\"middle\">Swiss franc<\/td>\r\n                <td align=\"right\" valign=\"middle\">1.0798<\/td>\r\n              <\/tr>\r\n              <tr>\r\n                <td align=\"left\" valign=\"middle\">Icelandic krona<\/td>\r\n                <td align=\"right\" valign=\"middle\">156.10<\/td>\r\n              <\/tr>\r\n              <tr>\r\n                <td align=\"left\" valign=\"middle\">Norwegian krone<\/td>\r\n                <td align=\"right\" valign=\"middle\">10.3430<\/td>\r\n              <\/tr>\r\n              <!-- <tr>\r\n                <td align=\"left\" valign=\"middle\">Croatian kuna<\/td>\r\n                <td align=\"right\" valign=\"middle\">7.5658<\/td>\r\n              <\/tr> -->\r\n              <!--<tr>\r\n                <td align=\"left\" valign=\"middle\">Russian rouble<\/td>\r\n                <td align=\"right\" valign=\"middle\">91.8979<\/td>\r\n              <\/tr>-->\r\n              <tr>\r\n                <td align=\"left\" valign=\"middle\">Turkish lira<\/td>\r\n                <td align=\"right\" valign=\"middle\">8.8772<\/td>\r\n              <\/tr>\r\n              <tr>\r\n                <td align=\"left\" valign=\"middle\">Australian dollar<\/td>\r\n                <td align=\"right\" valign=\"middle\">1.5819<\/td>\r\n              <\/tr>\r\n              <tr>\r\n                <td align=\"left\" valign=\"middle\">Brazilian real<\/td>\r\n                <td align=\"right\" valign=\"middle\">6.6568<\/td>\r\n              <\/tr>\r\n              <tr>\r\n                <td align=\"left\" valign=\"middle\">Canadian dollar<\/td>\r\n                <td align=\"right\" valign=\"middle\">1.5520<\/td>\r\n              <\/tr>\r\n              <tr>\r\n                <td align=\"left\" valign=\"middle\">Chinese yuan renminbi<\/td>\r\n                <td align=\"right\" valign=\"middle\">7.8047<\/td>\r\n              <\/tr>\r\n              <tr>\r\n                <td align=\"left\" valign=\"middle\">Hong Kong dollar<\/td>\r\n                <td align=\"right\" valign=\"middle\">9.4093<\/td>\r\n              <\/tr>\r\n              <tr>\r\n                <td align=\"left\" valign=\"middle\">Indonesian rupiah<\/td>\r\n                <td align=\"right\" valign=\"middle\">16994.16<\/td>\r\n              <\/tr>\r\n              <tr>\r\n                <td align=\"left\" valign=\"middle\">Israeli shekel<\/td>\r\n                <td align=\"right\" valign=\"middle\">3.9814<\/td>\r\n              <\/tr>\r\n              <tr>\r\n                <td align=\"left\" valign=\"middle\">Indian rupee<\/td>\r\n                <td align=\"right\" valign=\"middle\">88.4320<\/td>\r\n              <\/tr>\r\n              <tr>\r\n                <td align=\"left\" valign=\"middle\">South Korean won<\/td>\r\n                <td align=\"right\" valign=\"middle\">1354.98<\/td>\r\n              <\/tr>\r\n              <tr>\r\n                <td align=\"left\" valign=\"middle\">Mexican peso<\/td>\r\n                <td align=\"right\" valign=\"middle\">24.5417<\/td>\r\n              <\/tr>\r\n              <tr>\r\n                <td align=\"left\" valign=\"middle\">Malaysian ringgit<\/td>\r\n                <td align=\"right\" valign=\"middle\">4.9060<\/td>\r\n              <\/tr>\r\n              <tr>\r\n                <td align=\"left\" valign=\"middle\">New Zealand dollar<\/td>\r\n                <td align=\"right\" valign=\"middle\">1.6863<\/td>\r\n              <\/tr>\r\n              <tr>\r\n                <td align=\"left\" valign=\"middle\">Philippine peso<\/td>\r\n                <td align=\"right\" valign=\"middle\">58.333<\/td>\r\n              <\/tr>\r\n              <tr>\r\n                <td align=\"left\" valign=\"middle\">Singapore dollar<\/td>\r\n                <td align=\"right\" valign=\"middle\">1.6121<\/td>\r\n              <\/tr>\r\n              <tr>\r\n                <td align=\"left\" valign=\"middle\">Thai baht<\/td>\r\n                <td align=\"right\" valign=\"middle\">36.287<\/td>\r\n              <\/tr>\r\n              <tr>\r\n                <td align=\"left\" valign=\"middle\">South African rand<\/td>\r\n                <td align=\"right\" valign=\"middle\">18.3058<\/td>\r\n              <\/tr>\r\n            <\/table>\r\n          <\/div>\r\n        <\/div>\r\n\r\n        <div class=\"fees-notes mt-30 text-center\">\r\n          <a href=\"https:\/\/www.ecb.europa.eu\/stats\/pdf\/exchange\/Frameworkfortheeuroforeignexchangereferencerates.en.pdf?c883afa875c74877fdf4634dcb85688c\" target=\"_blank\" rel=\"noopener noreferrer\" class=\"p-sm2 mb-0\">Useful info: Framework for the euro foreign exchange reference rates<\/a>\r\n        <\/div>\r\n        \r\n      <\/div>\r\n    <\/div>\r\n  <\/div>\r\n<\/section>","protected":false},"excerpt":{"rendered":"Satchel ATM\/POS Foreign Exchange rates European Union (EU) Regulation 518\/2019 seeks to increase transparency for currency conversion costs for card payments in the EEA countries. EEA countries issuers must publish on their website the percentage difference between the following rates: Tariff Plan Markup rate Proud to be Lithuanian 1% Regular Spender 1% Active Spender \/&#8230;","protected":false},"author":5,"featured_media":0,"parent":0,"menu_order":0,"comment_status":"closed","ping_status":"closed","template":"","meta":{"_acf_changed":false,"footnotes":""},"class_list":["post-1652","page","type-page","status-publish","hentry"],"acf":[],"yoast_head":"<!-- This site is optimized with the Yoast SEO plugin v22.0 - https:\/\/yoast.com\/wordpress\/plugins\/seo\/ -->\n<title>Kursy wymiany walut ATM\/POS | Satchel.eu<\/title>\n<meta name=\"description\" content=\"Sprawd\u017a kursy wymiany walut przy swoich transakcjach ATM i POS, aby mie\u0107 pe\u0142n\u0105 kontrol\u0119 nad kosztami przewalutowania.\" \/>\n<meta name=\"robots\" content=\"index, follow, max-snippet:-1, max-image-preview:large, max-video-preview:-1\" \/>\n<link rel=\"canonical\" href=\"https:\/\/satchel.eu\/pl\/satchel-atm-pos-foreign-exchange-rates\/\" \/>\n<meta property=\"og:locale\" content=\"pl_PL\" \/>\n<meta property=\"og:type\" content=\"article\" \/>\n<meta property=\"og:title\" content=\"Kursy wymiany walut ATM\/POS | Satchel.eu\" \/>\n<meta property=\"og:description\" content=\"Sprawd\u017a kursy wymiany walut przy swoich transakcjach ATM i POS, aby mie\u0107 pe\u0142n\u0105 kontrol\u0119 nad kosztami przewalutowania.\" \/>\n<meta property=\"og:url\" content=\"https:\/\/satchel.eu\/pl\/satchel-atm-pos-foreign-exchange-rates\/\" \/>\n<meta property=\"og:site_name\" content=\"Satchel\" \/>\n<meta property=\"article:modified_time\" content=\"2025-12-08T12:38:34+00:00\" \/>\n<meta name=\"twitter:card\" content=\"summary_large_image\" \/>\n<meta name=\"twitter:label1\" content=\"Szacowany czas czytania\" \/>\n\t<meta name=\"twitter:data1\" content=\"2 minuty\" \/>\n<script type=\"application\/ld+json\" class=\"yoast-schema-graph\">{\"@context\":\"https:\/\/schema.org\",\"@graph\":[{\"@type\":\"WebPage\",\"@id\":\"https:\/\/satchel.eu\/pl\/satchel-atm-pos-foreign-exchange-rates\/\",\"url\":\"https:\/\/satchel.eu\/pl\/satchel-atm-pos-foreign-exchange-rates\/\",\"name\":\"Kursy wymiany walut ATM\/POS | Satchel.eu\",\"isPartOf\":{\"@id\":\"https:\/\/satchel.eu\/pl\/#website\"},\"datePublished\":\"2021-04-12T09:28:51+00:00\",\"dateModified\":\"2025-12-08T12:38:34+00:00\",\"description\":\"Sprawd\u017a kursy wymiany walut przy swoich transakcjach ATM i POS, aby mie\u0107 pe\u0142n\u0105 kontrol\u0119 nad kosztami przewalutowania.\",\"breadcrumb\":{\"@id\":\"https:\/\/satchel.eu\/pl\/satchel-atm-pos-foreign-exchange-rates\/#breadcrumb\"},\"inLanguage\":\"pl-PL\",\"potentialAction\":[{\"@type\":\"ReadAction\",\"target\":[\"https:\/\/satchel.eu\/pl\/satchel-atm-pos-foreign-exchange-rates\/\"]}]},{\"@type\":\"BreadcrumbList\",\"@id\":\"https:\/\/satchel.eu\/pl\/satchel-atm-pos-foreign-exchange-rates\/#breadcrumb\",\"itemListElement\":[{\"@type\":\"ListItem\",\"position\":1,\"name\":\"Satchel\",\"item\":\"https:\/\/satchel.eu\/pl\/\"},{\"@type\":\"ListItem\",\"position\":2,\"name\":\"Satchel ATM\/POS Foreign Exchange rates\"}]},{\"@type\":\"WebSite\",\"@id\":\"https:\/\/satchel.eu\/pl\/#website\",\"url\":\"https:\/\/satchel.eu\/pl\/\",\"name\":\"Satchel\",\"description\":\"Your money management solution\",\"publisher\":{\"@id\":\"https:\/\/satchel.eu\/pl\/#organization\"},\"potentialAction\":[{\"@type\":\"SearchAction\",\"target\":{\"@type\":\"EntryPoint\",\"urlTemplate\":\"https:\/\/satchel.eu\/pl\/?s={search_term_string}\"},\"query-input\":\"required name=search_term_string\"}],\"inLanguage\":\"pl-PL\"},{\"@type\":\"Organization\",\"@id\":\"https:\/\/satchel.eu\/pl\/#organization\",\"name\":\"Satchel\",\"url\":\"https:\/\/satchel.eu\/pl\/\",\"logo\":{\"@type\":\"ImageObject\",\"inLanguage\":\"pl-PL\",\"@id\":\"https:\/\/satchel.eu\/pl\/#\/schema\/logo\/image\/\",\"url\":\"https:\/\/satchel.eu\/pl\/wp-content\/uploads\/sites\/6\/2021\/05\/logo-black.jpg\",\"contentUrl\":\"https:\/\/satchel.eu\/pl\/wp-content\/uploads\/sites\/6\/2021\/05\/logo-black.jpg\",\"width\":135,\"height\":32,\"caption\":\"Satchel\"},\"image\":{\"@id\":\"https:\/\/satchel.eu\/pl\/#\/schema\/logo\/image\/\"}}]}<\/script>\n<!-- \/ Yoast SEO plugin. -->","yoast_head_json":{"title":"Kursy wymiany walut ATM\/POS | Satchel.eu","description":"Sprawd\u017a kursy wymiany walut przy swoich transakcjach ATM i POS, aby mie\u0107 pe\u0142n\u0105 kontrol\u0119 nad kosztami przewalutowania.","robots":{"index":"index","follow":"follow","max-snippet":"max-snippet:-1","max-image-preview":"max-image-preview:large","max-video-preview":"max-video-preview:-1"},"canonical":"https:\/\/satchel.eu\/pl\/satchel-atm-pos-foreign-exchange-rates\/","og_locale":"pl_PL","og_type":"article","og_title":"Kursy wymiany walut ATM\/POS | Satchel.eu","og_description":"Sprawd\u017a kursy wymiany walut przy swoich transakcjach ATM i POS, aby mie\u0107 pe\u0142n\u0105 kontrol\u0119 nad kosztami przewalutowania.","og_url":"https:\/\/satchel.eu\/pl\/satchel-atm-pos-foreign-exchange-rates\/","og_site_name":"Satchel","article_modified_time":"2025-12-08T12:38:34+00:00","twitter_card":"summary_large_image","twitter_misc":{"Szacowany czas czytania":"2 minuty"},"schema":{"@context":"https:\/\/schema.org","@graph":[{"@type":"WebPage","@id":"https:\/\/satchel.eu\/pl\/satchel-atm-pos-foreign-exchange-rates\/","url":"https:\/\/satchel.eu\/pl\/satchel-atm-pos-foreign-exchange-rates\/","name":"Kursy wymiany walut ATM\/POS | Satchel.eu","isPartOf":{"@id":"https:\/\/satchel.eu\/pl\/#website"},"datePublished":"2021-04-12T09:28:51+00:00","dateModified":"2025-12-08T12:38:34+00:00","description":"Sprawd\u017a kursy wymiany walut przy swoich transakcjach ATM i POS, aby mie\u0107 pe\u0142n\u0105 kontrol\u0119 nad kosztami przewalutowania.","breadcrumb":{"@id":"https:\/\/satchel.eu\/pl\/satchel-atm-pos-foreign-exchange-rates\/#breadcrumb"},"inLanguage":"pl-PL","potentialAction":[{"@type":"ReadAction","target":["https:\/\/satchel.eu\/pl\/satchel-atm-pos-foreign-exchange-rates\/"]}]},{"@type":"BreadcrumbList","@id":"https:\/\/satchel.eu\/pl\/satchel-atm-pos-foreign-exchange-rates\/#breadcrumb","itemListElement":[{"@type":"ListItem","position":1,"name":"Satchel","item":"https:\/\/satchel.eu\/pl\/"},{"@type":"ListItem","position":2,"name":"Satchel ATM\/POS Foreign Exchange rates"}]},{"@type":"WebSite","@id":"https:\/\/satchel.eu\/pl\/#website","url":"https:\/\/satchel.eu\/pl\/","name":"Satchel","description":"Your money management solution","publisher":{"@id":"https:\/\/satchel.eu\/pl\/#organization"},"potentialAction":[{"@type":"SearchAction","target":{"@type":"EntryPoint","urlTemplate":"https:\/\/satchel.eu\/pl\/?s={search_term_string}"},"query-input":"required name=search_term_string"}],"inLanguage":"pl-PL"},{"@type":"Organization","@id":"https:\/\/satchel.eu\/pl\/#organization","name":"Satchel","url":"https:\/\/satchel.eu\/pl\/","logo":{"@type":"ImageObject","inLanguage":"pl-PL","@id":"https:\/\/satchel.eu\/pl\/#\/schema\/logo\/image\/","url":"https:\/\/satchel.eu\/pl\/wp-content\/uploads\/sites\/6\/2021\/05\/logo-black.jpg","contentUrl":"https:\/\/satchel.eu\/pl\/wp-content\/uploads\/sites\/6\/2021\/05\/logo-black.jpg","width":135,"height":32,"caption":"Satchel"},"image":{"@id":"https:\/\/satchel.eu\/pl\/#\/schema\/logo\/image\/"}}]}},"_links":{"self":[{"href":"https:\/\/satchel.eu\/pl\/wp-json\/wp\/v2\/pages\/1652","targetHints":{"allow":["GET"]}}],"collection":[{"href":"https:\/\/satchel.eu\/pl\/wp-json\/wp\/v2\/pages"}],"about":[{"href":"https:\/\/satchel.eu\/pl\/wp-json\/wp\/v2\/types\/page"}],"author":[{"embeddable":true,"href":"https:\/\/satchel.eu\/pl\/wp-json\/wp\/v2\/users\/5"}],"replies":[{"embeddable":true,"href":"https:\/\/satchel.eu\/pl\/wp-json\/wp\/v2\/comments?post=1652"}],"version-history":[{"count":6,"href":"https:\/\/satchel.eu\/pl\/wp-json\/wp\/v2\/pages\/1652\/revisions"}],"predecessor-version":[{"id":5561,"href":"https:\/\/satchel.eu\/pl\/wp-json\/wp\/v2\/pages\/1652\/revisions\/5561"}],"wp:attachment":[{"href":"https:\/\/satchel.eu\/pl\/wp-json\/wp\/v2\/media?parent=1652"}],"curies":[{"name":"wp","href":"https:\/\/api.w.org\/{rel}","templated":true}]}}