{"id":3949,"date":"2023-01-11T13:47:47","date_gmt":"2023-01-11T11:47:47","guid":{"rendered":"https:\/\/satchel.eu\/?page_id=3949"},"modified":"2025-12-29T15:41:08","modified_gmt":"2025-12-29T13:41:08","slug":"account-statement-transaction-receipt","status":"publish","type":"page","link":"https:\/\/satchel.eu\/pl\/faq\/account-statement-transaction-receipt\/","title":{"rendered":"Wyci\u0105g z konta i potwierdzenie transakcji"},"content":{"rendered":"<section class=\"section\">\r\n  <div class=\"container\">\r\n    <div class=\"row\">\r\n      <div class=\"col-lg-10 mx-auto\">\r\n\r\n        <h1 class=\"mb-50\">How to download account statement and transaction receipt?<\/h1>\r\n\r\n        <h2>Account statement<\/h2>\r\n        <p class=\"p-md\">Each Customer has the option to download an account statement of his\/her particular account that shows the transactions flow for the period selected.<\/p>\r\n        <p class=\"p-md\"><b>Step 1. Navigate to all Accounts tab from the side menu<\/b><\/p>\r\n        <p class=\"p-md\">\r\n          <picture>\r\n            <source\r\n              srcset=\"data:image\/gif;base64,R0lGODlhAQABAAAAACH5BAEKAAEALAAAAAABAAEAAAICTAEAOw==\"\r\n              data-srcset=\"https:\/\/satchel.eu\/pl\/wp-content\/themes\/satchel\/public\/img\/webp\/faq\/account-statement-transaction-receipt\/img1-min.webp\"\r\n              type=\"image\/webp\" \/>\r\n            <source\r\n              srcset=\"data:image\/gif;base64,R0lGODlhAQABAAAAACH5BAEKAAEALAAAAAABAAEAAAICTAEAOw==\"\r\n              data-srcset=\"https:\/\/satchel.eu\/pl\/wp-content\/themes\/satchel\/public\/img\/faq\/account-statement-transaction-receipt\/img1-min.jpg\"\r\n              type=\"image\/jpg\" \/>\r\n            <img decoding=\"async\"\r\n              src=\"data:image\/gif;base64,R0lGODlhAQABAAAAACH5BAEKAAEALAAAAAABAAEAAAICTAEAOw==\"\r\n              data-src=\"https:\/\/satchel.eu\/pl\/wp-content\/themes\/satchel\/public\/img\/faq\/account-statement-transaction-receipt\/img1-min.jpg\"\r\n              width=\"768\" height=\"359\"\r\n              class=\"lazyload\"\r\n              alt=\"\" \/>\r\n          <\/picture>\r\n        <\/p>\r\n        <p class=\"p-md\"><b>Step 2. Select the account that you want to generate a statement for<\/b><\/p>\r\n        <p class=\"p-md\"><b>Step 3. Click the button \u2018Download statement\u2019<\/b><\/p>\r\n        <p class=\"p-md\">\r\n          <picture>\r\n            <source\r\n              srcset=\"data:image\/gif;base64,R0lGODlhAQABAAAAACH5BAEKAAEALAAAAAABAAEAAAICTAEAOw==\"\r\n              data-srcset=\"https:\/\/satchel.eu\/pl\/wp-content\/themes\/satchel\/public\/img\/webp\/faq\/account-statement-transaction-receipt\/img2-min.webp\"\r\n              type=\"image\/webp\" \/>\r\n            <source\r\n              srcset=\"data:image\/gif;base64,R0lGODlhAQABAAAAACH5BAEKAAEALAAAAAABAAEAAAICTAEAOw==\"\r\n              data-srcset=\"https:\/\/satchel.eu\/pl\/wp-content\/themes\/satchel\/public\/img\/faq\/account-statement-transaction-receipt\/img2-min.jpg\"\r\n              type=\"image\/jpg\" \/>\r\n            <img decoding=\"async\"\r\n              src=\"data:image\/gif;base64,R0lGODlhAQABAAAAACH5BAEKAAEALAAAAAABAAEAAAICTAEAOw==\"\r\n              data-src=\"https:\/\/satchel.eu\/pl\/wp-content\/themes\/satchel\/public\/img\/faq\/account-statement-transaction-receipt\/img2-min.jpg\"\r\n              width=\"768\" height=\"364\"\r\n              class=\"lazyload\"\r\n              alt=\"\" \/>\r\n          <\/picture>\r\n        <\/p>\r\n        <p class=\"p-md\"><b>Step 4. Pick the date range for which the report will be generated.<\/b><\/p>\r\n        <p class=\"p-md\">Please note that reporting dates can only be defined for the 1 year period in your account statement.<\/p>\r\n        <p class=\"p-md\">\r\n          <picture>\r\n            <source\r\n              srcset=\"data:image\/gif;base64,R0lGODlhAQABAAAAACH5BAEKAAEALAAAAAABAAEAAAICTAEAOw==\"\r\n              data-srcset=\"https:\/\/satchel.eu\/pl\/wp-content\/themes\/satchel\/public\/img\/webp\/faq\/account-statement-transaction-receipt\/img3-min.webp\"\r\n              type=\"image\/webp\" \/>\r\n            <source\r\n              srcset=\"data:image\/gif;base64,R0lGODlhAQABAAAAACH5BAEKAAEALAAAAAABAAEAAAICTAEAOw==\"\r\n              data-srcset=\"https:\/\/satchel.eu\/pl\/wp-content\/themes\/satchel\/public\/img\/faq\/account-statement-transaction-receipt\/img3-min.jpg\"\r\n              type=\"image\/jpg\" \/>\r\n            <img decoding=\"async\"\r\n              src=\"data:image\/gif;base64,R0lGODlhAQABAAAAACH5BAEKAAEALAAAAAABAAEAAAICTAEAOw==\"\r\n              data-src=\"https:\/\/satchel.eu\/pl\/wp-content\/themes\/satchel\/public\/img\/faq\/account-statement-transaction-receipt\/img3-min.jpg\"\r\n              width=\"768\" height=\"337\"\r\n              class=\"lazyload\"\r\n              alt=\"\" \/>\r\n          <\/picture>\r\n        <\/p>\r\n        <p class=\"p-md\"><b>Step 5. Select the desired format for the file and click \u2018Download\u2019. The file will be automatically downloaded to your PC.<\/b><\/p>\r\n        \r\n        <h2>Transaction receipt<\/h2>\r\n        <p class=\"p-md\">In addition to generating the statement for the entire account, users can also generate a receipt of a specific transaction under the selected account or from the History tab.<\/p>\r\n        <p class=\"p-md\"><b>Step 1. Click on a transaction<\/b><\/p>\r\n        <p class=\"p-md\">NOTE: the option to generate the transaction receipt is available only for a completely processed payment. You cannot download the receipt for rejected transactions or the ones that are still processing.<\/p>\r\n        <p class=\"p-md\">\r\n          <picture>\r\n            <source\r\n              srcset=\"data:image\/gif;base64,R0lGODlhAQABAAAAACH5BAEKAAEALAAAAAABAAEAAAICTAEAOw==\"\r\n              data-srcset=\"https:\/\/satchel.eu\/pl\/wp-content\/themes\/satchel\/public\/img\/webp\/faq\/account-statement-transaction-receipt\/img4-min.webp\"\r\n              type=\"image\/webp\" \/>\r\n            <source\r\n              srcset=\"data:image\/gif;base64,R0lGODlhAQABAAAAACH5BAEKAAEALAAAAAABAAEAAAICTAEAOw==\"\r\n              data-srcset=\"https:\/\/satchel.eu\/pl\/wp-content\/themes\/satchel\/public\/img\/faq\/account-statement-transaction-receipt\/img4-min.jpg\"\r\n              type=\"image\/jpg\" \/>\r\n            <img decoding=\"async\"\r\n              src=\"data:image\/gif;base64,R0lGODlhAQABAAAAACH5BAEKAAEALAAAAAABAAEAAAICTAEAOw==\"\r\n              data-src=\"https:\/\/satchel.eu\/pl\/wp-content\/themes\/satchel\/public\/img\/faq\/account-statement-transaction-receipt\/img4-min.jpg\"\r\n              width=\"768\" height=\"369\"\r\n              class=\"lazyload\"\r\n              alt=\"\" \/>\r\n          <\/picture>\r\n        <\/p>\r\n        <p class=\"p-md\"><b>Step 2. Click on \u201cDownload receipt\u201c<\/b><\/p>\r\n        <p class=\"p-md\">The receipt will be downloaded as a PDF document containing details about that particular payment.<\/p>\r\n\r\n      <\/div>\r\n    <\/div>\r\n  <\/div>\r\n<\/section>","protected":false},"excerpt":{"rendered":"How to download account statement and transaction receipt? Account statement Each Customer has the option to download an account statement of his\/her particular account that shows the transactions flow for the period selected. Step 1. Navigate to all Accounts tab from the side menu Step 2. Select the account that you want to generate a...","protected":false},"author":5,"featured_media":0,"parent":99,"menu_order":0,"comment_status":"closed","ping_status":"closed","template":"","meta":{"_acf_changed":false,"footnotes":""},"class_list":["post-3949","page","type-page","status-publish","hentry"],"acf":[],"yoast_head":"<!-- This site is optimized with the Yoast SEO plugin v22.0 - https:\/\/yoast.com\/wordpress\/plugins\/seo\/ -->\n<title>FAQ | Wyci\u0105g z konta i potwierdzenie transakcji - Satchel<\/title>\n<meta name=\"description\" content=\"Dowiedz si\u0119, jak \u0142atwo pobra\u0107 wyci\u0105g z konta i potwierdzenie transakcji w Satchel \u2013 szczeg\u00f3\u0142owy przewodnik krok po kroku!\" \/>\n<meta name=\"robots\" content=\"index, follow, max-snippet:-1, max-image-preview:large, max-video-preview:-1\" \/>\n<link rel=\"canonical\" href=\"https:\/\/satchel.eu\/pl\/faq\/account-statement-transaction-receipt\/\" \/>\n<meta property=\"og:locale\" content=\"pl_PL\" \/>\n<meta property=\"og:type\" content=\"article\" \/>\n<meta property=\"og:title\" content=\"FAQ | Wyci\u0105g z konta i potwierdzenie transakcji - Satchel\" \/>\n<meta property=\"og:description\" content=\"Dowiedz si\u0119, jak \u0142atwo pobra\u0107 wyci\u0105g z konta i potwierdzenie transakcji w Satchel \u2013 szczeg\u00f3\u0142owy przewodnik krok po kroku!\" \/>\n<meta property=\"og:url\" content=\"https:\/\/satchel.eu\/pl\/faq\/account-statement-transaction-receipt\/\" \/>\n<meta property=\"og:site_name\" content=\"Satchel\" \/>\n<meta property=\"article:modified_time\" content=\"2025-12-29T13:41:08+00:00\" \/>\n<meta name=\"twitter:card\" content=\"summary_large_image\" \/>\n<meta name=\"twitter:label1\" content=\"Szacowany czas czytania\" \/>\n\t<meta name=\"twitter:data1\" content=\"3 minuty\" \/>\n<script type=\"application\/ld+json\" class=\"yoast-schema-graph\">{\"@context\":\"https:\/\/schema.org\",\"@graph\":[{\"@type\":\"WebPage\",\"@id\":\"https:\/\/satchel.eu\/pl\/faq\/account-statement-transaction-receipt\/\",\"url\":\"https:\/\/satchel.eu\/pl\/faq\/account-statement-transaction-receipt\/\",\"name\":\"FAQ | Wyci\u0105g z konta i potwierdzenie transakcji - Satchel\",\"isPartOf\":{\"@id\":\"https:\/\/satchel.eu\/pl\/#website\"},\"datePublished\":\"2023-01-11T11:47:47+00:00\",\"dateModified\":\"2025-12-29T13:41:08+00:00\",\"description\":\"Dowiedz si\u0119, jak \u0142atwo pobra\u0107 wyci\u0105g z konta i potwierdzenie transakcji w Satchel \u2013 szczeg\u00f3\u0142owy przewodnik krok po kroku!\",\"breadcrumb\":{\"@id\":\"https:\/\/satchel.eu\/pl\/faq\/account-statement-transaction-receipt\/#breadcrumb\"},\"inLanguage\":\"pl-PL\",\"potentialAction\":[{\"@type\":\"ReadAction\",\"target\":[\"https:\/\/satchel.eu\/pl\/faq\/account-statement-transaction-receipt\/\"]}]},{\"@type\":\"BreadcrumbList\",\"@id\":\"https:\/\/satchel.eu\/pl\/faq\/account-statement-transaction-receipt\/#breadcrumb\",\"itemListElement\":[{\"@type\":\"ListItem\",\"position\":1,\"name\":\"Satchel\",\"item\":\"https:\/\/satchel.eu\/pl\/\"},{\"@type\":\"ListItem\",\"position\":2,\"name\":\"FAQ\",\"item\":\"https:\/\/satchel.eu\/pl\/faq\/\"},{\"@type\":\"ListItem\",\"position\":3,\"name\":\"Wyci\u0105g z konta i potwierdzenie transakcji\"}]},{\"@type\":\"WebSite\",\"@id\":\"https:\/\/satchel.eu\/pl\/#website\",\"url\":\"https:\/\/satchel.eu\/pl\/\",\"name\":\"Satchel\",\"description\":\"Your money management solution\",\"publisher\":{\"@id\":\"https:\/\/satchel.eu\/pl\/#organization\"},\"potentialAction\":[{\"@type\":\"SearchAction\",\"target\":{\"@type\":\"EntryPoint\",\"urlTemplate\":\"https:\/\/satchel.eu\/pl\/?s={search_term_string}\"},\"query-input\":\"required name=search_term_string\"}],\"inLanguage\":\"pl-PL\"},{\"@type\":\"Organization\",\"@id\":\"https:\/\/satchel.eu\/pl\/#organization\",\"name\":\"Satchel\",\"url\":\"https:\/\/satchel.eu\/pl\/\",\"logo\":{\"@type\":\"ImageObject\",\"inLanguage\":\"pl-PL\",\"@id\":\"https:\/\/satchel.eu\/pl\/#\/schema\/logo\/image\/\",\"url\":\"https:\/\/satchel.eu\/pl\/wp-content\/uploads\/sites\/6\/2021\/05\/logo-black.jpg\",\"contentUrl\":\"https:\/\/satchel.eu\/pl\/wp-content\/uploads\/sites\/6\/2021\/05\/logo-black.jpg\",\"width\":135,\"height\":32,\"caption\":\"Satchel\"},\"image\":{\"@id\":\"https:\/\/satchel.eu\/pl\/#\/schema\/logo\/image\/\"}}]}<\/script>\n<!-- \/ Yoast SEO plugin. -->","yoast_head_json":{"title":"FAQ | Wyci\u0105g z konta i potwierdzenie transakcji - Satchel","description":"Dowiedz si\u0119, jak \u0142atwo pobra\u0107 wyci\u0105g z konta i potwierdzenie transakcji w Satchel \u2013 szczeg\u00f3\u0142owy przewodnik krok po kroku!","robots":{"index":"index","follow":"follow","max-snippet":"max-snippet:-1","max-image-preview":"max-image-preview:large","max-video-preview":"max-video-preview:-1"},"canonical":"https:\/\/satchel.eu\/pl\/faq\/account-statement-transaction-receipt\/","og_locale":"pl_PL","og_type":"article","og_title":"FAQ | Wyci\u0105g z konta i potwierdzenie transakcji - Satchel","og_description":"Dowiedz si\u0119, jak \u0142atwo pobra\u0107 wyci\u0105g z konta i potwierdzenie transakcji w Satchel \u2013 szczeg\u00f3\u0142owy przewodnik krok po kroku!","og_url":"https:\/\/satchel.eu\/pl\/faq\/account-statement-transaction-receipt\/","og_site_name":"Satchel","article_modified_time":"2025-12-29T13:41:08+00:00","twitter_card":"summary_large_image","twitter_misc":{"Szacowany czas czytania":"3 minuty"},"schema":{"@context":"https:\/\/schema.org","@graph":[{"@type":"WebPage","@id":"https:\/\/satchel.eu\/pl\/faq\/account-statement-transaction-receipt\/","url":"https:\/\/satchel.eu\/pl\/faq\/account-statement-transaction-receipt\/","name":"FAQ | Wyci\u0105g z konta i potwierdzenie transakcji - Satchel","isPartOf":{"@id":"https:\/\/satchel.eu\/pl\/#website"},"datePublished":"2023-01-11T11:47:47+00:00","dateModified":"2025-12-29T13:41:08+00:00","description":"Dowiedz si\u0119, jak \u0142atwo pobra\u0107 wyci\u0105g z konta i potwierdzenie transakcji w Satchel \u2013 szczeg\u00f3\u0142owy przewodnik krok po kroku!","breadcrumb":{"@id":"https:\/\/satchel.eu\/pl\/faq\/account-statement-transaction-receipt\/#breadcrumb"},"inLanguage":"pl-PL","potentialAction":[{"@type":"ReadAction","target":["https:\/\/satchel.eu\/pl\/faq\/account-statement-transaction-receipt\/"]}]},{"@type":"BreadcrumbList","@id":"https:\/\/satchel.eu\/pl\/faq\/account-statement-transaction-receipt\/#breadcrumb","itemListElement":[{"@type":"ListItem","position":1,"name":"Satchel","item":"https:\/\/satchel.eu\/pl\/"},{"@type":"ListItem","position":2,"name":"FAQ","item":"https:\/\/satchel.eu\/pl\/faq\/"},{"@type":"ListItem","position":3,"name":"Wyci\u0105g z konta i potwierdzenie transakcji"}]},{"@type":"WebSite","@id":"https:\/\/satchel.eu\/pl\/#website","url":"https:\/\/satchel.eu\/pl\/","name":"Satchel","description":"Your money management solution","publisher":{"@id":"https:\/\/satchel.eu\/pl\/#organization"},"potentialAction":[{"@type":"SearchAction","target":{"@type":"EntryPoint","urlTemplate":"https:\/\/satchel.eu\/pl\/?s={search_term_string}"},"query-input":"required name=search_term_string"}],"inLanguage":"pl-PL"},{"@type":"Organization","@id":"https:\/\/satchel.eu\/pl\/#organization","name":"Satchel","url":"https:\/\/satchel.eu\/pl\/","logo":{"@type":"ImageObject","inLanguage":"pl-PL","@id":"https:\/\/satchel.eu\/pl\/#\/schema\/logo\/image\/","url":"https:\/\/satchel.eu\/pl\/wp-content\/uploads\/sites\/6\/2021\/05\/logo-black.jpg","contentUrl":"https:\/\/satchel.eu\/pl\/wp-content\/uploads\/sites\/6\/2021\/05\/logo-black.jpg","width":135,"height":32,"caption":"Satchel"},"image":{"@id":"https:\/\/satchel.eu\/pl\/#\/schema\/logo\/image\/"}}]}},"_links":{"self":[{"href":"https:\/\/satchel.eu\/pl\/wp-json\/wp\/v2\/pages\/3949","targetHints":{"allow":["GET"]}}],"collection":[{"href":"https:\/\/satchel.eu\/pl\/wp-json\/wp\/v2\/pages"}],"about":[{"href":"https:\/\/satchel.eu\/pl\/wp-json\/wp\/v2\/types\/page"}],"author":[{"embeddable":true,"href":"https:\/\/satchel.eu\/pl\/wp-json\/wp\/v2\/users\/5"}],"replies":[{"embeddable":true,"href":"https:\/\/satchel.eu\/pl\/wp-json\/wp\/v2\/comments?post=3949"}],"version-history":[{"count":2,"href":"https:\/\/satchel.eu\/pl\/wp-json\/wp\/v2\/pages\/3949\/revisions"}],"predecessor-version":[{"id":6429,"href":"https:\/\/satchel.eu\/pl\/wp-json\/wp\/v2\/pages\/3949\/revisions\/6429"}],"up":[{"embeddable":true,"href":"https:\/\/satchel.eu\/pl\/wp-json\/wp\/v2\/pages\/99"}],"wp:attachment":[{"href":"https:\/\/satchel.eu\/pl\/wp-json\/wp\/v2\/media?parent=3949"}],"curies":[{"name":"wp","href":"https:\/\/api.w.org\/{rel}","templated":true}]}}