{"id":553,"date":"2021-03-15T23:22:23","date_gmt":"2021-03-15T21:22:23","guid":{"rendered":"https:\/\/satchel.eu\/?page_id=553"},"modified":"2025-12-08T14:19:34","modified_gmt":"2025-12-08T12:19:34","slug":"login-and-password","status":"publish","type":"page","link":"https:\/\/satchel.eu\/pl\/faq\/login-and-password\/","title":{"rendered":"Logowanie i has\u0142o"},"content":{"rendered":"<section class=\"section pt-45 pt-md-70\">\n<div class=\"container\">\n<div class=\"row\">\n<div class=\"col-lg-7 offset-lg-2 mb-lg-0 mb-40\"><a class=\"btn btn-primary d-inline-flex align-items-center mb-25\" href=\"https:\/\/satchel.eu\/pl\/faq\/\"><svg xmlns=\"https:\/\/www.w3.org\/2000\/svg\" width=\"17\" height=\"16\" viewBox=\"0 0 17 16\" class=\"mr-5\"> <g fill=\"none\" fill-rule=\"evenodd\"> <g> <g> <g> <g> <g> <path d=\"M0 0H16V16H0z\" transform=\"translate(-224 -180) translate(191.5 168) translate(32.634 11) translate(.366) matrix(-1 0 0 1 16 1)\"\/> <path fill=\"#212121\" fill-rule=\"nonzero\" d=\"M14.96 8.19c.05-.12.05-.26 0-.38-.03-.06-.06-.12-.11-.16l-4-4c-.2-.2-.51-.2-.71 0-.2.2-.2.51 0 .71l3.15 3.15H1.5C1.22 7.5 1 7.72 1 8s.22.5.5.5h11.79l-3.15 3.15c-.2.2-.2.51 0 .71.1.1.23.15.35.15.12 0 .26-.05.35-.15l4-4c.06-.05.1-.11.12-.17z\" transform=\"translate(-224 -180) translate(191.5 168) translate(32.634 11) translate(.366) matrix(-1 0 0 1 16 1)\"\/> <\/g> <\/g> <\/g> <\/g> <\/g> <\/g><\/svg> Back<\/a><\/p>\n<h1 class=\"mb-25\">Login and Password<\/h1>\n<p>          <!-- \n\n<div class=\"faq-item\" itemscope itemprop=\"mainEntity\" itemtype=\"https:\/\/schema.org\/Question\">\n            \n\n<div class=\"faq-item__title h4 mb-10\" itemprop=\"name\">How do I log in to my digital bank?<\/div>\n\n\n            \n\n<div class=\"faq-item__text\" itemscope itemprop=\"acceptedAnswer\" itemtype=\"https:\/\/schema.org\/Answer\">\n              \n\n<p>You can easily access your digital bank account by clicking on the Login button located on the navigation bar on the Home page or by using the direct link: <a href=\"https:\/\/my.satchel.eu\">https:\/\/my.satchel.eu<\/a><\/p>\n\n\n              \n\n<p>In order to log in, please use your authorized e-mail address and the password you have set up for your account.<\/p>\n\n\n            <\/div>\n\n\n            <a class=\"btn btn-link faq-item__link faq-item__link--expand\" href=\"#\">Expand<svg xmlns=\"https:\/\/www.w3.org\/2000\/svg\" width=\"17\" height=\"16\" viewBox=\"0 0 17 16\"> <g fill=\"none\" fill-rule=\"evenodd\"> <g> <g> <g> <g> <path d=\"M0 0H16V16H0z\" transform=\"translate(-313 -1628) translate(271 1615) translate(.018 12) translate(42 1)\"\/> <path class=\"path\" fill=\"#4854FF\" d=\"M14.96 8.19c.05-.12.05-.26 0-.38-.03-.06-.06-.12-.11-.16l-4-4c-.2-.2-.51-.2-.71 0-.2.2-.2.51 0 .71l3.15 3.15H1.5C1.22 7.5 1 7.72 1 8s.22.5.5.5h11.79l-3.15 3.15c-.2.2-.2.51 0 .71.1.1.23.15.35.15.12 0 .26-.05.35-.15l4-4c.06-.05.1-.11.12-.17z\" transform=\"translate(-313 -1628) translate(271 1615) translate(.018 12) translate(42 1)\"\/> <\/g> <\/g> <\/g> <\/g> <\/g><\/svg><\/a>\n            <a class=\"btn btn-link faq-item__link faq-item__link--close\" href=\"#\">Close<svg xmlns=\"https:\/\/www.w3.org\/2000\/svg\" width=\"16\" height=\"16\" viewBox=\"0 0 16 16\"> <g fill=\"none\" fill-rule=\"evenodd\"> <g> <g> <g> <g> <path d=\"M0 0H16V16H0z\" transform=\"translate(-244 -1161) translate(192 656) translate(0 504) rotate(-90 34.5 -17.5)\"\/> <path fill=\"#4854FF\" class=\"path\" d=\"M14.96 8.19c.05-.12.05-.26 0-.38-.03-.06-.06-.12-.11-.16l-4-4c-.2-.2-.51-.2-.71 0-.2.2-.2.51 0 .71l3.15 3.15H1.5C1.22 7.5 1 7.72 1 8s.22.5.5.5h11.79l-3.15 3.15c-.2.2-.2.51 0 .71.1.1.23.15.35.15.12 0 .26-.05.35-.15l4-4c.06-.05.1-.11.12-.17z\" transform=\"translate(-244 -1161) translate(192 656) translate(0 504) rotate(-90 34.5 -17.5)\"\/> <\/g> <\/g> <\/g> <\/g> <\/g><\/svg><\/a>\n          <\/div>\n\n --><\/p>\n<div class=\"faq-item\" itemscope itemprop=\"mainEntity\" itemtype=\"https:\/\/schema.org\/Question\">\n<div class=\"faq-item__title h4 mb-10\" itemprop=\"name\">How can I change my password?<\/div>\n<div class=\"faq-item__text\" itemscope itemprop=\"acceptedAnswer\" itemtype=\"https:\/\/schema.org\/Answer\">\n<div itemprop=\"text\">\n<p>In order to reset your password, please contact our Customer Support team at support@satchel.eu.<\/p>\n<\/p><\/div>\n<\/p><\/div>\n<p>            <a class=\"btn btn-link faq-item__link faq-item__link--expand\" href=\"#\">Expand<svg xmlns=\"https:\/\/www.w3.org\/2000\/svg\" width=\"17\" height=\"16\" viewBox=\"0 0 17 16\"> <g fill=\"none\" fill-rule=\"evenodd\"> <g> <g> <g> <g> <path d=\"M0 0H16V16H0z\" transform=\"translate(-313 -1628) translate(271 1615) translate(.018 12) translate(42 1)\"\/> <path class=\"path\" fill=\"#4854FF\" d=\"M14.96 8.19c.05-.12.05-.26 0-.38-.03-.06-.06-.12-.11-.16l-4-4c-.2-.2-.51-.2-.71 0-.2.2-.2.51 0 .71l3.15 3.15H1.5C1.22 7.5 1 7.72 1 8s.22.5.5.5h11.79l-3.15 3.15c-.2.2-.2.51 0 .71.1.1.23.15.35.15.12 0 .26-.05.35-.15l4-4c.06-.05.1-.11.12-.17z\" transform=\"translate(-313 -1628) translate(271 1615) translate(.018 12) translate(42 1)\"\/> <\/g> <\/g> <\/g> <\/g> <\/g><\/svg><\/a><a class=\"btn btn-link faq-item__link faq-item__link--close\" href=\"#\">Close<svg xmlns=\"https:\/\/www.w3.org\/2000\/svg\" width=\"16\" height=\"16\" viewBox=\"0 0 16 16\"> <g fill=\"none\" fill-rule=\"evenodd\"> <g> <g> <g> <g> <path d=\"M0 0H16V16H0z\" transform=\"translate(-244 -1161) translate(192 656) translate(0 504) rotate(-90 34.5 -17.5)\"\/> <path fill=\"#4854FF\" class=\"path\" d=\"M14.96 8.19c.05-.12.05-.26 0-.38-.03-.06-.06-.12-.11-.16l-4-4c-.2-.2-.51-.2-.71 0-.2.2-.2.51 0 .71l3.15 3.15H1.5C1.22 7.5 1 7.72 1 8s.22.5.5.5h11.79l-3.15 3.15c-.2.2-.2.51 0 .71.1.1.23.15.35.15.12 0 .26-.05.35-.15l4-4c.06-.05.1-.11.12-.17z\" transform=\"translate(-244 -1161) translate(192 656) translate(0 504) rotate(-90 34.5 -17.5)\"\/> <\/g> <\/g> <\/g> <\/g> <\/g><\/svg><\/a>\n          <\/div>\n<div class=\"faq-item\" itemscope itemprop=\"mainEntity\" itemtype=\"https:\/\/schema.org\/Question\">\n<div class=\"faq-item__title h4 mb-10\" itemprop=\"name\">How can I change my login e-mail?<\/div>\n<div class=\"faq-item__text\" itemscope itemprop=\"acceptedAnswer\" itemtype=\"https:\/\/schema.org\/Answer\">\n<div itemprop=\"text\">\n<p>To change your contact details, please contact our Customer Support team at support@satchel.eu.<\/p>\n<\/p><\/div>\n<\/p><\/div>\n<p>            <a class=\"btn btn-link faq-item__link faq-item__link--expand\" href=\"#\">Expand<svg xmlns=\"https:\/\/www.w3.org\/2000\/svg\" width=\"17\" height=\"16\" viewBox=\"0 0 17 16\"> <g fill=\"none\" fill-rule=\"evenodd\"> <g> <g> <g> <g> <path d=\"M0 0H16V16H0z\" transform=\"translate(-313 -1628) translate(271 1615) translate(.018 12) translate(42 1)\"\/> <path class=\"path\" fill=\"#4854FF\" d=\"M14.96 8.19c.05-.12.05-.26 0-.38-.03-.06-.06-.12-.11-.16l-4-4c-.2-.2-.51-.2-.71 0-.2.2-.2.51 0 .71l3.15 3.15H1.5C1.22 7.5 1 7.72 1 8s.22.5.5.5h11.79l-3.15 3.15c-.2.2-.2.51 0 .71.1.1.23.15.35.15.12 0 .26-.05.35-.15l4-4c.06-.05.1-.11.12-.17z\" transform=\"translate(-313 -1628) translate(271 1615) translate(.018 12) translate(42 1)\"\/> <\/g> <\/g> <\/g> <\/g> <\/g><\/svg><\/a><a class=\"btn btn-link faq-item__link faq-item__link--close\" href=\"#\">Close<svg xmlns=\"https:\/\/www.w3.org\/2000\/svg\" width=\"16\" height=\"16\" viewBox=\"0 0 16 16\"> <g fill=\"none\" fill-rule=\"evenodd\"> <g> <g> <g> <g> <path d=\"M0 0H16V16H0z\" transform=\"translate(-244 -1161) translate(192 656) translate(0 504) rotate(-90 34.5 -17.5)\"\/> <path fill=\"#4854FF\" class=\"path\" d=\"M14.96 8.19c.05-.12.05-.26 0-.38-.03-.06-.06-.12-.11-.16l-4-4c-.2-.2-.51-.2-.71 0-.2.2-.2.51 0 .71l3.15 3.15H1.5C1.22 7.5 1 7.72 1 8s.22.5.5.5h11.79l-3.15 3.15c-.2.2-.2.51 0 .71.1.1.23.15.35.15.12 0 .26-.05.35-.15l4-4c.06-.05.1-.11.12-.17z\" transform=\"translate(-244 -1161) translate(192 656) translate(0 504) rotate(-90 34.5 -17.5)\"\/> <\/g> <\/g> <\/g> <\/g> <\/g><\/svg><\/a>\n          <\/div>\n<div class=\"faq-item\" itemscope itemprop=\"mainEntity\" itemtype=\"https:\/\/schema.org\/Question\">\n<div class=\"faq-item__title h4 mb-10\" itemprop=\"name\">Can there be several users for my Business account?<\/div>\n<div class=\"faq-item__text\" itemscope itemprop=\"acceptedAnswer\" itemtype=\"https:\/\/schema.org\/Answer\">\n<div itemprop=\"text\">\n<p>Yes, there is a possibility to add an additional user to your Business account. Please contact our<br \/>\nCustomer Support team at support@satchel.eu for assistance.<\/p>\n<\/p><\/div>\n<\/p><\/div>\n<p>            <a class=\"btn btn-link faq-item__link faq-item__link--expand\" href=\"#\">Expand<svg xmlns=\"https:\/\/www.w3.org\/2000\/svg\" width=\"17\" height=\"16\" viewBox=\"0 0 17 16\"> <g fill=\"none\" fill-rule=\"evenodd\"> <g> <g> <g> <g> <path d=\"M0 0H16V16H0z\" transform=\"translate(-313 -1628) translate(271 1615) translate(.018 12) translate(42 1)\"\/> <path class=\"path\" fill=\"#4854FF\" d=\"M14.96 8.19c.05-.12.05-.26 0-.38-.03-.06-.06-.12-.11-.16l-4-4c-.2-.2-.51-.2-.71 0-.2.2-.2.51 0 .71l3.15 3.15H1.5C1.22 7.5 1 7.72 1 8s.22.5.5.5h11.79l-3.15 3.15c-.2.2-.2.51 0 .71.1.1.23.15.35.15.12 0 .26-.05.35-.15l4-4c.06-.05.1-.11.12-.17z\" transform=\"translate(-313 -1628) translate(271 1615) translate(.018 12) translate(42 1)\"\/> <\/g> <\/g> <\/g> <\/g> <\/g><\/svg><\/a><a class=\"btn btn-link faq-item__link faq-item__link--close\" href=\"#\">Close<svg xmlns=\"https:\/\/www.w3.org\/2000\/svg\" width=\"16\" height=\"16\" viewBox=\"0 0 16 16\"> <g fill=\"none\" fill-rule=\"evenodd\"> <g> <g> <g> <g> <path d=\"M0 0H16V16H0z\" transform=\"translate(-244 -1161) translate(192 656) translate(0 504) rotate(-90 34.5 -17.5)\"\/> <path fill=\"#4854FF\" class=\"path\" d=\"M14.96 8.19c.05-.12.05-.26 0-.38-.03-.06-.06-.12-.11-.16l-4-4c-.2-.2-.51-.2-.71 0-.2.2-.2.51 0 .71l3.15 3.15H1.5C1.22 7.5 1 7.72 1 8s.22.5.5.5h11.79l-3.15 3.15c-.2.2-.2.51 0 .71.1.1.23.15.35.15.12 0 .26-.05.35-.15l4-4c.06-.05.1-.11.12-.17z\" transform=\"translate(-244 -1161) translate(192 656) translate(0 504) rotate(-90 34.5 -17.5)\"\/> <\/g> <\/g> <\/g> <\/g> <\/g><\/svg><\/a>\n          <\/div>\n<div class=\"faq-item\" itemscope itemprop=\"mainEntity\" itemtype=\"https:\/\/schema.org\/Question\">\n<div class=\"faq-item__title h4 mb-10\" itemprop=\"name\">What is 2FA (Two-Factor Authentication)?<\/div>\n<div class=\"faq-item__text\" itemscope itemprop=\"acceptedAnswer\" itemtype=\"https:\/\/schema.org\/Answer\">\n<div itemprop=\"text\">\n<p>At Satchel we aim for an improved user experience, while maintaining high security standards.<br \/>\n  For this purpose, we have Two-factor Authentication (2FA) in place for your Satchel account,<br \/>\n  which adds an extra layer of security that protects your account from unauthorized access and<br \/>\n  keeps your money safe at all times. With 2FA you will be required to enter both your password<br \/>\n  and a One-time Password (OTP) sent to you each time you sign in to your Satchel account, as<br \/>\n  well as any time you are making an outgoing transfer.<\/p>\n<p><a href=\"https:\/\/satchel.eu\/pl\/blog\/satchel-two-factor-authentication-2fa-user-guide\/\">Two-factor Authentication (2FA) User Guide<\/a><\/p>\n<\/p><\/div>\n<\/p><\/div>\n<p>            <a class=\"btn btn-link faq-item__link faq-item__link--expand\" href=\"#\">Expand<svg xmlns=\"https:\/\/www.w3.org\/2000\/svg\" width=\"17\" height=\"16\" viewBox=\"0 0 17 16\"> <g fill=\"none\" fill-rule=\"evenodd\"> <g> <g> <g> <g> <path d=\"M0 0H16V16H0z\" transform=\"translate(-313 -1628) translate(271 1615) translate(.018 12) translate(42 1)\"\/> <path class=\"path\" fill=\"#4854FF\" d=\"M14.96 8.19c.05-.12.05-.26 0-.38-.03-.06-.06-.12-.11-.16l-4-4c-.2-.2-.51-.2-.71 0-.2.2-.2.51 0 .71l3.15 3.15H1.5C1.22 7.5 1 7.72 1 8s.22.5.5.5h11.79l-3.15 3.15c-.2.2-.2.51 0 .71.1.1.23.15.35.15.12 0 .26-.05.35-.15l4-4c.06-.05.1-.11.12-.17z\" transform=\"translate(-313 -1628) translate(271 1615) translate(.018 12) translate(42 1)\"\/> <\/g> <\/g> <\/g> <\/g> <\/g><\/svg><\/a><a class=\"btn btn-link faq-item__link faq-item__link--close\" href=\"#\">Close<svg xmlns=\"https:\/\/www.w3.org\/2000\/svg\" width=\"16\" height=\"16\" viewBox=\"0 0 16 16\"> <g fill=\"none\" fill-rule=\"evenodd\"> <g> <g> <g> <g> <path d=\"M0 0H16V16H0z\" transform=\"translate(-244 -1161) translate(192 656) translate(0 504) rotate(-90 34.5 -17.5)\"\/> <path fill=\"#4854FF\" class=\"path\" d=\"M14.96 8.19c.05-.12.05-.26 0-.38-.03-.06-.06-.12-.11-.16l-4-4c-.2-.2-.51-.2-.71 0-.2.2-.2.51 0 .71l3.15 3.15H1.5C1.22 7.5 1 7.72 1 8s.22.5.5.5h11.79l-3.15 3.15c-.2.2-.2.51 0 .71.1.1.23.15.35.15.12 0 .26-.05.35-.15l4-4c.06-.05.1-.11.12-.17z\" transform=\"translate(-244 -1161) translate(192 656) translate(0 504) rotate(-90 34.5 -17.5)\"\/> <\/g> <\/g> <\/g> <\/g> <\/g><\/svg><\/a>\n          <\/div>\n<\/p><\/div>\n<div class=\"col-lg-4 offset-lg-1\">\n<div class=\"other-topics\">\n<div class=\"other-topics__title h4 mb-15\">Other topics<\/div>\n<ul>\n<li><a class=\"btn btn-link\" href=\"https:\/\/satchel.eu\/pl\/faq\/general-information\/\">General information<svg xmlns=\"https:\/\/www.w3.org\/2000\/svg\" width=\"17\" height=\"16\" viewBox=\"0 0 17 16\"> <g fill=\"none\" fill-rule=\"evenodd\"> <g> <g> <g> <g> <path d=\"M0 0H16V16H0z\" transform=\"translate(-313 -1628) translate(271 1615) translate(.018 12) translate(42 1)\"\/> <path class=\"path\" fill=\"#4854FF\" d=\"M14.96 8.19c.05-.12.05-.26 0-.38-.03-.06-.06-.12-.11-.16l-4-4c-.2-.2-.51-.2-.71 0-.2.2-.2.51 0 .71l3.15 3.15H1.5C1.22 7.5 1 7.72 1 8s.22.5.5.5h11.79l-3.15 3.15c-.2.2-.2.51 0 .71.1.1.23.15.35.15.12 0 .26-.05.35-.15l4-4c.06-.05.1-.11.12-.17z\" transform=\"translate(-313 -1628) translate(271 1615) translate(.018 12) translate(42 1)\"\/> <\/g> <\/g> <\/g> <\/g> <\/g><\/svg><\/a><\/li>\n<li><a class=\"btn btn-link\" href=\"https:\/\/satchel.eu\/pl\/faq\/satchel-current-account\/\">Satchel current account<svg xmlns=\"https:\/\/www.w3.org\/2000\/svg\" width=\"17\" height=\"16\" viewBox=\"0 0 17 16\"> <g fill=\"none\" fill-rule=\"evenodd\"> <g> <g> <g> <g> <path d=\"M0 0H16V16H0z\" transform=\"translate(-313 -1628) translate(271 1615) translate(.018 12) translate(42 1)\"\/> <path class=\"path\" fill=\"#4854FF\" d=\"M14.96 8.19c.05-.12.05-.26 0-.38-.03-.06-.06-.12-.11-.16l-4-4c-.2-.2-.51-.2-.71 0-.2.2-.2.51 0 .71l3.15 3.15H1.5C1.22 7.5 1 7.72 1 8s.22.5.5.5h11.79l-3.15 3.15c-.2.2-.2.51 0 .71.1.1.23.15.35.15.12 0 .26-.05.35-.15l4-4c.06-.05.1-.11.12-.17z\" transform=\"translate(-313 -1628) translate(271 1615) translate(.018 12) translate(42 1)\"\/> <\/g> <\/g> <\/g> <\/g> <\/g><\/svg><\/a><\/li>\n<li><a class=\"btn btn-link\" href=\"https:\/\/satchel.eu\/pl\/faq\/sepa-the-ultimate-guide\/\">SEPA: The ultimate guide<svg xmlns=\"https:\/\/www.w3.org\/2000\/svg\" width=\"17\" height=\"16\" viewBox=\"0 0 17 16\"> <g fill=\"none\" fill-rule=\"evenodd\"> <g> <g> <g> <g> <path d=\"M0 0H16V16H0z\" transform=\"translate(-313 -1628) translate(271 1615) translate(.018 12) translate(42 1)\"\/> <path class=\"path\" fill=\"#4854FF\" d=\"M14.96 8.19c.05-.12.05-.26 0-.38-.03-.06-.06-.12-.11-.16l-4-4c-.2-.2-.51-.2-.71 0-.2.2-.2.51 0 .71l3.15 3.15H1.5C1.22 7.5 1 7.72 1 8s.22.5.5.5h11.79l-3.15 3.15c-.2.2-.2.51 0 .71.1.1.23.15.35.15.12 0 .26-.05.35-.15l4-4c.06-.05.1-.11.12-.17z\" transform=\"translate(-313 -1628) translate(271 1615) translate(.018 12) translate(42 1)\"\/> <\/g> <\/g> <\/g> <\/g> <\/g><\/svg><\/a><\/li>\n<li><a class=\"btn btn-link\" href=\"https:\/\/satchel.eu\/pl\/faq\/payments-and-transactions\/\">Payments and transactions<svg xmlns=\"https:\/\/www.w3.org\/2000\/svg\" width=\"17\" height=\"16\" viewBox=\"0 0 17 16\"> <g fill=\"none\" fill-rule=\"evenodd\"> <g> <g> <g> <g> <path d=\"M0 0H16V16H0z\" transform=\"translate(-313 -1628) translate(271 1615) translate(.018 12) translate(42 1)\"\/> <path class=\"path\" fill=\"#4854FF\" d=\"M14.96 8.19c.05-.12.05-.26 0-.38-.03-.06-.06-.12-.11-.16l-4-4c-.2-.2-.51-.2-.71 0-.2.2-.2.51 0 .71l3.15 3.15H1.5C1.22 7.5 1 7.72 1 8s.22.5.5.5h11.79l-3.15 3.15c-.2.2-.2.51 0 .71.1.1.23.15.35.15.12 0 .26-.05.35-.15l4-4c.06-.05.1-.11.12-.17z\" transform=\"translate(-313 -1628) translate(271 1615) translate(.018 12) translate(42 1)\"\/> <\/g> <\/g> <\/g> <\/g> <\/g><\/svg><\/a><\/li>\n<li><a class=\"btn btn-link\" href=\"https:\/\/satchel.eu\/pl\/faq\/satchel-cards\/\">Satchel cards<svg xmlns=\"https:\/\/www.w3.org\/2000\/svg\" width=\"17\" height=\"16\" viewBox=\"0 0 17 16\"> <g fill=\"none\" fill-rule=\"evenodd\"> <g> <g> <g> <g> <path d=\"M0 0H16V16H0z\" transform=\"translate(-313 -1628) translate(271 1615) translate(.018 12) translate(42 1)\"\/> <path class=\"path\" fill=\"#4854FF\" d=\"M14.96 8.19c.05-.12.05-.26 0-.38-.03-.06-.06-.12-.11-.16l-4-4c-.2-.2-.51-.2-.71 0-.2.2-.2.51 0 .71l3.15 3.15H1.5C1.22 7.5 1 7.72 1 8s.22.5.5.5h11.79l-3.15 3.15c-.2.2-.2.51 0 .71.1.1.23.15.35.15.12 0 .26-.05.35-.15l4-4c.06-.05.1-.11.12-.17z\" transform=\"translate(-313 -1628) translate(271 1615) translate(.018 12) translate(42 1)\"\/> <\/g> <\/g> <\/g> <\/g> <\/g><\/svg><\/a><\/li>\n<\/ul><\/div>\n<\/p><\/div>\n<\/p><\/div>\n<div class=\"row mt-95\">\n<div class=\"col-lg-12 mx-auto\">\n<div class=\"question-box\">\n<div class=\"mb-md-0 mb-20\">\n<div class=\"question-box__title h4 mb-10\">Didn\u2019t find your question?<\/div>\n<div class=\"question-box__text h6 mb-0\">Contact our Support Team via e-mail or call<\/div>\n<\/p><\/div>\n<div class=\"d-flex flex-sm-row flex-column align-items-start\">\n              <a class=\"btn btn-primary mr-sm-15 mb-sm-0 mb-20 js-customer-support-phone-faq\" href=\"tel:+37052141818\">+370 5214 1818<\/a><br \/>\n              <a class=\"btn btn-primary js-customer-support-email-faq\" href=\"mailto:support@satchel.eu\">support@satchel.eu<\/a>\n            <\/div>\n<\/p><\/div>\n<\/p><\/div>\n<\/p><\/div>\n<\/p><\/div>\n<\/section>\n","protected":false},"excerpt":{"rendered":"<p>Back Login and Password How can I change my password? In order to reset your password, please contact our Customer Support team at support@satchel.eu. Expand Close How can I change my login e-mail? To change your contact details, please contact our Customer Support team at support@satchel.eu. Expand Close Can there be several users for my&#8230;<\/p>\n","protected":false},"author":5,"featured_media":0,"parent":99,"menu_order":0,"comment_status":"closed","ping_status":"closed","template":"faq-templates\/faq-login-and-password.php","meta":{"_acf_changed":false,"footnotes":""},"class_list":["post-553","page","type-page","status-publish","hentry"],"acf":[],"yoast_head":"<!-- This site is optimized with the Yoast SEO plugin v22.0 - https:\/\/yoast.com\/wordpress\/plugins\/seo\/ -->\n<title>FAQ | Logowanie i Has\u0142o - Satchel<\/title>\n<meta name=\"description\" content=\"Odkryj odpowiedzi na pytania dotycz\u0105ce logowania i hase\u0142 w Satchel, aby uzyska\u0107 najlepsze do\u015bwiadczenie w zarz\u0105dzaniu pieni\u0119dzmi cyfrowymi.\" \/>\n<meta name=\"robots\" content=\"index, follow, max-snippet:-1, max-image-preview:large, max-video-preview:-1\" \/>\n<link rel=\"canonical\" href=\"https:\/\/satchel.eu\/pl\/faq\/login-and-password\/\" \/>\n<meta property=\"og:locale\" content=\"pl_PL\" \/>\n<meta property=\"og:type\" content=\"article\" \/>\n<meta property=\"og:title\" content=\"FAQ | Logowanie i Has\u0142o - Satchel\" \/>\n<meta property=\"og:description\" content=\"Odkryj odpowiedzi na pytania dotycz\u0105ce logowania i hase\u0142 w Satchel, aby uzyska\u0107 najlepsze do\u015bwiadczenie w zarz\u0105dzaniu pieni\u0119dzmi cyfrowymi.\" \/>\n<meta property=\"og:url\" content=\"https:\/\/satchel.eu\/pl\/faq\/login-and-password\/\" \/>\n<meta property=\"og:site_name\" content=\"Satchel\" \/>\n<meta property=\"article:modified_time\" content=\"2025-12-08T12:19:34+00:00\" \/>\n<meta name=\"twitter:card\" content=\"summary_large_image\" \/>\n<meta name=\"twitter:label1\" content=\"Szacowany czas czytania\" \/>\n\t<meta name=\"twitter:data1\" content=\"2 minuty\" \/>\n<script type=\"application\/ld+json\" class=\"yoast-schema-graph\">{\"@context\":\"https:\/\/schema.org\",\"@graph\":[{\"@type\":\"WebPage\",\"@id\":\"https:\/\/satchel.eu\/pl\/faq\/login-and-password\/\",\"url\":\"https:\/\/satchel.eu\/pl\/faq\/login-and-password\/\",\"name\":\"FAQ | Logowanie i Has\u0142o - Satchel\",\"isPartOf\":{\"@id\":\"https:\/\/satchel.eu\/pl\/#website\"},\"datePublished\":\"2021-03-15T21:22:23+00:00\",\"dateModified\":\"2025-12-08T12:19:34+00:00\",\"description\":\"Odkryj odpowiedzi na pytania dotycz\u0105ce logowania i hase\u0142 w Satchel, aby uzyska\u0107 najlepsze do\u015bwiadczenie w zarz\u0105dzaniu pieni\u0119dzmi cyfrowymi.\",\"breadcrumb\":{\"@id\":\"https:\/\/satchel.eu\/pl\/faq\/login-and-password\/#breadcrumb\"},\"inLanguage\":\"pl-PL\",\"potentialAction\":[{\"@type\":\"ReadAction\",\"target\":[\"https:\/\/satchel.eu\/pl\/faq\/login-and-password\/\"]}]},{\"@type\":\"BreadcrumbList\",\"@id\":\"https:\/\/satchel.eu\/pl\/faq\/login-and-password\/#breadcrumb\",\"itemListElement\":[{\"@type\":\"ListItem\",\"position\":1,\"name\":\"Satchel\",\"item\":\"https:\/\/satchel.eu\/pl\/\"},{\"@type\":\"ListItem\",\"position\":2,\"name\":\"FAQ\",\"item\":\"https:\/\/satchel.eu\/pl\/faq\/\"},{\"@type\":\"ListItem\",\"position\":3,\"name\":\"Logowanie i has\u0142o\"}]},{\"@type\":\"WebSite\",\"@id\":\"https:\/\/satchel.eu\/pl\/#website\",\"url\":\"https:\/\/satchel.eu\/pl\/\",\"name\":\"Satchel\",\"description\":\"Your money management solution\",\"publisher\":{\"@id\":\"https:\/\/satchel.eu\/pl\/#organization\"},\"potentialAction\":[{\"@type\":\"SearchAction\",\"target\":{\"@type\":\"EntryPoint\",\"urlTemplate\":\"https:\/\/satchel.eu\/pl\/?s={search_term_string}\"},\"query-input\":\"required name=search_term_string\"}],\"inLanguage\":\"pl-PL\"},{\"@type\":\"Organization\",\"@id\":\"https:\/\/satchel.eu\/pl\/#organization\",\"name\":\"Satchel\",\"url\":\"https:\/\/satchel.eu\/pl\/\",\"logo\":{\"@type\":\"ImageObject\",\"inLanguage\":\"pl-PL\",\"@id\":\"https:\/\/satchel.eu\/pl\/#\/schema\/logo\/image\/\",\"url\":\"https:\/\/satchel.eu\/pl\/wp-content\/uploads\/sites\/6\/2021\/05\/logo-black.jpg\",\"contentUrl\":\"https:\/\/satchel.eu\/pl\/wp-content\/uploads\/sites\/6\/2021\/05\/logo-black.jpg\",\"width\":135,\"height\":32,\"caption\":\"Satchel\"},\"image\":{\"@id\":\"https:\/\/satchel.eu\/pl\/#\/schema\/logo\/image\/\"}}]}<\/script>\n<!-- \/ Yoast SEO plugin. -->","yoast_head_json":{"title":"FAQ | Logowanie i Has\u0142o - Satchel","description":"Odkryj odpowiedzi na pytania dotycz\u0105ce logowania i hase\u0142 w Satchel, aby uzyska\u0107 najlepsze do\u015bwiadczenie w zarz\u0105dzaniu pieni\u0119dzmi cyfrowymi.","robots":{"index":"index","follow":"follow","max-snippet":"max-snippet:-1","max-image-preview":"max-image-preview:large","max-video-preview":"max-video-preview:-1"},"canonical":"https:\/\/satchel.eu\/pl\/faq\/login-and-password\/","og_locale":"pl_PL","og_type":"article","og_title":"FAQ | Logowanie i Has\u0142o - Satchel","og_description":"Odkryj odpowiedzi na pytania dotycz\u0105ce logowania i hase\u0142 w Satchel, aby uzyska\u0107 najlepsze do\u015bwiadczenie w zarz\u0105dzaniu pieni\u0119dzmi cyfrowymi.","og_url":"https:\/\/satchel.eu\/pl\/faq\/login-and-password\/","og_site_name":"Satchel","article_modified_time":"2025-12-08T12:19:34+00:00","twitter_card":"summary_large_image","twitter_misc":{"Szacowany czas czytania":"2 minuty"},"schema":{"@context":"https:\/\/schema.org","@graph":[{"@type":"WebPage","@id":"https:\/\/satchel.eu\/pl\/faq\/login-and-password\/","url":"https:\/\/satchel.eu\/pl\/faq\/login-and-password\/","name":"FAQ | Logowanie i Has\u0142o - Satchel","isPartOf":{"@id":"https:\/\/satchel.eu\/pl\/#website"},"datePublished":"2021-03-15T21:22:23+00:00","dateModified":"2025-12-08T12:19:34+00:00","description":"Odkryj odpowiedzi na pytania dotycz\u0105ce logowania i hase\u0142 w Satchel, aby uzyska\u0107 najlepsze do\u015bwiadczenie w zarz\u0105dzaniu pieni\u0119dzmi cyfrowymi.","breadcrumb":{"@id":"https:\/\/satchel.eu\/pl\/faq\/login-and-password\/#breadcrumb"},"inLanguage":"pl-PL","potentialAction":[{"@type":"ReadAction","target":["https:\/\/satchel.eu\/pl\/faq\/login-and-password\/"]}]},{"@type":"BreadcrumbList","@id":"https:\/\/satchel.eu\/pl\/faq\/login-and-password\/#breadcrumb","itemListElement":[{"@type":"ListItem","position":1,"name":"Satchel","item":"https:\/\/satchel.eu\/pl\/"},{"@type":"ListItem","position":2,"name":"FAQ","item":"https:\/\/satchel.eu\/pl\/faq\/"},{"@type":"ListItem","position":3,"name":"Logowanie i has\u0142o"}]},{"@type":"WebSite","@id":"https:\/\/satchel.eu\/pl\/#website","url":"https:\/\/satchel.eu\/pl\/","name":"Satchel","description":"Your money management solution","publisher":{"@id":"https:\/\/satchel.eu\/pl\/#organization"},"potentialAction":[{"@type":"SearchAction","target":{"@type":"EntryPoint","urlTemplate":"https:\/\/satchel.eu\/pl\/?s={search_term_string}"},"query-input":"required name=search_term_string"}],"inLanguage":"pl-PL"},{"@type":"Organization","@id":"https:\/\/satchel.eu\/pl\/#organization","name":"Satchel","url":"https:\/\/satchel.eu\/pl\/","logo":{"@type":"ImageObject","inLanguage":"pl-PL","@id":"https:\/\/satchel.eu\/pl\/#\/schema\/logo\/image\/","url":"https:\/\/satchel.eu\/pl\/wp-content\/uploads\/sites\/6\/2021\/05\/logo-black.jpg","contentUrl":"https:\/\/satchel.eu\/pl\/wp-content\/uploads\/sites\/6\/2021\/05\/logo-black.jpg","width":135,"height":32,"caption":"Satchel"},"image":{"@id":"https:\/\/satchel.eu\/pl\/#\/schema\/logo\/image\/"}}]}},"_links":{"self":[{"href":"https:\/\/satchel.eu\/pl\/wp-json\/wp\/v2\/pages\/553","targetHints":{"allow":["GET"]}}],"collection":[{"href":"https:\/\/satchel.eu\/pl\/wp-json\/wp\/v2\/pages"}],"about":[{"href":"https:\/\/satchel.eu\/pl\/wp-json\/wp\/v2\/types\/page"}],"author":[{"embeddable":true,"href":"https:\/\/satchel.eu\/pl\/wp-json\/wp\/v2\/users\/5"}],"replies":[{"embeddable":true,"href":"https:\/\/satchel.eu\/pl\/wp-json\/wp\/v2\/comments?post=553"}],"version-history":[{"count":12,"href":"https:\/\/satchel.eu\/pl\/wp-json\/wp\/v2\/pages\/553\/revisions"}],"predecessor-version":[{"id":6425,"href":"https:\/\/satchel.eu\/pl\/wp-json\/wp\/v2\/pages\/553\/revisions\/6425"}],"up":[{"embeddable":true,"href":"https:\/\/satchel.eu\/pl\/wp-json\/wp\/v2\/pages\/99"}],"wp:attachment":[{"href":"https:\/\/satchel.eu\/pl\/wp-json\/wp\/v2\/media?parent=553"}],"curies":[{"name":"wp","href":"https:\/\/api.w.org\/{rel}","templated":true}]}}