{"id":61,"date":"2021-03-02T14:49:26","date_gmt":"2021-03-02T12:49:26","guid":{"rendered":"https:\/\/satchel.eu\/?page_id=61"},"modified":"2025-12-29T15:35:32","modified_gmt":"2025-12-29T13:35:32","slug":"brochures","status":"publish","type":"page","link":"https:\/\/satchel.eu\/pl\/brochures\/","title":{"rendered":"Broszury"},"content":{"rendered":"<section class=\"section pt-45 pt-md-70 overflow-hidden\">\n<div class=\"container\">\n<div class=\"row\">\n<div class=\"col-lg-10 mx-auto\">\n<h1 class=\"mb-15 text-center\">There\u2019s no such thing as too much information<\/h1>\n<p class=\"text-center mb-50 mb-md-90\">In order to expand your knowledge about our products and services we have created a set of brochures.<\/p>\n<\/p><\/div>\n<\/p><\/div>\n<div class=\"row\">\n<div class=\"col-lg-12 mx-auto px-10\">\n<div class=\"brochures-slider\">\n<div class=\"brochures-slider__slider\">\n<div class=\"brochures-slider__slide\">\n<div class=\"brochures-slider__box\">\n<div class=\"brochures-slider__img mb-15\">\n                    <img decoding=\"async\" class=\"lazyload\" data-src=\"https:\/\/satchel.eu\/pl\/wp-content\/uploads\/sites\/6\/2021\/03\/Intro-to-Fintech.png\" src=\"data:image\/gif;base64,R0lGODlhAQABAAAAACH5BAEKAAEALAAAAAABAAEAAAICTAEAOw==\" alt=\"\">\n                  <\/div>\n<p class=\"text-center mb-15\">Introduction to FinTech<\/p>\n<p>                  <a\n                    class=\"btn btn-primary w-170px mt-auto brochures-slider__btn js-open-modal\"\n                    href=\"#modalBrochure1\"\n                    brochure_title=\"Intro to fintech\">Download<\/a>\n                <\/div>\n<\/p><\/div>\n<div class=\"brochures-slider__slide\">\n<div class=\"brochures-slider__box\">\n<div class=\"brochures-slider__img mb-15\">\n                    <img decoding=\"async\" class=\"lazyload\" data-src=\"https:\/\/satchel.eu\/pl\/wp-content\/uploads\/sites\/6\/2021\/03\/Electronic-money-institution-brochure.png\" src=\"data:image\/gif;base64,R0lGODlhAQABAAAAACH5BAEKAAEALAAAAAABAAEAAAICTAEAOw==\" alt=\"\">\n                  <\/div>\n<p class=\"text-center mb-15\">The Electronic Money Institution<\/p>\n<p>                  <a\n                    class=\"btn btn-primary w-170px mt-auto brochures-slider__btn js-open-modal\"\n                    href=\"#modalBrochure2\"\n                    brochure_title=\"EMI\">Download<\/a>\n                <\/div>\n<\/p><\/div>\n<div class=\"brochures-slider__slide\">\n<div class=\"brochures-slider__box\">\n<div class=\"brochures-slider__img mb-15\">\n                    <img decoding=\"async\" class=\"lazyload\" data-src=\"https:\/\/satchel.eu\/pl\/wp-content\/uploads\/sites\/6\/2021\/03\/7-myths.png\" src=\"data:image\/gif;base64,R0lGODlhAQABAAAAACH5BAEKAAEALAAAAAABAAEAAAICTAEAOw==\" alt=\"\">\n                  <\/div>\n<p class=\"text-center mb-15\">Seven Myths about EMIs you Need to Stop Believing<\/p>\n<p>                  <a\n                    class=\"btn btn-primary w-170px mt-auto brochures-slider__btn js-open-modal\"\n                    href=\"#modalBrochure3\"\n                    brochure_title=\"Seven myths\">Download<\/a>\n                <\/div>\n<\/p><\/div>\n<\/p><\/div>\n<div class=\"brochures-slider__arrow brochures-slider__arrow--prev\"><\/div>\n<div class=\"brochures-slider__arrow brochures-slider__arrow--next\"><\/div>\n<\/p><\/div>\n<\/p><\/div>\n<\/p><\/div>\n<\/p><\/div>\n<\/section>\n<div class=\"modal__container fancybox-container fancybox-is-open\" id=\"modalBrochure1\">\n<div class=\"fancybox-bg modal__bg js-modal-close\"><\/div>\n<div class=\"fancybox-inner\">\n<div class=\"fancybox-stage\">\n<div class=\"modal__slide fancybox-slide fancybox-slide--html fancybox-slide--current fancybox-slide--complete\">\n<div class=\"modal modal--custom modal--contact modal--brochure fancybox-content\">\n<div class=\"modal__success\">\n<p class=\"mb-20 text-center\">Thank you for being interested in our brochure.<\/p>\n<p class=\"mb-20 text-center\">Please check your email and find a link to the brochure you have requested.<\/p>\n<p class=\"mb-0 text-center\">Have a nice day!<\/p>\n<\/p><\/div>\n<div class=\"form form--contact form--brochure\">\n<h2 class=\"text-center mb-30\">Download brochure<\/h2>\n<form action='https:\/\/forms.zohopublic.eu\/document\/form\/IntroductiontoFinTechbrochuredownload\/formperma\/mug4niKto99tLPRlIYsV334wA046fRnrWsc7r-VbzKk\/htmlRecords\/submit' name='brochure_form_1' method='POST' accept-charset='UTF-8' enctype='multipart\/form-data' id='brochure_form_1'>\n<p>  <input type=\"hidden\" name=\"zf_referrer_name\" value=\"\"><!-- To Track referrals , place the referrer name within the \" \" in the above hidden input field --><br \/>\n  <input type=\"hidden\" name=\"zf_redirect_url\" value=\"\"><!-- To redirect to a specific page after record submission , place the respective url within the \" \" in the above hidden input field --><br \/>\n  <input type=\"hidden\" id=\"zc_gad\" name=\"zc_gad\" value=\"\"\/><!-- If GCLID is enabled in Zoho CRM Integration, click details of AdWords Ads will be pushed to Zoho CRM --><\/p>\n<p>  <input type=\"hidden\" name=\"SingleLine1\" checktype=\"c1\" value=\"\" maxlength=\"255\" fieldType=\"1\" placeholder=\" \" class=\"js-input-utm\" \/><\/p>\n<div class=\"form-group mb-25\">\n    <input type=\"text\" name=\"SingleLine\" value=\"\" size=\"40\" class=\"form-control\" placeholder=\"Imi\u0119\">\n  <\/div>\n<div class=\"form-group mb-25\">\n    <input type=\"email\" name=\"Email\" value=\"\" size=\"40\" class=\"form-control\" placeholder=\"E-mail\">\n  <\/div>\n<div class=\"form-group mb-25 ohnohoney\">\n    <input type=\"text\" name=\"input_15_10\" value=\"\" size=\"40\" class=\"form-control\" placeholder=\"Subject\" autocomplete=\"new-password\">\n  <\/div>\n<div class=\"form-group mb-25\">\n    <input type=\"tel\" name=\"PhoneNumber_countrycode\" value=\"\" size=\"40\" class=\"form-control\">\n  <\/div>\n<div class=\"mb-25 text-center\">\n<div class=\"cf-turnstile\" data-sitekey=\"0x4AAAAAAABwP3bz0lOUJjSm\" data-theme=\"light\" data-size=\"normal\"><\/div>\n<div class=\"recaptcha-error error wpcf7-not-valid-tip\" style=\"display:none;\">Sprawd\u017a, czy jeste\u015b cz\u0142owiekiem.<\/div>\n<\/p><\/div>\n<div class=\"text-center d-flex flex-column align-items-center\">\n    <button class=\"btn btn-primary w-175px wpcf7-form-control wpcf7-submit\" type=\"submit\">Wy\u015blij<\/button>\n  <\/div>\n<div class=\"response-output error wpcf7-not-valid-tip mt-20 text-center\" style=\"display:none;\"><\/div>\n<\/form><\/div>\n<p>          <button type=\"button\" class=\"js-modal-close modal__close fancybox-button fancybox-close-small\"><\/button>\n        <\/div>\n<\/p><\/div>\n<\/p><\/div>\n<\/p><\/div>\n<\/div>\n<div class=\"modal__container fancybox-container fancybox-is-open\" id=\"modalBrochure2\">\n<div class=\"fancybox-bg modal__bg js-modal-close\"><\/div>\n<div class=\"fancybox-inner\">\n<div class=\"fancybox-stage\">\n<div class=\"modal__slide fancybox-slide fancybox-slide--html fancybox-slide--current fancybox-slide--complete\">\n<div class=\"modal modal--custom modal--contact modal--brochure fancybox-content\">\n<div class=\"modal__success\">\n<p class=\"mb-20 text-center\">Thank you for being interested in our brochure.<\/p>\n<p class=\"mb-20 text-center\">Please check your email and find a link to the brochure you have requested.<\/p>\n<p class=\"mb-0 text-center\">Have a nice day!<\/p>\n<\/p><\/div>\n<div class=\"form form--contact form--brochure\">\n<h2 class=\"text-center mb-30\">Download brochure<\/h2>\n<form action='https:\/\/forms.zohopublic.eu\/document\/form\/TheElectronicMoneyInstitutionbrochuredownload\/formperma\/B-oYBIrE51P6hiGieemKfpKPQeam8VqVSLyxfYltcqc\/htmlRecords\/submit' name='brochure_form_2' method='POST' accept-charset='UTF-8' enctype='multipart\/form-data' id='brochure_form_2'>\n<p>  <input type=\"hidden\" name=\"zf_referrer_name\" value=\"\"><!-- To Track referrals , place the referrer name within the \" \" in the above hidden input field --><br \/>\n  <input type=\"hidden\" name=\"zf_redirect_url\" value=\"\"><!-- To redirect to a specific page after record submission , place the respective url within the \" \" in the above hidden input field --><br \/>\n  <input type=\"hidden\" id=\"zc_gad\" name=\"zc_gad\" value=\"\"\/><!-- If GCLID is enabled in Zoho CRM Integration, click details of AdWords Ads will be pushed to Zoho CRM --><\/p>\n<p>  <input type=\"hidden\" name=\"SingleLine1\" checktype=\"c1\" value=\"\" maxlength=\"255\" fieldType=\"1\" placeholder=\" \" class=\"js-input-utm\" \/><\/p>\n<div class=\"form-group mb-25\">\n    <input type=\"text\" name=\"SingleLine\" value=\"\" size=\"40\" class=\"form-control\" placeholder=\"Imi\u0119\">\n  <\/div>\n<div class=\"form-group mb-25\">\n    <input type=\"email\" name=\"Email\" value=\"\" size=\"40\" class=\"form-control\" placeholder=\"E-mail\">\n  <\/div>\n<div class=\"form-group mb-25 ohnohoney\">\n    <input type=\"text\" name=\"input_15_10\" value=\"\" size=\"40\" class=\"form-control\" placeholder=\"Subject\" autocomplete=\"new-password\">\n  <\/div>\n<div class=\"form-group mb-25\">\n    <input type=\"tel\" name=\"PhoneNumber_countrycode\" value=\"\" size=\"40\" class=\"form-control\">\n  <\/div>\n<div class=\"mb-25 text-center\">\n<div class=\"cf-turnstile\" data-sitekey=\"0x4AAAAAAABwP3bz0lOUJjSm\" data-theme=\"light\" data-size=\"normal\"><\/div>\n<div class=\"recaptcha-error error wpcf7-not-valid-tip\" style=\"display:none;\">Sprawd\u017a, czy jeste\u015b cz\u0142owiekiem.<\/div>\n<\/p><\/div>\n<div class=\"text-center d-flex flex-column align-items-center\">\n    <button class=\"btn btn-primary w-175px wpcf7-form-control wpcf7-submit\" type=\"submit\">Wy\u015blij<\/button>\n  <\/div>\n<div class=\"response-output error wpcf7-not-valid-tip mt-20 text-center\" style=\"display:none;\"><\/div>\n<\/form><\/div>\n<p>          <button type=\"button\" class=\"js-modal-close modal__close fancybox-button fancybox-close-small\"><\/button>\n        <\/div>\n<\/p><\/div>\n<\/p><\/div>\n<\/p><\/div>\n<\/div>\n<div class=\"modal__container fancybox-container fancybox-is-open\" id=\"modalBrochure3\">\n<div class=\"fancybox-bg modal__bg js-modal-close\"><\/div>\n<div class=\"fancybox-inner\">\n<div class=\"fancybox-stage\">\n<div class=\"modal__slide fancybox-slide fancybox-slide--html fancybox-slide--current fancybox-slide--complete\">\n<div class=\"modal modal--custom modal--contact modal--brochure fancybox-content\">\n<div class=\"modal__success\">\n<p class=\"mb-20 text-center\">Thank you for being interested in our brochure.<\/p>\n<p class=\"mb-20 text-center\">Please check your email and find a link to the brochure you have requested.<\/p>\n<p class=\"mb-0 text-center\">Have a nice day!<\/p>\n<\/p><\/div>\n<div class=\"form form--contact form--brochure\">\n<h2 class=\"text-center mb-30\">Download brochure<\/h2>\n<form action='https:\/\/forms.zohopublic.eu\/document\/form\/SevenMythsaboutEMIsyouNeedtoStopBelievingbrochured\/formperma\/N9YFx7rGgSJG9EkWNDr7KkNhMGfu_-2YvP6wig4xwxE\/htmlRecords\/submit' name='brochure_form_3' method='POST' accept-charset='UTF-8' enctype='multipart\/form-data' id='brochure_form_3'>\n<p>  <input type=\"hidden\" name=\"zf_referrer_name\" value=\"\"><!-- To Track referrals , place the referrer name within the \" \" in the above hidden input field --><br \/>\n  <input type=\"hidden\" name=\"zf_redirect_url\" value=\"\"><!-- To redirect to a specific page after record submission , place the respective url within the \" \" in the above hidden input field --><br \/>\n  <input type=\"hidden\" id=\"zc_gad\" name=\"zc_gad\" value=\"\"\/><!-- If GCLID is enabled in Zoho CRM Integration, click details of AdWords Ads will be pushed to Zoho CRM --><\/p>\n<p>  <input type=\"hidden\" name=\"SingleLine1\" checktype=\"c1\" value=\"\" maxlength=\"255\" fieldType=\"1\" placeholder=\" \" class=\"js-input-utm\" \/><\/p>\n<div class=\"form-group mb-25\">\n    <input type=\"text\" name=\"SingleLine\" value=\"\" size=\"40\" class=\"form-control\" placeholder=\"Imi\u0119\">\n  <\/div>\n<div class=\"form-group mb-25\">\n    <input type=\"email\" name=\"Email\" value=\"\" size=\"40\" class=\"form-control\" placeholder=\"E-mail\">\n  <\/div>\n<div class=\"form-group mb-25 ohnohoney\">\n    <input type=\"text\" name=\"input_15_10\" value=\"\" size=\"40\" class=\"form-control\" placeholder=\"Subject\" autocomplete=\"new-password\">\n  <\/div>\n<div class=\"form-group mb-25\">\n    <input type=\"tel\" name=\"PhoneNumber_countrycode\" value=\"\" size=\"40\" class=\"form-control\">\n  <\/div>\n<div class=\"mb-25 text-center\">\n<div class=\"cf-turnstile\" data-sitekey=\"0x4AAAAAAABwP3bz0lOUJjSm\" data-theme=\"light\" data-size=\"normal\"><\/div>\n<div class=\"recaptcha-error error wpcf7-not-valid-tip\" style=\"display:none;\">Sprawd\u017a, czy jeste\u015b cz\u0142owiekiem.<\/div>\n<\/p><\/div>\n<div class=\"text-center d-flex flex-column align-items-center\">\n    <button class=\"btn btn-primary w-175px wpcf7-form-control wpcf7-submit\" type=\"submit\">Wy\u015blij<\/button>\n  <\/div>\n<div class=\"response-output error wpcf7-not-valid-tip mt-20 text-center\" style=\"display:none;\"><\/div>\n<\/form><\/div>\n<p>          <button type=\"button\" class=\"js-modal-close modal__close fancybox-button fancybox-close-small\"><\/button>\n        <\/div>\n<\/p><\/div>\n<\/p><\/div>\n<\/p><\/div>\n<\/div>\n","protected":false},"excerpt":{"rendered":"<p>There\u2019s no such thing as too much information In order to expand your knowledge about our products and services we have created a set of brochures. Introduction to FinTech Download The Electronic Money Institution Download Seven Myths about EMIs you Need to Stop Believing Download Thank you for being interested in our brochure. Please check&#8230;<\/p>\n","protected":false},"author":5,"featured_media":0,"parent":0,"menu_order":0,"comment_status":"closed","ping_status":"closed","template":"templates\/brochures.php","meta":{"_acf_changed":false,"footnotes":""},"class_list":["post-61","page","type-page","status-publish","hentry"],"acf":[],"yoast_head":"<!-- This site is optimized with the Yoast SEO plugin v22.0 - https:\/\/yoast.com\/wordpress\/plugins\/seo\/ -->\n<title>Broszury Satchel - przewodnik finansowy<\/title>\n<meta name=\"description\" content=\"Odkryj broszury Satchel \u2013 najlepsze rozwi\u0105zania do zarz\u0105dzania pieni\u0119dzmi. Poznaj nasze us\u0142ugi i produkty, kt\u00f3re usprawni\u0105 Twoje finanse.\" \/>\n<meta name=\"robots\" content=\"index, follow, max-snippet:-1, max-image-preview:large, max-video-preview:-1\" \/>\n<link rel=\"canonical\" href=\"https:\/\/satchel.eu\/pl\/brochures\/\" \/>\n<meta property=\"og:locale\" content=\"pl_PL\" \/>\n<meta property=\"og:type\" content=\"article\" \/>\n<meta property=\"og:title\" content=\"Broszury Satchel - przewodnik finansowy\" \/>\n<meta property=\"og:description\" content=\"Odkryj broszury Satchel \u2013 najlepsze rozwi\u0105zania do zarz\u0105dzania pieni\u0119dzmi. Poznaj nasze us\u0142ugi i produkty, kt\u00f3re usprawni\u0105 Twoje finanse.\" \/>\n<meta property=\"og:url\" content=\"https:\/\/satchel.eu\/pl\/brochures\/\" \/>\n<meta property=\"og:site_name\" content=\"Satchel\" \/>\n<meta property=\"article:modified_time\" content=\"2025-12-29T13:35:32+00:00\" \/>\n<meta name=\"twitter:card\" content=\"summary_large_image\" \/>\n<meta name=\"twitter:label1\" content=\"Szacowany czas czytania\" \/>\n\t<meta name=\"twitter:data1\" content=\"1 minuta\" \/>\n<script type=\"application\/ld+json\" class=\"yoast-schema-graph\">{\"@context\":\"https:\/\/schema.org\",\"@graph\":[{\"@type\":\"WebPage\",\"@id\":\"https:\/\/satchel.eu\/pl\/brochures\/\",\"url\":\"https:\/\/satchel.eu\/pl\/brochures\/\",\"name\":\"Broszury Satchel - przewodnik finansowy\",\"isPartOf\":{\"@id\":\"https:\/\/satchel.eu\/pl\/#website\"},\"datePublished\":\"2021-03-02T12:49:26+00:00\",\"dateModified\":\"2025-12-29T13:35:32+00:00\",\"description\":\"Odkryj broszury Satchel \u2013 najlepsze rozwi\u0105zania do zarz\u0105dzania pieni\u0119dzmi. Poznaj nasze us\u0142ugi i produkty, kt\u00f3re usprawni\u0105 Twoje finanse.\",\"breadcrumb\":{\"@id\":\"https:\/\/satchel.eu\/pl\/brochures\/#breadcrumb\"},\"inLanguage\":\"pl-PL\",\"potentialAction\":[{\"@type\":\"ReadAction\",\"target\":[\"https:\/\/satchel.eu\/pl\/brochures\/\"]}]},{\"@type\":\"BreadcrumbList\",\"@id\":\"https:\/\/satchel.eu\/pl\/brochures\/#breadcrumb\",\"itemListElement\":[{\"@type\":\"ListItem\",\"position\":1,\"name\":\"Satchel\",\"item\":\"https:\/\/satchel.eu\/pl\/\"},{\"@type\":\"ListItem\",\"position\":2,\"name\":\"Broszury\"}]},{\"@type\":\"WebSite\",\"@id\":\"https:\/\/satchel.eu\/pl\/#website\",\"url\":\"https:\/\/satchel.eu\/pl\/\",\"name\":\"Satchel\",\"description\":\"Your money management solution\",\"publisher\":{\"@id\":\"https:\/\/satchel.eu\/pl\/#organization\"},\"potentialAction\":[{\"@type\":\"SearchAction\",\"target\":{\"@type\":\"EntryPoint\",\"urlTemplate\":\"https:\/\/satchel.eu\/pl\/?s={search_term_string}\"},\"query-input\":\"required name=search_term_string\"}],\"inLanguage\":\"pl-PL\"},{\"@type\":\"Organization\",\"@id\":\"https:\/\/satchel.eu\/pl\/#organization\",\"name\":\"Satchel\",\"url\":\"https:\/\/satchel.eu\/pl\/\",\"logo\":{\"@type\":\"ImageObject\",\"inLanguage\":\"pl-PL\",\"@id\":\"https:\/\/satchel.eu\/pl\/#\/schema\/logo\/image\/\",\"url\":\"https:\/\/satchel.eu\/pl\/wp-content\/uploads\/sites\/6\/2021\/05\/logo-black.jpg\",\"contentUrl\":\"https:\/\/satchel.eu\/pl\/wp-content\/uploads\/sites\/6\/2021\/05\/logo-black.jpg\",\"width\":135,\"height\":32,\"caption\":\"Satchel\"},\"image\":{\"@id\":\"https:\/\/satchel.eu\/pl\/#\/schema\/logo\/image\/\"}}]}<\/script>\n<!-- \/ Yoast SEO plugin. -->","yoast_head_json":{"title":"Broszury Satchel - przewodnik finansowy","description":"Odkryj broszury Satchel \u2013 najlepsze rozwi\u0105zania do zarz\u0105dzania pieni\u0119dzmi. Poznaj nasze us\u0142ugi i produkty, kt\u00f3re usprawni\u0105 Twoje finanse.","robots":{"index":"index","follow":"follow","max-snippet":"max-snippet:-1","max-image-preview":"max-image-preview:large","max-video-preview":"max-video-preview:-1"},"canonical":"https:\/\/satchel.eu\/pl\/brochures\/","og_locale":"pl_PL","og_type":"article","og_title":"Broszury Satchel - przewodnik finansowy","og_description":"Odkryj broszury Satchel \u2013 najlepsze rozwi\u0105zania do zarz\u0105dzania pieni\u0119dzmi. Poznaj nasze us\u0142ugi i produkty, kt\u00f3re usprawni\u0105 Twoje finanse.","og_url":"https:\/\/satchel.eu\/pl\/brochures\/","og_site_name":"Satchel","article_modified_time":"2025-12-29T13:35:32+00:00","twitter_card":"summary_large_image","twitter_misc":{"Szacowany czas czytania":"1 minuta"},"schema":{"@context":"https:\/\/schema.org","@graph":[{"@type":"WebPage","@id":"https:\/\/satchel.eu\/pl\/brochures\/","url":"https:\/\/satchel.eu\/pl\/brochures\/","name":"Broszury Satchel - przewodnik finansowy","isPartOf":{"@id":"https:\/\/satchel.eu\/pl\/#website"},"datePublished":"2021-03-02T12:49:26+00:00","dateModified":"2025-12-29T13:35:32+00:00","description":"Odkryj broszury Satchel \u2013 najlepsze rozwi\u0105zania do zarz\u0105dzania pieni\u0119dzmi. Poznaj nasze us\u0142ugi i produkty, kt\u00f3re usprawni\u0105 Twoje finanse.","breadcrumb":{"@id":"https:\/\/satchel.eu\/pl\/brochures\/#breadcrumb"},"inLanguage":"pl-PL","potentialAction":[{"@type":"ReadAction","target":["https:\/\/satchel.eu\/pl\/brochures\/"]}]},{"@type":"BreadcrumbList","@id":"https:\/\/satchel.eu\/pl\/brochures\/#breadcrumb","itemListElement":[{"@type":"ListItem","position":1,"name":"Satchel","item":"https:\/\/satchel.eu\/pl\/"},{"@type":"ListItem","position":2,"name":"Broszury"}]},{"@type":"WebSite","@id":"https:\/\/satchel.eu\/pl\/#website","url":"https:\/\/satchel.eu\/pl\/","name":"Satchel","description":"Your money management solution","publisher":{"@id":"https:\/\/satchel.eu\/pl\/#organization"},"potentialAction":[{"@type":"SearchAction","target":{"@type":"EntryPoint","urlTemplate":"https:\/\/satchel.eu\/pl\/?s={search_term_string}"},"query-input":"required name=search_term_string"}],"inLanguage":"pl-PL"},{"@type":"Organization","@id":"https:\/\/satchel.eu\/pl\/#organization","name":"Satchel","url":"https:\/\/satchel.eu\/pl\/","logo":{"@type":"ImageObject","inLanguage":"pl-PL","@id":"https:\/\/satchel.eu\/pl\/#\/schema\/logo\/image\/","url":"https:\/\/satchel.eu\/pl\/wp-content\/uploads\/sites\/6\/2021\/05\/logo-black.jpg","contentUrl":"https:\/\/satchel.eu\/pl\/wp-content\/uploads\/sites\/6\/2021\/05\/logo-black.jpg","width":135,"height":32,"caption":"Satchel"},"image":{"@id":"https:\/\/satchel.eu\/pl\/#\/schema\/logo\/image\/"}}]}},"_links":{"self":[{"href":"https:\/\/satchel.eu\/pl\/wp-json\/wp\/v2\/pages\/61","targetHints":{"allow":["GET"]}}],"collection":[{"href":"https:\/\/satchel.eu\/pl\/wp-json\/wp\/v2\/pages"}],"about":[{"href":"https:\/\/satchel.eu\/pl\/wp-json\/wp\/v2\/types\/page"}],"author":[{"embeddable":true,"href":"https:\/\/satchel.eu\/pl\/wp-json\/wp\/v2\/users\/5"}],"replies":[{"embeddable":true,"href":"https:\/\/satchel.eu\/pl\/wp-json\/wp\/v2\/comments?post=61"}],"version-history":[{"count":12,"href":"https:\/\/satchel.eu\/pl\/wp-json\/wp\/v2\/pages\/61\/revisions"}],"predecessor-version":[{"id":6464,"href":"https:\/\/satchel.eu\/pl\/wp-json\/wp\/v2\/pages\/61\/revisions\/6464"}],"wp:attachment":[{"href":"https:\/\/satchel.eu\/pl\/wp-json\/wp\/v2\/media?parent=61"}],"curies":[{"name":"wp","href":"https:\/\/api.w.org\/{rel}","templated":true}]}}