{"id":815,"date":"2021-03-27T12:30:35","date_gmt":"2021-03-27T10:30:35","guid":{"rendered":"https:\/\/satchel.eu\/?page_id=815"},"modified":"2026-04-28T16:06:38","modified_gmt":"2026-04-28T13:06:38","slug":"iwoot","status":"publish","type":"page","link":"https:\/\/satchel.eu\/pl\/korzysci-mastercard\/iwoot\/","title":{"rendered":"IWOOT"},"content":{"rendered":"<section class=\"section\">\n<div class=\"container\">\n<div class=\"row\">\n<div class=\"col-lg-9 offset-lg-3\">\n<div class=\"mb-35\"><a class=\"btn btn-link btn-link--back\" href=\"https:\/\/satchel.eu\/pl\/korzysci-mastercard\/\"><svg xmlns=\"http:\/\/www.w3.org\/2000\/svg\" width=\"16\" height=\"16\" viewBox=\"0 0 16 16\"> <g fill=\"none\" fill-rule=\"evenodd\"> <g> <g> <g> <g> <g> <path d=\"M0 0H16V16H0z\" transform=\"translate(-276 -203) translate(275.5 191) translate(0 11) translate(.5 1) matrix(-1 0 0 1 16 0)\"\/> <path fill=\"#212121\" fill-rule=\"nonzero\" d=\"M14.96 8.19c.05-.12.05-.26 0-.38-.03-.06-.06-.12-.11-.16l-4-4c-.2-.2-.51-.2-.71 0-.2.2-.2.51 0 .71l3.15 3.15H1.5C1.22 7.5 1 7.72 1 8s.22.5.5.5h11.79l-3.15 3.15c-.2.2-.2.51 0 .71.1.1.23.15.35.15.12 0 .26-.05.35-.15l4-4c.06-.05.1-.11.12-.17z\" transform=\"translate(-276 -203) translate(275.5 191) translate(0 11) translate(.5 1) matrix(-1 0 0 1 16 0)\"\/> <\/g> <\/g> <\/g> <\/g> <\/g> <\/g><\/svg> Back<\/a><\/div>\n<h1 class=\"mb-15\">IWOOT<\/h1>\n<p class=\"mb-25\">A leading online gifting retailer that specialises in quirky gifts, gadgets, toys, clothing and homeware.<\/p>\n<div class=\"bg-green3 p-16 border-radius6 mb-25\">\n<p class=\"mb-0 text-green2\">15 % off purchase online with no minimum spend. Browse hundreds of available options and choose the perfect gift for any occasion.<\/p>\n<\/p><\/div>\n<p class=\"mb-55\">Shop online at <a href=\"https:\/\/www.iwantoneofthose.com\/\" target=\"_blank\" rel=\"noopener nofollow\">IWOOT.com<\/a> and enter the promo code <span class=\"promo-code\">IWMC15<\/span> at checkout.<\/p>\n<div class=\"d-flex justify-content-sm-between align-items-sm-center flex-sm-row flex-column align-items-start\"><a class=\"btn btn-primary mb-15 mb-sm-0\" href=\"https:\/\/www.iwantoneofthose.com\/\" target=\"_blank\" rel=\"noopener nofollow\">Visit IWOOT.com<\/a><\/p>\n<div class=\"d-flex align-items-center\"><svg xmlns=\"http:\/\/www.w3.org\/2000\/svg\" width=\"17\" height=\"16\" viewBox=\"0 0 17 16\"> <g fill=\"none\" fill-rule=\"evenodd\"> <g> <g> <g> <g> <path d=\"M0 0L16 0 16 16 0 16z\" transform=\"translate(-740 -645) translate(740 633) translate(0 11) translate(.5 1)\"\/> <path fill=\"#212121\" fill-rule=\"nonzero\" d=\"M8 1C4.1 1 1 4.1 1 8s3.1 7 7 7 7-3.1 7-7-3.1-7-7-7zm0 13c-3.3 0-6-2.7-6-6s2.7-6 6-6 6 2.7 6 6-2.7 6-6 6z\" transform=\"translate(-740 -645) translate(740 633) translate(0 11) translate(.5 1)\"\/> <path fill=\"#212121\" fill-rule=\"nonzero\" d=\"M8 12c-.3 0-.5-.2-.5-.5v-4c0-.3.2-.5.5-.5s.5.2.5.5v4c0 .3-.2.5-.5.5zM8.566 4.634c.312.313.312.82 0 1.132-.313.312-.82.312-1.132 0-.312-.313-.312-.82 0-1.132.313-.312.82-.312 1.132 0\" transform=\"translate(-740 -645) translate(740 633) translate(0 11) translate(.5 1)\"\/> <\/g> <\/g> <\/g> <\/g> <\/g><\/svg><\/p>\n<p class=\"mb-0 p-md2 font-weight-semibold ml-5\">Valid until 31 December 2022<\/p>\n<\/p><\/div>\n<\/p><\/div>\n<\/p><\/div>\n<\/p><\/div>\n<\/p><\/div>\n<\/section>\n","protected":false},"excerpt":{"rendered":"<p>Back IWOOT A leading online gifting retailer that specialises in quirky gifts, gadgets, toys, clothing and homeware. 15 % off purchase online with no minimum spend. Browse hundreds of available options and choose the perfect gift for any occasion. Shop online at IWOOT.com and enter the promo code IWMC15 at checkout. Visit IWOOT.com Valid until&#8230;<\/p>\n","protected":false},"author":5,"featured_media":0,"parent":792,"menu_order":0,"comment_status":"closed","ping_status":"closed","template":"","meta":{"_acf_changed":false,"footnotes":""},"class_list":["post-815","page","type-page","status-publish","hentry"],"acf":[],"yoast_head":"<!-- This site is optimized with the Yoast SEO plugin v22.0 - https:\/\/yoast.com\/wordpress\/plugins\/seo\/ -->\n<title>Korzy\u015bci posiadaczy kart Satchel od IWOOT<\/title>\n<meta name=\"description\" content=\"IWOOT oferuje ekskluzywne korzy\u015bci posiadaczom kart Satchel, w tym zni\u017cki, oferty specjalne i dost\u0119p do wyj\u0105tkowych promocji.\" \/>\n<meta name=\"robots\" content=\"index, follow, max-snippet:-1, max-image-preview:large, max-video-preview:-1\" \/>\n<link rel=\"canonical\" href=\"https:\/\/satchel.eu\/pl\/korzysci-mastercard\/iwoot\/\" \/>\n<meta property=\"og:locale\" content=\"pl_PL\" \/>\n<meta property=\"og:type\" content=\"article\" \/>\n<meta property=\"og:title\" content=\"Korzy\u015bci posiadaczy kart Satchel od IWOOT\" \/>\n<meta property=\"og:description\" content=\"IWOOT oferuje ekskluzywne korzy\u015bci posiadaczom kart Satchel, w tym zni\u017cki, oferty specjalne i dost\u0119p do wyj\u0105tkowych promocji.\" \/>\n<meta property=\"og:url\" content=\"https:\/\/satchel.eu\/pl\/korzysci-mastercard\/iwoot\/\" \/>\n<meta property=\"og:site_name\" content=\"Satchel\" \/>\n<meta property=\"article:modified_time\" content=\"2026-04-28T13:06:38+00:00\" \/>\n<meta name=\"twitter:card\" content=\"summary_large_image\" \/>\n<meta name=\"twitter:label1\" content=\"Szacowany czas czytania\" \/>\n\t<meta name=\"twitter:data1\" content=\"1 minuta\" \/>\n<script type=\"application\/ld+json\" class=\"yoast-schema-graph\">{\"@context\":\"https:\/\/schema.org\",\"@graph\":[{\"@type\":\"WebPage\",\"@id\":\"https:\/\/satchel.eu\/pl\/korzysci-mastercard\/iwoot\/\",\"url\":\"https:\/\/satchel.eu\/pl\/korzysci-mastercard\/iwoot\/\",\"name\":\"Korzy\u015bci posiadaczy kart Satchel od IWOOT\",\"isPartOf\":{\"@id\":\"https:\/\/satchel.eu\/pl\/#website\"},\"datePublished\":\"2021-03-27T10:30:35+00:00\",\"dateModified\":\"2026-04-28T13:06:38+00:00\",\"description\":\"IWOOT oferuje ekskluzywne korzy\u015bci posiadaczom kart Satchel, w tym zni\u017cki, oferty specjalne i dost\u0119p do wyj\u0105tkowych promocji.\",\"breadcrumb\":{\"@id\":\"https:\/\/satchel.eu\/pl\/korzysci-mastercard\/iwoot\/#breadcrumb\"},\"inLanguage\":\"pl-PL\",\"potentialAction\":[{\"@type\":\"ReadAction\",\"target\":[\"https:\/\/satchel.eu\/pl\/korzysci-mastercard\/iwoot\/\"]}]},{\"@type\":\"BreadcrumbList\",\"@id\":\"https:\/\/satchel.eu\/pl\/korzysci-mastercard\/iwoot\/#breadcrumb\",\"itemListElement\":[{\"@type\":\"ListItem\",\"position\":1,\"name\":\"Satchel\",\"item\":\"https:\/\/satchel.eu\/pl\/\"},{\"@type\":\"ListItem\",\"position\":2,\"name\":\"Mastercard Benefits\",\"item\":\"https:\/\/satchel.eu\/pl\/korzysci-mastercard\/\"},{\"@type\":\"ListItem\",\"position\":3,\"name\":\"IWOOT\"}]},{\"@type\":\"WebSite\",\"@id\":\"https:\/\/satchel.eu\/pl\/#website\",\"url\":\"https:\/\/satchel.eu\/pl\/\",\"name\":\"Satchel\",\"description\":\"Your money management solution\",\"publisher\":{\"@id\":\"https:\/\/satchel.eu\/pl\/#organization\"},\"potentialAction\":[{\"@type\":\"SearchAction\",\"target\":{\"@type\":\"EntryPoint\",\"urlTemplate\":\"https:\/\/satchel.eu\/pl\/?s={search_term_string}\"},\"query-input\":\"required name=search_term_string\"}],\"inLanguage\":\"pl-PL\"},{\"@type\":\"Organization\",\"@id\":\"https:\/\/satchel.eu\/pl\/#organization\",\"name\":\"Satchel\",\"url\":\"https:\/\/satchel.eu\/pl\/\",\"logo\":{\"@type\":\"ImageObject\",\"inLanguage\":\"pl-PL\",\"@id\":\"https:\/\/satchel.eu\/pl\/#\/schema\/logo\/image\/\",\"url\":\"https:\/\/satchel.eu\/pl\/wp-content\/uploads\/sites\/6\/2021\/05\/logo-black.jpg\",\"contentUrl\":\"https:\/\/satchel.eu\/pl\/wp-content\/uploads\/sites\/6\/2021\/05\/logo-black.jpg\",\"width\":135,\"height\":32,\"caption\":\"Satchel\"},\"image\":{\"@id\":\"https:\/\/satchel.eu\/pl\/#\/schema\/logo\/image\/\"}}]}<\/script>\n<!-- \/ Yoast SEO plugin. -->","yoast_head_json":{"title":"Korzy\u015bci posiadaczy kart Satchel od IWOOT","description":"IWOOT oferuje ekskluzywne korzy\u015bci posiadaczom kart Satchel, w tym zni\u017cki, oferty specjalne i dost\u0119p do wyj\u0105tkowych promocji.","robots":{"index":"index","follow":"follow","max-snippet":"max-snippet:-1","max-image-preview":"max-image-preview:large","max-video-preview":"max-video-preview:-1"},"canonical":"https:\/\/satchel.eu\/pl\/korzysci-mastercard\/iwoot\/","og_locale":"pl_PL","og_type":"article","og_title":"Korzy\u015bci posiadaczy kart Satchel od IWOOT","og_description":"IWOOT oferuje ekskluzywne korzy\u015bci posiadaczom kart Satchel, w tym zni\u017cki, oferty specjalne i dost\u0119p do wyj\u0105tkowych promocji.","og_url":"https:\/\/satchel.eu\/pl\/korzysci-mastercard\/iwoot\/","og_site_name":"Satchel","article_modified_time":"2026-04-28T13:06:38+00:00","twitter_card":"summary_large_image","twitter_misc":{"Szacowany czas czytania":"1 minuta"},"schema":{"@context":"https:\/\/schema.org","@graph":[{"@type":"WebPage","@id":"https:\/\/satchel.eu\/pl\/korzysci-mastercard\/iwoot\/","url":"https:\/\/satchel.eu\/pl\/korzysci-mastercard\/iwoot\/","name":"Korzy\u015bci posiadaczy kart Satchel od IWOOT","isPartOf":{"@id":"https:\/\/satchel.eu\/pl\/#website"},"datePublished":"2021-03-27T10:30:35+00:00","dateModified":"2026-04-28T13:06:38+00:00","description":"IWOOT oferuje ekskluzywne korzy\u015bci posiadaczom kart Satchel, w tym zni\u017cki, oferty specjalne i dost\u0119p do wyj\u0105tkowych promocji.","breadcrumb":{"@id":"https:\/\/satchel.eu\/pl\/korzysci-mastercard\/iwoot\/#breadcrumb"},"inLanguage":"pl-PL","potentialAction":[{"@type":"ReadAction","target":["https:\/\/satchel.eu\/pl\/korzysci-mastercard\/iwoot\/"]}]},{"@type":"BreadcrumbList","@id":"https:\/\/satchel.eu\/pl\/korzysci-mastercard\/iwoot\/#breadcrumb","itemListElement":[{"@type":"ListItem","position":1,"name":"Satchel","item":"https:\/\/satchel.eu\/pl\/"},{"@type":"ListItem","position":2,"name":"Mastercard Benefits","item":"https:\/\/satchel.eu\/pl\/korzysci-mastercard\/"},{"@type":"ListItem","position":3,"name":"IWOOT"}]},{"@type":"WebSite","@id":"https:\/\/satchel.eu\/pl\/#website","url":"https:\/\/satchel.eu\/pl\/","name":"Satchel","description":"Your money management solution","publisher":{"@id":"https:\/\/satchel.eu\/pl\/#organization"},"potentialAction":[{"@type":"SearchAction","target":{"@type":"EntryPoint","urlTemplate":"https:\/\/satchel.eu\/pl\/?s={search_term_string}"},"query-input":"required name=search_term_string"}],"inLanguage":"pl-PL"},{"@type":"Organization","@id":"https:\/\/satchel.eu\/pl\/#organization","name":"Satchel","url":"https:\/\/satchel.eu\/pl\/","logo":{"@type":"ImageObject","inLanguage":"pl-PL","@id":"https:\/\/satchel.eu\/pl\/#\/schema\/logo\/image\/","url":"https:\/\/satchel.eu\/pl\/wp-content\/uploads\/sites\/6\/2021\/05\/logo-black.jpg","contentUrl":"https:\/\/satchel.eu\/pl\/wp-content\/uploads\/sites\/6\/2021\/05\/logo-black.jpg","width":135,"height":32,"caption":"Satchel"},"image":{"@id":"https:\/\/satchel.eu\/pl\/#\/schema\/logo\/image\/"}}]}},"_links":{"self":[{"href":"https:\/\/satchel.eu\/pl\/wp-json\/wp\/v2\/pages\/815","targetHints":{"allow":["GET"]}}],"collection":[{"href":"https:\/\/satchel.eu\/pl\/wp-json\/wp\/v2\/pages"}],"about":[{"href":"https:\/\/satchel.eu\/pl\/wp-json\/wp\/v2\/types\/page"}],"author":[{"embeddable":true,"href":"https:\/\/satchel.eu\/pl\/wp-json\/wp\/v2\/users\/5"}],"replies":[{"embeddable":true,"href":"https:\/\/satchel.eu\/pl\/wp-json\/wp\/v2\/comments?post=815"}],"version-history":[{"count":7,"href":"https:\/\/satchel.eu\/pl\/wp-json\/wp\/v2\/pages\/815\/revisions"}],"predecessor-version":[{"id":6687,"href":"https:\/\/satchel.eu\/pl\/wp-json\/wp\/v2\/pages\/815\/revisions\/6687"}],"up":[{"embeddable":true,"href":"https:\/\/satchel.eu\/pl\/wp-json\/wp\/v2\/pages\/792"}],"wp:attachment":[{"href":"https:\/\/satchel.eu\/pl\/wp-json\/wp\/v2\/media?parent=815"}],"curies":[{"name":"wp","href":"https:\/\/api.w.org\/{rel}","templated":true}]}}